{"id":98,"date":"2020-09-29T10:10:41","date_gmt":"2020-09-29T08:10:41","guid":{"rendered":"http:\/\/moyzeska.sk\/?page_id=98"},"modified":"2026-03-17T07:11:38","modified_gmt":"2026-03-17T06:11:38","slug":"tech-hosp-pracovnici-skoly","status":"publish","type":"page","link":"https:\/\/moyzeska.sk\/index.php\/tech-hosp-pracovnici-skoly\/","title":{"rendered":"Nepedagogick\u00ed pracovn\u00edci \u0161koly"},"content":{"rendered":"\n<figure class=\"wp-block-table aligncenter\"><table class=\"has-background\" style=\"background-color:#e7f5fe\"><thead><tr><th class=\"has-text-align-left\" data-align=\"left\">Funkcia<\/th><th class=\"has-text-align-left\" data-align=\"left\">Tech.-hosp. pracovn\u00edk<\/th><\/tr><\/thead><tbody><tr><td class=\"has-text-align-left\" data-align=\"left\">Sekret\u00e1rka:<\/td><td class=\"has-text-align-left\" data-align=\"left\"><em>Ing. Alexandra Barto\u0161ov\u00e1<\/em><\/td><\/tr><tr><td class=\"has-text-align-left\" data-align=\"left\">Hlavn\u00e1 ekon\u00f3mka \u0161koly:<\/td><td class=\"has-text-align-left\" data-align=\"left\"><em>Ing. Zuzana Turianska<\/em><\/td><\/tr><tr><td class=\"has-text-align-left\" data-align=\"left\">Fakturantka:<\/td><td class=\"has-text-align-left\" data-align=\"left\"><em>Jana Da\u0148kov\u00e1<\/em><\/td><\/tr><tr><td class=\"has-text-align-left\" data-align=\"left\">Personalistka:<\/td><td class=\"has-text-align-left\" data-align=\"left\"><em>Ing. Em\u00edlia Ba\u010dov\u00e1<\/em><\/td><\/tr><tr><td class=\"has-text-align-left\" data-align=\"left\">Spr\u00e1vca siete:<\/td><td class=\"has-text-align-left\" data-align=\"left\"><em>Ing. Jozef Klimo<\/em><\/td><\/tr><tr><td class=\"has-text-align-left\" data-align=\"left\">Asistentky:<\/td><td class=\"has-text-align-left\" data-align=\"left\"><em> Ing. Agnesa Garab\u00e1\u0161ov\u00e1<\/em><\/td><\/tr><tr><td class=\"has-text-align-left\" data-align=\"left\">&nbsp;<\/td><td class=\"has-text-align-left\" data-align=\"left\"><em>RNDr. Jana Perdukov\u00e1<\/em><\/td><\/tr><tr><td class=\"has-text-align-left\" data-align=\"left\">Knihovn\u00ed\u010dka:<\/td><td class=\"has-text-align-left\" data-align=\"left\"><em>M\u00e1ria Hudecov\u00e1<\/em><\/td><\/tr><tr><td class=\"has-text-align-left\" data-align=\"left\">\u00dadr\u017eb\u00e1r:<\/td><td class=\"has-text-align-left\" data-align=\"left\"><em>Vojtech Hre\u0161ko<\/em><\/td><\/tr><tr><td class=\"has-text-align-left\" data-align=\"left\">\u00dadr\u017eb\u00e1r\/vodi\u010d:<\/td><td class=\"has-text-align-left\" data-align=\"left\"><em>Igor Dzurilla<\/em><\/td><\/tr><tr><td class=\"has-text-align-left\" data-align=\"left\">Vr\u00e1tni\u010dky:<\/td><td class=\"has-text-align-left\" data-align=\"left\"><em>Elena Oravcov\u00e1<\/em><\/td><\/tr><tr><td class=\"has-text-align-left\" data-align=\"left\"><\/td><td class=\"has-text-align-left\" data-align=\"left\"><em>Helena Bodn\u00e1rov\u00e1<\/em><\/td><\/tr><tr><td class=\"has-text-align-left\" data-align=\"left\">Upratova\u010dky:<\/td><td class=\"has-text-align-left\" data-align=\"left\"><em><em>Eva Kystyov\u00e1<\/em><\/em><\/td><\/tr><tr><td class=\"has-text-align-left\" data-align=\"left\">&nbsp;<\/td><td class=\"has-text-align-left\" data-align=\"left\"><em>Iveta Kov\u00e1\u010dov\u00e1<\/em><\/td><\/tr><tr><td class=\"has-text-align-left\" data-align=\"left\"><\/td><td class=\"has-text-align-left\" data-align=\"left\"><em>Alla Voitiuk<\/em><\/td><\/tr><tr><td class=\"has-text-align-left\" data-align=\"left\"><\/td><td class=\"has-text-align-left\" data-align=\"left\"><em>Henrieta Putnokiov\u00e1<\/em><\/td><\/tr><tr><td class=\"has-text-align-left\" data-align=\"left\"><\/td><td class=\"has-text-align-left\" data-align=\"left\"><em>M\u00e1ria Jakub\u00edkov\u00e1<\/em><\/td><\/tr><\/tbody><\/table><\/figure>\n","protected":false},"excerpt":{"rendered":"<p>Funkcia Tech.-hosp. pracovn\u00edk Sekret\u00e1rka: Ing. Alexandra Barto\u0161ov\u00e1 Hlavn\u00e1 ekon\u00f3mka \u0161koly: Ing. Zuzana Turianska Fakturantka: Jana Da\u0148kov\u00e1 Personalistka: Ing. Em\u00edlia Ba\u010dov\u00e1 Spr\u00e1vca siete: Ing. Jozef Klimo Asistentky: Ing. Agnesa Garab\u00e1\u0161ov\u00e1 &nbsp; RNDr. Jana Perdukov\u00e1 Knihovn\u00ed\u010dka: M\u00e1ria Hudecov\u00e1 \u00dadr\u017eb\u00e1r: Vojtech Hre\u0161ko \u00dadr\u017eb\u00e1r\/vodi\u010d: Igor Dzurilla Vr\u00e1tni\u010dky: Elena Oravcov\u00e1 Helena Bodn\u00e1rov\u00e1 Upratova\u010dky: Eva Kystyov\u00e1 &nbsp; Iveta Kov\u00e1\u010dov\u00e1 Alla Voitiuk &hellip;<br \/><a href=\"https:\/\/moyzeska.sk\/index.php\/tech-hosp-pracovnici-skoly\/\" class=\"more-link pen_button pen_element_default pen_icon_arrow_double\">Zobrazi\u0165<\/a><\/p>\n","protected":false},"author":1,"featured_media":0,"parent":0,"menu_order":0,"comment_status":"closed","ping_status":"closed","template":"","meta":{"_monsterinsights_skip_tracking":false,"_monsterinsights_sitenote_active":false,"_monsterinsights_sitenote_note":"","_monsterinsights_sitenote_category":0},"yoast_head":"<!-- This site is optimized with the Yoast SEO plugin v21.8.1 - https:\/\/yoast.com\/wordpress\/plugins\/seo\/ -->\n<title>Nepedagogick\u00ed pracovn\u00edci \u0161koly - Stredn\u00e1 zdravotn\u00edcka \u0161kola, Moyzesova 17, Ko\u0161ice<\/title>\n<meta name=\"robots\" content=\"index, follow, max-snippet:-1, max-image-preview:large, max-video-preview:-1\" \/>\n<link rel=\"canonical\" href=\"https:\/\/moyzeska.sk\/index.php\/tech-hosp-pracovnici-skoly\/\" \/>\n<meta property=\"og:locale\" content=\"sk_SK\" \/>\n<meta property=\"og:type\" content=\"article\" \/>\n<meta property=\"og:title\" content=\"Nepedagogick\u00ed pracovn\u00edci \u0161koly - Stredn\u00e1 zdravotn\u00edcka \u0161kola, Moyzesova 17, Ko\u0161ice\" \/>\n<meta property=\"og:description\" content=\"Funkcia Tech.-hosp. pracovn\u00edk Sekret\u00e1rka: Ing. Alexandra Barto\u0161ov\u00e1 Hlavn\u00e1 ekon\u00f3mka \u0161koly: Ing. Zuzana Turianska Fakturantka: Jana Da\u0148kov\u00e1 Personalistka: Ing. Em\u00edlia Ba\u010dov\u00e1 Spr\u00e1vca siete: Ing. Jozef Klimo Asistentky: Ing. Agnesa Garab\u00e1\u0161ov\u00e1 &nbsp; RNDr. Jana Perdukov\u00e1 Knihovn\u00ed\u010dka: M\u00e1ria Hudecov\u00e1 \u00dadr\u017eb\u00e1r: Vojtech Hre\u0161ko \u00dadr\u017eb\u00e1r\/vodi\u010d: Igor Dzurilla Vr\u00e1tni\u010dky: Elena Oravcov\u00e1 Helena Bodn\u00e1rov\u00e1 Upratova\u010dky: Eva Kystyov\u00e1 &nbsp; Iveta Kov\u00e1\u010dov\u00e1 Alla Voitiuk &hellip;Zobrazi\u0165\" \/>\n<meta property=\"og:url\" content=\"https:\/\/moyzeska.sk\/index.php\/tech-hosp-pracovnici-skoly\/\" \/>\n<meta property=\"og:site_name\" content=\"Stredn\u00e1 zdravotn\u00edcka \u0161kola, Moyzesova 17, Ko\u0161ice\" \/>\n<meta property=\"article:publisher\" content=\"https:\/\/www.facebook.com\/Moyzeska\" \/>\n<meta property=\"article:modified_time\" content=\"2026-03-17T06:11:38+00:00\" \/>\n<meta name=\"twitter:card\" content=\"summary_large_image\" \/>\n<meta name=\"twitter:label1\" content=\"Predpokladan\u00fd \u010das \u010d\u00edtania\" \/>\n\t<meta name=\"twitter:data1\" content=\"1 min\u00fata\" \/>\n<script type=\"application\/ld+json\" class=\"yoast-schema-graph\">{\"@context\":\"https:\/\/schema.org\",\"@graph\":[{\"@type\":\"WebPage\",\"@id\":\"https:\/\/moyzeska.sk\/index.php\/tech-hosp-pracovnici-skoly\/\",\"url\":\"https:\/\/moyzeska.sk\/index.php\/tech-hosp-pracovnici-skoly\/\",\"name\":\"Nepedagogick\u00ed pracovn\u00edci \u0161koly - Stredn\u00e1 zdravotn\u00edcka \u0161kola, Moyzesova 17, Ko\u0161ice\",\"isPartOf\":{\"@id\":\"https:\/\/moyzeska.sk\/#website\"},\"datePublished\":\"2020-09-29T08:10:41+00:00\",\"dateModified\":\"2026-03-17T06:11:38+00:00\",\"breadcrumb\":{\"@id\":\"https:\/\/moyzeska.sk\/index.php\/tech-hosp-pracovnici-skoly\/#breadcrumb\"},\"inLanguage\":\"sk-SK\",\"potentialAction\":[{\"@type\":\"ReadAction\",\"target\":[\"https:\/\/moyzeska.sk\/index.php\/tech-hosp-pracovnici-skoly\/\"]}]},{\"@type\":\"BreadcrumbList\",\"@id\":\"https:\/\/moyzeska.sk\/index.php\/tech-hosp-pracovnici-skoly\/#breadcrumb\",\"itemListElement\":[{\"@type\":\"ListItem\",\"position\":1,\"name\":\"Home\",\"item\":\"https:\/\/moyzeska.sk\/\"},{\"@type\":\"ListItem\",\"position\":2,\"name\":\"Nepedagogick\u00ed pracovn\u00edci \u0161koly\"}]},{\"@type\":\"WebSite\",\"@id\":\"https:\/\/moyzeska.sk\/#website\",\"url\":\"https:\/\/moyzeska.sk\/\",\"name\":\"Stredn\u00e1 zdravotn\u00edcka \u0161kola, Moyzesova 17, Ko\u0161ice\",\"description\":\"\",\"publisher\":{\"@id\":\"https:\/\/moyzeska.sk\/#organization\"},\"potentialAction\":[{\"@type\":\"SearchAction\",\"target\":{\"@type\":\"EntryPoint\",\"urlTemplate\":\"https:\/\/moyzeska.sk\/?s={search_term_string}\"},\"query-input\":\"required name=search_term_string\"}],\"inLanguage\":\"sk-SK\"},{\"@type\":\"Organization\",\"@id\":\"https:\/\/moyzeska.sk\/#organization\",\"name\":\"Stredn\u00e1 zdravotn\u00edcka \u0161kola, Moyzesova 17, Ko\u0161ice\",\"url\":\"https:\/\/moyzeska.sk\/\",\"logo\":{\"@type\":\"ImageObject\",\"inLanguage\":\"sk-SK\",\"@id\":\"https:\/\/moyzeska.sk\/#\/schema\/logo\/image\/\",\"url\":\"https:\/\/moyzeska.sk\/wp-content\/uploads\/2020\/09\/SZS-logo.png\",\"contentUrl\":\"https:\/\/moyzeska.sk\/wp-content\/uploads\/2020\/09\/SZS-logo.png\",\"width\":300,\"height\":300,\"caption\":\"Stredn\u00e1 zdravotn\u00edcka \u0161kola, Moyzesova 17, Ko\u0161ice\"},\"image\":{\"@id\":\"https:\/\/moyzeska.sk\/#\/schema\/logo\/image\/\"},\"sameAs\":[\"https:\/\/www.facebook.com\/Moyzeska\",\"https:\/\/www.instagram.com\/moyzeska\/\"]}]}<\/script>\n<!-- \/ Yoast SEO plugin. -->","yoast_head_json":{"title":"Nepedagogick\u00ed pracovn\u00edci \u0161koly - Stredn\u00e1 zdravotn\u00edcka \u0161kola, Moyzesova 17, Ko\u0161ice","robots":{"index":"index","follow":"follow","max-snippet":"max-snippet:-1","max-image-preview":"max-image-preview:large","max-video-preview":"max-video-preview:-1"},"canonical":"https:\/\/moyzeska.sk\/index.php\/tech-hosp-pracovnici-skoly\/","og_locale":"sk_SK","og_type":"article","og_title":"Nepedagogick\u00ed pracovn\u00edci \u0161koly - Stredn\u00e1 zdravotn\u00edcka \u0161kola, Moyzesova 17, Ko\u0161ice","og_description":"Funkcia Tech.-hosp. pracovn\u00edk Sekret\u00e1rka: Ing. Alexandra Barto\u0161ov\u00e1 Hlavn\u00e1 ekon\u00f3mka \u0161koly: Ing. Zuzana Turianska Fakturantka: Jana Da\u0148kov\u00e1 Personalistka: Ing. Em\u00edlia Ba\u010dov\u00e1 Spr\u00e1vca siete: Ing. Jozef Klimo Asistentky: Ing. Agnesa Garab\u00e1\u0161ov\u00e1 &nbsp; RNDr. Jana Perdukov\u00e1 Knihovn\u00ed\u010dka: M\u00e1ria Hudecov\u00e1 \u00dadr\u017eb\u00e1r: Vojtech Hre\u0161ko \u00dadr\u017eb\u00e1r\/vodi\u010d: Igor Dzurilla Vr\u00e1tni\u010dky: Elena Oravcov\u00e1 Helena Bodn\u00e1rov\u00e1 Upratova\u010dky: Eva Kystyov\u00e1 &nbsp; Iveta Kov\u00e1\u010dov\u00e1 Alla Voitiuk &hellip;Zobrazi\u0165","og_url":"https:\/\/moyzeska.sk\/index.php\/tech-hosp-pracovnici-skoly\/","og_site_name":"Stredn\u00e1 zdravotn\u00edcka \u0161kola, Moyzesova 17, Ko\u0161ice","article_publisher":"https:\/\/www.facebook.com\/Moyzeska","article_modified_time":"2026-03-17T06:11:38+00:00","twitter_card":"summary_large_image","twitter_misc":{"Predpokladan\u00fd \u010das \u010d\u00edtania":"1 min\u00fata"},"schema":{"@context":"https:\/\/schema.org","@graph":[{"@type":"WebPage","@id":"https:\/\/moyzeska.sk\/index.php\/tech-hosp-pracovnici-skoly\/","url":"https:\/\/moyzeska.sk\/index.php\/tech-hosp-pracovnici-skoly\/","name":"Nepedagogick\u00ed pracovn\u00edci \u0161koly - Stredn\u00e1 zdravotn\u00edcka \u0161kola, Moyzesova 17, Ko\u0161ice","isPartOf":{"@id":"https:\/\/moyzeska.sk\/#website"},"datePublished":"2020-09-29T08:10:41+00:00","dateModified":"2026-03-17T06:11:38+00:00","breadcrumb":{"@id":"https:\/\/moyzeska.sk\/index.php\/tech-hosp-pracovnici-skoly\/#breadcrumb"},"inLanguage":"sk-SK","potentialAction":[{"@type":"ReadAction","target":["https:\/\/moyzeska.sk\/index.php\/tech-hosp-pracovnici-skoly\/"]}]},{"@type":"BreadcrumbList","@id":"https:\/\/moyzeska.sk\/index.php\/tech-hosp-pracovnici-skoly\/#breadcrumb","itemListElement":[{"@type":"ListItem","position":1,"name":"Home","item":"https:\/\/moyzeska.sk\/"},{"@type":"ListItem","position":2,"name":"Nepedagogick\u00ed pracovn\u00edci \u0161koly"}]},{"@type":"WebSite","@id":"https:\/\/moyzeska.sk\/#website","url":"https:\/\/moyzeska.sk\/","name":"Stredn\u00e1 zdravotn\u00edcka \u0161kola, Moyzesova 17, Ko\u0161ice","description":"","publisher":{"@id":"https:\/\/moyzeska.sk\/#organization"},"potentialAction":[{"@type":"SearchAction","target":{"@type":"EntryPoint","urlTemplate":"https:\/\/moyzeska.sk\/?s={search_term_string}"},"query-input":"required name=search_term_string"}],"inLanguage":"sk-SK"},{"@type":"Organization","@id":"https:\/\/moyzeska.sk\/#organization","name":"Stredn\u00e1 zdravotn\u00edcka \u0161kola, Moyzesova 17, Ko\u0161ice","url":"https:\/\/moyzeska.sk\/","logo":{"@type":"ImageObject","inLanguage":"sk-SK","@id":"https:\/\/moyzeska.sk\/#\/schema\/logo\/image\/","url":"https:\/\/moyzeska.sk\/wp-content\/uploads\/2020\/09\/SZS-logo.png","contentUrl":"https:\/\/moyzeska.sk\/wp-content\/uploads\/2020\/09\/SZS-logo.png","width":300,"height":300,"caption":"Stredn\u00e1 zdravotn\u00edcka \u0161kola, Moyzesova 17, Ko\u0161ice"},"image":{"@id":"https:\/\/moyzeska.sk\/#\/schema\/logo\/image\/"},"sameAs":["https:\/\/www.facebook.com\/Moyzeska","https:\/\/www.instagram.com\/moyzeska\/"]}]}},"_links":{"self":[{"href":"https:\/\/moyzeska.sk\/index.php\/wp-json\/wp\/v2\/pages\/98"}],"collection":[{"href":"https:\/\/moyzeska.sk\/index.php\/wp-json\/wp\/v2\/pages"}],"about":[{"href":"https:\/\/moyzeska.sk\/index.php\/wp-json\/wp\/v2\/types\/page"}],"author":[{"embeddable":true,"href":"https:\/\/moyzeska.sk\/index.php\/wp-json\/wp\/v2\/users\/1"}],"replies":[{"embeddable":true,"href":"https:\/\/moyzeska.sk\/index.php\/wp-json\/wp\/v2\/comments?post=98"}],"version-history":[{"count":5,"href":"https:\/\/moyzeska.sk\/index.php\/wp-json\/wp\/v2\/pages\/98\/revisions"}],"predecessor-version":[{"id":8919,"href":"https:\/\/moyzeska.sk\/index.php\/wp-json\/wp\/v2\/pages\/98\/revisions\/8919"}],"wp:attachment":[{"href":"https:\/\/moyzeska.sk\/index.php\/wp-json\/wp\/v2\/media?parent=98"}],"curies":[{"name":"wp","href":"https:\/\/api.w.org\/{rel}","templated":true}]}}