{"id":97,"date":"2020-09-29T10:10:41","date_gmt":"2020-09-29T08:10:41","guid":{"rendered":"http:\/\/moyzeska.sk\/?page_id=97"},"modified":"2026-03-19T13:10:54","modified_gmt":"2026-03-19T12:10:54","slug":"pedagogicki-pracovnici-skoly","status":"publish","type":"page","link":"https:\/\/moyzeska.sk\/index.php\/pedagogicki-pracovnici-skoly\/","title":{"rendered":"Pedagogick\u00ed pracovn\u00edci \u0161koly"},"content":{"rendered":"\n<figure class=\"wp-block-table aligncenter is-style-regular\"><table class=\"has-background\" style=\"background-color:#e7f5fe\"><thead><tr><th class=\"has-text-align-left\" data-align=\"left\">Pedagogick\u00fd pracovn\u00edk<\/th><th class=\"has-text-align-left\" data-align=\"left\">Vyu\u010dovacie predmety<\/th><\/tr><\/thead><tbody><tr><td class=\"has-text-align-left\" data-align=\"left\">RNDr. Henrieta Abdi<\/td><td class=\"has-text-align-left\" data-align=\"left\"><em>BIO, CHE, odborn\u00e9 predmety &#8211; zdravotn\u00edcky laborant<\/em><\/td><\/tr><tr><td class=\"has-text-align-left\" data-align=\"left\">Mgr. Eva Babecov\u00e1<\/td><td class=\"has-text-align-left\" data-align=\"left\"><em>NBV, NEJ, ETV<\/em><\/td><\/tr><tr><td class=\"has-text-align-left\" data-align=\"left\">Mgr. Zuzana Bachanov\u00e1<\/td><td class=\"has-text-align-left\" data-align=\"left\"><em>SJL, TSV<\/em><\/td><\/tr><tr><td class=\"has-text-align-left\" data-align=\"left\">Mgr. Lenka B\u00e1lintov\u00e1, MBA<\/td><td class=\"has-text-align-left\" data-align=\"left\"><em>ANJ, SJL<\/em><\/td><\/tr><tr><td class=\"has-text-align-left\" data-align=\"left\">RNDr. Ladislav Bertko<\/td><td class=\"has-text-align-left\" data-align=\"left\"><em>MAT, FYZ,<\/em> <em>odborn\u00e9 predmety &#8211; o\u010dn\u00fd optik<\/em><\/td><\/tr><tr><td class=\"has-text-align-left\" data-align=\"left\">Ing. Martin Bre\u010dko, dipl.o.<\/td><td class=\"has-text-align-left\" data-align=\"left\"><em>odborn\u00e9 predmety &#8211; o\u010dn\u00fd optik<\/em><\/td><\/tr><tr><td class=\"has-text-align-left\" data-align=\"left\">Ing. X\u00e9nia Bre\u010dkov\u00e1, dipl.o.<\/td><td class=\"has-text-align-left\" data-align=\"left\"><em>odborn\u00e9 predmety &#8211; o\u010dn\u00fd optik<\/em><\/td><\/tr><tr><td class=\"has-text-align-left\" data-align=\"left\">PaedDr. Blanka Bu\u010dkov\u00e1<\/td><td class=\"has-text-align-left\" data-align=\"left\"><em>MAT, INF<\/em><\/td><\/tr><tr><td class=\"has-text-align-left\" data-align=\"left\">Mgr. Darina Burikov\u00e1<\/td><td class=\"has-text-align-left\" data-align=\"left\"><em>odborn\u00e9 predmety &#8211; zubn\u00fd technik<\/em><\/td><\/tr><tr><td class=\"has-text-align-left\" data-align=\"left\">Mgr. Timea Cocu\u013eov\u00e1<\/td><td class=\"has-text-align-left\" data-align=\"left\"><em>odborn\u00e9 predmety &#8211; zubn\u00fd aistent<\/em><\/td><\/tr><tr><td class=\"has-text-align-left\" data-align=\"left\">RNDr. Silvia \u010cornani\u010dov\u00e1<\/td><td class=\"has-text-align-left\" data-align=\"left\"><em>CHE, BIO<\/em><\/td><\/tr><tr><td class=\"has-text-align-left\" data-align=\"left\">RNDr. Erika Demj\u00e1nov\u00e1<\/td><td class=\"has-text-align-left\" data-align=\"left\"><em>CHE, <\/em>odborn\u00e9 predmety &#8211; <em>farmaceutick\u00fd laborant<\/em><\/td><\/tr><tr><td class=\"has-text-align-left\" data-align=\"left\">Mgr. Petronela Dziurov\u00e1<\/td><td class=\"has-text-align-left\" data-align=\"left\"><em>odborn\u00e9 predmety &#8211; farmaceutick\u00fd laborant<\/em><\/td><\/tr><tr><td class=\"has-text-align-left\" data-align=\"left\">Mgr. Martina Feilov\u00e1<\/td><td class=\"has-text-align-left\" data-align=\"left\"><em>TSV<\/em>,<em> ANJ<\/em><\/td><\/tr><tr><td class=\"has-text-align-left\" data-align=\"left\">Mgr. Bernadeta Gajdo\u0161ov\u00e1<\/td><td class=\"has-text-align-left\" data-align=\"left\"><em>odborn\u00e9 predmety &#8211; farmaceutick\u00fd laborant<\/em><\/td><\/tr><tr><td class=\"has-text-align-left\" data-align=\"left\">Mgr. Eva G\u00f6blov\u00e1<\/td><td class=\"has-text-align-left\" data-align=\"left\"><em>OBN, TSV<\/em><\/td><\/tr><tr><td class=\"has-text-align-left\" data-align=\"left\">MUDr. Vikt\u00f3ria Hamr\u00e1kov\u00e1<\/td><td class=\"has-text-align-left\" data-align=\"left\"><em>zdravotn\u00edcke odborn\u00e9 predmety<\/em><\/td><\/tr><tr><td class=\"has-text-align-left\" data-align=\"left\">Mgr. Ing. Patrik Hru\u0161\u010d\u00e1k<\/td><td class=\"has-text-align-left\" data-align=\"left\"><em>TSV<\/em><\/td><\/tr><tr><td class=\"has-text-align-left\" data-align=\"left\">Mgr. Veronika Jakubov\u00e1<\/td><td class=\"has-text-align-left\" data-align=\"left\"><em>SJL, ANJ<\/em><\/td><\/tr><tr><td class=\"has-text-align-left\" data-align=\"left\">Ing. Ant\u00f3nia Jakubikov\u00e1, dipl.o.<\/td><td class=\"has-text-align-left\" data-align=\"left\"><em>odborn\u00e9 predmety &#8211; o\u010dn\u00fd optik<\/em><\/td><\/tr><tr><td class=\"has-text-align-left\" data-align=\"left\">Mgr. Martina Kav\u010d\u00e1kov\u00e1<\/td><td class=\"has-text-align-left\" data-align=\"left\"><em>SJL, ANJ, RUJ<\/em>, <em>NBV<\/em><\/td><\/tr><tr><td class=\"has-text-align-left\" data-align=\"left\">Mgr. Monika Mikulov\u00e1<\/td><td class=\"has-text-align-left\" data-align=\"left\"><em>odborn\u00e9 predmety &#8211; <em><em>dipl. r\u00e1diolog. asi<\/em><\/em>st.<\/em>, <em>odb. predmety &#8211;<\/em> <em><em>zubn\u00fd technik<\/em>, ETV<\/em><\/td><\/tr><tr><td class=\"has-text-align-left\" data-align=\"left\">PaedDr. Diana Meckov\u00e1<\/td><td class=\"has-text-align-left\" data-align=\"left\"><em>ANJ<\/em>, <em>HUV<\/em><\/td><\/tr><tr><td class=\"has-text-align-left\" data-align=\"left\">RNDr. Hedviga P\u00e1lmaiov\u00e1<\/td><td class=\"has-text-align-left\" data-align=\"left\"><em>FYZ, CHE<\/em><\/td><\/tr><tr><td class=\"has-text-align-left\" data-align=\"left\">Mgr. Monika Polon\u010d\u00e1kov\u00e1<\/td><td class=\"has-text-align-left\" data-align=\"left\"><em>SJL, PSY<\/em><\/td><\/tr><tr><td class=\"has-text-align-left\" data-align=\"left\">MUDr. Marcel Pudelsk\u00fd, PhD.<\/td><td class=\"has-text-align-left\" data-align=\"left\"><em>zdravotn\u00edcke odborn\u00e9 predmety<\/em><\/td><\/tr><tr><td class=\"has-text-align-left\" data-align=\"left\">Inna Rodovych<\/td><td class=\"has-text-align-left\" data-align=\"left\"><em>ANJ<\/em><\/td><\/tr><tr><td class=\"has-text-align-left\" data-align=\"left\">Isabel Rushton<\/td><td class=\"has-text-align-left\" data-align=\"left\"><em>anglick\u00e1 lektorka<\/em><\/td><\/tr><tr><td class=\"has-text-align-left\" data-align=\"left\">PhDr. Viera Rusinkov\u00e1<\/td><td class=\"has-text-align-left\" data-align=\"left\"><em>SJL, DEJ<\/em><\/td><\/tr><tr><td class=\"has-text-align-left\" data-align=\"left\">PharmDr. L\u00edvia Sch\u00f6nov\u00e1, PhD.<\/td><td class=\"has-text-align-left\" data-align=\"left\"><em>odborn\u00e9 predmety &#8211; farmaceutick\u00fd laborant<\/em><\/td><\/tr><tr><td class=\"has-text-align-left\" data-align=\"left\">PaedDr. Mgr. Miroslava Sinayov\u00e1, MBA<\/td><td class=\"has-text-align-left\" data-align=\"left\"><em>odborn\u00e9 predmety &#8211; asistent v\u00fd\u017eivy<\/em>, <em>zdravotn\u00edcke odborn\u00e9 predmety<\/em><\/td><\/tr><tr><td class=\"has-text-align-left\" data-align=\"left\">Mgr. Lucia Slivk\u00e1rov\u00e1<\/td><td class=\"has-text-align-left\" data-align=\"left\"><em>CHE, BIO<\/em>, <em>odborn\u00e9 predmety &#8211; farmaceutick\u00fd laborant<\/em><\/td><\/tr><tr><td class=\"has-text-align-left\" data-align=\"left\">Mgr. \u0160tef\u00e1nia Smolkov\u00e1, MPH<\/td><td class=\"has-text-align-left\" data-align=\"left\"><em>odborn\u00e9 predmety &#8211; zdravotn\u00edcky laborant<\/em><\/td><\/tr><tr><td class=\"has-text-align-left\" data-align=\"left\">Mgr. Alena Sobekov\u00e1<\/td><td class=\"has-text-align-left\" data-align=\"left\"><em>SJL, NEJ, RUJ<\/em><\/td><\/tr><tr><td class=\"has-text-align-left\" data-align=\"left\">RNDr. Vikt\u00f3ria Stup\u00e1kov\u00e1, PhD.<\/td><td class=\"has-text-align-left\" data-align=\"left\"><em>CHE, BIO<\/em><\/td><\/tr><tr><td class=\"has-text-align-left\" data-align=\"left\">RNDr. Ingrid \u0160najderov\u00e1<\/td><td class=\"has-text-align-left\" data-align=\"left\"><em>MAT, INF, CHE<\/em><\/td><\/tr><tr><td class=\"has-text-align-left\" data-align=\"left\">Ing. Mgr. M\u00e1ria \u0160olt\u00e9sov\u00e1<\/td><td class=\"has-text-align-left\" data-align=\"left\"><em>odborn\u00e9 predmety &#8211; zubn\u00fd asistent<\/em><\/td><\/tr><tr><td class=\"has-text-align-left\" data-align=\"left\">MVDr. Mgr. Miroslava Strelcov\u00e1<\/td><td class=\"has-text-align-left\" data-align=\"left\"><em>odborn\u00e9 predmety &#8211; zdravotn\u00edcky laborant<\/em><\/td><\/tr><tr><td class=\"has-text-align-left\" data-align=\"left\">Mgr. Igor Van\u010di\u0161in<\/td><td class=\"has-text-align-left\" data-align=\"left\"><em>odborn\u00e9 predmety &#8211; zubn\u00fd technik<\/em><\/td><\/tr><tr><td class=\"has-text-align-left\" data-align=\"left\">PhDr. Karol\u00edna Vranaiov\u00e1, PhD. MBA<\/td><td class=\"has-text-align-left\" data-align=\"left\"><em>zdravotn\u00edcke odborn\u00e9 predmety<\/em><\/td><\/tr><tr><td class=\"has-text-align-left\" data-align=\"left\">PhDr. Iveta Voz\u00e1rov\u00e1<\/td><td class=\"has-text-align-left\" data-align=\"left\"><em>odborn\u00e9 predmety &#8211; asistent v\u00fd\u017eivy<\/em><\/td><\/tr><tr><td class=\"has-text-align-left\" data-align=\"left\">Mgr. Milena V\u00fdrostov\u00e1<\/td><td class=\"has-text-align-left\" data-align=\"left\"><em>DEJ, LAT, ETV<\/em><\/td><\/tr><\/tbody><\/table><\/figure>\n\n\n\n<p><\/p>\n","protected":false},"excerpt":{"rendered":"<p>Pedagogick\u00fd pracovn\u00edk Vyu\u010dovacie predmety RNDr. Henrieta Abdi BIO, CHE, odborn\u00e9 predmety &#8211; zdravotn\u00edcky laborant Mgr. Eva Babecov\u00e1 NBV, NEJ, ETV Mgr. Zuzana Bachanov\u00e1 SJL, TSV Mgr. Lenka B\u00e1lintov\u00e1, MBA ANJ, SJL RNDr. Ladislav Bertko MAT, FYZ, odborn\u00e9 predmety &#8211; o\u010dn\u00fd optik Ing. Martin Bre\u010dko, dipl.o. odborn\u00e9 predmety &#8211; o\u010dn\u00fd optik Ing. X\u00e9nia Bre\u010dkov\u00e1, dipl.o. odborn\u00e9 &hellip;<br \/><a href=\"https:\/\/moyzeska.sk\/index.php\/pedagogicki-pracovnici-skoly\/\" class=\"more-link pen_button pen_element_default pen_icon_arrow_double\">Zobrazi\u0165<\/a><\/p>\n","protected":false},"author":1,"featured_media":0,"parent":0,"menu_order":0,"comment_status":"closed","ping_status":"closed","template":"","meta":{"_monsterinsights_skip_tracking":false,"_monsterinsights_sitenote_active":false,"_monsterinsights_sitenote_note":"","_monsterinsights_sitenote_category":0},"yoast_head":"<!-- This site is optimized with the Yoast SEO plugin v21.8.1 - https:\/\/yoast.com\/wordpress\/plugins\/seo\/ -->\n<title>Pedagogick\u00ed pracovn\u00edci \u0161koly - Stredn\u00e1 zdravotn\u00edcka \u0161kola, Moyzesova 17, Ko\u0161ice<\/title>\n<meta name=\"robots\" content=\"index, follow, max-snippet:-1, max-image-preview:large, max-video-preview:-1\" \/>\n<link rel=\"canonical\" href=\"https:\/\/moyzeska.sk\/index.php\/pedagogicki-pracovnici-skoly\/\" \/>\n<meta property=\"og:locale\" content=\"sk_SK\" \/>\n<meta property=\"og:type\" content=\"article\" \/>\n<meta property=\"og:title\" content=\"Pedagogick\u00ed pracovn\u00edci \u0161koly - Stredn\u00e1 zdravotn\u00edcka \u0161kola, Moyzesova 17, Ko\u0161ice\" \/>\n<meta property=\"og:description\" content=\"Pedagogick\u00fd pracovn\u00edk Vyu\u010dovacie predmety RNDr. Henrieta Abdi BIO, CHE, odborn\u00e9 predmety &#8211; zdravotn\u00edcky laborant Mgr. Eva Babecov\u00e1 NBV, NEJ, ETV Mgr. Zuzana Bachanov\u00e1 SJL, TSV Mgr. Lenka B\u00e1lintov\u00e1, MBA ANJ, SJL RNDr. Ladislav Bertko MAT, FYZ, odborn\u00e9 predmety &#8211; o\u010dn\u00fd optik Ing. Martin Bre\u010dko, dipl.o. odborn\u00e9 predmety &#8211; o\u010dn\u00fd optik Ing. X\u00e9nia Bre\u010dkov\u00e1, dipl.o. odborn\u00e9 &hellip;Zobrazi\u0165\" \/>\n<meta property=\"og:url\" content=\"https:\/\/moyzeska.sk\/index.php\/pedagogicki-pracovnici-skoly\/\" \/>\n<meta property=\"og:site_name\" content=\"Stredn\u00e1 zdravotn\u00edcka \u0161kola, Moyzesova 17, Ko\u0161ice\" \/>\n<meta property=\"article:publisher\" content=\"https:\/\/www.facebook.com\/Moyzeska\" \/>\n<meta property=\"article:modified_time\" content=\"2026-03-19T12:10:54+00:00\" \/>\n<meta name=\"twitter:card\" content=\"summary_large_image\" \/>\n<meta name=\"twitter:label1\" content=\"Predpokladan\u00fd \u010das \u010d\u00edtania\" \/>\n\t<meta name=\"twitter:data1\" content=\"2 min\u00faty\" \/>\n<script type=\"application\/ld+json\" class=\"yoast-schema-graph\">{\"@context\":\"https:\/\/schema.org\",\"@graph\":[{\"@type\":\"WebPage\",\"@id\":\"https:\/\/moyzeska.sk\/index.php\/pedagogicki-pracovnici-skoly\/\",\"url\":\"https:\/\/moyzeska.sk\/index.php\/pedagogicki-pracovnici-skoly\/\",\"name\":\"Pedagogick\u00ed pracovn\u00edci \u0161koly - Stredn\u00e1 zdravotn\u00edcka \u0161kola, Moyzesova 17, Ko\u0161ice\",\"isPartOf\":{\"@id\":\"https:\/\/moyzeska.sk\/#website\"},\"datePublished\":\"2020-09-29T08:10:41+00:00\",\"dateModified\":\"2026-03-19T12:10:54+00:00\",\"breadcrumb\":{\"@id\":\"https:\/\/moyzeska.sk\/index.php\/pedagogicki-pracovnici-skoly\/#breadcrumb\"},\"inLanguage\":\"sk-SK\",\"potentialAction\":[{\"@type\":\"ReadAction\",\"target\":[\"https:\/\/moyzeska.sk\/index.php\/pedagogicki-pracovnici-skoly\/\"]}]},{\"@type\":\"BreadcrumbList\",\"@id\":\"https:\/\/moyzeska.sk\/index.php\/pedagogicki-pracovnici-skoly\/#breadcrumb\",\"itemListElement\":[{\"@type\":\"ListItem\",\"position\":1,\"name\":\"Home\",\"item\":\"https:\/\/moyzeska.sk\/\"},{\"@type\":\"ListItem\",\"position\":2,\"name\":\"Pedagogick\u00ed pracovn\u00edci \u0161koly\"}]},{\"@type\":\"WebSite\",\"@id\":\"https:\/\/moyzeska.sk\/#website\",\"url\":\"https:\/\/moyzeska.sk\/\",\"name\":\"Stredn\u00e1 zdravotn\u00edcka \u0161kola, Moyzesova 17, Ko\u0161ice\",\"description\":\"\",\"publisher\":{\"@id\":\"https:\/\/moyzeska.sk\/#organization\"},\"potentialAction\":[{\"@type\":\"SearchAction\",\"target\":{\"@type\":\"EntryPoint\",\"urlTemplate\":\"https:\/\/moyzeska.sk\/?s={search_term_string}\"},\"query-input\":\"required name=search_term_string\"}],\"inLanguage\":\"sk-SK\"},{\"@type\":\"Organization\",\"@id\":\"https:\/\/moyzeska.sk\/#organization\",\"name\":\"Stredn\u00e1 zdravotn\u00edcka \u0161kola, Moyzesova 17, Ko\u0161ice\",\"url\":\"https:\/\/moyzeska.sk\/\",\"logo\":{\"@type\":\"ImageObject\",\"inLanguage\":\"sk-SK\",\"@id\":\"https:\/\/moyzeska.sk\/#\/schema\/logo\/image\/\",\"url\":\"https:\/\/moyzeska.sk\/wp-content\/uploads\/2020\/09\/SZS-logo.png\",\"contentUrl\":\"https:\/\/moyzeska.sk\/wp-content\/uploads\/2020\/09\/SZS-logo.png\",\"width\":300,\"height\":300,\"caption\":\"Stredn\u00e1 zdravotn\u00edcka \u0161kola, Moyzesova 17, Ko\u0161ice\"},\"image\":{\"@id\":\"https:\/\/moyzeska.sk\/#\/schema\/logo\/image\/\"},\"sameAs\":[\"https:\/\/www.facebook.com\/Moyzeska\",\"https:\/\/www.instagram.com\/moyzeska\/\"]}]}<\/script>\n<!-- \/ Yoast SEO plugin. -->","yoast_head_json":{"title":"Pedagogick\u00ed pracovn\u00edci \u0161koly - Stredn\u00e1 zdravotn\u00edcka \u0161kola, Moyzesova 17, Ko\u0161ice","robots":{"index":"index","follow":"follow","max-snippet":"max-snippet:-1","max-image-preview":"max-image-preview:large","max-video-preview":"max-video-preview:-1"},"canonical":"https:\/\/moyzeska.sk\/index.php\/pedagogicki-pracovnici-skoly\/","og_locale":"sk_SK","og_type":"article","og_title":"Pedagogick\u00ed pracovn\u00edci \u0161koly - Stredn\u00e1 zdravotn\u00edcka \u0161kola, Moyzesova 17, Ko\u0161ice","og_description":"Pedagogick\u00fd pracovn\u00edk Vyu\u010dovacie predmety RNDr. Henrieta Abdi BIO, CHE, odborn\u00e9 predmety &#8211; zdravotn\u00edcky laborant Mgr. Eva Babecov\u00e1 NBV, NEJ, ETV Mgr. Zuzana Bachanov\u00e1 SJL, TSV Mgr. Lenka B\u00e1lintov\u00e1, MBA ANJ, SJL RNDr. Ladislav Bertko MAT, FYZ, odborn\u00e9 predmety &#8211; o\u010dn\u00fd optik Ing. Martin Bre\u010dko, dipl.o. odborn\u00e9 predmety &#8211; o\u010dn\u00fd optik Ing. X\u00e9nia Bre\u010dkov\u00e1, dipl.o. odborn\u00e9 &hellip;Zobrazi\u0165","og_url":"https:\/\/moyzeska.sk\/index.php\/pedagogicki-pracovnici-skoly\/","og_site_name":"Stredn\u00e1 zdravotn\u00edcka \u0161kola, Moyzesova 17, Ko\u0161ice","article_publisher":"https:\/\/www.facebook.com\/Moyzeska","article_modified_time":"2026-03-19T12:10:54+00:00","twitter_card":"summary_large_image","twitter_misc":{"Predpokladan\u00fd \u010das \u010d\u00edtania":"2 min\u00faty"},"schema":{"@context":"https:\/\/schema.org","@graph":[{"@type":"WebPage","@id":"https:\/\/moyzeska.sk\/index.php\/pedagogicki-pracovnici-skoly\/","url":"https:\/\/moyzeska.sk\/index.php\/pedagogicki-pracovnici-skoly\/","name":"Pedagogick\u00ed pracovn\u00edci \u0161koly - Stredn\u00e1 zdravotn\u00edcka \u0161kola, Moyzesova 17, Ko\u0161ice","isPartOf":{"@id":"https:\/\/moyzeska.sk\/#website"},"datePublished":"2020-09-29T08:10:41+00:00","dateModified":"2026-03-19T12:10:54+00:00","breadcrumb":{"@id":"https:\/\/moyzeska.sk\/index.php\/pedagogicki-pracovnici-skoly\/#breadcrumb"},"inLanguage":"sk-SK","potentialAction":[{"@type":"ReadAction","target":["https:\/\/moyzeska.sk\/index.php\/pedagogicki-pracovnici-skoly\/"]}]},{"@type":"BreadcrumbList","@id":"https:\/\/moyzeska.sk\/index.php\/pedagogicki-pracovnici-skoly\/#breadcrumb","itemListElement":[{"@type":"ListItem","position":1,"name":"Home","item":"https:\/\/moyzeska.sk\/"},{"@type":"ListItem","position":2,"name":"Pedagogick\u00ed pracovn\u00edci \u0161koly"}]},{"@type":"WebSite","@id":"https:\/\/moyzeska.sk\/#website","url":"https:\/\/moyzeska.sk\/","name":"Stredn\u00e1 zdravotn\u00edcka \u0161kola, Moyzesova 17, Ko\u0161ice","description":"","publisher":{"@id":"https:\/\/moyzeska.sk\/#organization"},"potentialAction":[{"@type":"SearchAction","target":{"@type":"EntryPoint","urlTemplate":"https:\/\/moyzeska.sk\/?s={search_term_string}"},"query-input":"required name=search_term_string"}],"inLanguage":"sk-SK"},{"@type":"Organization","@id":"https:\/\/moyzeska.sk\/#organization","name":"Stredn\u00e1 zdravotn\u00edcka \u0161kola, Moyzesova 17, Ko\u0161ice","url":"https:\/\/moyzeska.sk\/","logo":{"@type":"ImageObject","inLanguage":"sk-SK","@id":"https:\/\/moyzeska.sk\/#\/schema\/logo\/image\/","url":"https:\/\/moyzeska.sk\/wp-content\/uploads\/2020\/09\/SZS-logo.png","contentUrl":"https:\/\/moyzeska.sk\/wp-content\/uploads\/2020\/09\/SZS-logo.png","width":300,"height":300,"caption":"Stredn\u00e1 zdravotn\u00edcka \u0161kola, Moyzesova 17, Ko\u0161ice"},"image":{"@id":"https:\/\/moyzeska.sk\/#\/schema\/logo\/image\/"},"sameAs":["https:\/\/www.facebook.com\/Moyzeska","https:\/\/www.instagram.com\/moyzeska\/"]}]}},"_links":{"self":[{"href":"https:\/\/moyzeska.sk\/index.php\/wp-json\/wp\/v2\/pages\/97"}],"collection":[{"href":"https:\/\/moyzeska.sk\/index.php\/wp-json\/wp\/v2\/pages"}],"about":[{"href":"https:\/\/moyzeska.sk\/index.php\/wp-json\/wp\/v2\/types\/page"}],"author":[{"embeddable":true,"href":"https:\/\/moyzeska.sk\/index.php\/wp-json\/wp\/v2\/users\/1"}],"replies":[{"embeddable":true,"href":"https:\/\/moyzeska.sk\/index.php\/wp-json\/wp\/v2\/comments?post=97"}],"version-history":[{"count":6,"href":"https:\/\/moyzeska.sk\/index.php\/wp-json\/wp\/v2\/pages\/97\/revisions"}],"predecessor-version":[{"id":8962,"href":"https:\/\/moyzeska.sk\/index.php\/wp-json\/wp\/v2\/pages\/97\/revisions\/8962"}],"wp:attachment":[{"href":"https:\/\/moyzeska.sk\/index.php\/wp-json\/wp\/v2\/media?parent=97"}],"curies":[{"name":"wp","href":"https:\/\/api.w.org\/{rel}","templated":true}]}}