{"id":9184,"date":"2026-04-24T07:31:38","date_gmt":"2026-04-24T05:31:38","guid":{"rendered":"https:\/\/moyzeska.sk\/?page_id=9184"},"modified":"2026-04-24T07:31:39","modified_gmt":"2026-04-24T05:31:39","slug":"2024-2","status":"publish","type":"page","link":"https:\/\/moyzeska.sk\/index.php\/2024-2\/","title":{"rendered":"2024"},"content":{"rendered":"\n<p>V\u00fdzva:&nbsp;<strong>Pripojenie 100 po\u010d\u00edta\u010dov do dom\u00e9ny<\/strong><br>Verejn\u00fd obstar\u00e1vate\u013e&nbsp;<strong>Stredn\u00e1 zdravotn\u00edcka \u0161kola. Moyzesova 17, Ko\u0161ice<\/strong>&nbsp;predlo\u017eila V\u00fdzvu na predkladanie cenov\u00fdch pon\u00fak s n\u00e1zvom \u2013&nbsp;<strong>Pripojenie 100 po\u010d\u00edta\u010dov do dom\u00e9ny.<\/strong><br><em>Predkladanie pon\u00fak je mo\u017en\u00e9&nbsp;<strong>do 31.1.2025<\/strong>.<br><\/em>Cenov\u00e9 ponuky, pros\u00edm, zasiela\u0165 na emailov\u00fa adresu&nbsp;<a href=\"mailto:turianska1@szske.eu\">turianska1@szske.eu<\/a>, najnesk\u00f4r do&nbsp;<strong><em>31.1.2025<\/em><\/strong>, do&nbsp;<strong><em>12:00<\/em><\/strong>.<\/p>\n\n\n\n<p><a href=\"https:\/\/moyzeska.sk\/wp-content\/uploads\/2024\/12\/Vyzva-na-predkladanie-ponuk_Pripojenie-100-pocitacov-do-domeny-skoly.pdf\">V\u00fdzva na predkladanie pon\u00fak \u2013 Pripojenie 100 po\u010d\u00edta\u010dov do dom\u00e9ny<\/a><\/p>\n\n\n\n<hr class=\"wp-block-separator has-alpha-channel-opacity\"\/>\n\n\n\n<p>V\u00fdzva:&nbsp;<strong>Mikroskopy<\/strong><br>Verejn\u00fd obstar\u00e1vate\u013e&nbsp;<strong>Stredn\u00e1 zdravotn\u00edcka \u0161kola. Moyzesova 17, Ko\u0161ice<\/strong>&nbsp;predlo\u017eila V\u00fdzvu na predkladanie cenov\u00fdch pon\u00fak s n\u00e1zvom \u2013&nbsp;<strong>Mikroskopy.<\/strong><br><em>Predkladanie pon\u00fak je mo\u017en\u00e9&nbsp;<strong>do 17.12.2024<\/strong>.<br><\/em>Cenov\u00e9 ponuky, pros\u00edm, zasiela\u0165 na emailov\u00fa adresu&nbsp;<a href=\"mailto:turianska1@szske.eu\">turianska1@szske.eu<\/a>, najnesk\u00f4r do&nbsp;<strong><em>17.12.2024<\/em><\/strong>, do&nbsp;<strong><em>12:00<\/em><\/strong>.<\/p>\n\n\n\n<p><a href=\"https:\/\/moyzeska.sk\/wp-content\/uploads\/2024\/12\/Vyzva-na-predkladanie-ponuk_mikroskopy.pdf\">V\u00fdzva na predkladanie pon\u00fak \u2013 Mikroskopy<\/a><\/p>\n\n\n\n<hr class=\"wp-block-separator has-alpha-channel-opacity\"\/>\n\n\n\n<p>V\u00fdzva:&nbsp;<strong>Rev\u00edzia elektrospotrebi\u010dov<\/strong><br>Verejn\u00fd obstar\u00e1vate\u013e&nbsp;<strong>Stredn\u00e1 zdravotn\u00edcka \u0161kola. Moyzesova 17, Ko\u0161ice<\/strong>&nbsp;predlo\u017eila V\u00fdzvu na predkladanie cenov\u00fdch pon\u00fak s n\u00e1zvom \u2013&nbsp;<strong>Rev\u00edzia elektrospotrebi\u010dov.<\/strong><br><em>Predkladanie pon\u00fak je mo\u017en\u00e9&nbsp;<strong>do 26.11.2024<\/strong>.<br><\/em>Cenov\u00e9 ponuky, pros\u00edm, zasiela\u0165 na emailov\u00fa adresu&nbsp;<a href=\"mailto:turianska1@szske.eu\">turianska1@szske.eu<\/a>, najnesk\u00f4r do&nbsp;<strong><em>26.11.2024<\/em><\/strong>, do&nbsp;<strong><em>14:00<\/em><\/strong>.<\/p>\n\n\n\n<p><a href=\"https:\/\/moyzeska.sk\/wp-content\/uploads\/2024\/11\/CP_1_11_24_revizia_elektrospotrebicov.pdf\">V\u00fdzva na predkladanie pon\u00fak \u2013 Rev\u00edzia elektrospotrebi\u010dov<\/a><\/p>\n\n\n\n<p><a href=\"https:\/\/moyzeska.sk\/wp-content\/uploads\/2024\/11\/Priloha_c_1_CP_revizia-elektr.-spotrebicov.xlsx\">Pr\u00edloha k v\u00fdzve \u2013 Rev\u00edzia elektrospotrebi\u010dov<\/a><\/p>\n\n\n\n<hr class=\"wp-block-separator has-alpha-channel-opacity\"\/>\n\n\n\n<p>V\u00fdzva:&nbsp;<strong>Zubolek\u00e1rske kreslo<\/strong><br>Verejn\u00fd obstar\u00e1vate\u013e&nbsp;<strong>Stredn\u00e1 zdravotn\u00edcka \u0161kola. Moyzesova 17, Ko\u0161ice<\/strong>&nbsp;predlo\u017eila V\u00fdzvu na predkladanie cenov\u00fdch pon\u00fak s n\u00e1zvom \u2013&nbsp;<strong>Zubolek\u00e1rske kreslo.<\/strong><br><em>Predkladanie pon\u00fak je mo\u017en\u00e9&nbsp;<strong>do 22.11.2024<\/strong>.<br><\/em>Cenov\u00e9 ponuky, pros\u00edm, zasiela\u0165 na emailov\u00fa adresu&nbsp;<a href=\"mailto:turianska1@szske.eu\">turianska1@szske.eu<\/a>, najnesk\u00f4r do&nbsp;<strong><em>22.11.2024<\/em><\/strong>, do&nbsp;<strong><em>12:00<\/em><\/strong>.<\/p>\n\n\n\n<p><a href=\"https:\/\/moyzeska.sk\/wp-content\/uploads\/2024\/11\/Vyzva_na_predkladanie-ponuk_Zubolekarske_kreslo.pdf\">V\u00fdzva na predkladanie pon\u00fak \u2013 Zubolek\u00e1rske kreslo<\/a><\/p>\n\n\n\n<hr class=\"wp-block-separator has-alpha-channel-opacity\"\/>\n\n\n\n<p>V\u00fdzva:&nbsp;<strong>Propaga\u010dn\u00fd materi\u00e1l<\/strong><br>Verejn\u00fd obstar\u00e1vate\u013e&nbsp;<strong>Stredn\u00e1 zdravotn\u00edcka \u0161kola. Moyzesova 17, Ko\u0161ice<\/strong>&nbsp;predlo\u017eila V\u00fdzvu na predkladanie cenov\u00fdch pon\u00fak s n\u00e1zvom \u2013&nbsp;<strong>Propaga\u010dn\u00fd materi\u00e1l.<\/strong><br><em>Predkladanie pon\u00fak je mo\u017en\u00e9&nbsp;<strong>do 6.11.2024<\/strong>.<br><\/em>Cenov\u00e9 ponuky, pros\u00edm, zasiela\u0165 na emailov\u00fa adresu&nbsp;<a href=\"mailto:turianska1@szske.eu\">turianska1@szske.eu<\/a>, najnesk\u00f4r do&nbsp;<strong><em>6.11.2024<\/em><\/strong>, do&nbsp;<strong><em>12:00<\/em><\/strong>.<\/p>\n\n\n\n<p><a href=\"https:\/\/moyzeska.sk\/wp-content\/uploads\/2024\/11\/7-10_2024-Vyzva-na-predkladanie-ponuky-_reklamne-predmety.pdf\">V\u00fdzva na predkladanie pon\u00fak \u2013 Propaga\u010dn\u00fd materi\u00e1l<\/a><\/p>\n\n\n\n<hr class=\"wp-block-separator has-alpha-channel-opacity\"\/>\n\n\n\n<p>V\u00fdzva:&nbsp;<strong>Plaveck\u00fd v\u00fdcvik 2025<\/strong><br>Verejn\u00fd obstar\u00e1vate\u013e&nbsp;<strong>Stredn\u00e1 zdravotn\u00edcka \u0161kola. Moyzesova 17, Ko\u0161ice<\/strong>&nbsp;predlo\u017eila V\u00fdzvu na predkladanie cenov\u00fdch pon\u00fak s n\u00e1zvom \u2013&nbsp;<strong>Plaveck\u00fd v\u00fdcvik 2025.<\/strong><br><em>Predkladanie pon\u00fak je mo\u017en\u00e9&nbsp;<strong>do 11.11.2024<\/strong>.<br><\/em>Cenov\u00e9 ponuky, pros\u00edm, zasiela\u0165 na emailov\u00fa adresu&nbsp;<a href=\"mailto:turianska1@szske.eu\">turianska1@szske.eu<\/a>, najnesk\u00f4r do&nbsp;<strong><em>11.11.2024<\/em><\/strong>, do&nbsp;<strong><em>12:00<\/em><\/strong>.<\/p>\n\n\n\n<p><a href=\"https:\/\/moyzeska.sk\/wp-content\/uploads\/2024\/10\/Plavecky_vycvik_2025.pdf\">V\u00fdzva na predkladanie pon\u00fak \u2013 Plaveck\u00fd v\u00fdcvik<\/a><\/p>\n\n\n\n<hr class=\"wp-block-separator has-alpha-channel-opacity\"\/>\n\n\n\n<p>V\u00fdzva:&nbsp;<strong>Prieskum trhu \u2013 tonerov\u00e9 n\u00e1plne<\/strong><br>Verejn\u00fd obstar\u00e1vate\u013e&nbsp;<strong>Stredn\u00e1 zdravotn\u00edcka \u0161kola. Moyzesova 17, Ko\u0161ice<\/strong>&nbsp;predlo\u017eila V\u00fdzvu na predkladanie cenov\u00fdch pon\u00fak s n\u00e1zvom \u2013&nbsp;<strong>Oprava havarijn\u00e9ho stavu kom\u00ednov.<\/strong><br><em>Predkladanie pon\u00fak je mo\u017en\u00e9&nbsp;<strong>do 7.11.2024<\/strong>.<br><\/em>Cenov\u00e9 ponuky, pros\u00edm, zasiela\u0165 na emailov\u00fa adresu&nbsp;<a href=\"mailto:turianska1@szske.eu\">turianska1@szske.eu<\/a>, najnesk\u00f4r do&nbsp;<strong><em>7.11.2024<\/em><\/strong>, do&nbsp;<strong><em>12:00<\/em><\/strong>.<\/p>\n\n\n\n<p><a href=\"https:\/\/moyzeska.sk\/wp-content\/uploads\/2024\/10\/Vyzva-na-predkladanie-ponuky-_tonerove-naplne.pdf\">V\u00fdzva na predkladanie pon\u00fak \u2013 prieskum trhu \u2013 Tonerov\u00e9 n\u00e1plne<\/a><\/p>\n\n\n\n<hr class=\"wp-block-separator has-alpha-channel-opacity\"\/>\n\n\n\n<p>V\u00fdzva:&nbsp;<strong>Oprava havarijn\u00e9ho stavu kom\u00ednov<\/strong><br>Verejn\u00fd obstar\u00e1vate\u013e&nbsp;<strong>Stredn\u00e1 zdravotn\u00edcka \u0161kola. Moyzesova 17, Ko\u0161ice<\/strong>&nbsp;predlo\u017eila V\u00fdzvu na predkladanie cenov\u00fdch pon\u00fak s n\u00e1zvom \u2013&nbsp;<strong>Oprava havarijn\u00e9ho stavu kom\u00ednov.<\/strong><br><em>Predkladanie pon\u00fak je mo\u017en\u00e9&nbsp;<strong>do 25.10.2024<\/strong>.<br><\/em>Cenov\u00e9 ponuky, pros\u00edm, zasiela\u0165 na emailov\u00fa adresu&nbsp;<a href=\"mailto:turianska1@szske.eu\">turianska1@szske.eu<\/a>, najnesk\u00f4r do&nbsp;<strong><em>25.10.2024<\/em><\/strong>, do&nbsp;<strong><em>12:00<\/em><\/strong>.<\/p>\n\n\n\n<p><a href=\"https:\/\/moyzeska.sk\/wp-content\/uploads\/2024\/10\/CP_2024-Oprava-havarijneho-stavu-kominov-1.pdf\">V\u00fdzva na predkladanie pon\u00fak \u2013 Oprava havarijn\u00e9ho stavu kom\u00ednov<\/a><\/p>\n\n\n\n<hr class=\"wp-block-separator has-alpha-channel-opacity\"\/>\n\n\n\n<p>V\u00fdzva:&nbsp;<strong>\u0160kolsk\u00fd Windows Server<\/strong><br>Verejn\u00fd obstar\u00e1vate\u013e&nbsp;<strong>Stredn\u00e1 zdravotn\u00edcka \u0161kola. Moyzesova 17, Ko\u0161ice<\/strong>&nbsp;predlo\u017eila V\u00fdzvu na predkladanie cenov\u00fdch pon\u00fak s n\u00e1zvom \u2013&nbsp;<strong>\u0160kolsk\u00fd Windows Server.<\/strong><br><em>Predkladanie pon\u00fak je mo\u017en\u00e9&nbsp;<strong>do 25.10.2024<\/strong>.<br><\/em>Cenov\u00e9 ponuky, pros\u00edm, zasiela\u0165 na emailov\u00fa adresu&nbsp;<a href=\"mailto:turianska1@szske.eu\">turianska1@szske.eu<\/a>, najnesk\u00f4r do&nbsp;<strong><em>25.10.2024<\/em><\/strong>, do&nbsp;<strong><em>12:00<\/em><\/strong>.<\/p>\n\n\n\n<p><a href=\"https:\/\/moyzeska.sk\/wp-content\/uploads\/2024\/10\/Vyzva_na_predkladanie_ponuk_skolsky_window_server.pdf\">V\u00fdzva na predkladanie pon\u00fak \u2013 \u0160kolsk\u00fd Windows Server<\/a><\/p>\n\n\n\n<hr class=\"wp-block-separator has-alpha-channel-opacity\"\/>\n\n\n\n<p>V\u00fdzva:&nbsp;<strong>U\u010debn\u00e9 pom\u00f4cky pre optikov<\/strong>.<br>Verejn\u00fd obstar\u00e1vate\u013e&nbsp;<strong>Stredn\u00e1 zdravotn\u00edcka \u0161kola. Moyzesova 17, Ko\u0161ice<\/strong>&nbsp;predlo\u017eila V\u00fdzvu na predkladanie cenov\u00fdch pon\u00fak s n\u00e1zvom \u2013&nbsp;<strong>Mikroskopy.<\/strong><br><em>Predkladanie pon\u00fak je mo\u017en\u00e9&nbsp;<strong>do 15.2.2024<\/strong>.<br><\/em>Cenov\u00e9 ponuky, pros\u00edm, zasiela\u0165 na emailov\u00fa adresu&nbsp;<a href=\"mailto:gabsturova@szske.eu\">gabsturova@szske.eu<\/a>, najnesk\u00f4r do&nbsp;<strong><em>15.2.2024<\/em><\/strong>, do&nbsp;<strong><em>12:00<\/em><\/strong>.<\/p>\n\n\n\n<p><a href=\"https:\/\/moyzeska.sk\/wp-content\/uploads\/2024\/02\/Vyzve_na_predkladanie_ponuk-MIkroskopy.pdf\">Inform\u00e1cie k V\u00fdzve na predkladanie pon\u00fak-Mikroskopy<\/a><\/p>\n","protected":false},"excerpt":{"rendered":"<p>V\u00fdzva:&nbsp;Pripojenie 100 po\u010d\u00edta\u010dov do dom\u00e9nyVerejn\u00fd obstar\u00e1vate\u013e&nbsp;Stredn\u00e1 zdravotn\u00edcka \u0161kola. Moyzesova 17, Ko\u0161ice&nbsp;predlo\u017eila V\u00fdzvu na predkladanie cenov\u00fdch pon\u00fak s n\u00e1zvom \u2013&nbsp;Pripojenie 100 po\u010d\u00edta\u010dov do dom\u00e9ny.Predkladanie pon\u00fak je mo\u017en\u00e9&nbsp;do 31.1.2025.Cenov\u00e9 ponuky, pros\u00edm, zasiela\u0165 na emailov\u00fa adresu&nbsp;turianska1@szske.eu, najnesk\u00f4r do&nbsp;31.1.2025, do&nbsp;12:00. V\u00fdzva na predkladanie pon\u00fak \u2013 Pripojenie 100 po\u010d\u00edta\u010dov do dom\u00e9ny V\u00fdzva:&nbsp;MikroskopyVerejn\u00fd obstar\u00e1vate\u013e&nbsp;Stredn\u00e1 zdravotn\u00edcka \u0161kola. Moyzesova 17, Ko\u0161ice&nbsp;predlo\u017eila V\u00fdzvu na &hellip;<br \/><a href=\"https:\/\/moyzeska.sk\/index.php\/2024-2\/\" class=\"more-link pen_button pen_element_default pen_icon_arrow_double\">Zobrazi\u0165<\/a><\/p>\n","protected":false},"author":1,"featured_media":0,"parent":0,"menu_order":0,"comment_status":"closed","ping_status":"closed","template":"","meta":{"_monsterinsights_skip_tracking":false,"_monsterinsights_sitenote_active":false,"_monsterinsights_sitenote_note":"","_monsterinsights_sitenote_category":0},"yoast_head":"<!-- This site is optimized with the Yoast SEO plugin v21.8.1 - https:\/\/yoast.com\/wordpress\/plugins\/seo\/ -->\n<title>2024 - Stredn\u00e1 zdravotn\u00edcka \u0161kola, Moyzesova 17, Ko\u0161ice<\/title>\n<meta name=\"robots\" content=\"index, follow, max-snippet:-1, max-image-preview:large, max-video-preview:-1\" \/>\n<link rel=\"canonical\" href=\"https:\/\/moyzeska.sk\/index.php\/2024-2\/\" \/>\n<meta property=\"og:locale\" content=\"sk_SK\" \/>\n<meta property=\"og:type\" content=\"article\" \/>\n<meta property=\"og:title\" content=\"2024 - Stredn\u00e1 zdravotn\u00edcka \u0161kola, Moyzesova 17, Ko\u0161ice\" \/>\n<meta property=\"og:description\" content=\"V\u00fdzva:&nbsp;Pripojenie 100 po\u010d\u00edta\u010dov do dom\u00e9nyVerejn\u00fd obstar\u00e1vate\u013e&nbsp;Stredn\u00e1 zdravotn\u00edcka \u0161kola. Moyzesova 17, Ko\u0161ice&nbsp;predlo\u017eila V\u00fdzvu na predkladanie cenov\u00fdch pon\u00fak s n\u00e1zvom \u2013&nbsp;Pripojenie 100 po\u010d\u00edta\u010dov do dom\u00e9ny.Predkladanie pon\u00fak je mo\u017en\u00e9&nbsp;do 31.1.2025.Cenov\u00e9 ponuky, pros\u00edm, zasiela\u0165 na emailov\u00fa adresu&nbsp;turianska1@szske.eu, najnesk\u00f4r do&nbsp;31.1.2025, do&nbsp;12:00. V\u00fdzva na predkladanie pon\u00fak \u2013 Pripojenie 100 po\u010d\u00edta\u010dov do dom\u00e9ny V\u00fdzva:&nbsp;MikroskopyVerejn\u00fd obstar\u00e1vate\u013e&nbsp;Stredn\u00e1 zdravotn\u00edcka \u0161kola. Moyzesova 17, Ko\u0161ice&nbsp;predlo\u017eila V\u00fdzvu na &hellip;Zobrazi\u0165\" \/>\n<meta property=\"og:url\" content=\"https:\/\/moyzeska.sk\/index.php\/2024-2\/\" \/>\n<meta property=\"og:site_name\" content=\"Stredn\u00e1 zdravotn\u00edcka \u0161kola, Moyzesova 17, Ko\u0161ice\" \/>\n<meta property=\"article:publisher\" content=\"https:\/\/www.facebook.com\/Moyzeska\" \/>\n<meta property=\"article:modified_time\" content=\"2026-04-24T05:31:39+00:00\" \/>\n<meta name=\"twitter:card\" content=\"summary_large_image\" \/>\n<meta name=\"twitter:label1\" content=\"Predpokladan\u00fd \u010das \u010d\u00edtania\" \/>\n\t<meta name=\"twitter:data1\" content=\"3 min\u00faty\" \/>\n<script type=\"application\/ld+json\" class=\"yoast-schema-graph\">{\"@context\":\"https:\/\/schema.org\",\"@graph\":[{\"@type\":\"WebPage\",\"@id\":\"https:\/\/moyzeska.sk\/index.php\/2024-2\/\",\"url\":\"https:\/\/moyzeska.sk\/index.php\/2024-2\/\",\"name\":\"2024 - Stredn\u00e1 zdravotn\u00edcka \u0161kola, Moyzesova 17, Ko\u0161ice\",\"isPartOf\":{\"@id\":\"https:\/\/moyzeska.sk\/#website\"},\"datePublished\":\"2026-04-24T05:31:38+00:00\",\"dateModified\":\"2026-04-24T05:31:39+00:00\",\"breadcrumb\":{\"@id\":\"https:\/\/moyzeska.sk\/index.php\/2024-2\/#breadcrumb\"},\"inLanguage\":\"sk-SK\",\"potentialAction\":[{\"@type\":\"ReadAction\",\"target\":[\"https:\/\/moyzeska.sk\/index.php\/2024-2\/\"]}]},{\"@type\":\"BreadcrumbList\",\"@id\":\"https:\/\/moyzeska.sk\/index.php\/2024-2\/#breadcrumb\",\"itemListElement\":[{\"@type\":\"ListItem\",\"position\":1,\"name\":\"Home\",\"item\":\"https:\/\/moyzeska.sk\/\"},{\"@type\":\"ListItem\",\"position\":2,\"name\":\"2024\"}]},{\"@type\":\"WebSite\",\"@id\":\"https:\/\/moyzeska.sk\/#website\",\"url\":\"https:\/\/moyzeska.sk\/\",\"name\":\"Stredn\u00e1 zdravotn\u00edcka \u0161kola, Moyzesova 17, Ko\u0161ice\",\"description\":\"\",\"publisher\":{\"@id\":\"https:\/\/moyzeska.sk\/#organization\"},\"potentialAction\":[{\"@type\":\"SearchAction\",\"target\":{\"@type\":\"EntryPoint\",\"urlTemplate\":\"https:\/\/moyzeska.sk\/?s={search_term_string}\"},\"query-input\":\"required name=search_term_string\"}],\"inLanguage\":\"sk-SK\"},{\"@type\":\"Organization\",\"@id\":\"https:\/\/moyzeska.sk\/#organization\",\"name\":\"Stredn\u00e1 zdravotn\u00edcka \u0161kola, Moyzesova 17, Ko\u0161ice\",\"url\":\"https:\/\/moyzeska.sk\/\",\"logo\":{\"@type\":\"ImageObject\",\"inLanguage\":\"sk-SK\",\"@id\":\"https:\/\/moyzeska.sk\/#\/schema\/logo\/image\/\",\"url\":\"https:\/\/moyzeska.sk\/wp-content\/uploads\/2020\/09\/SZS-logo.png\",\"contentUrl\":\"https:\/\/moyzeska.sk\/wp-content\/uploads\/2020\/09\/SZS-logo.png\",\"width\":300,\"height\":300,\"caption\":\"Stredn\u00e1 zdravotn\u00edcka \u0161kola, Moyzesova 17, Ko\u0161ice\"},\"image\":{\"@id\":\"https:\/\/moyzeska.sk\/#\/schema\/logo\/image\/\"},\"sameAs\":[\"https:\/\/www.facebook.com\/Moyzeska\",\"https:\/\/www.instagram.com\/moyzeska\/\"]}]}<\/script>\n<!-- \/ Yoast SEO plugin. -->","yoast_head_json":{"title":"2024 - Stredn\u00e1 zdravotn\u00edcka \u0161kola, Moyzesova 17, Ko\u0161ice","robots":{"index":"index","follow":"follow","max-snippet":"max-snippet:-1","max-image-preview":"max-image-preview:large","max-video-preview":"max-video-preview:-1"},"canonical":"https:\/\/moyzeska.sk\/index.php\/2024-2\/","og_locale":"sk_SK","og_type":"article","og_title":"2024 - Stredn\u00e1 zdravotn\u00edcka \u0161kola, Moyzesova 17, Ko\u0161ice","og_description":"V\u00fdzva:&nbsp;Pripojenie 100 po\u010d\u00edta\u010dov do dom\u00e9nyVerejn\u00fd obstar\u00e1vate\u013e&nbsp;Stredn\u00e1 zdravotn\u00edcka \u0161kola. Moyzesova 17, Ko\u0161ice&nbsp;predlo\u017eila V\u00fdzvu na predkladanie cenov\u00fdch pon\u00fak s n\u00e1zvom \u2013&nbsp;Pripojenie 100 po\u010d\u00edta\u010dov do dom\u00e9ny.Predkladanie pon\u00fak je mo\u017en\u00e9&nbsp;do 31.1.2025.Cenov\u00e9 ponuky, pros\u00edm, zasiela\u0165 na emailov\u00fa adresu&nbsp;turianska1@szske.eu, najnesk\u00f4r do&nbsp;31.1.2025, do&nbsp;12:00. V\u00fdzva na predkladanie pon\u00fak \u2013 Pripojenie 100 po\u010d\u00edta\u010dov do dom\u00e9ny V\u00fdzva:&nbsp;MikroskopyVerejn\u00fd obstar\u00e1vate\u013e&nbsp;Stredn\u00e1 zdravotn\u00edcka \u0161kola. Moyzesova 17, Ko\u0161ice&nbsp;predlo\u017eila V\u00fdzvu na &hellip;Zobrazi\u0165","og_url":"https:\/\/moyzeska.sk\/index.php\/2024-2\/","og_site_name":"Stredn\u00e1 zdravotn\u00edcka \u0161kola, Moyzesova 17, Ko\u0161ice","article_publisher":"https:\/\/www.facebook.com\/Moyzeska","article_modified_time":"2026-04-24T05:31:39+00:00","twitter_card":"summary_large_image","twitter_misc":{"Predpokladan\u00fd \u010das \u010d\u00edtania":"3 min\u00faty"},"schema":{"@context":"https:\/\/schema.org","@graph":[{"@type":"WebPage","@id":"https:\/\/moyzeska.sk\/index.php\/2024-2\/","url":"https:\/\/moyzeska.sk\/index.php\/2024-2\/","name":"2024 - Stredn\u00e1 zdravotn\u00edcka \u0161kola, Moyzesova 17, Ko\u0161ice","isPartOf":{"@id":"https:\/\/moyzeska.sk\/#website"},"datePublished":"2026-04-24T05:31:38+00:00","dateModified":"2026-04-24T05:31:39+00:00","breadcrumb":{"@id":"https:\/\/moyzeska.sk\/index.php\/2024-2\/#breadcrumb"},"inLanguage":"sk-SK","potentialAction":[{"@type":"ReadAction","target":["https:\/\/moyzeska.sk\/index.php\/2024-2\/"]}]},{"@type":"BreadcrumbList","@id":"https:\/\/moyzeska.sk\/index.php\/2024-2\/#breadcrumb","itemListElement":[{"@type":"ListItem","position":1,"name":"Home","item":"https:\/\/moyzeska.sk\/"},{"@type":"ListItem","position":2,"name":"2024"}]},{"@type":"WebSite","@id":"https:\/\/moyzeska.sk\/#website","url":"https:\/\/moyzeska.sk\/","name":"Stredn\u00e1 zdravotn\u00edcka \u0161kola, Moyzesova 17, Ko\u0161ice","description":"","publisher":{"@id":"https:\/\/moyzeska.sk\/#organization"},"potentialAction":[{"@type":"SearchAction","target":{"@type":"EntryPoint","urlTemplate":"https:\/\/moyzeska.sk\/?s={search_term_string}"},"query-input":"required name=search_term_string"}],"inLanguage":"sk-SK"},{"@type":"Organization","@id":"https:\/\/moyzeska.sk\/#organization","name":"Stredn\u00e1 zdravotn\u00edcka \u0161kola, Moyzesova 17, Ko\u0161ice","url":"https:\/\/moyzeska.sk\/","logo":{"@type":"ImageObject","inLanguage":"sk-SK","@id":"https:\/\/moyzeska.sk\/#\/schema\/logo\/image\/","url":"https:\/\/moyzeska.sk\/wp-content\/uploads\/2020\/09\/SZS-logo.png","contentUrl":"https:\/\/moyzeska.sk\/wp-content\/uploads\/2020\/09\/SZS-logo.png","width":300,"height":300,"caption":"Stredn\u00e1 zdravotn\u00edcka \u0161kola, Moyzesova 17, Ko\u0161ice"},"image":{"@id":"https:\/\/moyzeska.sk\/#\/schema\/logo\/image\/"},"sameAs":["https:\/\/www.facebook.com\/Moyzeska","https:\/\/www.instagram.com\/moyzeska\/"]}]}},"_links":{"self":[{"href":"https:\/\/moyzeska.sk\/index.php\/wp-json\/wp\/v2\/pages\/9184"}],"collection":[{"href":"https:\/\/moyzeska.sk\/index.php\/wp-json\/wp\/v2\/pages"}],"about":[{"href":"https:\/\/moyzeska.sk\/index.php\/wp-json\/wp\/v2\/types\/page"}],"author":[{"embeddable":true,"href":"https:\/\/moyzeska.sk\/index.php\/wp-json\/wp\/v2\/users\/1"}],"replies":[{"embeddable":true,"href":"https:\/\/moyzeska.sk\/index.php\/wp-json\/wp\/v2\/comments?post=9184"}],"version-history":[{"count":1,"href":"https:\/\/moyzeska.sk\/index.php\/wp-json\/wp\/v2\/pages\/9184\/revisions"}],"predecessor-version":[{"id":9185,"href":"https:\/\/moyzeska.sk\/index.php\/wp-json\/wp\/v2\/pages\/9184\/revisions\/9185"}],"wp:attachment":[{"href":"https:\/\/moyzeska.sk\/index.php\/wp-json\/wp\/v2\/media?parent=9184"}],"curies":[{"name":"wp","href":"https:\/\/api.w.org\/{rel}","templated":true}]}}