{"id":9165,"date":"2026-04-23T13:12:05","date_gmt":"2026-04-23T11:12:05","guid":{"rendered":"https:\/\/moyzeska.sk\/?page_id=9165"},"modified":"2026-04-23T13:12:19","modified_gmt":"2026-04-23T11:12:19","slug":"kriteria-pre-pks-a-vos-3","status":"publish","type":"page","link":"https:\/\/moyzeska.sk\/index.php\/kriteria-pre-pks-a-vos-3\/","title":{"rendered":"Krit\u00e9ri\u00e1 pre PK\u0160 a VO\u0160"},"content":{"rendered":"\n<p>Krit\u00e9ria pre prij\u00edmanie uch\u00e1dza\u010dov\u00a0do I. ro\u010dn\u00edka\u00a0<em>2-ro\u010dn\u00e9ho<\/em>\u00a0<em>PK\u0160<\/em> (<strong>zubn\u00fd technik<\/strong>) na\u00a0<em>\u0161kolsk\u00fd rok 2026\/2027<\/em>:<\/p>\n\n\n\n<div class=\"wp-block-file\"><a id=\"wp-block-file--media-55224d45-d1ba-4dba-a24a-cb2e25155701\" href=\"https:\/\/moyzeska.sk\/wp-content\/uploads\/2026\/04\/PKS_ZT_26_27.pdf\">Krit\u00e9ri\u00e1 ZT 2026-2027<\/a><\/div>\n\n\n\n<p>Krit\u00e9ria pre prij\u00edmanie uch\u00e1dza\u010dov\u00a0do I. ro\u010dn\u00edka\u00a0<em>3-ro\u010dn\u00e9ho VO\u0160<\/em>\u00a0(<strong>diplomovan\u00fd r\u00e1diologick\u00fd asistent<\/strong>) na\u00a0<em>\u0161kolsk\u00fd rok 2026\/2027<\/em>:<\/p>\n\n\n\n<div class=\"wp-block-file\"><a id=\"wp-block-file--media-5d54c4e7-ad11-416e-8b6d-9039bdf63dd1\" href=\"https:\/\/moyzeska.sk\/wp-content\/uploads\/2026\/04\/VOS_DRA_26-27.pdf\">Krit\u00e9ri\u00e1 DRA 2026-2027<\/a><\/div>\n\n\n\n<hr class=\"wp-block-separator has-alpha-channel-opacity\"\/>\n\n\n\n<p>Prihl\u00e1\u0161ky na \u0161t\u00fadium je mo\u017en\u00e9 posiela\u0165\u00a0<strong>do 31. m\u00e1ja 2026<\/strong>.<\/p>\n\n\n\n<div class=\"wp-block-file\"><a id=\"wp-block-file--media-68849c49-be95-41ea-8d51-493f46bddecc\" href=\"https:\/\/moyzeska.sk\/wp-content\/uploads\/2026\/04\/Prihlaska_posudok.pdf\">Prihl\u00e1\u0161ka + lek\u00e1rsky posudok<\/a><a href=\"https:\/\/moyzeska.sk\/wp-content\/uploads\/2026\/04\/Prihlaska_posudok.pdf\" class=\"wp-block-file__button wp-element-button\" download aria-describedby=\"wp-block-file--media-68849c49-be95-41ea-8d51-493f46bddecc\">Stiahnu\u0165<\/a><\/div>\n","protected":false},"excerpt":{"rendered":"<p>Krit\u00e9ria pre prij\u00edmanie uch\u00e1dza\u010dov\u00a0do I. ro\u010dn\u00edka\u00a02-ro\u010dn\u00e9ho\u00a0PK\u0160 (zubn\u00fd technik) na\u00a0\u0161kolsk\u00fd rok 2026\/2027: Krit\u00e9ria pre prij\u00edmanie uch\u00e1dza\u010dov\u00a0do I. ro\u010dn\u00edka\u00a03-ro\u010dn\u00e9ho VO\u0160\u00a0(diplomovan\u00fd r\u00e1diologick\u00fd asistent) na\u00a0\u0161kolsk\u00fd rok 2026\/2027: Prihl\u00e1\u0161ky na \u0161t\u00fadium je mo\u017en\u00e9 posiela\u0165\u00a0do 31. m\u00e1ja 2026.<\/p>\n","protected":false},"author":1,"featured_media":0,"parent":0,"menu_order":0,"comment_status":"closed","ping_status":"closed","template":"","meta":{"_monsterinsights_skip_tracking":false,"_monsterinsights_sitenote_active":false,"_monsterinsights_sitenote_note":"","_monsterinsights_sitenote_category":0},"yoast_head":"<!-- This site is optimized with the Yoast SEO plugin v21.8.1 - https:\/\/yoast.com\/wordpress\/plugins\/seo\/ -->\n<title>Krit\u00e9ri\u00e1 pre PK\u0160 a VO\u0160 - Stredn\u00e1 zdravotn\u00edcka \u0161kola, Moyzesova 17, Ko\u0161ice<\/title>\n<meta name=\"robots\" content=\"index, follow, max-snippet:-1, max-image-preview:large, max-video-preview:-1\" \/>\n<link rel=\"canonical\" href=\"https:\/\/moyzeska.sk\/index.php\/kriteria-pre-pks-a-vos-3\/\" \/>\n<meta property=\"og:locale\" content=\"sk_SK\" \/>\n<meta property=\"og:type\" content=\"article\" \/>\n<meta property=\"og:title\" content=\"Krit\u00e9ri\u00e1 pre PK\u0160 a VO\u0160 - Stredn\u00e1 zdravotn\u00edcka \u0161kola, Moyzesova 17, Ko\u0161ice\" \/>\n<meta property=\"og:description\" content=\"Krit\u00e9ria pre prij\u00edmanie uch\u00e1dza\u010dov\u00a0do I. ro\u010dn\u00edka\u00a02-ro\u010dn\u00e9ho\u00a0PK\u0160 (zubn\u00fd technik) na\u00a0\u0161kolsk\u00fd rok 2026\/2027: Krit\u00e9ria pre prij\u00edmanie uch\u00e1dza\u010dov\u00a0do I. ro\u010dn\u00edka\u00a03-ro\u010dn\u00e9ho VO\u0160\u00a0(diplomovan\u00fd r\u00e1diologick\u00fd asistent) na\u00a0\u0161kolsk\u00fd rok 2026\/2027: Prihl\u00e1\u0161ky na \u0161t\u00fadium je mo\u017en\u00e9 posiela\u0165\u00a0do 31. m\u00e1ja 2026.\" \/>\n<meta property=\"og:url\" content=\"https:\/\/moyzeska.sk\/index.php\/kriteria-pre-pks-a-vos-3\/\" \/>\n<meta property=\"og:site_name\" content=\"Stredn\u00e1 zdravotn\u00edcka \u0161kola, Moyzesova 17, Ko\u0161ice\" \/>\n<meta property=\"article:publisher\" content=\"https:\/\/www.facebook.com\/Moyzeska\" \/>\n<meta property=\"article:modified_time\" content=\"2026-04-23T11:12:19+00:00\" \/>\n<meta name=\"twitter:card\" content=\"summary_large_image\" \/>\n<meta name=\"twitter:label1\" content=\"Predpokladan\u00fd \u010das \u010d\u00edtania\" \/>\n\t<meta name=\"twitter:data1\" content=\"1 min\u00fata\" \/>\n<script type=\"application\/ld+json\" class=\"yoast-schema-graph\">{\"@context\":\"https:\/\/schema.org\",\"@graph\":[{\"@type\":\"WebPage\",\"@id\":\"https:\/\/moyzeska.sk\/index.php\/kriteria-pre-pks-a-vos-3\/\",\"url\":\"https:\/\/moyzeska.sk\/index.php\/kriteria-pre-pks-a-vos-3\/\",\"name\":\"Krit\u00e9ri\u00e1 pre PK\u0160 a VO\u0160 - Stredn\u00e1 zdravotn\u00edcka \u0161kola, Moyzesova 17, Ko\u0161ice\",\"isPartOf\":{\"@id\":\"https:\/\/moyzeska.sk\/#website\"},\"datePublished\":\"2026-04-23T11:12:05+00:00\",\"dateModified\":\"2026-04-23T11:12:19+00:00\",\"breadcrumb\":{\"@id\":\"https:\/\/moyzeska.sk\/index.php\/kriteria-pre-pks-a-vos-3\/#breadcrumb\"},\"inLanguage\":\"sk-SK\",\"potentialAction\":[{\"@type\":\"ReadAction\",\"target\":[\"https:\/\/moyzeska.sk\/index.php\/kriteria-pre-pks-a-vos-3\/\"]}]},{\"@type\":\"BreadcrumbList\",\"@id\":\"https:\/\/moyzeska.sk\/index.php\/kriteria-pre-pks-a-vos-3\/#breadcrumb\",\"itemListElement\":[{\"@type\":\"ListItem\",\"position\":1,\"name\":\"Home\",\"item\":\"https:\/\/moyzeska.sk\/\"},{\"@type\":\"ListItem\",\"position\":2,\"name\":\"Krit\u00e9ri\u00e1 pre PK\u0160 a VO\u0160\"}]},{\"@type\":\"WebSite\",\"@id\":\"https:\/\/moyzeska.sk\/#website\",\"url\":\"https:\/\/moyzeska.sk\/\",\"name\":\"Stredn\u00e1 zdravotn\u00edcka \u0161kola, Moyzesova 17, Ko\u0161ice\",\"description\":\"\",\"publisher\":{\"@id\":\"https:\/\/moyzeska.sk\/#organization\"},\"potentialAction\":[{\"@type\":\"SearchAction\",\"target\":{\"@type\":\"EntryPoint\",\"urlTemplate\":\"https:\/\/moyzeska.sk\/?s={search_term_string}\"},\"query-input\":\"required name=search_term_string\"}],\"inLanguage\":\"sk-SK\"},{\"@type\":\"Organization\",\"@id\":\"https:\/\/moyzeska.sk\/#organization\",\"name\":\"Stredn\u00e1 zdravotn\u00edcka \u0161kola, Moyzesova 17, Ko\u0161ice\",\"url\":\"https:\/\/moyzeska.sk\/\",\"logo\":{\"@type\":\"ImageObject\",\"inLanguage\":\"sk-SK\",\"@id\":\"https:\/\/moyzeska.sk\/#\/schema\/logo\/image\/\",\"url\":\"https:\/\/moyzeska.sk\/wp-content\/uploads\/2020\/09\/SZS-logo.png\",\"contentUrl\":\"https:\/\/moyzeska.sk\/wp-content\/uploads\/2020\/09\/SZS-logo.png\",\"width\":300,\"height\":300,\"caption\":\"Stredn\u00e1 zdravotn\u00edcka \u0161kola, Moyzesova 17, Ko\u0161ice\"},\"image\":{\"@id\":\"https:\/\/moyzeska.sk\/#\/schema\/logo\/image\/\"},\"sameAs\":[\"https:\/\/www.facebook.com\/Moyzeska\",\"https:\/\/www.instagram.com\/moyzeska\/\"]}]}<\/script>\n<!-- \/ Yoast SEO plugin. -->","yoast_head_json":{"title":"Krit\u00e9ri\u00e1 pre PK\u0160 a VO\u0160 - Stredn\u00e1 zdravotn\u00edcka \u0161kola, Moyzesova 17, Ko\u0161ice","robots":{"index":"index","follow":"follow","max-snippet":"max-snippet:-1","max-image-preview":"max-image-preview:large","max-video-preview":"max-video-preview:-1"},"canonical":"https:\/\/moyzeska.sk\/index.php\/kriteria-pre-pks-a-vos-3\/","og_locale":"sk_SK","og_type":"article","og_title":"Krit\u00e9ri\u00e1 pre PK\u0160 a VO\u0160 - Stredn\u00e1 zdravotn\u00edcka \u0161kola, Moyzesova 17, Ko\u0161ice","og_description":"Krit\u00e9ria pre prij\u00edmanie uch\u00e1dza\u010dov\u00a0do I. ro\u010dn\u00edka\u00a02-ro\u010dn\u00e9ho\u00a0PK\u0160 (zubn\u00fd technik) na\u00a0\u0161kolsk\u00fd rok 2026\/2027: Krit\u00e9ria pre prij\u00edmanie uch\u00e1dza\u010dov\u00a0do I. ro\u010dn\u00edka\u00a03-ro\u010dn\u00e9ho VO\u0160\u00a0(diplomovan\u00fd r\u00e1diologick\u00fd asistent) na\u00a0\u0161kolsk\u00fd rok 2026\/2027: Prihl\u00e1\u0161ky na \u0161t\u00fadium je mo\u017en\u00e9 posiela\u0165\u00a0do 31. m\u00e1ja 2026.","og_url":"https:\/\/moyzeska.sk\/index.php\/kriteria-pre-pks-a-vos-3\/","og_site_name":"Stredn\u00e1 zdravotn\u00edcka \u0161kola, Moyzesova 17, Ko\u0161ice","article_publisher":"https:\/\/www.facebook.com\/Moyzeska","article_modified_time":"2026-04-23T11:12:19+00:00","twitter_card":"summary_large_image","twitter_misc":{"Predpokladan\u00fd \u010das \u010d\u00edtania":"1 min\u00fata"},"schema":{"@context":"https:\/\/schema.org","@graph":[{"@type":"WebPage","@id":"https:\/\/moyzeska.sk\/index.php\/kriteria-pre-pks-a-vos-3\/","url":"https:\/\/moyzeska.sk\/index.php\/kriteria-pre-pks-a-vos-3\/","name":"Krit\u00e9ri\u00e1 pre PK\u0160 a VO\u0160 - Stredn\u00e1 zdravotn\u00edcka \u0161kola, Moyzesova 17, Ko\u0161ice","isPartOf":{"@id":"https:\/\/moyzeska.sk\/#website"},"datePublished":"2026-04-23T11:12:05+00:00","dateModified":"2026-04-23T11:12:19+00:00","breadcrumb":{"@id":"https:\/\/moyzeska.sk\/index.php\/kriteria-pre-pks-a-vos-3\/#breadcrumb"},"inLanguage":"sk-SK","potentialAction":[{"@type":"ReadAction","target":["https:\/\/moyzeska.sk\/index.php\/kriteria-pre-pks-a-vos-3\/"]}]},{"@type":"BreadcrumbList","@id":"https:\/\/moyzeska.sk\/index.php\/kriteria-pre-pks-a-vos-3\/#breadcrumb","itemListElement":[{"@type":"ListItem","position":1,"name":"Home","item":"https:\/\/moyzeska.sk\/"},{"@type":"ListItem","position":2,"name":"Krit\u00e9ri\u00e1 pre PK\u0160 a VO\u0160"}]},{"@type":"WebSite","@id":"https:\/\/moyzeska.sk\/#website","url":"https:\/\/moyzeska.sk\/","name":"Stredn\u00e1 zdravotn\u00edcka \u0161kola, Moyzesova 17, Ko\u0161ice","description":"","publisher":{"@id":"https:\/\/moyzeska.sk\/#organization"},"potentialAction":[{"@type":"SearchAction","target":{"@type":"EntryPoint","urlTemplate":"https:\/\/moyzeska.sk\/?s={search_term_string}"},"query-input":"required name=search_term_string"}],"inLanguage":"sk-SK"},{"@type":"Organization","@id":"https:\/\/moyzeska.sk\/#organization","name":"Stredn\u00e1 zdravotn\u00edcka \u0161kola, Moyzesova 17, Ko\u0161ice","url":"https:\/\/moyzeska.sk\/","logo":{"@type":"ImageObject","inLanguage":"sk-SK","@id":"https:\/\/moyzeska.sk\/#\/schema\/logo\/image\/","url":"https:\/\/moyzeska.sk\/wp-content\/uploads\/2020\/09\/SZS-logo.png","contentUrl":"https:\/\/moyzeska.sk\/wp-content\/uploads\/2020\/09\/SZS-logo.png","width":300,"height":300,"caption":"Stredn\u00e1 zdravotn\u00edcka \u0161kola, Moyzesova 17, Ko\u0161ice"},"image":{"@id":"https:\/\/moyzeska.sk\/#\/schema\/logo\/image\/"},"sameAs":["https:\/\/www.facebook.com\/Moyzeska","https:\/\/www.instagram.com\/moyzeska\/"]}]}},"_links":{"self":[{"href":"https:\/\/moyzeska.sk\/index.php\/wp-json\/wp\/v2\/pages\/9165"}],"collection":[{"href":"https:\/\/moyzeska.sk\/index.php\/wp-json\/wp\/v2\/pages"}],"about":[{"href":"https:\/\/moyzeska.sk\/index.php\/wp-json\/wp\/v2\/types\/page"}],"author":[{"embeddable":true,"href":"https:\/\/moyzeska.sk\/index.php\/wp-json\/wp\/v2\/users\/1"}],"replies":[{"embeddable":true,"href":"https:\/\/moyzeska.sk\/index.php\/wp-json\/wp\/v2\/comments?post=9165"}],"version-history":[{"count":2,"href":"https:\/\/moyzeska.sk\/index.php\/wp-json\/wp\/v2\/pages\/9165\/revisions"}],"predecessor-version":[{"id":9171,"href":"https:\/\/moyzeska.sk\/index.php\/wp-json\/wp\/v2\/pages\/9165\/revisions\/9171"}],"wp:attachment":[{"href":"https:\/\/moyzeska.sk\/index.php\/wp-json\/wp\/v2\/media?parent=9165"}],"curies":[{"name":"wp","href":"https:\/\/api.w.org\/{rel}","templated":true}]}}