{"id":9161,"date":"2026-04-23T12:58:28","date_gmt":"2026-04-23T10:58:28","guid":{"rendered":"https:\/\/moyzeska.sk\/?page_id=9161"},"modified":"2026-04-23T12:58:29","modified_gmt":"2026-04-23T10:58:29","slug":"okruhy-tem-pre-pks-a-vos","status":"publish","type":"page","link":"https:\/\/moyzeska.sk\/index.php\/okruhy-tem-pre-pks-a-vos\/","title":{"rendered":"Okruhy t\u00e9m pre PK\u0160 a VO\u0160"},"content":{"rendered":"\n<p><strong><u>BIOL\u00d3GIA<\/u><\/strong><\/p>\n\n\n\n<p><strong>Pod\u013ea:<\/strong>&nbsp;\u0160t\u00e1tneho vzdel\u00e1vacieho programu ISCED 3A<\/p>\n\n\n\n<p><strong>Vzdel\u00e1vacia oblas\u0165:<\/strong> \u010clovek a&nbsp;pr\u00edroda \u2013 Biol\u00f3gia<\/p>\n\n\n\n<p><strong>Obsah t\u00e9m:<\/strong><\/p>\n\n\n\n<p><strong>Z\u00c1KLADN\u00c9 ZNAKY, VLASTNOSTI A&nbsp;PREJAVY \u017dIV\u00ddCH S\u00daSTAV<\/strong><\/p>\n\n\n\n<ul>\n<li><strong>Stavba a&nbsp;organiz\u00e1cia tela \u017eiv\u00fdch organizmov:<\/strong><\/li>\n<\/ul>\n\n\n\n<p>&#8211; Bunka<\/p>\n\n\n\n<p>&#8211; Z\u00e1kladn\u00e1 stavba \u017eivo\u010d\u00ed\u0161neho organizmu<\/p>\n\n\n\n<ul>\n<li><strong>\u017divotn\u00e9 prejavy organizmov:<\/strong><\/li>\n<\/ul>\n\n\n\n<p>&#8211; Metabolick\u00e9 procesy<\/p>\n\n\n\n<p>&#8211; Rozmno\u017eovanie, rast a v\u00fdvin<\/p>\n\n\n\n<ul>\n<li><strong>Dedi\u010dnos\u0165 a&nbsp;premenlivos\u0165&nbsp;&nbsp;&nbsp;&nbsp;&nbsp;&nbsp; &nbsp;&nbsp;&nbsp;&nbsp;&nbsp;&nbsp;&nbsp;&nbsp;&nbsp;&nbsp;&nbsp;&nbsp;&nbsp;&nbsp;&nbsp;&nbsp;&nbsp;&nbsp;&nbsp;&nbsp;&nbsp;&nbsp;&nbsp;&nbsp;&nbsp;&nbsp;&nbsp;&nbsp;&nbsp;<\/strong><\/li>\n<\/ul>\n\n\n\n<p>&#8211; Podstata dedi\u010dnosti<\/p>\n\n\n\n<p><strong>BIOL\u00d3GIA \u010cLOVEKA A&nbsp;OCHRANA ZDRAVIA<\/strong><\/p>\n\n\n\n<ul>\n<li><strong>Org\u00e1nov\u00e9 s\u00fastavy \u010dloveka&nbsp;&nbsp;&nbsp; &nbsp;&nbsp;&nbsp;&nbsp;&nbsp;&nbsp;&nbsp;&nbsp;&nbsp;&nbsp;&nbsp;&nbsp;&nbsp;&nbsp;&nbsp;&nbsp;&nbsp;&nbsp;&nbsp;&nbsp;&nbsp;&nbsp;&nbsp;&nbsp;&nbsp;&nbsp;&nbsp;&nbsp;&nbsp;<\/strong><\/li>\n<\/ul>\n\n\n\n<p>&#8211; Tvar, opora a&nbsp;povrch tela<\/p>\n\n\n\n<p>&#8211; S\u00fastavy l\u00e1tkovej v\u00fdmeny<\/p>\n\n\n\n<p>&#8211; Riadiace s\u00fastavy a&nbsp;regula\u010dn\u00e9 mechanizmy<\/p>\n\n\n\n<p>&#8211; Reprodukcia a&nbsp;v\u00fdvin<\/p>\n\n\n\n<ul>\n<li><strong>Zdrav\u00fd \u017eivotn\u00fd \u0161t\u00fdl&nbsp;&nbsp;&nbsp;&nbsp;&nbsp;&nbsp;&nbsp;&nbsp;&nbsp;&nbsp;&nbsp;&nbsp;&nbsp;&nbsp;&nbsp;&nbsp;&nbsp; &nbsp;&nbsp;&nbsp;&nbsp;&nbsp;&nbsp;&nbsp;&nbsp;&nbsp;&nbsp;&nbsp;&nbsp;&nbsp;&nbsp;&nbsp;&nbsp;&nbsp;&nbsp;&nbsp;&nbsp;&nbsp;&nbsp;&nbsp;&nbsp;&nbsp;<\/strong><\/li>\n<\/ul>\n\n\n\n<p>&#8211; Z\u00e1kladn\u00e9 predpoklady zdravia<\/p>\n\n\n\n<p>&#8211; Civiliza\u010dn\u00e9 choroby<\/p>\n\n\n\n<p>&#8211; Soci\u00e1lne patol\u00f3gie a&nbsp;rizikov\u00e9 spr\u00e1vania<\/p>\n\n\n\n<p><strong>Pou\u017eit\u00e1 a odpor\u00fa\u010dan\u00e1 literat\u00fara<\/strong>: U\u010debnice biol\u00f3gie pre gymn\u00e1zi\u00e1<\/p>\n\n\n\n<ul>\n<li>VI\u0160\u0147OVSK\u00c1 J. a&nbsp;kol.: Biol\u00f3gia pre 2. ro\u010dn\u00edk gymn\u00e1zia a&nbsp;6. ro\u010dn\u00edk gymn\u00e1zi\u00e1 s&nbsp;osemro\u010dn\u00fdm \u0161t\u00fadiom, 3. vydanie, Bratislava &#8211; SPN Mlad\u00e9 l\u00e1ta, 2021, 156 str\u00e1n. ISBN 978-80-10-02286-1.<\/li>\n\n\n\n<li>U\u0160\u00c1KOV\u00c1 K. a&nbsp;kol.: Biol\u00f3gia pre gymn\u00e1zia 6., 1. vydanie, Bratislava- &nbsp;EXPOL pedagogika, 2005, 104 str\u00e1n. ISBN 80-89003-81-8.<\/li>\n\n\n\n<li>HAN\u010cOV\u00c1, H., VLKOV\u00c1, M.: Biol\u00f3gia II v&nbsp;kocke pre stredn\u00e9 \u0161koly &#8211; Biol\u00f3gia \u010dloveka, 1. vydanie, Bratislava &#8211; Vydavate\u013estvo Art Area, 150 str\u00e1n. ISBN 80-88879-70-1.<\/li>\n\n\n\n<li>BENE\u0160OV\u00c1, M. a&nbsp;kol.: Zmaturuj z&nbsp;biol\u00f3gie, 1. vydanie, Bratislava &#8211; Vydavate\u013estvo Didaktis, 2006, &nbsp; 210 str\u00e1n. ISBN 80-86285-87-1.<\/li>\n<\/ul>\n\n\n\n<hr class=\"wp-block-separator has-alpha-channel-opacity\"\/>\n\n\n\n<p><strong><u>FYZIKA<\/u><\/strong><\/p>\n\n\n\n<p><strong>Pod\u013ea:<\/strong> \u0160t\u00e1tneho vzdel\u00e1vacieho programu ISCED 3A<\/p>\n\n\n\n<p><strong>Vzdel\u00e1vacia oblas\u0165:<\/strong> \u010clovek a pr\u00edroda &#8211; fyzika<\/p>\n\n\n\n<p><strong>Obsah t\u00e9m:<\/strong><\/p>\n\n\n\n<p><strong>POZOROVANIE, MERANIE, EXPERIMENT<\/strong><\/p>\n\n\n\n<ul>\n<li>z\u00e1kladn\u00e9 fyzik\u00e1lne veli\u010diny s\u00fastavy SI a ich jednotky<\/li>\n\n\n\n<li>vyjadrenie hodnoty veli\u010diny pomocou r\u00f4znych n\u00e1sobkov a dielov jednotky s predponami<\/li>\n<\/ul>\n\n\n\n<p><strong>PERIODICK\u00c9 DEJE<\/strong><\/p>\n\n\n\n<ul>\n<li>periodick\u00e9 deje v&nbsp;pr\u00edrode<\/li>\n\n\n\n<li>kmity a vlny<\/li>\n\n\n\n<li>kmitanie, peri\u00f3da, frekvencia, okam\u017eit\u00e1 v\u00fdchylka, amplit\u00fada kmitania<\/li>\n\n\n\n<li>frekvencia, vlnov\u00e1 d\u013a\u017eka, r\u00fdchlos\u0165 vlny<\/li>\n\n\n\n<li>vlnoplocha<\/li>\n<\/ul>\n\n\n\n<p><strong>ELEKTROMAGNETICK\u00c9 \u017dIARENIE a \u010cASTICE MIKROSVETA<\/strong><\/p>\n\n\n\n<ul>\n<li>vidite\u013en\u00e9 \u017eiarenie<\/li>\n\n\n\n<li>interferencia svetla<\/li>\n\n\n\n<li>emisn\u00e9 spektrum, \u010diarov\u00e9 spektrum, spojit\u00e9 spektrum<\/li>\n\n\n\n<li>princ\u00edp rozkladu svetla na spektrum hranolom a optickou mrie\u017ekou<\/li>\n\n\n\n<li>tepeln\u00e9 \u017eiarenie<\/li>\n\n\n\n<li>prenos energie tepeln\u00fdm \u017eiaren\u00edm<\/li>\n\n\n\n<li>infra\u010derven\u00e9 a ultrafialov\u00e9 \u017eiarenie, ich vlastnosti a vyu\u017eitie<\/li>\n\n\n\n<li>fot\u00f3n \u017eiarenia<\/li>\n\n\n\n<li>r\u00f6ntgenov\u00e9 \u017eiarenie, vyu\u017eitie v medic\u00edne a priemysle<\/li>\n\n\n\n<li>r\u00e1dioaktivita, \u017eiarenie alfa, beta, gama<\/li>\n<\/ul>\n\n\n\n<p><strong>ENERGIE A&nbsp;JEJ VZ\u00c1JOMN\u00c9 PREMENY<\/strong><\/p>\n\n\n\n<ul>\n<li>elektrick\u00e9 vlastnosti tuh\u00fdch l\u00e1tok<\/li>\n\n\n\n<li>magnetick\u00e9 vlastnosti l\u00e1tok<\/li>\n<\/ul>\n\n\n\n<p><strong>Pou\u017eit\u00e1 a odpor\u00fa\u010dan\u00e1 literat\u00fara:<\/strong>&nbsp;U\u010debnice fyziky pre gymn\u00e1zia<\/p>\n\n\n\n<ul>\n<li>KOUBEK V. a kol. 2009. Fyzika pre 1. ro\u010dn\u00edk gymn\u00e1zia. 1. vyd. Prievidza : Zdru\u017eenie EDUCO, 2009. 152 s. ISBN 978-80-89431-00-7.<\/li>\n\n\n\n<li>DEMKANIN, P. a kol. 2010. Fyzika pre 2. ro\u010dn\u00edk gymn\u00e1zia a 6. ro\u010dn\u00edk gymn\u00e1zia s osemro\u010dn\u00fdm \u0161t\u00fadiom. 1. vyd. Prievidza : Zdru\u017eenie EDUCO, 2010. 127 s. ISBN 978-80-89431-10-6.<\/li>\n\n\n\n<li>DEMKANIN, P., HORV\u00c1THOV\u00c1, M. 2012. Fyzika pre 3. ro\u010dn\u00edk gymn\u00e1zia a 7. ro\u010dn\u00edk gymn\u00e1zia s osemro\u010dn\u00fdm \u0161t\u00fadiom. 1. vyd. Prievidza : Zdru\u017eenie EDUCO, 2012. 96 s. ISBN 978-80-89431- 35-9.<\/li>\n\n\n\n<li>Pi\u0161\u00fat, J. a kol: Fyzika pre 2.ro\u010dn\u00edk gymn\u00e1zi\u00ed. SPN, Bratislava 2005, ISBN 80-10-00759-5<\/li>\n\n\n\n<li>LEPIL, O. \u2013 Houdek, V. \u2013 PECHO, A. 1986. Fyzika pre 3. ro\u010dn\u00edk gymn\u00e1zia. Bratislava: SPN. 1986. 312 s<\/li>\n\n\n\n<li>PI\u0160\u00daT, J. a kol.: Fyzika pre 4. ro\u010dn\u00edk gymn\u00e1zi\u00ed. 6.vyd. Bratislava : Slovensk\u00e9 pedagogick\u00e9 nakladate\u013estvo \u2013 Mlad\u00e9 let\u00e1, 2003. 214 s. ISBN 80-10-00191-0<\/li>\n\n\n\n<li>Doc. RNDr. O. Lepil a kolekt\u00edv, Fyzika pre 3. ro\u010dn\u00edk gymn\u00e1zia, Slovensk\u00e9 pedagogick\u00e9 nakladate\u013estvo 1991, ISBN 80-08-01449-0<\/li>\n\n\n\n<li>Svoboda, E. et al.:Fyzika pre 2.ro\u010dn\u00edk gymn\u00e1zia. vyd Bratislava: SPN, 1991.328 s. ISBN 80-08-01448-2<\/li>\n\n\n\n<li>J. Pi\u0161\u00fat a kol.: Fyzika pre 4. ro\u010dn\u00edk gymn\u00e1zi\u00ed, SPN Bratislava, 1995, ISBN: 80-08-00484-3<\/li>\n<\/ul>\n","protected":false},"excerpt":{"rendered":"<p>BIOL\u00d3GIA Pod\u013ea:&nbsp;\u0160t\u00e1tneho vzdel\u00e1vacieho programu ISCED 3A Vzdel\u00e1vacia oblas\u0165: \u010clovek a&nbsp;pr\u00edroda \u2013 Biol\u00f3gia Obsah t\u00e9m: Z\u00c1KLADN\u00c9 ZNAKY, VLASTNOSTI A&nbsp;PREJAVY \u017dIV\u00ddCH S\u00daSTAV &#8211; Bunka &#8211; Z\u00e1kladn\u00e1 stavba \u017eivo\u010d\u00ed\u0161neho organizmu &#8211; Metabolick\u00e9 procesy &#8211; Rozmno\u017eovanie, rast a v\u00fdvin &#8211; Podstata dedi\u010dnosti BIOL\u00d3GIA \u010cLOVEKA A&nbsp;OCHRANA ZDRAVIA &#8211; Tvar, opora a&nbsp;povrch tela &#8211; S\u00fastavy l\u00e1tkovej v\u00fdmeny &#8211; Riadiace s\u00fastavy a&nbsp;regula\u010dn\u00e9 &hellip;<br \/><a href=\"https:\/\/moyzeska.sk\/index.php\/okruhy-tem-pre-pks-a-vos\/\" class=\"more-link pen_button pen_element_default pen_icon_arrow_double\">Zobrazi\u0165<\/a><\/p>\n","protected":false},"author":1,"featured_media":0,"parent":0,"menu_order":0,"comment_status":"closed","ping_status":"closed","template":"","meta":{"_monsterinsights_skip_tracking":false,"_monsterinsights_sitenote_active":false,"_monsterinsights_sitenote_note":"","_monsterinsights_sitenote_category":0},"yoast_head":"<!-- This site is optimized with the Yoast SEO plugin v21.8.1 - https:\/\/yoast.com\/wordpress\/plugins\/seo\/ -->\n<title>Okruhy t\u00e9m pre PK\u0160 a VO\u0160 - Stredn\u00e1 zdravotn\u00edcka \u0161kola, Moyzesova 17, Ko\u0161ice<\/title>\n<meta name=\"robots\" content=\"index, follow, max-snippet:-1, max-image-preview:large, max-video-preview:-1\" \/>\n<link rel=\"canonical\" href=\"https:\/\/moyzeska.sk\/index.php\/okruhy-tem-pre-pks-a-vos\/\" \/>\n<meta property=\"og:locale\" content=\"sk_SK\" \/>\n<meta property=\"og:type\" content=\"article\" \/>\n<meta property=\"og:title\" content=\"Okruhy t\u00e9m pre PK\u0160 a VO\u0160 - Stredn\u00e1 zdravotn\u00edcka \u0161kola, Moyzesova 17, Ko\u0161ice\" \/>\n<meta property=\"og:description\" content=\"BIOL\u00d3GIA Pod\u013ea:&nbsp;\u0160t\u00e1tneho vzdel\u00e1vacieho programu ISCED 3A Vzdel\u00e1vacia oblas\u0165: \u010clovek a&nbsp;pr\u00edroda \u2013 Biol\u00f3gia Obsah t\u00e9m: Z\u00c1KLADN\u00c9 ZNAKY, VLASTNOSTI A&nbsp;PREJAVY \u017dIV\u00ddCH S\u00daSTAV &#8211; Bunka &#8211; Z\u00e1kladn\u00e1 stavba \u017eivo\u010d\u00ed\u0161neho organizmu &#8211; Metabolick\u00e9 procesy &#8211; Rozmno\u017eovanie, rast a v\u00fdvin &#8211; Podstata dedi\u010dnosti BIOL\u00d3GIA \u010cLOVEKA A&nbsp;OCHRANA ZDRAVIA &#8211; Tvar, opora a&nbsp;povrch tela &#8211; S\u00fastavy l\u00e1tkovej v\u00fdmeny &#8211; Riadiace s\u00fastavy a&nbsp;regula\u010dn\u00e9 &hellip;Zobrazi\u0165\" \/>\n<meta property=\"og:url\" content=\"https:\/\/moyzeska.sk\/index.php\/okruhy-tem-pre-pks-a-vos\/\" \/>\n<meta property=\"og:site_name\" content=\"Stredn\u00e1 zdravotn\u00edcka \u0161kola, Moyzesova 17, Ko\u0161ice\" \/>\n<meta property=\"article:publisher\" content=\"https:\/\/www.facebook.com\/Moyzeska\" \/>\n<meta property=\"article:modified_time\" content=\"2026-04-23T10:58:29+00:00\" \/>\n<meta name=\"twitter:card\" content=\"summary_large_image\" \/>\n<meta name=\"twitter:label1\" content=\"Predpokladan\u00fd \u010das \u010d\u00edtania\" \/>\n\t<meta name=\"twitter:data1\" content=\"3 min\u00faty\" \/>\n<script type=\"application\/ld+json\" class=\"yoast-schema-graph\">{\"@context\":\"https:\/\/schema.org\",\"@graph\":[{\"@type\":\"WebPage\",\"@id\":\"https:\/\/moyzeska.sk\/index.php\/okruhy-tem-pre-pks-a-vos\/\",\"url\":\"https:\/\/moyzeska.sk\/index.php\/okruhy-tem-pre-pks-a-vos\/\",\"name\":\"Okruhy t\u00e9m pre PK\u0160 a VO\u0160 - Stredn\u00e1 zdravotn\u00edcka \u0161kola, Moyzesova 17, Ko\u0161ice\",\"isPartOf\":{\"@id\":\"https:\/\/moyzeska.sk\/#website\"},\"datePublished\":\"2026-04-23T10:58:28+00:00\",\"dateModified\":\"2026-04-23T10:58:29+00:00\",\"breadcrumb\":{\"@id\":\"https:\/\/moyzeska.sk\/index.php\/okruhy-tem-pre-pks-a-vos\/#breadcrumb\"},\"inLanguage\":\"sk-SK\",\"potentialAction\":[{\"@type\":\"ReadAction\",\"target\":[\"https:\/\/moyzeska.sk\/index.php\/okruhy-tem-pre-pks-a-vos\/\"]}]},{\"@type\":\"BreadcrumbList\",\"@id\":\"https:\/\/moyzeska.sk\/index.php\/okruhy-tem-pre-pks-a-vos\/#breadcrumb\",\"itemListElement\":[{\"@type\":\"ListItem\",\"position\":1,\"name\":\"Home\",\"item\":\"https:\/\/moyzeska.sk\/\"},{\"@type\":\"ListItem\",\"position\":2,\"name\":\"Okruhy t\u00e9m pre PK\u0160 a VO\u0160\"}]},{\"@type\":\"WebSite\",\"@id\":\"https:\/\/moyzeska.sk\/#website\",\"url\":\"https:\/\/moyzeska.sk\/\",\"name\":\"Stredn\u00e1 zdravotn\u00edcka \u0161kola, Moyzesova 17, Ko\u0161ice\",\"description\":\"\",\"publisher\":{\"@id\":\"https:\/\/moyzeska.sk\/#organization\"},\"potentialAction\":[{\"@type\":\"SearchAction\",\"target\":{\"@type\":\"EntryPoint\",\"urlTemplate\":\"https:\/\/moyzeska.sk\/?s={search_term_string}\"},\"query-input\":\"required name=search_term_string\"}],\"inLanguage\":\"sk-SK\"},{\"@type\":\"Organization\",\"@id\":\"https:\/\/moyzeska.sk\/#organization\",\"name\":\"Stredn\u00e1 zdravotn\u00edcka \u0161kola, Moyzesova 17, Ko\u0161ice\",\"url\":\"https:\/\/moyzeska.sk\/\",\"logo\":{\"@type\":\"ImageObject\",\"inLanguage\":\"sk-SK\",\"@id\":\"https:\/\/moyzeska.sk\/#\/schema\/logo\/image\/\",\"url\":\"https:\/\/moyzeska.sk\/wp-content\/uploads\/2020\/09\/SZS-logo.png\",\"contentUrl\":\"https:\/\/moyzeska.sk\/wp-content\/uploads\/2020\/09\/SZS-logo.png\",\"width\":300,\"height\":300,\"caption\":\"Stredn\u00e1 zdravotn\u00edcka \u0161kola, Moyzesova 17, Ko\u0161ice\"},\"image\":{\"@id\":\"https:\/\/moyzeska.sk\/#\/schema\/logo\/image\/\"},\"sameAs\":[\"https:\/\/www.facebook.com\/Moyzeska\",\"https:\/\/www.instagram.com\/moyzeska\/\"]}]}<\/script>\n<!-- \/ Yoast SEO plugin. -->","yoast_head_json":{"title":"Okruhy t\u00e9m pre PK\u0160 a VO\u0160 - Stredn\u00e1 zdravotn\u00edcka \u0161kola, Moyzesova 17, Ko\u0161ice","robots":{"index":"index","follow":"follow","max-snippet":"max-snippet:-1","max-image-preview":"max-image-preview:large","max-video-preview":"max-video-preview:-1"},"canonical":"https:\/\/moyzeska.sk\/index.php\/okruhy-tem-pre-pks-a-vos\/","og_locale":"sk_SK","og_type":"article","og_title":"Okruhy t\u00e9m pre PK\u0160 a VO\u0160 - Stredn\u00e1 zdravotn\u00edcka \u0161kola, Moyzesova 17, Ko\u0161ice","og_description":"BIOL\u00d3GIA Pod\u013ea:&nbsp;\u0160t\u00e1tneho vzdel\u00e1vacieho programu ISCED 3A Vzdel\u00e1vacia oblas\u0165: \u010clovek a&nbsp;pr\u00edroda \u2013 Biol\u00f3gia Obsah t\u00e9m: Z\u00c1KLADN\u00c9 ZNAKY, VLASTNOSTI A&nbsp;PREJAVY \u017dIV\u00ddCH S\u00daSTAV &#8211; Bunka &#8211; Z\u00e1kladn\u00e1 stavba \u017eivo\u010d\u00ed\u0161neho organizmu &#8211; Metabolick\u00e9 procesy &#8211; Rozmno\u017eovanie, rast a v\u00fdvin &#8211; Podstata dedi\u010dnosti BIOL\u00d3GIA \u010cLOVEKA A&nbsp;OCHRANA ZDRAVIA &#8211; Tvar, opora a&nbsp;povrch tela &#8211; S\u00fastavy l\u00e1tkovej v\u00fdmeny &#8211; Riadiace s\u00fastavy a&nbsp;regula\u010dn\u00e9 &hellip;Zobrazi\u0165","og_url":"https:\/\/moyzeska.sk\/index.php\/okruhy-tem-pre-pks-a-vos\/","og_site_name":"Stredn\u00e1 zdravotn\u00edcka \u0161kola, Moyzesova 17, Ko\u0161ice","article_publisher":"https:\/\/www.facebook.com\/Moyzeska","article_modified_time":"2026-04-23T10:58:29+00:00","twitter_card":"summary_large_image","twitter_misc":{"Predpokladan\u00fd \u010das \u010d\u00edtania":"3 min\u00faty"},"schema":{"@context":"https:\/\/schema.org","@graph":[{"@type":"WebPage","@id":"https:\/\/moyzeska.sk\/index.php\/okruhy-tem-pre-pks-a-vos\/","url":"https:\/\/moyzeska.sk\/index.php\/okruhy-tem-pre-pks-a-vos\/","name":"Okruhy t\u00e9m pre PK\u0160 a VO\u0160 - Stredn\u00e1 zdravotn\u00edcka \u0161kola, Moyzesova 17, Ko\u0161ice","isPartOf":{"@id":"https:\/\/moyzeska.sk\/#website"},"datePublished":"2026-04-23T10:58:28+00:00","dateModified":"2026-04-23T10:58:29+00:00","breadcrumb":{"@id":"https:\/\/moyzeska.sk\/index.php\/okruhy-tem-pre-pks-a-vos\/#breadcrumb"},"inLanguage":"sk-SK","potentialAction":[{"@type":"ReadAction","target":["https:\/\/moyzeska.sk\/index.php\/okruhy-tem-pre-pks-a-vos\/"]}]},{"@type":"BreadcrumbList","@id":"https:\/\/moyzeska.sk\/index.php\/okruhy-tem-pre-pks-a-vos\/#breadcrumb","itemListElement":[{"@type":"ListItem","position":1,"name":"Home","item":"https:\/\/moyzeska.sk\/"},{"@type":"ListItem","position":2,"name":"Okruhy t\u00e9m pre PK\u0160 a VO\u0160"}]},{"@type":"WebSite","@id":"https:\/\/moyzeska.sk\/#website","url":"https:\/\/moyzeska.sk\/","name":"Stredn\u00e1 zdravotn\u00edcka \u0161kola, Moyzesova 17, Ko\u0161ice","description":"","publisher":{"@id":"https:\/\/moyzeska.sk\/#organization"},"potentialAction":[{"@type":"SearchAction","target":{"@type":"EntryPoint","urlTemplate":"https:\/\/moyzeska.sk\/?s={search_term_string}"},"query-input":"required name=search_term_string"}],"inLanguage":"sk-SK"},{"@type":"Organization","@id":"https:\/\/moyzeska.sk\/#organization","name":"Stredn\u00e1 zdravotn\u00edcka \u0161kola, Moyzesova 17, Ko\u0161ice","url":"https:\/\/moyzeska.sk\/","logo":{"@type":"ImageObject","inLanguage":"sk-SK","@id":"https:\/\/moyzeska.sk\/#\/schema\/logo\/image\/","url":"https:\/\/moyzeska.sk\/wp-content\/uploads\/2020\/09\/SZS-logo.png","contentUrl":"https:\/\/moyzeska.sk\/wp-content\/uploads\/2020\/09\/SZS-logo.png","width":300,"height":300,"caption":"Stredn\u00e1 zdravotn\u00edcka \u0161kola, Moyzesova 17, Ko\u0161ice"},"image":{"@id":"https:\/\/moyzeska.sk\/#\/schema\/logo\/image\/"},"sameAs":["https:\/\/www.facebook.com\/Moyzeska","https:\/\/www.instagram.com\/moyzeska\/"]}]}},"_links":{"self":[{"href":"https:\/\/moyzeska.sk\/index.php\/wp-json\/wp\/v2\/pages\/9161"}],"collection":[{"href":"https:\/\/moyzeska.sk\/index.php\/wp-json\/wp\/v2\/pages"}],"about":[{"href":"https:\/\/moyzeska.sk\/index.php\/wp-json\/wp\/v2\/types\/page"}],"author":[{"embeddable":true,"href":"https:\/\/moyzeska.sk\/index.php\/wp-json\/wp\/v2\/users\/1"}],"replies":[{"embeddable":true,"href":"https:\/\/moyzeska.sk\/index.php\/wp-json\/wp\/v2\/comments?post=9161"}],"version-history":[{"count":1,"href":"https:\/\/moyzeska.sk\/index.php\/wp-json\/wp\/v2\/pages\/9161\/revisions"}],"predecessor-version":[{"id":9164,"href":"https:\/\/moyzeska.sk\/index.php\/wp-json\/wp\/v2\/pages\/9161\/revisions\/9164"}],"wp:attachment":[{"href":"https:\/\/moyzeska.sk\/index.php\/wp-json\/wp\/v2\/media?parent=9161"}],"curies":[{"name":"wp","href":"https:\/\/api.w.org\/{rel}","templated":true}]}}