{"id":8656,"date":"2026-01-30T12:57:34","date_gmt":"2026-01-30T11:57:34","guid":{"rendered":"https:\/\/moyzeska.sk\/?page_id=8656"},"modified":"2026-02-24T13:53:55","modified_gmt":"2026-02-24T12:53:55","slug":"inovativne-postupy","status":"publish","type":"page","link":"https:\/\/moyzeska.sk\/index.php\/inovativne-postupy\/","title":{"rendered":"Inovat\u00edvne postupy"},"content":{"rendered":"\n<p class=\"has-text-align-left\">N\u00e1zov projektu: <strong>Inovat\u00edvne postupy v odbornej pr\u00edprave \u017eiakov zdravotn\u00edckych odborov<\/strong><\/p>\n\n\n\n<p><strong>Projekt realizovan\u00fd v&nbsp;r\u00e1mci programu ERASMUS+<\/strong><\/p>\n\n\n\n<figure class=\"wp-block-image size-large is-resized\"><img decoding=\"async\" loading=\"lazy\" src=\"https:\/\/moyzeska.sk\/wp-content\/uploads\/2025\/09\/image-1024x215.png\" alt=\"\" class=\"wp-image-7813\" width=\"291\" height=\"61\" srcset=\"https:\/\/moyzeska.sk\/wp-content\/uploads\/2025\/09\/image-1024x215.png 1024w, https:\/\/moyzeska.sk\/wp-content\/uploads\/2025\/09\/image-300x63.png 300w, https:\/\/moyzeska.sk\/wp-content\/uploads\/2025\/09\/image-768x161.png 768w, https:\/\/moyzeska.sk\/wp-content\/uploads\/2025\/09\/image-1536x322.png 1536w, https:\/\/moyzeska.sk\/wp-content\/uploads\/2025\/09\/image.png 1999w\" sizes=\"(max-width: 291px) 100vw, 291px\" \/><\/figure>\n\n\n\n<p>Prihl\u00e1\u0161ka na SOP v \u010ceskej republike pre \u017eiakov 3. ro\u010dn\u00edka:<\/p>\n\n\n\n<div class=\"wp-block-file\"><a id=\"wp-block-file--media-b67cbf2b-6c1c-49d5-99f7-d80cbc9da860\" href=\"https:\/\/moyzeska.sk\/wp-content\/uploads\/2026\/02\/prihlaska_na_mobilitu_erasmus.docx\">Prihl\u00e1\u0161ka na mobilitu<\/a><a href=\"https:\/\/moyzeska.sk\/wp-content\/uploads\/2026\/02\/prihlaska_na_mobilitu_erasmus.docx\" class=\"wp-block-file__button wp-element-button\" download aria-describedby=\"wp-block-file--media-b67cbf2b-6c1c-49d5-99f7-d80cbc9da860\">Stiahnu\u0165<\/a><\/div>\n\n\n\n<p><strong>Realizovan\u00e9 aktivity:<\/strong><\/p>\n\n\n\n<p>\u00da\u010das\u0165 na s\u00fa\u0165a\u017eiach v zru\u010dnostiach v OVP \u2013 12. 11. 2025 <a href=\"https:\/\/moyzeska.sk\/index.php\/2025\/11\/21\/medzinarodna-sutaz-ocnych-optikov-v-prahe\/\" target=\"_blank\" rel=\"noreferrer noopener\">Medzinarodn\u00e1 s\u00fa\u0165a\u017e o\u010dn\u00fdch optikov v Prahe<\/a><\/p>\n\n\n\n<p>Pozorovanie pri pr\u00e1ci &#8211; 24. 11. \u2013 28. 11. 2025 <a href=\"https:\/\/moyzeska.sk\/index.php\/2025\/12\/14\/erasmus-v-prahe\/\" target=\"_blank\" rel=\"noreferrer noopener\">Erasmus+ v Prahe<\/a><\/p>\n\n\n\n<p><strong>Z\u00e1kladn\u00e9 inform\u00e1cie o&nbsp;projekte<\/strong><\/p>\n\n\n\n<p>\u010c\u00edslo projektu: 2025-1-SK01-KA122-VET-000342580<\/p>\n\n\n\n<p>V\u00fdzva 2025 1. kolo KA1<\/p>\n\n\n\n<p>Typ akcie: Kr\u00e1tkodob\u00e9 projekty mobility u\u010diacich sa a zamestnancov v sektore odborn\u00e9ho vzdel\u00e1vania a pr\u00edpravy (KA122-VET)<\/p>\n\n\n\n<p>Obdobie realiz\u00e1cie projektu: 1. 9. 2025 \u2013 28. 2. 2027<\/p>\n\n\n\n<p>V\u00fd\u0161ka grantu: 68 378 EUR<\/p>\n\n\n\n<p><strong>Hlavn\u00e9 ciele projektu:<\/strong><\/p>\n\n\n\n<ul>\n<li>podpori\u0165 a zdokonali\u0165 profesijn\u00e9 zru\u010dnosti \u017eiakov v zdravotn\u00edckych zariadeniach,<\/li>\n\n\n\n<li>umo\u017eni\u0165 \u017eiakom integrova\u0165 sa a orientova\u0165 sa v eur\u00f3pskom pracovnom prostred\u00ed,<\/li>\n\n\n\n<li>posilni\u0165 u&nbsp;\u017eiakov zodpovednos\u0165, samostatnos\u0165, schopnos\u0165 presadi\u0165 sa na trhu pr\u00e1ce,<\/li>\n\n\n\n<li>rozv\u00edja\u0165 a prehlbova\u0165 \u00farove\u0148 k\u013e\u00fa\u010dov\u00fdch a odborn\u00fdch kompetenci\u00ed \u017eiakov aj u\u010dite\u013eov,<\/li>\n\n\n\n<li>motivova\u0165 \u017eiakov k osobnostn\u00e9mu, odborn\u00e9mu a profesijn\u00e9mu rastu.<\/li>\n<\/ul>\n\n\n\n<p><strong>Aktivity projektu:<\/strong><\/p>\n\n\n\n<ul>\n<li>Kr\u00e1tkodob\u00e1 vzdel\u00e1vacia mobilita u\u010diacich sa v&nbsp;OVP<\/li>\n\n\n\n<li>Pozorovanie pri pr\u00e1ci<\/li>\n\n\n\n<li>\u00da\u010das\u0165 na s\u00fa\u0165a\u017eiach v zru\u010dnostiach v&nbsp;OVP<\/li>\n<\/ul>\n\n\n\n<p><strong>Kr\u00e1tkodob\u00e1 vzdel\u00e1vacia mobilita u\u010diacich sa v&nbsp;OVP<\/strong><\/p>\n\n\n\n<p>\u017diaci 3. ro\u010dn\u00edka bud\u00fa po\u010das dvoch t\u00fd\u017ed\u0148ov v s\u00falade so \u0161t\u00e1tnym vzdel\u00e1vac\u00edm programom vykon\u00e1va\u0165 s\u00favisl\u00fa odborn\u00fa prax v&nbsp;\u0161pi\u010dkovo vybaven\u00fdch zdravotn\u00edckych zariadeniach v&nbsp;\u010ceskej republike. Mobility sa z\u00fa\u010dastn\u00ed 20 \u017eiakov (5 \u017eiakov \u0161tudijn\u00e9ho odboru farmaceutick\u00fd laborant, 5 \u017eiakov \u0161tudijn\u00e9ho odboru zdravotn\u00edcky laborant, 5 \u017eiakov \u0161tudijn\u00e9ho odboru o\u010dn\u00fd optik, 5 \u017eiakov \u0161tudijn\u00e9ho odboru zubn\u00fd asistent) a 4 sprev\u00e1dzaj\u00faci u\u010ditelia zastupuj\u00faci uveden\u00e9 \u0161tudijn\u00e9 odbory.<\/p>\n\n\n\n<p>Predpokladan\u00fd term\u00edn mobility: 8. \u2013 19. j\u00fan 2026<\/p>\n\n\n\n<p>V\u00fdber \u00fa\u010dastn\u00edkov mobility bude prebieha\u0165 na z\u00e1klade krit\u00e9ri\u00ed. \u017diaci sa bud\u00fa prihlasova\u0165 na zaradenie do v\u00fdberov\u00e9ho procesu prihl\u00e1\u0161kou a motiva\u010dn\u00fdm listom. Term\u00edn na pod\u00e1vanie prihl\u00e1\u0161ky, sp\u00f4sob, ako aj o\u010dak\u00e1van\u00e9 v\u00fdstupy z&nbsp;mobility, bude ozn\u00e1men\u00fd v\u0161etk\u00fdm \u017eiakom 3. ro\u010dn\u00edka a&nbsp;ich z\u00e1konn\u00fdm z\u00e1stupcom prostredn\u00edctvom EduPage za\u010diatkom 2. polroku.<\/p>\n\n\n\n<p>Krit\u00e9ri\u00e1 v\u00fdberu:<\/p>\n\n\n\n<ol type=\"1\">\n<li>Prospech v profilov\u00fdch predmetoch po\u010das cel\u00e9ho obdobia \u0161t\u00fadia<\/li>\n\n\n\n<li>Doch\u00e1dzka v profilov\u00fdch odborn\u00fdch predmetoch<\/li>\n\n\n\n<li>Osobnos\u0165 \u017eiaka &#8211;&nbsp; mor\u00e1lne a pracovn\u00e9 predpoklady, spr\u00e1vanie, samostatnos\u0165, rozhodnos\u0165<\/li>\n\n\n\n<li>Zap\u00e1janie sa do mimo\u0161kolsk\u00fdch aktiv\u00edt \u0161koly\n<ul>\n<li><span style=\"color: initial;\">Prezent\u00e1cia dan\u00e9ho \u0161tudijn\u00e9ho odboru na verejnosti<\/span><\/li>\n\n\n\n<li><span style=\"color: initial;\">Reprezent\u00e1cia \u0161koly v olympi\u00e1dach (okresn\u00e9 kolo, krajsk\u00e9 kolo, celoslovensk\u00e9 kolo)<\/span>               <\/li>\n\n\n\n<li>Zapojenos\u0165 <span style=\"color: initial;\">do SO\u010c<\/span><\/li>\n\n\n\n<li>Reprezent\u00e1cia \u0161koly v&nbsp;ostatn\u00fdch s\u00fa\u0165a\u017eiach<\/li>\n<\/ul>\n<\/li>\n\n\n\n<li>Odpor\u00fa\u010danie ved\u00faceho \u0161tudijn\u00e9ho odboru na z\u00e1klade v\u00fdsledkov praxe<\/li>\n\n\n\n<li>Odpor\u00fa\u010danie triedneho u\u010dite\u013ea na z\u00e1klade pr\u00e1ce v&nbsp;triednom kolekt\u00edve<\/li>\n\n\n\n<li>\u00darove\u0148 motiva\u010dn\u00e9ho listu<\/li>\n<\/ol>\n\n\n\n<p>\u00da\u010dastn\u00edkov mobility spomedzi v\u0161etk\u00fdch uch\u00e1dza\u010dov bude vybera\u0165 komisia, ktor\u00fa vymenuje riadite\u013eka \u0161koly PhDr. Karol\u00edna Vranaiov\u00e1, PhD. MBA.<\/p>\n\n\n\n<p><strong>Pozorovanie pri pr\u00e1ci<\/strong><\/p>\n\n\n\n<p>U\u010ditelia pozorovan\u00edm svojich kolegov pri pr\u00e1ci na Vy\u0161\u0161ej odbornej \u0161kola zdravotn\u00edckej a strednej zdravotn\u00edckej \u0161kola a gymn\u00e1ziu v Prahe po\u010das 3 dn\u00ed z\u00edskaj\u00fa in\u0161pir\u00e1cie a poznatky na skvalitnenie vzdel\u00e1vacieho procesu.<\/p>\n\n\n\n<p>Po\u010det \u00fa\u010dastn\u00edkov: 4 u\u010ditelia odborn\u00fdch predmetov<\/p>\n\n\n\n<p><strong>\u00da\u010das\u0165 na s\u00fa\u0165a\u017eiach v zru\u010dnostiach v&nbsp;OVP<\/strong><\/p>\n\n\n\n<p>V\u00ed\u0165azi \u0161kolsk\u00e9ho kola s\u00fa\u0165a\u017ee o\u010dn\u00fdch optikov sa z\u00fa\u010dastnia 12. novembra 2025 na Medzin\u00e1rodnej s\u00fa\u0165a\u017ei o\u010dn\u00fdch optikov na Vy\u0161\u0161ej odbornej \u0161kola zdravotn\u00edckej a strednej zdravotn\u00edckej \u0161kola a gymn\u00e1ziu v&nbsp;Prahe.<\/p>\n\n\n\n<p>Po\u010det \u00fa\u010dastn\u00edkov: 2 \u017eiaci a&nbsp;1 sprev\u00e1dzaj\u00faci u\u010dite\u013e<\/p>\n\n\n\n<hr class=\"wp-block-separator has-alpha-channel-opacity\"\/>\n","protected":false},"excerpt":{"rendered":"<p>N\u00e1zov projektu: Inovat\u00edvne postupy v odbornej pr\u00edprave \u017eiakov zdravotn\u00edckych odborov Projekt realizovan\u00fd v&nbsp;r\u00e1mci programu ERASMUS+ Prihl\u00e1\u0161ka na SOP v \u010ceskej republike pre \u017eiakov 3. ro\u010dn\u00edka: Realizovan\u00e9 aktivity: \u00da\u010das\u0165 na s\u00fa\u0165a\u017eiach v zru\u010dnostiach v OVP \u2013 12. 11. 2025 Medzinarodn\u00e1 s\u00fa\u0165a\u017e o\u010dn\u00fdch optikov v Prahe Pozorovanie pri pr\u00e1ci &#8211; 24. 11. \u2013 28. 11. 2025 Erasmus+ &hellip;<br \/><a href=\"https:\/\/moyzeska.sk\/index.php\/inovativne-postupy\/\" class=\"more-link pen_button pen_element_default pen_icon_arrow_double\">Zobrazi\u0165<\/a><\/p>\n","protected":false},"author":1,"featured_media":0,"parent":0,"menu_order":0,"comment_status":"closed","ping_status":"closed","template":"","meta":{"_monsterinsights_skip_tracking":false,"_monsterinsights_sitenote_active":false,"_monsterinsights_sitenote_note":"","_monsterinsights_sitenote_category":0},"yoast_head":"<!-- This site is optimized with the Yoast SEO plugin v21.8.1 - https:\/\/yoast.com\/wordpress\/plugins\/seo\/ -->\n<title>Inovat\u00edvne postupy - Stredn\u00e1 zdravotn\u00edcka \u0161kola, Moyzesova 17, Ko\u0161ice<\/title>\n<meta name=\"robots\" content=\"index, follow, max-snippet:-1, max-image-preview:large, max-video-preview:-1\" \/>\n<link rel=\"canonical\" href=\"https:\/\/moyzeska.sk\/index.php\/inovativne-postupy\/\" \/>\n<meta property=\"og:locale\" content=\"sk_SK\" \/>\n<meta property=\"og:type\" content=\"article\" \/>\n<meta property=\"og:title\" content=\"Inovat\u00edvne postupy - Stredn\u00e1 zdravotn\u00edcka \u0161kola, Moyzesova 17, Ko\u0161ice\" \/>\n<meta property=\"og:description\" content=\"N\u00e1zov projektu: Inovat\u00edvne postupy v odbornej pr\u00edprave \u017eiakov zdravotn\u00edckych odborov Projekt realizovan\u00fd v&nbsp;r\u00e1mci programu ERASMUS+ Prihl\u00e1\u0161ka na SOP v \u010ceskej republike pre \u017eiakov 3. ro\u010dn\u00edka: Realizovan\u00e9 aktivity: \u00da\u010das\u0165 na s\u00fa\u0165a\u017eiach v zru\u010dnostiach v OVP \u2013 12. 11. 2025 Medzinarodn\u00e1 s\u00fa\u0165a\u017e o\u010dn\u00fdch optikov v Prahe Pozorovanie pri pr\u00e1ci &#8211; 24. 11. \u2013 28. 11. 2025 Erasmus+ &hellip;Zobrazi\u0165\" \/>\n<meta property=\"og:url\" content=\"https:\/\/moyzeska.sk\/index.php\/inovativne-postupy\/\" \/>\n<meta property=\"og:site_name\" content=\"Stredn\u00e1 zdravotn\u00edcka \u0161kola, Moyzesova 17, Ko\u0161ice\" \/>\n<meta property=\"article:publisher\" content=\"https:\/\/www.facebook.com\/Moyzeska\" \/>\n<meta property=\"article:modified_time\" content=\"2026-02-24T12:53:55+00:00\" \/>\n<meta property=\"og:image\" content=\"https:\/\/moyzeska.sk\/wp-content\/uploads\/2025\/09\/image-1024x215.png\" \/>\n<meta name=\"twitter:card\" content=\"summary_large_image\" \/>\n<meta name=\"twitter:label1\" content=\"Predpokladan\u00fd \u010das \u010d\u00edtania\" \/>\n\t<meta name=\"twitter:data1\" content=\"3 min\u00faty\" \/>\n<script type=\"application\/ld+json\" class=\"yoast-schema-graph\">{\"@context\":\"https:\/\/schema.org\",\"@graph\":[{\"@type\":\"WebPage\",\"@id\":\"https:\/\/moyzeska.sk\/index.php\/inovativne-postupy\/\",\"url\":\"https:\/\/moyzeska.sk\/index.php\/inovativne-postupy\/\",\"name\":\"Inovat\u00edvne postupy - Stredn\u00e1 zdravotn\u00edcka \u0161kola, Moyzesova 17, Ko\u0161ice\",\"isPartOf\":{\"@id\":\"https:\/\/moyzeska.sk\/#website\"},\"datePublished\":\"2026-01-30T11:57:34+00:00\",\"dateModified\":\"2026-02-24T12:53:55+00:00\",\"breadcrumb\":{\"@id\":\"https:\/\/moyzeska.sk\/index.php\/inovativne-postupy\/#breadcrumb\"},\"inLanguage\":\"sk-SK\",\"potentialAction\":[{\"@type\":\"ReadAction\",\"target\":[\"https:\/\/moyzeska.sk\/index.php\/inovativne-postupy\/\"]}]},{\"@type\":\"BreadcrumbList\",\"@id\":\"https:\/\/moyzeska.sk\/index.php\/inovativne-postupy\/#breadcrumb\",\"itemListElement\":[{\"@type\":\"ListItem\",\"position\":1,\"name\":\"Home\",\"item\":\"https:\/\/moyzeska.sk\/\"},{\"@type\":\"ListItem\",\"position\":2,\"name\":\"Inovat\u00edvne postupy\"}]},{\"@type\":\"WebSite\",\"@id\":\"https:\/\/moyzeska.sk\/#website\",\"url\":\"https:\/\/moyzeska.sk\/\",\"name\":\"Stredn\u00e1 zdravotn\u00edcka \u0161kola, Moyzesova 17, Ko\u0161ice\",\"description\":\"\",\"publisher\":{\"@id\":\"https:\/\/moyzeska.sk\/#organization\"},\"potentialAction\":[{\"@type\":\"SearchAction\",\"target\":{\"@type\":\"EntryPoint\",\"urlTemplate\":\"https:\/\/moyzeska.sk\/?s={search_term_string}\"},\"query-input\":\"required name=search_term_string\"}],\"inLanguage\":\"sk-SK\"},{\"@type\":\"Organization\",\"@id\":\"https:\/\/moyzeska.sk\/#organization\",\"name\":\"Stredn\u00e1 zdravotn\u00edcka \u0161kola, Moyzesova 17, Ko\u0161ice\",\"url\":\"https:\/\/moyzeska.sk\/\",\"logo\":{\"@type\":\"ImageObject\",\"inLanguage\":\"sk-SK\",\"@id\":\"https:\/\/moyzeska.sk\/#\/schema\/logo\/image\/\",\"url\":\"https:\/\/moyzeska.sk\/wp-content\/uploads\/2020\/09\/SZS-logo.png\",\"contentUrl\":\"https:\/\/moyzeska.sk\/wp-content\/uploads\/2020\/09\/SZS-logo.png\",\"width\":300,\"height\":300,\"caption\":\"Stredn\u00e1 zdravotn\u00edcka \u0161kola, Moyzesova 17, Ko\u0161ice\"},\"image\":{\"@id\":\"https:\/\/moyzeska.sk\/#\/schema\/logo\/image\/\"},\"sameAs\":[\"https:\/\/www.facebook.com\/Moyzeska\",\"https:\/\/www.instagram.com\/moyzeska\/\"]}]}<\/script>\n<!-- \/ Yoast SEO plugin. -->","yoast_head_json":{"title":"Inovat\u00edvne postupy - Stredn\u00e1 zdravotn\u00edcka \u0161kola, Moyzesova 17, Ko\u0161ice","robots":{"index":"index","follow":"follow","max-snippet":"max-snippet:-1","max-image-preview":"max-image-preview:large","max-video-preview":"max-video-preview:-1"},"canonical":"https:\/\/moyzeska.sk\/index.php\/inovativne-postupy\/","og_locale":"sk_SK","og_type":"article","og_title":"Inovat\u00edvne postupy - Stredn\u00e1 zdravotn\u00edcka \u0161kola, Moyzesova 17, Ko\u0161ice","og_description":"N\u00e1zov projektu: Inovat\u00edvne postupy v odbornej pr\u00edprave \u017eiakov zdravotn\u00edckych odborov Projekt realizovan\u00fd v&nbsp;r\u00e1mci programu ERASMUS+ Prihl\u00e1\u0161ka na SOP v \u010ceskej republike pre \u017eiakov 3. ro\u010dn\u00edka: Realizovan\u00e9 aktivity: \u00da\u010das\u0165 na s\u00fa\u0165a\u017eiach v zru\u010dnostiach v OVP \u2013 12. 11. 2025 Medzinarodn\u00e1 s\u00fa\u0165a\u017e o\u010dn\u00fdch optikov v Prahe Pozorovanie pri pr\u00e1ci &#8211; 24. 11. \u2013 28. 11. 2025 Erasmus+ &hellip;Zobrazi\u0165","og_url":"https:\/\/moyzeska.sk\/index.php\/inovativne-postupy\/","og_site_name":"Stredn\u00e1 zdravotn\u00edcka \u0161kola, Moyzesova 17, Ko\u0161ice","article_publisher":"https:\/\/www.facebook.com\/Moyzeska","article_modified_time":"2026-02-24T12:53:55+00:00","og_image":[{"url":"https:\/\/moyzeska.sk\/wp-content\/uploads\/2025\/09\/image-1024x215.png"}],"twitter_card":"summary_large_image","twitter_misc":{"Predpokladan\u00fd \u010das \u010d\u00edtania":"3 min\u00faty"},"schema":{"@context":"https:\/\/schema.org","@graph":[{"@type":"WebPage","@id":"https:\/\/moyzeska.sk\/index.php\/inovativne-postupy\/","url":"https:\/\/moyzeska.sk\/index.php\/inovativne-postupy\/","name":"Inovat\u00edvne postupy - Stredn\u00e1 zdravotn\u00edcka \u0161kola, Moyzesova 17, Ko\u0161ice","isPartOf":{"@id":"https:\/\/moyzeska.sk\/#website"},"datePublished":"2026-01-30T11:57:34+00:00","dateModified":"2026-02-24T12:53:55+00:00","breadcrumb":{"@id":"https:\/\/moyzeska.sk\/index.php\/inovativne-postupy\/#breadcrumb"},"inLanguage":"sk-SK","potentialAction":[{"@type":"ReadAction","target":["https:\/\/moyzeska.sk\/index.php\/inovativne-postupy\/"]}]},{"@type":"BreadcrumbList","@id":"https:\/\/moyzeska.sk\/index.php\/inovativne-postupy\/#breadcrumb","itemListElement":[{"@type":"ListItem","position":1,"name":"Home","item":"https:\/\/moyzeska.sk\/"},{"@type":"ListItem","position":2,"name":"Inovat\u00edvne postupy"}]},{"@type":"WebSite","@id":"https:\/\/moyzeska.sk\/#website","url":"https:\/\/moyzeska.sk\/","name":"Stredn\u00e1 zdravotn\u00edcka \u0161kola, Moyzesova 17, Ko\u0161ice","description":"","publisher":{"@id":"https:\/\/moyzeska.sk\/#organization"},"potentialAction":[{"@type":"SearchAction","target":{"@type":"EntryPoint","urlTemplate":"https:\/\/moyzeska.sk\/?s={search_term_string}"},"query-input":"required name=search_term_string"}],"inLanguage":"sk-SK"},{"@type":"Organization","@id":"https:\/\/moyzeska.sk\/#organization","name":"Stredn\u00e1 zdravotn\u00edcka \u0161kola, Moyzesova 17, Ko\u0161ice","url":"https:\/\/moyzeska.sk\/","logo":{"@type":"ImageObject","inLanguage":"sk-SK","@id":"https:\/\/moyzeska.sk\/#\/schema\/logo\/image\/","url":"https:\/\/moyzeska.sk\/wp-content\/uploads\/2020\/09\/SZS-logo.png","contentUrl":"https:\/\/moyzeska.sk\/wp-content\/uploads\/2020\/09\/SZS-logo.png","width":300,"height":300,"caption":"Stredn\u00e1 zdravotn\u00edcka \u0161kola, Moyzesova 17, Ko\u0161ice"},"image":{"@id":"https:\/\/moyzeska.sk\/#\/schema\/logo\/image\/"},"sameAs":["https:\/\/www.facebook.com\/Moyzeska","https:\/\/www.instagram.com\/moyzeska\/"]}]}},"_links":{"self":[{"href":"https:\/\/moyzeska.sk\/index.php\/wp-json\/wp\/v2\/pages\/8656"}],"collection":[{"href":"https:\/\/moyzeska.sk\/index.php\/wp-json\/wp\/v2\/pages"}],"about":[{"href":"https:\/\/moyzeska.sk\/index.php\/wp-json\/wp\/v2\/types\/page"}],"author":[{"embeddable":true,"href":"https:\/\/moyzeska.sk\/index.php\/wp-json\/wp\/v2\/users\/1"}],"replies":[{"embeddable":true,"href":"https:\/\/moyzeska.sk\/index.php\/wp-json\/wp\/v2\/comments?post=8656"}],"version-history":[{"count":5,"href":"https:\/\/moyzeska.sk\/index.php\/wp-json\/wp\/v2\/pages\/8656\/revisions"}],"predecessor-version":[{"id":8825,"href":"https:\/\/moyzeska.sk\/index.php\/wp-json\/wp\/v2\/pages\/8656\/revisions\/8825"}],"wp:attachment":[{"href":"https:\/\/moyzeska.sk\/index.php\/wp-json\/wp\/v2\/media?parent=8656"}],"curies":[{"name":"wp","href":"https:\/\/api.w.org\/{rel}","templated":true}]}}