{"id":8620,"date":"2026-01-26T07:58:10","date_gmt":"2026-01-26T06:58:10","guid":{"rendered":"https:\/\/moyzeska.sk\/?page_id=8620"},"modified":"2026-04-23T13:19:34","modified_gmt":"2026-04-23T11:19:34","slug":"tlaciva-k-prijimacim-skuskam-na-skolsky-rok-2026-2027","status":"publish","type":"page","link":"https:\/\/moyzeska.sk\/index.php\/tlaciva-k-prijimacim-skuskam-na-skolsky-rok-2026-2027\/","title":{"rendered":"Tla\u010div\u00e1 k prij\u00edmac\u00edm sk\u00fa\u0161kam na \u0161kolsk\u00fd rok 2026\/2027"},"content":{"rendered":"\n<p>4-ro\u010dn\u00e9 denn\u00e9 \u0161t\u00fadium:<\/p>\n\n\n\n<div class=\"wp-block-file\"><a id=\"wp-block-file--media-80df064c-28c5-48a1-b77f-649010bcaeb6\" href=\"https:\/\/moyzeska.sk\/wp-content\/uploads\/2026\/01\/Sposobilost_26-27.docx\">Potvrdenie o zdravotnej sp\u00f4sobilosti 2026\/2027<\/a><a href=\"https:\/\/moyzeska.sk\/wp-content\/uploads\/2026\/01\/Sposobilost_26-27.docx\" class=\"wp-block-file__button wp-element-button\" download aria-describedby=\"wp-block-file--media-80df064c-28c5-48a1-b77f-649010bcaeb6\">Stiahnu\u0165<\/a><\/div>\n\n\n\n<hr class=\"wp-block-separator has-alpha-channel-opacity\"\/>\n\n\n\n<p>Nadstavbov\u00e9 \u0161t\u00fadium:<\/p>\n\n\n\n<div class=\"wp-block-file\"><a id=\"wp-block-file--media-ed3b59e2-e156-4c1a-9a97-446cf405f452\" href=\"https:\/\/moyzeska.sk\/wp-content\/uploads\/2026\/04\/Prihlaska_posudok.pdf\">Prihl\u00e1\u0161ka + lek\u00e1rsky posudok 2026\/2027<\/a><a href=\"https:\/\/moyzeska.sk\/wp-content\/uploads\/2026\/04\/Prihlaska_posudok.pdf\" class=\"wp-block-file__button wp-element-button\" download aria-describedby=\"wp-block-file--media-ed3b59e2-e156-4c1a-9a97-446cf405f452\">Stiahnu\u0165<\/a><\/div>\n","protected":false},"excerpt":{"rendered":"<p>4-ro\u010dn\u00e9 denn\u00e9 \u0161t\u00fadium: Nadstavbov\u00e9 \u0161t\u00fadium:<\/p>\n","protected":false},"author":1,"featured_media":0,"parent":0,"menu_order":0,"comment_status":"closed","ping_status":"closed","template":"","meta":{"_monsterinsights_skip_tracking":false,"_monsterinsights_sitenote_active":false,"_monsterinsights_sitenote_note":"","_monsterinsights_sitenote_category":0},"yoast_head":"<!-- This site is optimized with the Yoast SEO plugin v21.8.1 - https:\/\/yoast.com\/wordpress\/plugins\/seo\/ -->\n<title>Tla\u010div\u00e1 k prij\u00edmac\u00edm sk\u00fa\u0161kam na \u0161kolsk\u00fd rok 2026\/2027 - Stredn\u00e1 zdravotn\u00edcka \u0161kola, Moyzesova 17, Ko\u0161ice<\/title>\n<meta name=\"robots\" content=\"index, follow, max-snippet:-1, max-image-preview:large, max-video-preview:-1\" \/>\n<link rel=\"canonical\" href=\"https:\/\/moyzeska.sk\/index.php\/tlaciva-k-prijimacim-skuskam-na-skolsky-rok-2026-2027\/\" \/>\n<meta property=\"og:locale\" content=\"sk_SK\" \/>\n<meta property=\"og:type\" content=\"article\" \/>\n<meta property=\"og:title\" content=\"Tla\u010div\u00e1 k prij\u00edmac\u00edm sk\u00fa\u0161kam na \u0161kolsk\u00fd rok 2026\/2027 - Stredn\u00e1 zdravotn\u00edcka \u0161kola, Moyzesova 17, Ko\u0161ice\" \/>\n<meta property=\"og:description\" content=\"4-ro\u010dn\u00e9 denn\u00e9 \u0161t\u00fadium: Nadstavbov\u00e9 \u0161t\u00fadium:\" \/>\n<meta property=\"og:url\" content=\"https:\/\/moyzeska.sk\/index.php\/tlaciva-k-prijimacim-skuskam-na-skolsky-rok-2026-2027\/\" \/>\n<meta property=\"og:site_name\" content=\"Stredn\u00e1 zdravotn\u00edcka \u0161kola, Moyzesova 17, Ko\u0161ice\" \/>\n<meta property=\"article:publisher\" content=\"https:\/\/www.facebook.com\/Moyzeska\" \/>\n<meta property=\"article:modified_time\" content=\"2026-04-23T11:19:34+00:00\" \/>\n<meta name=\"twitter:card\" content=\"summary_large_image\" \/>\n<meta name=\"twitter:label1\" content=\"Predpokladan\u00fd \u010das \u010d\u00edtania\" \/>\n\t<meta name=\"twitter:data1\" content=\"1 min\u00fata\" \/>\n<script type=\"application\/ld+json\" class=\"yoast-schema-graph\">{\"@context\":\"https:\/\/schema.org\",\"@graph\":[{\"@type\":\"WebPage\",\"@id\":\"https:\/\/moyzeska.sk\/index.php\/tlaciva-k-prijimacim-skuskam-na-skolsky-rok-2026-2027\/\",\"url\":\"https:\/\/moyzeska.sk\/index.php\/tlaciva-k-prijimacim-skuskam-na-skolsky-rok-2026-2027\/\",\"name\":\"Tla\u010div\u00e1 k prij\u00edmac\u00edm sk\u00fa\u0161kam na \u0161kolsk\u00fd rok 2026\/2027 - Stredn\u00e1 zdravotn\u00edcka \u0161kola, Moyzesova 17, Ko\u0161ice\",\"isPartOf\":{\"@id\":\"https:\/\/moyzeska.sk\/#website\"},\"datePublished\":\"2026-01-26T06:58:10+00:00\",\"dateModified\":\"2026-04-23T11:19:34+00:00\",\"breadcrumb\":{\"@id\":\"https:\/\/moyzeska.sk\/index.php\/tlaciva-k-prijimacim-skuskam-na-skolsky-rok-2026-2027\/#breadcrumb\"},\"inLanguage\":\"sk-SK\",\"potentialAction\":[{\"@type\":\"ReadAction\",\"target\":[\"https:\/\/moyzeska.sk\/index.php\/tlaciva-k-prijimacim-skuskam-na-skolsky-rok-2026-2027\/\"]}]},{\"@type\":\"BreadcrumbList\",\"@id\":\"https:\/\/moyzeska.sk\/index.php\/tlaciva-k-prijimacim-skuskam-na-skolsky-rok-2026-2027\/#breadcrumb\",\"itemListElement\":[{\"@type\":\"ListItem\",\"position\":1,\"name\":\"Home\",\"item\":\"https:\/\/moyzeska.sk\/\"},{\"@type\":\"ListItem\",\"position\":2,\"name\":\"Tla\u010div\u00e1 k prij\u00edmac\u00edm sk\u00fa\u0161kam na \u0161kolsk\u00fd rok 2026\/2027\"}]},{\"@type\":\"WebSite\",\"@id\":\"https:\/\/moyzeska.sk\/#website\",\"url\":\"https:\/\/moyzeska.sk\/\",\"name\":\"Stredn\u00e1 zdravotn\u00edcka \u0161kola, Moyzesova 17, Ko\u0161ice\",\"description\":\"\",\"publisher\":{\"@id\":\"https:\/\/moyzeska.sk\/#organization\"},\"potentialAction\":[{\"@type\":\"SearchAction\",\"target\":{\"@type\":\"EntryPoint\",\"urlTemplate\":\"https:\/\/moyzeska.sk\/?s={search_term_string}\"},\"query-input\":\"required name=search_term_string\"}],\"inLanguage\":\"sk-SK\"},{\"@type\":\"Organization\",\"@id\":\"https:\/\/moyzeska.sk\/#organization\",\"name\":\"Stredn\u00e1 zdravotn\u00edcka \u0161kola, Moyzesova 17, Ko\u0161ice\",\"url\":\"https:\/\/moyzeska.sk\/\",\"logo\":{\"@type\":\"ImageObject\",\"inLanguage\":\"sk-SK\",\"@id\":\"https:\/\/moyzeska.sk\/#\/schema\/logo\/image\/\",\"url\":\"https:\/\/moyzeska.sk\/wp-content\/uploads\/2020\/09\/SZS-logo.png\",\"contentUrl\":\"https:\/\/moyzeska.sk\/wp-content\/uploads\/2020\/09\/SZS-logo.png\",\"width\":300,\"height\":300,\"caption\":\"Stredn\u00e1 zdravotn\u00edcka \u0161kola, Moyzesova 17, Ko\u0161ice\"},\"image\":{\"@id\":\"https:\/\/moyzeska.sk\/#\/schema\/logo\/image\/\"},\"sameAs\":[\"https:\/\/www.facebook.com\/Moyzeska\",\"https:\/\/www.instagram.com\/moyzeska\/\"]}]}<\/script>\n<!-- \/ Yoast SEO plugin. -->","yoast_head_json":{"title":"Tla\u010div\u00e1 k prij\u00edmac\u00edm sk\u00fa\u0161kam na \u0161kolsk\u00fd rok 2026\/2027 - Stredn\u00e1 zdravotn\u00edcka \u0161kola, Moyzesova 17, Ko\u0161ice","robots":{"index":"index","follow":"follow","max-snippet":"max-snippet:-1","max-image-preview":"max-image-preview:large","max-video-preview":"max-video-preview:-1"},"canonical":"https:\/\/moyzeska.sk\/index.php\/tlaciva-k-prijimacim-skuskam-na-skolsky-rok-2026-2027\/","og_locale":"sk_SK","og_type":"article","og_title":"Tla\u010div\u00e1 k prij\u00edmac\u00edm sk\u00fa\u0161kam na \u0161kolsk\u00fd rok 2026\/2027 - Stredn\u00e1 zdravotn\u00edcka \u0161kola, Moyzesova 17, Ko\u0161ice","og_description":"4-ro\u010dn\u00e9 denn\u00e9 \u0161t\u00fadium: Nadstavbov\u00e9 \u0161t\u00fadium:","og_url":"https:\/\/moyzeska.sk\/index.php\/tlaciva-k-prijimacim-skuskam-na-skolsky-rok-2026-2027\/","og_site_name":"Stredn\u00e1 zdravotn\u00edcka \u0161kola, Moyzesova 17, Ko\u0161ice","article_publisher":"https:\/\/www.facebook.com\/Moyzeska","article_modified_time":"2026-04-23T11:19:34+00:00","twitter_card":"summary_large_image","twitter_misc":{"Predpokladan\u00fd \u010das \u010d\u00edtania":"1 min\u00fata"},"schema":{"@context":"https:\/\/schema.org","@graph":[{"@type":"WebPage","@id":"https:\/\/moyzeska.sk\/index.php\/tlaciva-k-prijimacim-skuskam-na-skolsky-rok-2026-2027\/","url":"https:\/\/moyzeska.sk\/index.php\/tlaciva-k-prijimacim-skuskam-na-skolsky-rok-2026-2027\/","name":"Tla\u010div\u00e1 k prij\u00edmac\u00edm sk\u00fa\u0161kam na \u0161kolsk\u00fd rok 2026\/2027 - Stredn\u00e1 zdravotn\u00edcka \u0161kola, Moyzesova 17, Ko\u0161ice","isPartOf":{"@id":"https:\/\/moyzeska.sk\/#website"},"datePublished":"2026-01-26T06:58:10+00:00","dateModified":"2026-04-23T11:19:34+00:00","breadcrumb":{"@id":"https:\/\/moyzeska.sk\/index.php\/tlaciva-k-prijimacim-skuskam-na-skolsky-rok-2026-2027\/#breadcrumb"},"inLanguage":"sk-SK","potentialAction":[{"@type":"ReadAction","target":["https:\/\/moyzeska.sk\/index.php\/tlaciva-k-prijimacim-skuskam-na-skolsky-rok-2026-2027\/"]}]},{"@type":"BreadcrumbList","@id":"https:\/\/moyzeska.sk\/index.php\/tlaciva-k-prijimacim-skuskam-na-skolsky-rok-2026-2027\/#breadcrumb","itemListElement":[{"@type":"ListItem","position":1,"name":"Home","item":"https:\/\/moyzeska.sk\/"},{"@type":"ListItem","position":2,"name":"Tla\u010div\u00e1 k prij\u00edmac\u00edm sk\u00fa\u0161kam na \u0161kolsk\u00fd rok 2026\/2027"}]},{"@type":"WebSite","@id":"https:\/\/moyzeska.sk\/#website","url":"https:\/\/moyzeska.sk\/","name":"Stredn\u00e1 zdravotn\u00edcka \u0161kola, Moyzesova 17, Ko\u0161ice","description":"","publisher":{"@id":"https:\/\/moyzeska.sk\/#organization"},"potentialAction":[{"@type":"SearchAction","target":{"@type":"EntryPoint","urlTemplate":"https:\/\/moyzeska.sk\/?s={search_term_string}"},"query-input":"required name=search_term_string"}],"inLanguage":"sk-SK"},{"@type":"Organization","@id":"https:\/\/moyzeska.sk\/#organization","name":"Stredn\u00e1 zdravotn\u00edcka \u0161kola, Moyzesova 17, Ko\u0161ice","url":"https:\/\/moyzeska.sk\/","logo":{"@type":"ImageObject","inLanguage":"sk-SK","@id":"https:\/\/moyzeska.sk\/#\/schema\/logo\/image\/","url":"https:\/\/moyzeska.sk\/wp-content\/uploads\/2020\/09\/SZS-logo.png","contentUrl":"https:\/\/moyzeska.sk\/wp-content\/uploads\/2020\/09\/SZS-logo.png","width":300,"height":300,"caption":"Stredn\u00e1 zdravotn\u00edcka \u0161kola, Moyzesova 17, Ko\u0161ice"},"image":{"@id":"https:\/\/moyzeska.sk\/#\/schema\/logo\/image\/"},"sameAs":["https:\/\/www.facebook.com\/Moyzeska","https:\/\/www.instagram.com\/moyzeska\/"]}]}},"_links":{"self":[{"href":"https:\/\/moyzeska.sk\/index.php\/wp-json\/wp\/v2\/pages\/8620"}],"collection":[{"href":"https:\/\/moyzeska.sk\/index.php\/wp-json\/wp\/v2\/pages"}],"about":[{"href":"https:\/\/moyzeska.sk\/index.php\/wp-json\/wp\/v2\/types\/page"}],"author":[{"embeddable":true,"href":"https:\/\/moyzeska.sk\/index.php\/wp-json\/wp\/v2\/users\/1"}],"replies":[{"embeddable":true,"href":"https:\/\/moyzeska.sk\/index.php\/wp-json\/wp\/v2\/comments?post=8620"}],"version-history":[{"count":2,"href":"https:\/\/moyzeska.sk\/index.php\/wp-json\/wp\/v2\/pages\/8620\/revisions"}],"predecessor-version":[{"id":9179,"href":"https:\/\/moyzeska.sk\/index.php\/wp-json\/wp\/v2\/pages\/8620\/revisions\/9179"}],"wp:attachment":[{"href":"https:\/\/moyzeska.sk\/index.php\/wp-json\/wp\/v2\/media?parent=8620"}],"curies":[{"name":"wp","href":"https:\/\/api.w.org\/{rel}","templated":true}]}}