{"id":8284,"date":"2025-11-20T10:00:28","date_gmt":"2025-11-20T09:00:28","guid":{"rendered":"https:\/\/moyzeska.sk\/?page_id=8284"},"modified":"2026-01-23T12:18:45","modified_gmt":"2026-01-23T11:18:45","slug":"prijimacie-skusky-na-sk-rok-2026-2027","status":"publish","type":"page","link":"https:\/\/moyzeska.sk\/index.php\/prijimacie-skusky-na-sk-rok-2026-2027\/","title":{"rendered":"Prij\u00edmacie sk\u00fa\u0161ky na \u0161k. rok 2026\/2027"},"content":{"rendered":"\n<p>Prij\u00edmacie sk\u00fa\u0161ky na vzdel\u00e1vanie v stredn\u00fdch \u0161kol\u00e1ch na \u0161kolsk\u00fd rok<strong>&nbsp;2026\/2027<\/strong>&nbsp;sa uskuto\u010dnia:<\/p>\n\n\n\n<ul>\n<li>v prvom term\u00edne&nbsp;<strong>4. m\u00e1ja 2026<\/strong>&nbsp;a v pr\u00edpade potreby aj&nbsp;<strong>5. m\u00e1ja 2026<\/strong>,<\/li>\n\n\n\n<li>v druhom term\u00edne&nbsp;<strong>11. m\u00e1ja 2026<\/strong>&nbsp;a v pr\u00edpade potreby aj&nbsp;<strong>12. m\u00e1ja 2026<\/strong>.<\/li>\n<\/ul>\n\n\n\n<hr class=\"wp-block-separator has-alpha-channel-opacity\"\/>\n\n\n\n<p>Z\u00e1konn\u00fd z\u00e1stupca neplnolet\u00e9ho uch\u00e1dza\u010da pod\u00e1va prihl\u00e1\u0161ku na vzdel\u00e1vanie riadite\u013eovi z\u00e1kladnej \u0161koly, ktor\u00fa uch\u00e1dza\u010d nav\u0161tevuje do&nbsp;<strong>20. febru\u00e1ra 2026<\/strong>.<\/p>\n\n\n\n<hr class=\"wp-block-separator has-alpha-channel-opacity\"\/>\n\n\n\n<p>Term\u00edn pre zverejnenie zoznamu uch\u00e1dza\u010dov pod\u013ea v\u00fdsledkov prij\u00edmacieho konania pre \u0161kolsk\u00fd rok 2026\/2027 je&nbsp;<strong>15. m\u00e1j 2026<\/strong>&nbsp;(v \u010dase od 0:00 do 23:59 hod.).<\/p>\n\n\n\n<hr class=\"wp-block-separator has-alpha-channel-opacity\"\/>\n\n\n\n<p>Z\u00e1konn\u00fd z\u00e1stupca neplnolet\u00e9ho uch\u00e1dza\u010da&nbsp;<strong>najnesk\u00f4r do 20. m\u00e1ja 2026<\/strong>&nbsp;(23:59 hod.), p\u00edsomne potvrd\u00ed strednej \u0161kole prijatie na vzdel\u00e1vanie.<\/p>\n\n\n\n<p><strong>Proti rozhodnutiu o neprijat\u00ed na \u0161t\u00fadium<\/strong>&nbsp;sa m\u00f4\u017ee z\u00e1konn\u00fd z\u00e1stupca neplnolet\u00e9ho uch\u00e1dza\u010da odvola\u0165 riadite\u013eovi \u0161koly v lehote&nbsp;<strong>do 5 dn\u00ed odo d\u0148a doru\u010denia<\/strong>.<\/p>\n\n\n\n<hr class=\"wp-block-separator has-alpha-channel-opacity\"\/>\n\n\n\n<p>Krit\u00e9ri\u00e1 pre prij\u00edmanie uch\u00e1dza\u010dov do I. ro\u010dn\u00edka 4-ro\u010dn\u00e9ho denn\u00e9ho \u0161t\u00fadia na \u0161kolsk\u00fd rok 2026\/2027 si m\u00f4\u017eete pozrie\u0165 &gt;&gt;&nbsp;<a href=\"https:\/\/moyzeska.sk\/index.php\/kriteria-pre-4-rocne-denne-studium-5\/\">TU<\/a>&nbsp;&lt;&lt;<\/p>\n\n\n\n<hr class=\"wp-block-separator has-alpha-channel-opacity\"\/>\n\n\n\n<hr class=\"wp-block-separator has-alpha-channel-opacity\"\/>\n\n\n\n<p><strong><u><mark style=\"background-color:rgba(0, 0, 0, 0)\" class=\"has-inline-color has-vivid-red-color\"><strong><u>Zmeny v\u00a0prij\u00edmacom konan\u00ed a\u00a0nov\u00fd syst\u00e9m pod\u00e1vania prihl\u00e1\u0161ok na S\u0160 !<\/u><\/strong><\/mark><\/u><\/strong><\/p>\n\n\n\n<p><strong>Upozor\u0148ujeme z\u00e1konn\u00fdch z\u00e1stupcov na zmeny v&nbsp;prihlasovan\u00ed \u017eiakov na stredn\u00e9 \u0161koly.<\/strong><\/p>\n\n\n\n<p><strong>Pod\u00e1vanie prihl\u00e1\u0161ok \u017eiakov Z\u0160<\/strong> na S\u0160 sa uskuto\u010dn\u00ed v&nbsp;term\u00edne od <strong>8.2.2026 \u2013 20.2.2026<\/strong> prostredn\u00edctvom port\u00e1lu <a href=\"https:\/\/eprihlasky.iedu.sk\/\"><em>ePrihl\u00e1\u0161ky.<\/em><\/a><\/p>\n\n\n\n<p>Na tento port\u00e1l sa u\u017e teraz m\u00f4\u017ee z\u00e1konn\u00fd z\u00e1stupca zaregistrova\u0165 ako pou\u017e\u00edvate\u013e.<\/p>\n\n\n\n<p>Podrobnej\u0161ie inform\u00e1cie a&nbsp;praktick\u00fd n\u00e1vod n\u00e1jdete na port\u00e1ly <strong>ePrihl\u00e1\u0161ky<\/strong>:<\/p>\n\n\n\n<p><a href=\"https:\/\/www.youtube.com\/watch?v=_1uqCPSk8Sc\"><em>Ako sa zaregistrova\u0165 a&nbsp;prihl\u00e1si\u0165 do syst\u00e9mu ePrihl\u00e1\u0161ky (video)<\/em><\/a><em><u><\/u><\/em><\/p>\n\n\n\n<p><a href=\"https:\/\/www.youtube.com\/watch?v=CiTJcAcI8Fc&amp;t=6s\"><em>Ako poda\u0165 prihl\u00e1\u0161ku na stredn\u00fa \u0161kolu (video)<\/em><\/a><em><u><\/u><\/em><\/p>\n\n\n\n<p>Je ve\u013emi d\u00f4le\u017eit\u00e9 venova\u0165 pozornos\u0165 poradiu \u0161k\u00f4l, ktor\u00e9 si uch\u00e1dza\u010d zvol\u00ed na prihl\u00e1\u0161ke. Poradie \u0161k\u00f4l na prihl\u00e1\u0161ke ur\u010duje prioritu prijatia, a t\u00fdm aj pravdepodobnos\u0165, na ktor\u00fa \u0161kolu bude uch\u00e1dza\u010d prijat\u00fd.<\/p>\n\n\n\n<p><a href=\"https:\/\/www.youtube.com\/watch?v=d68DQeuvgM4\"><em>Ako funguje syst\u00e9m prioritiz\u00e1cie \u0161k\u00f4l (video)<\/em><\/a><em><u><\/u><\/em><\/p>\n\n\n\n<p><strong>Term\u00edny a\u00a0d\u00f4le\u017eit\u00e9 inform\u00e1cie k\u00a0prij\u00edmaciemu konaniu pre \u0161kolsk\u00fd rok 2026\/2027<\/strong>\u00a0n\u00e1jdete >> <a href=\"https:\/\/www.srobarka.sk\/wp-content\/uploads\/Dokumenty\/2025\/uchadzaci\/eprihlasky_terminy-a-pokyny.pdf\"><em>TU<\/em><\/a><em> &lt;&lt;<\/em><\/p>\n","protected":false},"excerpt":{"rendered":"<p>Prij\u00edmacie sk\u00fa\u0161ky na vzdel\u00e1vanie v stredn\u00fdch \u0161kol\u00e1ch na \u0161kolsk\u00fd rok&nbsp;2026\/2027&nbsp;sa uskuto\u010dnia: Z\u00e1konn\u00fd z\u00e1stupca neplnolet\u00e9ho uch\u00e1dza\u010da pod\u00e1va prihl\u00e1\u0161ku na vzdel\u00e1vanie riadite\u013eovi z\u00e1kladnej \u0161koly, ktor\u00fa uch\u00e1dza\u010d nav\u0161tevuje do&nbsp;20. febru\u00e1ra 2026. Term\u00edn pre zverejnenie zoznamu uch\u00e1dza\u010dov pod\u013ea v\u00fdsledkov prij\u00edmacieho konania pre \u0161kolsk\u00fd rok 2026\/2027 je&nbsp;15. m\u00e1j 2026&nbsp;(v \u010dase od 0:00 do 23:59 hod.). Z\u00e1konn\u00fd z\u00e1stupca neplnolet\u00e9ho uch\u00e1dza\u010da&nbsp;najnesk\u00f4r do &hellip;<br \/><a href=\"https:\/\/moyzeska.sk\/index.php\/prijimacie-skusky-na-sk-rok-2026-2027\/\" class=\"more-link pen_button pen_element_default pen_icon_arrow_double\">Zobrazi\u0165<\/a><\/p>\n","protected":false},"author":1,"featured_media":0,"parent":0,"menu_order":0,"comment_status":"closed","ping_status":"closed","template":"","meta":{"_monsterinsights_skip_tracking":false,"_monsterinsights_sitenote_active":false,"_monsterinsights_sitenote_note":"","_monsterinsights_sitenote_category":0},"yoast_head":"<!-- This site is optimized with the Yoast SEO plugin v21.8.1 - https:\/\/yoast.com\/wordpress\/plugins\/seo\/ -->\n<title>Prij\u00edmacie sk\u00fa\u0161ky na \u0161k. rok 2026\/2027 - Stredn\u00e1 zdravotn\u00edcka \u0161kola, Moyzesova 17, Ko\u0161ice<\/title>\n<meta name=\"robots\" content=\"index, follow, max-snippet:-1, max-image-preview:large, max-video-preview:-1\" \/>\n<link rel=\"canonical\" href=\"https:\/\/moyzeska.sk\/index.php\/prijimacie-skusky-na-sk-rok-2026-2027\/\" \/>\n<meta property=\"og:locale\" content=\"sk_SK\" \/>\n<meta property=\"og:type\" content=\"article\" \/>\n<meta property=\"og:title\" content=\"Prij\u00edmacie sk\u00fa\u0161ky na \u0161k. rok 2026\/2027 - Stredn\u00e1 zdravotn\u00edcka \u0161kola, Moyzesova 17, Ko\u0161ice\" \/>\n<meta property=\"og:description\" content=\"Prij\u00edmacie sk\u00fa\u0161ky na vzdel\u00e1vanie v stredn\u00fdch \u0161kol\u00e1ch na \u0161kolsk\u00fd rok&nbsp;2026\/2027&nbsp;sa uskuto\u010dnia: Z\u00e1konn\u00fd z\u00e1stupca neplnolet\u00e9ho uch\u00e1dza\u010da pod\u00e1va prihl\u00e1\u0161ku na vzdel\u00e1vanie riadite\u013eovi z\u00e1kladnej \u0161koly, ktor\u00fa uch\u00e1dza\u010d nav\u0161tevuje do&nbsp;20. febru\u00e1ra 2026. Term\u00edn pre zverejnenie zoznamu uch\u00e1dza\u010dov pod\u013ea v\u00fdsledkov prij\u00edmacieho konania pre \u0161kolsk\u00fd rok 2026\/2027 je&nbsp;15. m\u00e1j 2026&nbsp;(v \u010dase od 0:00 do 23:59 hod.). Z\u00e1konn\u00fd z\u00e1stupca neplnolet\u00e9ho uch\u00e1dza\u010da&nbsp;najnesk\u00f4r do &hellip;Zobrazi\u0165\" \/>\n<meta property=\"og:url\" content=\"https:\/\/moyzeska.sk\/index.php\/prijimacie-skusky-na-sk-rok-2026-2027\/\" \/>\n<meta property=\"og:site_name\" content=\"Stredn\u00e1 zdravotn\u00edcka \u0161kola, Moyzesova 17, Ko\u0161ice\" \/>\n<meta property=\"article:publisher\" content=\"https:\/\/www.facebook.com\/Moyzeska\" \/>\n<meta property=\"article:modified_time\" content=\"2026-01-23T11:18:45+00:00\" \/>\n<meta name=\"twitter:card\" content=\"summary_large_image\" \/>\n<meta name=\"twitter:label1\" content=\"Predpokladan\u00fd \u010das \u010d\u00edtania\" \/>\n\t<meta name=\"twitter:data1\" content=\"2 min\u00faty\" \/>\n<script type=\"application\/ld+json\" class=\"yoast-schema-graph\">{\"@context\":\"https:\/\/schema.org\",\"@graph\":[{\"@type\":\"WebPage\",\"@id\":\"https:\/\/moyzeska.sk\/index.php\/prijimacie-skusky-na-sk-rok-2026-2027\/\",\"url\":\"https:\/\/moyzeska.sk\/index.php\/prijimacie-skusky-na-sk-rok-2026-2027\/\",\"name\":\"Prij\u00edmacie sk\u00fa\u0161ky na \u0161k. rok 2026\/2027 - Stredn\u00e1 zdravotn\u00edcka \u0161kola, Moyzesova 17, Ko\u0161ice\",\"isPartOf\":{\"@id\":\"https:\/\/moyzeska.sk\/#website\"},\"datePublished\":\"2025-11-20T09:00:28+00:00\",\"dateModified\":\"2026-01-23T11:18:45+00:00\",\"breadcrumb\":{\"@id\":\"https:\/\/moyzeska.sk\/index.php\/prijimacie-skusky-na-sk-rok-2026-2027\/#breadcrumb\"},\"inLanguage\":\"sk-SK\",\"potentialAction\":[{\"@type\":\"ReadAction\",\"target\":[\"https:\/\/moyzeska.sk\/index.php\/prijimacie-skusky-na-sk-rok-2026-2027\/\"]}]},{\"@type\":\"BreadcrumbList\",\"@id\":\"https:\/\/moyzeska.sk\/index.php\/prijimacie-skusky-na-sk-rok-2026-2027\/#breadcrumb\",\"itemListElement\":[{\"@type\":\"ListItem\",\"position\":1,\"name\":\"Home\",\"item\":\"https:\/\/moyzeska.sk\/\"},{\"@type\":\"ListItem\",\"position\":2,\"name\":\"Prij\u00edmacie sk\u00fa\u0161ky na \u0161k. rok 2026\/2027\"}]},{\"@type\":\"WebSite\",\"@id\":\"https:\/\/moyzeska.sk\/#website\",\"url\":\"https:\/\/moyzeska.sk\/\",\"name\":\"Stredn\u00e1 zdravotn\u00edcka \u0161kola, Moyzesova 17, Ko\u0161ice\",\"description\":\"\",\"publisher\":{\"@id\":\"https:\/\/moyzeska.sk\/#organization\"},\"potentialAction\":[{\"@type\":\"SearchAction\",\"target\":{\"@type\":\"EntryPoint\",\"urlTemplate\":\"https:\/\/moyzeska.sk\/?s={search_term_string}\"},\"query-input\":\"required name=search_term_string\"}],\"inLanguage\":\"sk-SK\"},{\"@type\":\"Organization\",\"@id\":\"https:\/\/moyzeska.sk\/#organization\",\"name\":\"Stredn\u00e1 zdravotn\u00edcka \u0161kola, Moyzesova 17, Ko\u0161ice\",\"url\":\"https:\/\/moyzeska.sk\/\",\"logo\":{\"@type\":\"ImageObject\",\"inLanguage\":\"sk-SK\",\"@id\":\"https:\/\/moyzeska.sk\/#\/schema\/logo\/image\/\",\"url\":\"https:\/\/moyzeska.sk\/wp-content\/uploads\/2020\/09\/SZS-logo.png\",\"contentUrl\":\"https:\/\/moyzeska.sk\/wp-content\/uploads\/2020\/09\/SZS-logo.png\",\"width\":300,\"height\":300,\"caption\":\"Stredn\u00e1 zdravotn\u00edcka \u0161kola, Moyzesova 17, Ko\u0161ice\"},\"image\":{\"@id\":\"https:\/\/moyzeska.sk\/#\/schema\/logo\/image\/\"},\"sameAs\":[\"https:\/\/www.facebook.com\/Moyzeska\",\"https:\/\/www.instagram.com\/moyzeska\/\"]}]}<\/script>\n<!-- \/ Yoast SEO plugin. -->","yoast_head_json":{"title":"Prij\u00edmacie sk\u00fa\u0161ky na \u0161k. rok 2026\/2027 - Stredn\u00e1 zdravotn\u00edcka \u0161kola, Moyzesova 17, Ko\u0161ice","robots":{"index":"index","follow":"follow","max-snippet":"max-snippet:-1","max-image-preview":"max-image-preview:large","max-video-preview":"max-video-preview:-1"},"canonical":"https:\/\/moyzeska.sk\/index.php\/prijimacie-skusky-na-sk-rok-2026-2027\/","og_locale":"sk_SK","og_type":"article","og_title":"Prij\u00edmacie sk\u00fa\u0161ky na \u0161k. rok 2026\/2027 - Stredn\u00e1 zdravotn\u00edcka \u0161kola, Moyzesova 17, Ko\u0161ice","og_description":"Prij\u00edmacie sk\u00fa\u0161ky na vzdel\u00e1vanie v stredn\u00fdch \u0161kol\u00e1ch na \u0161kolsk\u00fd rok&nbsp;2026\/2027&nbsp;sa uskuto\u010dnia: Z\u00e1konn\u00fd z\u00e1stupca neplnolet\u00e9ho uch\u00e1dza\u010da pod\u00e1va prihl\u00e1\u0161ku na vzdel\u00e1vanie riadite\u013eovi z\u00e1kladnej \u0161koly, ktor\u00fa uch\u00e1dza\u010d nav\u0161tevuje do&nbsp;20. febru\u00e1ra 2026. Term\u00edn pre zverejnenie zoznamu uch\u00e1dza\u010dov pod\u013ea v\u00fdsledkov prij\u00edmacieho konania pre \u0161kolsk\u00fd rok 2026\/2027 je&nbsp;15. m\u00e1j 2026&nbsp;(v \u010dase od 0:00 do 23:59 hod.). Z\u00e1konn\u00fd z\u00e1stupca neplnolet\u00e9ho uch\u00e1dza\u010da&nbsp;najnesk\u00f4r do &hellip;Zobrazi\u0165","og_url":"https:\/\/moyzeska.sk\/index.php\/prijimacie-skusky-na-sk-rok-2026-2027\/","og_site_name":"Stredn\u00e1 zdravotn\u00edcka \u0161kola, Moyzesova 17, Ko\u0161ice","article_publisher":"https:\/\/www.facebook.com\/Moyzeska","article_modified_time":"2026-01-23T11:18:45+00:00","twitter_card":"summary_large_image","twitter_misc":{"Predpokladan\u00fd \u010das \u010d\u00edtania":"2 min\u00faty"},"schema":{"@context":"https:\/\/schema.org","@graph":[{"@type":"WebPage","@id":"https:\/\/moyzeska.sk\/index.php\/prijimacie-skusky-na-sk-rok-2026-2027\/","url":"https:\/\/moyzeska.sk\/index.php\/prijimacie-skusky-na-sk-rok-2026-2027\/","name":"Prij\u00edmacie sk\u00fa\u0161ky na \u0161k. rok 2026\/2027 - Stredn\u00e1 zdravotn\u00edcka \u0161kola, Moyzesova 17, Ko\u0161ice","isPartOf":{"@id":"https:\/\/moyzeska.sk\/#website"},"datePublished":"2025-11-20T09:00:28+00:00","dateModified":"2026-01-23T11:18:45+00:00","breadcrumb":{"@id":"https:\/\/moyzeska.sk\/index.php\/prijimacie-skusky-na-sk-rok-2026-2027\/#breadcrumb"},"inLanguage":"sk-SK","potentialAction":[{"@type":"ReadAction","target":["https:\/\/moyzeska.sk\/index.php\/prijimacie-skusky-na-sk-rok-2026-2027\/"]}]},{"@type":"BreadcrumbList","@id":"https:\/\/moyzeska.sk\/index.php\/prijimacie-skusky-na-sk-rok-2026-2027\/#breadcrumb","itemListElement":[{"@type":"ListItem","position":1,"name":"Home","item":"https:\/\/moyzeska.sk\/"},{"@type":"ListItem","position":2,"name":"Prij\u00edmacie sk\u00fa\u0161ky na \u0161k. rok 2026\/2027"}]},{"@type":"WebSite","@id":"https:\/\/moyzeska.sk\/#website","url":"https:\/\/moyzeska.sk\/","name":"Stredn\u00e1 zdravotn\u00edcka \u0161kola, Moyzesova 17, Ko\u0161ice","description":"","publisher":{"@id":"https:\/\/moyzeska.sk\/#organization"},"potentialAction":[{"@type":"SearchAction","target":{"@type":"EntryPoint","urlTemplate":"https:\/\/moyzeska.sk\/?s={search_term_string}"},"query-input":"required name=search_term_string"}],"inLanguage":"sk-SK"},{"@type":"Organization","@id":"https:\/\/moyzeska.sk\/#organization","name":"Stredn\u00e1 zdravotn\u00edcka \u0161kola, Moyzesova 17, Ko\u0161ice","url":"https:\/\/moyzeska.sk\/","logo":{"@type":"ImageObject","inLanguage":"sk-SK","@id":"https:\/\/moyzeska.sk\/#\/schema\/logo\/image\/","url":"https:\/\/moyzeska.sk\/wp-content\/uploads\/2020\/09\/SZS-logo.png","contentUrl":"https:\/\/moyzeska.sk\/wp-content\/uploads\/2020\/09\/SZS-logo.png","width":300,"height":300,"caption":"Stredn\u00e1 zdravotn\u00edcka \u0161kola, Moyzesova 17, Ko\u0161ice"},"image":{"@id":"https:\/\/moyzeska.sk\/#\/schema\/logo\/image\/"},"sameAs":["https:\/\/www.facebook.com\/Moyzeska","https:\/\/www.instagram.com\/moyzeska\/"]}]}},"_links":{"self":[{"href":"https:\/\/moyzeska.sk\/index.php\/wp-json\/wp\/v2\/pages\/8284"}],"collection":[{"href":"https:\/\/moyzeska.sk\/index.php\/wp-json\/wp\/v2\/pages"}],"about":[{"href":"https:\/\/moyzeska.sk\/index.php\/wp-json\/wp\/v2\/types\/page"}],"author":[{"embeddable":true,"href":"https:\/\/moyzeska.sk\/index.php\/wp-json\/wp\/v2\/users\/1"}],"replies":[{"embeddable":true,"href":"https:\/\/moyzeska.sk\/index.php\/wp-json\/wp\/v2\/comments?post=8284"}],"version-history":[{"count":4,"href":"https:\/\/moyzeska.sk\/index.php\/wp-json\/wp\/v2\/pages\/8284\/revisions"}],"predecessor-version":[{"id":8603,"href":"https:\/\/moyzeska.sk\/index.php\/wp-json\/wp\/v2\/pages\/8284\/revisions\/8603"}],"wp:attachment":[{"href":"https:\/\/moyzeska.sk\/index.php\/wp-json\/wp\/v2\/media?parent=8284"}],"curies":[{"name":"wp","href":"https:\/\/api.w.org\/{rel}","templated":true}]}}