{"id":801,"date":"2020-10-13T11:21:32","date_gmt":"2020-10-13T09:21:32","guid":{"rendered":"https:\/\/moyzeska.sk\/?page_id=801"},"modified":"2026-04-17T09:44:42","modified_gmt":"2026-04-17T07:44:42","slug":"skolsky-psycholog","status":"publish","type":"page","link":"https:\/\/moyzeska.sk\/index.php\/skolsky-psycholog\/","title":{"rendered":"\u0160kolsk\u00e1 psychologi\u010dka"},"content":{"rendered":"\n<h4 class=\"wp-block-heading has-text-align-center\" style=\"font-size:24px\">Mgr. Monika Polon\u010d\u00e1kov\u00e1<\/h4>\n\n\n\n<figure class=\"wp-block-table aligncenter\"><table><thead><tr><th class=\"has-text-align-center\" data-align=\"center\">E-mail<\/th><th class=\"has-text-align-center\" data-align=\"center\">Konzulta\u010dn\u00e9 hodiny<\/th><th>Miestnos\u0165<\/th><\/tr><\/thead><tbody><tr><td class=\"has-text-align-center\" data-align=\"center\"><em><a href=\"mailto:poloncakova1@szske.eu\">poloncakova1@szske.eu<\/a><\/em><\/td><td class=\"has-text-align-center\" data-align=\"center\">Utorok &#8211; 8:00 &#8211; 14:00<br>Streda &#8211; 8:00 &#8211; 15:30<br>\u0160tvrok &#8211; 8:00 &#8211; 15:30<\/td><td><em>\u0160kolsk\u00fd psychol\u00f3g<\/em><\/td><\/tr><\/tbody><\/table><\/figure>\n\n\n\n<p class=\"has-text-align-center\"><strong><em>\u201eKontaktujte ma pros\u00edm osobne alebo prostredn\u00edctvom spr\u00e1vy cez EduPage\u201c<\/em><\/strong><\/p>\n\n\n\n<hr class=\"wp-block-separator has-css-opacity\"\/>\n\n\n\n<p class=\"has-text-align-center\"><em>Ka\u017ed\u00e9 die\u0165a potrebuje by\u0165 predov\u0161etk\u00fdm vypo\u010dut\u00e9 a pochopen\u00e9. V pr\u00e1ci so \u0161tudentmi sa sna\u017e\u00edm vytv\u00e1ra\u0165 bezpe\u010dn\u00fd priestor, kde sa m\u00f4\u017eu c\u00edti\u0165 prijat\u00ed, podporen\u00ed, hovori\u0165 o svojich \u0165a\u017ekostiach aj radostiach a h\u013eada\u0165 vlastn\u00e9 siln\u00e9 str\u00e1nky. Spolupracujem aj s rodi\u010dmi a u\u010dite\u013emi, aby sme de\u0165om pomohli zvl\u00e1da\u0165 \u0161kolsk\u00e9 v\u00fdzvy aj osobn\u00e9 situ\u00e1cie s v\u00e4\u010d\u0161ou istotou a pokojom. Pozornos\u0165 venujem podpore du\u0161evn\u00e9ho zdravia \u017eiakov aj u\u010dite\u013eov, rozv\u00edjaniu soci\u00e1lno-emocion\u00e1lnych a komunika\u010dn\u00fdch zru\u010dnost\u00ed \u017eiakov, rozv\u00edjaniu odolnosti v n\u00e1ro\u010dn\u00fdch \u017eivotn\u00fdch situ\u00e1ci\u00e1ch a prevencii rizikov\u00e9ho spr\u00e1vania.<\/em><\/p>\n\n\n\n<p class=\"has-text-align-center\"><em><strong>&#8222;S\u00facit a l\u00e1skavos\u0165 k in\u00fdm aj k sebe sam\u00e9mu s\u00fa liekom pre<br>myse\u013e aj telo.\u201d (Dalajl\u00e1ma)<\/strong><\/em><\/p>\n\n\n\n<hr class=\"wp-block-separator has-alpha-channel-opacity\"\/>\n\n\n\n<p><strong>In\u0161tit\u00facie poskytuj\u00face psychologick\u00e9 poradenstvo, kr\u00edzov\u00fa intervenciu:<\/strong><\/p>\n\n\n\n<p>\u2013 Centr\u00e1 poradenstva a\u202fprevencie (napr.CPP Karpatsk\u00e1 8, Ko\u0161ice)<\/p>\n\n\n\n<p>\u2013 Modr\u00fd anjel, n. o. \u2013 poskytuje podporu obetiam tragick\u00fdch udalost\u00ed a ich pr\u00edbuzn\u00fdm: kr\u00edzov\u00e1 linka, ter\u00e9nna kr\u00edzov\u00e1 intervencia, n\u00e1sledn\u00e1 starostlivos\u0165, vzdel\u00e1vanie \u2013&nbsp;<a href=\"https:\/\/www.modryanjel.sk\/\" target=\"_blank\" rel=\"noreferrer noopener\">https:\/\/www.modryanjel.sk\/<\/a><\/p>\n\n\n\n<p>\u2013 In\u0161tit\u00fat osobnostn\u00e9ho rozvoja (IOR) \u2013 individu\u00e1lna aj skupinov\u00e1 kr\u00edzov\u00e1 intervencia, kurzy skupinovej kr\u00edzovej intervencie, terapia traumy det\u00ed, paliat\u00edvna starostlivos\u0165 a sprev\u00e1dzanie det\u00ed a rod\u00edn po strate \u010dlena rodiny \u2013&nbsp;<a href=\"https:\/\/www.ior.sk\/\" target=\"_blank\" rel=\"noreferrer noopener\">https:\/\/www.ior.sk\/<\/a><\/p>\n\n\n\n<p><strong>Anonymn\u00e9 linky pomoci:<\/strong><\/p>\n\n\n\n<p>\u2022 IP\u010dko \u2013 internetov\u00e1 porad\u0148a pre mlad\u00fdch, poskytuje bezplatn\u00fa anonymn\u00fa psychologick\u00fa a soci\u00e1lnu pomoc denne od 7.00 do 24.00 hod. cez chat a email,&nbsp;<a href=\"http:\/\/www.ipcko.sk\/\" target=\"_blank\" rel=\"noreferrer noopener\">www.ipcko.sk<\/a><\/p>\n\n\n\n<p>\u2022 Kr\u00edzov\u00e1 linka pomoci \u2013 0800 500 333,&nbsp;<a href=\"http:\/\/www.krizovalinkapomoci.sk\/\" target=\"_blank\" rel=\"noreferrer noopener\">www.krizovalinkapomoci.sk<\/a><\/p>\n\n\n\n<p>\u2022 Linka detskej istoty \u2013 116 111,&nbsp;<a href=\"http:\/\/www.odpisemeti.sk\/\" target=\"_blank\" rel=\"noreferrer noopener\">www.odpisemeti.sk<\/a><\/p>\n\n\n\n<p>\u2022 Linka detskej d\u00f4very \u2013 0907 401 749,&nbsp;<a href=\"http:\/\/www.linkadeti.sk\/\" target=\"_blank\" rel=\"noreferrer noopener\">www.linkadeti.sk<\/a><\/p>\n\n\n\n<p>\u2022 Linka d\u00f4very Nez\u00e1budka \u2013 0800 800\u202f566, telefonick\u00e1 linka d\u00f4very pre dospel\u00fdch<\/p>\n\n\n\n<p>\u2022 Viac ako ni(c)k \u2013 N\u00e1rodn\u00e1 linka na pomoc de\u0165om v\u202fohrozen\u00ed,&nbsp;<a href=\"http:\/\/www.viacakonick.gov.sk\/\" target=\"_blank\" rel=\"noreferrer noopener\">www.viacakonick.gov.sk<\/a><\/p>\n\n\n\n<p>\u2022 Dobr\u00e1 linka \u2013 psychologick\u00e1 internetov\u00e1 porad\u0148a pre mlad\u00fdch \u013eud\u00ed so zdravotn\u00fdm znev\u00fdhodnen\u00edm,&nbsp;<a href=\"http:\/\/www.dobralinka.sk\/\" target=\"_blank\" rel=\"noreferrer noopener\">www.dobralinka.sk<\/a><\/p>\n","protected":false},"excerpt":{"rendered":"<p>Mgr. Monika Polon\u010d\u00e1kov\u00e1 E-mail Konzulta\u010dn\u00e9 hodiny Miestnos\u0165 poloncakova1@szske.eu Utorok &#8211; 8:00 &#8211; 14:00Streda &#8211; 8:00 &#8211; 15:30\u0160tvrok &#8211; 8:00 &#8211; 15:30 \u0160kolsk\u00fd psychol\u00f3g \u201eKontaktujte ma pros\u00edm osobne alebo prostredn\u00edctvom spr\u00e1vy cez EduPage\u201c Ka\u017ed\u00e9 die\u0165a potrebuje by\u0165 predov\u0161etk\u00fdm vypo\u010dut\u00e9 a pochopen\u00e9. V pr\u00e1ci so \u0161tudentmi sa sna\u017e\u00edm vytv\u00e1ra\u0165 bezpe\u010dn\u00fd priestor, kde sa m\u00f4\u017eu c\u00edti\u0165 prijat\u00ed, podporen\u00ed, &hellip;<br \/><a href=\"https:\/\/moyzeska.sk\/index.php\/skolsky-psycholog\/\" class=\"more-link pen_button pen_element_default pen_icon_arrow_double\">Zobrazi\u0165<\/a><\/p>\n","protected":false},"author":1,"featured_media":0,"parent":0,"menu_order":0,"comment_status":"closed","ping_status":"closed","template":"","meta":{"_monsterinsights_skip_tracking":false,"_monsterinsights_sitenote_active":false,"_monsterinsights_sitenote_note":"","_monsterinsights_sitenote_category":0},"yoast_head":"<!-- This site is optimized with the Yoast SEO plugin v21.8.1 - https:\/\/yoast.com\/wordpress\/plugins\/seo\/ -->\n<title>\u0160kolsk\u00e1 psychologi\u010dka - Stredn\u00e1 zdravotn\u00edcka \u0161kola, Moyzesova 17, Ko\u0161ice<\/title>\n<meta name=\"robots\" content=\"index, follow, max-snippet:-1, max-image-preview:large, max-video-preview:-1\" \/>\n<link rel=\"canonical\" href=\"https:\/\/moyzeska.sk\/index.php\/skolsky-psycholog\/\" \/>\n<meta property=\"og:locale\" content=\"sk_SK\" \/>\n<meta property=\"og:type\" content=\"article\" \/>\n<meta property=\"og:title\" content=\"\u0160kolsk\u00e1 psychologi\u010dka - Stredn\u00e1 zdravotn\u00edcka \u0161kola, Moyzesova 17, Ko\u0161ice\" \/>\n<meta property=\"og:description\" content=\"Mgr. Monika Polon\u010d\u00e1kov\u00e1 E-mail Konzulta\u010dn\u00e9 hodiny Miestnos\u0165 poloncakova1@szske.eu Utorok &#8211; 8:00 &#8211; 14:00Streda &#8211; 8:00 &#8211; 15:30\u0160tvrok &#8211; 8:00 &#8211; 15:30 \u0160kolsk\u00fd psychol\u00f3g \u201eKontaktujte ma pros\u00edm osobne alebo prostredn\u00edctvom spr\u00e1vy cez EduPage\u201c Ka\u017ed\u00e9 die\u0165a potrebuje by\u0165 predov\u0161etk\u00fdm vypo\u010dut\u00e9 a pochopen\u00e9. V pr\u00e1ci so \u0161tudentmi sa sna\u017e\u00edm vytv\u00e1ra\u0165 bezpe\u010dn\u00fd priestor, kde sa m\u00f4\u017eu c\u00edti\u0165 prijat\u00ed, podporen\u00ed, &hellip;Zobrazi\u0165\" \/>\n<meta property=\"og:url\" content=\"https:\/\/moyzeska.sk\/index.php\/skolsky-psycholog\/\" \/>\n<meta property=\"og:site_name\" content=\"Stredn\u00e1 zdravotn\u00edcka \u0161kola, Moyzesova 17, Ko\u0161ice\" \/>\n<meta property=\"article:publisher\" content=\"https:\/\/www.facebook.com\/Moyzeska\" \/>\n<meta property=\"article:modified_time\" content=\"2026-04-17T07:44:42+00:00\" \/>\n<meta name=\"twitter:card\" content=\"summary_large_image\" \/>\n<meta name=\"twitter:label1\" content=\"Predpokladan\u00fd \u010das \u010d\u00edtania\" \/>\n\t<meta name=\"twitter:data1\" content=\"2 min\u00faty\" \/>\n<script type=\"application\/ld+json\" class=\"yoast-schema-graph\">{\"@context\":\"https:\/\/schema.org\",\"@graph\":[{\"@type\":\"WebPage\",\"@id\":\"https:\/\/moyzeska.sk\/index.php\/skolsky-psycholog\/\",\"url\":\"https:\/\/moyzeska.sk\/index.php\/skolsky-psycholog\/\",\"name\":\"\u0160kolsk\u00e1 psychologi\u010dka - Stredn\u00e1 zdravotn\u00edcka \u0161kola, Moyzesova 17, Ko\u0161ice\",\"isPartOf\":{\"@id\":\"https:\/\/moyzeska.sk\/#website\"},\"datePublished\":\"2020-10-13T09:21:32+00:00\",\"dateModified\":\"2026-04-17T07:44:42+00:00\",\"breadcrumb\":{\"@id\":\"https:\/\/moyzeska.sk\/index.php\/skolsky-psycholog\/#breadcrumb\"},\"inLanguage\":\"sk-SK\",\"potentialAction\":[{\"@type\":\"ReadAction\",\"target\":[\"https:\/\/moyzeska.sk\/index.php\/skolsky-psycholog\/\"]}]},{\"@type\":\"BreadcrumbList\",\"@id\":\"https:\/\/moyzeska.sk\/index.php\/skolsky-psycholog\/#breadcrumb\",\"itemListElement\":[{\"@type\":\"ListItem\",\"position\":1,\"name\":\"Home\",\"item\":\"https:\/\/moyzeska.sk\/\"},{\"@type\":\"ListItem\",\"position\":2,\"name\":\"\u0160kolsk\u00e1 psychologi\u010dka\"}]},{\"@type\":\"WebSite\",\"@id\":\"https:\/\/moyzeska.sk\/#website\",\"url\":\"https:\/\/moyzeska.sk\/\",\"name\":\"Stredn\u00e1 zdravotn\u00edcka \u0161kola, Moyzesova 17, Ko\u0161ice\",\"description\":\"\",\"publisher\":{\"@id\":\"https:\/\/moyzeska.sk\/#organization\"},\"potentialAction\":[{\"@type\":\"SearchAction\",\"target\":{\"@type\":\"EntryPoint\",\"urlTemplate\":\"https:\/\/moyzeska.sk\/?s={search_term_string}\"},\"query-input\":\"required name=search_term_string\"}],\"inLanguage\":\"sk-SK\"},{\"@type\":\"Organization\",\"@id\":\"https:\/\/moyzeska.sk\/#organization\",\"name\":\"Stredn\u00e1 zdravotn\u00edcka \u0161kola, Moyzesova 17, Ko\u0161ice\",\"url\":\"https:\/\/moyzeska.sk\/\",\"logo\":{\"@type\":\"ImageObject\",\"inLanguage\":\"sk-SK\",\"@id\":\"https:\/\/moyzeska.sk\/#\/schema\/logo\/image\/\",\"url\":\"https:\/\/moyzeska.sk\/wp-content\/uploads\/2020\/09\/SZS-logo.png\",\"contentUrl\":\"https:\/\/moyzeska.sk\/wp-content\/uploads\/2020\/09\/SZS-logo.png\",\"width\":300,\"height\":300,\"caption\":\"Stredn\u00e1 zdravotn\u00edcka \u0161kola, Moyzesova 17, Ko\u0161ice\"},\"image\":{\"@id\":\"https:\/\/moyzeska.sk\/#\/schema\/logo\/image\/\"},\"sameAs\":[\"https:\/\/www.facebook.com\/Moyzeska\",\"https:\/\/www.instagram.com\/moyzeska\/\"]}]}<\/script>\n<!-- \/ Yoast SEO plugin. -->","yoast_head_json":{"title":"\u0160kolsk\u00e1 psychologi\u010dka - Stredn\u00e1 zdravotn\u00edcka \u0161kola, Moyzesova 17, Ko\u0161ice","robots":{"index":"index","follow":"follow","max-snippet":"max-snippet:-1","max-image-preview":"max-image-preview:large","max-video-preview":"max-video-preview:-1"},"canonical":"https:\/\/moyzeska.sk\/index.php\/skolsky-psycholog\/","og_locale":"sk_SK","og_type":"article","og_title":"\u0160kolsk\u00e1 psychologi\u010dka - Stredn\u00e1 zdravotn\u00edcka \u0161kola, Moyzesova 17, Ko\u0161ice","og_description":"Mgr. Monika Polon\u010d\u00e1kov\u00e1 E-mail Konzulta\u010dn\u00e9 hodiny Miestnos\u0165 poloncakova1@szske.eu Utorok &#8211; 8:00 &#8211; 14:00Streda &#8211; 8:00 &#8211; 15:30\u0160tvrok &#8211; 8:00 &#8211; 15:30 \u0160kolsk\u00fd psychol\u00f3g \u201eKontaktujte ma pros\u00edm osobne alebo prostredn\u00edctvom spr\u00e1vy cez EduPage\u201c Ka\u017ed\u00e9 die\u0165a potrebuje by\u0165 predov\u0161etk\u00fdm vypo\u010dut\u00e9 a pochopen\u00e9. V pr\u00e1ci so \u0161tudentmi sa sna\u017e\u00edm vytv\u00e1ra\u0165 bezpe\u010dn\u00fd priestor, kde sa m\u00f4\u017eu c\u00edti\u0165 prijat\u00ed, podporen\u00ed, &hellip;Zobrazi\u0165","og_url":"https:\/\/moyzeska.sk\/index.php\/skolsky-psycholog\/","og_site_name":"Stredn\u00e1 zdravotn\u00edcka \u0161kola, Moyzesova 17, Ko\u0161ice","article_publisher":"https:\/\/www.facebook.com\/Moyzeska","article_modified_time":"2026-04-17T07:44:42+00:00","twitter_card":"summary_large_image","twitter_misc":{"Predpokladan\u00fd \u010das \u010d\u00edtania":"2 min\u00faty"},"schema":{"@context":"https:\/\/schema.org","@graph":[{"@type":"WebPage","@id":"https:\/\/moyzeska.sk\/index.php\/skolsky-psycholog\/","url":"https:\/\/moyzeska.sk\/index.php\/skolsky-psycholog\/","name":"\u0160kolsk\u00e1 psychologi\u010dka - Stredn\u00e1 zdravotn\u00edcka \u0161kola, Moyzesova 17, Ko\u0161ice","isPartOf":{"@id":"https:\/\/moyzeska.sk\/#website"},"datePublished":"2020-10-13T09:21:32+00:00","dateModified":"2026-04-17T07:44:42+00:00","breadcrumb":{"@id":"https:\/\/moyzeska.sk\/index.php\/skolsky-psycholog\/#breadcrumb"},"inLanguage":"sk-SK","potentialAction":[{"@type":"ReadAction","target":["https:\/\/moyzeska.sk\/index.php\/skolsky-psycholog\/"]}]},{"@type":"BreadcrumbList","@id":"https:\/\/moyzeska.sk\/index.php\/skolsky-psycholog\/#breadcrumb","itemListElement":[{"@type":"ListItem","position":1,"name":"Home","item":"https:\/\/moyzeska.sk\/"},{"@type":"ListItem","position":2,"name":"\u0160kolsk\u00e1 psychologi\u010dka"}]},{"@type":"WebSite","@id":"https:\/\/moyzeska.sk\/#website","url":"https:\/\/moyzeska.sk\/","name":"Stredn\u00e1 zdravotn\u00edcka \u0161kola, Moyzesova 17, Ko\u0161ice","description":"","publisher":{"@id":"https:\/\/moyzeska.sk\/#organization"},"potentialAction":[{"@type":"SearchAction","target":{"@type":"EntryPoint","urlTemplate":"https:\/\/moyzeska.sk\/?s={search_term_string}"},"query-input":"required name=search_term_string"}],"inLanguage":"sk-SK"},{"@type":"Organization","@id":"https:\/\/moyzeska.sk\/#organization","name":"Stredn\u00e1 zdravotn\u00edcka \u0161kola, Moyzesova 17, Ko\u0161ice","url":"https:\/\/moyzeska.sk\/","logo":{"@type":"ImageObject","inLanguage":"sk-SK","@id":"https:\/\/moyzeska.sk\/#\/schema\/logo\/image\/","url":"https:\/\/moyzeska.sk\/wp-content\/uploads\/2020\/09\/SZS-logo.png","contentUrl":"https:\/\/moyzeska.sk\/wp-content\/uploads\/2020\/09\/SZS-logo.png","width":300,"height":300,"caption":"Stredn\u00e1 zdravotn\u00edcka \u0161kola, Moyzesova 17, Ko\u0161ice"},"image":{"@id":"https:\/\/moyzeska.sk\/#\/schema\/logo\/image\/"},"sameAs":["https:\/\/www.facebook.com\/Moyzeska","https:\/\/www.instagram.com\/moyzeska\/"]}]}},"_links":{"self":[{"href":"https:\/\/moyzeska.sk\/index.php\/wp-json\/wp\/v2\/pages\/801"}],"collection":[{"href":"https:\/\/moyzeska.sk\/index.php\/wp-json\/wp\/v2\/pages"}],"about":[{"href":"https:\/\/moyzeska.sk\/index.php\/wp-json\/wp\/v2\/types\/page"}],"author":[{"embeddable":true,"href":"https:\/\/moyzeska.sk\/index.php\/wp-json\/wp\/v2\/users\/1"}],"replies":[{"embeddable":true,"href":"https:\/\/moyzeska.sk\/index.php\/wp-json\/wp\/v2\/comments?post=801"}],"version-history":[{"count":6,"href":"https:\/\/moyzeska.sk\/index.php\/wp-json\/wp\/v2\/pages\/801\/revisions"}],"predecessor-version":[{"id":9136,"href":"https:\/\/moyzeska.sk\/index.php\/wp-json\/wp\/v2\/pages\/801\/revisions\/9136"}],"wp:attachment":[{"href":"https:\/\/moyzeska.sk\/index.php\/wp-json\/wp\/v2\/media?parent=801"}],"curies":[{"name":"wp","href":"https:\/\/api.w.org\/{rel}","templated":true}]}}