{"id":7999,"date":"2025-10-09T13:23:10","date_gmt":"2025-10-09T11:23:10","guid":{"rendered":"https:\/\/moyzeska.sk\/?page_id=7999"},"modified":"2026-02-23T14:14:50","modified_gmt":"2026-02-23T13:14:50","slug":"maturitne-skusky-2025-2026","status":"publish","type":"page","link":"https:\/\/moyzeska.sk\/index.php\/maturitne-skusky-2025-2026\/","title":{"rendered":"Maturitn\u00e9 sk\u00fa\u0161ky 2025\/2026"},"content":{"rendered":"\n<p class=\"has-text-align-center\"><strong>Maturitn\u00e1 sk\u00fa\u0161ka 2026<\/strong><\/p>\n\n\n\n<div class=\"wp-block-file aligncenter\"><a id=\"wp-block-file--media-b6d87e4c-07cb-47fc-9dc9-fee055efd664\" href=\"https:\/\/moyzeska.sk\/wp-content\/uploads\/2026\/02\/MATURITA-2026_POKYNY.pdf\"><strong>>><\/strong> <strong>MATURITA 2026 &#8211; POKYNY &lt;&lt;<\/strong><\/a><\/div>\n\n\n\n<hr class=\"wp-block-separator has-alpha-channel-opacity\"\/>\n\n\n\n<p>Organiz\u00e1ciu MS upravuje z\u00e1kon \u010d. 245\/2008 Z. z. o v\u00fdchove a vzdel\u00e1van\u00ed (\u0161kolsk\u00fd z\u00e1kon) a o zmene a doplnen\u00ed niektor\u00fdch z\u00e1konov v znen\u00ed neskor\u0161\u00edch predpisov a vyhl\u00e1\u0161ka \u010d. 318\/2008 Z. z. o ukon\u010dovan\u00ed \u0161t\u00fadia na stredn\u00fdch \u0161kol\u00e1ch v znen\u00ed neskor\u0161\u00edch predpisov.<\/p>\n\n\n\n<p>Od 01. 09. 2024 nadobudla \u00fa\u010dinnos\u0165 novela \u0161kolsk\u00e9ho z\u00e1kona (https:\/\/www.slov-lex.sk\/pravne-predpisy\/SK\/ZZ\/2008\/245\/) a novela vyhl\u00e1\u0161ky o strednej \u0161kole, ktor\u00e1 je k 01. 10. 2024 novelizovan\u00e1&nbsp; predpisy\/SK\/ZZ\/2022\/224\/).<\/p>\n\n\n\n<p>Realiz\u00e1ciu E\u010c MS a PFI\u010c MS zabezpe\u010duje NIVaM.<\/p>\n\n\n\n<p><strong>TERM\u00cdNY E\u010c a PFI\u010c MS 2026<\/strong><\/p>\n\n\n\n<p>E\u010c a PFI\u010c MS sa uskuto\u010dnia <strong>10. a\u017e 13. marca 2026<\/strong>.<\/p>\n\n\n\n<p>Administr\u00e1cia E\u010c a PFI\u010c MS sa uskuto\u010dn\u00ed pod\u013ea organiza\u010dn\u00fdch pokynov NIVaM, ktor\u00e9 bud\u00fa zverejnen\u00e9 na webov\u00fdch str\u00e1nkach NIVaM <a href=\"http:\/\/www.nivam.sk\">www.nivam.sk<\/a> a CVTI SR-\u0160VS maturita.svsbb.sk, <a href=\"http:\/\/www.svs.edu.sk\">www.svs.edu.sk<\/a>. Administr\u00e1tormi testov bud\u00fa u\u010ditelia pr\u00edslu\u0161nej \u0161koly.<\/p>\n\n\n\n<p>Administr\u00e1tori testov nesm\u00fa ma\u0165 aprob\u00e1ciu z predmetu, z ktor\u00e9ho \u017eiaci p\u00ed\u0161u test E\u010c MS a PFI\u010c MS, a ak to person\u00e1lne a organiza\u010dn\u00e9 mo\u017enosti \u0161koly dovolia, nesm\u00fa to by\u0165 ich triedni u\u010ditelia.<\/p>\n\n\n\n<p>Regul\u00e1rny priebeh administr\u00e1cie bude kontrolova\u0165 a zabezpe\u010dova\u0165 extern\u00fd dozor \u2013 predsedovia PMK a doh\u013ead nad priebehom MS bude vykon\u00e1va\u0165 predseda \u0160MK.<\/p>\n\n\n\n<p><strong><u>Riadny term\u00edn E\u010c a PFI\u010c MS 2026<\/u><\/strong><\/p>\n\n\n\n<p>\u00b7 <strong>10. marec 2026 (utorok)<\/strong> \u2013 slovensk\u00fd jazyk a literat\u00fara<\/p>\n\n\n\n<p>\u00b7 <strong>11. marec 2026 (streda)<\/strong> \u2013 cudzie jazyky (ANJ)<\/p>\n\n\n\n<p>\u00b7 <strong>12. marec 2026 (\u0161tvrtok)<\/strong> \u2013 matematika (MAT)<\/p>\n\n\n\n<p>Term\u00edny P\u010cOZ \u2013 pl\u00e1novan\u00fd v&nbsp;t\u00fd\u017edni od&nbsp;<strong>18. m\u00e1ja&nbsp;<\/strong>do<strong>&nbsp;22. m\u00e1ja 2026<\/strong>.<\/p>\n\n\n\n<p>Term\u00edny \u00daFI\u010c MS \u2013 pl\u00e1novan\u00fd v&nbsp;t\u00fd\u017edni od&nbsp;<strong>1. j\u00fana 2025&nbsp;<\/strong>do<strong>&nbsp;5. j\u00fana 2026<\/strong>.<\/p>\n\n\n\n<p><strong>N\u00e1hradn\u00fd term\u00edn<\/strong> E\u010c a PFI\u010c MS sa uskuto\u010dn\u00ed <strong>8. a\u017e 13. apr\u00edla 2026<\/strong>. Podrobn\u00e9 inform\u00e1cie o organiz\u00e1cii n\u00e1hradn\u00e9ho term\u00ednu E\u010c a PFI\u010c MS bud\u00fa z\u00fa\u010dastnen\u00fdm \u0161kol\u00e1m poskytnut\u00e9 v dostato\u010dnom \u010dasovom predstihu.<\/p>\n\n\n\n<p><strong>Opravn\u00fd term\u00edn<\/strong> E\u010c a PFI\u010c MS sa uskuto\u010dn\u00ed <strong>v septembri 2026<\/strong>. Podrobn\u00e9 inform\u00e1cie o organiz\u00e1cii opravn\u00e9ho term\u00ednu E\u010c a PFI\u010c MS bud\u00fa z\u00fa\u010dastnen\u00fdm \u0161kol\u00e1m poskytnut\u00e9 v dostato\u010dnom \u010dasovom predstihu.<\/p>\n\n\n\n<p><strong>\u010cASTI MATURITNEJ SK\u00da\u0160KY<\/strong><\/p>\n\n\n\n<ul>\n<li>Praktick\u00e1 \u010das\u0165 odbornej zlo\u017eky (P\u010cOZ)<\/li>\n<\/ul>\n\n\n\n<p><strong>E\u010c MS \u2013 extern\u00e1 \u010das\u0165 MS&nbsp;<\/strong>= test z&nbsp;predmetov:<\/p>\n\n\n\n<ul>\n<li>Slovensk\u00fd jazyk a&nbsp;literat\u00fara \u2013&nbsp;<strong>SJL<\/strong><\/li>\n\n\n\n<li>Cudz\u00ed jazyk \u2013&nbsp;<strong>ANJ<\/strong>&nbsp;\u2013 \u00farove\u0148&nbsp;B1 alebo B2<\/li>\n<\/ul>\n\n\n\n<p><strong>PFI\u010c MS \u2013 p\u00edsomn\u00e1 forma internej \u010dasti MS&nbsp;<\/strong>= slohov\u00e1 pr\u00e1ca z&nbsp;predmetov:<\/p>\n\n\n\n<ul>\n<li>Slovensk\u00fd jazyk a&nbsp;literat\u00fara&nbsp;\u2013&nbsp;centr\u00e1lne zadan\u00e9 s\u00fabory \u0161tyroch t\u00e9m (\u017eiak si jednu z&nbsp;nich vyber\u00e1)<\/li>\n\n\n\n<li>Cudz\u00ed jazyk&nbsp;\u2013 centr\u00e1lne jedna t\u00e9ma<\/li>\n<\/ul>\n\n\n\n<p><strong>\u00daFI\u010c MS \u2013 \u00fastna forma internej \u010dasti MS&nbsp;<\/strong>= \u00fastna odpove\u010f, ktor\u00fa tvor\u00ed:<\/p>\n\n\n\n<ul>\n<li>Slovensk\u00fd jazyk a literat\u00fara<\/li>\n\n\n\n<li>Cudz\u00ed jazyk&nbsp;(ANJ) na \u00farovni&nbsp;B1 alebo B2<\/li>\n\n\n\n<li>Teoretick\u00e1 \u010das\u0165 odbornej zlo\u017eky (T\u010cOZ)<\/li>\n<\/ul>\n\n\n\n<hr class=\"wp-block-separator has-alpha-channel-opacity\"\/>\n\n\n\n<p><strong>Charakteristika E\u010c a PFI\u010c<\/strong><\/p>\n\n\n\n<ul>\n<li><strong>Slovensk\u00fd jazyk a literat\u00fara (SJL)&nbsp; 10. 3. 2026<\/strong><\/li>\n<\/ul>\n\n\n\n<p>Trvanie E\u010c MS: <strong>100 min\u00fat<\/strong><\/p>\n\n\n\n<p>Form\u00e1t \u00faloh: 40 \u00faloh s v\u00fdberom odpovede a 24 \u00faloh s kr\u00e1tkou odpove\u010fou.<\/p>\n\n\n\n<p>Trvanie PFI\u010c MS: <strong>150 min\u00fat<\/strong><\/p>\n\n\n\n<p>Form\u00e1t \u00faloh: 1 \u00faloha s dlhou odpove\u010fou (\u0161tyri t\u00e9my s ur\u010denou \u017e\u00e1nrovou formou, z ktor\u00fdch si \u017eiak vyberie a vypracuje iba jednu)<\/p>\n\n\n\n<ul>\n<li><strong>Anglick\u00fd jazyk (AJB1)&nbsp;&nbsp;&nbsp; 11. 3. 2026<\/strong><\/li>\n<\/ul>\n\n\n\n<p>Trvanie E\u010c MS: <strong>100 min\u00fat<\/strong><\/p>\n\n\n\n<p>Form\u00e1t \u00faloh: 36 \u00faloh s v\u00fdberom odpovede a 24 \u00faloh s kr\u00e1tkou odpove\u010fou.<\/p>\n\n\n\n<p>Trvanie PFI\u010c MS: <strong>60 min\u00fat<\/strong><\/p>\n\n\n\n<p>Form\u00e1t \u00faloh: 1 \u00faloha s dlhou odpove\u010fou (jedno zadanie s ur\u010denou \u017e\u00e1nrovou formou)<\/p>\n\n\n\n<ul>\n<li><strong>Anglick\u00fd jazyk (AJB2) &nbsp;&nbsp; 11. 3. 2026<\/strong><\/li>\n<\/ul>\n\n\n\n<p>Trvanie E\u010c MS: <strong>120 min\u00fat<\/strong><\/p>\n\n\n\n<p>Form\u00e1t \u00faloh: 46 \u00faloh s v\u00fdberom odpovede a 34 \u00faloh s kr\u00e1tkou odpove\u010fou.<\/p>\n\n\n\n<p>Trvanie PFI\u010c MS: <strong>90 min\u00fat<\/strong><\/p>\n\n\n\n<p>Form\u00e1t \u00faloh: 1 \u00faloha s dlhou odpove\u010fou (jedno zadanie s ur\u010denou \u017e\u00e1nrovou formou)<\/p>\n\n\n\n<hr class=\"wp-block-separator has-alpha-channel-opacity\"\/>\n\n\n\n<p>Maturitn\u00e9 zadania a \u00falohy v nich vych\u00e1dzaj\u00fa&nbsp;z&nbsp;<strong>Cie\u013eov\u00fdch po\u017eiadaviek na vedomosti a zru\u010dnosti maturanta&nbsp;<\/strong>z&nbsp;pr\u00edslu\u0161n\u00e9ho predmetu, ktor\u00e9 je mo\u017en\u00e9 n\u00e1js\u0165 na&nbsp;str\u00e1nke \u0160t\u00e1tneho pedagogick\u00e9ho \u00fastavu: TU (<a href=\"https:\/\/www.statpedu.sk\/sk\/maturitne-skusky\/\">https:\/\/www.statpedu.sk\/sk\/maturitne-skusky\/<\/a>)<\/p>\n\n\n\n<p>\u0160pecifik\u00e1cie testov a&nbsp;n\u00e1zvy t\u00e9m slohov\u00fdch pr\u00e1c z&nbsp;minul\u00fdch rokov je mo\u017en\u00e9 n\u00e1js\u0165 na str\u00e1nke N\u00daCEM: TU (<a href=\"https:\/\/www2.nucem.sk\/sk\/merania\/narodne-merania\/maturita\">https:\/\/www2.nucem.sk\/sk\/merania\/narodne-merania\/maturita<\/a>)<\/p>\n\n\n\n<hr class=\"wp-block-separator has-alpha-channel-opacity\"\/>\n\n\n\n<p>\u017diak m\u00f4\u017ee kona\u0165 <strong>MS<\/strong> iba z vyu\u010dovac\u00edch predmetov (okrem v\u00fdchovn\u00fdch vyu\u010dovac\u00edch predmetov), ktor\u00e9 s\u00fa uveden\u00e9 <strong>v u\u010debnom pl\u00e1ne \u0161koly<\/strong> a v ktor\u00fdch sa vzdel\u00e1val.<\/p>\n\n\n\n<p><strong>MS<\/strong> <strong>zo v\u0161etk\u00fdch maturitn\u00fdch predmetov<\/strong>, okrem cudz\u00edch a druh\u00fdch vyu\u010dovac\u00edch jazykov, sa vykon\u00e1va na <strong>jednej \u00farovni<\/strong>.<\/p>\n\n\n\n<p><strong>MS z cudz\u00edch jazykov<\/strong> sa vykon\u00e1va na dvoch \u00farovniach <strong>B1 a B2<\/strong> pod\u013ea Spolo\u010dn\u00e9ho eur\u00f3pskeho referen\u010dn\u00e9ho r\u00e1mca pre jazyky &#8211; <em>\u017eiak strednej odbornej \u0161koly<\/em> a konzervat\u00f3ria si <strong>vyberie<\/strong>, na ktorej \u00farovni ju chce vykona\u0165 (B1 alebo B2).<\/p>\n\n\n\n<p><strong>\u017diak <u>\u00faspe\u0161ne vykon\u00e1 MS<\/u> <\/strong>z predmetu, ktor\u00fd m\u00e1 E\u010c a PFI\u010c MS, <strong>ak jeho<\/strong> <strong>hodnotenie<\/strong> z \u00daFI\u010c MS:<\/p>\n\n\n\n<p>a) <strong>nie je hor\u0161ie<\/strong> ako stupe\u0148 prospechu <strong>3<\/strong> (dobr\u00fd) a v <strong>PFI\u010c MS<\/strong> z\u00edska \u00faspe\u0161nos\u0165 <strong>vy\u0161\u0161iu ako 25 %<\/strong> alebo v <strong>E\u010c MS<\/strong> z\u00edska \u00faspe\u0161nos\u0165 <strong>vy\u0161\u0161iu ako 33 %<\/strong>, alebo<\/p>\n\n\n\n<p>b) je stupe\u0148 prospechu <strong>4<\/strong> (dostato\u010dn\u00fd) a v <strong>PFI\u010c MS<\/strong> z\u00edska \u00faspe\u0161nos\u0165 <strong>vy\u0161\u0161iu ako 25 %<\/strong> a <strong>s\u00fa\u010dasne<\/strong> v <strong>E\u010c MS<\/strong> z\u00edska \u00faspe\u0161nos\u0165 <strong>vy\u0161\u0161iu ako 33 %.<\/strong><\/p>\n\n\n\n<p><strong>Inform\u00e1cie o opravnej sk\u00fa\u0161ke E\u010c MS, PFI\u010c MS a \u00daFI\u010c MS<\/strong><\/p>\n\n\n\n<p><strong>Ak \u017eiak nespln\u00ed podmienky pre \u00faspe\u0161n\u00e9 vykonanie MS<\/strong> uveden\u00e9<br>v \u00a7 17, odseky 10 a 11 vyhl\u00e1\u0161ky \u010d. 224\/2022 Z. z. o&nbsp;strednej \u0161kole, z predmetov, ktor\u00e9 maj\u00fa okrem \u00daFI\u010c MS aj E\u010c a PFI\u010c MS alebo len E\u010c MS, platia nasleduj\u00face inform\u00e1cie:<\/p>\n\n\n\n<p>1. \u00daFI\u010c MS z predmetov, ktor\u00e9 maj\u00fa E\u010c a PFI\u010c MS alebo len E\u010c MS, na ktor\u00e9 sa \u017eiak prihl\u00e1sil, m\u00f4\u017ee \u017eiak vykona\u0165 v&nbsp;riadnom term\u00edne MS bez oh\u013eadu na v\u00fdsledky E\u010c alebo PFI\u010c MS z t\u00fdchto predmetov.<\/p>\n\n\n\n<p>2. Ak \u017eiak strednej \u0161koly ne\u00faspe\u0161ne vykonal MS z niektor\u00fdch, najviac v\u0161ak z dvoch predmetov, m\u00f4\u017ee mu <strong>\u0160MK povoli\u0165 kona\u0165 opravn\u00fa sk\u00fa\u0161ku<\/strong> z t\u00fdchto predmetov alebo \u010dasti a formy sk\u00fa\u0161ky z t\u00fdchto predmetov (\u0161kolsk\u00fd z\u00e1kon, \u00a7 88, odsek 1 a 2).<\/p>\n\n\n\n<p>3. \u017diak, ktor\u00fd nevykonal \u00faspe\u0161ne MS z predmetu, po\u017eiada \u0160MK o opravn\u00fa sk\u00fa\u0161ku z tohto predmetu. Vo svojej \u017eiadosti \u0161pecifikuje, ktor\u00fa \u010das\u0165 alebo formu MS chce opravova\u0165 (\u0161kolsk\u00fd z\u00e1kon, \u00a7 88, odsek 1 a 2). M\u00f4\u017ee po\u017eiada\u0165 o opravn\u00fa sk\u00fa\u0161ku iba tej \u010dasti alebo formy, v ktorej bol ne\u00faspe\u0161n\u00fd.<\/p>\n\n\n\n<p>4. <strong>Term\u00edn<\/strong> konania opravnej sk\u00fa\u0161ky \u00daFI\u010c MS je <strong>september<\/strong> alebo <strong>febru\u00e1r<\/strong> nasleduj\u00faceho \u0161kolsk\u00e9ho roka. Opravn\u00fa sk\u00fa\u0161ku E\u010c a PFI\u010c MS m\u00f4\u017ee \u017eiak vykona\u0165 v mimoriadnom sk\u00fa\u0161obnom obdob\u00ed v septembri nasleduj\u00faceho \u0161kolsk\u00e9ho roka alebo v riadnom term\u00edne E\u010c a PFI\u010c MS nasleduj\u00faceho \u0161kolsk\u00e9ho roka (\u0161kolsk\u00fd z\u00e1kon, \u00a7 77, odsek 5 a \u00a7 88, odsek 4), pri\u010dom nasleduj\u00facim \u0161kolsk\u00fdm rokom sa rozumie \u0161kolsk\u00fd rok nasleduj\u00faci po \u0161kolskom roku, v ktorom \u017eiak konal MS v riadnom term\u00edne (napr. \u017eiak, ktor\u00fd ne\u00faspe\u0161ne vykonal MS v riadnom term\u00edne roku 2026, m\u00f4\u017ee vykona\u0165 opravn\u00fa sk\u00fa\u0161ku v septembri 2026 alebo v marci 2027).<\/p>\n\n\n\n<p>5. Na <strong>opravn\u00fa sk\u00fa\u0161ku<\/strong> E\u010c a PFI\u010c MS sa \u017eiak prihl\u00e1si riadite\u013eovi \u0161koly <strong>do 30. j\u00fana<\/strong>, ak chce opravn\u00fa sk\u00fa\u0161ku kona\u0165 v septembri nasleduj\u00faceho \u0161kolsk\u00e9ho roka alebo do 30. septembra nasleduj\u00faceho \u0161kolsk\u00e9ho roka, ak chce opravn\u00fa sk\u00fa\u0161ku kona\u0165 v riadnom term\u00edne nasleduj\u00faceho \u0161kolsk\u00e9ho roka (\u0161kolsk\u00fd z\u00e1kon, \u00a7 77, odsek 7). Tomuto prihl\u00e1seniu predch\u00e1dza \u017eiados\u0165 o opravn\u00fa sk\u00fa\u0161ku v zmysle bodu 3.<\/p>\n\n\n\n<p>6. O opravn\u00fd term\u00edn E\u010c MS a PFI\u010c MS m\u00f4\u017ee po\u017eiada\u0165 iba \u017eiak, ktor\u00fd m\u00e1 ukon\u010den\u00fa cel\u00fa maturitn\u00fa sk\u00fa\u0161ku, absolvoval v\u0161etky vybran\u00e9 maturitn\u00e9 predmety a v\u0161etky \u010dasti maturitnej sk\u00fa\u0161ky t\u00fdchto maturitn\u00fdch predmetov a nesplnil podmienky pre \u00faspe\u0161n\u00e9 vykonanie maturitnej sk\u00fa\u0161ky.<\/p>\n\n\n\n<p><strong>Upozornenie<\/strong>! O opravn\u00fd term\u00edn E\u010c MS a PFI\u010c MS teda nem\u00f4\u017ee po\u017eiada\u0165 \u017eiak, ktor\u00fd napr. neukon\u010dil \u00faspe\u0161ne posledn\u00fd ro\u010dn\u00edk \u0161t\u00fadia, v auguste kon\u00e1 opravn\u00e9 sk\u00fa\u0161ky na ukon\u010denie \u0161t\u00fadia a v septembri nasleduj\u00faceho \u0161kolsk\u00e9ho roka chce kona\u0165 n\u00e1hradn\u00fd term\u00edn \u00daFI\u010c MS a z\u00e1rove\u0148 v septembri by chcel kona\u0165 aj opravn\u00fd term\u00edn E\u010c MS a\/alebo PFI\u010c MS. V septembri sa kon\u00e1 iba opravn\u00fd term\u00edn E\u010c a PFI\u010c MS, nem\u00f4\u017ee sa kona\u0165 n\u00e1hradn\u00fd term\u00edn E\u010c a PFI\u010c MS.<\/p>\n\n\n\n<hr class=\"wp-block-separator has-alpha-channel-opacity\"\/>\n\n\n\n<p><strong>T\u00e9my PFI\u010c MS zo SJL<\/strong> bud\u00fa v de\u0148 testovania (iba pre riadny term\u00edn MS) vyhl\u00e1sen\u00e9 prostredn\u00edctvom rozhlasov\u00e9ho vysielania Rozhlasu a telev\u00edzie Slovenska a bud\u00fa tie\u017e zverejnen\u00e9 na webov\u00fdch str\u00e1nkach N\u00daCEM a CVTI SR-\u0160VS.<\/p>\n\n\n\n<p><strong>Zadania PFI\u010c MS z cudz\u00edch jazykov<\/strong> bud\u00fa v de\u0148 testovania v stanovenom \u010dase (iba pre riadny term\u00edn MS) zverejnen\u00e9 na webov\u00fdch str\u00e1nkach N\u00daCEM a CVTI SR-\u0160VS.<\/p>\n\n\n\n<p><strong>K\u013e\u00fa\u010de spr\u00e1vnych odpoved\u00ed<\/strong> k \u00faloh\u00e1m s kr\u00e1tkou odpove\u010fou bud\u00fa pred za\u010diatkom hodnotenia odpoved\u00ed \u017eiakov na \u00falohy s kr\u00e1tkou odpove\u010fou zverejnen\u00e9 na webov\u00fdch str\u00e1nkach vy\u0161\u0161ie uveden\u00fdch in\u0161tit\u00faci\u00ed (iba pre riadny term\u00edn MS).<\/p>\n\n\n\n<p>Oprava \u00faloh s kr\u00e1tkou odpove\u010fou v E\u010c MS v predmetoch slovensk\u00fd jazyk a literat\u00fara a slovensk\u00fd jazyk a slovensk\u00e1 literat\u00fara bude realizovan\u00e1 centr\u00e1lne, odpovede na \u00falohy s kr\u00e1tkou odpove\u010fou nebud\u00fa z t\u00fdchto predmetov hodnoten\u00e9 na \u0161kol\u00e1ch.<\/p>\n\n\n\n<hr class=\"wp-block-separator has-alpha-channel-opacity\"\/>\n\n\n\n<p>Viac inform\u00e1ci\u00ed a podrobn\u00e9 \u0161pecifik\u00e1cie testov E\u010c MS, t\u00e9m a zadan\u00ed PFI\u010c MS s\u00fa priebe\u017ene zverej\u0148ovan\u00e9 na&nbsp;<a href=\"https:\/\/www.nucem.sk\/sk\/merania\/narodne-merania\/maturita\"><strong>https:\/\/www.nucem.sk\/sk\/merania\/narodne-merania\/maturita<\/strong><\/a><\/p>\n\n\n\n<hr class=\"wp-block-separator has-alpha-channel-opacity\"\/>\n\n\n\n<div class=\"wp-block-file alignleft\"><a id=\"wp-block-file--media-b1ce8c57-cb23-4d7c-882b-fed77ce7b3b7\" href=\"https:\/\/moyzeska.sk\/wp-content\/uploads\/2026\/01\/EBOOK-MATURITA-2026.pdf\">EBOOK: MATURITA \u013dUDSKOU RE\u010cOU<\/a><a href=\"https:\/\/moyzeska.sk\/wp-content\/uploads\/2026\/01\/EBOOK-MATURITA-2026.pdf\" class=\"wp-block-file__button wp-element-button\" download aria-describedby=\"wp-block-file--media-b1ce8c57-cb23-4d7c-882b-fed77ce7b3b7\">Stiahnu\u0165<\/a><\/div>\n","protected":false},"excerpt":{"rendered":"<p>Maturitn\u00e1 sk\u00fa\u0161ka 2026 Organiz\u00e1ciu MS upravuje z\u00e1kon \u010d. 245\/2008 Z. z. o v\u00fdchove a vzdel\u00e1van\u00ed (\u0161kolsk\u00fd z\u00e1kon) a o zmene a doplnen\u00ed niektor\u00fdch z\u00e1konov v znen\u00ed neskor\u0161\u00edch predpisov a vyhl\u00e1\u0161ka \u010d. 318\/2008 Z. z. o ukon\u010dovan\u00ed \u0161t\u00fadia na stredn\u00fdch \u0161kol\u00e1ch v znen\u00ed neskor\u0161\u00edch predpisov. Od 01. 09. 2024 nadobudla \u00fa\u010dinnos\u0165 novela \u0161kolsk\u00e9ho z\u00e1kona (https:\/\/www.slov-lex.sk\/pravne-predpisy\/SK\/ZZ\/2008\/245\/) a &hellip;<br \/><a href=\"https:\/\/moyzeska.sk\/index.php\/maturitne-skusky-2025-2026\/\" class=\"more-link pen_button pen_element_default pen_icon_arrow_double\">Zobrazi\u0165<\/a><\/p>\n","protected":false},"author":1,"featured_media":0,"parent":0,"menu_order":0,"comment_status":"closed","ping_status":"closed","template":"","meta":{"_monsterinsights_skip_tracking":false,"_monsterinsights_sitenote_active":false,"_monsterinsights_sitenote_note":"","_monsterinsights_sitenote_category":0},"yoast_head":"<!-- This site is optimized with the Yoast SEO plugin v21.8.1 - https:\/\/yoast.com\/wordpress\/plugins\/seo\/ -->\n<title>Maturitn\u00e9 sk\u00fa\u0161ky 2025\/2026 - Stredn\u00e1 zdravotn\u00edcka \u0161kola, Moyzesova 17, Ko\u0161ice<\/title>\n<meta name=\"robots\" content=\"index, follow, max-snippet:-1, max-image-preview:large, max-video-preview:-1\" \/>\n<link rel=\"canonical\" href=\"https:\/\/moyzeska.sk\/index.php\/maturitne-skusky-2025-2026\/\" \/>\n<meta property=\"og:locale\" content=\"sk_SK\" \/>\n<meta property=\"og:type\" content=\"article\" \/>\n<meta property=\"og:title\" content=\"Maturitn\u00e9 sk\u00fa\u0161ky 2025\/2026 - Stredn\u00e1 zdravotn\u00edcka \u0161kola, Moyzesova 17, Ko\u0161ice\" \/>\n<meta property=\"og:description\" content=\"Maturitn\u00e1 sk\u00fa\u0161ka 2026 Organiz\u00e1ciu MS upravuje z\u00e1kon \u010d. 245\/2008 Z. z. o v\u00fdchove a vzdel\u00e1van\u00ed (\u0161kolsk\u00fd z\u00e1kon) a o zmene a doplnen\u00ed niektor\u00fdch z\u00e1konov v znen\u00ed neskor\u0161\u00edch predpisov a vyhl\u00e1\u0161ka \u010d. 318\/2008 Z. z. o ukon\u010dovan\u00ed \u0161t\u00fadia na stredn\u00fdch \u0161kol\u00e1ch v znen\u00ed neskor\u0161\u00edch predpisov. Od 01. 09. 2024 nadobudla \u00fa\u010dinnos\u0165 novela \u0161kolsk\u00e9ho z\u00e1kona (https:\/\/www.slov-lex.sk\/pravne-predpisy\/SK\/ZZ\/2008\/245\/) a &hellip;Zobrazi\u0165\" \/>\n<meta property=\"og:url\" content=\"https:\/\/moyzeska.sk\/index.php\/maturitne-skusky-2025-2026\/\" \/>\n<meta property=\"og:site_name\" content=\"Stredn\u00e1 zdravotn\u00edcka \u0161kola, Moyzesova 17, Ko\u0161ice\" \/>\n<meta property=\"article:publisher\" content=\"https:\/\/www.facebook.com\/Moyzeska\" \/>\n<meta property=\"article:modified_time\" content=\"2026-02-23T13:14:50+00:00\" \/>\n<meta name=\"twitter:card\" content=\"summary_large_image\" \/>\n<meta name=\"twitter:label1\" content=\"Predpokladan\u00fd \u010das \u010d\u00edtania\" \/>\n\t<meta name=\"twitter:data1\" content=\"8 min\u00fat\" \/>\n<script type=\"application\/ld+json\" class=\"yoast-schema-graph\">{\"@context\":\"https:\/\/schema.org\",\"@graph\":[{\"@type\":\"WebPage\",\"@id\":\"https:\/\/moyzeska.sk\/index.php\/maturitne-skusky-2025-2026\/\",\"url\":\"https:\/\/moyzeska.sk\/index.php\/maturitne-skusky-2025-2026\/\",\"name\":\"Maturitn\u00e9 sk\u00fa\u0161ky 2025\/2026 - Stredn\u00e1 zdravotn\u00edcka \u0161kola, Moyzesova 17, Ko\u0161ice\",\"isPartOf\":{\"@id\":\"https:\/\/moyzeska.sk\/#website\"},\"datePublished\":\"2025-10-09T11:23:10+00:00\",\"dateModified\":\"2026-02-23T13:14:50+00:00\",\"breadcrumb\":{\"@id\":\"https:\/\/moyzeska.sk\/index.php\/maturitne-skusky-2025-2026\/#breadcrumb\"},\"inLanguage\":\"sk-SK\",\"potentialAction\":[{\"@type\":\"ReadAction\",\"target\":[\"https:\/\/moyzeska.sk\/index.php\/maturitne-skusky-2025-2026\/\"]}]},{\"@type\":\"BreadcrumbList\",\"@id\":\"https:\/\/moyzeska.sk\/index.php\/maturitne-skusky-2025-2026\/#breadcrumb\",\"itemListElement\":[{\"@type\":\"ListItem\",\"position\":1,\"name\":\"Home\",\"item\":\"https:\/\/moyzeska.sk\/\"},{\"@type\":\"ListItem\",\"position\":2,\"name\":\"Maturitn\u00e9 sk\u00fa\u0161ky 2025\/2026\"}]},{\"@type\":\"WebSite\",\"@id\":\"https:\/\/moyzeska.sk\/#website\",\"url\":\"https:\/\/moyzeska.sk\/\",\"name\":\"Stredn\u00e1 zdravotn\u00edcka \u0161kola, Moyzesova 17, Ko\u0161ice\",\"description\":\"\",\"publisher\":{\"@id\":\"https:\/\/moyzeska.sk\/#organization\"},\"potentialAction\":[{\"@type\":\"SearchAction\",\"target\":{\"@type\":\"EntryPoint\",\"urlTemplate\":\"https:\/\/moyzeska.sk\/?s={search_term_string}\"},\"query-input\":\"required name=search_term_string\"}],\"inLanguage\":\"sk-SK\"},{\"@type\":\"Organization\",\"@id\":\"https:\/\/moyzeska.sk\/#organization\",\"name\":\"Stredn\u00e1 zdravotn\u00edcka \u0161kola, Moyzesova 17, Ko\u0161ice\",\"url\":\"https:\/\/moyzeska.sk\/\",\"logo\":{\"@type\":\"ImageObject\",\"inLanguage\":\"sk-SK\",\"@id\":\"https:\/\/moyzeska.sk\/#\/schema\/logo\/image\/\",\"url\":\"https:\/\/moyzeska.sk\/wp-content\/uploads\/2020\/09\/SZS-logo.png\",\"contentUrl\":\"https:\/\/moyzeska.sk\/wp-content\/uploads\/2020\/09\/SZS-logo.png\",\"width\":300,\"height\":300,\"caption\":\"Stredn\u00e1 zdravotn\u00edcka \u0161kola, Moyzesova 17, Ko\u0161ice\"},\"image\":{\"@id\":\"https:\/\/moyzeska.sk\/#\/schema\/logo\/image\/\"},\"sameAs\":[\"https:\/\/www.facebook.com\/Moyzeska\",\"https:\/\/www.instagram.com\/moyzeska\/\"]}]}<\/script>\n<!-- \/ Yoast SEO plugin. -->","yoast_head_json":{"title":"Maturitn\u00e9 sk\u00fa\u0161ky 2025\/2026 - Stredn\u00e1 zdravotn\u00edcka \u0161kola, Moyzesova 17, Ko\u0161ice","robots":{"index":"index","follow":"follow","max-snippet":"max-snippet:-1","max-image-preview":"max-image-preview:large","max-video-preview":"max-video-preview:-1"},"canonical":"https:\/\/moyzeska.sk\/index.php\/maturitne-skusky-2025-2026\/","og_locale":"sk_SK","og_type":"article","og_title":"Maturitn\u00e9 sk\u00fa\u0161ky 2025\/2026 - Stredn\u00e1 zdravotn\u00edcka \u0161kola, Moyzesova 17, Ko\u0161ice","og_description":"Maturitn\u00e1 sk\u00fa\u0161ka 2026 Organiz\u00e1ciu MS upravuje z\u00e1kon \u010d. 245\/2008 Z. z. o v\u00fdchove a vzdel\u00e1van\u00ed (\u0161kolsk\u00fd z\u00e1kon) a o zmene a doplnen\u00ed niektor\u00fdch z\u00e1konov v znen\u00ed neskor\u0161\u00edch predpisov a vyhl\u00e1\u0161ka \u010d. 318\/2008 Z. z. o ukon\u010dovan\u00ed \u0161t\u00fadia na stredn\u00fdch \u0161kol\u00e1ch v znen\u00ed neskor\u0161\u00edch predpisov. Od 01. 09. 2024 nadobudla \u00fa\u010dinnos\u0165 novela \u0161kolsk\u00e9ho z\u00e1kona (https:\/\/www.slov-lex.sk\/pravne-predpisy\/SK\/ZZ\/2008\/245\/) a &hellip;Zobrazi\u0165","og_url":"https:\/\/moyzeska.sk\/index.php\/maturitne-skusky-2025-2026\/","og_site_name":"Stredn\u00e1 zdravotn\u00edcka \u0161kola, Moyzesova 17, Ko\u0161ice","article_publisher":"https:\/\/www.facebook.com\/Moyzeska","article_modified_time":"2026-02-23T13:14:50+00:00","twitter_card":"summary_large_image","twitter_misc":{"Predpokladan\u00fd \u010das \u010d\u00edtania":"8 min\u00fat"},"schema":{"@context":"https:\/\/schema.org","@graph":[{"@type":"WebPage","@id":"https:\/\/moyzeska.sk\/index.php\/maturitne-skusky-2025-2026\/","url":"https:\/\/moyzeska.sk\/index.php\/maturitne-skusky-2025-2026\/","name":"Maturitn\u00e9 sk\u00fa\u0161ky 2025\/2026 - Stredn\u00e1 zdravotn\u00edcka \u0161kola, Moyzesova 17, Ko\u0161ice","isPartOf":{"@id":"https:\/\/moyzeska.sk\/#website"},"datePublished":"2025-10-09T11:23:10+00:00","dateModified":"2026-02-23T13:14:50+00:00","breadcrumb":{"@id":"https:\/\/moyzeska.sk\/index.php\/maturitne-skusky-2025-2026\/#breadcrumb"},"inLanguage":"sk-SK","potentialAction":[{"@type":"ReadAction","target":["https:\/\/moyzeska.sk\/index.php\/maturitne-skusky-2025-2026\/"]}]},{"@type":"BreadcrumbList","@id":"https:\/\/moyzeska.sk\/index.php\/maturitne-skusky-2025-2026\/#breadcrumb","itemListElement":[{"@type":"ListItem","position":1,"name":"Home","item":"https:\/\/moyzeska.sk\/"},{"@type":"ListItem","position":2,"name":"Maturitn\u00e9 sk\u00fa\u0161ky 2025\/2026"}]},{"@type":"WebSite","@id":"https:\/\/moyzeska.sk\/#website","url":"https:\/\/moyzeska.sk\/","name":"Stredn\u00e1 zdravotn\u00edcka \u0161kola, Moyzesova 17, Ko\u0161ice","description":"","publisher":{"@id":"https:\/\/moyzeska.sk\/#organization"},"potentialAction":[{"@type":"SearchAction","target":{"@type":"EntryPoint","urlTemplate":"https:\/\/moyzeska.sk\/?s={search_term_string}"},"query-input":"required name=search_term_string"}],"inLanguage":"sk-SK"},{"@type":"Organization","@id":"https:\/\/moyzeska.sk\/#organization","name":"Stredn\u00e1 zdravotn\u00edcka \u0161kola, Moyzesova 17, Ko\u0161ice","url":"https:\/\/moyzeska.sk\/","logo":{"@type":"ImageObject","inLanguage":"sk-SK","@id":"https:\/\/moyzeska.sk\/#\/schema\/logo\/image\/","url":"https:\/\/moyzeska.sk\/wp-content\/uploads\/2020\/09\/SZS-logo.png","contentUrl":"https:\/\/moyzeska.sk\/wp-content\/uploads\/2020\/09\/SZS-logo.png","width":300,"height":300,"caption":"Stredn\u00e1 zdravotn\u00edcka \u0161kola, Moyzesova 17, Ko\u0161ice"},"image":{"@id":"https:\/\/moyzeska.sk\/#\/schema\/logo\/image\/"},"sameAs":["https:\/\/www.facebook.com\/Moyzeska","https:\/\/www.instagram.com\/moyzeska\/"]}]}},"_links":{"self":[{"href":"https:\/\/moyzeska.sk\/index.php\/wp-json\/wp\/v2\/pages\/7999"}],"collection":[{"href":"https:\/\/moyzeska.sk\/index.php\/wp-json\/wp\/v2\/pages"}],"about":[{"href":"https:\/\/moyzeska.sk\/index.php\/wp-json\/wp\/v2\/types\/page"}],"author":[{"embeddable":true,"href":"https:\/\/moyzeska.sk\/index.php\/wp-json\/wp\/v2\/users\/1"}],"replies":[{"embeddable":true,"href":"https:\/\/moyzeska.sk\/index.php\/wp-json\/wp\/v2\/comments?post=7999"}],"version-history":[{"count":6,"href":"https:\/\/moyzeska.sk\/index.php\/wp-json\/wp\/v2\/pages\/7999\/revisions"}],"predecessor-version":[{"id":8809,"href":"https:\/\/moyzeska.sk\/index.php\/wp-json\/wp\/v2\/pages\/7999\/revisions\/8809"}],"wp:attachment":[{"href":"https:\/\/moyzeska.sk\/index.php\/wp-json\/wp\/v2\/media?parent=7999"}],"curies":[{"name":"wp","href":"https:\/\/api.w.org\/{rel}","templated":true}]}}