{"id":787,"date":"2020-10-12T09:33:55","date_gmt":"2020-10-12T07:33:55","guid":{"rendered":"https:\/\/moyzeska.sk\/?page_id=787"},"modified":"2021-02-26T13:09:48","modified_gmt":"2021-02-26T12:09:48","slug":"planovane-st-odbory-pre-sk-rok-2021-2022","status":"publish","type":"page","link":"https:\/\/moyzeska.sk\/index.php\/planovane-st-odbory-pre-sk-rok-2021-2022\/","title":{"rendered":"Pl\u00e1novan\u00e9 \u0161tudijn\u00e9 odbory na \u0161k. rok 2021\/2022"},"content":{"rendered":"\n<p><strong>Denn\u00e9 \u0161t\u00fadium (\u0161tvorro\u010dn\u00e9 \u0161t\u00fadium):<\/strong><\/p>\n\n\n\n<ul><li><strong>asistent v\u00fd\u017eivy<\/strong> <em>&nbsp;(otv\u00e1rame 0,5 triedy \/ 15 \u017eiakov)<\/em><\/li><li><strong>farmaceutick\u00fd laborant<\/strong> <em>&nbsp;(otv\u00e1rame 1 triedu \/ 30 \u017eiakov)<\/em><\/li><li><strong>zdravotn\u00edcky laborant<\/strong> <em>(otv\u00e1rame 1 triedu \/ 30 \u017eiakov)<\/em><\/li><li><strong>o\u010dn\u00fd optik<\/strong> <em>(otv\u00e1rame 0,5 triedy \/ 15 \u017eiakov)<\/em><\/li><li><strong>zubn\u00fd asistent<\/strong> <em>(otv\u00e1rame 1 triedu \/ 18 \u017eiakov)<\/em><\/li><\/ul>\n","protected":false},"excerpt":{"rendered":"<p>Denn\u00e9 \u0161t\u00fadium (\u0161tvorro\u010dn\u00e9 \u0161t\u00fadium): asistent v\u00fd\u017eivy &nbsp;(otv\u00e1rame 0,5 triedy \/ 15 \u017eiakov) farmaceutick\u00fd laborant &nbsp;(otv\u00e1rame 1 triedu \/ 30 \u017eiakov) zdravotn\u00edcky laborant (otv\u00e1rame 1 triedu \/ 30 \u017eiakov) o\u010dn\u00fd optik (otv\u00e1rame 0,5 triedy \/ 15 \u017eiakov) zubn\u00fd asistent (otv\u00e1rame 1 triedu \/ 18 \u017eiakov)<\/p>\n","protected":false},"author":1,"featured_media":0,"parent":0,"menu_order":0,"comment_status":"closed","ping_status":"closed","template":"","meta":{"_monsterinsights_skip_tracking":false,"_monsterinsights_sitenote_active":false,"_monsterinsights_sitenote_note":"","_monsterinsights_sitenote_category":0},"yoast_head":"<!-- This site is optimized with the Yoast SEO plugin v21.8.1 - https:\/\/yoast.com\/wordpress\/plugins\/seo\/ -->\n<title>Pl\u00e1novan\u00e9 \u0161tudijn\u00e9 odbory na \u0161k. rok 2021\/2022 - Stredn\u00e1 zdravotn\u00edcka \u0161kola, Moyzesova 17, Ko\u0161ice<\/title>\n<meta name=\"robots\" content=\"index, follow, max-snippet:-1, max-image-preview:large, max-video-preview:-1\" \/>\n<link rel=\"canonical\" href=\"https:\/\/moyzeska.sk\/index.php\/planovane-st-odbory-pre-sk-rok-2021-2022\/\" \/>\n<meta property=\"og:locale\" content=\"sk_SK\" \/>\n<meta property=\"og:type\" content=\"article\" \/>\n<meta property=\"og:title\" content=\"Pl\u00e1novan\u00e9 \u0161tudijn\u00e9 odbory na \u0161k. rok 2021\/2022 - Stredn\u00e1 zdravotn\u00edcka \u0161kola, Moyzesova 17, Ko\u0161ice\" \/>\n<meta property=\"og:description\" content=\"Denn\u00e9 \u0161t\u00fadium (\u0161tvorro\u010dn\u00e9 \u0161t\u00fadium): asistent v\u00fd\u017eivy &nbsp;(otv\u00e1rame 0,5 triedy \/ 15 \u017eiakov) farmaceutick\u00fd laborant &nbsp;(otv\u00e1rame 1 triedu \/ 30 \u017eiakov) zdravotn\u00edcky laborant (otv\u00e1rame 1 triedu \/ 30 \u017eiakov) o\u010dn\u00fd optik (otv\u00e1rame 0,5 triedy \/ 15 \u017eiakov) zubn\u00fd asistent (otv\u00e1rame 1 triedu \/ 18 \u017eiakov)\" \/>\n<meta property=\"og:url\" content=\"https:\/\/moyzeska.sk\/index.php\/planovane-st-odbory-pre-sk-rok-2021-2022\/\" \/>\n<meta property=\"og:site_name\" content=\"Stredn\u00e1 zdravotn\u00edcka \u0161kola, Moyzesova 17, Ko\u0161ice\" \/>\n<meta property=\"article:publisher\" content=\"https:\/\/www.facebook.com\/Moyzeska\" \/>\n<meta property=\"article:modified_time\" content=\"2021-02-26T12:09:48+00:00\" \/>\n<meta name=\"twitter:card\" content=\"summary_large_image\" \/>\n<meta name=\"twitter:label1\" content=\"Predpokladan\u00fd \u010das \u010d\u00edtania\" \/>\n\t<meta name=\"twitter:data1\" content=\"1 min\u00fata\" \/>\n<script type=\"application\/ld+json\" class=\"yoast-schema-graph\">{\"@context\":\"https:\/\/schema.org\",\"@graph\":[{\"@type\":\"WebPage\",\"@id\":\"https:\/\/moyzeska.sk\/index.php\/planovane-st-odbory-pre-sk-rok-2021-2022\/\",\"url\":\"https:\/\/moyzeska.sk\/index.php\/planovane-st-odbory-pre-sk-rok-2021-2022\/\",\"name\":\"Pl\u00e1novan\u00e9 \u0161tudijn\u00e9 odbory na \u0161k. rok 2021\/2022 - Stredn\u00e1 zdravotn\u00edcka \u0161kola, Moyzesova 17, Ko\u0161ice\",\"isPartOf\":{\"@id\":\"https:\/\/moyzeska.sk\/#website\"},\"datePublished\":\"2020-10-12T07:33:55+00:00\",\"dateModified\":\"2021-02-26T12:09:48+00:00\",\"breadcrumb\":{\"@id\":\"https:\/\/moyzeska.sk\/index.php\/planovane-st-odbory-pre-sk-rok-2021-2022\/#breadcrumb\"},\"inLanguage\":\"sk-SK\",\"potentialAction\":[{\"@type\":\"ReadAction\",\"target\":[\"https:\/\/moyzeska.sk\/index.php\/planovane-st-odbory-pre-sk-rok-2021-2022\/\"]}]},{\"@type\":\"BreadcrumbList\",\"@id\":\"https:\/\/moyzeska.sk\/index.php\/planovane-st-odbory-pre-sk-rok-2021-2022\/#breadcrumb\",\"itemListElement\":[{\"@type\":\"ListItem\",\"position\":1,\"name\":\"Home\",\"item\":\"https:\/\/moyzeska.sk\/\"},{\"@type\":\"ListItem\",\"position\":2,\"name\":\"Pl\u00e1novan\u00e9 \u0161tudijn\u00e9 odbory na \u0161k. rok 2021\/2022\"}]},{\"@type\":\"WebSite\",\"@id\":\"https:\/\/moyzeska.sk\/#website\",\"url\":\"https:\/\/moyzeska.sk\/\",\"name\":\"Stredn\u00e1 zdravotn\u00edcka \u0161kola, Moyzesova 17, Ko\u0161ice\",\"description\":\"\",\"publisher\":{\"@id\":\"https:\/\/moyzeska.sk\/#organization\"},\"potentialAction\":[{\"@type\":\"SearchAction\",\"target\":{\"@type\":\"EntryPoint\",\"urlTemplate\":\"https:\/\/moyzeska.sk\/?s={search_term_string}\"},\"query-input\":\"required name=search_term_string\"}],\"inLanguage\":\"sk-SK\"},{\"@type\":\"Organization\",\"@id\":\"https:\/\/moyzeska.sk\/#organization\",\"name\":\"Stredn\u00e1 zdravotn\u00edcka \u0161kola, Moyzesova 17, Ko\u0161ice\",\"url\":\"https:\/\/moyzeska.sk\/\",\"logo\":{\"@type\":\"ImageObject\",\"inLanguage\":\"sk-SK\",\"@id\":\"https:\/\/moyzeska.sk\/#\/schema\/logo\/image\/\",\"url\":\"https:\/\/moyzeska.sk\/wp-content\/uploads\/2020\/09\/SZS-logo.png\",\"contentUrl\":\"https:\/\/moyzeska.sk\/wp-content\/uploads\/2020\/09\/SZS-logo.png\",\"width\":300,\"height\":300,\"caption\":\"Stredn\u00e1 zdravotn\u00edcka \u0161kola, Moyzesova 17, Ko\u0161ice\"},\"image\":{\"@id\":\"https:\/\/moyzeska.sk\/#\/schema\/logo\/image\/\"},\"sameAs\":[\"https:\/\/www.facebook.com\/Moyzeska\",\"https:\/\/www.instagram.com\/moyzeska\/\"]}]}<\/script>\n<!-- \/ Yoast SEO plugin. -->","yoast_head_json":{"title":"Pl\u00e1novan\u00e9 \u0161tudijn\u00e9 odbory na \u0161k. rok 2021\/2022 - Stredn\u00e1 zdravotn\u00edcka \u0161kola, Moyzesova 17, Ko\u0161ice","robots":{"index":"index","follow":"follow","max-snippet":"max-snippet:-1","max-image-preview":"max-image-preview:large","max-video-preview":"max-video-preview:-1"},"canonical":"https:\/\/moyzeska.sk\/index.php\/planovane-st-odbory-pre-sk-rok-2021-2022\/","og_locale":"sk_SK","og_type":"article","og_title":"Pl\u00e1novan\u00e9 \u0161tudijn\u00e9 odbory na \u0161k. rok 2021\/2022 - Stredn\u00e1 zdravotn\u00edcka \u0161kola, Moyzesova 17, Ko\u0161ice","og_description":"Denn\u00e9 \u0161t\u00fadium (\u0161tvorro\u010dn\u00e9 \u0161t\u00fadium): asistent v\u00fd\u017eivy &nbsp;(otv\u00e1rame 0,5 triedy \/ 15 \u017eiakov) farmaceutick\u00fd laborant &nbsp;(otv\u00e1rame 1 triedu \/ 30 \u017eiakov) zdravotn\u00edcky laborant (otv\u00e1rame 1 triedu \/ 30 \u017eiakov) o\u010dn\u00fd optik (otv\u00e1rame 0,5 triedy \/ 15 \u017eiakov) zubn\u00fd asistent (otv\u00e1rame 1 triedu \/ 18 \u017eiakov)","og_url":"https:\/\/moyzeska.sk\/index.php\/planovane-st-odbory-pre-sk-rok-2021-2022\/","og_site_name":"Stredn\u00e1 zdravotn\u00edcka \u0161kola, Moyzesova 17, Ko\u0161ice","article_publisher":"https:\/\/www.facebook.com\/Moyzeska","article_modified_time":"2021-02-26T12:09:48+00:00","twitter_card":"summary_large_image","twitter_misc":{"Predpokladan\u00fd \u010das \u010d\u00edtania":"1 min\u00fata"},"schema":{"@context":"https:\/\/schema.org","@graph":[{"@type":"WebPage","@id":"https:\/\/moyzeska.sk\/index.php\/planovane-st-odbory-pre-sk-rok-2021-2022\/","url":"https:\/\/moyzeska.sk\/index.php\/planovane-st-odbory-pre-sk-rok-2021-2022\/","name":"Pl\u00e1novan\u00e9 \u0161tudijn\u00e9 odbory na \u0161k. rok 2021\/2022 - Stredn\u00e1 zdravotn\u00edcka \u0161kola, Moyzesova 17, Ko\u0161ice","isPartOf":{"@id":"https:\/\/moyzeska.sk\/#website"},"datePublished":"2020-10-12T07:33:55+00:00","dateModified":"2021-02-26T12:09:48+00:00","breadcrumb":{"@id":"https:\/\/moyzeska.sk\/index.php\/planovane-st-odbory-pre-sk-rok-2021-2022\/#breadcrumb"},"inLanguage":"sk-SK","potentialAction":[{"@type":"ReadAction","target":["https:\/\/moyzeska.sk\/index.php\/planovane-st-odbory-pre-sk-rok-2021-2022\/"]}]},{"@type":"BreadcrumbList","@id":"https:\/\/moyzeska.sk\/index.php\/planovane-st-odbory-pre-sk-rok-2021-2022\/#breadcrumb","itemListElement":[{"@type":"ListItem","position":1,"name":"Home","item":"https:\/\/moyzeska.sk\/"},{"@type":"ListItem","position":2,"name":"Pl\u00e1novan\u00e9 \u0161tudijn\u00e9 odbory na \u0161k. rok 2021\/2022"}]},{"@type":"WebSite","@id":"https:\/\/moyzeska.sk\/#website","url":"https:\/\/moyzeska.sk\/","name":"Stredn\u00e1 zdravotn\u00edcka \u0161kola, Moyzesova 17, Ko\u0161ice","description":"","publisher":{"@id":"https:\/\/moyzeska.sk\/#organization"},"potentialAction":[{"@type":"SearchAction","target":{"@type":"EntryPoint","urlTemplate":"https:\/\/moyzeska.sk\/?s={search_term_string}"},"query-input":"required name=search_term_string"}],"inLanguage":"sk-SK"},{"@type":"Organization","@id":"https:\/\/moyzeska.sk\/#organization","name":"Stredn\u00e1 zdravotn\u00edcka \u0161kola, Moyzesova 17, Ko\u0161ice","url":"https:\/\/moyzeska.sk\/","logo":{"@type":"ImageObject","inLanguage":"sk-SK","@id":"https:\/\/moyzeska.sk\/#\/schema\/logo\/image\/","url":"https:\/\/moyzeska.sk\/wp-content\/uploads\/2020\/09\/SZS-logo.png","contentUrl":"https:\/\/moyzeska.sk\/wp-content\/uploads\/2020\/09\/SZS-logo.png","width":300,"height":300,"caption":"Stredn\u00e1 zdravotn\u00edcka \u0161kola, Moyzesova 17, Ko\u0161ice"},"image":{"@id":"https:\/\/moyzeska.sk\/#\/schema\/logo\/image\/"},"sameAs":["https:\/\/www.facebook.com\/Moyzeska","https:\/\/www.instagram.com\/moyzeska\/"]}]}},"_links":{"self":[{"href":"https:\/\/moyzeska.sk\/index.php\/wp-json\/wp\/v2\/pages\/787"}],"collection":[{"href":"https:\/\/moyzeska.sk\/index.php\/wp-json\/wp\/v2\/pages"}],"about":[{"href":"https:\/\/moyzeska.sk\/index.php\/wp-json\/wp\/v2\/types\/page"}],"author":[{"embeddable":true,"href":"https:\/\/moyzeska.sk\/index.php\/wp-json\/wp\/v2\/users\/1"}],"replies":[{"embeddable":true,"href":"https:\/\/moyzeska.sk\/index.php\/wp-json\/wp\/v2\/comments?post=787"}],"version-history":[{"count":6,"href":"https:\/\/moyzeska.sk\/index.php\/wp-json\/wp\/v2\/pages\/787\/revisions"}],"predecessor-version":[{"id":2158,"href":"https:\/\/moyzeska.sk\/index.php\/wp-json\/wp\/v2\/pages\/787\/revisions\/2158"}],"wp:attachment":[{"href":"https:\/\/moyzeska.sk\/index.php\/wp-json\/wp\/v2\/media?parent=787"}],"curies":[{"name":"wp","href":"https:\/\/api.w.org\/{rel}","templated":true}]}}