{"id":7019,"date":"2025-02-11T14:18:44","date_gmt":"2025-02-11T13:18:44","guid":{"rendered":"https:\/\/moyzeska.sk\/?page_id=7019"},"modified":"2025-02-11T14:18:46","modified_gmt":"2025-02-11T13:18:46","slug":"okruhy-tem-pre-4-rocne-denne-studium","status":"publish","type":"page","link":"https:\/\/moyzeska.sk\/index.php\/okruhy-tem-pre-4-rocne-denne-studium\/","title":{"rendered":"Okruhy t\u00e9m pre 4-ro\u010dn\u00e9 denn\u00e9 \u0161t\u00fadium"},"content":{"rendered":"\n<p><strong><u>BIOL\u00d3GIA<\/u><\/strong><\/p>\n\n\n\n<p><strong>Pod\u013ea:<\/strong>&nbsp;\u0160t\u00e1tneho vzdel\u00e1vacieho programu ISCED 2<\/p>\n\n\n\n<p><strong>Vzdel\u00e1vacia oblas\u0165:<\/strong>&nbsp;\u010clovek a&nbsp;pr\u00edroda \u2013 Biol\u00f3gia<\/p>\n\n\n\n<p><strong>Tematick\u00e9 celky:<\/strong><\/p>\n\n\n\n<ul>\n<li>Z\u00e1kladn\u00e1 \u0161trukt\u00fara \u017eivota &#8211; bunka<\/li>\n\n\n\n<li>Vn\u00fatorn\u00e1 organiz\u00e1cia tela organizmov<\/li>\n\n\n\n<li>\u010clovek a&nbsp;jeho telo<\/li>\n\n\n\n<li>Zdravie a&nbsp;\u017eivot \u010dloveka<\/li>\n\n\n\n<li>Organiz\u00e1cia \u017eivej hmoty organizmov<\/li>\n\n\n\n<li>Dedi\u010dnos\u0165 a&nbsp;premenlivos\u0165 organizmov<\/li>\n<\/ul>\n\n\n\n<p><strong>Odpor\u00fa\u010dan\u00e1 literat\u00fara:&nbsp;<\/strong>U\u010debnica biol\u00f3gie pre z\u00e1kladn\u00e9 \u0161koly<\/p>\n\n\n\n<ul>\n<li>UHEREKOV\u00c1 M. a&nbsp;kol.: Biol\u00f3gia pre 6. ro\u010dn\u00edk z\u00e1kladnej \u0161koly a&nbsp;pre 1. ro\u010dn\u00edk gymn\u00e1zia s&nbsp;osemro\u010dn\u00fdm \u0161t\u00fadiom, 6. vydanie, Bratislava \u2013 Expol Pedagogika 2019, 97 str\u00e1n. ISBN 978-80-8091-539-1.<\/li>\n\n\n\n<li>UHEREKOV\u00c1 M. a&nbsp;kol.: Biol\u00f3gia pre 7. ro\u010dn\u00edk z\u00e1kladnej \u0161koly a&nbsp;pre 2. ro\u010dn\u00edk gymn\u00e1zia s&nbsp;osemro\u010dn\u00fdm \u0161t\u00fadiom, 4. vydanie, Bratislava \u2013 Expol Pedagogika 2019, 136 str\u00e1n. ISBN 978-80-8091-548-3.<\/li>\n\n\n\n<li>Uherekov\u00e1 M. a kol.: Biol\u00f3gia pre 8. ro\u010dn\u00edk z\u00e1kladnej \u0161koly a 3. ro\u010dn\u00edk gymn\u00e1zia s osemro\u010dn\u00fdm \u0161t\u00fadiom, 4 upraven\u00e9 vydanie, Prievidza \u2013 PATRIA I., spol. s.r.o. 2020, 80 str\u00e1n. ISBN 978-80-85674-75-0<\/li>\n<\/ul>\n\n\n\n<hr class=\"wp-block-separator has-alpha-channel-opacity\"\/>\n\n\n\n<p><strong><u>CH\u00c9MIA<\/u><\/strong><\/p>\n\n\n\n<p><strong>Pod\u013ea:<\/strong>&nbsp;\u0160t\u00e1tneho vzdel\u00e1vacieho programu ISCED 2<\/p>\n\n\n\n<p><strong>Vzdel\u00e1vacia oblas\u0165:<\/strong>&nbsp;\u010clovek a pr\u00edroda \u2013 ch\u00e9mia<\/p>\n\n\n\n<p><strong>Tematick\u00e9 celky:<\/strong><\/p>\n\n\n\n<ul>\n<li>L\u00e1tky a&nbsp;ich vlastnosti<\/li>\n\n\n\n<li>Premeny l\u00e1tok<\/li>\n\n\n\n<li>Zlo\u017eenie l\u00e1tok<\/li>\n\n\n\n<li>V\u00fdznamn\u00e9 chemick\u00e9 prvky a&nbsp;zl\u00fa\u010deniny<\/li>\n\n\n\n<li>Zl\u00fa\u010deniny uhl\u00edka<\/li>\n<\/ul>\n\n\n\n<p><strong>Odpor\u00fa\u010dan\u00e1 literat\u00fara:&nbsp;<\/strong>U\u010debnice ch\u00e9mie pre z\u00e1kladn\u00e9 \u0161koly<\/p>\n\n\n\n<ul>\n<li>VICENOV\u00c1, H., GANAJOV\u00c1, M.: Ch\u00e9mia pre 7. ro\u010dn\u00edk z\u00e1kladnej \u0161koly a&nbsp;pre 2. ro\u010dn\u00edk gymn\u00e1zia s&nbsp;osemro\u010dn\u00fdm \u0161t\u00fadiom, 1. vydanie, Bratislava \u2013 Expol Pedagogika 2017, 95 str\u00e1n. ISBN 978-890-8091-427-1.<\/li>\n\n\n\n<li>VICENOV\u00c1, H., GANAJOV\u00c1, M.: Ch\u00e9mia pre 8. ro\u010dn\u00edk z\u00e1kladnej \u0161koly a&nbsp;pre 3. ro\u010dn\u00edk gymn\u00e1zia s&nbsp;osemro\u010dn\u00fdm \u0161t\u00fadiom, 1. vydanie, Bratislava \u2013 Expol Pedagogika 2018, 95 str\u00e1n. ISBN 978-80-8091-489-9.<\/li>\n\n\n\n<li>VICENOV\u00c1, H., GANAJOV\u00c1, M.: Ch\u00e9mia pre 9. ro\u010dn\u00edk z\u00e1kladnej \u0161koly a&nbsp;pre 4. ro\u010dn\u00edk gymn\u00e1zia s&nbsp;osemro\u010dn\u00fdm \u0161t\u00fadiom, 1. vydanie, Bratislava \u2013 Expol Pedagogika 2019, 79 str\u00e1n. ISBN 978-80-8091-573-5.<\/li>\n<\/ul>\n\n\n\n<hr class=\"wp-block-separator has-alpha-channel-opacity\"\/>\n\n\n\n<p><strong><u>SLOVENSK\u00dd JAZYK A LITERAT\u00daRA<\/u><\/strong><\/p>\n\n\n\n<p><strong>Vzdel\u00e1vacia oblas\u0165:<\/strong>&nbsp;Slovensk\u00fd jazyk a literat\u00fara<\/p>\n\n\n\n<p>Okruhy t\u00e9m s\u00fa v s\u00falade so vzdel\u00e1vac\u00edmi \u0161tandardmi \u0161t\u00e1tneho vzdel\u00e1vacieho programu pre Z\u0160: zvukov\u00e1 rovina, pravopis, jazykoveda, \u010d\u00edtanie s porozumen\u00edm, lexik\u00e1lna rovina, morfologick\u00e1 rovina, syntaktick\u00e1 rovina, sloh,&nbsp; liter\u00e1rne druhy, liter\u00e1rne \u017e\u00e1nre, \u0161trukt\u00fara diela, \u0161tyliz\u00e1cia textu, metrika.<\/p>\n","protected":false},"excerpt":{"rendered":"<p>BIOL\u00d3GIA Pod\u013ea:&nbsp;\u0160t\u00e1tneho vzdel\u00e1vacieho programu ISCED 2 Vzdel\u00e1vacia oblas\u0165:&nbsp;\u010clovek a&nbsp;pr\u00edroda \u2013 Biol\u00f3gia Tematick\u00e9 celky: Odpor\u00fa\u010dan\u00e1 literat\u00fara:&nbsp;U\u010debnica biol\u00f3gie pre z\u00e1kladn\u00e9 \u0161koly CH\u00c9MIA Pod\u013ea:&nbsp;\u0160t\u00e1tneho vzdel\u00e1vacieho programu ISCED 2 Vzdel\u00e1vacia oblas\u0165:&nbsp;\u010clovek a pr\u00edroda \u2013 ch\u00e9mia Tematick\u00e9 celky: Odpor\u00fa\u010dan\u00e1 literat\u00fara:&nbsp;U\u010debnice ch\u00e9mie pre z\u00e1kladn\u00e9 \u0161koly SLOVENSK\u00dd JAZYK A LITERAT\u00daRA Vzdel\u00e1vacia oblas\u0165:&nbsp;Slovensk\u00fd jazyk a literat\u00fara Okruhy t\u00e9m s\u00fa v s\u00falade so vzdel\u00e1vac\u00edmi &hellip;<br \/><a href=\"https:\/\/moyzeska.sk\/index.php\/okruhy-tem-pre-4-rocne-denne-studium\/\" class=\"more-link pen_button pen_element_default pen_icon_arrow_double\">Zobrazi\u0165<\/a><\/p>\n","protected":false},"author":1,"featured_media":0,"parent":0,"menu_order":0,"comment_status":"closed","ping_status":"closed","template":"","meta":{"_monsterinsights_skip_tracking":false,"_monsterinsights_sitenote_active":false,"_monsterinsights_sitenote_note":"","_monsterinsights_sitenote_category":0},"yoast_head":"<!-- This site is optimized with the Yoast SEO plugin v21.8.1 - https:\/\/yoast.com\/wordpress\/plugins\/seo\/ -->\n<title>Okruhy t\u00e9m pre 4-ro\u010dn\u00e9 denn\u00e9 \u0161t\u00fadium - Stredn\u00e1 zdravotn\u00edcka \u0161kola, Moyzesova 17, Ko\u0161ice<\/title>\n<meta name=\"robots\" content=\"index, follow, max-snippet:-1, max-image-preview:large, max-video-preview:-1\" \/>\n<link rel=\"canonical\" href=\"https:\/\/moyzeska.sk\/index.php\/okruhy-tem-pre-4-rocne-denne-studium\/\" \/>\n<meta property=\"og:locale\" content=\"sk_SK\" \/>\n<meta property=\"og:type\" content=\"article\" \/>\n<meta property=\"og:title\" content=\"Okruhy t\u00e9m pre 4-ro\u010dn\u00e9 denn\u00e9 \u0161t\u00fadium - Stredn\u00e1 zdravotn\u00edcka \u0161kola, Moyzesova 17, Ko\u0161ice\" \/>\n<meta property=\"og:description\" content=\"BIOL\u00d3GIA Pod\u013ea:&nbsp;\u0160t\u00e1tneho vzdel\u00e1vacieho programu ISCED 2 Vzdel\u00e1vacia oblas\u0165:&nbsp;\u010clovek a&nbsp;pr\u00edroda \u2013 Biol\u00f3gia Tematick\u00e9 celky: Odpor\u00fa\u010dan\u00e1 literat\u00fara:&nbsp;U\u010debnica biol\u00f3gie pre z\u00e1kladn\u00e9 \u0161koly CH\u00c9MIA Pod\u013ea:&nbsp;\u0160t\u00e1tneho vzdel\u00e1vacieho programu ISCED 2 Vzdel\u00e1vacia oblas\u0165:&nbsp;\u010clovek a pr\u00edroda \u2013 ch\u00e9mia Tematick\u00e9 celky: Odpor\u00fa\u010dan\u00e1 literat\u00fara:&nbsp;U\u010debnice ch\u00e9mie pre z\u00e1kladn\u00e9 \u0161koly SLOVENSK\u00dd JAZYK A LITERAT\u00daRA Vzdel\u00e1vacia oblas\u0165:&nbsp;Slovensk\u00fd jazyk a literat\u00fara Okruhy t\u00e9m s\u00fa v s\u00falade so vzdel\u00e1vac\u00edmi &hellip;Zobrazi\u0165\" \/>\n<meta property=\"og:url\" content=\"https:\/\/moyzeska.sk\/index.php\/okruhy-tem-pre-4-rocne-denne-studium\/\" \/>\n<meta property=\"og:site_name\" content=\"Stredn\u00e1 zdravotn\u00edcka \u0161kola, Moyzesova 17, Ko\u0161ice\" \/>\n<meta property=\"article:publisher\" content=\"https:\/\/www.facebook.com\/Moyzeska\" \/>\n<meta property=\"article:modified_time\" content=\"2025-02-11T13:18:46+00:00\" \/>\n<meta name=\"twitter:card\" content=\"summary_large_image\" \/>\n<meta name=\"twitter:label1\" content=\"Predpokladan\u00fd \u010das \u010d\u00edtania\" \/>\n\t<meta name=\"twitter:data1\" content=\"2 min\u00faty\" \/>\n<script type=\"application\/ld+json\" class=\"yoast-schema-graph\">{\"@context\":\"https:\/\/schema.org\",\"@graph\":[{\"@type\":\"WebPage\",\"@id\":\"https:\/\/moyzeska.sk\/index.php\/okruhy-tem-pre-4-rocne-denne-studium\/\",\"url\":\"https:\/\/moyzeska.sk\/index.php\/okruhy-tem-pre-4-rocne-denne-studium\/\",\"name\":\"Okruhy t\u00e9m pre 4-ro\u010dn\u00e9 denn\u00e9 \u0161t\u00fadium - Stredn\u00e1 zdravotn\u00edcka \u0161kola, Moyzesova 17, Ko\u0161ice\",\"isPartOf\":{\"@id\":\"https:\/\/moyzeska.sk\/#website\"},\"datePublished\":\"2025-02-11T13:18:44+00:00\",\"dateModified\":\"2025-02-11T13:18:46+00:00\",\"breadcrumb\":{\"@id\":\"https:\/\/moyzeska.sk\/index.php\/okruhy-tem-pre-4-rocne-denne-studium\/#breadcrumb\"},\"inLanguage\":\"sk-SK\",\"potentialAction\":[{\"@type\":\"ReadAction\",\"target\":[\"https:\/\/moyzeska.sk\/index.php\/okruhy-tem-pre-4-rocne-denne-studium\/\"]}]},{\"@type\":\"BreadcrumbList\",\"@id\":\"https:\/\/moyzeska.sk\/index.php\/okruhy-tem-pre-4-rocne-denne-studium\/#breadcrumb\",\"itemListElement\":[{\"@type\":\"ListItem\",\"position\":1,\"name\":\"Home\",\"item\":\"https:\/\/moyzeska.sk\/\"},{\"@type\":\"ListItem\",\"position\":2,\"name\":\"Okruhy t\u00e9m pre 4-ro\u010dn\u00e9 denn\u00e9 \u0161t\u00fadium\"}]},{\"@type\":\"WebSite\",\"@id\":\"https:\/\/moyzeska.sk\/#website\",\"url\":\"https:\/\/moyzeska.sk\/\",\"name\":\"Stredn\u00e1 zdravotn\u00edcka \u0161kola, Moyzesova 17, Ko\u0161ice\",\"description\":\"\",\"publisher\":{\"@id\":\"https:\/\/moyzeska.sk\/#organization\"},\"potentialAction\":[{\"@type\":\"SearchAction\",\"target\":{\"@type\":\"EntryPoint\",\"urlTemplate\":\"https:\/\/moyzeska.sk\/?s={search_term_string}\"},\"query-input\":\"required name=search_term_string\"}],\"inLanguage\":\"sk-SK\"},{\"@type\":\"Organization\",\"@id\":\"https:\/\/moyzeska.sk\/#organization\",\"name\":\"Stredn\u00e1 zdravotn\u00edcka \u0161kola, Moyzesova 17, Ko\u0161ice\",\"url\":\"https:\/\/moyzeska.sk\/\",\"logo\":{\"@type\":\"ImageObject\",\"inLanguage\":\"sk-SK\",\"@id\":\"https:\/\/moyzeska.sk\/#\/schema\/logo\/image\/\",\"url\":\"https:\/\/moyzeska.sk\/wp-content\/uploads\/2020\/09\/SZS-logo.png\",\"contentUrl\":\"https:\/\/moyzeska.sk\/wp-content\/uploads\/2020\/09\/SZS-logo.png\",\"width\":300,\"height\":300,\"caption\":\"Stredn\u00e1 zdravotn\u00edcka \u0161kola, Moyzesova 17, Ko\u0161ice\"},\"image\":{\"@id\":\"https:\/\/moyzeska.sk\/#\/schema\/logo\/image\/\"},\"sameAs\":[\"https:\/\/www.facebook.com\/Moyzeska\",\"https:\/\/www.instagram.com\/moyzeska\/\"]}]}<\/script>\n<!-- \/ Yoast SEO plugin. -->","yoast_head_json":{"title":"Okruhy t\u00e9m pre 4-ro\u010dn\u00e9 denn\u00e9 \u0161t\u00fadium - Stredn\u00e1 zdravotn\u00edcka \u0161kola, Moyzesova 17, Ko\u0161ice","robots":{"index":"index","follow":"follow","max-snippet":"max-snippet:-1","max-image-preview":"max-image-preview:large","max-video-preview":"max-video-preview:-1"},"canonical":"https:\/\/moyzeska.sk\/index.php\/okruhy-tem-pre-4-rocne-denne-studium\/","og_locale":"sk_SK","og_type":"article","og_title":"Okruhy t\u00e9m pre 4-ro\u010dn\u00e9 denn\u00e9 \u0161t\u00fadium - Stredn\u00e1 zdravotn\u00edcka \u0161kola, Moyzesova 17, Ko\u0161ice","og_description":"BIOL\u00d3GIA Pod\u013ea:&nbsp;\u0160t\u00e1tneho vzdel\u00e1vacieho programu ISCED 2 Vzdel\u00e1vacia oblas\u0165:&nbsp;\u010clovek a&nbsp;pr\u00edroda \u2013 Biol\u00f3gia Tematick\u00e9 celky: Odpor\u00fa\u010dan\u00e1 literat\u00fara:&nbsp;U\u010debnica biol\u00f3gie pre z\u00e1kladn\u00e9 \u0161koly CH\u00c9MIA Pod\u013ea:&nbsp;\u0160t\u00e1tneho vzdel\u00e1vacieho programu ISCED 2 Vzdel\u00e1vacia oblas\u0165:&nbsp;\u010clovek a pr\u00edroda \u2013 ch\u00e9mia Tematick\u00e9 celky: Odpor\u00fa\u010dan\u00e1 literat\u00fara:&nbsp;U\u010debnice ch\u00e9mie pre z\u00e1kladn\u00e9 \u0161koly SLOVENSK\u00dd JAZYK A LITERAT\u00daRA Vzdel\u00e1vacia oblas\u0165:&nbsp;Slovensk\u00fd jazyk a literat\u00fara Okruhy t\u00e9m s\u00fa v s\u00falade so vzdel\u00e1vac\u00edmi &hellip;Zobrazi\u0165","og_url":"https:\/\/moyzeska.sk\/index.php\/okruhy-tem-pre-4-rocne-denne-studium\/","og_site_name":"Stredn\u00e1 zdravotn\u00edcka \u0161kola, Moyzesova 17, Ko\u0161ice","article_publisher":"https:\/\/www.facebook.com\/Moyzeska","article_modified_time":"2025-02-11T13:18:46+00:00","twitter_card":"summary_large_image","twitter_misc":{"Predpokladan\u00fd \u010das \u010d\u00edtania":"2 min\u00faty"},"schema":{"@context":"https:\/\/schema.org","@graph":[{"@type":"WebPage","@id":"https:\/\/moyzeska.sk\/index.php\/okruhy-tem-pre-4-rocne-denne-studium\/","url":"https:\/\/moyzeska.sk\/index.php\/okruhy-tem-pre-4-rocne-denne-studium\/","name":"Okruhy t\u00e9m pre 4-ro\u010dn\u00e9 denn\u00e9 \u0161t\u00fadium - Stredn\u00e1 zdravotn\u00edcka \u0161kola, Moyzesova 17, Ko\u0161ice","isPartOf":{"@id":"https:\/\/moyzeska.sk\/#website"},"datePublished":"2025-02-11T13:18:44+00:00","dateModified":"2025-02-11T13:18:46+00:00","breadcrumb":{"@id":"https:\/\/moyzeska.sk\/index.php\/okruhy-tem-pre-4-rocne-denne-studium\/#breadcrumb"},"inLanguage":"sk-SK","potentialAction":[{"@type":"ReadAction","target":["https:\/\/moyzeska.sk\/index.php\/okruhy-tem-pre-4-rocne-denne-studium\/"]}]},{"@type":"BreadcrumbList","@id":"https:\/\/moyzeska.sk\/index.php\/okruhy-tem-pre-4-rocne-denne-studium\/#breadcrumb","itemListElement":[{"@type":"ListItem","position":1,"name":"Home","item":"https:\/\/moyzeska.sk\/"},{"@type":"ListItem","position":2,"name":"Okruhy t\u00e9m pre 4-ro\u010dn\u00e9 denn\u00e9 \u0161t\u00fadium"}]},{"@type":"WebSite","@id":"https:\/\/moyzeska.sk\/#website","url":"https:\/\/moyzeska.sk\/","name":"Stredn\u00e1 zdravotn\u00edcka \u0161kola, Moyzesova 17, Ko\u0161ice","description":"","publisher":{"@id":"https:\/\/moyzeska.sk\/#organization"},"potentialAction":[{"@type":"SearchAction","target":{"@type":"EntryPoint","urlTemplate":"https:\/\/moyzeska.sk\/?s={search_term_string}"},"query-input":"required name=search_term_string"}],"inLanguage":"sk-SK"},{"@type":"Organization","@id":"https:\/\/moyzeska.sk\/#organization","name":"Stredn\u00e1 zdravotn\u00edcka \u0161kola, Moyzesova 17, Ko\u0161ice","url":"https:\/\/moyzeska.sk\/","logo":{"@type":"ImageObject","inLanguage":"sk-SK","@id":"https:\/\/moyzeska.sk\/#\/schema\/logo\/image\/","url":"https:\/\/moyzeska.sk\/wp-content\/uploads\/2020\/09\/SZS-logo.png","contentUrl":"https:\/\/moyzeska.sk\/wp-content\/uploads\/2020\/09\/SZS-logo.png","width":300,"height":300,"caption":"Stredn\u00e1 zdravotn\u00edcka \u0161kola, Moyzesova 17, Ko\u0161ice"},"image":{"@id":"https:\/\/moyzeska.sk\/#\/schema\/logo\/image\/"},"sameAs":["https:\/\/www.facebook.com\/Moyzeska","https:\/\/www.instagram.com\/moyzeska\/"]}]}},"_links":{"self":[{"href":"https:\/\/moyzeska.sk\/index.php\/wp-json\/wp\/v2\/pages\/7019"}],"collection":[{"href":"https:\/\/moyzeska.sk\/index.php\/wp-json\/wp\/v2\/pages"}],"about":[{"href":"https:\/\/moyzeska.sk\/index.php\/wp-json\/wp\/v2\/types\/page"}],"author":[{"embeddable":true,"href":"https:\/\/moyzeska.sk\/index.php\/wp-json\/wp\/v2\/users\/1"}],"replies":[{"embeddable":true,"href":"https:\/\/moyzeska.sk\/index.php\/wp-json\/wp\/v2\/comments?post=7019"}],"version-history":[{"count":1,"href":"https:\/\/moyzeska.sk\/index.php\/wp-json\/wp\/v2\/pages\/7019\/revisions"}],"predecessor-version":[{"id":7020,"href":"https:\/\/moyzeska.sk\/index.php\/wp-json\/wp\/v2\/pages\/7019\/revisions\/7020"}],"wp:attachment":[{"href":"https:\/\/moyzeska.sk\/index.php\/wp-json\/wp\/v2\/media?parent=7019"}],"curies":[{"name":"wp","href":"https:\/\/api.w.org\/{rel}","templated":true}]}}