{"id":6951,"date":"2025-01-23T10:20:10","date_gmt":"2025-01-23T09:20:10","guid":{"rendered":"https:\/\/moyzeska.sk\/?page_id=6951"},"modified":"2025-01-23T10:21:05","modified_gmt":"2025-01-23T09:21:05","slug":"6951-2","status":"publish","type":"page","link":"https:\/\/moyzeska.sk\/index.php\/6951-2\/","title":{"rendered":"Pl\u00e1novan\u00e9 \u0161tudijn\u00e9 odbory na \u0161kolsk\u00fd rok 2025\/2026"},"content":{"rendered":"\n<p>V s\u00falade s \u00a7 65 z\u00e1kona \u010d. 245\/2008 Z. z. o v\u00fdchove a vzdel\u00e1van\u00ed (\u0161kolsk\u00fd z\u00e1kon) po\u010det prijat\u00fdch \u017eiakov do 1. ro\u010dn\u00edka v \u0161kolskom roku 2025\/2026 s n\u00e1stupom\u00a0<strong>1. 9. 2025<\/strong>\u00a0schv\u00e1len\u00fd ministerstvom \u0161kolstva:<\/p>\n\n\n\n<p><strong>asistent v\u00fd\u017eivy \u2013\u00a0<em>otv\u00e1rame 1 triedu \/ 20 \u017eiakov<\/em><\/strong>\u00a0(Prij\u00edmacie sk\u00fa\u0161ky pozost\u00e1vaj\u00fa\u00a0<em>z testu zo slovensk\u00e9ho jazyka a literat\u00fary<\/em>\u00a0a\u00a0<em>z<\/em>\u00a0<em>testu z biol\u00f3gie<\/em>)<\/p>\n\n\n\n<p><strong>farmaceutick\u00fd laborant<\/strong><em>&nbsp;\u2013&nbsp;<strong>otv\u00e1rame 1 triedu \/ 30 \u017eiakov<\/strong><\/em>&nbsp;(Prij\u00edmacie sk\u00fa\u0161ky pozost\u00e1vaj\u00fa&nbsp;<em>z testu zo slovensk\u00e9ho jazyka a literat\u00fary<\/em>&nbsp;a&nbsp;<em>z<\/em>&nbsp;<em>testu z ch\u00e9mie<\/em>)<\/p>\n\n\n\n<p><strong>o\u010dn\u00fd optik<\/strong><em>&nbsp;\u2013&nbsp;<strong>otv\u00e1rame 1 triedu \/ 20 \u017eiakov<\/strong><\/em>&nbsp;(Prij\u00edmacie sk\u00fa\u0161ky pozost\u00e1vaj\u00fa&nbsp;<em>z testu zo slovensk\u00e9ho jazyka a literat\u00fary<\/em>&nbsp;a&nbsp;<em>z<\/em>&nbsp;<em>testu z biol\u00f3gie<\/em>)<\/p>\n\n\n\n<p><strong>zdravotn\u00edcky laborant<\/strong><em>&nbsp;\u2013&nbsp;<strong>otv\u00e1rame 1 triedu \/ 30 \u017eiakov<\/strong><\/em>&nbsp;(Prij\u00edmacie sk\u00fa\u0161ky pozost\u00e1vaj\u00fa&nbsp;<em>z testu zo slovensk\u00e9ho jazyka a literat\u00fary<\/em>&nbsp;a&nbsp;<em>z testu z ch\u00e9mie<\/em>)<\/p>\n\n\n\n<p><strong>zubn\u00fd asistent<\/strong><em>&nbsp;\u2013&nbsp;<strong>otv\u00e1rame 1 triedu \/ 20 \u017eiakov<\/strong><\/em>&nbsp;(Prij\u00edmacie sk\u00fa\u0161ky pozost\u00e1vaj\u00fa&nbsp;<em>z testu zo slovensk\u00e9ho jazyka a literat\u00fary<\/em>&nbsp;a&nbsp;<em>z<\/em>&nbsp;<em>testu z biol\u00f3gie<\/em>)<\/p>\n","protected":false},"excerpt":{"rendered":"<p>V s\u00falade s \u00a7 65 z\u00e1kona \u010d. 245\/2008 Z. z. o v\u00fdchove a vzdel\u00e1van\u00ed (\u0161kolsk\u00fd z\u00e1kon) po\u010det prijat\u00fdch \u017eiakov do 1. ro\u010dn\u00edka v \u0161kolskom roku 2025\/2026 s n\u00e1stupom\u00a01. 9. 2025\u00a0schv\u00e1len\u00fd ministerstvom \u0161kolstva: asistent v\u00fd\u017eivy \u2013\u00a0otv\u00e1rame 1 triedu \/ 20 \u017eiakov\u00a0(Prij\u00edmacie sk\u00fa\u0161ky pozost\u00e1vaj\u00fa\u00a0z testu zo slovensk\u00e9ho jazyka a literat\u00fary\u00a0a\u00a0z\u00a0testu z biol\u00f3gie) farmaceutick\u00fd laborant&nbsp;\u2013&nbsp;otv\u00e1rame 1 triedu \/ &hellip;<br \/><a href=\"https:\/\/moyzeska.sk\/index.php\/6951-2\/\" class=\"more-link pen_button pen_element_default pen_icon_arrow_double\">Zobrazi\u0165<\/a><\/p>\n","protected":false},"author":1,"featured_media":0,"parent":0,"menu_order":0,"comment_status":"closed","ping_status":"closed","template":"","meta":{"_monsterinsights_skip_tracking":false,"_monsterinsights_sitenote_active":false,"_monsterinsights_sitenote_note":"","_monsterinsights_sitenote_category":0},"yoast_head":"<!-- This site is optimized with the Yoast SEO plugin v21.8.1 - https:\/\/yoast.com\/wordpress\/plugins\/seo\/ -->\n<title>Pl\u00e1novan\u00e9 \u0161tudijn\u00e9 odbory na \u0161kolsk\u00fd rok 2025\/2026 - Stredn\u00e1 zdravotn\u00edcka \u0161kola, Moyzesova 17, Ko\u0161ice<\/title>\n<meta name=\"robots\" content=\"index, follow, max-snippet:-1, max-image-preview:large, max-video-preview:-1\" \/>\n<link rel=\"canonical\" href=\"https:\/\/moyzeska.sk\/index.php\/6951-2\/\" \/>\n<meta property=\"og:locale\" content=\"sk_SK\" \/>\n<meta property=\"og:type\" content=\"article\" \/>\n<meta property=\"og:title\" content=\"Pl\u00e1novan\u00e9 \u0161tudijn\u00e9 odbory na \u0161kolsk\u00fd rok 2025\/2026 - Stredn\u00e1 zdravotn\u00edcka \u0161kola, Moyzesova 17, Ko\u0161ice\" \/>\n<meta property=\"og:description\" content=\"V s\u00falade s \u00a7 65 z\u00e1kona \u010d. 245\/2008 Z. z. o v\u00fdchove a vzdel\u00e1van\u00ed (\u0161kolsk\u00fd z\u00e1kon) po\u010det prijat\u00fdch \u017eiakov do 1. ro\u010dn\u00edka v \u0161kolskom roku 2025\/2026 s n\u00e1stupom\u00a01. 9. 2025\u00a0schv\u00e1len\u00fd ministerstvom \u0161kolstva: asistent v\u00fd\u017eivy \u2013\u00a0otv\u00e1rame 1 triedu \/ 20 \u017eiakov\u00a0(Prij\u00edmacie sk\u00fa\u0161ky pozost\u00e1vaj\u00fa\u00a0z testu zo slovensk\u00e9ho jazyka a literat\u00fary\u00a0a\u00a0z\u00a0testu z biol\u00f3gie) farmaceutick\u00fd laborant&nbsp;\u2013&nbsp;otv\u00e1rame 1 triedu \/ &hellip;Zobrazi\u0165\" \/>\n<meta property=\"og:url\" content=\"https:\/\/moyzeska.sk\/index.php\/6951-2\/\" \/>\n<meta property=\"og:site_name\" content=\"Stredn\u00e1 zdravotn\u00edcka \u0161kola, Moyzesova 17, Ko\u0161ice\" \/>\n<meta property=\"article:publisher\" content=\"https:\/\/www.facebook.com\/Moyzeska\" \/>\n<meta property=\"article:modified_time\" content=\"2025-01-23T09:21:05+00:00\" \/>\n<meta name=\"twitter:card\" content=\"summary_large_image\" \/>\n<meta name=\"twitter:label1\" content=\"Predpokladan\u00fd \u010das \u010d\u00edtania\" \/>\n\t<meta name=\"twitter:data1\" content=\"1 min\u00fata\" \/>\n<script type=\"application\/ld+json\" class=\"yoast-schema-graph\">{\"@context\":\"https:\/\/schema.org\",\"@graph\":[{\"@type\":\"WebPage\",\"@id\":\"https:\/\/moyzeska.sk\/index.php\/6951-2\/\",\"url\":\"https:\/\/moyzeska.sk\/index.php\/6951-2\/\",\"name\":\"Pl\u00e1novan\u00e9 \u0161tudijn\u00e9 odbory na \u0161kolsk\u00fd rok 2025\/2026 - Stredn\u00e1 zdravotn\u00edcka \u0161kola, Moyzesova 17, Ko\u0161ice\",\"isPartOf\":{\"@id\":\"https:\/\/moyzeska.sk\/#website\"},\"datePublished\":\"2025-01-23T09:20:10+00:00\",\"dateModified\":\"2025-01-23T09:21:05+00:00\",\"breadcrumb\":{\"@id\":\"https:\/\/moyzeska.sk\/index.php\/6951-2\/#breadcrumb\"},\"inLanguage\":\"sk-SK\",\"potentialAction\":[{\"@type\":\"ReadAction\",\"target\":[\"https:\/\/moyzeska.sk\/index.php\/6951-2\/\"]}]},{\"@type\":\"BreadcrumbList\",\"@id\":\"https:\/\/moyzeska.sk\/index.php\/6951-2\/#breadcrumb\",\"itemListElement\":[{\"@type\":\"ListItem\",\"position\":1,\"name\":\"Home\",\"item\":\"https:\/\/moyzeska.sk\/\"},{\"@type\":\"ListItem\",\"position\":2,\"name\":\"Pl\u00e1novan\u00e9 \u0161tudijn\u00e9 odbory na \u0161kolsk\u00fd rok 2025\/2026\"}]},{\"@type\":\"WebSite\",\"@id\":\"https:\/\/moyzeska.sk\/#website\",\"url\":\"https:\/\/moyzeska.sk\/\",\"name\":\"Stredn\u00e1 zdravotn\u00edcka \u0161kola, Moyzesova 17, Ko\u0161ice\",\"description\":\"\",\"publisher\":{\"@id\":\"https:\/\/moyzeska.sk\/#organization\"},\"potentialAction\":[{\"@type\":\"SearchAction\",\"target\":{\"@type\":\"EntryPoint\",\"urlTemplate\":\"https:\/\/moyzeska.sk\/?s={search_term_string}\"},\"query-input\":\"required name=search_term_string\"}],\"inLanguage\":\"sk-SK\"},{\"@type\":\"Organization\",\"@id\":\"https:\/\/moyzeska.sk\/#organization\",\"name\":\"Stredn\u00e1 zdravotn\u00edcka \u0161kola, Moyzesova 17, Ko\u0161ice\",\"url\":\"https:\/\/moyzeska.sk\/\",\"logo\":{\"@type\":\"ImageObject\",\"inLanguage\":\"sk-SK\",\"@id\":\"https:\/\/moyzeska.sk\/#\/schema\/logo\/image\/\",\"url\":\"https:\/\/moyzeska.sk\/wp-content\/uploads\/2020\/09\/SZS-logo.png\",\"contentUrl\":\"https:\/\/moyzeska.sk\/wp-content\/uploads\/2020\/09\/SZS-logo.png\",\"width\":300,\"height\":300,\"caption\":\"Stredn\u00e1 zdravotn\u00edcka \u0161kola, Moyzesova 17, Ko\u0161ice\"},\"image\":{\"@id\":\"https:\/\/moyzeska.sk\/#\/schema\/logo\/image\/\"},\"sameAs\":[\"https:\/\/www.facebook.com\/Moyzeska\",\"https:\/\/www.instagram.com\/moyzeska\/\"]}]}<\/script>\n<!-- \/ Yoast SEO plugin. -->","yoast_head_json":{"title":"Pl\u00e1novan\u00e9 \u0161tudijn\u00e9 odbory na \u0161kolsk\u00fd rok 2025\/2026 - Stredn\u00e1 zdravotn\u00edcka \u0161kola, Moyzesova 17, Ko\u0161ice","robots":{"index":"index","follow":"follow","max-snippet":"max-snippet:-1","max-image-preview":"max-image-preview:large","max-video-preview":"max-video-preview:-1"},"canonical":"https:\/\/moyzeska.sk\/index.php\/6951-2\/","og_locale":"sk_SK","og_type":"article","og_title":"Pl\u00e1novan\u00e9 \u0161tudijn\u00e9 odbory na \u0161kolsk\u00fd rok 2025\/2026 - Stredn\u00e1 zdravotn\u00edcka \u0161kola, Moyzesova 17, Ko\u0161ice","og_description":"V s\u00falade s \u00a7 65 z\u00e1kona \u010d. 245\/2008 Z. z. o v\u00fdchove a vzdel\u00e1van\u00ed (\u0161kolsk\u00fd z\u00e1kon) po\u010det prijat\u00fdch \u017eiakov do 1. ro\u010dn\u00edka v \u0161kolskom roku 2025\/2026 s n\u00e1stupom\u00a01. 9. 2025\u00a0schv\u00e1len\u00fd ministerstvom \u0161kolstva: asistent v\u00fd\u017eivy \u2013\u00a0otv\u00e1rame 1 triedu \/ 20 \u017eiakov\u00a0(Prij\u00edmacie sk\u00fa\u0161ky pozost\u00e1vaj\u00fa\u00a0z testu zo slovensk\u00e9ho jazyka a literat\u00fary\u00a0a\u00a0z\u00a0testu z biol\u00f3gie) farmaceutick\u00fd laborant&nbsp;\u2013&nbsp;otv\u00e1rame 1 triedu \/ &hellip;Zobrazi\u0165","og_url":"https:\/\/moyzeska.sk\/index.php\/6951-2\/","og_site_name":"Stredn\u00e1 zdravotn\u00edcka \u0161kola, Moyzesova 17, Ko\u0161ice","article_publisher":"https:\/\/www.facebook.com\/Moyzeska","article_modified_time":"2025-01-23T09:21:05+00:00","twitter_card":"summary_large_image","twitter_misc":{"Predpokladan\u00fd \u010das \u010d\u00edtania":"1 min\u00fata"},"schema":{"@context":"https:\/\/schema.org","@graph":[{"@type":"WebPage","@id":"https:\/\/moyzeska.sk\/index.php\/6951-2\/","url":"https:\/\/moyzeska.sk\/index.php\/6951-2\/","name":"Pl\u00e1novan\u00e9 \u0161tudijn\u00e9 odbory na \u0161kolsk\u00fd rok 2025\/2026 - Stredn\u00e1 zdravotn\u00edcka \u0161kola, Moyzesova 17, Ko\u0161ice","isPartOf":{"@id":"https:\/\/moyzeska.sk\/#website"},"datePublished":"2025-01-23T09:20:10+00:00","dateModified":"2025-01-23T09:21:05+00:00","breadcrumb":{"@id":"https:\/\/moyzeska.sk\/index.php\/6951-2\/#breadcrumb"},"inLanguage":"sk-SK","potentialAction":[{"@type":"ReadAction","target":["https:\/\/moyzeska.sk\/index.php\/6951-2\/"]}]},{"@type":"BreadcrumbList","@id":"https:\/\/moyzeska.sk\/index.php\/6951-2\/#breadcrumb","itemListElement":[{"@type":"ListItem","position":1,"name":"Home","item":"https:\/\/moyzeska.sk\/"},{"@type":"ListItem","position":2,"name":"Pl\u00e1novan\u00e9 \u0161tudijn\u00e9 odbory na \u0161kolsk\u00fd rok 2025\/2026"}]},{"@type":"WebSite","@id":"https:\/\/moyzeska.sk\/#website","url":"https:\/\/moyzeska.sk\/","name":"Stredn\u00e1 zdravotn\u00edcka \u0161kola, Moyzesova 17, Ko\u0161ice","description":"","publisher":{"@id":"https:\/\/moyzeska.sk\/#organization"},"potentialAction":[{"@type":"SearchAction","target":{"@type":"EntryPoint","urlTemplate":"https:\/\/moyzeska.sk\/?s={search_term_string}"},"query-input":"required name=search_term_string"}],"inLanguage":"sk-SK"},{"@type":"Organization","@id":"https:\/\/moyzeska.sk\/#organization","name":"Stredn\u00e1 zdravotn\u00edcka \u0161kola, Moyzesova 17, Ko\u0161ice","url":"https:\/\/moyzeska.sk\/","logo":{"@type":"ImageObject","inLanguage":"sk-SK","@id":"https:\/\/moyzeska.sk\/#\/schema\/logo\/image\/","url":"https:\/\/moyzeska.sk\/wp-content\/uploads\/2020\/09\/SZS-logo.png","contentUrl":"https:\/\/moyzeska.sk\/wp-content\/uploads\/2020\/09\/SZS-logo.png","width":300,"height":300,"caption":"Stredn\u00e1 zdravotn\u00edcka \u0161kola, Moyzesova 17, Ko\u0161ice"},"image":{"@id":"https:\/\/moyzeska.sk\/#\/schema\/logo\/image\/"},"sameAs":["https:\/\/www.facebook.com\/Moyzeska","https:\/\/www.instagram.com\/moyzeska\/"]}]}},"_links":{"self":[{"href":"https:\/\/moyzeska.sk\/index.php\/wp-json\/wp\/v2\/pages\/6951"}],"collection":[{"href":"https:\/\/moyzeska.sk\/index.php\/wp-json\/wp\/v2\/pages"}],"about":[{"href":"https:\/\/moyzeska.sk\/index.php\/wp-json\/wp\/v2\/types\/page"}],"author":[{"embeddable":true,"href":"https:\/\/moyzeska.sk\/index.php\/wp-json\/wp\/v2\/users\/1"}],"replies":[{"embeddable":true,"href":"https:\/\/moyzeska.sk\/index.php\/wp-json\/wp\/v2\/comments?post=6951"}],"version-history":[{"count":2,"href":"https:\/\/moyzeska.sk\/index.php\/wp-json\/wp\/v2\/pages\/6951\/revisions"}],"predecessor-version":[{"id":6953,"href":"https:\/\/moyzeska.sk\/index.php\/wp-json\/wp\/v2\/pages\/6951\/revisions\/6953"}],"wp:attachment":[{"href":"https:\/\/moyzeska.sk\/index.php\/wp-json\/wp\/v2\/media?parent=6951"}],"curies":[{"name":"wp","href":"https:\/\/api.w.org\/{rel}","templated":true}]}}