{"id":684,"date":"2020-10-07T12:54:59","date_gmt":"2020-10-07T10:54:59","guid":{"rendered":"https:\/\/moyzeska.sk\/?page_id=684"},"modified":"2023-09-12T12:53:07","modified_gmt":"2023-09-12T10:53:07","slug":"premianti-skoly","status":"publish","type":"page","link":"https:\/\/moyzeska.sk\/index.php\/premianti-skoly\/","title":{"rendered":"Premianti \u0161koly"},"content":{"rendered":"\n<p class=\"has-text-align-center\">Premiant \u0161koly za \u0161kolsk\u00fd rok 2022\/2023:<\/p>\n\n\n\n<figure class=\"wp-block-table\"><table><tbody><tr><td><strong><em>Samuel V\u00fdrostek<\/em><\/strong><\/td><\/tr><tr><td>&#8211; v\u00fdborn\u00fd prospech, dlhodobo dobr\u00e9 v\u00fdsledky a vzorn\u00e1 doch\u00e1dzka<br>&#8211; reprezent\u00e1cia \u0161koly v krajskom kole Stredo\u0161kolskej odbornej \u010dinnosti v odbore Biol\u00f3gia &#8211;     1. miesto<br>&#8211; reprezent\u00e1cia \u0161koly v celo\u0161t\u00e1tnom kole Stredo\u0161kolskej odbornej \u010dinnosti v odbore Biol\u00f3gia &#8211; \u00faspe\u0161n\u00fd rie\u0161ite\u013e<br>&#8211; reprezent\u00e1cia \u0161koly v krajskom kole Olympi\u00e1dy zo slovensk\u00e9ho jazyka a literat\u00fary &#8211; 4.miesto<br>&#8211; reprezent\u00e1cia \u0161koly v \u0161kolskom kole matematick\u00fdch olympi\u00e1d &#8211; Matematick\u00fd klokan, Expert, iBobor<\/td><\/tr><\/tbody><\/table><\/figure>\n\n\n\n<hr class=\"wp-block-separator has-alpha-channel-opacity\"\/>\n\n\n\n<p class=\"has-text-align-center\">Premiantka \u0161koly za \u0161kolsk\u00fd rok 2021\/2022:<\/p>\n\n\n\n<figure class=\"wp-block-table\"><table><tbody><tr><td class=\"has-text-align-left\" data-align=\"left\"><em><strong>Ema Mitrov\u00e1<\/strong><\/em><\/td><\/tr><tr><td class=\"has-text-align-left\" data-align=\"left\">&#8211; v\u00fdborn\u00fd prospech, vzorn\u00e9 spr\u00e1vanie a doch\u00e1dzka po\u010das cel\u00e9ho \u0161t\u00fadia<br>&#8211; akt\u00edvna pr\u00e1ca v \u0160kolskom parlamente vo funkcii predsedn\u00ed\u010dky<br>&#8211; z\u00e1stupca \u017eiakov v Rade \u0161koly<br>&#8211; reprezent\u00e1cia \u0161koly: Olympi\u00e1da v anglickom jazyku<br>&#8211; reprezent\u00e1cia \u0161koly: Olympi\u00e1da zo slovensk\u00e9ho jazyka<br>&#8211; reprezent\u00e1cia \u0161koly: Olympi\u00e1da \u013eudsk\u00fdch pr\u00e1v<br>&#8211; reprezent\u00e1cia \u0161koly: Hviezdoslavov Kub\u00edn<\/td><\/tr><\/tbody><\/table><\/figure>\n\n\n\n<hr class=\"wp-block-separator has-alpha-channel-opacity\"\/>\n\n\n\n<p class=\"has-text-align-center\">Premientka \u0161koly za \u0161kolsk\u00fd rok 2020\/2021:<\/p>\n\n\n\n<figure class=\"wp-block-table\"><table><tbody><tr><td class=\"has-text-align-left\" data-align=\"left\"><em><strong>Barbora Ond\u00edkov\u00e1<\/strong><\/em><\/td><\/tr><tr><td class=\"has-text-align-left\" data-align=\"left\">&#8211; v\u00fdborn\u00fd prospech a dlhodobo dobr\u00e9 v\u00fdsledky<br>&#8211; predseda \u017diackej \u0161kolskej rady<br>&#8211; akt\u00edvna pr\u00e1ca v \u017diackej \u0161kolskej rade<br>&#8211; z\u00e1stupca \u017eiakov v Rade \u0161koly<br>&#8211; reprezent\u00e1cia \u0161koly v krajskom kole Stredo\u0161kolskej odbornej \u010dinnosti v odbore Ch\u00e9mia<br>&#8211; reprezent\u00e1cia \u0161koly v celo\u0161t\u00e1tnom kole Stredo\u0161kolskej odbornej \u010dinnosti v odbore Ch\u00e9mia<\/td><\/tr><\/tbody><\/table><\/figure>\n","protected":false},"excerpt":{"rendered":"<p>Premiant \u0161koly za \u0161kolsk\u00fd rok 2022\/2023: Samuel V\u00fdrostek &#8211; v\u00fdborn\u00fd prospech, dlhodobo dobr\u00e9 v\u00fdsledky a vzorn\u00e1 doch\u00e1dzka&#8211; reprezent\u00e1cia \u0161koly v krajskom kole Stredo\u0161kolskej odbornej \u010dinnosti v odbore Biol\u00f3gia &#8211; 1. miesto&#8211; reprezent\u00e1cia \u0161koly v celo\u0161t\u00e1tnom kole Stredo\u0161kolskej odbornej \u010dinnosti v odbore Biol\u00f3gia &#8211; \u00faspe\u0161n\u00fd rie\u0161ite\u013e&#8211; reprezent\u00e1cia \u0161koly v krajskom kole Olympi\u00e1dy zo slovensk\u00e9ho jazyka a &hellip;<br \/><a href=\"https:\/\/moyzeska.sk\/index.php\/premianti-skoly\/\" class=\"more-link pen_button pen_element_default pen_icon_arrow_double\">Zobrazi\u0165<\/a><\/p>\n","protected":false},"author":1,"featured_media":0,"parent":0,"menu_order":0,"comment_status":"closed","ping_status":"closed","template":"","meta":{"_monsterinsights_skip_tracking":false,"_monsterinsights_sitenote_active":false,"_monsterinsights_sitenote_note":"","_monsterinsights_sitenote_category":0},"yoast_head":"<!-- This site is optimized with the Yoast SEO plugin v21.8.1 - https:\/\/yoast.com\/wordpress\/plugins\/seo\/ -->\n<title>Premianti \u0161koly - Stredn\u00e1 zdravotn\u00edcka \u0161kola, Moyzesova 17, Ko\u0161ice<\/title>\n<meta name=\"robots\" content=\"index, follow, max-snippet:-1, max-image-preview:large, max-video-preview:-1\" \/>\n<link rel=\"canonical\" href=\"https:\/\/moyzeska.sk\/index.php\/premianti-skoly\/\" \/>\n<meta property=\"og:locale\" content=\"sk_SK\" \/>\n<meta property=\"og:type\" content=\"article\" \/>\n<meta property=\"og:title\" content=\"Premianti \u0161koly - Stredn\u00e1 zdravotn\u00edcka \u0161kola, Moyzesova 17, Ko\u0161ice\" \/>\n<meta property=\"og:description\" content=\"Premiant \u0161koly za \u0161kolsk\u00fd rok 2022\/2023: Samuel V\u00fdrostek &#8211; v\u00fdborn\u00fd prospech, dlhodobo dobr\u00e9 v\u00fdsledky a vzorn\u00e1 doch\u00e1dzka&#8211; reprezent\u00e1cia \u0161koly v krajskom kole Stredo\u0161kolskej odbornej \u010dinnosti v odbore Biol\u00f3gia &#8211; 1. miesto&#8211; reprezent\u00e1cia \u0161koly v celo\u0161t\u00e1tnom kole Stredo\u0161kolskej odbornej \u010dinnosti v odbore Biol\u00f3gia &#8211; \u00faspe\u0161n\u00fd rie\u0161ite\u013e&#8211; reprezent\u00e1cia \u0161koly v krajskom kole Olympi\u00e1dy zo slovensk\u00e9ho jazyka a &hellip;Zobrazi\u0165\" \/>\n<meta property=\"og:url\" content=\"https:\/\/moyzeska.sk\/index.php\/premianti-skoly\/\" \/>\n<meta property=\"og:site_name\" content=\"Stredn\u00e1 zdravotn\u00edcka \u0161kola, Moyzesova 17, Ko\u0161ice\" \/>\n<meta property=\"article:publisher\" content=\"https:\/\/www.facebook.com\/Moyzeska\" \/>\n<meta property=\"article:modified_time\" content=\"2023-09-12T10:53:07+00:00\" \/>\n<meta name=\"twitter:card\" content=\"summary_large_image\" \/>\n<meta name=\"twitter:label1\" content=\"Predpokladan\u00fd \u010das \u010d\u00edtania\" \/>\n\t<meta name=\"twitter:data1\" content=\"1 min\u00fata\" \/>\n<script type=\"application\/ld+json\" class=\"yoast-schema-graph\">{\"@context\":\"https:\/\/schema.org\",\"@graph\":[{\"@type\":\"WebPage\",\"@id\":\"https:\/\/moyzeska.sk\/index.php\/premianti-skoly\/\",\"url\":\"https:\/\/moyzeska.sk\/index.php\/premianti-skoly\/\",\"name\":\"Premianti \u0161koly - Stredn\u00e1 zdravotn\u00edcka \u0161kola, Moyzesova 17, Ko\u0161ice\",\"isPartOf\":{\"@id\":\"https:\/\/moyzeska.sk\/#website\"},\"datePublished\":\"2020-10-07T10:54:59+00:00\",\"dateModified\":\"2023-09-12T10:53:07+00:00\",\"breadcrumb\":{\"@id\":\"https:\/\/moyzeska.sk\/index.php\/premianti-skoly\/#breadcrumb\"},\"inLanguage\":\"sk-SK\",\"potentialAction\":[{\"@type\":\"ReadAction\",\"target\":[\"https:\/\/moyzeska.sk\/index.php\/premianti-skoly\/\"]}]},{\"@type\":\"BreadcrumbList\",\"@id\":\"https:\/\/moyzeska.sk\/index.php\/premianti-skoly\/#breadcrumb\",\"itemListElement\":[{\"@type\":\"ListItem\",\"position\":1,\"name\":\"Home\",\"item\":\"https:\/\/moyzeska.sk\/\"},{\"@type\":\"ListItem\",\"position\":2,\"name\":\"Premianti \u0161koly\"}]},{\"@type\":\"WebSite\",\"@id\":\"https:\/\/moyzeska.sk\/#website\",\"url\":\"https:\/\/moyzeska.sk\/\",\"name\":\"Stredn\u00e1 zdravotn\u00edcka \u0161kola, Moyzesova 17, Ko\u0161ice\",\"description\":\"\",\"publisher\":{\"@id\":\"https:\/\/moyzeska.sk\/#organization\"},\"potentialAction\":[{\"@type\":\"SearchAction\",\"target\":{\"@type\":\"EntryPoint\",\"urlTemplate\":\"https:\/\/moyzeska.sk\/?s={search_term_string}\"},\"query-input\":\"required name=search_term_string\"}],\"inLanguage\":\"sk-SK\"},{\"@type\":\"Organization\",\"@id\":\"https:\/\/moyzeska.sk\/#organization\",\"name\":\"Stredn\u00e1 zdravotn\u00edcka \u0161kola, Moyzesova 17, Ko\u0161ice\",\"url\":\"https:\/\/moyzeska.sk\/\",\"logo\":{\"@type\":\"ImageObject\",\"inLanguage\":\"sk-SK\",\"@id\":\"https:\/\/moyzeska.sk\/#\/schema\/logo\/image\/\",\"url\":\"https:\/\/moyzeska.sk\/wp-content\/uploads\/2020\/09\/SZS-logo.png\",\"contentUrl\":\"https:\/\/moyzeska.sk\/wp-content\/uploads\/2020\/09\/SZS-logo.png\",\"width\":300,\"height\":300,\"caption\":\"Stredn\u00e1 zdravotn\u00edcka \u0161kola, Moyzesova 17, Ko\u0161ice\"},\"image\":{\"@id\":\"https:\/\/moyzeska.sk\/#\/schema\/logo\/image\/\"},\"sameAs\":[\"https:\/\/www.facebook.com\/Moyzeska\",\"https:\/\/www.instagram.com\/moyzeska\/\"]}]}<\/script>\n<!-- \/ Yoast SEO plugin. -->","yoast_head_json":{"title":"Premianti \u0161koly - Stredn\u00e1 zdravotn\u00edcka \u0161kola, Moyzesova 17, Ko\u0161ice","robots":{"index":"index","follow":"follow","max-snippet":"max-snippet:-1","max-image-preview":"max-image-preview:large","max-video-preview":"max-video-preview:-1"},"canonical":"https:\/\/moyzeska.sk\/index.php\/premianti-skoly\/","og_locale":"sk_SK","og_type":"article","og_title":"Premianti \u0161koly - Stredn\u00e1 zdravotn\u00edcka \u0161kola, Moyzesova 17, Ko\u0161ice","og_description":"Premiant \u0161koly za \u0161kolsk\u00fd rok 2022\/2023: Samuel V\u00fdrostek &#8211; v\u00fdborn\u00fd prospech, dlhodobo dobr\u00e9 v\u00fdsledky a vzorn\u00e1 doch\u00e1dzka&#8211; reprezent\u00e1cia \u0161koly v krajskom kole Stredo\u0161kolskej odbornej \u010dinnosti v odbore Biol\u00f3gia &#8211; 1. miesto&#8211; reprezent\u00e1cia \u0161koly v celo\u0161t\u00e1tnom kole Stredo\u0161kolskej odbornej \u010dinnosti v odbore Biol\u00f3gia &#8211; \u00faspe\u0161n\u00fd rie\u0161ite\u013e&#8211; reprezent\u00e1cia \u0161koly v krajskom kole Olympi\u00e1dy zo slovensk\u00e9ho jazyka a &hellip;Zobrazi\u0165","og_url":"https:\/\/moyzeska.sk\/index.php\/premianti-skoly\/","og_site_name":"Stredn\u00e1 zdravotn\u00edcka \u0161kola, Moyzesova 17, Ko\u0161ice","article_publisher":"https:\/\/www.facebook.com\/Moyzeska","article_modified_time":"2023-09-12T10:53:07+00:00","twitter_card":"summary_large_image","twitter_misc":{"Predpokladan\u00fd \u010das \u010d\u00edtania":"1 min\u00fata"},"schema":{"@context":"https:\/\/schema.org","@graph":[{"@type":"WebPage","@id":"https:\/\/moyzeska.sk\/index.php\/premianti-skoly\/","url":"https:\/\/moyzeska.sk\/index.php\/premianti-skoly\/","name":"Premianti \u0161koly - Stredn\u00e1 zdravotn\u00edcka \u0161kola, Moyzesova 17, Ko\u0161ice","isPartOf":{"@id":"https:\/\/moyzeska.sk\/#website"},"datePublished":"2020-10-07T10:54:59+00:00","dateModified":"2023-09-12T10:53:07+00:00","breadcrumb":{"@id":"https:\/\/moyzeska.sk\/index.php\/premianti-skoly\/#breadcrumb"},"inLanguage":"sk-SK","potentialAction":[{"@type":"ReadAction","target":["https:\/\/moyzeska.sk\/index.php\/premianti-skoly\/"]}]},{"@type":"BreadcrumbList","@id":"https:\/\/moyzeska.sk\/index.php\/premianti-skoly\/#breadcrumb","itemListElement":[{"@type":"ListItem","position":1,"name":"Home","item":"https:\/\/moyzeska.sk\/"},{"@type":"ListItem","position":2,"name":"Premianti \u0161koly"}]},{"@type":"WebSite","@id":"https:\/\/moyzeska.sk\/#website","url":"https:\/\/moyzeska.sk\/","name":"Stredn\u00e1 zdravotn\u00edcka \u0161kola, Moyzesova 17, Ko\u0161ice","description":"","publisher":{"@id":"https:\/\/moyzeska.sk\/#organization"},"potentialAction":[{"@type":"SearchAction","target":{"@type":"EntryPoint","urlTemplate":"https:\/\/moyzeska.sk\/?s={search_term_string}"},"query-input":"required name=search_term_string"}],"inLanguage":"sk-SK"},{"@type":"Organization","@id":"https:\/\/moyzeska.sk\/#organization","name":"Stredn\u00e1 zdravotn\u00edcka \u0161kola, Moyzesova 17, Ko\u0161ice","url":"https:\/\/moyzeska.sk\/","logo":{"@type":"ImageObject","inLanguage":"sk-SK","@id":"https:\/\/moyzeska.sk\/#\/schema\/logo\/image\/","url":"https:\/\/moyzeska.sk\/wp-content\/uploads\/2020\/09\/SZS-logo.png","contentUrl":"https:\/\/moyzeska.sk\/wp-content\/uploads\/2020\/09\/SZS-logo.png","width":300,"height":300,"caption":"Stredn\u00e1 zdravotn\u00edcka \u0161kola, Moyzesova 17, Ko\u0161ice"},"image":{"@id":"https:\/\/moyzeska.sk\/#\/schema\/logo\/image\/"},"sameAs":["https:\/\/www.facebook.com\/Moyzeska","https:\/\/www.instagram.com\/moyzeska\/"]}]}},"_links":{"self":[{"href":"https:\/\/moyzeska.sk\/index.php\/wp-json\/wp\/v2\/pages\/684"}],"collection":[{"href":"https:\/\/moyzeska.sk\/index.php\/wp-json\/wp\/v2\/pages"}],"about":[{"href":"https:\/\/moyzeska.sk\/index.php\/wp-json\/wp\/v2\/types\/page"}],"author":[{"embeddable":true,"href":"https:\/\/moyzeska.sk\/index.php\/wp-json\/wp\/v2\/users\/1"}],"replies":[{"embeddable":true,"href":"https:\/\/moyzeska.sk\/index.php\/wp-json\/wp\/v2\/comments?post=684"}],"version-history":[{"count":6,"href":"https:\/\/moyzeska.sk\/index.php\/wp-json\/wp\/v2\/pages\/684\/revisions"}],"predecessor-version":[{"id":4955,"href":"https:\/\/moyzeska.sk\/index.php\/wp-json\/wp\/v2\/pages\/684\/revisions\/4955"}],"wp:attachment":[{"href":"https:\/\/moyzeska.sk\/index.php\/wp-json\/wp\/v2\/media?parent=684"}],"curies":[{"name":"wp","href":"https:\/\/api.w.org\/{rel}","templated":true}]}}