{"id":683,"date":"2020-10-07T12:54:59","date_gmt":"2020-10-07T10:54:59","guid":{"rendered":"https:\/\/moyzeska.sk\/?page_id=683"},"modified":"2023-11-06T07:25:22","modified_gmt":"2023-11-06T06:25:22","slug":"krutkova-cinnost","status":"publish","type":"page","link":"https:\/\/moyzeska.sk\/index.php\/krutkova-cinnost\/","title":{"rendered":"Kr\u00fa\u017ekov\u00e1 \u010dinnos\u0165"},"content":{"rendered":"\n<figure class=\"wp-block-table aligncenter\"><table><thead><tr><th>Ved\u00faci kr\u00fa\u017eku<\/th><th>Kr\u00fa\u017eok<\/th><\/tr><\/thead><tbody><tr><td>RNDr. Vikt\u00f3ria Stup\u00e1kov\u00e1<\/td><td><em>SO\u010c kr\u00fa\u017eok<\/em><\/td><\/tr><tr><td>RNDr. Silvia \u010cornani\u010dov\u00e1<\/td><td><em>Chemick\u00fd kr\u00fa\u017eok<\/em><\/td><\/tr><tr><td>Ing. Martin Bre\u010dko, dipl. o.<\/td><td><em>Hist\u00f3ria optiky<\/em><\/td><\/tr><tr><td>Mgr. Martina Kav\u010d\u00e1kov\u00e1<\/td><td><em>Kr\u00fa\u017eok ANJ<\/em><\/td><\/tr><tr><td>RNDr. Ladislav Bertko<\/td><td><em>Volejbalov\u00fd kr\u00fa\u017eok<\/em><\/td><\/tr><tr><td>Mgr. Lucia Slivk\u00e1rov\u00e1<\/td><td><em>Botanick\u00fd kr\u00fa\u017eok<\/em><\/td><\/tr><tr><td>Ing. Ant\u00f3nia Jakubikov\u00e1, dipl. o<\/td><td><em>Enviro kr\u00fa\u017eok<\/em><\/td><\/tr><tr><td>Ing. Ant\u00f3nia Jakubikov\u00e1, dipl. o<\/td><td><em>Optick\u00fd kr\u00fa\u017eok<\/em><\/td><\/tr><tr><td>Mgr. Eva Babecov\u00e1<\/td><td><em>Etick\u00fd teenager<\/em><\/td><\/tr><tr><td>Mgr. Bernadeta Gajdo\u0161ov\u00e1<\/td><td><em>Praktick\u00fd lek\u00e1rnik<\/em><\/td><\/tr><\/tbody><\/table><\/figure>\n","protected":false},"excerpt":{"rendered":"<p>Ved\u00faci kr\u00fa\u017eku Kr\u00fa\u017eok RNDr. Vikt\u00f3ria Stup\u00e1kov\u00e1 SO\u010c kr\u00fa\u017eok RNDr. Silvia \u010cornani\u010dov\u00e1 Chemick\u00fd kr\u00fa\u017eok Ing. Martin Bre\u010dko, dipl. o. Hist\u00f3ria optiky Mgr. Martina Kav\u010d\u00e1kov\u00e1 Kr\u00fa\u017eok ANJ RNDr. Ladislav Bertko Volejbalov\u00fd kr\u00fa\u017eok Mgr. Lucia Slivk\u00e1rov\u00e1 Botanick\u00fd kr\u00fa\u017eok Ing. Ant\u00f3nia Jakubikov\u00e1, dipl. o Enviro kr\u00fa\u017eok Ing. Ant\u00f3nia Jakubikov\u00e1, dipl. o Optick\u00fd kr\u00fa\u017eok Mgr. Eva Babecov\u00e1 Etick\u00fd teenager Mgr. &hellip;<br \/><a href=\"https:\/\/moyzeska.sk\/index.php\/krutkova-cinnost\/\" class=\"more-link pen_button pen_element_default pen_icon_arrow_double\">Zobrazi\u0165<\/a><\/p>\n","protected":false},"author":1,"featured_media":0,"parent":0,"menu_order":0,"comment_status":"closed","ping_status":"closed","template":"","meta":{"_monsterinsights_skip_tracking":false,"_monsterinsights_sitenote_active":false,"_monsterinsights_sitenote_note":"","_monsterinsights_sitenote_category":0},"yoast_head":"<!-- This site is optimized with the Yoast SEO plugin v21.8.1 - https:\/\/yoast.com\/wordpress\/plugins\/seo\/ -->\n<title>Kr\u00fa\u017ekov\u00e1 \u010dinnos\u0165 - Stredn\u00e1 zdravotn\u00edcka \u0161kola, Moyzesova 17, Ko\u0161ice<\/title>\n<meta name=\"robots\" content=\"index, follow, max-snippet:-1, max-image-preview:large, max-video-preview:-1\" \/>\n<link rel=\"canonical\" href=\"https:\/\/moyzeska.sk\/index.php\/krutkova-cinnost\/\" \/>\n<meta property=\"og:locale\" content=\"sk_SK\" \/>\n<meta property=\"og:type\" content=\"article\" \/>\n<meta property=\"og:title\" content=\"Kr\u00fa\u017ekov\u00e1 \u010dinnos\u0165 - Stredn\u00e1 zdravotn\u00edcka \u0161kola, Moyzesova 17, Ko\u0161ice\" \/>\n<meta property=\"og:description\" content=\"Ved\u00faci kr\u00fa\u017eku Kr\u00fa\u017eok RNDr. Vikt\u00f3ria Stup\u00e1kov\u00e1 SO\u010c kr\u00fa\u017eok RNDr. Silvia \u010cornani\u010dov\u00e1 Chemick\u00fd kr\u00fa\u017eok Ing. Martin Bre\u010dko, dipl. o. Hist\u00f3ria optiky Mgr. Martina Kav\u010d\u00e1kov\u00e1 Kr\u00fa\u017eok ANJ RNDr. Ladislav Bertko Volejbalov\u00fd kr\u00fa\u017eok Mgr. Lucia Slivk\u00e1rov\u00e1 Botanick\u00fd kr\u00fa\u017eok Ing. Ant\u00f3nia Jakubikov\u00e1, dipl. o Enviro kr\u00fa\u017eok Ing. Ant\u00f3nia Jakubikov\u00e1, dipl. o Optick\u00fd kr\u00fa\u017eok Mgr. Eva Babecov\u00e1 Etick\u00fd teenager Mgr. &hellip;Zobrazi\u0165\" \/>\n<meta property=\"og:url\" content=\"https:\/\/moyzeska.sk\/index.php\/krutkova-cinnost\/\" \/>\n<meta property=\"og:site_name\" content=\"Stredn\u00e1 zdravotn\u00edcka \u0161kola, Moyzesova 17, Ko\u0161ice\" \/>\n<meta property=\"article:publisher\" content=\"https:\/\/www.facebook.com\/Moyzeska\" \/>\n<meta property=\"article:modified_time\" content=\"2023-11-06T06:25:22+00:00\" \/>\n<meta name=\"twitter:card\" content=\"summary_large_image\" \/>\n<meta name=\"twitter:label1\" content=\"Predpokladan\u00fd \u010das \u010d\u00edtania\" \/>\n\t<meta name=\"twitter:data1\" content=\"1 min\u00fata\" \/>\n<script type=\"application\/ld+json\" class=\"yoast-schema-graph\">{\"@context\":\"https:\/\/schema.org\",\"@graph\":[{\"@type\":\"WebPage\",\"@id\":\"https:\/\/moyzeska.sk\/index.php\/krutkova-cinnost\/\",\"url\":\"https:\/\/moyzeska.sk\/index.php\/krutkova-cinnost\/\",\"name\":\"Kr\u00fa\u017ekov\u00e1 \u010dinnos\u0165 - Stredn\u00e1 zdravotn\u00edcka \u0161kola, Moyzesova 17, Ko\u0161ice\",\"isPartOf\":{\"@id\":\"https:\/\/moyzeska.sk\/#website\"},\"datePublished\":\"2020-10-07T10:54:59+00:00\",\"dateModified\":\"2023-11-06T06:25:22+00:00\",\"breadcrumb\":{\"@id\":\"https:\/\/moyzeska.sk\/index.php\/krutkova-cinnost\/#breadcrumb\"},\"inLanguage\":\"sk-SK\",\"potentialAction\":[{\"@type\":\"ReadAction\",\"target\":[\"https:\/\/moyzeska.sk\/index.php\/krutkova-cinnost\/\"]}]},{\"@type\":\"BreadcrumbList\",\"@id\":\"https:\/\/moyzeska.sk\/index.php\/krutkova-cinnost\/#breadcrumb\",\"itemListElement\":[{\"@type\":\"ListItem\",\"position\":1,\"name\":\"Home\",\"item\":\"https:\/\/moyzeska.sk\/\"},{\"@type\":\"ListItem\",\"position\":2,\"name\":\"Kr\u00fa\u017ekov\u00e1 \u010dinnos\u0165\"}]},{\"@type\":\"WebSite\",\"@id\":\"https:\/\/moyzeska.sk\/#website\",\"url\":\"https:\/\/moyzeska.sk\/\",\"name\":\"Stredn\u00e1 zdravotn\u00edcka \u0161kola, Moyzesova 17, Ko\u0161ice\",\"description\":\"\",\"publisher\":{\"@id\":\"https:\/\/moyzeska.sk\/#organization\"},\"potentialAction\":[{\"@type\":\"SearchAction\",\"target\":{\"@type\":\"EntryPoint\",\"urlTemplate\":\"https:\/\/moyzeska.sk\/?s={search_term_string}\"},\"query-input\":\"required name=search_term_string\"}],\"inLanguage\":\"sk-SK\"},{\"@type\":\"Organization\",\"@id\":\"https:\/\/moyzeska.sk\/#organization\",\"name\":\"Stredn\u00e1 zdravotn\u00edcka \u0161kola, Moyzesova 17, Ko\u0161ice\",\"url\":\"https:\/\/moyzeska.sk\/\",\"logo\":{\"@type\":\"ImageObject\",\"inLanguage\":\"sk-SK\",\"@id\":\"https:\/\/moyzeska.sk\/#\/schema\/logo\/image\/\",\"url\":\"https:\/\/moyzeska.sk\/wp-content\/uploads\/2020\/09\/SZS-logo.png\",\"contentUrl\":\"https:\/\/moyzeska.sk\/wp-content\/uploads\/2020\/09\/SZS-logo.png\",\"width\":300,\"height\":300,\"caption\":\"Stredn\u00e1 zdravotn\u00edcka \u0161kola, Moyzesova 17, Ko\u0161ice\"},\"image\":{\"@id\":\"https:\/\/moyzeska.sk\/#\/schema\/logo\/image\/\"},\"sameAs\":[\"https:\/\/www.facebook.com\/Moyzeska\",\"https:\/\/www.instagram.com\/moyzeska\/\"]}]}<\/script>\n<!-- \/ Yoast SEO plugin. -->","yoast_head_json":{"title":"Kr\u00fa\u017ekov\u00e1 \u010dinnos\u0165 - Stredn\u00e1 zdravotn\u00edcka \u0161kola, Moyzesova 17, Ko\u0161ice","robots":{"index":"index","follow":"follow","max-snippet":"max-snippet:-1","max-image-preview":"max-image-preview:large","max-video-preview":"max-video-preview:-1"},"canonical":"https:\/\/moyzeska.sk\/index.php\/krutkova-cinnost\/","og_locale":"sk_SK","og_type":"article","og_title":"Kr\u00fa\u017ekov\u00e1 \u010dinnos\u0165 - Stredn\u00e1 zdravotn\u00edcka \u0161kola, Moyzesova 17, Ko\u0161ice","og_description":"Ved\u00faci kr\u00fa\u017eku Kr\u00fa\u017eok RNDr. Vikt\u00f3ria Stup\u00e1kov\u00e1 SO\u010c kr\u00fa\u017eok RNDr. Silvia \u010cornani\u010dov\u00e1 Chemick\u00fd kr\u00fa\u017eok Ing. Martin Bre\u010dko, dipl. o. Hist\u00f3ria optiky Mgr. Martina Kav\u010d\u00e1kov\u00e1 Kr\u00fa\u017eok ANJ RNDr. Ladislav Bertko Volejbalov\u00fd kr\u00fa\u017eok Mgr. Lucia Slivk\u00e1rov\u00e1 Botanick\u00fd kr\u00fa\u017eok Ing. Ant\u00f3nia Jakubikov\u00e1, dipl. o Enviro kr\u00fa\u017eok Ing. Ant\u00f3nia Jakubikov\u00e1, dipl. o Optick\u00fd kr\u00fa\u017eok Mgr. Eva Babecov\u00e1 Etick\u00fd teenager Mgr. &hellip;Zobrazi\u0165","og_url":"https:\/\/moyzeska.sk\/index.php\/krutkova-cinnost\/","og_site_name":"Stredn\u00e1 zdravotn\u00edcka \u0161kola, Moyzesova 17, Ko\u0161ice","article_publisher":"https:\/\/www.facebook.com\/Moyzeska","article_modified_time":"2023-11-06T06:25:22+00:00","twitter_card":"summary_large_image","twitter_misc":{"Predpokladan\u00fd \u010das \u010d\u00edtania":"1 min\u00fata"},"schema":{"@context":"https:\/\/schema.org","@graph":[{"@type":"WebPage","@id":"https:\/\/moyzeska.sk\/index.php\/krutkova-cinnost\/","url":"https:\/\/moyzeska.sk\/index.php\/krutkova-cinnost\/","name":"Kr\u00fa\u017ekov\u00e1 \u010dinnos\u0165 - Stredn\u00e1 zdravotn\u00edcka \u0161kola, Moyzesova 17, Ko\u0161ice","isPartOf":{"@id":"https:\/\/moyzeska.sk\/#website"},"datePublished":"2020-10-07T10:54:59+00:00","dateModified":"2023-11-06T06:25:22+00:00","breadcrumb":{"@id":"https:\/\/moyzeska.sk\/index.php\/krutkova-cinnost\/#breadcrumb"},"inLanguage":"sk-SK","potentialAction":[{"@type":"ReadAction","target":["https:\/\/moyzeska.sk\/index.php\/krutkova-cinnost\/"]}]},{"@type":"BreadcrumbList","@id":"https:\/\/moyzeska.sk\/index.php\/krutkova-cinnost\/#breadcrumb","itemListElement":[{"@type":"ListItem","position":1,"name":"Home","item":"https:\/\/moyzeska.sk\/"},{"@type":"ListItem","position":2,"name":"Kr\u00fa\u017ekov\u00e1 \u010dinnos\u0165"}]},{"@type":"WebSite","@id":"https:\/\/moyzeska.sk\/#website","url":"https:\/\/moyzeska.sk\/","name":"Stredn\u00e1 zdravotn\u00edcka \u0161kola, Moyzesova 17, Ko\u0161ice","description":"","publisher":{"@id":"https:\/\/moyzeska.sk\/#organization"},"potentialAction":[{"@type":"SearchAction","target":{"@type":"EntryPoint","urlTemplate":"https:\/\/moyzeska.sk\/?s={search_term_string}"},"query-input":"required name=search_term_string"}],"inLanguage":"sk-SK"},{"@type":"Organization","@id":"https:\/\/moyzeska.sk\/#organization","name":"Stredn\u00e1 zdravotn\u00edcka \u0161kola, Moyzesova 17, Ko\u0161ice","url":"https:\/\/moyzeska.sk\/","logo":{"@type":"ImageObject","inLanguage":"sk-SK","@id":"https:\/\/moyzeska.sk\/#\/schema\/logo\/image\/","url":"https:\/\/moyzeska.sk\/wp-content\/uploads\/2020\/09\/SZS-logo.png","contentUrl":"https:\/\/moyzeska.sk\/wp-content\/uploads\/2020\/09\/SZS-logo.png","width":300,"height":300,"caption":"Stredn\u00e1 zdravotn\u00edcka \u0161kola, Moyzesova 17, Ko\u0161ice"},"image":{"@id":"https:\/\/moyzeska.sk\/#\/schema\/logo\/image\/"},"sameAs":["https:\/\/www.facebook.com\/Moyzeska","https:\/\/www.instagram.com\/moyzeska\/"]}]}},"_links":{"self":[{"href":"https:\/\/moyzeska.sk\/index.php\/wp-json\/wp\/v2\/pages\/683"}],"collection":[{"href":"https:\/\/moyzeska.sk\/index.php\/wp-json\/wp\/v2\/pages"}],"about":[{"href":"https:\/\/moyzeska.sk\/index.php\/wp-json\/wp\/v2\/types\/page"}],"author":[{"embeddable":true,"href":"https:\/\/moyzeska.sk\/index.php\/wp-json\/wp\/v2\/users\/1"}],"replies":[{"embeddable":true,"href":"https:\/\/moyzeska.sk\/index.php\/wp-json\/wp\/v2\/comments?post=683"}],"version-history":[{"count":5,"href":"https:\/\/moyzeska.sk\/index.php\/wp-json\/wp\/v2\/pages\/683\/revisions"}],"predecessor-version":[{"id":5101,"href":"https:\/\/moyzeska.sk\/index.php\/wp-json\/wp\/v2\/pages\/683\/revisions\/5101"}],"wp:attachment":[{"href":"https:\/\/moyzeska.sk\/index.php\/wp-json\/wp\/v2\/media?parent=683"}],"curies":[{"name":"wp","href":"https:\/\/api.w.org\/{rel}","templated":true}]}}