{"id":674,"date":"2020-10-07T12:26:16","date_gmt":"2020-10-07T10:26:16","guid":{"rendered":"https:\/\/moyzeska.sk\/?page_id=674"},"modified":"2025-10-01T13:11:48","modified_gmt":"2025-10-01T11:11:48","slug":"zlozenie-skolskeho-parlamentu","status":"publish","type":"page","link":"https:\/\/moyzeska.sk\/index.php\/zlozenie-skolskeho-parlamentu\/","title":{"rendered":"Zlo\u017eenie \u0161kolsk\u00e9ho parlamentu"},"content":{"rendered":"\n<figure class=\"wp-block-table aligncenter\"><table><thead><tr><th class=\"has-text-align-left\" data-align=\"left\">Funkcia<\/th><th class=\"has-text-align-left\" data-align=\"left\">Meno a priezvisko<\/th><\/tr><\/thead><tbody><tr><td class=\"has-text-align-left\" data-align=\"left\">Predseda:<\/td><td class=\"has-text-align-left\" data-align=\"left\"><em>\u0160tefan Petik (III.OO)<\/em><\/td><\/tr><tr><td class=\"has-text-align-left\" data-align=\"left\">Podpredseda:<\/td><td class=\"has-text-align-left\" data-align=\"left\"><em>Mat\u00fa\u0161 Petrul\u00e1k (III. OO)<\/em><\/td><\/tr><tr><td class=\"has-text-align-left\" data-align=\"left\">&nbsp;\u010clenovia:<\/td><td class=\"has-text-align-left\" data-align=\"left\"><em> Adela Jarkovsk\u00e1 (I. FL)<\/em><\/td><\/tr><tr><td class=\"has-text-align-left\" data-align=\"left\"><\/td><td class=\"has-text-align-left\" data-align=\"left\"><em>Patrik Vnad (I. AV)<\/em><\/td><\/tr><tr><td class=\"has-text-align-left\" data-align=\"left\"><\/td><td class=\"has-text-align-left\" data-align=\"left\"><em>Vivien Vnadov\u00e1 (I. FL)<\/em><\/td><\/tr><tr><td class=\"has-text-align-left\" data-align=\"left\"><\/td><td class=\"has-text-align-left\" data-align=\"left\"><em>Vikt\u00f3ria Priska Vargov\u00e1<\/em> <em>(II. AV\/ZuA)<\/em><\/td><\/tr><tr><td class=\"has-text-align-left\" data-align=\"left\">&nbsp;<\/td><td class=\"has-text-align-left\" data-align=\"left\"><em>Michaela Faj\u010d\u00e1kov\u00e1 (II. OO)<\/em><\/td><\/tr><tr><td class=\"has-text-align-left\" data-align=\"left\">&nbsp;<\/td><td class=\"has-text-align-left\" data-align=\"left\"><em> Ter\u00e9zia Olexov\u00e1 (II. FL)<\/em><\/td><\/tr><tr><td class=\"has-text-align-left\" data-align=\"left\"><\/td><td class=\"has-text-align-left\" data-align=\"left\"><em>Samuel Petr\u00edk (II. ZL)<\/em><\/td><\/tr><tr><td class=\"has-text-align-left\" data-align=\"left\">&nbsp;<\/td><td class=\"has-text-align-left\" data-align=\"left\"><em>Patrik Lo\u010da (II. ZL)<\/em><\/td><\/tr><tr><td class=\"has-text-align-left\" data-align=\"left\"><\/td><td class=\"has-text-align-left\" data-align=\"left\"><em>S\u00e1ra Pokorn\u00e1 (III. FL)<\/em><\/td><\/tr><tr><td class=\"has-text-align-left\" data-align=\"left\"><\/td><td class=\"has-text-align-left\" data-align=\"left\"><em>Katar\u00edna Jarkovsk\u00e1 (III. FL)<\/em><\/td><\/tr><tr><td class=\"has-text-align-left\" data-align=\"left\">&nbsp;<\/td><td class=\"has-text-align-left\" data-align=\"left\"><em>Nat\u00e1lia Kri\u0161tofov\u00e1 (III. ZuA)<\/em><\/td><\/tr><tr><td class=\"has-text-align-left\" data-align=\"left\"><\/td><td class=\"has-text-align-left\" data-align=\"left\"><em>Veronika Ziburov\u00e1 (IV. FL)<\/em><\/td><\/tr><tr><td class=\"has-text-align-left\" data-align=\"left\">&nbsp;<\/td><td class=\"has-text-align-left\" data-align=\"left\"><em>Zuzana Paralov\u00e1 (IV. ZuA)<\/em><\/td><\/tr><tr><td class=\"has-text-align-left\" data-align=\"left\"><\/td><td class=\"has-text-align-left\" data-align=\"left\"><em>Michaela Chovanov\u00e1 (IV. FL)<\/em><\/td><\/tr><tr><td class=\"has-text-align-left\" data-align=\"left\">Koordin\u00e1tor:<\/td><td class=\"has-text-align-left\" data-align=\"left\"><em>Mgr. Darina Burikov\u00e1<\/em><\/td><\/tr><\/tbody><\/table><\/figure>\n","protected":false},"excerpt":{"rendered":"<p>Funkcia Meno a priezvisko Predseda: \u0160tefan Petik (III.OO) Podpredseda: Mat\u00fa\u0161 Petrul\u00e1k (III. OO) &nbsp;\u010clenovia: Adela Jarkovsk\u00e1 (I. FL) Patrik Vnad (I. AV) Vivien Vnadov\u00e1 (I. FL) Vikt\u00f3ria Priska Vargov\u00e1 (II. AV\/ZuA) &nbsp; Michaela Faj\u010d\u00e1kov\u00e1 (II. OO) &nbsp; Ter\u00e9zia Olexov\u00e1 (II. FL) Samuel Petr\u00edk (II. ZL) &nbsp; Patrik Lo\u010da (II. ZL) S\u00e1ra Pokorn\u00e1 (III. FL) Katar\u00edna &hellip;<br \/><a href=\"https:\/\/moyzeska.sk\/index.php\/zlozenie-skolskeho-parlamentu\/\" class=\"more-link pen_button pen_element_default pen_icon_arrow_double\">Zobrazi\u0165<\/a><\/p>\n","protected":false},"author":1,"featured_media":0,"parent":0,"menu_order":0,"comment_status":"closed","ping_status":"closed","template":"","meta":{"_monsterinsights_skip_tracking":false,"_monsterinsights_sitenote_active":false,"_monsterinsights_sitenote_note":"","_monsterinsights_sitenote_category":0},"yoast_head":"<!-- This site is optimized with the Yoast SEO plugin v21.8.1 - https:\/\/yoast.com\/wordpress\/plugins\/seo\/ -->\n<title>Zlo\u017eenie \u0161kolsk\u00e9ho parlamentu - Stredn\u00e1 zdravotn\u00edcka \u0161kola, Moyzesova 17, Ko\u0161ice<\/title>\n<meta name=\"robots\" content=\"index, follow, max-snippet:-1, max-image-preview:large, max-video-preview:-1\" \/>\n<link rel=\"canonical\" href=\"https:\/\/moyzeska.sk\/index.php\/zlozenie-skolskeho-parlamentu\/\" \/>\n<meta property=\"og:locale\" content=\"sk_SK\" \/>\n<meta property=\"og:type\" content=\"article\" \/>\n<meta property=\"og:title\" content=\"Zlo\u017eenie \u0161kolsk\u00e9ho parlamentu - Stredn\u00e1 zdravotn\u00edcka \u0161kola, Moyzesova 17, Ko\u0161ice\" \/>\n<meta property=\"og:description\" content=\"Funkcia Meno a priezvisko Predseda: \u0160tefan Petik (III.OO) Podpredseda: Mat\u00fa\u0161 Petrul\u00e1k (III. OO) &nbsp;\u010clenovia: Adela Jarkovsk\u00e1 (I. FL) Patrik Vnad (I. AV) Vivien Vnadov\u00e1 (I. FL) Vikt\u00f3ria Priska Vargov\u00e1 (II. AV\/ZuA) &nbsp; Michaela Faj\u010d\u00e1kov\u00e1 (II. OO) &nbsp; Ter\u00e9zia Olexov\u00e1 (II. FL) Samuel Petr\u00edk (II. ZL) &nbsp; Patrik Lo\u010da (II. ZL) S\u00e1ra Pokorn\u00e1 (III. FL) Katar\u00edna &hellip;Zobrazi\u0165\" \/>\n<meta property=\"og:url\" content=\"https:\/\/moyzeska.sk\/index.php\/zlozenie-skolskeho-parlamentu\/\" \/>\n<meta property=\"og:site_name\" content=\"Stredn\u00e1 zdravotn\u00edcka \u0161kola, Moyzesova 17, Ko\u0161ice\" \/>\n<meta property=\"article:publisher\" content=\"https:\/\/www.facebook.com\/Moyzeska\" \/>\n<meta property=\"article:modified_time\" content=\"2025-10-01T11:11:48+00:00\" \/>\n<meta name=\"twitter:card\" content=\"summary_large_image\" \/>\n<meta name=\"twitter:label1\" content=\"Predpokladan\u00fd \u010das \u010d\u00edtania\" \/>\n\t<meta name=\"twitter:data1\" content=\"1 min\u00fata\" \/>\n<script type=\"application\/ld+json\" class=\"yoast-schema-graph\">{\"@context\":\"https:\/\/schema.org\",\"@graph\":[{\"@type\":\"WebPage\",\"@id\":\"https:\/\/moyzeska.sk\/index.php\/zlozenie-skolskeho-parlamentu\/\",\"url\":\"https:\/\/moyzeska.sk\/index.php\/zlozenie-skolskeho-parlamentu\/\",\"name\":\"Zlo\u017eenie \u0161kolsk\u00e9ho parlamentu - Stredn\u00e1 zdravotn\u00edcka \u0161kola, Moyzesova 17, Ko\u0161ice\",\"isPartOf\":{\"@id\":\"https:\/\/moyzeska.sk\/#website\"},\"datePublished\":\"2020-10-07T10:26:16+00:00\",\"dateModified\":\"2025-10-01T11:11:48+00:00\",\"breadcrumb\":{\"@id\":\"https:\/\/moyzeska.sk\/index.php\/zlozenie-skolskeho-parlamentu\/#breadcrumb\"},\"inLanguage\":\"sk-SK\",\"potentialAction\":[{\"@type\":\"ReadAction\",\"target\":[\"https:\/\/moyzeska.sk\/index.php\/zlozenie-skolskeho-parlamentu\/\"]}]},{\"@type\":\"BreadcrumbList\",\"@id\":\"https:\/\/moyzeska.sk\/index.php\/zlozenie-skolskeho-parlamentu\/#breadcrumb\",\"itemListElement\":[{\"@type\":\"ListItem\",\"position\":1,\"name\":\"Home\",\"item\":\"https:\/\/moyzeska.sk\/\"},{\"@type\":\"ListItem\",\"position\":2,\"name\":\"Zlo\u017eenie \u0161kolsk\u00e9ho parlamentu\"}]},{\"@type\":\"WebSite\",\"@id\":\"https:\/\/moyzeska.sk\/#website\",\"url\":\"https:\/\/moyzeska.sk\/\",\"name\":\"Stredn\u00e1 zdravotn\u00edcka \u0161kola, Moyzesova 17, Ko\u0161ice\",\"description\":\"\",\"publisher\":{\"@id\":\"https:\/\/moyzeska.sk\/#organization\"},\"potentialAction\":[{\"@type\":\"SearchAction\",\"target\":{\"@type\":\"EntryPoint\",\"urlTemplate\":\"https:\/\/moyzeska.sk\/?s={search_term_string}\"},\"query-input\":\"required name=search_term_string\"}],\"inLanguage\":\"sk-SK\"},{\"@type\":\"Organization\",\"@id\":\"https:\/\/moyzeska.sk\/#organization\",\"name\":\"Stredn\u00e1 zdravotn\u00edcka \u0161kola, Moyzesova 17, Ko\u0161ice\",\"url\":\"https:\/\/moyzeska.sk\/\",\"logo\":{\"@type\":\"ImageObject\",\"inLanguage\":\"sk-SK\",\"@id\":\"https:\/\/moyzeska.sk\/#\/schema\/logo\/image\/\",\"url\":\"https:\/\/moyzeska.sk\/wp-content\/uploads\/2020\/09\/SZS-logo.png\",\"contentUrl\":\"https:\/\/moyzeska.sk\/wp-content\/uploads\/2020\/09\/SZS-logo.png\",\"width\":300,\"height\":300,\"caption\":\"Stredn\u00e1 zdravotn\u00edcka \u0161kola, Moyzesova 17, Ko\u0161ice\"},\"image\":{\"@id\":\"https:\/\/moyzeska.sk\/#\/schema\/logo\/image\/\"},\"sameAs\":[\"https:\/\/www.facebook.com\/Moyzeska\",\"https:\/\/www.instagram.com\/moyzeska\/\"]}]}<\/script>\n<!-- \/ Yoast SEO plugin. -->","yoast_head_json":{"title":"Zlo\u017eenie \u0161kolsk\u00e9ho parlamentu - Stredn\u00e1 zdravotn\u00edcka \u0161kola, Moyzesova 17, Ko\u0161ice","robots":{"index":"index","follow":"follow","max-snippet":"max-snippet:-1","max-image-preview":"max-image-preview:large","max-video-preview":"max-video-preview:-1"},"canonical":"https:\/\/moyzeska.sk\/index.php\/zlozenie-skolskeho-parlamentu\/","og_locale":"sk_SK","og_type":"article","og_title":"Zlo\u017eenie \u0161kolsk\u00e9ho parlamentu - Stredn\u00e1 zdravotn\u00edcka \u0161kola, Moyzesova 17, Ko\u0161ice","og_description":"Funkcia Meno a priezvisko Predseda: \u0160tefan Petik (III.OO) Podpredseda: Mat\u00fa\u0161 Petrul\u00e1k (III. OO) &nbsp;\u010clenovia: Adela Jarkovsk\u00e1 (I. FL) Patrik Vnad (I. AV) Vivien Vnadov\u00e1 (I. FL) Vikt\u00f3ria Priska Vargov\u00e1 (II. AV\/ZuA) &nbsp; Michaela Faj\u010d\u00e1kov\u00e1 (II. OO) &nbsp; Ter\u00e9zia Olexov\u00e1 (II. FL) Samuel Petr\u00edk (II. ZL) &nbsp; Patrik Lo\u010da (II. ZL) S\u00e1ra Pokorn\u00e1 (III. FL) Katar\u00edna &hellip;Zobrazi\u0165","og_url":"https:\/\/moyzeska.sk\/index.php\/zlozenie-skolskeho-parlamentu\/","og_site_name":"Stredn\u00e1 zdravotn\u00edcka \u0161kola, Moyzesova 17, Ko\u0161ice","article_publisher":"https:\/\/www.facebook.com\/Moyzeska","article_modified_time":"2025-10-01T11:11:48+00:00","twitter_card":"summary_large_image","twitter_misc":{"Predpokladan\u00fd \u010das \u010d\u00edtania":"1 min\u00fata"},"schema":{"@context":"https:\/\/schema.org","@graph":[{"@type":"WebPage","@id":"https:\/\/moyzeska.sk\/index.php\/zlozenie-skolskeho-parlamentu\/","url":"https:\/\/moyzeska.sk\/index.php\/zlozenie-skolskeho-parlamentu\/","name":"Zlo\u017eenie \u0161kolsk\u00e9ho parlamentu - Stredn\u00e1 zdravotn\u00edcka \u0161kola, Moyzesova 17, Ko\u0161ice","isPartOf":{"@id":"https:\/\/moyzeska.sk\/#website"},"datePublished":"2020-10-07T10:26:16+00:00","dateModified":"2025-10-01T11:11:48+00:00","breadcrumb":{"@id":"https:\/\/moyzeska.sk\/index.php\/zlozenie-skolskeho-parlamentu\/#breadcrumb"},"inLanguage":"sk-SK","potentialAction":[{"@type":"ReadAction","target":["https:\/\/moyzeska.sk\/index.php\/zlozenie-skolskeho-parlamentu\/"]}]},{"@type":"BreadcrumbList","@id":"https:\/\/moyzeska.sk\/index.php\/zlozenie-skolskeho-parlamentu\/#breadcrumb","itemListElement":[{"@type":"ListItem","position":1,"name":"Home","item":"https:\/\/moyzeska.sk\/"},{"@type":"ListItem","position":2,"name":"Zlo\u017eenie \u0161kolsk\u00e9ho parlamentu"}]},{"@type":"WebSite","@id":"https:\/\/moyzeska.sk\/#website","url":"https:\/\/moyzeska.sk\/","name":"Stredn\u00e1 zdravotn\u00edcka \u0161kola, Moyzesova 17, Ko\u0161ice","description":"","publisher":{"@id":"https:\/\/moyzeska.sk\/#organization"},"potentialAction":[{"@type":"SearchAction","target":{"@type":"EntryPoint","urlTemplate":"https:\/\/moyzeska.sk\/?s={search_term_string}"},"query-input":"required name=search_term_string"}],"inLanguage":"sk-SK"},{"@type":"Organization","@id":"https:\/\/moyzeska.sk\/#organization","name":"Stredn\u00e1 zdravotn\u00edcka \u0161kola, Moyzesova 17, Ko\u0161ice","url":"https:\/\/moyzeska.sk\/","logo":{"@type":"ImageObject","inLanguage":"sk-SK","@id":"https:\/\/moyzeska.sk\/#\/schema\/logo\/image\/","url":"https:\/\/moyzeska.sk\/wp-content\/uploads\/2020\/09\/SZS-logo.png","contentUrl":"https:\/\/moyzeska.sk\/wp-content\/uploads\/2020\/09\/SZS-logo.png","width":300,"height":300,"caption":"Stredn\u00e1 zdravotn\u00edcka \u0161kola, Moyzesova 17, Ko\u0161ice"},"image":{"@id":"https:\/\/moyzeska.sk\/#\/schema\/logo\/image\/"},"sameAs":["https:\/\/www.facebook.com\/Moyzeska","https:\/\/www.instagram.com\/moyzeska\/"]}]}},"_links":{"self":[{"href":"https:\/\/moyzeska.sk\/index.php\/wp-json\/wp\/v2\/pages\/674"}],"collection":[{"href":"https:\/\/moyzeska.sk\/index.php\/wp-json\/wp\/v2\/pages"}],"about":[{"href":"https:\/\/moyzeska.sk\/index.php\/wp-json\/wp\/v2\/types\/page"}],"author":[{"embeddable":true,"href":"https:\/\/moyzeska.sk\/index.php\/wp-json\/wp\/v2\/users\/1"}],"replies":[{"embeddable":true,"href":"https:\/\/moyzeska.sk\/index.php\/wp-json\/wp\/v2\/comments?post=674"}],"version-history":[{"count":5,"href":"https:\/\/moyzeska.sk\/index.php\/wp-json\/wp\/v2\/pages\/674\/revisions"}],"predecessor-version":[{"id":7861,"href":"https:\/\/moyzeska.sk\/index.php\/wp-json\/wp\/v2\/pages\/674\/revisions\/7861"}],"wp:attachment":[{"href":"https:\/\/moyzeska.sk\/index.php\/wp-json\/wp\/v2\/media?parent=674"}],"curies":[{"name":"wp","href":"https:\/\/api.w.org\/{rel}","templated":true}]}}