{"id":6639,"date":"2024-11-19T13:25:30","date_gmt":"2024-11-19T12:25:30","guid":{"rendered":"https:\/\/moyzeska.sk\/?page_id=6639"},"modified":"2026-04-23T13:17:33","modified_gmt":"2026-04-23T11:17:33","slug":"kriteria-pre-4-rocne-denne-studium-5","status":"publish","type":"page","link":"https:\/\/moyzeska.sk\/index.php\/kriteria-pre-4-rocne-denne-studium-5\/","title":{"rendered":"Krit\u00e9ri\u00e1 pre 4-ro\u010dn\u00e9 denn\u00e9 \u0161t\u00fadium"},"content":{"rendered":"\n<p>Krit\u00e9ri\u00e1 pre prij\u00edmanie uch\u00e1dza\u010dov do I. ro\u010dn\u00edka <strong>4-ro\u010dn\u00e9ho denn\u00e9ho \u0161t\u00fadia<\/strong> na \u0161kolsk\u00fd rok 2026\/2027:<\/p>\n\n\n\n<p><a href=\"https:\/\/moyzeska.sk\/wp-content\/uploads\/2025\/11\/K-R-I-T-E-R-I-A_26-27.pdf\">Krit\u00e9ria pre prij\u00edmacie sk\u00fa\u0161ky 2026-2027<\/a><\/p>\n","protected":false},"excerpt":{"rendered":"<p>Krit\u00e9ri\u00e1 pre prij\u00edmanie uch\u00e1dza\u010dov do I. ro\u010dn\u00edka 4-ro\u010dn\u00e9ho denn\u00e9ho \u0161t\u00fadia na \u0161kolsk\u00fd rok 2026\/2027: Krit\u00e9ria pre prij\u00edmacie sk\u00fa\u0161ky 2026-2027<\/p>\n","protected":false},"author":1,"featured_media":0,"parent":0,"menu_order":0,"comment_status":"closed","ping_status":"closed","template":"","meta":{"_monsterinsights_skip_tracking":false,"_monsterinsights_sitenote_active":false,"_monsterinsights_sitenote_note":"","_monsterinsights_sitenote_category":0},"yoast_head":"<!-- This site is optimized with the Yoast SEO plugin v21.8.1 - https:\/\/yoast.com\/wordpress\/plugins\/seo\/ -->\n<title>Krit\u00e9ri\u00e1 pre 4-ro\u010dn\u00e9 denn\u00e9 \u0161t\u00fadium - Stredn\u00e1 zdravotn\u00edcka \u0161kola, Moyzesova 17, Ko\u0161ice<\/title>\n<meta name=\"robots\" content=\"index, follow, max-snippet:-1, max-image-preview:large, max-video-preview:-1\" \/>\n<link rel=\"canonical\" href=\"https:\/\/moyzeska.sk\/index.php\/kriteria-pre-4-rocne-denne-studium-5\/\" \/>\n<meta property=\"og:locale\" content=\"sk_SK\" \/>\n<meta property=\"og:type\" content=\"article\" \/>\n<meta property=\"og:title\" content=\"Krit\u00e9ri\u00e1 pre 4-ro\u010dn\u00e9 denn\u00e9 \u0161t\u00fadium - Stredn\u00e1 zdravotn\u00edcka \u0161kola, Moyzesova 17, Ko\u0161ice\" \/>\n<meta property=\"og:description\" content=\"Krit\u00e9ri\u00e1 pre prij\u00edmanie uch\u00e1dza\u010dov do I. ro\u010dn\u00edka 4-ro\u010dn\u00e9ho denn\u00e9ho \u0161t\u00fadia na \u0161kolsk\u00fd rok 2026\/2027: Krit\u00e9ria pre prij\u00edmacie sk\u00fa\u0161ky 2026-2027\" \/>\n<meta property=\"og:url\" content=\"https:\/\/moyzeska.sk\/index.php\/kriteria-pre-4-rocne-denne-studium-5\/\" \/>\n<meta property=\"og:site_name\" content=\"Stredn\u00e1 zdravotn\u00edcka \u0161kola, Moyzesova 17, Ko\u0161ice\" \/>\n<meta property=\"article:publisher\" content=\"https:\/\/www.facebook.com\/Moyzeska\" \/>\n<meta property=\"article:modified_time\" content=\"2026-04-23T11:17:33+00:00\" \/>\n<meta name=\"twitter:card\" content=\"summary_large_image\" \/>\n<meta name=\"twitter:label1\" content=\"Predpokladan\u00fd \u010das \u010d\u00edtania\" \/>\n\t<meta name=\"twitter:data1\" content=\"1 min\u00fata\" \/>\n<script type=\"application\/ld+json\" class=\"yoast-schema-graph\">{\"@context\":\"https:\/\/schema.org\",\"@graph\":[{\"@type\":\"WebPage\",\"@id\":\"https:\/\/moyzeska.sk\/index.php\/kriteria-pre-4-rocne-denne-studium-5\/\",\"url\":\"https:\/\/moyzeska.sk\/index.php\/kriteria-pre-4-rocne-denne-studium-5\/\",\"name\":\"Krit\u00e9ri\u00e1 pre 4-ro\u010dn\u00e9 denn\u00e9 \u0161t\u00fadium - Stredn\u00e1 zdravotn\u00edcka \u0161kola, Moyzesova 17, Ko\u0161ice\",\"isPartOf\":{\"@id\":\"https:\/\/moyzeska.sk\/#website\"},\"datePublished\":\"2024-11-19T12:25:30+00:00\",\"dateModified\":\"2026-04-23T11:17:33+00:00\",\"breadcrumb\":{\"@id\":\"https:\/\/moyzeska.sk\/index.php\/kriteria-pre-4-rocne-denne-studium-5\/#breadcrumb\"},\"inLanguage\":\"sk-SK\",\"potentialAction\":[{\"@type\":\"ReadAction\",\"target\":[\"https:\/\/moyzeska.sk\/index.php\/kriteria-pre-4-rocne-denne-studium-5\/\"]}]},{\"@type\":\"BreadcrumbList\",\"@id\":\"https:\/\/moyzeska.sk\/index.php\/kriteria-pre-4-rocne-denne-studium-5\/#breadcrumb\",\"itemListElement\":[{\"@type\":\"ListItem\",\"position\":1,\"name\":\"Home\",\"item\":\"https:\/\/moyzeska.sk\/\"},{\"@type\":\"ListItem\",\"position\":2,\"name\":\"Krit\u00e9ri\u00e1 pre 4-ro\u010dn\u00e9 denn\u00e9 \u0161t\u00fadium\"}]},{\"@type\":\"WebSite\",\"@id\":\"https:\/\/moyzeska.sk\/#website\",\"url\":\"https:\/\/moyzeska.sk\/\",\"name\":\"Stredn\u00e1 zdravotn\u00edcka \u0161kola, Moyzesova 17, Ko\u0161ice\",\"description\":\"\",\"publisher\":{\"@id\":\"https:\/\/moyzeska.sk\/#organization\"},\"potentialAction\":[{\"@type\":\"SearchAction\",\"target\":{\"@type\":\"EntryPoint\",\"urlTemplate\":\"https:\/\/moyzeska.sk\/?s={search_term_string}\"},\"query-input\":\"required name=search_term_string\"}],\"inLanguage\":\"sk-SK\"},{\"@type\":\"Organization\",\"@id\":\"https:\/\/moyzeska.sk\/#organization\",\"name\":\"Stredn\u00e1 zdravotn\u00edcka \u0161kola, Moyzesova 17, Ko\u0161ice\",\"url\":\"https:\/\/moyzeska.sk\/\",\"logo\":{\"@type\":\"ImageObject\",\"inLanguage\":\"sk-SK\",\"@id\":\"https:\/\/moyzeska.sk\/#\/schema\/logo\/image\/\",\"url\":\"https:\/\/moyzeska.sk\/wp-content\/uploads\/2020\/09\/SZS-logo.png\",\"contentUrl\":\"https:\/\/moyzeska.sk\/wp-content\/uploads\/2020\/09\/SZS-logo.png\",\"width\":300,\"height\":300,\"caption\":\"Stredn\u00e1 zdravotn\u00edcka \u0161kola, Moyzesova 17, Ko\u0161ice\"},\"image\":{\"@id\":\"https:\/\/moyzeska.sk\/#\/schema\/logo\/image\/\"},\"sameAs\":[\"https:\/\/www.facebook.com\/Moyzeska\",\"https:\/\/www.instagram.com\/moyzeska\/\"]}]}<\/script>\n<!-- \/ Yoast SEO plugin. -->","yoast_head_json":{"title":"Krit\u00e9ri\u00e1 pre 4-ro\u010dn\u00e9 denn\u00e9 \u0161t\u00fadium - Stredn\u00e1 zdravotn\u00edcka \u0161kola, Moyzesova 17, Ko\u0161ice","robots":{"index":"index","follow":"follow","max-snippet":"max-snippet:-1","max-image-preview":"max-image-preview:large","max-video-preview":"max-video-preview:-1"},"canonical":"https:\/\/moyzeska.sk\/index.php\/kriteria-pre-4-rocne-denne-studium-5\/","og_locale":"sk_SK","og_type":"article","og_title":"Krit\u00e9ri\u00e1 pre 4-ro\u010dn\u00e9 denn\u00e9 \u0161t\u00fadium - Stredn\u00e1 zdravotn\u00edcka \u0161kola, Moyzesova 17, Ko\u0161ice","og_description":"Krit\u00e9ri\u00e1 pre prij\u00edmanie uch\u00e1dza\u010dov do I. ro\u010dn\u00edka 4-ro\u010dn\u00e9ho denn\u00e9ho \u0161t\u00fadia na \u0161kolsk\u00fd rok 2026\/2027: Krit\u00e9ria pre prij\u00edmacie sk\u00fa\u0161ky 2026-2027","og_url":"https:\/\/moyzeska.sk\/index.php\/kriteria-pre-4-rocne-denne-studium-5\/","og_site_name":"Stredn\u00e1 zdravotn\u00edcka \u0161kola, Moyzesova 17, Ko\u0161ice","article_publisher":"https:\/\/www.facebook.com\/Moyzeska","article_modified_time":"2026-04-23T11:17:33+00:00","twitter_card":"summary_large_image","twitter_misc":{"Predpokladan\u00fd \u010das \u010d\u00edtania":"1 min\u00fata"},"schema":{"@context":"https:\/\/schema.org","@graph":[{"@type":"WebPage","@id":"https:\/\/moyzeska.sk\/index.php\/kriteria-pre-4-rocne-denne-studium-5\/","url":"https:\/\/moyzeska.sk\/index.php\/kriteria-pre-4-rocne-denne-studium-5\/","name":"Krit\u00e9ri\u00e1 pre 4-ro\u010dn\u00e9 denn\u00e9 \u0161t\u00fadium - Stredn\u00e1 zdravotn\u00edcka \u0161kola, Moyzesova 17, Ko\u0161ice","isPartOf":{"@id":"https:\/\/moyzeska.sk\/#website"},"datePublished":"2024-11-19T12:25:30+00:00","dateModified":"2026-04-23T11:17:33+00:00","breadcrumb":{"@id":"https:\/\/moyzeska.sk\/index.php\/kriteria-pre-4-rocne-denne-studium-5\/#breadcrumb"},"inLanguage":"sk-SK","potentialAction":[{"@type":"ReadAction","target":["https:\/\/moyzeska.sk\/index.php\/kriteria-pre-4-rocne-denne-studium-5\/"]}]},{"@type":"BreadcrumbList","@id":"https:\/\/moyzeska.sk\/index.php\/kriteria-pre-4-rocne-denne-studium-5\/#breadcrumb","itemListElement":[{"@type":"ListItem","position":1,"name":"Home","item":"https:\/\/moyzeska.sk\/"},{"@type":"ListItem","position":2,"name":"Krit\u00e9ri\u00e1 pre 4-ro\u010dn\u00e9 denn\u00e9 \u0161t\u00fadium"}]},{"@type":"WebSite","@id":"https:\/\/moyzeska.sk\/#website","url":"https:\/\/moyzeska.sk\/","name":"Stredn\u00e1 zdravotn\u00edcka \u0161kola, Moyzesova 17, Ko\u0161ice","description":"","publisher":{"@id":"https:\/\/moyzeska.sk\/#organization"},"potentialAction":[{"@type":"SearchAction","target":{"@type":"EntryPoint","urlTemplate":"https:\/\/moyzeska.sk\/?s={search_term_string}"},"query-input":"required name=search_term_string"}],"inLanguage":"sk-SK"},{"@type":"Organization","@id":"https:\/\/moyzeska.sk\/#organization","name":"Stredn\u00e1 zdravotn\u00edcka \u0161kola, Moyzesova 17, Ko\u0161ice","url":"https:\/\/moyzeska.sk\/","logo":{"@type":"ImageObject","inLanguage":"sk-SK","@id":"https:\/\/moyzeska.sk\/#\/schema\/logo\/image\/","url":"https:\/\/moyzeska.sk\/wp-content\/uploads\/2020\/09\/SZS-logo.png","contentUrl":"https:\/\/moyzeska.sk\/wp-content\/uploads\/2020\/09\/SZS-logo.png","width":300,"height":300,"caption":"Stredn\u00e1 zdravotn\u00edcka \u0161kola, Moyzesova 17, Ko\u0161ice"},"image":{"@id":"https:\/\/moyzeska.sk\/#\/schema\/logo\/image\/"},"sameAs":["https:\/\/www.facebook.com\/Moyzeska","https:\/\/www.instagram.com\/moyzeska\/"]}]}},"_links":{"self":[{"href":"https:\/\/moyzeska.sk\/index.php\/wp-json\/wp\/v2\/pages\/6639"}],"collection":[{"href":"https:\/\/moyzeska.sk\/index.php\/wp-json\/wp\/v2\/pages"}],"about":[{"href":"https:\/\/moyzeska.sk\/index.php\/wp-json\/wp\/v2\/types\/page"}],"author":[{"embeddable":true,"href":"https:\/\/moyzeska.sk\/index.php\/wp-json\/wp\/v2\/users\/1"}],"replies":[{"embeddable":true,"href":"https:\/\/moyzeska.sk\/index.php\/wp-json\/wp\/v2\/comments?post=6639"}],"version-history":[{"count":5,"href":"https:\/\/moyzeska.sk\/index.php\/wp-json\/wp\/v2\/pages\/6639\/revisions"}],"predecessor-version":[{"id":9177,"href":"https:\/\/moyzeska.sk\/index.php\/wp-json\/wp\/v2\/pages\/6639\/revisions\/9177"}],"wp:attachment":[{"href":"https:\/\/moyzeska.sk\/index.php\/wp-json\/wp\/v2\/media?parent=6639"}],"curies":[{"name":"wp","href":"https:\/\/api.w.org\/{rel}","templated":true}]}}