{"id":6474,"date":"2024-10-21T08:15:22","date_gmt":"2024-10-21T06:15:22","guid":{"rendered":"https:\/\/moyzeska.sk\/?page_id=6474"},"modified":"2025-01-10T09:24:08","modified_gmt":"2025-01-10T08:24:08","slug":"prijimacie-skusky-na-sk-rok-2025-2026","status":"publish","type":"page","link":"https:\/\/moyzeska.sk\/index.php\/prijimacie-skusky-na-sk-rok-2025-2026\/","title":{"rendered":"Prij\u00edmacie sk\u00fa\u0161ky na \u0161k. rok 2025\/2026"},"content":{"rendered":"\n<p>Prij\u00edmacie sk\u00fa\u0161ky na vzdel\u00e1vanie v stredn\u00fdch \u0161kol\u00e1ch na \u0161kolsk\u00fd rok<strong>&nbsp;2025\/2026<\/strong>&nbsp;sa uskuto\u010dnia:<\/p>\n\n\n\n<ul>\n<li>v prvom term\u00edne\u00a0<strong>5. m\u00e1ja 2025<\/strong> a v pr\u00edpade potreby aj\u00a0<strong>6. m\u00e1ja 2025<\/strong>,<\/li>\n\n\n\n<li>v druhom term\u00edne\u00a0<strong>12. m\u00e1ja 2025<\/strong> a v pr\u00edpade potreby aj\u00a0<strong>13. m\u00e1ja 2025<\/strong>.<\/li>\n<\/ul>\n\n\n\n<hr class=\"wp-block-separator has-alpha-channel-opacity\"\/>\n\n\n\n<p>Z\u00e1konn\u00fd z\u00e1stupca neplnolet\u00e9ho uch\u00e1dza\u010da pod\u00e1va prihl\u00e1\u0161ku na vzdel\u00e1vanie riadite\u013eovi z\u00e1kladnej \u0161koly, ktor\u00fa uch\u00e1dza\u010d nav\u0161tevuje do <strong>20. febru\u00e1ra 2025<\/strong>.<\/p>\n\n\n\n<p>Riadite\u013e z\u00e1kladnej \u0161koly odo\u0161le prihl\u00e1\u0161ku na stredn\u00fa \u0161kolu\u00a0do<strong> 20. apr\u00edla 2025<\/strong>.<\/p>\n\n\n\n<hr class=\"wp-block-separator has-alpha-channel-opacity\"\/>\n\n\n\n<p>Term\u00edn pre zverejnenie zoznamu uch\u00e1dza\u010dov pod\u013ea v\u00fdsledkov prij\u00edmacieho konania pre \u0161kolsk\u00fd rok 2025\/2026 je\u00a0<strong>16. m\u00e1j 2025<\/strong>\u00a0(v \u010dase od 0:00 do 23:59 hod.).<\/p>\n\n\n\n<hr class=\"wp-block-separator has-alpha-channel-opacity\"\/>\n\n\n\n<p>Z\u00e1konn\u00fd z\u00e1stupca neplnolet\u00e9ho uch\u00e1dza\u010da\u00a0<strong>najnesk\u00f4r do 21. m\u00e1ja 2025<\/strong>\u00a0(23:59 hod.), p\u00edsomne potvrd\u00ed strednej \u0161kole prijatie na vzdel\u00e1vanie.<\/p>\n\n\n\n<p><strong>Proti rozhodnutiu o neprijat\u00ed na \u0161t\u00fadium<\/strong>&nbsp;sa m\u00f4\u017ee z\u00e1konn\u00fd z\u00e1stupca neplnolet\u00e9ho uch\u00e1dza\u010da odvola\u0165 riadite\u013eovi \u0161koly v lehote&nbsp;<strong>do 5 dn\u00ed odo d\u0148a doru\u010denia<\/strong>.<\/p>\n\n\n\n<hr class=\"wp-block-separator has-alpha-channel-opacity\"\/>\n\n\n\n<p>Krit\u00e9ri\u00e1 pre prij\u00edmanie uch\u00e1dza\u010dov do I. ro\u010dn\u00edka 4-ro\u010dn\u00e9ho denn\u00e9ho \u0161t\u00fadia na \u0161kolsk\u00fd rok 2025\/2026 si m\u00f4\u017eete pozrie\u0165 &gt;&gt;&nbsp;<a href=\"https:\/\/moyzeska.sk\/index.php\/kriteria-pre-4-rocne-denne-studium-4\/\">TU<\/a>&nbsp;&lt;&lt;<\/p>\n","protected":false},"excerpt":{"rendered":"<p>Prij\u00edmacie sk\u00fa\u0161ky na vzdel\u00e1vanie v stredn\u00fdch \u0161kol\u00e1ch na \u0161kolsk\u00fd rok&nbsp;2025\/2026&nbsp;sa uskuto\u010dnia: Z\u00e1konn\u00fd z\u00e1stupca neplnolet\u00e9ho uch\u00e1dza\u010da pod\u00e1va prihl\u00e1\u0161ku na vzdel\u00e1vanie riadite\u013eovi z\u00e1kladnej \u0161koly, ktor\u00fa uch\u00e1dza\u010d nav\u0161tevuje do 20. febru\u00e1ra 2025. Riadite\u013e z\u00e1kladnej \u0161koly odo\u0161le prihl\u00e1\u0161ku na stredn\u00fa \u0161kolu\u00a0do 20. apr\u00edla 2025. Term\u00edn pre zverejnenie zoznamu uch\u00e1dza\u010dov pod\u013ea v\u00fdsledkov prij\u00edmacieho konania pre \u0161kolsk\u00fd rok 2025\/2026 je\u00a016. m\u00e1j &hellip;<br \/><a href=\"https:\/\/moyzeska.sk\/index.php\/prijimacie-skusky-na-sk-rok-2025-2026\/\" class=\"more-link pen_button pen_element_default pen_icon_arrow_double\">Zobrazi\u0165<\/a><\/p>\n","protected":false},"author":1,"featured_media":0,"parent":0,"menu_order":0,"comment_status":"closed","ping_status":"closed","template":"","meta":{"_monsterinsights_skip_tracking":false,"_monsterinsights_sitenote_active":false,"_monsterinsights_sitenote_note":"","_monsterinsights_sitenote_category":0},"yoast_head":"<!-- This site is optimized with the Yoast SEO plugin v21.8.1 - https:\/\/yoast.com\/wordpress\/plugins\/seo\/ -->\n<title>Prij\u00edmacie sk\u00fa\u0161ky na \u0161k. rok 2025\/2026 - Stredn\u00e1 zdravotn\u00edcka \u0161kola, Moyzesova 17, Ko\u0161ice<\/title>\n<meta name=\"robots\" content=\"index, follow, max-snippet:-1, max-image-preview:large, max-video-preview:-1\" \/>\n<link rel=\"canonical\" href=\"https:\/\/moyzeska.sk\/index.php\/prijimacie-skusky-na-sk-rok-2025-2026\/\" \/>\n<meta property=\"og:locale\" content=\"sk_SK\" \/>\n<meta property=\"og:type\" content=\"article\" \/>\n<meta property=\"og:title\" content=\"Prij\u00edmacie sk\u00fa\u0161ky na \u0161k. rok 2025\/2026 - Stredn\u00e1 zdravotn\u00edcka \u0161kola, Moyzesova 17, Ko\u0161ice\" \/>\n<meta property=\"og:description\" content=\"Prij\u00edmacie sk\u00fa\u0161ky na vzdel\u00e1vanie v stredn\u00fdch \u0161kol\u00e1ch na \u0161kolsk\u00fd rok&nbsp;2025\/2026&nbsp;sa uskuto\u010dnia: Z\u00e1konn\u00fd z\u00e1stupca neplnolet\u00e9ho uch\u00e1dza\u010da pod\u00e1va prihl\u00e1\u0161ku na vzdel\u00e1vanie riadite\u013eovi z\u00e1kladnej \u0161koly, ktor\u00fa uch\u00e1dza\u010d nav\u0161tevuje do 20. febru\u00e1ra 2025. Riadite\u013e z\u00e1kladnej \u0161koly odo\u0161le prihl\u00e1\u0161ku na stredn\u00fa \u0161kolu\u00a0do 20. apr\u00edla 2025. Term\u00edn pre zverejnenie zoznamu uch\u00e1dza\u010dov pod\u013ea v\u00fdsledkov prij\u00edmacieho konania pre \u0161kolsk\u00fd rok 2025\/2026 je\u00a016. m\u00e1j &hellip;Zobrazi\u0165\" \/>\n<meta property=\"og:url\" content=\"https:\/\/moyzeska.sk\/index.php\/prijimacie-skusky-na-sk-rok-2025-2026\/\" \/>\n<meta property=\"og:site_name\" content=\"Stredn\u00e1 zdravotn\u00edcka \u0161kola, Moyzesova 17, Ko\u0161ice\" \/>\n<meta property=\"article:publisher\" content=\"https:\/\/www.facebook.com\/Moyzeska\" \/>\n<meta property=\"article:modified_time\" content=\"2025-01-10T08:24:08+00:00\" \/>\n<meta name=\"twitter:card\" content=\"summary_large_image\" \/>\n<meta name=\"twitter:label1\" content=\"Predpokladan\u00fd \u010das \u010d\u00edtania\" \/>\n\t<meta name=\"twitter:data1\" content=\"1 min\u00fata\" \/>\n<script type=\"application\/ld+json\" class=\"yoast-schema-graph\">{\"@context\":\"https:\/\/schema.org\",\"@graph\":[{\"@type\":\"WebPage\",\"@id\":\"https:\/\/moyzeska.sk\/index.php\/prijimacie-skusky-na-sk-rok-2025-2026\/\",\"url\":\"https:\/\/moyzeska.sk\/index.php\/prijimacie-skusky-na-sk-rok-2025-2026\/\",\"name\":\"Prij\u00edmacie sk\u00fa\u0161ky na \u0161k. rok 2025\/2026 - Stredn\u00e1 zdravotn\u00edcka \u0161kola, Moyzesova 17, Ko\u0161ice\",\"isPartOf\":{\"@id\":\"https:\/\/moyzeska.sk\/#website\"},\"datePublished\":\"2024-10-21T06:15:22+00:00\",\"dateModified\":\"2025-01-10T08:24:08+00:00\",\"breadcrumb\":{\"@id\":\"https:\/\/moyzeska.sk\/index.php\/prijimacie-skusky-na-sk-rok-2025-2026\/#breadcrumb\"},\"inLanguage\":\"sk-SK\",\"potentialAction\":[{\"@type\":\"ReadAction\",\"target\":[\"https:\/\/moyzeska.sk\/index.php\/prijimacie-skusky-na-sk-rok-2025-2026\/\"]}]},{\"@type\":\"BreadcrumbList\",\"@id\":\"https:\/\/moyzeska.sk\/index.php\/prijimacie-skusky-na-sk-rok-2025-2026\/#breadcrumb\",\"itemListElement\":[{\"@type\":\"ListItem\",\"position\":1,\"name\":\"Home\",\"item\":\"https:\/\/moyzeska.sk\/\"},{\"@type\":\"ListItem\",\"position\":2,\"name\":\"Prij\u00edmacie sk\u00fa\u0161ky na \u0161k. rok 2025\/2026\"}]},{\"@type\":\"WebSite\",\"@id\":\"https:\/\/moyzeska.sk\/#website\",\"url\":\"https:\/\/moyzeska.sk\/\",\"name\":\"Stredn\u00e1 zdravotn\u00edcka \u0161kola, Moyzesova 17, Ko\u0161ice\",\"description\":\"\",\"publisher\":{\"@id\":\"https:\/\/moyzeska.sk\/#organization\"},\"potentialAction\":[{\"@type\":\"SearchAction\",\"target\":{\"@type\":\"EntryPoint\",\"urlTemplate\":\"https:\/\/moyzeska.sk\/?s={search_term_string}\"},\"query-input\":\"required name=search_term_string\"}],\"inLanguage\":\"sk-SK\"},{\"@type\":\"Organization\",\"@id\":\"https:\/\/moyzeska.sk\/#organization\",\"name\":\"Stredn\u00e1 zdravotn\u00edcka \u0161kola, Moyzesova 17, Ko\u0161ice\",\"url\":\"https:\/\/moyzeska.sk\/\",\"logo\":{\"@type\":\"ImageObject\",\"inLanguage\":\"sk-SK\",\"@id\":\"https:\/\/moyzeska.sk\/#\/schema\/logo\/image\/\",\"url\":\"https:\/\/moyzeska.sk\/wp-content\/uploads\/2020\/09\/SZS-logo.png\",\"contentUrl\":\"https:\/\/moyzeska.sk\/wp-content\/uploads\/2020\/09\/SZS-logo.png\",\"width\":300,\"height\":300,\"caption\":\"Stredn\u00e1 zdravotn\u00edcka \u0161kola, Moyzesova 17, Ko\u0161ice\"},\"image\":{\"@id\":\"https:\/\/moyzeska.sk\/#\/schema\/logo\/image\/\"},\"sameAs\":[\"https:\/\/www.facebook.com\/Moyzeska\",\"https:\/\/www.instagram.com\/moyzeska\/\"]}]}<\/script>\n<!-- \/ Yoast SEO plugin. -->","yoast_head_json":{"title":"Prij\u00edmacie sk\u00fa\u0161ky na \u0161k. rok 2025\/2026 - Stredn\u00e1 zdravotn\u00edcka \u0161kola, Moyzesova 17, Ko\u0161ice","robots":{"index":"index","follow":"follow","max-snippet":"max-snippet:-1","max-image-preview":"max-image-preview:large","max-video-preview":"max-video-preview:-1"},"canonical":"https:\/\/moyzeska.sk\/index.php\/prijimacie-skusky-na-sk-rok-2025-2026\/","og_locale":"sk_SK","og_type":"article","og_title":"Prij\u00edmacie sk\u00fa\u0161ky na \u0161k. rok 2025\/2026 - Stredn\u00e1 zdravotn\u00edcka \u0161kola, Moyzesova 17, Ko\u0161ice","og_description":"Prij\u00edmacie sk\u00fa\u0161ky na vzdel\u00e1vanie v stredn\u00fdch \u0161kol\u00e1ch na \u0161kolsk\u00fd rok&nbsp;2025\/2026&nbsp;sa uskuto\u010dnia: Z\u00e1konn\u00fd z\u00e1stupca neplnolet\u00e9ho uch\u00e1dza\u010da pod\u00e1va prihl\u00e1\u0161ku na vzdel\u00e1vanie riadite\u013eovi z\u00e1kladnej \u0161koly, ktor\u00fa uch\u00e1dza\u010d nav\u0161tevuje do 20. febru\u00e1ra 2025. Riadite\u013e z\u00e1kladnej \u0161koly odo\u0161le prihl\u00e1\u0161ku na stredn\u00fa \u0161kolu\u00a0do 20. apr\u00edla 2025. Term\u00edn pre zverejnenie zoznamu uch\u00e1dza\u010dov pod\u013ea v\u00fdsledkov prij\u00edmacieho konania pre \u0161kolsk\u00fd rok 2025\/2026 je\u00a016. m\u00e1j &hellip;Zobrazi\u0165","og_url":"https:\/\/moyzeska.sk\/index.php\/prijimacie-skusky-na-sk-rok-2025-2026\/","og_site_name":"Stredn\u00e1 zdravotn\u00edcka \u0161kola, Moyzesova 17, Ko\u0161ice","article_publisher":"https:\/\/www.facebook.com\/Moyzeska","article_modified_time":"2025-01-10T08:24:08+00:00","twitter_card":"summary_large_image","twitter_misc":{"Predpokladan\u00fd \u010das \u010d\u00edtania":"1 min\u00fata"},"schema":{"@context":"https:\/\/schema.org","@graph":[{"@type":"WebPage","@id":"https:\/\/moyzeska.sk\/index.php\/prijimacie-skusky-na-sk-rok-2025-2026\/","url":"https:\/\/moyzeska.sk\/index.php\/prijimacie-skusky-na-sk-rok-2025-2026\/","name":"Prij\u00edmacie sk\u00fa\u0161ky na \u0161k. rok 2025\/2026 - Stredn\u00e1 zdravotn\u00edcka \u0161kola, Moyzesova 17, Ko\u0161ice","isPartOf":{"@id":"https:\/\/moyzeska.sk\/#website"},"datePublished":"2024-10-21T06:15:22+00:00","dateModified":"2025-01-10T08:24:08+00:00","breadcrumb":{"@id":"https:\/\/moyzeska.sk\/index.php\/prijimacie-skusky-na-sk-rok-2025-2026\/#breadcrumb"},"inLanguage":"sk-SK","potentialAction":[{"@type":"ReadAction","target":["https:\/\/moyzeska.sk\/index.php\/prijimacie-skusky-na-sk-rok-2025-2026\/"]}]},{"@type":"BreadcrumbList","@id":"https:\/\/moyzeska.sk\/index.php\/prijimacie-skusky-na-sk-rok-2025-2026\/#breadcrumb","itemListElement":[{"@type":"ListItem","position":1,"name":"Home","item":"https:\/\/moyzeska.sk\/"},{"@type":"ListItem","position":2,"name":"Prij\u00edmacie sk\u00fa\u0161ky na \u0161k. rok 2025\/2026"}]},{"@type":"WebSite","@id":"https:\/\/moyzeska.sk\/#website","url":"https:\/\/moyzeska.sk\/","name":"Stredn\u00e1 zdravotn\u00edcka \u0161kola, Moyzesova 17, Ko\u0161ice","description":"","publisher":{"@id":"https:\/\/moyzeska.sk\/#organization"},"potentialAction":[{"@type":"SearchAction","target":{"@type":"EntryPoint","urlTemplate":"https:\/\/moyzeska.sk\/?s={search_term_string}"},"query-input":"required name=search_term_string"}],"inLanguage":"sk-SK"},{"@type":"Organization","@id":"https:\/\/moyzeska.sk\/#organization","name":"Stredn\u00e1 zdravotn\u00edcka \u0161kola, Moyzesova 17, Ko\u0161ice","url":"https:\/\/moyzeska.sk\/","logo":{"@type":"ImageObject","inLanguage":"sk-SK","@id":"https:\/\/moyzeska.sk\/#\/schema\/logo\/image\/","url":"https:\/\/moyzeska.sk\/wp-content\/uploads\/2020\/09\/SZS-logo.png","contentUrl":"https:\/\/moyzeska.sk\/wp-content\/uploads\/2020\/09\/SZS-logo.png","width":300,"height":300,"caption":"Stredn\u00e1 zdravotn\u00edcka \u0161kola, Moyzesova 17, Ko\u0161ice"},"image":{"@id":"https:\/\/moyzeska.sk\/#\/schema\/logo\/image\/"},"sameAs":["https:\/\/www.facebook.com\/Moyzeska","https:\/\/www.instagram.com\/moyzeska\/"]}]}},"_links":{"self":[{"href":"https:\/\/moyzeska.sk\/index.php\/wp-json\/wp\/v2\/pages\/6474"}],"collection":[{"href":"https:\/\/moyzeska.sk\/index.php\/wp-json\/wp\/v2\/pages"}],"about":[{"href":"https:\/\/moyzeska.sk\/index.php\/wp-json\/wp\/v2\/types\/page"}],"author":[{"embeddable":true,"href":"https:\/\/moyzeska.sk\/index.php\/wp-json\/wp\/v2\/users\/1"}],"replies":[{"embeddable":true,"href":"https:\/\/moyzeska.sk\/index.php\/wp-json\/wp\/v2\/comments?post=6474"}],"version-history":[{"count":5,"href":"https:\/\/moyzeska.sk\/index.php\/wp-json\/wp\/v2\/pages\/6474\/revisions"}],"predecessor-version":[{"id":6906,"href":"https:\/\/moyzeska.sk\/index.php\/wp-json\/wp\/v2\/pages\/6474\/revisions\/6906"}],"wp:attachment":[{"href":"https:\/\/moyzeska.sk\/index.php\/wp-json\/wp\/v2\/media?parent=6474"}],"curies":[{"name":"wp","href":"https:\/\/api.w.org\/{rel}","templated":true}]}}