{"id":641,"date":"2020-10-06T08:57:16","date_gmt":"2020-10-06T06:57:16","guid":{"rendered":"https:\/\/moyzeska.sk\/?page_id=641"},"modified":"2021-10-19T07:30:41","modified_gmt":"2021-10-19T05:30:41","slug":"diplomovany-optometrista-5335-q","status":"publish","type":"page","link":"https:\/\/moyzeska.sk\/index.php\/diplomovany-optometrista-5335-q\/","title":{"rendered":"Diplomovan\u00fd optometrista (5335 Q)"},"content":{"rendered":"\n<p>Diplomovan\u00fd optometrista je vysokokvalifikovan\u00fd samostatne pracuj\u00faci odborn\u00edk v oblasti o\u010dnej optiky, optometrie a mana\u017ementu. Odborn\u00fa zlo\u017eku charakterizuje dokonal\u00e1 profesion\u00e1lna odbornos\u0165 v t\u00fdchto oblastiach: pri posudzovan\u00ed a n\u00e1vrhu okuliarov pri myopii, hypermetropii, astigmatizme, presbiopii a afakii po predch\u00e1dzaj\u00facom objekt\u00edvnom zisten\u00ed refrakcie, v objekt\u00edvnom vy\u0161etren\u00ed refrakcie a vymeriavan\u00ed potrebn\u00fdch parametrov pre aplik\u00e1ciu kontaktn\u00fdch \u0161o\u0161oviek, v zis\u0165ovan\u00ed videnia a farbocite u brancov, vodi\u010dov a zamestnancov v doprave, vo vy\u0161etrovan\u00ed rovnov\u00e1hy a binokul\u00e1rnych funkci\u00ed, kontroly a presk\u00fa\u0161avania pou\u017e\u00edvan\u00fdch o\u010dn\u00fdch pom\u00f4cok, ich prisp\u00f4sobovanie, \u00faprava a drobn\u00e9 opravy, vy\u0161etrenia s\u00favisiace s predpisovan\u00edm korek\u010dn\u00fdch pom\u00f4cok.<br>\u0160t\u00fadium odboru Diplomovan\u00fd optometrista kon\u010d\u00ed absolventskou sk\u00fa\u0161kou pod\u013ea osobitn\u00fdch pokynov stanoven\u00fdch predpismi MZ SR a M\u0160 SR, ktor\u00e1 pozost\u00e1va z obhajoby absolventskej pr\u00e1ce a teoreticko-praktickej sk\u00fa\u0161ky.<\/p>\n\n\n\n<p><strong>Uplatnenie:<\/strong><br>Absolvent \u0161tudijn\u00e9ho odboru sa uplatn\u00ed v \u0161t\u00e1tnom a ne\u0161t\u00e1tnom zdravotn\u00edckom zariaden\u00ed ako garant a mana\u017e\u00e9r odboru, ktor\u00fd hodnot\u00ed kvalitu navrhovan\u00fdch a zhotoven\u00fdch o\u010dn\u00fdch pom\u00f4cok, p\u00f4sob\u00ed ako mana\u017e\u00e9r, organizuje a podie\u013ea sa na obchodno-podnikate\u013eskej, vedecko-v\u00fdskumnej a pedagogickej \u010dinnosti v oblasti o\u010dnej optiky.<\/p>\n\n\n\n<p><strong>Podmienky prijatia:<\/strong><br>Podmienkou prijatia na \u0161t\u00fadium je minim\u00e1lne 2-ro\u010dn\u00e1 prax v odbore po ukon\u010den\u00ed \u0161t\u00fadia v \u0161tudijnom odbore o\u010dn\u00fd optik po a \u00faspe\u0161n\u00e9 absolvovanie prij\u00edmac\u00edch sk\u00fa\u0161ok.<\/p>\n\n\n\n<p>Prij\u00edmacie sk\u00fa\u0161ky sa konaj\u00fa formou p\u00edsomn\u00e9ho testu. Obsahom testu je u\u010divo z predmetov:<br>&#8211; biol\u00f3gia,<br>&#8211; fyzika,<\/p>\n\n\n\n<p>v rozsahu u\u010diva gymn\u00e1zia.<\/p>\n","protected":false},"excerpt":{"rendered":"<p>Diplomovan\u00fd optometrista je vysokokvalifikovan\u00fd samostatne pracuj\u00faci odborn\u00edk v oblasti o\u010dnej optiky, optometrie a mana\u017ementu. Odborn\u00fa zlo\u017eku charakterizuje dokonal\u00e1 profesion\u00e1lna odbornos\u0165 v t\u00fdchto oblastiach: pri posudzovan\u00ed a n\u00e1vrhu okuliarov pri myopii, hypermetropii, astigmatizme, presbiopii a afakii po predch\u00e1dzaj\u00facom objekt\u00edvnom zisten\u00ed refrakcie, v objekt\u00edvnom vy\u0161etren\u00ed refrakcie a vymeriavan\u00ed potrebn\u00fdch parametrov pre aplik\u00e1ciu kontaktn\u00fdch \u0161o\u0161oviek, v zis\u0165ovan\u00ed videnia &hellip;<br \/><a href=\"https:\/\/moyzeska.sk\/index.php\/diplomovany-optometrista-5335-q\/\" class=\"more-link pen_button pen_element_default pen_icon_arrow_double\">Zobrazi\u0165<\/a><\/p>\n","protected":false},"author":1,"featured_media":0,"parent":0,"menu_order":0,"comment_status":"closed","ping_status":"closed","template":"","meta":{"_monsterinsights_skip_tracking":false,"_monsterinsights_sitenote_active":false,"_monsterinsights_sitenote_note":"","_monsterinsights_sitenote_category":0},"yoast_head":"<!-- This site is optimized with the Yoast SEO plugin v21.8.1 - https:\/\/yoast.com\/wordpress\/plugins\/seo\/ -->\n<title>Diplomovan\u00fd optometrista (5335 Q) - Stredn\u00e1 zdravotn\u00edcka \u0161kola, Moyzesova 17, Ko\u0161ice<\/title>\n<meta name=\"robots\" content=\"index, follow, max-snippet:-1, max-image-preview:large, max-video-preview:-1\" \/>\n<link rel=\"canonical\" href=\"https:\/\/moyzeska.sk\/index.php\/diplomovany-optometrista-5335-q\/\" \/>\n<meta property=\"og:locale\" content=\"sk_SK\" \/>\n<meta property=\"og:type\" content=\"article\" \/>\n<meta property=\"og:title\" content=\"Diplomovan\u00fd optometrista (5335 Q) - Stredn\u00e1 zdravotn\u00edcka \u0161kola, Moyzesova 17, Ko\u0161ice\" \/>\n<meta property=\"og:description\" content=\"Diplomovan\u00fd optometrista je vysokokvalifikovan\u00fd samostatne pracuj\u00faci odborn\u00edk v oblasti o\u010dnej optiky, optometrie a mana\u017ementu. Odborn\u00fa zlo\u017eku charakterizuje dokonal\u00e1 profesion\u00e1lna odbornos\u0165 v t\u00fdchto oblastiach: pri posudzovan\u00ed a n\u00e1vrhu okuliarov pri myopii, hypermetropii, astigmatizme, presbiopii a afakii po predch\u00e1dzaj\u00facom objekt\u00edvnom zisten\u00ed refrakcie, v objekt\u00edvnom vy\u0161etren\u00ed refrakcie a vymeriavan\u00ed potrebn\u00fdch parametrov pre aplik\u00e1ciu kontaktn\u00fdch \u0161o\u0161oviek, v zis\u0165ovan\u00ed videnia &hellip;Zobrazi\u0165\" \/>\n<meta property=\"og:url\" content=\"https:\/\/moyzeska.sk\/index.php\/diplomovany-optometrista-5335-q\/\" \/>\n<meta property=\"og:site_name\" content=\"Stredn\u00e1 zdravotn\u00edcka \u0161kola, Moyzesova 17, Ko\u0161ice\" \/>\n<meta property=\"article:publisher\" content=\"https:\/\/www.facebook.com\/Moyzeska\" \/>\n<meta property=\"article:modified_time\" content=\"2021-10-19T05:30:41+00:00\" \/>\n<meta name=\"twitter:card\" content=\"summary_large_image\" \/>\n<meta name=\"twitter:label1\" content=\"Predpokladan\u00fd \u010das \u010d\u00edtania\" \/>\n\t<meta name=\"twitter:data1\" content=\"1 min\u00fata\" \/>\n<script type=\"application\/ld+json\" class=\"yoast-schema-graph\">{\"@context\":\"https:\/\/schema.org\",\"@graph\":[{\"@type\":\"WebPage\",\"@id\":\"https:\/\/moyzeska.sk\/index.php\/diplomovany-optometrista-5335-q\/\",\"url\":\"https:\/\/moyzeska.sk\/index.php\/diplomovany-optometrista-5335-q\/\",\"name\":\"Diplomovan\u00fd optometrista (5335 Q) - Stredn\u00e1 zdravotn\u00edcka \u0161kola, Moyzesova 17, Ko\u0161ice\",\"isPartOf\":{\"@id\":\"https:\/\/moyzeska.sk\/#website\"},\"datePublished\":\"2020-10-06T06:57:16+00:00\",\"dateModified\":\"2021-10-19T05:30:41+00:00\",\"breadcrumb\":{\"@id\":\"https:\/\/moyzeska.sk\/index.php\/diplomovany-optometrista-5335-q\/#breadcrumb\"},\"inLanguage\":\"sk-SK\",\"potentialAction\":[{\"@type\":\"ReadAction\",\"target\":[\"https:\/\/moyzeska.sk\/index.php\/diplomovany-optometrista-5335-q\/\"]}]},{\"@type\":\"BreadcrumbList\",\"@id\":\"https:\/\/moyzeska.sk\/index.php\/diplomovany-optometrista-5335-q\/#breadcrumb\",\"itemListElement\":[{\"@type\":\"ListItem\",\"position\":1,\"name\":\"Home\",\"item\":\"https:\/\/moyzeska.sk\/\"},{\"@type\":\"ListItem\",\"position\":2,\"name\":\"Diplomovan\u00fd optometrista (5335 Q)\"}]},{\"@type\":\"WebSite\",\"@id\":\"https:\/\/moyzeska.sk\/#website\",\"url\":\"https:\/\/moyzeska.sk\/\",\"name\":\"Stredn\u00e1 zdravotn\u00edcka \u0161kola, Moyzesova 17, Ko\u0161ice\",\"description\":\"\",\"publisher\":{\"@id\":\"https:\/\/moyzeska.sk\/#organization\"},\"potentialAction\":[{\"@type\":\"SearchAction\",\"target\":{\"@type\":\"EntryPoint\",\"urlTemplate\":\"https:\/\/moyzeska.sk\/?s={search_term_string}\"},\"query-input\":\"required name=search_term_string\"}],\"inLanguage\":\"sk-SK\"},{\"@type\":\"Organization\",\"@id\":\"https:\/\/moyzeska.sk\/#organization\",\"name\":\"Stredn\u00e1 zdravotn\u00edcka \u0161kola, Moyzesova 17, Ko\u0161ice\",\"url\":\"https:\/\/moyzeska.sk\/\",\"logo\":{\"@type\":\"ImageObject\",\"inLanguage\":\"sk-SK\",\"@id\":\"https:\/\/moyzeska.sk\/#\/schema\/logo\/image\/\",\"url\":\"https:\/\/moyzeska.sk\/wp-content\/uploads\/2020\/09\/SZS-logo.png\",\"contentUrl\":\"https:\/\/moyzeska.sk\/wp-content\/uploads\/2020\/09\/SZS-logo.png\",\"width\":300,\"height\":300,\"caption\":\"Stredn\u00e1 zdravotn\u00edcka \u0161kola, Moyzesova 17, Ko\u0161ice\"},\"image\":{\"@id\":\"https:\/\/moyzeska.sk\/#\/schema\/logo\/image\/\"},\"sameAs\":[\"https:\/\/www.facebook.com\/Moyzeska\",\"https:\/\/www.instagram.com\/moyzeska\/\"]}]}<\/script>\n<!-- \/ Yoast SEO plugin. -->","yoast_head_json":{"title":"Diplomovan\u00fd optometrista (5335 Q) - Stredn\u00e1 zdravotn\u00edcka \u0161kola, Moyzesova 17, Ko\u0161ice","robots":{"index":"index","follow":"follow","max-snippet":"max-snippet:-1","max-image-preview":"max-image-preview:large","max-video-preview":"max-video-preview:-1"},"canonical":"https:\/\/moyzeska.sk\/index.php\/diplomovany-optometrista-5335-q\/","og_locale":"sk_SK","og_type":"article","og_title":"Diplomovan\u00fd optometrista (5335 Q) - Stredn\u00e1 zdravotn\u00edcka \u0161kola, Moyzesova 17, Ko\u0161ice","og_description":"Diplomovan\u00fd optometrista je vysokokvalifikovan\u00fd samostatne pracuj\u00faci odborn\u00edk v oblasti o\u010dnej optiky, optometrie a mana\u017ementu. Odborn\u00fa zlo\u017eku charakterizuje dokonal\u00e1 profesion\u00e1lna odbornos\u0165 v t\u00fdchto oblastiach: pri posudzovan\u00ed a n\u00e1vrhu okuliarov pri myopii, hypermetropii, astigmatizme, presbiopii a afakii po predch\u00e1dzaj\u00facom objekt\u00edvnom zisten\u00ed refrakcie, v objekt\u00edvnom vy\u0161etren\u00ed refrakcie a vymeriavan\u00ed potrebn\u00fdch parametrov pre aplik\u00e1ciu kontaktn\u00fdch \u0161o\u0161oviek, v zis\u0165ovan\u00ed videnia &hellip;Zobrazi\u0165","og_url":"https:\/\/moyzeska.sk\/index.php\/diplomovany-optometrista-5335-q\/","og_site_name":"Stredn\u00e1 zdravotn\u00edcka \u0161kola, Moyzesova 17, Ko\u0161ice","article_publisher":"https:\/\/www.facebook.com\/Moyzeska","article_modified_time":"2021-10-19T05:30:41+00:00","twitter_card":"summary_large_image","twitter_misc":{"Predpokladan\u00fd \u010das \u010d\u00edtania":"1 min\u00fata"},"schema":{"@context":"https:\/\/schema.org","@graph":[{"@type":"WebPage","@id":"https:\/\/moyzeska.sk\/index.php\/diplomovany-optometrista-5335-q\/","url":"https:\/\/moyzeska.sk\/index.php\/diplomovany-optometrista-5335-q\/","name":"Diplomovan\u00fd optometrista (5335 Q) - Stredn\u00e1 zdravotn\u00edcka \u0161kola, Moyzesova 17, Ko\u0161ice","isPartOf":{"@id":"https:\/\/moyzeska.sk\/#website"},"datePublished":"2020-10-06T06:57:16+00:00","dateModified":"2021-10-19T05:30:41+00:00","breadcrumb":{"@id":"https:\/\/moyzeska.sk\/index.php\/diplomovany-optometrista-5335-q\/#breadcrumb"},"inLanguage":"sk-SK","potentialAction":[{"@type":"ReadAction","target":["https:\/\/moyzeska.sk\/index.php\/diplomovany-optometrista-5335-q\/"]}]},{"@type":"BreadcrumbList","@id":"https:\/\/moyzeska.sk\/index.php\/diplomovany-optometrista-5335-q\/#breadcrumb","itemListElement":[{"@type":"ListItem","position":1,"name":"Home","item":"https:\/\/moyzeska.sk\/"},{"@type":"ListItem","position":2,"name":"Diplomovan\u00fd optometrista (5335 Q)"}]},{"@type":"WebSite","@id":"https:\/\/moyzeska.sk\/#website","url":"https:\/\/moyzeska.sk\/","name":"Stredn\u00e1 zdravotn\u00edcka \u0161kola, Moyzesova 17, Ko\u0161ice","description":"","publisher":{"@id":"https:\/\/moyzeska.sk\/#organization"},"potentialAction":[{"@type":"SearchAction","target":{"@type":"EntryPoint","urlTemplate":"https:\/\/moyzeska.sk\/?s={search_term_string}"},"query-input":"required name=search_term_string"}],"inLanguage":"sk-SK"},{"@type":"Organization","@id":"https:\/\/moyzeska.sk\/#organization","name":"Stredn\u00e1 zdravotn\u00edcka \u0161kola, Moyzesova 17, Ko\u0161ice","url":"https:\/\/moyzeska.sk\/","logo":{"@type":"ImageObject","inLanguage":"sk-SK","@id":"https:\/\/moyzeska.sk\/#\/schema\/logo\/image\/","url":"https:\/\/moyzeska.sk\/wp-content\/uploads\/2020\/09\/SZS-logo.png","contentUrl":"https:\/\/moyzeska.sk\/wp-content\/uploads\/2020\/09\/SZS-logo.png","width":300,"height":300,"caption":"Stredn\u00e1 zdravotn\u00edcka \u0161kola, Moyzesova 17, Ko\u0161ice"},"image":{"@id":"https:\/\/moyzeska.sk\/#\/schema\/logo\/image\/"},"sameAs":["https:\/\/www.facebook.com\/Moyzeska","https:\/\/www.instagram.com\/moyzeska\/"]}]}},"_links":{"self":[{"href":"https:\/\/moyzeska.sk\/index.php\/wp-json\/wp\/v2\/pages\/641"}],"collection":[{"href":"https:\/\/moyzeska.sk\/index.php\/wp-json\/wp\/v2\/pages"}],"about":[{"href":"https:\/\/moyzeska.sk\/index.php\/wp-json\/wp\/v2\/types\/page"}],"author":[{"embeddable":true,"href":"https:\/\/moyzeska.sk\/index.php\/wp-json\/wp\/v2\/users\/1"}],"replies":[{"embeddable":true,"href":"https:\/\/moyzeska.sk\/index.php\/wp-json\/wp\/v2\/comments?post=641"}],"version-history":[{"count":4,"href":"https:\/\/moyzeska.sk\/index.php\/wp-json\/wp\/v2\/pages\/641\/revisions"}],"predecessor-version":[{"id":3032,"href":"https:\/\/moyzeska.sk\/index.php\/wp-json\/wp\/v2\/pages\/641\/revisions\/3032"}],"wp:attachment":[{"href":"https:\/\/moyzeska.sk\/index.php\/wp-json\/wp\/v2\/media?parent=641"}],"curies":[{"name":"wp","href":"https:\/\/api.w.org\/{rel}","templated":true}]}}