{"id":619,"date":"2020-10-06T07:58:03","date_gmt":"2020-10-06T05:58:03","guid":{"rendered":"https:\/\/moyzeska.sk\/?page_id=619"},"modified":"2024-10-03T08:42:39","modified_gmt":"2024-10-03T06:42:39","slug":"profil-verejneho-obstaravatela","status":"publish","type":"page","link":"https:\/\/moyzeska.sk\/index.php\/profil-verejneho-obstaravatela\/","title":{"rendered":"Profil verejn\u00e9ho obstar\u00e1vate\u013ea"},"content":{"rendered":"\n<p><strong>N\u00e1zov organiz\u00e1cie:<\/strong> <em>Stredn\u00e1 zdravotn\u00edcka \u0161kola, Moyzesova 17, Ko\u0161ice<\/em><\/p>\n\n\n\n<p><strong>S\u00eddlo:<\/strong> <em>Moyzesova 17, 040 01 Ko\u0161ice<\/em><\/p>\n\n\n\n<p><strong>I\u010cO:<\/strong> <em>00606766<\/em><\/p>\n\n\n\n<p><strong>DI\u010c:<\/strong> <em>2020777891<\/em><\/p>\n\n\n\n<p><strong>IBAN:<\/strong> <em>SK73 8180 0000 0070 0018 8746<\/em><\/p>\n\n\n\n<p><strong>SWIFT:<\/strong> <em>SPSRSKBA<\/em><\/p>\n\n\n\n<p><strong>\u0160tatut\u00e1rny z\u00e1stupca:<\/strong> <em>PhDr. Karol\u00edna Vranaiov\u00e1, PhD. MBA \u2013 riadite\u013eka \u0161koly<\/em><\/p>\n\n\n\n<p><strong>Telef\u00f3n:<\/strong> <em>+421 55 62 211 89<\/em><\/p>\n\n\n\n<p><strong>Web:  <\/strong><a href=\"http:\/\/www.moyzeska.sk\" target=\"_blank\" rel=\"noreferrer noopener\"><u>www.moyzeska.sk<\/u><\/a><\/p>\n\n\n\n<p><strong>Profil verejn\u00e9ho obstar\u00e1vate\u013ea na \u00daVO:  <\/strong><a rel=\"noreferrer noopener\" href=\"https:\/\/www.uvo.gov.sk\/vyhladavanie-profilov\/detail\/1301\" target=\"_blank\"><u>Profil<\/u><\/a><\/p>\n\n\n\n<p>Stredn\u00e1 zdravotn\u00edcka \u0161kola, Moyzesova 17, Ko\u0161ice je verejn\u00fdm obstar\u00e1vate\u013eom pod\u013ea \u00a7 7 ods. 1 p\u00edsm. d) z\u00e1kona \u010d. 343\/2015 Z. z. o verejnom obstar\u00e1van\u00ed v znen\u00ed neskor\u0161\u00edch predpisov (\u010falej len Z\u00e1kon o VO).<\/p>\n\n\n\n<p>Zad\u00e1vanie z\u00e1kaziek na dodanie tovarov, poskytovanie slu\u017eieb a uskuto\u010d\u0148ovanie stavebn\u00fdch pr\u00e1c realizuje verejn\u00fd obstar\u00e1vate\u013e v s\u00falade s platn\u00fdm Z\u00e1konom o VO.<\/p>\n\n\n\n<p>Verejn\u00e9 obstar\u00e1vanie realizuje pod\u013ea harmonogramu verejn\u00e9ho obstar\u00e1vania na pr\u00edslu\u0161n\u00fd kalend\u00e1rny rok, pr\u00edpadne pod\u013ea osobitn\u00fdch po\u017eiadaviek.<\/p>\n\n\n\n<p>V opodstatnen\u00fdch pr\u00edpadoch zabezpe\u010duj\u00fa verejn\u00e9 obstar\u00e1vanie poveren\u00e9 odborne sp\u00f4sobil\u00e9 osoby na verejn\u00e9 obstar\u00e1vanie v spolupr\u00e1ci so zamestnancami Strednej zdravotn\u00edckej \u0161koly, Moyzesova 17, Ko\u0161ice<\/p>\n\n\n\n<p>Proces verejn\u00e9ho obstar\u00e1vania je podrobnej\u0161ie upraven\u00fd internou smernicou o postupe pri verejnom obstar\u00e1van\u00ed.<\/p>\n\n\n\n<p>Verejn\u00fd obstar\u00e1vate\u013e \u2013 Stredn\u00e1 zdravotn\u00edcka \u0161kola, Moyzesova 17, Ko\u0161ice je povinn\u00fd pod\u013ea z\u00e1kona \u010d. 343\/2015 Z. z. o verejnom obstar\u00e1van\u00ed a o zmene a doplnen\u00ed niektor\u00fdch z\u00e1konov v znen\u00ed neskor\u0161\u00edch predpisov z\u00e1kazky v zmysle citovan\u00e9ho z\u00e1kona zverej\u0148ova\u0165 v Profile verejn\u00e9ho obstar\u00e1vate\u013ea, ktor\u00fd sa nach\u00e1dza na webovej str\u00e1nke \u00daradu pre verejn\u00e9 obstar\u00e1vanie: S\u00fahrnn\u00e9 \u0161tvr\u0165ro\u010dn\u00e9 spr\u00e1vy s\u00fa zverejnen\u00e9 na str\u00e1nke <a href=\"https:\/\/www.uvo.gov.sk\/vyhladavanie-profilov\/dokumenty\/1301\" target=\"_blank\" rel=\"noreferrer noopener\"><u>\u00daVO<\/u><\/a>.<\/p>\n","protected":false},"excerpt":{"rendered":"<p>N\u00e1zov organiz\u00e1cie: Stredn\u00e1 zdravotn\u00edcka \u0161kola, Moyzesova 17, Ko\u0161ice S\u00eddlo: Moyzesova 17, 040 01 Ko\u0161ice I\u010cO: 00606766 DI\u010c: 2020777891 IBAN: SK73 8180 0000 0070 0018 8746 SWIFT: SPSRSKBA \u0160tatut\u00e1rny z\u00e1stupca: PhDr. Karol\u00edna Vranaiov\u00e1, PhD. MBA \u2013 riadite\u013eka \u0161koly Telef\u00f3n: +421 55 62 211 89 Web: www.moyzeska.sk Profil verejn\u00e9ho obstar\u00e1vate\u013ea na \u00daVO: Profil Stredn\u00e1 zdravotn\u00edcka \u0161kola, Moyzesova &hellip;<br \/><a href=\"https:\/\/moyzeska.sk\/index.php\/profil-verejneho-obstaravatela\/\" class=\"more-link pen_button pen_element_default pen_icon_arrow_double\">Zobrazi\u0165<\/a><\/p>\n","protected":false},"author":1,"featured_media":0,"parent":0,"menu_order":0,"comment_status":"closed","ping_status":"closed","template":"","meta":{"_monsterinsights_skip_tracking":false,"_monsterinsights_sitenote_active":false,"_monsterinsights_sitenote_note":"","_monsterinsights_sitenote_category":0},"yoast_head":"<!-- This site is optimized with the Yoast SEO plugin v21.8.1 - https:\/\/yoast.com\/wordpress\/plugins\/seo\/ -->\n<title>Profil verejn\u00e9ho obstar\u00e1vate\u013ea - Stredn\u00e1 zdravotn\u00edcka \u0161kola, Moyzesova 17, Ko\u0161ice<\/title>\n<meta name=\"robots\" content=\"index, follow, max-snippet:-1, max-image-preview:large, max-video-preview:-1\" \/>\n<link rel=\"canonical\" href=\"https:\/\/moyzeska.sk\/index.php\/profil-verejneho-obstaravatela\/\" \/>\n<meta property=\"og:locale\" content=\"sk_SK\" \/>\n<meta property=\"og:type\" content=\"article\" \/>\n<meta property=\"og:title\" content=\"Profil verejn\u00e9ho obstar\u00e1vate\u013ea - Stredn\u00e1 zdravotn\u00edcka \u0161kola, Moyzesova 17, Ko\u0161ice\" \/>\n<meta property=\"og:description\" content=\"N\u00e1zov organiz\u00e1cie: Stredn\u00e1 zdravotn\u00edcka \u0161kola, Moyzesova 17, Ko\u0161ice S\u00eddlo: Moyzesova 17, 040 01 Ko\u0161ice I\u010cO: 00606766 DI\u010c: 2020777891 IBAN: SK73 8180 0000 0070 0018 8746 SWIFT: SPSRSKBA \u0160tatut\u00e1rny z\u00e1stupca: PhDr. Karol\u00edna Vranaiov\u00e1, PhD. MBA \u2013 riadite\u013eka \u0161koly Telef\u00f3n: +421 55 62 211 89 Web: www.moyzeska.sk Profil verejn\u00e9ho obstar\u00e1vate\u013ea na \u00daVO: Profil Stredn\u00e1 zdravotn\u00edcka \u0161kola, Moyzesova &hellip;Zobrazi\u0165\" \/>\n<meta property=\"og:url\" content=\"https:\/\/moyzeska.sk\/index.php\/profil-verejneho-obstaravatela\/\" \/>\n<meta property=\"og:site_name\" content=\"Stredn\u00e1 zdravotn\u00edcka \u0161kola, Moyzesova 17, Ko\u0161ice\" \/>\n<meta property=\"article:publisher\" content=\"https:\/\/www.facebook.com\/Moyzeska\" \/>\n<meta property=\"article:modified_time\" content=\"2024-10-03T06:42:39+00:00\" \/>\n<meta name=\"twitter:card\" content=\"summary_large_image\" \/>\n<meta name=\"twitter:label1\" content=\"Predpokladan\u00fd \u010das \u010d\u00edtania\" \/>\n\t<meta name=\"twitter:data1\" content=\"2 min\u00faty\" \/>\n<script type=\"application\/ld+json\" class=\"yoast-schema-graph\">{\"@context\":\"https:\/\/schema.org\",\"@graph\":[{\"@type\":\"WebPage\",\"@id\":\"https:\/\/moyzeska.sk\/index.php\/profil-verejneho-obstaravatela\/\",\"url\":\"https:\/\/moyzeska.sk\/index.php\/profil-verejneho-obstaravatela\/\",\"name\":\"Profil verejn\u00e9ho obstar\u00e1vate\u013ea - Stredn\u00e1 zdravotn\u00edcka \u0161kola, Moyzesova 17, Ko\u0161ice\",\"isPartOf\":{\"@id\":\"https:\/\/moyzeska.sk\/#website\"},\"datePublished\":\"2020-10-06T05:58:03+00:00\",\"dateModified\":\"2024-10-03T06:42:39+00:00\",\"breadcrumb\":{\"@id\":\"https:\/\/moyzeska.sk\/index.php\/profil-verejneho-obstaravatela\/#breadcrumb\"},\"inLanguage\":\"sk-SK\",\"potentialAction\":[{\"@type\":\"ReadAction\",\"target\":[\"https:\/\/moyzeska.sk\/index.php\/profil-verejneho-obstaravatela\/\"]}]},{\"@type\":\"BreadcrumbList\",\"@id\":\"https:\/\/moyzeska.sk\/index.php\/profil-verejneho-obstaravatela\/#breadcrumb\",\"itemListElement\":[{\"@type\":\"ListItem\",\"position\":1,\"name\":\"Home\",\"item\":\"https:\/\/moyzeska.sk\/\"},{\"@type\":\"ListItem\",\"position\":2,\"name\":\"Profil verejn\u00e9ho obstar\u00e1vate\u013ea\"}]},{\"@type\":\"WebSite\",\"@id\":\"https:\/\/moyzeska.sk\/#website\",\"url\":\"https:\/\/moyzeska.sk\/\",\"name\":\"Stredn\u00e1 zdravotn\u00edcka \u0161kola, Moyzesova 17, Ko\u0161ice\",\"description\":\"\",\"publisher\":{\"@id\":\"https:\/\/moyzeska.sk\/#organization\"},\"potentialAction\":[{\"@type\":\"SearchAction\",\"target\":{\"@type\":\"EntryPoint\",\"urlTemplate\":\"https:\/\/moyzeska.sk\/?s={search_term_string}\"},\"query-input\":\"required name=search_term_string\"}],\"inLanguage\":\"sk-SK\"},{\"@type\":\"Organization\",\"@id\":\"https:\/\/moyzeska.sk\/#organization\",\"name\":\"Stredn\u00e1 zdravotn\u00edcka \u0161kola, Moyzesova 17, Ko\u0161ice\",\"url\":\"https:\/\/moyzeska.sk\/\",\"logo\":{\"@type\":\"ImageObject\",\"inLanguage\":\"sk-SK\",\"@id\":\"https:\/\/moyzeska.sk\/#\/schema\/logo\/image\/\",\"url\":\"https:\/\/moyzeska.sk\/wp-content\/uploads\/2020\/09\/SZS-logo.png\",\"contentUrl\":\"https:\/\/moyzeska.sk\/wp-content\/uploads\/2020\/09\/SZS-logo.png\",\"width\":300,\"height\":300,\"caption\":\"Stredn\u00e1 zdravotn\u00edcka \u0161kola, Moyzesova 17, Ko\u0161ice\"},\"image\":{\"@id\":\"https:\/\/moyzeska.sk\/#\/schema\/logo\/image\/\"},\"sameAs\":[\"https:\/\/www.facebook.com\/Moyzeska\",\"https:\/\/www.instagram.com\/moyzeska\/\"]}]}<\/script>\n<!-- \/ Yoast SEO plugin. -->","yoast_head_json":{"title":"Profil verejn\u00e9ho obstar\u00e1vate\u013ea - Stredn\u00e1 zdravotn\u00edcka \u0161kola, Moyzesova 17, Ko\u0161ice","robots":{"index":"index","follow":"follow","max-snippet":"max-snippet:-1","max-image-preview":"max-image-preview:large","max-video-preview":"max-video-preview:-1"},"canonical":"https:\/\/moyzeska.sk\/index.php\/profil-verejneho-obstaravatela\/","og_locale":"sk_SK","og_type":"article","og_title":"Profil verejn\u00e9ho obstar\u00e1vate\u013ea - Stredn\u00e1 zdravotn\u00edcka \u0161kola, Moyzesova 17, Ko\u0161ice","og_description":"N\u00e1zov organiz\u00e1cie: Stredn\u00e1 zdravotn\u00edcka \u0161kola, Moyzesova 17, Ko\u0161ice S\u00eddlo: Moyzesova 17, 040 01 Ko\u0161ice I\u010cO: 00606766 DI\u010c: 2020777891 IBAN: SK73 8180 0000 0070 0018 8746 SWIFT: SPSRSKBA \u0160tatut\u00e1rny z\u00e1stupca: PhDr. Karol\u00edna Vranaiov\u00e1, PhD. MBA \u2013 riadite\u013eka \u0161koly Telef\u00f3n: +421 55 62 211 89 Web: www.moyzeska.sk Profil verejn\u00e9ho obstar\u00e1vate\u013ea na \u00daVO: Profil Stredn\u00e1 zdravotn\u00edcka \u0161kola, Moyzesova &hellip;Zobrazi\u0165","og_url":"https:\/\/moyzeska.sk\/index.php\/profil-verejneho-obstaravatela\/","og_site_name":"Stredn\u00e1 zdravotn\u00edcka \u0161kola, Moyzesova 17, Ko\u0161ice","article_publisher":"https:\/\/www.facebook.com\/Moyzeska","article_modified_time":"2024-10-03T06:42:39+00:00","twitter_card":"summary_large_image","twitter_misc":{"Predpokladan\u00fd \u010das \u010d\u00edtania":"2 min\u00faty"},"schema":{"@context":"https:\/\/schema.org","@graph":[{"@type":"WebPage","@id":"https:\/\/moyzeska.sk\/index.php\/profil-verejneho-obstaravatela\/","url":"https:\/\/moyzeska.sk\/index.php\/profil-verejneho-obstaravatela\/","name":"Profil verejn\u00e9ho obstar\u00e1vate\u013ea - Stredn\u00e1 zdravotn\u00edcka \u0161kola, Moyzesova 17, Ko\u0161ice","isPartOf":{"@id":"https:\/\/moyzeska.sk\/#website"},"datePublished":"2020-10-06T05:58:03+00:00","dateModified":"2024-10-03T06:42:39+00:00","breadcrumb":{"@id":"https:\/\/moyzeska.sk\/index.php\/profil-verejneho-obstaravatela\/#breadcrumb"},"inLanguage":"sk-SK","potentialAction":[{"@type":"ReadAction","target":["https:\/\/moyzeska.sk\/index.php\/profil-verejneho-obstaravatela\/"]}]},{"@type":"BreadcrumbList","@id":"https:\/\/moyzeska.sk\/index.php\/profil-verejneho-obstaravatela\/#breadcrumb","itemListElement":[{"@type":"ListItem","position":1,"name":"Home","item":"https:\/\/moyzeska.sk\/"},{"@type":"ListItem","position":2,"name":"Profil verejn\u00e9ho obstar\u00e1vate\u013ea"}]},{"@type":"WebSite","@id":"https:\/\/moyzeska.sk\/#website","url":"https:\/\/moyzeska.sk\/","name":"Stredn\u00e1 zdravotn\u00edcka \u0161kola, Moyzesova 17, Ko\u0161ice","description":"","publisher":{"@id":"https:\/\/moyzeska.sk\/#organization"},"potentialAction":[{"@type":"SearchAction","target":{"@type":"EntryPoint","urlTemplate":"https:\/\/moyzeska.sk\/?s={search_term_string}"},"query-input":"required name=search_term_string"}],"inLanguage":"sk-SK"},{"@type":"Organization","@id":"https:\/\/moyzeska.sk\/#organization","name":"Stredn\u00e1 zdravotn\u00edcka \u0161kola, Moyzesova 17, Ko\u0161ice","url":"https:\/\/moyzeska.sk\/","logo":{"@type":"ImageObject","inLanguage":"sk-SK","@id":"https:\/\/moyzeska.sk\/#\/schema\/logo\/image\/","url":"https:\/\/moyzeska.sk\/wp-content\/uploads\/2020\/09\/SZS-logo.png","contentUrl":"https:\/\/moyzeska.sk\/wp-content\/uploads\/2020\/09\/SZS-logo.png","width":300,"height":300,"caption":"Stredn\u00e1 zdravotn\u00edcka \u0161kola, Moyzesova 17, Ko\u0161ice"},"image":{"@id":"https:\/\/moyzeska.sk\/#\/schema\/logo\/image\/"},"sameAs":["https:\/\/www.facebook.com\/Moyzeska","https:\/\/www.instagram.com\/moyzeska\/"]}]}},"_links":{"self":[{"href":"https:\/\/moyzeska.sk\/index.php\/wp-json\/wp\/v2\/pages\/619"}],"collection":[{"href":"https:\/\/moyzeska.sk\/index.php\/wp-json\/wp\/v2\/pages"}],"about":[{"href":"https:\/\/moyzeska.sk\/index.php\/wp-json\/wp\/v2\/types\/page"}],"author":[{"embeddable":true,"href":"https:\/\/moyzeska.sk\/index.php\/wp-json\/wp\/v2\/users\/1"}],"replies":[{"embeddable":true,"href":"https:\/\/moyzeska.sk\/index.php\/wp-json\/wp\/v2\/comments?post=619"}],"version-history":[{"count":6,"href":"https:\/\/moyzeska.sk\/index.php\/wp-json\/wp\/v2\/pages\/619\/revisions"}],"predecessor-version":[{"id":6305,"href":"https:\/\/moyzeska.sk\/index.php\/wp-json\/wp\/v2\/pages\/619\/revisions\/6305"}],"wp:attachment":[{"href":"https:\/\/moyzeska.sk\/index.php\/wp-json\/wp\/v2\/media?parent=619"}],"curies":[{"name":"wp","href":"https:\/\/api.w.org\/{rel}","templated":true}]}}