{"id":569,"date":"2020-10-05T11:32:58","date_gmt":"2020-10-05T09:32:58","guid":{"rendered":"http:\/\/moyzeska.sk\/?page_id=569"},"modified":"2025-10-09T13:39:05","modified_gmt":"2025-10-09T11:39:05","slug":"triednictvo","status":"publish","type":"page","link":"https:\/\/moyzeska.sk\/index.php\/triednictvo\/","title":{"rendered":"Triednictvo"},"content":{"rendered":"\n<figure class=\"wp-block-table aligncenter\"><table><thead><tr><th class=\"has-text-align-left\" data-align=\"left\">Trieda<\/th><th class=\"has-text-align-left\" data-align=\"left\">Triedny u\u010dite\u013e<\/th><\/tr><\/thead><tbody><tr><td class=\"has-text-align-left\" data-align=\"left\">I. AV<\/td><td class=\"has-text-align-left\" data-align=\"left\"><em>PhDr. Iveta Voz\u00e1rov\u00e1<\/em><\/td><\/tr><tr><td class=\"has-text-align-left\" data-align=\"left\">I. FL<\/td><td class=\"has-text-align-left\" data-align=\"left\"><em>Mgr. Bernadeta Gajdo\u0161ov\u00e1<\/em><\/td><\/tr><tr><td class=\"has-text-align-left\" data-align=\"left\">I. OO<\/td><td class=\"has-text-align-left\" data-align=\"left\"><em>PaedDr. Diana Meckov\u00e1<\/em><\/td><\/tr><tr><td class=\"has-text-align-left\" data-align=\"left\">I. ZL<\/td><td class=\"has-text-align-left\" data-align=\"left\"><em>Mgr. Alena Sobekov\u00e1<\/em><\/td><\/tr><tr><td class=\"has-text-align-left\" data-align=\"left\">I. ZuA<\/td><td class=\"has-text-align-left\" data-align=\"left\"><em>Inna Rodovych<\/em><\/td><\/tr><tr><td class=\"has-text-align-left\" data-align=\"left\">II. AV\/ZuA<\/td><td class=\"has-text-align-left\" data-align=\"left\"><em>Mgr. Milena V\u00fdrostov\u00e1<\/em><\/td><\/tr><tr><td class=\"has-text-align-left\" data-align=\"left\">II. FL<\/td><td class=\"has-text-align-left\" data-align=\"left\"><em>Mgr. Lenka B\u00e1lintov\u00e1<\/em><\/td><\/tr><tr><td class=\"has-text-align-left\" data-align=\"left\">II. OO<\/td><td class=\"has-text-align-left\" data-align=\"left\"><em>Ing. X\u00e9nia Bre\u010dkov\u00e1<\/em><\/td><\/tr><tr><td class=\"has-text-align-left\" data-align=\"left\">II. ZL<\/td><td class=\"has-text-align-left\" data-align=\"left\"><em>RNDr. Henrieta Abdi<\/em><\/td><\/tr><tr><td class=\"has-text-align-left\" data-align=\"left\">III. FL<\/td><td class=\"has-text-align-left\" data-align=\"left\"><em>PharmDr. L\u00edvia Sch\u00f6nov\u00e1, PhD<\/em><\/td><\/tr><tr><td class=\"has-text-align-left\" data-align=\"left\">III. OO<\/td><td class=\"has-text-align-left\" data-align=\"left\"><em>Ing. Martin Bre\u010dko<\/em><\/td><\/tr><tr><td class=\"has-text-align-left\" data-align=\"left\">III. ZL<\/td><td class=\"has-text-align-left\" data-align=\"left\"><em>RNDr. Silvia \u010cornani\u010dov\u00e1<\/em><\/td><\/tr><tr><td class=\"has-text-align-left\" data-align=\"left\">III. ZuA<\/td><td class=\"has-text-align-left\" data-align=\"left\"><em>Mgr. Eva Babecov\u00e1<\/em><\/td><\/tr><tr><td class=\"has-text-align-left\" data-align=\"left\">IV. FL<\/td><td class=\"has-text-align-left\" data-align=\"left\"><em>PhDr. Viera Rusinkov\u00e1<\/em><\/td><\/tr><tr><td class=\"has-text-align-left\" data-align=\"left\">IV. ZL<\/td><td class=\"has-text-align-left\" data-align=\"left\"><em>RNDr. Ingrid \u0160najderov\u00e1<\/em><\/td><\/tr><tr><td class=\"has-text-align-left\" data-align=\"left\">IV. OO<\/td><td class=\"has-text-align-left\" data-align=\"left\"><em>Mgr. Eva G\u00f6blov\u00e1<\/em><\/td><\/tr><tr><td class=\"has-text-align-left\" data-align=\"left\">IV. ZuA<\/td><td class=\"has-text-align-left\" data-align=\"left\"><em>Mgr. Timea Cocu\u013eov\u00e1<\/em><\/td><\/tr><tr><td class=\"has-text-align-left\" data-align=\"left\">II. ZT<\/td><td class=\"has-text-align-left\" data-align=\"left\"><em>Mgr. Darina Burikov\u00e1<\/em><\/td><\/tr><tr><td class=\"has-text-align-left\" data-align=\"left\">II. DRA<\/td><td class=\"has-text-align-left\" data-align=\"left\"><em>MUDr. Vikt\u00f3ria Hamr\u00e1kov\u00e1<\/em><\/td><\/tr><\/tbody><\/table><\/figure>\n","protected":false},"excerpt":{"rendered":"<p>Trieda Triedny u\u010dite\u013e I. AV PhDr. Iveta Voz\u00e1rov\u00e1 I. FL Mgr. Bernadeta Gajdo\u0161ov\u00e1 I. OO PaedDr. Diana Meckov\u00e1 I. ZL Mgr. Alena Sobekov\u00e1 I. ZuA Inna Rodovych II. AV\/ZuA Mgr. Milena V\u00fdrostov\u00e1 II. FL Mgr. Lenka B\u00e1lintov\u00e1 II. OO Ing. X\u00e9nia Bre\u010dkov\u00e1 II. ZL RNDr. Henrieta Abdi III. FL PharmDr. L\u00edvia Sch\u00f6nov\u00e1, PhD III. OO &hellip;<br \/><a href=\"https:\/\/moyzeska.sk\/index.php\/triednictvo\/\" class=\"more-link pen_button pen_element_default pen_icon_arrow_double\">Zobrazi\u0165<\/a><\/p>\n","protected":false},"author":1,"featured_media":0,"parent":0,"menu_order":0,"comment_status":"closed","ping_status":"closed","template":"","meta":{"_monsterinsights_skip_tracking":false,"_monsterinsights_sitenote_active":false,"_monsterinsights_sitenote_note":"","_monsterinsights_sitenote_category":0},"yoast_head":"<!-- This site is optimized with the Yoast SEO plugin v21.8.1 - https:\/\/yoast.com\/wordpress\/plugins\/seo\/ -->\n<title>Triednictvo - Stredn\u00e1 zdravotn\u00edcka \u0161kola, Moyzesova 17, Ko\u0161ice<\/title>\n<meta name=\"robots\" content=\"index, follow, max-snippet:-1, max-image-preview:large, max-video-preview:-1\" \/>\n<link rel=\"canonical\" href=\"https:\/\/moyzeska.sk\/index.php\/triednictvo\/\" \/>\n<meta property=\"og:locale\" content=\"sk_SK\" \/>\n<meta property=\"og:type\" content=\"article\" \/>\n<meta property=\"og:title\" content=\"Triednictvo - Stredn\u00e1 zdravotn\u00edcka \u0161kola, Moyzesova 17, Ko\u0161ice\" \/>\n<meta property=\"og:description\" content=\"Trieda Triedny u\u010dite\u013e I. AV PhDr. Iveta Voz\u00e1rov\u00e1 I. FL Mgr. Bernadeta Gajdo\u0161ov\u00e1 I. OO PaedDr. Diana Meckov\u00e1 I. ZL Mgr. Alena Sobekov\u00e1 I. ZuA Inna Rodovych II. AV\/ZuA Mgr. Milena V\u00fdrostov\u00e1 II. FL Mgr. Lenka B\u00e1lintov\u00e1 II. OO Ing. X\u00e9nia Bre\u010dkov\u00e1 II. ZL RNDr. Henrieta Abdi III. FL PharmDr. L\u00edvia Sch\u00f6nov\u00e1, PhD III. OO &hellip;Zobrazi\u0165\" \/>\n<meta property=\"og:url\" content=\"https:\/\/moyzeska.sk\/index.php\/triednictvo\/\" \/>\n<meta property=\"og:site_name\" content=\"Stredn\u00e1 zdravotn\u00edcka \u0161kola, Moyzesova 17, Ko\u0161ice\" \/>\n<meta property=\"article:publisher\" content=\"https:\/\/www.facebook.com\/Moyzeska\" \/>\n<meta property=\"article:modified_time\" content=\"2025-10-09T11:39:05+00:00\" \/>\n<meta name=\"twitter:card\" content=\"summary_large_image\" \/>\n<meta name=\"twitter:label1\" content=\"Predpokladan\u00fd \u010das \u010d\u00edtania\" \/>\n\t<meta name=\"twitter:data1\" content=\"1 min\u00fata\" \/>\n<script type=\"application\/ld+json\" class=\"yoast-schema-graph\">{\"@context\":\"https:\/\/schema.org\",\"@graph\":[{\"@type\":\"WebPage\",\"@id\":\"https:\/\/moyzeska.sk\/index.php\/triednictvo\/\",\"url\":\"https:\/\/moyzeska.sk\/index.php\/triednictvo\/\",\"name\":\"Triednictvo - Stredn\u00e1 zdravotn\u00edcka \u0161kola, Moyzesova 17, Ko\u0161ice\",\"isPartOf\":{\"@id\":\"https:\/\/moyzeska.sk\/#website\"},\"datePublished\":\"2020-10-05T09:32:58+00:00\",\"dateModified\":\"2025-10-09T11:39:05+00:00\",\"breadcrumb\":{\"@id\":\"https:\/\/moyzeska.sk\/index.php\/triednictvo\/#breadcrumb\"},\"inLanguage\":\"sk-SK\",\"potentialAction\":[{\"@type\":\"ReadAction\",\"target\":[\"https:\/\/moyzeska.sk\/index.php\/triednictvo\/\"]}]},{\"@type\":\"BreadcrumbList\",\"@id\":\"https:\/\/moyzeska.sk\/index.php\/triednictvo\/#breadcrumb\",\"itemListElement\":[{\"@type\":\"ListItem\",\"position\":1,\"name\":\"Home\",\"item\":\"https:\/\/moyzeska.sk\/\"},{\"@type\":\"ListItem\",\"position\":2,\"name\":\"Triednictvo\"}]},{\"@type\":\"WebSite\",\"@id\":\"https:\/\/moyzeska.sk\/#website\",\"url\":\"https:\/\/moyzeska.sk\/\",\"name\":\"Stredn\u00e1 zdravotn\u00edcka \u0161kola, Moyzesova 17, Ko\u0161ice\",\"description\":\"\",\"publisher\":{\"@id\":\"https:\/\/moyzeska.sk\/#organization\"},\"potentialAction\":[{\"@type\":\"SearchAction\",\"target\":{\"@type\":\"EntryPoint\",\"urlTemplate\":\"https:\/\/moyzeska.sk\/?s={search_term_string}\"},\"query-input\":\"required name=search_term_string\"}],\"inLanguage\":\"sk-SK\"},{\"@type\":\"Organization\",\"@id\":\"https:\/\/moyzeska.sk\/#organization\",\"name\":\"Stredn\u00e1 zdravotn\u00edcka \u0161kola, Moyzesova 17, Ko\u0161ice\",\"url\":\"https:\/\/moyzeska.sk\/\",\"logo\":{\"@type\":\"ImageObject\",\"inLanguage\":\"sk-SK\",\"@id\":\"https:\/\/moyzeska.sk\/#\/schema\/logo\/image\/\",\"url\":\"https:\/\/moyzeska.sk\/wp-content\/uploads\/2020\/09\/SZS-logo.png\",\"contentUrl\":\"https:\/\/moyzeska.sk\/wp-content\/uploads\/2020\/09\/SZS-logo.png\",\"width\":300,\"height\":300,\"caption\":\"Stredn\u00e1 zdravotn\u00edcka \u0161kola, Moyzesova 17, Ko\u0161ice\"},\"image\":{\"@id\":\"https:\/\/moyzeska.sk\/#\/schema\/logo\/image\/\"},\"sameAs\":[\"https:\/\/www.facebook.com\/Moyzeska\",\"https:\/\/www.instagram.com\/moyzeska\/\"]}]}<\/script>\n<!-- \/ Yoast SEO plugin. -->","yoast_head_json":{"title":"Triednictvo - Stredn\u00e1 zdravotn\u00edcka \u0161kola, Moyzesova 17, Ko\u0161ice","robots":{"index":"index","follow":"follow","max-snippet":"max-snippet:-1","max-image-preview":"max-image-preview:large","max-video-preview":"max-video-preview:-1"},"canonical":"https:\/\/moyzeska.sk\/index.php\/triednictvo\/","og_locale":"sk_SK","og_type":"article","og_title":"Triednictvo - Stredn\u00e1 zdravotn\u00edcka \u0161kola, Moyzesova 17, Ko\u0161ice","og_description":"Trieda Triedny u\u010dite\u013e I. AV PhDr. Iveta Voz\u00e1rov\u00e1 I. FL Mgr. Bernadeta Gajdo\u0161ov\u00e1 I. OO PaedDr. Diana Meckov\u00e1 I. ZL Mgr. Alena Sobekov\u00e1 I. ZuA Inna Rodovych II. AV\/ZuA Mgr. Milena V\u00fdrostov\u00e1 II. FL Mgr. Lenka B\u00e1lintov\u00e1 II. OO Ing. X\u00e9nia Bre\u010dkov\u00e1 II. ZL RNDr. Henrieta Abdi III. FL PharmDr. L\u00edvia Sch\u00f6nov\u00e1, PhD III. OO &hellip;Zobrazi\u0165","og_url":"https:\/\/moyzeska.sk\/index.php\/triednictvo\/","og_site_name":"Stredn\u00e1 zdravotn\u00edcka \u0161kola, Moyzesova 17, Ko\u0161ice","article_publisher":"https:\/\/www.facebook.com\/Moyzeska","article_modified_time":"2025-10-09T11:39:05+00:00","twitter_card":"summary_large_image","twitter_misc":{"Predpokladan\u00fd \u010das \u010d\u00edtania":"1 min\u00fata"},"schema":{"@context":"https:\/\/schema.org","@graph":[{"@type":"WebPage","@id":"https:\/\/moyzeska.sk\/index.php\/triednictvo\/","url":"https:\/\/moyzeska.sk\/index.php\/triednictvo\/","name":"Triednictvo - Stredn\u00e1 zdravotn\u00edcka \u0161kola, Moyzesova 17, Ko\u0161ice","isPartOf":{"@id":"https:\/\/moyzeska.sk\/#website"},"datePublished":"2020-10-05T09:32:58+00:00","dateModified":"2025-10-09T11:39:05+00:00","breadcrumb":{"@id":"https:\/\/moyzeska.sk\/index.php\/triednictvo\/#breadcrumb"},"inLanguage":"sk-SK","potentialAction":[{"@type":"ReadAction","target":["https:\/\/moyzeska.sk\/index.php\/triednictvo\/"]}]},{"@type":"BreadcrumbList","@id":"https:\/\/moyzeska.sk\/index.php\/triednictvo\/#breadcrumb","itemListElement":[{"@type":"ListItem","position":1,"name":"Home","item":"https:\/\/moyzeska.sk\/"},{"@type":"ListItem","position":2,"name":"Triednictvo"}]},{"@type":"WebSite","@id":"https:\/\/moyzeska.sk\/#website","url":"https:\/\/moyzeska.sk\/","name":"Stredn\u00e1 zdravotn\u00edcka \u0161kola, Moyzesova 17, Ko\u0161ice","description":"","publisher":{"@id":"https:\/\/moyzeska.sk\/#organization"},"potentialAction":[{"@type":"SearchAction","target":{"@type":"EntryPoint","urlTemplate":"https:\/\/moyzeska.sk\/?s={search_term_string}"},"query-input":"required name=search_term_string"}],"inLanguage":"sk-SK"},{"@type":"Organization","@id":"https:\/\/moyzeska.sk\/#organization","name":"Stredn\u00e1 zdravotn\u00edcka \u0161kola, Moyzesova 17, Ko\u0161ice","url":"https:\/\/moyzeska.sk\/","logo":{"@type":"ImageObject","inLanguage":"sk-SK","@id":"https:\/\/moyzeska.sk\/#\/schema\/logo\/image\/","url":"https:\/\/moyzeska.sk\/wp-content\/uploads\/2020\/09\/SZS-logo.png","contentUrl":"https:\/\/moyzeska.sk\/wp-content\/uploads\/2020\/09\/SZS-logo.png","width":300,"height":300,"caption":"Stredn\u00e1 zdravotn\u00edcka \u0161kola, Moyzesova 17, Ko\u0161ice"},"image":{"@id":"https:\/\/moyzeska.sk\/#\/schema\/logo\/image\/"},"sameAs":["https:\/\/www.facebook.com\/Moyzeska","https:\/\/www.instagram.com\/moyzeska\/"]}]}},"_links":{"self":[{"href":"https:\/\/moyzeska.sk\/index.php\/wp-json\/wp\/v2\/pages\/569"}],"collection":[{"href":"https:\/\/moyzeska.sk\/index.php\/wp-json\/wp\/v2\/pages"}],"about":[{"href":"https:\/\/moyzeska.sk\/index.php\/wp-json\/wp\/v2\/types\/page"}],"author":[{"embeddable":true,"href":"https:\/\/moyzeska.sk\/index.php\/wp-json\/wp\/v2\/users\/1"}],"replies":[{"embeddable":true,"href":"https:\/\/moyzeska.sk\/index.php\/wp-json\/wp\/v2\/comments?post=569"}],"version-history":[{"count":6,"href":"https:\/\/moyzeska.sk\/index.php\/wp-json\/wp\/v2\/pages\/569\/revisions"}],"predecessor-version":[{"id":8007,"href":"https:\/\/moyzeska.sk\/index.php\/wp-json\/wp\/v2\/pages\/569\/revisions\/8007"}],"wp:attachment":[{"href":"https:\/\/moyzeska.sk\/index.php\/wp-json\/wp\/v2\/media?parent=569"}],"curies":[{"name":"wp","href":"https:\/\/api.w.org\/{rel}","templated":true}]}}