{"id":5378,"date":"2024-02-08T11:20:35","date_gmt":"2024-02-08T10:20:35","guid":{"rendered":"https:\/\/moyzeska.sk\/?page_id=5378"},"modified":"2024-02-08T11:47:07","modified_gmt":"2024-02-08T10:47:07","slug":"dilatech-dni-laboratornych-technologii","status":"publish","type":"page","link":"https:\/\/moyzeska.sk\/index.php\/dilatech-dni-laboratornych-technologii\/","title":{"rendered":"Dilatech &#8211; Dni laborat\u00f3rnych technol\u00f3gi\u00ed"},"content":{"rendered":"\n<p>Sprievodn\u00e9 podujatie T\u00fd\u017ed\u0148a vedy a&nbsp;techniky na Slovensku<br><br><\/p>\n\n\n\n<p><strong>T\u00fd\u017ede\u0148 vedy a techniky na Slovensku<\/strong> je ka\u017edoro\u010dne organizovan\u00fd Ministerstvom \u0161kolstva, vedy, v\u00fdskumu a \u0161portu Slovenskej republiky, v spolupr\u00e1ci s Centrom vedecko-technick\u00fdch inform\u00e1ci\u00ed SR a N\u00e1rodn\u00fdm centrom pre populariz\u00e1ciu vedy a techniky v spolo\u010dnosti. T\u00fd\u017ede\u0148 vedy a techniky na Slovensku sa uskuto\u010d\u0148uje pravidelne za\u010diatkom novembra. Cie\u013eom T\u00fd\u017ed\u0148a vedy a techniky na Slovensku je zlep\u0161i\u0165 vn\u00edmanie vedy a techniky v povedom\u00ed celej spolo\u010dnosti, popularizova\u0165 a prezentova\u0165 ich, vzbudi\u0165 z\u00e1ujem mlad\u00fdch \u013eud\u00ed o \u0161t\u00fadium vedeck\u00fdch a technick\u00fdch discipl\u00edn.<\/p>\n\n\n\n<p><strong>Stredn\u00e1 zdravotn\u00edcka \u0161kola na Moyzesovej ulici \u010d. 17 v&nbsp;Ko\u0161iciach<\/strong>, ktor\u00e1 pripravuje stredn\u00fdch zdravotn\u00edckych pracovn\u00edkov \u2013 <strong>odborn\u00edkov s medic\u00ednsko-technick\u00fdm zameran\u00edm<\/strong>, pripravuje od \u0161k. roku 2014\/2015 sprievodn\u00e9 podujatie TVT pod n\u00e1zvom <strong>Dni laborat\u00f3rnych technol\u00f3gi\u00ed&nbsp; (DILATECH).&nbsp; <\/strong>&nbsp;DILATECH pon\u00faka uk\u00e1\u017eku &nbsp;praktick\u00e9ho vyu\u017eitia laborat\u00f3rnych technol\u00f3gi\u00ed a analytick\u00fdch met\u00f3d jednotliv\u00fdch \u0161tudijn\u00fdch odborov. V programe s\u00fa zahrnut\u00e9 interakt\u00edvne workshopy pre \u017eiakov z\u00e1kladn\u00fdch a stredn\u00fdch \u0161k\u00f4l, odborn\u00e9 predn\u00e1\u0161ky pedag\u00f3gov, uk\u00e1\u017eky pr\u00edpravy lie\u010div, merania zraku ako aj praktick\u00e9 uk\u00e1\u017eky anal\u00fdz.&nbsp; Prenesen\u00e9 hodiny s\u00fa ur\u010den\u00e9 preva\u017ene pre predmety biol\u00f3gia, ch\u00e9mia, fyzika, pracovn\u00e9 vyu\u010dovanie, svet pr\u00e1ce a&nbsp;technika. Aktivity s\u00fa zameran\u00e9 na praktick\u00fa \u010dinnos\u0165 \u017eiakov, lektormi s\u00fa \u017eiaci na\u0161ej \u0161koly, pod odborn\u00fdm veden\u00edm svojich u\u010dite\u013eov. V programe s\u00fa ka\u017edoro\u010dne zahrnut\u00e9 pestr\u00e9 aktivity v\u0161etk\u00fdch \u0161tudijn\u00fdch odborov. Aktivity s\u00fa realizovan\u00e9 v odborn\u00fdch laborat\u00f3ri\u00e1ch.<\/p>\n\n\n\n<p>Prihlasovanie \u0161k\u00f4l na jednotliv\u00e9 aktivity sa realizuje prostredn\u00edctvom registra\u010dn\u00e9ho formul\u00e1ra, ktor\u00fd je dostupn\u00fd na webovej str\u00e1nke na\u0161ej \u0161koly pri zverejnen\u00ed programu na aktu\u00e1lny ro\u010dn\u00edk, zvy\u010dajne od za\u010diatku okt\u00f3bra.<\/p>\n\n\n\n<p>Aktivity DILATECHU s\u00fa ka\u017edoro\u010dne zaregistrovan\u00e9 ako ofici\u00e1lne sprievodn\u00e9 podujatie T\u00fd\u017ed\u0148a vedy a\u00a0techniky na Slovensku na: <a href=\"https:\/\/tyzdenvedy.sk\/podujatia\/\"> https:\/\/tyzdenvedy.sk\/podujatia\/<\/a><\/p>\n\n\n\n<p><a href=\"http:\/\/www.szske.sk\/fotogaleria\/201617\/dilatech.php\">DILATECH 2016 \u2013 5. ro\u010dn\u00edk<\/a> <\/p>\n\n\n\n<p><a href=\"http:\/\/www.szske.sk\/fotogaleria\/201718\/dilatech.php\">DILATECH 2017 \u2013 6. ro\u010dn\u00edk<\/a> <\/p>\n\n\n\n<p><a href=\"https:\/\/moyzeska.sk\/index.php\/2019\/11\/08\/dilatech-2019\/\">DILATECH 2019&nbsp; &#8211; 8. ro\u010dn\u00edk<\/a><\/p>\n\n\n\n<p><a href=\"https:\/\/moyzeska.sk\/index.php\/2022\/11\/23\/dni-laboratornych-technologii-dilatech-2022\/\">DILATECH 2022&nbsp; &#8211; 9. ro\u010dn\u00edk<\/a><\/p>\n\n\n\n<p><a href=\"https:\/\/moyzeska.sk\/index.php\/2023\/11\/28\/dni-laboratornych-technologii-dilatech-2023\/\">DILATECH 2023 \u2013 10. ro\u010dn\u00edk<\/a><\/p>\n","protected":false},"excerpt":{"rendered":"<p>Sprievodn\u00e9 podujatie T\u00fd\u017ed\u0148a vedy a&nbsp;techniky na Slovensku T\u00fd\u017ede\u0148 vedy a techniky na Slovensku je ka\u017edoro\u010dne organizovan\u00fd Ministerstvom \u0161kolstva, vedy, v\u00fdskumu a \u0161portu Slovenskej republiky, v spolupr\u00e1ci s Centrom vedecko-technick\u00fdch inform\u00e1ci\u00ed SR a N\u00e1rodn\u00fdm centrom pre populariz\u00e1ciu vedy a techniky v spolo\u010dnosti. T\u00fd\u017ede\u0148 vedy a techniky na Slovensku sa uskuto\u010d\u0148uje pravidelne za\u010diatkom novembra. Cie\u013eom T\u00fd\u017ed\u0148a vedy &hellip;<br \/><a href=\"https:\/\/moyzeska.sk\/index.php\/dilatech-dni-laboratornych-technologii\/\" class=\"more-link pen_button pen_element_default pen_icon_arrow_double\">Zobrazi\u0165<\/a><\/p>\n","protected":false},"author":1,"featured_media":0,"parent":0,"menu_order":0,"comment_status":"closed","ping_status":"closed","template":"","meta":{"_monsterinsights_skip_tracking":false,"_monsterinsights_sitenote_active":false,"_monsterinsights_sitenote_note":"","_monsterinsights_sitenote_category":0},"yoast_head":"<!-- This site is optimized with the Yoast SEO plugin v21.8.1 - https:\/\/yoast.com\/wordpress\/plugins\/seo\/ -->\n<title>Dilatech - Dni laborat\u00f3rnych technol\u00f3gi\u00ed - Stredn\u00e1 zdravotn\u00edcka \u0161kola, Moyzesova 17, Ko\u0161ice<\/title>\n<meta name=\"robots\" content=\"index, follow, max-snippet:-1, max-image-preview:large, max-video-preview:-1\" \/>\n<link rel=\"canonical\" href=\"https:\/\/moyzeska.sk\/index.php\/dilatech-dni-laboratornych-technologii\/\" \/>\n<meta property=\"og:locale\" content=\"sk_SK\" \/>\n<meta property=\"og:type\" content=\"article\" \/>\n<meta property=\"og:title\" content=\"Dilatech - Dni laborat\u00f3rnych technol\u00f3gi\u00ed - Stredn\u00e1 zdravotn\u00edcka \u0161kola, Moyzesova 17, Ko\u0161ice\" \/>\n<meta property=\"og:description\" content=\"Sprievodn\u00e9 podujatie T\u00fd\u017ed\u0148a vedy a&nbsp;techniky na Slovensku T\u00fd\u017ede\u0148 vedy a techniky na Slovensku je ka\u017edoro\u010dne organizovan\u00fd Ministerstvom \u0161kolstva, vedy, v\u00fdskumu a \u0161portu Slovenskej republiky, v spolupr\u00e1ci s Centrom vedecko-technick\u00fdch inform\u00e1ci\u00ed SR a N\u00e1rodn\u00fdm centrom pre populariz\u00e1ciu vedy a techniky v spolo\u010dnosti. T\u00fd\u017ede\u0148 vedy a techniky na Slovensku sa uskuto\u010d\u0148uje pravidelne za\u010diatkom novembra. Cie\u013eom T\u00fd\u017ed\u0148a vedy &hellip;Zobrazi\u0165\" \/>\n<meta property=\"og:url\" content=\"https:\/\/moyzeska.sk\/index.php\/dilatech-dni-laboratornych-technologii\/\" \/>\n<meta property=\"og:site_name\" content=\"Stredn\u00e1 zdravotn\u00edcka \u0161kola, Moyzesova 17, Ko\u0161ice\" \/>\n<meta property=\"article:publisher\" content=\"https:\/\/www.facebook.com\/Moyzeska\" \/>\n<meta property=\"article:modified_time\" content=\"2024-02-08T10:47:07+00:00\" \/>\n<meta name=\"twitter:card\" content=\"summary_large_image\" \/>\n<meta name=\"twitter:label1\" content=\"Predpokladan\u00fd \u010das \u010d\u00edtania\" \/>\n\t<meta name=\"twitter:data1\" content=\"2 min\u00faty\" \/>\n<script type=\"application\/ld+json\" class=\"yoast-schema-graph\">{\"@context\":\"https:\/\/schema.org\",\"@graph\":[{\"@type\":\"WebPage\",\"@id\":\"https:\/\/moyzeska.sk\/index.php\/dilatech-dni-laboratornych-technologii\/\",\"url\":\"https:\/\/moyzeska.sk\/index.php\/dilatech-dni-laboratornych-technologii\/\",\"name\":\"Dilatech - Dni laborat\u00f3rnych technol\u00f3gi\u00ed - Stredn\u00e1 zdravotn\u00edcka \u0161kola, Moyzesova 17, Ko\u0161ice\",\"isPartOf\":{\"@id\":\"https:\/\/moyzeska.sk\/#website\"},\"datePublished\":\"2024-02-08T10:20:35+00:00\",\"dateModified\":\"2024-02-08T10:47:07+00:00\",\"breadcrumb\":{\"@id\":\"https:\/\/moyzeska.sk\/index.php\/dilatech-dni-laboratornych-technologii\/#breadcrumb\"},\"inLanguage\":\"sk-SK\",\"potentialAction\":[{\"@type\":\"ReadAction\",\"target\":[\"https:\/\/moyzeska.sk\/index.php\/dilatech-dni-laboratornych-technologii\/\"]}]},{\"@type\":\"BreadcrumbList\",\"@id\":\"https:\/\/moyzeska.sk\/index.php\/dilatech-dni-laboratornych-technologii\/#breadcrumb\",\"itemListElement\":[{\"@type\":\"ListItem\",\"position\":1,\"name\":\"Home\",\"item\":\"https:\/\/moyzeska.sk\/\"},{\"@type\":\"ListItem\",\"position\":2,\"name\":\"Dilatech &#8211; Dni laborat\u00f3rnych technol\u00f3gi\u00ed\"}]},{\"@type\":\"WebSite\",\"@id\":\"https:\/\/moyzeska.sk\/#website\",\"url\":\"https:\/\/moyzeska.sk\/\",\"name\":\"Stredn\u00e1 zdravotn\u00edcka \u0161kola, Moyzesova 17, Ko\u0161ice\",\"description\":\"\",\"publisher\":{\"@id\":\"https:\/\/moyzeska.sk\/#organization\"},\"potentialAction\":[{\"@type\":\"SearchAction\",\"target\":{\"@type\":\"EntryPoint\",\"urlTemplate\":\"https:\/\/moyzeska.sk\/?s={search_term_string}\"},\"query-input\":\"required name=search_term_string\"}],\"inLanguage\":\"sk-SK\"},{\"@type\":\"Organization\",\"@id\":\"https:\/\/moyzeska.sk\/#organization\",\"name\":\"Stredn\u00e1 zdravotn\u00edcka \u0161kola, Moyzesova 17, Ko\u0161ice\",\"url\":\"https:\/\/moyzeska.sk\/\",\"logo\":{\"@type\":\"ImageObject\",\"inLanguage\":\"sk-SK\",\"@id\":\"https:\/\/moyzeska.sk\/#\/schema\/logo\/image\/\",\"url\":\"https:\/\/moyzeska.sk\/wp-content\/uploads\/2020\/09\/SZS-logo.png\",\"contentUrl\":\"https:\/\/moyzeska.sk\/wp-content\/uploads\/2020\/09\/SZS-logo.png\",\"width\":300,\"height\":300,\"caption\":\"Stredn\u00e1 zdravotn\u00edcka \u0161kola, Moyzesova 17, Ko\u0161ice\"},\"image\":{\"@id\":\"https:\/\/moyzeska.sk\/#\/schema\/logo\/image\/\"},\"sameAs\":[\"https:\/\/www.facebook.com\/Moyzeska\",\"https:\/\/www.instagram.com\/moyzeska\/\"]}]}<\/script>\n<!-- \/ Yoast SEO plugin. -->","yoast_head_json":{"title":"Dilatech - Dni laborat\u00f3rnych technol\u00f3gi\u00ed - Stredn\u00e1 zdravotn\u00edcka \u0161kola, Moyzesova 17, Ko\u0161ice","robots":{"index":"index","follow":"follow","max-snippet":"max-snippet:-1","max-image-preview":"max-image-preview:large","max-video-preview":"max-video-preview:-1"},"canonical":"https:\/\/moyzeska.sk\/index.php\/dilatech-dni-laboratornych-technologii\/","og_locale":"sk_SK","og_type":"article","og_title":"Dilatech - Dni laborat\u00f3rnych technol\u00f3gi\u00ed - Stredn\u00e1 zdravotn\u00edcka \u0161kola, Moyzesova 17, Ko\u0161ice","og_description":"Sprievodn\u00e9 podujatie T\u00fd\u017ed\u0148a vedy a&nbsp;techniky na Slovensku T\u00fd\u017ede\u0148 vedy a techniky na Slovensku je ka\u017edoro\u010dne organizovan\u00fd Ministerstvom \u0161kolstva, vedy, v\u00fdskumu a \u0161portu Slovenskej republiky, v spolupr\u00e1ci s Centrom vedecko-technick\u00fdch inform\u00e1ci\u00ed SR a N\u00e1rodn\u00fdm centrom pre populariz\u00e1ciu vedy a techniky v spolo\u010dnosti. T\u00fd\u017ede\u0148 vedy a techniky na Slovensku sa uskuto\u010d\u0148uje pravidelne za\u010diatkom novembra. Cie\u013eom T\u00fd\u017ed\u0148a vedy &hellip;Zobrazi\u0165","og_url":"https:\/\/moyzeska.sk\/index.php\/dilatech-dni-laboratornych-technologii\/","og_site_name":"Stredn\u00e1 zdravotn\u00edcka \u0161kola, Moyzesova 17, Ko\u0161ice","article_publisher":"https:\/\/www.facebook.com\/Moyzeska","article_modified_time":"2024-02-08T10:47:07+00:00","twitter_card":"summary_large_image","twitter_misc":{"Predpokladan\u00fd \u010das \u010d\u00edtania":"2 min\u00faty"},"schema":{"@context":"https:\/\/schema.org","@graph":[{"@type":"WebPage","@id":"https:\/\/moyzeska.sk\/index.php\/dilatech-dni-laboratornych-technologii\/","url":"https:\/\/moyzeska.sk\/index.php\/dilatech-dni-laboratornych-technologii\/","name":"Dilatech - Dni laborat\u00f3rnych technol\u00f3gi\u00ed - Stredn\u00e1 zdravotn\u00edcka \u0161kola, Moyzesova 17, Ko\u0161ice","isPartOf":{"@id":"https:\/\/moyzeska.sk\/#website"},"datePublished":"2024-02-08T10:20:35+00:00","dateModified":"2024-02-08T10:47:07+00:00","breadcrumb":{"@id":"https:\/\/moyzeska.sk\/index.php\/dilatech-dni-laboratornych-technologii\/#breadcrumb"},"inLanguage":"sk-SK","potentialAction":[{"@type":"ReadAction","target":["https:\/\/moyzeska.sk\/index.php\/dilatech-dni-laboratornych-technologii\/"]}]},{"@type":"BreadcrumbList","@id":"https:\/\/moyzeska.sk\/index.php\/dilatech-dni-laboratornych-technologii\/#breadcrumb","itemListElement":[{"@type":"ListItem","position":1,"name":"Home","item":"https:\/\/moyzeska.sk\/"},{"@type":"ListItem","position":2,"name":"Dilatech &#8211; Dni laborat\u00f3rnych technol\u00f3gi\u00ed"}]},{"@type":"WebSite","@id":"https:\/\/moyzeska.sk\/#website","url":"https:\/\/moyzeska.sk\/","name":"Stredn\u00e1 zdravotn\u00edcka \u0161kola, Moyzesova 17, Ko\u0161ice","description":"","publisher":{"@id":"https:\/\/moyzeska.sk\/#organization"},"potentialAction":[{"@type":"SearchAction","target":{"@type":"EntryPoint","urlTemplate":"https:\/\/moyzeska.sk\/?s={search_term_string}"},"query-input":"required name=search_term_string"}],"inLanguage":"sk-SK"},{"@type":"Organization","@id":"https:\/\/moyzeska.sk\/#organization","name":"Stredn\u00e1 zdravotn\u00edcka \u0161kola, Moyzesova 17, Ko\u0161ice","url":"https:\/\/moyzeska.sk\/","logo":{"@type":"ImageObject","inLanguage":"sk-SK","@id":"https:\/\/moyzeska.sk\/#\/schema\/logo\/image\/","url":"https:\/\/moyzeska.sk\/wp-content\/uploads\/2020\/09\/SZS-logo.png","contentUrl":"https:\/\/moyzeska.sk\/wp-content\/uploads\/2020\/09\/SZS-logo.png","width":300,"height":300,"caption":"Stredn\u00e1 zdravotn\u00edcka \u0161kola, Moyzesova 17, Ko\u0161ice"},"image":{"@id":"https:\/\/moyzeska.sk\/#\/schema\/logo\/image\/"},"sameAs":["https:\/\/www.facebook.com\/Moyzeska","https:\/\/www.instagram.com\/moyzeska\/"]}]}},"_links":{"self":[{"href":"https:\/\/moyzeska.sk\/index.php\/wp-json\/wp\/v2\/pages\/5378"}],"collection":[{"href":"https:\/\/moyzeska.sk\/index.php\/wp-json\/wp\/v2\/pages"}],"about":[{"href":"https:\/\/moyzeska.sk\/index.php\/wp-json\/wp\/v2\/types\/page"}],"author":[{"embeddable":true,"href":"https:\/\/moyzeska.sk\/index.php\/wp-json\/wp\/v2\/users\/1"}],"replies":[{"embeddable":true,"href":"https:\/\/moyzeska.sk\/index.php\/wp-json\/wp\/v2\/comments?post=5378"}],"version-history":[{"count":3,"href":"https:\/\/moyzeska.sk\/index.php\/wp-json\/wp\/v2\/pages\/5378\/revisions"}],"predecessor-version":[{"id":5391,"href":"https:\/\/moyzeska.sk\/index.php\/wp-json\/wp\/v2\/pages\/5378\/revisions\/5391"}],"wp:attachment":[{"href":"https:\/\/moyzeska.sk\/index.php\/wp-json\/wp\/v2\/media?parent=5378"}],"curies":[{"name":"wp","href":"https:\/\/api.w.org\/{rel}","templated":true}]}}