{"id":5353,"date":"2024-01-31T14:11:13","date_gmt":"2024-01-31T13:11:13","guid":{"rendered":"https:\/\/moyzeska.sk\/?page_id=5353"},"modified":"2024-01-31T14:23:08","modified_gmt":"2024-01-31T13:23:08","slug":"feeds","status":"publish","type":"page","link":"https:\/\/moyzeska.sk\/index.php\/feeds\/","title":{"rendered":"Feeds"},"content":{"rendered":"\n<p>N\u00e1zov projektu: <strong>Food Ethos EDucation&nbsp;in Schools <\/strong>(FEEDS)<\/p>\n\n\n\n<p>Projekt podporovan\u00fd E\u00da v&nbsp;r\u00e1mci programu <strong>Erasmus+<\/strong><\/p>\n\n\n\n<p>Obdobie realiz\u00e1cie projektu: <strong>1. 9. 2018 \u2013 31. 8. 2020<\/strong><\/p>\n\n\n\n<p><\/p>\n\n\n\n<p><strong>Partnersk\u00e9 \u0161koly:<\/strong><\/p>\n\n\n\n<p>Geniko Lykeio Velestinou, Velestino, Gr\u00e9cko \u2013 koordin\u00e1torsk\u00e1 \u0161kola&nbsp;&nbsp;&nbsp;&nbsp;&nbsp;&nbsp;<\/p>\n\n\n\n<p>Vergina Gymnasium, Larnaca, Cyprus<\/p>\n\n\n\n<p>Centro San Viator, Sopuerta, \u0160panielsko<\/p>\n\n\n\n<p>Yahya Kemal Beyatli Ortaokulu, Kayseri, Turecko<\/p>\n\n\n\n<p>Gymnasio Aianis, Aiani Kozanis, Gr\u00e9cko<\/p>\n\n\n\n<p><\/p>\n\n\n\n<p><strong>Cie\u013e projektu:<\/strong><\/p>\n\n\n\n<p><strong><em>1. etapa<\/em><\/strong><\/p>\n\n\n\n<p>Zis\u0165ovanie \u010do \u0161tudenti preferuj\u00fa v stravovan\u00ed v \u0161kole a ak\u00fd vplyv m\u00e1 sp\u00f4sob stravovania na ich \u017eivot. V\u00fdsledky prieskumu boli spracovan\u00e9 formou dotazn\u00edkov a prezent\u00e1ci\u00ed a boli pou\u017eit\u00e9 na vytvorenie sch\u00e9my, ktor\u00e1 zobrazovala vplyv stravovania na \u013eudsk\u00e9 telo.<\/p>\n\n\n\n<p><strong><em>2. etapa<\/em><\/strong><\/p>\n\n\n\n<p>Obozn\u00e1menie sa so stravovac\u00edmi n\u00e1vykmi predch\u00e1dzaj\u00facich gener\u00e1ci\u00ed a dopadom na ich zdravie. V tejto etape projektu si partnersk\u00e9 \u0161koly vymie\u0148ali zisten\u00e9 poznatky s cie\u013eom prenies\u0165 tie najlep\u0161ie n\u00e1vyky do stravovania vo svojich \u0161kol\u00e1ch.<br>T\u00fdmto sp\u00f4sobom si \u0161tudenti obohatili svoje vedomosti v danej oblasti, a taktie\u017e si roz\u0161\u00edrili poznatky o in\u00fdch krajin\u00e1ch, a najlep\u0161ie sp\u00f4soby stravovania mohli integrova\u0165 do vlastnej kult\u00fary a ka\u017edodenn\u00e9ho \u017eivota.<\/p>\n\n\n\n<p><strong><em>3. etapa<\/em><\/strong><\/p>\n\n\n\n<p>Hlavn\u00fdm zameran\u00edm z\u00e1vere\u010dnej f\u00e1zy projektu bolo vytvorenie tzv. Eur\u00f3pskeho k\u00f3dexu stravovacej etiky, ktor\u00fd bude dostato\u010dne atrakt\u00edvny, aby si ho \u0161tudenti v\u0161etk\u00fdch kraj\u00edn osvojili a uplat\u0148ovali v be\u017enom \u017eivote, a tak prispeli k zlep\u0161ovaniu svojich stravovac\u00edch n\u00e1vykov.<\/p>\n\n\n\n<p><strong>Webov\u00e1 str\u00e1nka projektu: <\/strong><strong><\/strong><\/p>\n\n\n\n<p><a href=\"https:\/\/erasmusfeeds.weebly.com\">https:\/\/erasmusfeeds.weebly.com<\/a><\/p>\n\n\n\n<p><\/p>\n\n\n\n<p><strong>Realizovan\u00e9 mobility:<\/strong><\/p>\n\n\n\n<p><a href=\"https:\/\/moyzeska.sk\/index.php\/2019\/10\/16\/projektove-stretnutie-kayseri-turecko\/\">Kayseri, Turecko<\/a> (26.11. 2018 \u2013 30. 11. 2018)<\/p>\n\n\n\n<p><a href=\"https:\/\/moyzeska.sk\/index.php\/2019\/10\/16\/projektove-stretnutie-aiani-grecko\/\">Aiani Kozanis, Gr\u00e9cko<\/a> (10.2.2019  \u2013 15.2.2019)<\/p>\n\n\n\n<p><a href=\"https:\/\/moyzeska.sk\/index.php\/2019\/10\/16\/projektove-stretnutie-sopuerta-spanielsko\/\">Sopuerta, \u0160panielsko<\/a> 7. 4. 2019 \u2013 12. 4. 2019)<\/p>\n\n\n\n<p><a href=\"https:\/\/moyzeska.sk\/index.php\/2019\/10\/16\/projektove-stretnutie-kosice-slovensko\/\">Ko\u0161ice, Slovensko<\/a> (14. 10. 2019 \u2013 27. 10. 2019)<\/p>\n\n\n\n<p><a href=\"https:\/\/moyzeska.sk\/index.php\/2019\/10\/16\/projektove-stretnutie-larnaca-cyprus\/\">Larnaca, Cyprus<\/a> (10.2. 2020 \u2013 14. 2. 2020)<\/p>\n\n\n\n<p><strong>Aktivity projektu:<\/strong><\/p>\n\n\n\n<ul>\n<li><a href=\"https:\/\/moyzeska.sk\/index.php\/2019\/10\/16\/dotaznik-o-stravovacich-navykoch\/\">Dotazn\u00edk o stravovac\u00edch n\u00e1vykoch<\/a><\/li>\n\n\n\n<li><a href=\"https:\/\/moyzeska.sk\/index.php\/2019\/10\/16\/online-quizzes\/\">Online quizzes<\/a><\/li>\n\n\n\n<li><a href=\"https:\/\/moyzeska.sk\/index.php\/2019\/10\/16\/aktivity\/\">Potraviny a \u013eudsk\u00e9 telo<\/a><\/li>\n<\/ul>\n\n\n\n<h2 class=\"wp-block-heading\">&nbsp;<\/h2>\n\n\n\n<h2 class=\"wp-block-heading\">&nbsp;<\/h2>\n\n\n\n<h2 class=\"wp-block-heading\">&nbsp;<\/h2>\n","protected":false},"excerpt":{"rendered":"<p>N\u00e1zov projektu: Food Ethos EDucation&nbsp;in Schools (FEEDS) Projekt podporovan\u00fd E\u00da v&nbsp;r\u00e1mci programu Erasmus+ Obdobie realiz\u00e1cie projektu: 1. 9. 2018 \u2013 31. 8. 2020 Partnersk\u00e9 \u0161koly: Geniko Lykeio Velestinou, Velestino, Gr\u00e9cko \u2013 koordin\u00e1torsk\u00e1 \u0161kola&nbsp;&nbsp;&nbsp;&nbsp;&nbsp;&nbsp; Vergina Gymnasium, Larnaca, Cyprus Centro San Viator, Sopuerta, \u0160panielsko Yahya Kemal Beyatli Ortaokulu, Kayseri, Turecko Gymnasio Aianis, Aiani Kozanis, Gr\u00e9cko Cie\u013e projektu: &hellip;<br \/><a href=\"https:\/\/moyzeska.sk\/index.php\/feeds\/\" class=\"more-link pen_button pen_element_default pen_icon_arrow_double\">Zobrazi\u0165<\/a><\/p>\n","protected":false},"author":1,"featured_media":0,"parent":0,"menu_order":0,"comment_status":"closed","ping_status":"closed","template":"","meta":{"_monsterinsights_skip_tracking":false,"_monsterinsights_sitenote_active":false,"_monsterinsights_sitenote_note":"","_monsterinsights_sitenote_category":0},"yoast_head":"<!-- This site is optimized with the Yoast SEO plugin v21.8.1 - https:\/\/yoast.com\/wordpress\/plugins\/seo\/ -->\n<title>Feeds - Stredn\u00e1 zdravotn\u00edcka \u0161kola, Moyzesova 17, Ko\u0161ice<\/title>\n<meta name=\"robots\" content=\"index, follow, max-snippet:-1, max-image-preview:large, max-video-preview:-1\" \/>\n<link rel=\"canonical\" href=\"https:\/\/moyzeska.sk\/index.php\/feeds\/\" \/>\n<meta property=\"og:locale\" content=\"sk_SK\" \/>\n<meta property=\"og:type\" content=\"article\" \/>\n<meta property=\"og:title\" content=\"Feeds - Stredn\u00e1 zdravotn\u00edcka \u0161kola, Moyzesova 17, Ko\u0161ice\" \/>\n<meta property=\"og:description\" content=\"N\u00e1zov projektu: Food Ethos EDucation&nbsp;in Schools (FEEDS) Projekt podporovan\u00fd E\u00da v&nbsp;r\u00e1mci programu Erasmus+ Obdobie realiz\u00e1cie projektu: 1. 9. 2018 \u2013 31. 8. 2020 Partnersk\u00e9 \u0161koly: Geniko Lykeio Velestinou, Velestino, Gr\u00e9cko \u2013 koordin\u00e1torsk\u00e1 \u0161kola&nbsp;&nbsp;&nbsp;&nbsp;&nbsp;&nbsp; Vergina Gymnasium, Larnaca, Cyprus Centro San Viator, Sopuerta, \u0160panielsko Yahya Kemal Beyatli Ortaokulu, Kayseri, Turecko Gymnasio Aianis, Aiani Kozanis, Gr\u00e9cko Cie\u013e projektu: &hellip;Zobrazi\u0165\" \/>\n<meta property=\"og:url\" content=\"https:\/\/moyzeska.sk\/index.php\/feeds\/\" \/>\n<meta property=\"og:site_name\" content=\"Stredn\u00e1 zdravotn\u00edcka \u0161kola, Moyzesova 17, Ko\u0161ice\" \/>\n<meta property=\"article:publisher\" content=\"https:\/\/www.facebook.com\/Moyzeska\" \/>\n<meta property=\"article:modified_time\" content=\"2024-01-31T13:23:08+00:00\" \/>\n<meta name=\"twitter:card\" content=\"summary_large_image\" \/>\n<meta name=\"twitter:label1\" content=\"Predpokladan\u00fd \u010das \u010d\u00edtania\" \/>\n\t<meta name=\"twitter:data1\" content=\"2 min\u00faty\" \/>\n<script type=\"application\/ld+json\" class=\"yoast-schema-graph\">{\"@context\":\"https:\/\/schema.org\",\"@graph\":[{\"@type\":\"WebPage\",\"@id\":\"https:\/\/moyzeska.sk\/index.php\/feeds\/\",\"url\":\"https:\/\/moyzeska.sk\/index.php\/feeds\/\",\"name\":\"Feeds - Stredn\u00e1 zdravotn\u00edcka \u0161kola, Moyzesova 17, Ko\u0161ice\",\"isPartOf\":{\"@id\":\"https:\/\/moyzeska.sk\/#website\"},\"datePublished\":\"2024-01-31T13:11:13+00:00\",\"dateModified\":\"2024-01-31T13:23:08+00:00\",\"breadcrumb\":{\"@id\":\"https:\/\/moyzeska.sk\/index.php\/feeds\/#breadcrumb\"},\"inLanguage\":\"sk-SK\",\"potentialAction\":[{\"@type\":\"ReadAction\",\"target\":[\"https:\/\/moyzeska.sk\/index.php\/feeds\/\"]}]},{\"@type\":\"BreadcrumbList\",\"@id\":\"https:\/\/moyzeska.sk\/index.php\/feeds\/#breadcrumb\",\"itemListElement\":[{\"@type\":\"ListItem\",\"position\":1,\"name\":\"Home\",\"item\":\"https:\/\/moyzeska.sk\/\"},{\"@type\":\"ListItem\",\"position\":2,\"name\":\"Feeds\"}]},{\"@type\":\"WebSite\",\"@id\":\"https:\/\/moyzeska.sk\/#website\",\"url\":\"https:\/\/moyzeska.sk\/\",\"name\":\"Stredn\u00e1 zdravotn\u00edcka \u0161kola, Moyzesova 17, Ko\u0161ice\",\"description\":\"\",\"publisher\":{\"@id\":\"https:\/\/moyzeska.sk\/#organization\"},\"potentialAction\":[{\"@type\":\"SearchAction\",\"target\":{\"@type\":\"EntryPoint\",\"urlTemplate\":\"https:\/\/moyzeska.sk\/?s={search_term_string}\"},\"query-input\":\"required name=search_term_string\"}],\"inLanguage\":\"sk-SK\"},{\"@type\":\"Organization\",\"@id\":\"https:\/\/moyzeska.sk\/#organization\",\"name\":\"Stredn\u00e1 zdravotn\u00edcka \u0161kola, Moyzesova 17, Ko\u0161ice\",\"url\":\"https:\/\/moyzeska.sk\/\",\"logo\":{\"@type\":\"ImageObject\",\"inLanguage\":\"sk-SK\",\"@id\":\"https:\/\/moyzeska.sk\/#\/schema\/logo\/image\/\",\"url\":\"https:\/\/moyzeska.sk\/wp-content\/uploads\/2020\/09\/SZS-logo.png\",\"contentUrl\":\"https:\/\/moyzeska.sk\/wp-content\/uploads\/2020\/09\/SZS-logo.png\",\"width\":300,\"height\":300,\"caption\":\"Stredn\u00e1 zdravotn\u00edcka \u0161kola, Moyzesova 17, Ko\u0161ice\"},\"image\":{\"@id\":\"https:\/\/moyzeska.sk\/#\/schema\/logo\/image\/\"},\"sameAs\":[\"https:\/\/www.facebook.com\/Moyzeska\",\"https:\/\/www.instagram.com\/moyzeska\/\"]}]}<\/script>\n<!-- \/ Yoast SEO plugin. -->","yoast_head_json":{"title":"Feeds - Stredn\u00e1 zdravotn\u00edcka \u0161kola, Moyzesova 17, Ko\u0161ice","robots":{"index":"index","follow":"follow","max-snippet":"max-snippet:-1","max-image-preview":"max-image-preview:large","max-video-preview":"max-video-preview:-1"},"canonical":"https:\/\/moyzeska.sk\/index.php\/feeds\/","og_locale":"sk_SK","og_type":"article","og_title":"Feeds - Stredn\u00e1 zdravotn\u00edcka \u0161kola, Moyzesova 17, Ko\u0161ice","og_description":"N\u00e1zov projektu: Food Ethos EDucation&nbsp;in Schools (FEEDS) Projekt podporovan\u00fd E\u00da v&nbsp;r\u00e1mci programu Erasmus+ Obdobie realiz\u00e1cie projektu: 1. 9. 2018 \u2013 31. 8. 2020 Partnersk\u00e9 \u0161koly: Geniko Lykeio Velestinou, Velestino, Gr\u00e9cko \u2013 koordin\u00e1torsk\u00e1 \u0161kola&nbsp;&nbsp;&nbsp;&nbsp;&nbsp;&nbsp; Vergina Gymnasium, Larnaca, Cyprus Centro San Viator, Sopuerta, \u0160panielsko Yahya Kemal Beyatli Ortaokulu, Kayseri, Turecko Gymnasio Aianis, Aiani Kozanis, Gr\u00e9cko Cie\u013e projektu: &hellip;Zobrazi\u0165","og_url":"https:\/\/moyzeska.sk\/index.php\/feeds\/","og_site_name":"Stredn\u00e1 zdravotn\u00edcka \u0161kola, Moyzesova 17, Ko\u0161ice","article_publisher":"https:\/\/www.facebook.com\/Moyzeska","article_modified_time":"2024-01-31T13:23:08+00:00","twitter_card":"summary_large_image","twitter_misc":{"Predpokladan\u00fd \u010das \u010d\u00edtania":"2 min\u00faty"},"schema":{"@context":"https:\/\/schema.org","@graph":[{"@type":"WebPage","@id":"https:\/\/moyzeska.sk\/index.php\/feeds\/","url":"https:\/\/moyzeska.sk\/index.php\/feeds\/","name":"Feeds - Stredn\u00e1 zdravotn\u00edcka \u0161kola, Moyzesova 17, Ko\u0161ice","isPartOf":{"@id":"https:\/\/moyzeska.sk\/#website"},"datePublished":"2024-01-31T13:11:13+00:00","dateModified":"2024-01-31T13:23:08+00:00","breadcrumb":{"@id":"https:\/\/moyzeska.sk\/index.php\/feeds\/#breadcrumb"},"inLanguage":"sk-SK","potentialAction":[{"@type":"ReadAction","target":["https:\/\/moyzeska.sk\/index.php\/feeds\/"]}]},{"@type":"BreadcrumbList","@id":"https:\/\/moyzeska.sk\/index.php\/feeds\/#breadcrumb","itemListElement":[{"@type":"ListItem","position":1,"name":"Home","item":"https:\/\/moyzeska.sk\/"},{"@type":"ListItem","position":2,"name":"Feeds"}]},{"@type":"WebSite","@id":"https:\/\/moyzeska.sk\/#website","url":"https:\/\/moyzeska.sk\/","name":"Stredn\u00e1 zdravotn\u00edcka \u0161kola, Moyzesova 17, Ko\u0161ice","description":"","publisher":{"@id":"https:\/\/moyzeska.sk\/#organization"},"potentialAction":[{"@type":"SearchAction","target":{"@type":"EntryPoint","urlTemplate":"https:\/\/moyzeska.sk\/?s={search_term_string}"},"query-input":"required name=search_term_string"}],"inLanguage":"sk-SK"},{"@type":"Organization","@id":"https:\/\/moyzeska.sk\/#organization","name":"Stredn\u00e1 zdravotn\u00edcka \u0161kola, Moyzesova 17, Ko\u0161ice","url":"https:\/\/moyzeska.sk\/","logo":{"@type":"ImageObject","inLanguage":"sk-SK","@id":"https:\/\/moyzeska.sk\/#\/schema\/logo\/image\/","url":"https:\/\/moyzeska.sk\/wp-content\/uploads\/2020\/09\/SZS-logo.png","contentUrl":"https:\/\/moyzeska.sk\/wp-content\/uploads\/2020\/09\/SZS-logo.png","width":300,"height":300,"caption":"Stredn\u00e1 zdravotn\u00edcka \u0161kola, Moyzesova 17, Ko\u0161ice"},"image":{"@id":"https:\/\/moyzeska.sk\/#\/schema\/logo\/image\/"},"sameAs":["https:\/\/www.facebook.com\/Moyzeska","https:\/\/www.instagram.com\/moyzeska\/"]}]}},"_links":{"self":[{"href":"https:\/\/moyzeska.sk\/index.php\/wp-json\/wp\/v2\/pages\/5353"}],"collection":[{"href":"https:\/\/moyzeska.sk\/index.php\/wp-json\/wp\/v2\/pages"}],"about":[{"href":"https:\/\/moyzeska.sk\/index.php\/wp-json\/wp\/v2\/types\/page"}],"author":[{"embeddable":true,"href":"https:\/\/moyzeska.sk\/index.php\/wp-json\/wp\/v2\/users\/1"}],"replies":[{"embeddable":true,"href":"https:\/\/moyzeska.sk\/index.php\/wp-json\/wp\/v2\/comments?post=5353"}],"version-history":[{"count":3,"href":"https:\/\/moyzeska.sk\/index.php\/wp-json\/wp\/v2\/pages\/5353\/revisions"}],"predecessor-version":[{"id":5360,"href":"https:\/\/moyzeska.sk\/index.php\/wp-json\/wp\/v2\/pages\/5353\/revisions\/5360"}],"wp:attachment":[{"href":"https:\/\/moyzeska.sk\/index.php\/wp-json\/wp\/v2\/media?parent=5353"}],"curies":[{"name":"wp","href":"https:\/\/api.w.org\/{rel}","templated":true}]}}