{"id":5346,"date":"2024-01-31T14:08:40","date_gmt":"2024-01-31T13:08:40","guid":{"rendered":"https:\/\/moyzeska.sk\/?page_id=5346"},"modified":"2024-01-31T14:24:45","modified_gmt":"2024-01-31T13:24:45","slug":"traditional-sports","status":"publish","type":"page","link":"https:\/\/moyzeska.sk\/index.php\/traditional-sports\/","title":{"rendered":"Traditional Sports"},"content":{"rendered":"\n<p>N\u00e1zov projektu: <strong>Traditional Sports for Integration and Equality in Europe<\/strong><\/p>\n\n\n\n<p>Projekt podporovan\u00fd E\u00da v&nbsp;r\u00e1mci programu <strong>Erasmus+<\/strong><\/p>\n\n\n\n<p>K\u013e\u00fa\u010dov\u00e1 akcia 2: \u0160kolsk\u00e9 v\u00fdmenn\u00e9 partnerstv\u00e1<\/p>\n\n\n\n<p>Obdobie realiz\u00e1cie projektu: 01.09.2020 \u2013 31.08.2022, po pred\u013a\u017een\u00ed 31.08. 2023<\/p>\n\n\n\n<p>\u010c\u00edslo projektu: 2020-1-ES01-KA229-082625_5<\/p>\n\n\n\n<p><\/p>\n\n\n\n<p><strong><em>\u0160koly zapojen\u00e9 do projektu:<\/em><\/strong><\/p>\n\n\n\n<p>Centro San Viator, Sopuerta, \u0160panielsko&nbsp;<\/p>\n\n\n\n<p>4th Gel Rodou, Rodos, Gr\u00e9cko<\/p>\n\n\n\n<p>Yenimahalle Final Okullar\u0131, Ankara, Turecko<\/p>\n\n\n\n<p>Coll\u00e8ge Mille Roches, R\u00e9union, Franc\u00fazsko<\/p>\n\n\n\n<p>SZ\u0160 Moyzesova 17, Ko\u0161ice<\/p>\n\n\n\n<p><\/p>\n\n\n\n<p><strong><em>Cie\u013e projektu:<\/em><\/strong><\/p>\n\n\n\n<ul>\n<li>v\u00fdskum \u0161portovej praxe medzi t\u00edned\u017eermi v&nbsp;partnersk\u00fdch krajin\u00e1ch,<\/li>\n<\/ul>\n\n\n\n<ul>\n<li>podporu ich zdrav\u00e9ho \u017eivotn\u00e9ho \u0161t\u00fdlu,<\/li>\n<\/ul>\n\n\n\n<ul>\n<li>uvedomenie si vplyvu pohybov\u00fdch aktiv\u00edt na na\u0161e zdravie, telesn\u00e9 aj du\u0161evn\u00e9,&nbsp;<\/li>\n<\/ul>\n\n\n\n<ul>\n<li>podporu diev\u010dat v&nbsp;\u0161portovan\u00ed,<\/li>\n<\/ul>\n\n\n\n<ul>\n<li>propag\u00e1ciu tradi\u010dn\u00e9ho \u0161portu ako prostriedku na ochranu kult\u00farneho dedi\u010dstva,<\/li>\n<\/ul>\n\n\n\n<ul>\n<li>podporu eur\u00f3pskej integr\u00e1cie,<\/li>\n<\/ul>\n\n\n\n<ul>\n<li>boj proti diskrimin\u00e1cii a rodovej nerovnosti.<\/li>\n<\/ul>\n\n\n\n<p><\/p>\n\n\n\n<p><strong><em>Webov\u00e1 str\u00e1nka projektu:<\/em><\/strong><\/p>\n\n\n\n<p><a href=\"https:\/\/www.erasmustraditionalsports.com\/p12-traditional-sports-rulebook-1\">https:\/\/www.erasmustraditionalsports.com<\/a><\/p>\n\n\n\n<p><\/p>\n\n\n\n<p><strong><em>Realizovan\u00e9 mobility:<\/em><\/strong><\/p>\n\n\n\n<p><a href=\"https:\/\/moyzeska.sk\/index.php\/2022\/10\/12\/erasmus-turecko-2022\/\">Yenimahalle Final Okullari, Ankara, Turecko<\/a>&nbsp; (19. 9. \u2013 23. 9. 2022)<\/p>\n\n\n\n<p><a href=\"https:\/\/moyzeska.sk\/index.php\/2022\/12\/19\/s-projektom-erasmom-sme-navstivili-reunion-tropicky-ostrov-v-indickom-oceane\/\">Coll\u00e8ge Mille Roches, Saint Andr\u00e9, R\u00e9union<\/a> (21. \u2013 25.&nbsp;11. 2022)<\/p>\n\n\n\n<p><a href=\"https:\/\/moyzeska.sk\/index.php\/2023\/03\/01\/projektove-stretnutie-erasmus-na-moyzeske\/\">SZ\u0160 Moyzesova 17, Ko\u0161ice<\/a> (13. 2. \u2013 17. 2. 2023)<\/p>\n\n\n\n<p><a href=\"https:\/\/moyzeska.sk\/index.php\/2023\/04\/18\/zaverecne-projektove-stretnutie-programu-erasmus-v-spanielsku\/\">Centro San Viator, Sopuerta, \u0160panielsko<\/a>&nbsp;(26. 3. &#8211; 1. 4. 2023)<\/p>\n\n\n\n<p><\/p>\n\n\n\n<p><strong><em>Sprievodn\u00e9 podujatia:<\/em><\/strong><\/p>\n\n\n\n<p><a href=\"https:\/\/moyzeska.sk\/index.php\/2021\/10\/13\/erasmusdays-na-moyzeske-2021\/\">#ERASMUSDAYS NA MOYZESKE 2021<\/a> (14. \u2013 16. okt\u00f3ber 2021)<\/p>\n\n\n\n<p><a href=\"https:\/\/moyzeska.sk\/index.php\/2022\/10\/12\/erasmusdays-na-moyzeske-2022\/\">#ERASMUSDAYS NA MOYZESKE 2022<\/a>&nbsp; (13. \u2013 15. okt\u00f3ber 2022)<\/p>\n\n\n\n<p><a href=\"https:\/\/moyzeska.sk\/index.php\/2023\/10\/11\/erasmusdays-2023\/\">#ERASMUSDAYS NA MOYZESKE 2023<\/a> (9. \u2013 14. okt\u00f3ber 2023)<\/p>\n\n\n\n<p>De\u0148 Eur\u00f3py 2022<\/p>\n\n\n\n<p><a href=\"https:\/\/moyzeska.sk\/index.php\/2023\/06\/08\/den-europy-2023\/\">De\u0148 Eur\u00f3py 2023<\/a><\/p>\n","protected":false},"excerpt":{"rendered":"<p>N\u00e1zov projektu: Traditional Sports for Integration and Equality in Europe Projekt podporovan\u00fd E\u00da v&nbsp;r\u00e1mci programu Erasmus+ K\u013e\u00fa\u010dov\u00e1 akcia 2: \u0160kolsk\u00e9 v\u00fdmenn\u00e9 partnerstv\u00e1 Obdobie realiz\u00e1cie projektu: 01.09.2020 \u2013 31.08.2022, po pred\u013a\u017een\u00ed 31.08. 2023 \u010c\u00edslo projektu: 2020-1-ES01-KA229-082625_5 \u0160koly zapojen\u00e9 do projektu: Centro San Viator, Sopuerta, \u0160panielsko&nbsp; 4th Gel Rodou, Rodos, Gr\u00e9cko Yenimahalle Final Okullar\u0131, Ankara, Turecko Coll\u00e8ge &hellip;<br \/><a href=\"https:\/\/moyzeska.sk\/index.php\/traditional-sports\/\" class=\"more-link pen_button pen_element_default pen_icon_arrow_double\">Zobrazi\u0165<\/a><\/p>\n","protected":false},"author":1,"featured_media":0,"parent":0,"menu_order":0,"comment_status":"closed","ping_status":"closed","template":"","meta":{"_monsterinsights_skip_tracking":false,"_monsterinsights_sitenote_active":false,"_monsterinsights_sitenote_note":"","_monsterinsights_sitenote_category":0},"yoast_head":"<!-- This site is optimized with the Yoast SEO plugin v21.8.1 - https:\/\/yoast.com\/wordpress\/plugins\/seo\/ -->\n<title>Traditional Sports - Stredn\u00e1 zdravotn\u00edcka \u0161kola, Moyzesova 17, Ko\u0161ice<\/title>\n<meta name=\"robots\" content=\"index, follow, max-snippet:-1, max-image-preview:large, max-video-preview:-1\" \/>\n<link rel=\"canonical\" href=\"https:\/\/moyzeska.sk\/index.php\/traditional-sports\/\" \/>\n<meta property=\"og:locale\" content=\"sk_SK\" \/>\n<meta property=\"og:type\" content=\"article\" \/>\n<meta property=\"og:title\" content=\"Traditional Sports - Stredn\u00e1 zdravotn\u00edcka \u0161kola, Moyzesova 17, Ko\u0161ice\" \/>\n<meta property=\"og:description\" content=\"N\u00e1zov projektu: Traditional Sports for Integration and Equality in Europe Projekt podporovan\u00fd E\u00da v&nbsp;r\u00e1mci programu Erasmus+ K\u013e\u00fa\u010dov\u00e1 akcia 2: \u0160kolsk\u00e9 v\u00fdmenn\u00e9 partnerstv\u00e1 Obdobie realiz\u00e1cie projektu: 01.09.2020 \u2013 31.08.2022, po pred\u013a\u017een\u00ed 31.08. 2023 \u010c\u00edslo projektu: 2020-1-ES01-KA229-082625_5 \u0160koly zapojen\u00e9 do projektu: Centro San Viator, Sopuerta, \u0160panielsko&nbsp; 4th Gel Rodou, Rodos, Gr\u00e9cko Yenimahalle Final Okullar\u0131, Ankara, Turecko Coll\u00e8ge &hellip;Zobrazi\u0165\" \/>\n<meta property=\"og:url\" content=\"https:\/\/moyzeska.sk\/index.php\/traditional-sports\/\" \/>\n<meta property=\"og:site_name\" content=\"Stredn\u00e1 zdravotn\u00edcka \u0161kola, Moyzesova 17, Ko\u0161ice\" \/>\n<meta property=\"article:publisher\" content=\"https:\/\/www.facebook.com\/Moyzeska\" \/>\n<meta property=\"article:modified_time\" content=\"2024-01-31T13:24:45+00:00\" \/>\n<meta name=\"twitter:card\" content=\"summary_large_image\" \/>\n<meta name=\"twitter:label1\" content=\"Predpokladan\u00fd \u010das \u010d\u00edtania\" \/>\n\t<meta name=\"twitter:data1\" content=\"2 min\u00faty\" \/>\n<script type=\"application\/ld+json\" class=\"yoast-schema-graph\">{\"@context\":\"https:\/\/schema.org\",\"@graph\":[{\"@type\":\"WebPage\",\"@id\":\"https:\/\/moyzeska.sk\/index.php\/traditional-sports\/\",\"url\":\"https:\/\/moyzeska.sk\/index.php\/traditional-sports\/\",\"name\":\"Traditional Sports - Stredn\u00e1 zdravotn\u00edcka \u0161kola, Moyzesova 17, Ko\u0161ice\",\"isPartOf\":{\"@id\":\"https:\/\/moyzeska.sk\/#website\"},\"datePublished\":\"2024-01-31T13:08:40+00:00\",\"dateModified\":\"2024-01-31T13:24:45+00:00\",\"breadcrumb\":{\"@id\":\"https:\/\/moyzeska.sk\/index.php\/traditional-sports\/#breadcrumb\"},\"inLanguage\":\"sk-SK\",\"potentialAction\":[{\"@type\":\"ReadAction\",\"target\":[\"https:\/\/moyzeska.sk\/index.php\/traditional-sports\/\"]}]},{\"@type\":\"BreadcrumbList\",\"@id\":\"https:\/\/moyzeska.sk\/index.php\/traditional-sports\/#breadcrumb\",\"itemListElement\":[{\"@type\":\"ListItem\",\"position\":1,\"name\":\"Home\",\"item\":\"https:\/\/moyzeska.sk\/\"},{\"@type\":\"ListItem\",\"position\":2,\"name\":\"Traditional Sports\"}]},{\"@type\":\"WebSite\",\"@id\":\"https:\/\/moyzeska.sk\/#website\",\"url\":\"https:\/\/moyzeska.sk\/\",\"name\":\"Stredn\u00e1 zdravotn\u00edcka \u0161kola, Moyzesova 17, Ko\u0161ice\",\"description\":\"\",\"publisher\":{\"@id\":\"https:\/\/moyzeska.sk\/#organization\"},\"potentialAction\":[{\"@type\":\"SearchAction\",\"target\":{\"@type\":\"EntryPoint\",\"urlTemplate\":\"https:\/\/moyzeska.sk\/?s={search_term_string}\"},\"query-input\":\"required name=search_term_string\"}],\"inLanguage\":\"sk-SK\"},{\"@type\":\"Organization\",\"@id\":\"https:\/\/moyzeska.sk\/#organization\",\"name\":\"Stredn\u00e1 zdravotn\u00edcka \u0161kola, Moyzesova 17, Ko\u0161ice\",\"url\":\"https:\/\/moyzeska.sk\/\",\"logo\":{\"@type\":\"ImageObject\",\"inLanguage\":\"sk-SK\",\"@id\":\"https:\/\/moyzeska.sk\/#\/schema\/logo\/image\/\",\"url\":\"https:\/\/moyzeska.sk\/wp-content\/uploads\/2020\/09\/SZS-logo.png\",\"contentUrl\":\"https:\/\/moyzeska.sk\/wp-content\/uploads\/2020\/09\/SZS-logo.png\",\"width\":300,\"height\":300,\"caption\":\"Stredn\u00e1 zdravotn\u00edcka \u0161kola, Moyzesova 17, Ko\u0161ice\"},\"image\":{\"@id\":\"https:\/\/moyzeska.sk\/#\/schema\/logo\/image\/\"},\"sameAs\":[\"https:\/\/www.facebook.com\/Moyzeska\",\"https:\/\/www.instagram.com\/moyzeska\/\"]}]}<\/script>\n<!-- \/ Yoast SEO plugin. -->","yoast_head_json":{"title":"Traditional Sports - Stredn\u00e1 zdravotn\u00edcka \u0161kola, Moyzesova 17, Ko\u0161ice","robots":{"index":"index","follow":"follow","max-snippet":"max-snippet:-1","max-image-preview":"max-image-preview:large","max-video-preview":"max-video-preview:-1"},"canonical":"https:\/\/moyzeska.sk\/index.php\/traditional-sports\/","og_locale":"sk_SK","og_type":"article","og_title":"Traditional Sports - Stredn\u00e1 zdravotn\u00edcka \u0161kola, Moyzesova 17, Ko\u0161ice","og_description":"N\u00e1zov projektu: Traditional Sports for Integration and Equality in Europe Projekt podporovan\u00fd E\u00da v&nbsp;r\u00e1mci programu Erasmus+ K\u013e\u00fa\u010dov\u00e1 akcia 2: \u0160kolsk\u00e9 v\u00fdmenn\u00e9 partnerstv\u00e1 Obdobie realiz\u00e1cie projektu: 01.09.2020 \u2013 31.08.2022, po pred\u013a\u017een\u00ed 31.08. 2023 \u010c\u00edslo projektu: 2020-1-ES01-KA229-082625_5 \u0160koly zapojen\u00e9 do projektu: Centro San Viator, Sopuerta, \u0160panielsko&nbsp; 4th Gel Rodou, Rodos, Gr\u00e9cko Yenimahalle Final Okullar\u0131, Ankara, Turecko Coll\u00e8ge &hellip;Zobrazi\u0165","og_url":"https:\/\/moyzeska.sk\/index.php\/traditional-sports\/","og_site_name":"Stredn\u00e1 zdravotn\u00edcka \u0161kola, Moyzesova 17, Ko\u0161ice","article_publisher":"https:\/\/www.facebook.com\/Moyzeska","article_modified_time":"2024-01-31T13:24:45+00:00","twitter_card":"summary_large_image","twitter_misc":{"Predpokladan\u00fd \u010das \u010d\u00edtania":"2 min\u00faty"},"schema":{"@context":"https:\/\/schema.org","@graph":[{"@type":"WebPage","@id":"https:\/\/moyzeska.sk\/index.php\/traditional-sports\/","url":"https:\/\/moyzeska.sk\/index.php\/traditional-sports\/","name":"Traditional Sports - Stredn\u00e1 zdravotn\u00edcka \u0161kola, Moyzesova 17, Ko\u0161ice","isPartOf":{"@id":"https:\/\/moyzeska.sk\/#website"},"datePublished":"2024-01-31T13:08:40+00:00","dateModified":"2024-01-31T13:24:45+00:00","breadcrumb":{"@id":"https:\/\/moyzeska.sk\/index.php\/traditional-sports\/#breadcrumb"},"inLanguage":"sk-SK","potentialAction":[{"@type":"ReadAction","target":["https:\/\/moyzeska.sk\/index.php\/traditional-sports\/"]}]},{"@type":"BreadcrumbList","@id":"https:\/\/moyzeska.sk\/index.php\/traditional-sports\/#breadcrumb","itemListElement":[{"@type":"ListItem","position":1,"name":"Home","item":"https:\/\/moyzeska.sk\/"},{"@type":"ListItem","position":2,"name":"Traditional Sports"}]},{"@type":"WebSite","@id":"https:\/\/moyzeska.sk\/#website","url":"https:\/\/moyzeska.sk\/","name":"Stredn\u00e1 zdravotn\u00edcka \u0161kola, Moyzesova 17, Ko\u0161ice","description":"","publisher":{"@id":"https:\/\/moyzeska.sk\/#organization"},"potentialAction":[{"@type":"SearchAction","target":{"@type":"EntryPoint","urlTemplate":"https:\/\/moyzeska.sk\/?s={search_term_string}"},"query-input":"required name=search_term_string"}],"inLanguage":"sk-SK"},{"@type":"Organization","@id":"https:\/\/moyzeska.sk\/#organization","name":"Stredn\u00e1 zdravotn\u00edcka \u0161kola, Moyzesova 17, Ko\u0161ice","url":"https:\/\/moyzeska.sk\/","logo":{"@type":"ImageObject","inLanguage":"sk-SK","@id":"https:\/\/moyzeska.sk\/#\/schema\/logo\/image\/","url":"https:\/\/moyzeska.sk\/wp-content\/uploads\/2020\/09\/SZS-logo.png","contentUrl":"https:\/\/moyzeska.sk\/wp-content\/uploads\/2020\/09\/SZS-logo.png","width":300,"height":300,"caption":"Stredn\u00e1 zdravotn\u00edcka \u0161kola, Moyzesova 17, Ko\u0161ice"},"image":{"@id":"https:\/\/moyzeska.sk\/#\/schema\/logo\/image\/"},"sameAs":["https:\/\/www.facebook.com\/Moyzeska","https:\/\/www.instagram.com\/moyzeska\/"]}]}},"_links":{"self":[{"href":"https:\/\/moyzeska.sk\/index.php\/wp-json\/wp\/v2\/pages\/5346"}],"collection":[{"href":"https:\/\/moyzeska.sk\/index.php\/wp-json\/wp\/v2\/pages"}],"about":[{"href":"https:\/\/moyzeska.sk\/index.php\/wp-json\/wp\/v2\/types\/page"}],"author":[{"embeddable":true,"href":"https:\/\/moyzeska.sk\/index.php\/wp-json\/wp\/v2\/users\/1"}],"replies":[{"embeddable":true,"href":"https:\/\/moyzeska.sk\/index.php\/wp-json\/wp\/v2\/comments?post=5346"}],"version-history":[{"count":3,"href":"https:\/\/moyzeska.sk\/index.php\/wp-json\/wp\/v2\/pages\/5346\/revisions"}],"predecessor-version":[{"id":5361,"href":"https:\/\/moyzeska.sk\/index.php\/wp-json\/wp\/v2\/pages\/5346\/revisions\/5361"}],"wp:attachment":[{"href":"https:\/\/moyzeska.sk\/index.php\/wp-json\/wp\/v2\/media?parent=5346"}],"curies":[{"name":"wp","href":"https:\/\/api.w.org\/{rel}","templated":true}]}}