{"id":3523,"date":"2022-03-08T08:57:32","date_gmt":"2022-03-08T07:57:32","guid":{"rendered":"https:\/\/moyzeska.sk\/?page_id=3523"},"modified":"2026-03-24T07:13:24","modified_gmt":"2026-03-24T06:13:24","slug":"casopis-teoria-a-prax-farmaceuticky-laborant","status":"publish","type":"page","link":"https:\/\/moyzeska.sk\/index.php\/casopis-teoria-a-prax-farmaceuticky-laborant\/","title":{"rendered":"\u010casopis Te\u00f3ria a prax Farmaceutick\u00fd laborant"},"content":{"rendered":"\n<p>\u010casopis <strong>Te\u00f3ria a prax I Farmaceutick\u00fd laborant<\/strong> je spont\u00e1nnou reakciou na po\u017eiadavku farmaceutick\u00fdch laborantov v praxi ma\u0165 vlastn\u00fd \u010dasopis. Je garantovan\u00fd Odbornou sekciou farmaceutick\u00fdch laborantov Slovenskej spolo\u010dnosti laborantov a asistentov v zdravotn\u00edctve a Sekciou laborantov Slovenskej komory medic\u00ednsko-technick\u00fdch pracovn\u00edkov. Vych\u00e1dza 6-kr\u00e1t za rok.<\/p>\n\n\n\n<p><strong><em>Cie\u013eom \u010dasopisu je:<\/em><\/strong><\/p>\n\n\n\n<ul>\n<li>prin\u00e1\u0161a\u0165 komplexn\u00e9 inform\u00e1cie z legislat\u00edvy, odborn\u00e9 \u010dl\u00e1nky orientovan\u00e9 na prax farmaceutick\u00e9ho laboranta vo verejn\u00fdch lek\u00e1r\u0148ach, nemocni\u010dn\u00fdch lek\u00e1r\u0148ach, v\u00fddajniach zdravotn\u00edckych pom\u00f4cok a aktuality z \u010dinnosti \u0161tudentov Stredn\u00fdch zdravotn\u00edckych \u0161k\u00f4l v odbore farmaceutick\u00fd laborant,<\/li>\n\n\n\n<li>informova\u0165 v spolupr\u00e1ci s farmaceutick\u00fdmi spolo\u010dnos\u0165ami o vo\u013enopredajn\u00fdch liekoch, doplnkoch v\u00fd\u017eivy,<\/li>\n\n\n\n<li>prispieva\u0165 k rozvoju odboru farmaceutick\u00fd laborant aj prostredn\u00edctvom tohto printov\u00e9ho m\u00e9dia.<\/li>\n<\/ul>\n\n\n\n<hr class=\"wp-block-separator has-css-opacity\"\/>\n\n\n\n<div class=\"wp-block-file\"><a id=\"wp-block-file--media-7e6f8383-fabb-4289-a8c7-4eed286c40ad\" href=\"https:\/\/moyzeska.sk\/wp-content\/uploads\/2026\/03\/Teoria-a-prax-fl-83-2026-web.pdf\">Te\u00f3ria a prax FL 83-2026<\/a><a href=\"https:\/\/moyzeska.sk\/wp-content\/uploads\/2026\/03\/Teoria-a-prax-fl-83-2026-web.pdf\" class=\"wp-block-file__button wp-element-button\" download aria-describedby=\"wp-block-file--media-7e6f8383-fabb-4289-a8c7-4eed286c40ad\">Stiahnu\u0165<\/a><\/div>\n\n\n\n<div class=\"wp-block-file\"><a id=\"wp-block-file--media-b2c44d8b-e03a-4bd5-a76d-950bd78869c6\" href=\"https:\/\/moyzeska.sk\/wp-content\/uploads\/2026\/01\/Teoria-a-prax-fl-82-2026-web.pdf\">Te\u00f3ria a prax FL 82-2026<\/a><a href=\"https:\/\/moyzeska.sk\/wp-content\/uploads\/2026\/01\/Teoria-a-prax-fl-82-2026-web.pdf\" class=\"wp-block-file__button wp-element-button\" download aria-describedby=\"wp-block-file--media-b2c44d8b-e03a-4bd5-a76d-950bd78869c6\">Stiahnu\u0165<\/a><\/div>\n\n\n\n<div class=\"wp-block-file\"><a id=\"wp-block-file--media-24b7f108-3aef-4322-8338-09d920d0f6ea\" href=\"https:\/\/moyzeska.sk\/wp-content\/uploads\/2025\/11\/WEB_Teoria-a-prax-fl-81-2025.pdf\">Te\u00f3ria a prax FL 81-2025<\/a><a href=\"https:\/\/moyzeska.sk\/wp-content\/uploads\/2025\/11\/WEB_Teoria-a-prax-fl-81-2025.pdf\" class=\"wp-block-file__button wp-element-button\" download aria-describedby=\"wp-block-file--media-24b7f108-3aef-4322-8338-09d920d0f6ea\">Stiahnu\u0165<\/a><\/div>\n\n\n\n<div class=\"wp-block-file\"><a id=\"wp-block-file--media-a38c7f0c-3fa9-4fab-be56-d58640227b6e\" href=\"https:\/\/moyzeska.sk\/wp-content\/uploads\/2025\/09\/Teoria-a-prax-fl-80-2025-web.pdf\">Te\u00f3ria a prax FL 80-2025<\/a><a href=\"https:\/\/moyzeska.sk\/wp-content\/uploads\/2025\/09\/Teoria-a-prax-fl-80-2025-web.pdf\" class=\"wp-block-file__button wp-element-button\" download aria-describedby=\"wp-block-file--media-a38c7f0c-3fa9-4fab-be56-d58640227b6e\">Stiahnu\u0165<\/a><\/div>\n\n\n\n<div class=\"wp-block-file\"><a id=\"wp-block-file--media-e8fae094-d50a-4419-b0b6-b0caf753ed3b\" href=\"https:\/\/moyzeska.sk\/wp-content\/uploads\/2025\/06\/Teoria-a-prax-fl-78-2025.pdf\">Te\u00f3ria a prax FL 78 2025<\/a><a href=\"https:\/\/moyzeska.sk\/wp-content\/uploads\/2025\/06\/Teoria-a-prax-fl-78-2025.pdf\" class=\"wp-block-file__button wp-element-button\" download aria-describedby=\"wp-block-file--media-e8fae094-d50a-4419-b0b6-b0caf753ed3b\">Stiahnu\u0165<\/a><\/div>\n\n\n\n<div class=\"wp-block-file\"><a id=\"wp-block-file--media-1140107a-2ec4-4b94-90e8-6412fb8802fe\" href=\"https:\/\/moyzeska.sk\/wp-content\/uploads\/2025\/03\/FL-77-web.pdf\">Te\u00f3ria a prax FL 77 2025<\/a><a href=\"https:\/\/moyzeska.sk\/wp-content\/uploads\/2025\/03\/FL-77-web.pdf\" class=\"wp-block-file__button wp-element-button\" download aria-describedby=\"wp-block-file--media-1140107a-2ec4-4b94-90e8-6412fb8802fe\">Stiahnu\u0165<\/a><\/div>\n\n\n\n<div class=\"wp-block-file\"><a id=\"wp-block-file--media-b3c3e83a-383c-4bc9-90b4-b008f06de250\" href=\"https:\/\/moyzeska.sk\/wp-content\/uploads\/2025\/01\/laborant-76-web.pdf\">Te\u00f3ria a prax FL 76 2025<\/a><a href=\"https:\/\/moyzeska.sk\/wp-content\/uploads\/2025\/01\/laborant-76-web.pdf\" class=\"wp-block-file__button wp-element-button\" download aria-describedby=\"wp-block-file--media-b3c3e83a-383c-4bc9-90b4-b008f06de250\">Stiahnu\u0165<\/a><\/div>\n\n\n\n<div class=\"wp-block-file\"><a id=\"wp-block-file--media-bc8217af-e4ce-4ab6-b1e8-2f09367437a4\" href=\"https:\/\/moyzeska.sk\/wp-content\/uploads\/2024\/11\/TEORIA-a-prax-fl-75-2024-WEB.pdf\">Te\u00f3ria a prax FL 75 2024<\/a><a href=\"https:\/\/moyzeska.sk\/wp-content\/uploads\/2024\/11\/TEORIA-a-prax-fl-75-2024-WEB.pdf\" class=\"wp-block-file__button wp-element-button\" download aria-describedby=\"wp-block-file--media-bc8217af-e4ce-4ab6-b1e8-2f09367437a4\">Stiahnu\u0165<\/a><\/div>\n\n\n\n<div class=\"wp-block-file\"><a id=\"wp-block-file--media-57168700-787a-40da-8eb7-6122f0636b3f\" href=\"https:\/\/moyzeska.sk\/wp-content\/uploads\/2024\/09\/Teoria-a-prax-fl-74-2024-web.pdf\">Te\u00f3ria a prax FL 74 2024<\/a><a href=\"https:\/\/moyzeska.sk\/wp-content\/uploads\/2024\/09\/Teoria-a-prax-fl-74-2024-web.pdf\" class=\"wp-block-file__button wp-element-button\" download aria-describedby=\"wp-block-file--media-57168700-787a-40da-8eb7-6122f0636b3f\">Stiahnu\u0165<\/a><\/div>\n\n\n\n<div class=\"wp-block-file\"><a id=\"wp-block-file--media-b8cfc490-98c9-48f9-a8c9-c653c057e69f\" href=\"https:\/\/moyzeska.sk\/wp-content\/uploads\/2024\/08\/Teoria-a-prax-fl-73-2024-web.pdf\">Te\u00f3ria a prax FL 73 2024<\/a><a href=\"https:\/\/moyzeska.sk\/wp-content\/uploads\/2024\/08\/Teoria-a-prax-fl-73-2024-web.pdf\" class=\"wp-block-file__button wp-element-button\" download aria-describedby=\"wp-block-file--media-b8cfc490-98c9-48f9-a8c9-c653c057e69f\">Stiahnu\u0165<\/a><\/div>\n\n\n\n<div class=\"wp-block-file\"><a id=\"wp-block-file--media-39c0e3da-9f14-463b-bc7d-e5a8835af6c2\" href=\"https:\/\/moyzeska.sk\/wp-content\/uploads\/2024\/05\/Teoria_a_prax_fl_72-2024.pdf\">Te\u00f3ria a prax FL 72 2024<\/a><a href=\"https:\/\/moyzeska.sk\/wp-content\/uploads\/2024\/05\/Teoria_a_prax_fl_72-2024.pdf\" class=\"wp-block-file__button wp-element-button\" download aria-describedby=\"wp-block-file--media-39c0e3da-9f14-463b-bc7d-e5a8835af6c2\">Stiahnu\u0165<\/a><\/div>\n\n\n\n<div class=\"wp-block-file\"><a id=\"wp-block-file--media-368586bf-9e6d-4a95-b0e9-0630d2f0384f\" href=\"https:\/\/moyzeska.sk\/wp-content\/uploads\/2024\/04\/Teoria-a-prax-fl-71-2024-web.pdf\">Te\u00f3ria a prax FL 71 2024<\/a><a href=\"https:\/\/moyzeska.sk\/wp-content\/uploads\/2024\/04\/Teoria-a-prax-fl-71-2024-web.pdf\" class=\"wp-block-file__button wp-element-button\" download aria-describedby=\"wp-block-file--media-368586bf-9e6d-4a95-b0e9-0630d2f0384f\">Stiahnu\u0165<\/a><\/div>\n","protected":false},"excerpt":{"rendered":"<p>\u010casopis Te\u00f3ria a prax I Farmaceutick\u00fd laborant je spont\u00e1nnou reakciou na po\u017eiadavku farmaceutick\u00fdch laborantov v praxi ma\u0165 vlastn\u00fd \u010dasopis. Je garantovan\u00fd Odbornou sekciou farmaceutick\u00fdch laborantov Slovenskej spolo\u010dnosti laborantov a asistentov v zdravotn\u00edctve a Sekciou laborantov Slovenskej komory medic\u00ednsko-technick\u00fdch pracovn\u00edkov. Vych\u00e1dza 6-kr\u00e1t za rok. Cie\u013eom \u010dasopisu je:<\/p>\n","protected":false},"author":1,"featured_media":0,"parent":0,"menu_order":0,"comment_status":"closed","ping_status":"closed","template":"","meta":{"_monsterinsights_skip_tracking":false,"_monsterinsights_sitenote_active":false,"_monsterinsights_sitenote_note":"","_monsterinsights_sitenote_category":0},"yoast_head":"<!-- This site is optimized with the Yoast SEO plugin v21.8.1 - https:\/\/yoast.com\/wordpress\/plugins\/seo\/ -->\n<title>\u010casopis Te\u00f3ria a prax Farmaceutick\u00fd laborant - Stredn\u00e1 zdravotn\u00edcka \u0161kola, Moyzesova 17, Ko\u0161ice<\/title>\n<meta name=\"robots\" content=\"index, follow, max-snippet:-1, max-image-preview:large, max-video-preview:-1\" \/>\n<link rel=\"canonical\" href=\"https:\/\/moyzeska.sk\/index.php\/casopis-teoria-a-prax-farmaceuticky-laborant\/\" \/>\n<meta property=\"og:locale\" content=\"sk_SK\" \/>\n<meta property=\"og:type\" content=\"article\" \/>\n<meta property=\"og:title\" content=\"\u010casopis Te\u00f3ria a prax Farmaceutick\u00fd laborant - Stredn\u00e1 zdravotn\u00edcka \u0161kola, Moyzesova 17, Ko\u0161ice\" \/>\n<meta property=\"og:description\" content=\"\u010casopis Te\u00f3ria a prax I Farmaceutick\u00fd laborant je spont\u00e1nnou reakciou na po\u017eiadavku farmaceutick\u00fdch laborantov v praxi ma\u0165 vlastn\u00fd \u010dasopis. Je garantovan\u00fd Odbornou sekciou farmaceutick\u00fdch laborantov Slovenskej spolo\u010dnosti laborantov a asistentov v zdravotn\u00edctve a Sekciou laborantov Slovenskej komory medic\u00ednsko-technick\u00fdch pracovn\u00edkov. Vych\u00e1dza 6-kr\u00e1t za rok. Cie\u013eom \u010dasopisu je:\" \/>\n<meta property=\"og:url\" content=\"https:\/\/moyzeska.sk\/index.php\/casopis-teoria-a-prax-farmaceuticky-laborant\/\" \/>\n<meta property=\"og:site_name\" content=\"Stredn\u00e1 zdravotn\u00edcka \u0161kola, Moyzesova 17, Ko\u0161ice\" \/>\n<meta property=\"article:publisher\" content=\"https:\/\/www.facebook.com\/Moyzeska\" \/>\n<meta property=\"article:modified_time\" content=\"2026-03-24T06:13:24+00:00\" \/>\n<meta name=\"twitter:card\" content=\"summary_large_image\" \/>\n<meta name=\"twitter:label1\" content=\"Predpokladan\u00fd \u010das \u010d\u00edtania\" \/>\n\t<meta name=\"twitter:data1\" content=\"1 min\u00fata\" \/>\n<script type=\"application\/ld+json\" class=\"yoast-schema-graph\">{\"@context\":\"https:\/\/schema.org\",\"@graph\":[{\"@type\":\"WebPage\",\"@id\":\"https:\/\/moyzeska.sk\/index.php\/casopis-teoria-a-prax-farmaceuticky-laborant\/\",\"url\":\"https:\/\/moyzeska.sk\/index.php\/casopis-teoria-a-prax-farmaceuticky-laborant\/\",\"name\":\"\u010casopis Te\u00f3ria a prax Farmaceutick\u00fd laborant - Stredn\u00e1 zdravotn\u00edcka \u0161kola, Moyzesova 17, Ko\u0161ice\",\"isPartOf\":{\"@id\":\"https:\/\/moyzeska.sk\/#website\"},\"datePublished\":\"2022-03-08T07:57:32+00:00\",\"dateModified\":\"2026-03-24T06:13:24+00:00\",\"breadcrumb\":{\"@id\":\"https:\/\/moyzeska.sk\/index.php\/casopis-teoria-a-prax-farmaceuticky-laborant\/#breadcrumb\"},\"inLanguage\":\"sk-SK\",\"potentialAction\":[{\"@type\":\"ReadAction\",\"target\":[\"https:\/\/moyzeska.sk\/index.php\/casopis-teoria-a-prax-farmaceuticky-laborant\/\"]}]},{\"@type\":\"BreadcrumbList\",\"@id\":\"https:\/\/moyzeska.sk\/index.php\/casopis-teoria-a-prax-farmaceuticky-laborant\/#breadcrumb\",\"itemListElement\":[{\"@type\":\"ListItem\",\"position\":1,\"name\":\"Home\",\"item\":\"https:\/\/moyzeska.sk\/\"},{\"@type\":\"ListItem\",\"position\":2,\"name\":\"\u010casopis Te\u00f3ria a prax Farmaceutick\u00fd laborant\"}]},{\"@type\":\"WebSite\",\"@id\":\"https:\/\/moyzeska.sk\/#website\",\"url\":\"https:\/\/moyzeska.sk\/\",\"name\":\"Stredn\u00e1 zdravotn\u00edcka \u0161kola, Moyzesova 17, Ko\u0161ice\",\"description\":\"\",\"publisher\":{\"@id\":\"https:\/\/moyzeska.sk\/#organization\"},\"potentialAction\":[{\"@type\":\"SearchAction\",\"target\":{\"@type\":\"EntryPoint\",\"urlTemplate\":\"https:\/\/moyzeska.sk\/?s={search_term_string}\"},\"query-input\":\"required name=search_term_string\"}],\"inLanguage\":\"sk-SK\"},{\"@type\":\"Organization\",\"@id\":\"https:\/\/moyzeska.sk\/#organization\",\"name\":\"Stredn\u00e1 zdravotn\u00edcka \u0161kola, Moyzesova 17, Ko\u0161ice\",\"url\":\"https:\/\/moyzeska.sk\/\",\"logo\":{\"@type\":\"ImageObject\",\"inLanguage\":\"sk-SK\",\"@id\":\"https:\/\/moyzeska.sk\/#\/schema\/logo\/image\/\",\"url\":\"https:\/\/moyzeska.sk\/wp-content\/uploads\/2020\/09\/SZS-logo.png\",\"contentUrl\":\"https:\/\/moyzeska.sk\/wp-content\/uploads\/2020\/09\/SZS-logo.png\",\"width\":300,\"height\":300,\"caption\":\"Stredn\u00e1 zdravotn\u00edcka \u0161kola, Moyzesova 17, Ko\u0161ice\"},\"image\":{\"@id\":\"https:\/\/moyzeska.sk\/#\/schema\/logo\/image\/\"},\"sameAs\":[\"https:\/\/www.facebook.com\/Moyzeska\",\"https:\/\/www.instagram.com\/moyzeska\/\"]}]}<\/script>\n<!-- \/ Yoast SEO plugin. -->","yoast_head_json":{"title":"\u010casopis Te\u00f3ria a prax Farmaceutick\u00fd laborant - Stredn\u00e1 zdravotn\u00edcka \u0161kola, Moyzesova 17, Ko\u0161ice","robots":{"index":"index","follow":"follow","max-snippet":"max-snippet:-1","max-image-preview":"max-image-preview:large","max-video-preview":"max-video-preview:-1"},"canonical":"https:\/\/moyzeska.sk\/index.php\/casopis-teoria-a-prax-farmaceuticky-laborant\/","og_locale":"sk_SK","og_type":"article","og_title":"\u010casopis Te\u00f3ria a prax Farmaceutick\u00fd laborant - Stredn\u00e1 zdravotn\u00edcka \u0161kola, Moyzesova 17, Ko\u0161ice","og_description":"\u010casopis Te\u00f3ria a prax I Farmaceutick\u00fd laborant je spont\u00e1nnou reakciou na po\u017eiadavku farmaceutick\u00fdch laborantov v praxi ma\u0165 vlastn\u00fd \u010dasopis. Je garantovan\u00fd Odbornou sekciou farmaceutick\u00fdch laborantov Slovenskej spolo\u010dnosti laborantov a asistentov v zdravotn\u00edctve a Sekciou laborantov Slovenskej komory medic\u00ednsko-technick\u00fdch pracovn\u00edkov. Vych\u00e1dza 6-kr\u00e1t za rok. Cie\u013eom \u010dasopisu je:","og_url":"https:\/\/moyzeska.sk\/index.php\/casopis-teoria-a-prax-farmaceuticky-laborant\/","og_site_name":"Stredn\u00e1 zdravotn\u00edcka \u0161kola, Moyzesova 17, Ko\u0161ice","article_publisher":"https:\/\/www.facebook.com\/Moyzeska","article_modified_time":"2026-03-24T06:13:24+00:00","twitter_card":"summary_large_image","twitter_misc":{"Predpokladan\u00fd \u010das \u010d\u00edtania":"1 min\u00fata"},"schema":{"@context":"https:\/\/schema.org","@graph":[{"@type":"WebPage","@id":"https:\/\/moyzeska.sk\/index.php\/casopis-teoria-a-prax-farmaceuticky-laborant\/","url":"https:\/\/moyzeska.sk\/index.php\/casopis-teoria-a-prax-farmaceuticky-laborant\/","name":"\u010casopis Te\u00f3ria a prax Farmaceutick\u00fd laborant - Stredn\u00e1 zdravotn\u00edcka \u0161kola, Moyzesova 17, Ko\u0161ice","isPartOf":{"@id":"https:\/\/moyzeska.sk\/#website"},"datePublished":"2022-03-08T07:57:32+00:00","dateModified":"2026-03-24T06:13:24+00:00","breadcrumb":{"@id":"https:\/\/moyzeska.sk\/index.php\/casopis-teoria-a-prax-farmaceuticky-laborant\/#breadcrumb"},"inLanguage":"sk-SK","potentialAction":[{"@type":"ReadAction","target":["https:\/\/moyzeska.sk\/index.php\/casopis-teoria-a-prax-farmaceuticky-laborant\/"]}]},{"@type":"BreadcrumbList","@id":"https:\/\/moyzeska.sk\/index.php\/casopis-teoria-a-prax-farmaceuticky-laborant\/#breadcrumb","itemListElement":[{"@type":"ListItem","position":1,"name":"Home","item":"https:\/\/moyzeska.sk\/"},{"@type":"ListItem","position":2,"name":"\u010casopis Te\u00f3ria a prax Farmaceutick\u00fd laborant"}]},{"@type":"WebSite","@id":"https:\/\/moyzeska.sk\/#website","url":"https:\/\/moyzeska.sk\/","name":"Stredn\u00e1 zdravotn\u00edcka \u0161kola, Moyzesova 17, Ko\u0161ice","description":"","publisher":{"@id":"https:\/\/moyzeska.sk\/#organization"},"potentialAction":[{"@type":"SearchAction","target":{"@type":"EntryPoint","urlTemplate":"https:\/\/moyzeska.sk\/?s={search_term_string}"},"query-input":"required name=search_term_string"}],"inLanguage":"sk-SK"},{"@type":"Organization","@id":"https:\/\/moyzeska.sk\/#organization","name":"Stredn\u00e1 zdravotn\u00edcka \u0161kola, Moyzesova 17, Ko\u0161ice","url":"https:\/\/moyzeska.sk\/","logo":{"@type":"ImageObject","inLanguage":"sk-SK","@id":"https:\/\/moyzeska.sk\/#\/schema\/logo\/image\/","url":"https:\/\/moyzeska.sk\/wp-content\/uploads\/2020\/09\/SZS-logo.png","contentUrl":"https:\/\/moyzeska.sk\/wp-content\/uploads\/2020\/09\/SZS-logo.png","width":300,"height":300,"caption":"Stredn\u00e1 zdravotn\u00edcka \u0161kola, Moyzesova 17, Ko\u0161ice"},"image":{"@id":"https:\/\/moyzeska.sk\/#\/schema\/logo\/image\/"},"sameAs":["https:\/\/www.facebook.com\/Moyzeska","https:\/\/www.instagram.com\/moyzeska\/"]}]}},"_links":{"self":[{"href":"https:\/\/moyzeska.sk\/index.php\/wp-json\/wp\/v2\/pages\/3523"}],"collection":[{"href":"https:\/\/moyzeska.sk\/index.php\/wp-json\/wp\/v2\/pages"}],"about":[{"href":"https:\/\/moyzeska.sk\/index.php\/wp-json\/wp\/v2\/types\/page"}],"author":[{"embeddable":true,"href":"https:\/\/moyzeska.sk\/index.php\/wp-json\/wp\/v2\/users\/1"}],"replies":[{"embeddable":true,"href":"https:\/\/moyzeska.sk\/index.php\/wp-json\/wp\/v2\/comments?post=3523"}],"version-history":[{"count":6,"href":"https:\/\/moyzeska.sk\/index.php\/wp-json\/wp\/v2\/pages\/3523\/revisions"}],"predecessor-version":[{"id":8992,"href":"https:\/\/moyzeska.sk\/index.php\/wp-json\/wp\/v2\/pages\/3523\/revisions\/8992"}],"wp:attachment":[{"href":"https:\/\/moyzeska.sk\/index.php\/wp-json\/wp\/v2\/media?parent=3523"}],"curies":[{"name":"wp","href":"https:\/\/api.w.org\/{rel}","templated":true}]}}