{"id":3492,"date":"2022-02-25T14:54:57","date_gmt":"2022-02-25T13:54:57","guid":{"rendered":"https:\/\/moyzeska.sk\/?page_id=3492"},"modified":"2026-02-10T07:10:45","modified_gmt":"2026-02-10T06:10:45","slug":"darujte-2-nasej-skole","status":"publish","type":"page","link":"https:\/\/moyzeska.sk\/index.php\/darujte-2-nasej-skole\/","title":{"rendered":"Darujte 2% na\u0161ej \u0161kole"},"content":{"rendered":"\n<p><strong>V\u00e1\u017een\u00ed rodi\u010dia a priatelia \u0161koly,<\/strong><\/p>\n\n\n\n<p><strong>pom\u00f4\u017ete n\u00e1m skvalitni\u0165 v\u00fdchovno-vzdel\u00e1vac\u00ed proces na \u0161kole darovan\u00edm 2% z dane!<\/strong><\/p>\n\n\n\n<p>Z\u00e1kon V\u00e1m umo\u017e\u0148uje darova\u0165 2 % zo svojich dan\u00ed z pr\u00edjmov neziskovej organiz\u00e1cii, ako je aj na\u0161e Rodi\u010dovsk\u00e9 zdru\u017eenie. Tento dar V\u00e1s ni\u010d nestoj\u00ed, preto\u017ee da\u0148 by ste inak odviedli \u0161t\u00e1tu. Va\u0161e 2 % pre n\u00e1s znamenaj\u00fa prejavenie d\u00f4very a podporu v rozv\u00edjan\u00ed na\u0161ich aktiv\u00edt v prospech Va\u0161ich det\u00ed. Vyu\u017eite mo\u017enos\u0165 rozhodn\u00fa\u0165 o Va\u0161ich 2%!<\/p>\n\n\n\n<p>Finan\u010dn\u00e9 prostriedky bud\u00fa pou\u017eit\u00e9 na:<\/p>\n\n\n\n<ul>\n<li>skvalitnenie v\u00fdchovno-vzdel\u00e1vacieho procesu v \u0161kole,<\/li>\n\n\n\n<li>skvalitnenie vybavenia \u0161koly.<\/li>\n<\/ul>\n\n\n\n<p>Ak sa rozhodnete darova\u0165 n\u00e1m 2% zo svojich dan\u00ed z pr\u00edjmu, pripravili sme pre V\u00e1s stru\u010dn\u00fd n\u00e1vod, ako postupova\u0165:<\/p>\n\n\n\n<p><strong><u>Ste zamestnanec a ro\u010dn\u00e9 z\u00fa\u010dtovanie dane za V\u00e1s rob\u00ed zamestn\u00e1vate\u013e?<\/u><\/strong><\/p>\n\n\n\n<p>Po\u017eiadajte zamestn\u00e1vate\u013ea, aby V\u00e1m vystavil\u00a0 <a href=\"https:\/\/moyzeska.sk\/wp-content\/uploads\/2026\/02\/Potvrdenie_o_zaplateni_dane_z_prijmov_zo_zavislej_cinnosti.pdf\">Potvrdenie o zaplaten\u00ed dane z pr\u00edjmov zo z\u00e1vislej \u010dinnosti<\/a><\/p>\n\n\n\n<p>Z tohto Potvrdenia si viete zisti\u0165 d\u00e1tum zaplatenia dane a vypo\u010d\u00edta\u0165 2% z Va\u0161ej zaplatenej dane &#8211; to je maxim\u00e1lna suma, ktor\u00fa m\u00f4\u017eete v prospech prij\u00edmate\u013ea pouk\u00e1za\u0165. T\u00e1to suma v\u0161ak mus\u00ed by\u0165 minim\u00e1lne 3\u20ac.<\/p>\n\n\n\n<p>Stiahnite si a vypl\u0148te\u00a0\u00a0 <a href=\"https:\/\/moyzeska.sk\/wp-content\/uploads\/2026\/02\/Vyhlasenie_o_poukazani_podielu_zaplatenej_dane_z_prijmov_FO.pdf\">Vyhl\u00e1senie o pouk\u00e1zan\u00ed podielu zaplatenej dane z pr\u00edjmov fyzickej osoby,<\/a> v\u00a0ktorom s\u00fa u\u017e vyplnen\u00e9 \u00fadaje o\u00a0prij\u00edmate\u013eovi.<\/p>\n\n\n\n<p><br>Obe tieto tla\u010div\u00e1 (Vyhl\u00e1senie spolu s Potvrden\u00edm), doru\u010dte <strong>do 30. apr\u00edla 2026<\/strong> na da\u0148ov\u00fd \u00farad pod\u013ea V\u00e1\u0161ho bydliska.<\/p>\n\n\n\n<p><strong><u>Pod\u00e1vate si da\u0148ov\u00e9 priznanie sami?<\/u><\/strong><\/p>\n\n\n\n<p>Riadne vypl\u0148te da\u0148ov\u00e9 priznanie.<\/p>\n\n\n\n<p>Vypo\u010d\u00edtajte si Va\u0161e 2% z dane z pr\u00edjmov fyzickej osoby \u2013 to je maxim\u00e1lna suma, ktor\u00fa n\u00e1m m\u00f4\u017eete pouk\u00e1za\u0165, minim\u00e1lne v\u0161ak 3\u20ac .<\/p>\n\n\n\n<p>V da\u0148ovom priznan\u00ed pre fyzick\u00e9 osoby s\u00fa u\u017e uveden\u00e9 kol\u00f3nky na pouk\u00e1zanie 2% z dane v prospech 1 prij\u00edmate\u013ea (typ A VIII. Oddiel priznania, typ B XII. Oddiel priznania). \u00dadaje, ktor\u00e9 potrebujete do da\u0148ov\u00e9ho priznania uvies\u0165:<\/p>\n\n\n\n<p><strong>Obchodn\u00e9 meno (n\u00e1zov):<\/strong>&nbsp;Zdru\u017eenie rodi\u010dov pri Strednej zdravotn\u00edckej \u0161kole v Ko\u0161iciach<br><strong>S\u00eddlo:<\/strong>&nbsp;Moyzesova 17, 040 01 Ko\u0161ice<br><strong>Pr\u00e1vna forma:<\/strong>&nbsp;Ob\u010dianske zdru\u017eenie pod\u013ea z\u00e1kona \u010d. 83\/1990 Zb. o zdru\u017eovan\u00ed ob\u010danov v znen\u00ed neskor\u0161\u00edch predpisov<br><strong>I\u010cO:<\/strong>&nbsp;31265758<\/p>\n\n\n\n<p>\u00a0Riadne vyplnen\u00e9 da\u0148ov\u00e9 priznanie doru\u010dte v lehote, ktor\u00fa m\u00e1te na podanie da\u0148ov\u00e9ho priznania (zvy\u010dajne do 31.3.2026) na da\u0148ov\u00fd \u00farad pod\u013ea V\u00e1\u0161ho bydliska.<\/p>\n\n\n\n<p><strong><u>Postup pre pr\u00e1vnick\u00e9 osoby<\/u><\/strong><\/p>\n\n\n\n<p>Riadne vypl\u0148te da\u0148ov\u00e9 priznanie.<\/p>\n\n\n\n<p>Vypo\u010d\u00edtajte si Va\u0161e 1% z dane z pr\u00edjmov pr\u00e1vnickej osoby \u2013 to je maxim\u00e1lna suma, ktor\u00fa n\u00e1m m\u00f4\u017eete pouk\u00e1za\u0165. M\u00f4\u017eete ur\u010di\u0165 jedn\u00e9ho alebo viacer\u00fdch prij\u00edmate\u013eov s uveden\u00edm pr\u00edslu\u0161n\u00fdch s\u00fam (ka\u017ed\u00e9mu v\u0161ak najmenej 8 Eur).<\/p>\n\n\n\n<p>V da\u0148ovom priznan\u00ed pre pr\u00e1vnick\u00e9 osoby s\u00fa u\u017e uveden\u00e9 kol\u00f3nky na pouk\u00e1zanie 1% z dane v prospech 3 prij\u00edmate\u013eov (IV. \u010das\u0165 priznania). \u00dadaje, ktor\u00e9 potrebujete do da\u0148ov\u00e9ho priznania uvies\u0165:<\/p>\n\n\n\n<p><strong>Obchodn\u00e9 meno (n\u00e1zov):<\/strong>&nbsp;Zdru\u017eenie rodi\u010dov pri Strednej zdravotn\u00edckej \u0161kole v Ko\u0161iciach<br><strong>S\u00eddlo:<\/strong>&nbsp;Moyzesova 17, 040 01 Ko\u0161ice<br><strong>Pr\u00e1vna forma:<\/strong>&nbsp;Ob\u010dianske zdru\u017eenie pod\u013ea z\u00e1kona \u010d. 83\/1990 Zb. o zdru\u017eovan\u00ed ob\u010danov v znen\u00ed neskor\u0161\u00edch predpisov<br><strong>I\u010cO:<\/strong>&nbsp;31265758<\/p>\n\n\n\n<p>Pokia\u013e ste si vybrali viac ako troch prij\u00edmate\u013eov, vlo\u017ete do da\u0148ov\u00e9ho priznania \u010fal\u0161\u00ed list papiera ako pr\u00edlohu.<\/p>\n\n\n\n<p>Riadne vyplnen\u00e9 da\u0148ov\u00e9 priznanie doru\u010dte v lehote, ktor\u00fa m\u00e1te na podanie da\u0148ov\u00e9ho priznania na V\u00e1\u0161 da\u0148ov\u00fd \u00farad (zvy\u010dajne pod\u013ea V\u00e1\u0161ho s\u00eddla) a v tomto term\u00edne aj zapla\u0165te da\u0148 z pr\u00edjmov.<\/p>\n\n\n\n<p>\u010eakujeme.<\/p>\n","protected":false},"excerpt":{"rendered":"<p>V\u00e1\u017een\u00ed rodi\u010dia a priatelia \u0161koly, pom\u00f4\u017ete n\u00e1m skvalitni\u0165 v\u00fdchovno-vzdel\u00e1vac\u00ed proces na \u0161kole darovan\u00edm 2% z dane! Z\u00e1kon V\u00e1m umo\u017e\u0148uje darova\u0165 2 % zo svojich dan\u00ed z pr\u00edjmov neziskovej organiz\u00e1cii, ako je aj na\u0161e Rodi\u010dovsk\u00e9 zdru\u017eenie. Tento dar V\u00e1s ni\u010d nestoj\u00ed, preto\u017ee da\u0148 by ste inak odviedli \u0161t\u00e1tu. Va\u0161e 2 % pre n\u00e1s znamenaj\u00fa prejavenie d\u00f4very &hellip;<br \/><a href=\"https:\/\/moyzeska.sk\/index.php\/darujte-2-nasej-skole\/\" class=\"more-link pen_button pen_element_default pen_icon_arrow_double\">Zobrazi\u0165<\/a><\/p>\n","protected":false},"author":1,"featured_media":0,"parent":0,"menu_order":0,"comment_status":"closed","ping_status":"closed","template":"","meta":{"_monsterinsights_skip_tracking":false,"_monsterinsights_sitenote_active":false,"_monsterinsights_sitenote_note":"","_monsterinsights_sitenote_category":0},"yoast_head":"<!-- This site is optimized with the Yoast SEO plugin v21.8.1 - https:\/\/yoast.com\/wordpress\/plugins\/seo\/ -->\n<title>Darujte 2% na\u0161ej \u0161kole - Stredn\u00e1 zdravotn\u00edcka \u0161kola, Moyzesova 17, Ko\u0161ice<\/title>\n<meta name=\"robots\" content=\"index, follow, max-snippet:-1, max-image-preview:large, max-video-preview:-1\" \/>\n<link rel=\"canonical\" href=\"https:\/\/moyzeska.sk\/index.php\/darujte-2-nasej-skole\/\" \/>\n<meta property=\"og:locale\" content=\"sk_SK\" \/>\n<meta property=\"og:type\" content=\"article\" \/>\n<meta property=\"og:title\" content=\"Darujte 2% na\u0161ej \u0161kole - Stredn\u00e1 zdravotn\u00edcka \u0161kola, Moyzesova 17, Ko\u0161ice\" \/>\n<meta property=\"og:description\" content=\"V\u00e1\u017een\u00ed rodi\u010dia a priatelia \u0161koly, pom\u00f4\u017ete n\u00e1m skvalitni\u0165 v\u00fdchovno-vzdel\u00e1vac\u00ed proces na \u0161kole darovan\u00edm 2% z dane! Z\u00e1kon V\u00e1m umo\u017e\u0148uje darova\u0165 2 % zo svojich dan\u00ed z pr\u00edjmov neziskovej organiz\u00e1cii, ako je aj na\u0161e Rodi\u010dovsk\u00e9 zdru\u017eenie. Tento dar V\u00e1s ni\u010d nestoj\u00ed, preto\u017ee da\u0148 by ste inak odviedli \u0161t\u00e1tu. Va\u0161e 2 % pre n\u00e1s znamenaj\u00fa prejavenie d\u00f4very &hellip;Zobrazi\u0165\" \/>\n<meta property=\"og:url\" content=\"https:\/\/moyzeska.sk\/index.php\/darujte-2-nasej-skole\/\" \/>\n<meta property=\"og:site_name\" content=\"Stredn\u00e1 zdravotn\u00edcka \u0161kola, Moyzesova 17, Ko\u0161ice\" \/>\n<meta property=\"article:publisher\" content=\"https:\/\/www.facebook.com\/Moyzeska\" \/>\n<meta property=\"article:modified_time\" content=\"2026-02-10T06:10:45+00:00\" \/>\n<meta name=\"twitter:card\" content=\"summary_large_image\" \/>\n<meta name=\"twitter:label1\" content=\"Predpokladan\u00fd \u010das \u010d\u00edtania\" \/>\n\t<meta name=\"twitter:data1\" content=\"3 min\u00faty\" \/>\n<script type=\"application\/ld+json\" class=\"yoast-schema-graph\">{\"@context\":\"https:\/\/schema.org\",\"@graph\":[{\"@type\":\"WebPage\",\"@id\":\"https:\/\/moyzeska.sk\/index.php\/darujte-2-nasej-skole\/\",\"url\":\"https:\/\/moyzeska.sk\/index.php\/darujte-2-nasej-skole\/\",\"name\":\"Darujte 2% na\u0161ej \u0161kole - Stredn\u00e1 zdravotn\u00edcka \u0161kola, Moyzesova 17, Ko\u0161ice\",\"isPartOf\":{\"@id\":\"https:\/\/moyzeska.sk\/#website\"},\"datePublished\":\"2022-02-25T13:54:57+00:00\",\"dateModified\":\"2026-02-10T06:10:45+00:00\",\"breadcrumb\":{\"@id\":\"https:\/\/moyzeska.sk\/index.php\/darujte-2-nasej-skole\/#breadcrumb\"},\"inLanguage\":\"sk-SK\",\"potentialAction\":[{\"@type\":\"ReadAction\",\"target\":[\"https:\/\/moyzeska.sk\/index.php\/darujte-2-nasej-skole\/\"]}]},{\"@type\":\"BreadcrumbList\",\"@id\":\"https:\/\/moyzeska.sk\/index.php\/darujte-2-nasej-skole\/#breadcrumb\",\"itemListElement\":[{\"@type\":\"ListItem\",\"position\":1,\"name\":\"Home\",\"item\":\"https:\/\/moyzeska.sk\/\"},{\"@type\":\"ListItem\",\"position\":2,\"name\":\"Darujte 2% na\u0161ej \u0161kole\"}]},{\"@type\":\"WebSite\",\"@id\":\"https:\/\/moyzeska.sk\/#website\",\"url\":\"https:\/\/moyzeska.sk\/\",\"name\":\"Stredn\u00e1 zdravotn\u00edcka \u0161kola, Moyzesova 17, Ko\u0161ice\",\"description\":\"\",\"publisher\":{\"@id\":\"https:\/\/moyzeska.sk\/#organization\"},\"potentialAction\":[{\"@type\":\"SearchAction\",\"target\":{\"@type\":\"EntryPoint\",\"urlTemplate\":\"https:\/\/moyzeska.sk\/?s={search_term_string}\"},\"query-input\":\"required name=search_term_string\"}],\"inLanguage\":\"sk-SK\"},{\"@type\":\"Organization\",\"@id\":\"https:\/\/moyzeska.sk\/#organization\",\"name\":\"Stredn\u00e1 zdravotn\u00edcka \u0161kola, Moyzesova 17, Ko\u0161ice\",\"url\":\"https:\/\/moyzeska.sk\/\",\"logo\":{\"@type\":\"ImageObject\",\"inLanguage\":\"sk-SK\",\"@id\":\"https:\/\/moyzeska.sk\/#\/schema\/logo\/image\/\",\"url\":\"https:\/\/moyzeska.sk\/wp-content\/uploads\/2020\/09\/SZS-logo.png\",\"contentUrl\":\"https:\/\/moyzeska.sk\/wp-content\/uploads\/2020\/09\/SZS-logo.png\",\"width\":300,\"height\":300,\"caption\":\"Stredn\u00e1 zdravotn\u00edcka \u0161kola, Moyzesova 17, Ko\u0161ice\"},\"image\":{\"@id\":\"https:\/\/moyzeska.sk\/#\/schema\/logo\/image\/\"},\"sameAs\":[\"https:\/\/www.facebook.com\/Moyzeska\",\"https:\/\/www.instagram.com\/moyzeska\/\"]}]}<\/script>\n<!-- \/ Yoast SEO plugin. -->","yoast_head_json":{"title":"Darujte 2% na\u0161ej \u0161kole - Stredn\u00e1 zdravotn\u00edcka \u0161kola, Moyzesova 17, Ko\u0161ice","robots":{"index":"index","follow":"follow","max-snippet":"max-snippet:-1","max-image-preview":"max-image-preview:large","max-video-preview":"max-video-preview:-1"},"canonical":"https:\/\/moyzeska.sk\/index.php\/darujte-2-nasej-skole\/","og_locale":"sk_SK","og_type":"article","og_title":"Darujte 2% na\u0161ej \u0161kole - Stredn\u00e1 zdravotn\u00edcka \u0161kola, Moyzesova 17, Ko\u0161ice","og_description":"V\u00e1\u017een\u00ed rodi\u010dia a priatelia \u0161koly, pom\u00f4\u017ete n\u00e1m skvalitni\u0165 v\u00fdchovno-vzdel\u00e1vac\u00ed proces na \u0161kole darovan\u00edm 2% z dane! Z\u00e1kon V\u00e1m umo\u017e\u0148uje darova\u0165 2 % zo svojich dan\u00ed z pr\u00edjmov neziskovej organiz\u00e1cii, ako je aj na\u0161e Rodi\u010dovsk\u00e9 zdru\u017eenie. Tento dar V\u00e1s ni\u010d nestoj\u00ed, preto\u017ee da\u0148 by ste inak odviedli \u0161t\u00e1tu. Va\u0161e 2 % pre n\u00e1s znamenaj\u00fa prejavenie d\u00f4very &hellip;Zobrazi\u0165","og_url":"https:\/\/moyzeska.sk\/index.php\/darujte-2-nasej-skole\/","og_site_name":"Stredn\u00e1 zdravotn\u00edcka \u0161kola, Moyzesova 17, Ko\u0161ice","article_publisher":"https:\/\/www.facebook.com\/Moyzeska","article_modified_time":"2026-02-10T06:10:45+00:00","twitter_card":"summary_large_image","twitter_misc":{"Predpokladan\u00fd \u010das \u010d\u00edtania":"3 min\u00faty"},"schema":{"@context":"https:\/\/schema.org","@graph":[{"@type":"WebPage","@id":"https:\/\/moyzeska.sk\/index.php\/darujte-2-nasej-skole\/","url":"https:\/\/moyzeska.sk\/index.php\/darujte-2-nasej-skole\/","name":"Darujte 2% na\u0161ej \u0161kole - Stredn\u00e1 zdravotn\u00edcka \u0161kola, Moyzesova 17, Ko\u0161ice","isPartOf":{"@id":"https:\/\/moyzeska.sk\/#website"},"datePublished":"2022-02-25T13:54:57+00:00","dateModified":"2026-02-10T06:10:45+00:00","breadcrumb":{"@id":"https:\/\/moyzeska.sk\/index.php\/darujte-2-nasej-skole\/#breadcrumb"},"inLanguage":"sk-SK","potentialAction":[{"@type":"ReadAction","target":["https:\/\/moyzeska.sk\/index.php\/darujte-2-nasej-skole\/"]}]},{"@type":"BreadcrumbList","@id":"https:\/\/moyzeska.sk\/index.php\/darujte-2-nasej-skole\/#breadcrumb","itemListElement":[{"@type":"ListItem","position":1,"name":"Home","item":"https:\/\/moyzeska.sk\/"},{"@type":"ListItem","position":2,"name":"Darujte 2% na\u0161ej \u0161kole"}]},{"@type":"WebSite","@id":"https:\/\/moyzeska.sk\/#website","url":"https:\/\/moyzeska.sk\/","name":"Stredn\u00e1 zdravotn\u00edcka \u0161kola, Moyzesova 17, Ko\u0161ice","description":"","publisher":{"@id":"https:\/\/moyzeska.sk\/#organization"},"potentialAction":[{"@type":"SearchAction","target":{"@type":"EntryPoint","urlTemplate":"https:\/\/moyzeska.sk\/?s={search_term_string}"},"query-input":"required name=search_term_string"}],"inLanguage":"sk-SK"},{"@type":"Organization","@id":"https:\/\/moyzeska.sk\/#organization","name":"Stredn\u00e1 zdravotn\u00edcka \u0161kola, Moyzesova 17, Ko\u0161ice","url":"https:\/\/moyzeska.sk\/","logo":{"@type":"ImageObject","inLanguage":"sk-SK","@id":"https:\/\/moyzeska.sk\/#\/schema\/logo\/image\/","url":"https:\/\/moyzeska.sk\/wp-content\/uploads\/2020\/09\/SZS-logo.png","contentUrl":"https:\/\/moyzeska.sk\/wp-content\/uploads\/2020\/09\/SZS-logo.png","width":300,"height":300,"caption":"Stredn\u00e1 zdravotn\u00edcka \u0161kola, Moyzesova 17, Ko\u0161ice"},"image":{"@id":"https:\/\/moyzeska.sk\/#\/schema\/logo\/image\/"},"sameAs":["https:\/\/www.facebook.com\/Moyzeska","https:\/\/www.instagram.com\/moyzeska\/"]}]}},"_links":{"self":[{"href":"https:\/\/moyzeska.sk\/index.php\/wp-json\/wp\/v2\/pages\/3492"}],"collection":[{"href":"https:\/\/moyzeska.sk\/index.php\/wp-json\/wp\/v2\/pages"}],"about":[{"href":"https:\/\/moyzeska.sk\/index.php\/wp-json\/wp\/v2\/types\/page"}],"author":[{"embeddable":true,"href":"https:\/\/moyzeska.sk\/index.php\/wp-json\/wp\/v2\/users\/1"}],"replies":[{"embeddable":true,"href":"https:\/\/moyzeska.sk\/index.php\/wp-json\/wp\/v2\/comments?post=3492"}],"version-history":[{"count":5,"href":"https:\/\/moyzeska.sk\/index.php\/wp-json\/wp\/v2\/pages\/3492\/revisions"}],"predecessor-version":[{"id":8735,"href":"https:\/\/moyzeska.sk\/index.php\/wp-json\/wp\/v2\/pages\/3492\/revisions\/8735"}],"wp:attachment":[{"href":"https:\/\/moyzeska.sk\/index.php\/wp-json\/wp\/v2\/media?parent=3492"}],"curies":[{"name":"wp","href":"https:\/\/api.w.org\/{rel}","templated":true}]}}