{"id":3463,"date":"2022-02-16T10:14:24","date_gmt":"2022-02-16T09:14:24","guid":{"rendered":"https:\/\/moyzeska.sk\/?page_id=3463"},"modified":"2022-02-16T10:14:25","modified_gmt":"2022-02-16T09:14:25","slug":"internet-dobry-sluha-zly-pan","status":"publish","type":"page","link":"https:\/\/moyzeska.sk\/index.php\/internet-dobry-sluha-zly-pan\/","title":{"rendered":"Internet &#8211; dobr\u00fd sluha, zl\u00fd p\u00e1n"},"content":{"rendered":"\n<p>D\u0148a 11.2.2022 sa prostredn\u00edctvom platformy MS Teams uskuto\u010dnila predn\u00e1\u0161ka na t\u00e9mu <strong>\u201eInternet &#8211; dobr\u00fd sluha, zl\u00fd p\u00e1n\u201c <\/strong>pri pr\u00edle\u017eitosti D\u0148a pre bezpe\u010dnej\u0161\u00ed internet.<\/p>\n\n\n\n<p>Predn\u00e1\u0161ku viedol bezpe\u010dnostn\u00fd analytik RNDr. JUDr. Pavol Sokol, PhD., &nbsp;ktor\u00fd je ved\u00facim \u00daseku informa\u010dnej a kybernetickej bezpe\u010dnosti z Centra aplikovanej informatiky Pr\u00edrodovedeckej fakulty Univerzity Pavla Jozefa \u0160af\u00e1rika v Ko\u0161iciach.<\/p>\n\n\n\n<p>T\u00e9mou predn\u00e1\u0161ky bolo:<\/p>\n\n\n\n<ul><li>soci\u00e1lne in\u017einierstvo,<\/li><li>Phishing,\u00a0<\/li><li>ako si zvoli\u0165 siln\u00e9 heslo,<\/li><li>\u00fanik d\u00e1t zo soci\u00e1lnych siet\u00ed,<\/li><li>Malware,<\/li><li>Ransomware,<\/li><li>sp\u00f4soby ochrany pred uveden\u00fdmi rizikami.<\/li><\/ul>\n\n\n\n<div class=\"wp-block-image\"><figure class=\"aligncenter size-large\"><img decoding=\"async\" loading=\"lazy\" width=\"605\" height=\"339\" src=\"https:\/\/moyzeska.sk\/wp-content\/uploads\/2022\/02\/Internet.jpg\" alt=\"\" class=\"wp-image-3464\" srcset=\"https:\/\/moyzeska.sk\/wp-content\/uploads\/2022\/02\/Internet.jpg 605w, https:\/\/moyzeska.sk\/wp-content\/uploads\/2022\/02\/Internet-300x168.jpg 300w\" sizes=\"(max-width: 605px) 100vw, 605px\" \/><\/figure><\/div>\n\n\n\n<p>Odkaz na prezent\u00e1ciu k&nbsp;uvedenej predn\u00e1\u0161ke: <a href=\"https:\/\/csirt.upjs.sk\/dokumenty\/Internet.pdf\" target=\"_blank\" rel=\"noreferrer noopener\">https:\/\/csirt.upjs.sk\/dokumenty\/Internet.pdf<\/a><\/p>\n\n\n\n<p>\u010eakujeme za zrealizovanie uvedenej predn\u00e1\u0161ky a&nbsp;te\u0161\u00edme sa na \u010fal\u0161iu spolupr\u00e1cu.<\/p>\n\n\n\n<p class=\"has-text-align-right\">Ing. Vladim\u00edr Len\u010d\u00e1k<\/p>\n\n\n\n<p class=\"has-text-align-right\">\u0161kolsk\u00fd digit\u00e1lny koordin\u00e1tor<\/p>\n","protected":false},"excerpt":{"rendered":"<p>D\u0148a 11.2.2022 sa prostredn\u00edctvom platformy MS Teams uskuto\u010dnila predn\u00e1\u0161ka na t\u00e9mu \u201eInternet &#8211; dobr\u00fd sluha, zl\u00fd p\u00e1n\u201c pri pr\u00edle\u017eitosti D\u0148a pre bezpe\u010dnej\u0161\u00ed internet. Predn\u00e1\u0161ku viedol bezpe\u010dnostn\u00fd analytik RNDr. JUDr. Pavol Sokol, PhD., &nbsp;ktor\u00fd je ved\u00facim \u00daseku informa\u010dnej a kybernetickej bezpe\u010dnosti z Centra aplikovanej informatiky Pr\u00edrodovedeckej fakulty Univerzity Pavla Jozefa \u0160af\u00e1rika v Ko\u0161iciach. T\u00e9mou predn\u00e1\u0161ky bolo: &hellip;<br \/><a href=\"https:\/\/moyzeska.sk\/index.php\/internet-dobry-sluha-zly-pan\/\" class=\"more-link pen_button pen_element_default pen_icon_arrow_double\">Zobrazi\u0165<\/a><\/p>\n","protected":false},"author":1,"featured_media":0,"parent":0,"menu_order":0,"comment_status":"closed","ping_status":"closed","template":"","meta":{"_monsterinsights_skip_tracking":false,"_monsterinsights_sitenote_active":false,"_monsterinsights_sitenote_note":"","_monsterinsights_sitenote_category":0},"yoast_head":"<!-- This site is optimized with the Yoast SEO plugin v21.8.1 - https:\/\/yoast.com\/wordpress\/plugins\/seo\/ -->\n<title>Internet - dobr\u00fd sluha, zl\u00fd p\u00e1n - Stredn\u00e1 zdravotn\u00edcka \u0161kola, Moyzesova 17, Ko\u0161ice<\/title>\n<meta name=\"robots\" content=\"index, follow, max-snippet:-1, max-image-preview:large, max-video-preview:-1\" \/>\n<link rel=\"canonical\" href=\"https:\/\/moyzeska.sk\/index.php\/internet-dobry-sluha-zly-pan\/\" \/>\n<meta property=\"og:locale\" content=\"sk_SK\" \/>\n<meta property=\"og:type\" content=\"article\" \/>\n<meta property=\"og:title\" content=\"Internet - dobr\u00fd sluha, zl\u00fd p\u00e1n - Stredn\u00e1 zdravotn\u00edcka \u0161kola, Moyzesova 17, Ko\u0161ice\" \/>\n<meta property=\"og:description\" content=\"D\u0148a 11.2.2022 sa prostredn\u00edctvom platformy MS Teams uskuto\u010dnila predn\u00e1\u0161ka na t\u00e9mu \u201eInternet &#8211; dobr\u00fd sluha, zl\u00fd p\u00e1n\u201c pri pr\u00edle\u017eitosti D\u0148a pre bezpe\u010dnej\u0161\u00ed internet. Predn\u00e1\u0161ku viedol bezpe\u010dnostn\u00fd analytik RNDr. JUDr. Pavol Sokol, PhD., &nbsp;ktor\u00fd je ved\u00facim \u00daseku informa\u010dnej a kybernetickej bezpe\u010dnosti z Centra aplikovanej informatiky Pr\u00edrodovedeckej fakulty Univerzity Pavla Jozefa \u0160af\u00e1rika v Ko\u0161iciach. T\u00e9mou predn\u00e1\u0161ky bolo: &hellip;Zobrazi\u0165\" \/>\n<meta property=\"og:url\" content=\"https:\/\/moyzeska.sk\/index.php\/internet-dobry-sluha-zly-pan\/\" \/>\n<meta property=\"og:site_name\" content=\"Stredn\u00e1 zdravotn\u00edcka \u0161kola, Moyzesova 17, Ko\u0161ice\" \/>\n<meta property=\"article:publisher\" content=\"https:\/\/www.facebook.com\/Moyzeska\" \/>\n<meta property=\"article:modified_time\" content=\"2022-02-16T09:14:25+00:00\" \/>\n<meta property=\"og:image\" content=\"https:\/\/moyzeska.sk\/wp-content\/uploads\/2022\/02\/Internet.jpg\" \/>\n<meta name=\"twitter:card\" content=\"summary_large_image\" \/>\n<meta name=\"twitter:label1\" content=\"Predpokladan\u00fd \u010das \u010d\u00edtania\" \/>\n\t<meta name=\"twitter:data1\" content=\"1 min\u00fata\" \/>\n<script type=\"application\/ld+json\" class=\"yoast-schema-graph\">{\"@context\":\"https:\/\/schema.org\",\"@graph\":[{\"@type\":\"WebPage\",\"@id\":\"https:\/\/moyzeska.sk\/index.php\/internet-dobry-sluha-zly-pan\/\",\"url\":\"https:\/\/moyzeska.sk\/index.php\/internet-dobry-sluha-zly-pan\/\",\"name\":\"Internet - dobr\u00fd sluha, zl\u00fd p\u00e1n - Stredn\u00e1 zdravotn\u00edcka \u0161kola, Moyzesova 17, Ko\u0161ice\",\"isPartOf\":{\"@id\":\"https:\/\/moyzeska.sk\/#website\"},\"datePublished\":\"2022-02-16T09:14:24+00:00\",\"dateModified\":\"2022-02-16T09:14:25+00:00\",\"breadcrumb\":{\"@id\":\"https:\/\/moyzeska.sk\/index.php\/internet-dobry-sluha-zly-pan\/#breadcrumb\"},\"inLanguage\":\"sk-SK\",\"potentialAction\":[{\"@type\":\"ReadAction\",\"target\":[\"https:\/\/moyzeska.sk\/index.php\/internet-dobry-sluha-zly-pan\/\"]}]},{\"@type\":\"BreadcrumbList\",\"@id\":\"https:\/\/moyzeska.sk\/index.php\/internet-dobry-sluha-zly-pan\/#breadcrumb\",\"itemListElement\":[{\"@type\":\"ListItem\",\"position\":1,\"name\":\"Home\",\"item\":\"https:\/\/moyzeska.sk\/\"},{\"@type\":\"ListItem\",\"position\":2,\"name\":\"Internet &#8211; dobr\u00fd sluha, zl\u00fd p\u00e1n\"}]},{\"@type\":\"WebSite\",\"@id\":\"https:\/\/moyzeska.sk\/#website\",\"url\":\"https:\/\/moyzeska.sk\/\",\"name\":\"Stredn\u00e1 zdravotn\u00edcka \u0161kola, Moyzesova 17, Ko\u0161ice\",\"description\":\"\",\"publisher\":{\"@id\":\"https:\/\/moyzeska.sk\/#organization\"},\"potentialAction\":[{\"@type\":\"SearchAction\",\"target\":{\"@type\":\"EntryPoint\",\"urlTemplate\":\"https:\/\/moyzeska.sk\/?s={search_term_string}\"},\"query-input\":\"required name=search_term_string\"}],\"inLanguage\":\"sk-SK\"},{\"@type\":\"Organization\",\"@id\":\"https:\/\/moyzeska.sk\/#organization\",\"name\":\"Stredn\u00e1 zdravotn\u00edcka \u0161kola, Moyzesova 17, Ko\u0161ice\",\"url\":\"https:\/\/moyzeska.sk\/\",\"logo\":{\"@type\":\"ImageObject\",\"inLanguage\":\"sk-SK\",\"@id\":\"https:\/\/moyzeska.sk\/#\/schema\/logo\/image\/\",\"url\":\"https:\/\/moyzeska.sk\/wp-content\/uploads\/2020\/09\/SZS-logo.png\",\"contentUrl\":\"https:\/\/moyzeska.sk\/wp-content\/uploads\/2020\/09\/SZS-logo.png\",\"width\":300,\"height\":300,\"caption\":\"Stredn\u00e1 zdravotn\u00edcka \u0161kola, Moyzesova 17, Ko\u0161ice\"},\"image\":{\"@id\":\"https:\/\/moyzeska.sk\/#\/schema\/logo\/image\/\"},\"sameAs\":[\"https:\/\/www.facebook.com\/Moyzeska\",\"https:\/\/www.instagram.com\/moyzeska\/\"]}]}<\/script>\n<!-- \/ Yoast SEO plugin. -->","yoast_head_json":{"title":"Internet - dobr\u00fd sluha, zl\u00fd p\u00e1n - Stredn\u00e1 zdravotn\u00edcka \u0161kola, Moyzesova 17, Ko\u0161ice","robots":{"index":"index","follow":"follow","max-snippet":"max-snippet:-1","max-image-preview":"max-image-preview:large","max-video-preview":"max-video-preview:-1"},"canonical":"https:\/\/moyzeska.sk\/index.php\/internet-dobry-sluha-zly-pan\/","og_locale":"sk_SK","og_type":"article","og_title":"Internet - dobr\u00fd sluha, zl\u00fd p\u00e1n - Stredn\u00e1 zdravotn\u00edcka \u0161kola, Moyzesova 17, Ko\u0161ice","og_description":"D\u0148a 11.2.2022 sa prostredn\u00edctvom platformy MS Teams uskuto\u010dnila predn\u00e1\u0161ka na t\u00e9mu \u201eInternet &#8211; dobr\u00fd sluha, zl\u00fd p\u00e1n\u201c pri pr\u00edle\u017eitosti D\u0148a pre bezpe\u010dnej\u0161\u00ed internet. Predn\u00e1\u0161ku viedol bezpe\u010dnostn\u00fd analytik RNDr. JUDr. Pavol Sokol, PhD., &nbsp;ktor\u00fd je ved\u00facim \u00daseku informa\u010dnej a kybernetickej bezpe\u010dnosti z Centra aplikovanej informatiky Pr\u00edrodovedeckej fakulty Univerzity Pavla Jozefa \u0160af\u00e1rika v Ko\u0161iciach. T\u00e9mou predn\u00e1\u0161ky bolo: &hellip;Zobrazi\u0165","og_url":"https:\/\/moyzeska.sk\/index.php\/internet-dobry-sluha-zly-pan\/","og_site_name":"Stredn\u00e1 zdravotn\u00edcka \u0161kola, Moyzesova 17, Ko\u0161ice","article_publisher":"https:\/\/www.facebook.com\/Moyzeska","article_modified_time":"2022-02-16T09:14:25+00:00","og_image":[{"url":"https:\/\/moyzeska.sk\/wp-content\/uploads\/2022\/02\/Internet.jpg"}],"twitter_card":"summary_large_image","twitter_misc":{"Predpokladan\u00fd \u010das \u010d\u00edtania":"1 min\u00fata"},"schema":{"@context":"https:\/\/schema.org","@graph":[{"@type":"WebPage","@id":"https:\/\/moyzeska.sk\/index.php\/internet-dobry-sluha-zly-pan\/","url":"https:\/\/moyzeska.sk\/index.php\/internet-dobry-sluha-zly-pan\/","name":"Internet - dobr\u00fd sluha, zl\u00fd p\u00e1n - Stredn\u00e1 zdravotn\u00edcka \u0161kola, Moyzesova 17, Ko\u0161ice","isPartOf":{"@id":"https:\/\/moyzeska.sk\/#website"},"datePublished":"2022-02-16T09:14:24+00:00","dateModified":"2022-02-16T09:14:25+00:00","breadcrumb":{"@id":"https:\/\/moyzeska.sk\/index.php\/internet-dobry-sluha-zly-pan\/#breadcrumb"},"inLanguage":"sk-SK","potentialAction":[{"@type":"ReadAction","target":["https:\/\/moyzeska.sk\/index.php\/internet-dobry-sluha-zly-pan\/"]}]},{"@type":"BreadcrumbList","@id":"https:\/\/moyzeska.sk\/index.php\/internet-dobry-sluha-zly-pan\/#breadcrumb","itemListElement":[{"@type":"ListItem","position":1,"name":"Home","item":"https:\/\/moyzeska.sk\/"},{"@type":"ListItem","position":2,"name":"Internet &#8211; dobr\u00fd sluha, zl\u00fd p\u00e1n"}]},{"@type":"WebSite","@id":"https:\/\/moyzeska.sk\/#website","url":"https:\/\/moyzeska.sk\/","name":"Stredn\u00e1 zdravotn\u00edcka \u0161kola, Moyzesova 17, Ko\u0161ice","description":"","publisher":{"@id":"https:\/\/moyzeska.sk\/#organization"},"potentialAction":[{"@type":"SearchAction","target":{"@type":"EntryPoint","urlTemplate":"https:\/\/moyzeska.sk\/?s={search_term_string}"},"query-input":"required name=search_term_string"}],"inLanguage":"sk-SK"},{"@type":"Organization","@id":"https:\/\/moyzeska.sk\/#organization","name":"Stredn\u00e1 zdravotn\u00edcka \u0161kola, Moyzesova 17, Ko\u0161ice","url":"https:\/\/moyzeska.sk\/","logo":{"@type":"ImageObject","inLanguage":"sk-SK","@id":"https:\/\/moyzeska.sk\/#\/schema\/logo\/image\/","url":"https:\/\/moyzeska.sk\/wp-content\/uploads\/2020\/09\/SZS-logo.png","contentUrl":"https:\/\/moyzeska.sk\/wp-content\/uploads\/2020\/09\/SZS-logo.png","width":300,"height":300,"caption":"Stredn\u00e1 zdravotn\u00edcka \u0161kola, Moyzesova 17, Ko\u0161ice"},"image":{"@id":"https:\/\/moyzeska.sk\/#\/schema\/logo\/image\/"},"sameAs":["https:\/\/www.facebook.com\/Moyzeska","https:\/\/www.instagram.com\/moyzeska\/"]}]}},"_links":{"self":[{"href":"https:\/\/moyzeska.sk\/index.php\/wp-json\/wp\/v2\/pages\/3463"}],"collection":[{"href":"https:\/\/moyzeska.sk\/index.php\/wp-json\/wp\/v2\/pages"}],"about":[{"href":"https:\/\/moyzeska.sk\/index.php\/wp-json\/wp\/v2\/types\/page"}],"author":[{"embeddable":true,"href":"https:\/\/moyzeska.sk\/index.php\/wp-json\/wp\/v2\/users\/1"}],"replies":[{"embeddable":true,"href":"https:\/\/moyzeska.sk\/index.php\/wp-json\/wp\/v2\/comments?post=3463"}],"version-history":[{"count":2,"href":"https:\/\/moyzeska.sk\/index.php\/wp-json\/wp\/v2\/pages\/3463\/revisions"}],"predecessor-version":[{"id":3466,"href":"https:\/\/moyzeska.sk\/index.php\/wp-json\/wp\/v2\/pages\/3463\/revisions\/3466"}],"wp:attachment":[{"href":"https:\/\/moyzeska.sk\/index.php\/wp-json\/wp\/v2\/media?parent=3463"}],"curies":[{"name":"wp","href":"https:\/\/api.w.org\/{rel}","templated":true}]}}