{"id":3364,"date":"2022-01-18T08:19:55","date_gmt":"2022-01-18T07:19:55","guid":{"rendered":"https:\/\/moyzeska.sk\/?page_id=3364"},"modified":"2022-01-18T08:19:56","modified_gmt":"2022-01-18T07:19:56","slug":"zbierka-potravin","status":"publish","type":"page","link":"https:\/\/moyzeska.sk\/index.php\/zbierka-potravin\/","title":{"rendered":"Zbierka potrav\u00edn"},"content":{"rendered":"\n<p>Na\u0161i \u0161tudenti sa \u010dasto zap\u00e1jaj\u00fa do charitat\u00edvnych akci\u00ed na pomoc \u013eu\u010fom v n\u00fadzi. Poznaj\u00fa potrebu zdie\u013eania a prispievania nielen materi\u00e1lnou pomocou, ale aj vlastn\u00fdmi schopnos\u0165ami, vedomos\u0165ami, etick\u00fdm pr\u00edstupom. Zdokona\u013euj\u00fa sa tak v profesion\u00e1lnych zru\u010dnostiach, preto\u017ee jedn\u00fdm z cie\u013eov v\u00fdchovnovzdel\u00e1vacieho procesu je vies\u0165 na\u0161ich \u017eiakov k vytv\u00e1ranie vz\u0165ahu k \u013eudsk\u00fdm hodnot\u00e1m, a teda aj k pomoci \u013eu\u010fom v n\u00fadzi. Tak\u00fato pomoc uplat\u0148uj\u00fa aj v dobrovo\u013en\u00edckej \u010dinnosti pri starostlivosti o seniorov v DSS a ZpS v zariaden\u00ed Via Lux Barca.<\/p>\n\n\n\n<p>V r\u00e1mci spolupr\u00e1ce s ob\u010dianskym zdru\u017een\u00edm Maj\u00e1k n\u00e1deje sme na na\u0161ej \u0161kole usporiadali viano\u010dn\u00fa akciu, a to zbierku such\u00fdch trvanliv\u00fdch potrav\u00edn. Touto zbierkou sme chceli podpori\u0165 klientov z OZ, hlavne matky s de\u0165mi, ktor\u00e9 sa nach\u00e1dzaj\u00fa vo finan\u010dnej a soci\u00e1lnej n\u00fadzi. Do zbierky sa zapojili dobrovo\u013ene \u0161tudenti aj zamestnanci \u0161koly.<\/p>\n\n\n\n<p>Akcia prebiehala v d\u0148och 15. 12. &#8211; 17. 12. 2021. Potraviny sme ukladali symbolicky do ko\u0161\u00edkov pod viano\u010dn\u00fd strom\u010dek. Riadite\u013eka OZ Maj\u00e1k n\u00e1deje zaslala \u010fakovn\u00fd list riadite\u013estvu \u0161koly a nazbieran\u00e9 potraviny prevzali pracovn\u00edci ob\u010dianskeho zdru\u017eenia.<\/p>\n\n\n\n<p>PaedDr. Jana Hribov\u00e1<\/p>\n\n\n\n<p>koordin\u00e1tor pre v\u00fdchovu k man\u017eelstvu a rodi\u010dovstvu<\/p>\n\n\n\n<p><\/p>\n\n\n\n<div class=\"wp-block-image\"><figure class=\"aligncenter size-large\"><img decoding=\"async\" loading=\"lazy\" width=\"764\" height=\"1024\" src=\"https:\/\/moyzeska.sk\/wp-content\/uploads\/2022\/01\/20211210_114322_compress63-764x1024.jpg\" alt=\"\" class=\"wp-image-3366\" srcset=\"https:\/\/moyzeska.sk\/wp-content\/uploads\/2022\/01\/20211210_114322_compress63-764x1024.jpg 764w, https:\/\/moyzeska.sk\/wp-content\/uploads\/2022\/01\/20211210_114322_compress63-224x300.jpg 224w, https:\/\/moyzeska.sk\/wp-content\/uploads\/2022\/01\/20211210_114322_compress63-768x1029.jpg 768w, https:\/\/moyzeska.sk\/wp-content\/uploads\/2022\/01\/20211210_114322_compress63-1146x1536.jpg 1146w, https:\/\/moyzeska.sk\/wp-content\/uploads\/2022\/01\/20211210_114322_compress63.jpg 1504w\" sizes=\"(max-width: 764px) 100vw, 764px\" \/><\/figure><\/div>\n\n\n\n<div class=\"wp-block-image\"><figure class=\"aligncenter size-large\"><img decoding=\"async\" loading=\"lazy\" width=\"1024\" height=\"768\" src=\"https:\/\/moyzeska.sk\/wp-content\/uploads\/2022\/01\/20211210_114312_compress30-1024x768.jpg\" alt=\"\" class=\"wp-image-3365\" srcset=\"https:\/\/moyzeska.sk\/wp-content\/uploads\/2022\/01\/20211210_114312_compress30-1024x768.jpg 1024w, https:\/\/moyzeska.sk\/wp-content\/uploads\/2022\/01\/20211210_114312_compress30-300x225.jpg 300w, https:\/\/moyzeska.sk\/wp-content\/uploads\/2022\/01\/20211210_114312_compress30-768x576.jpg 768w, https:\/\/moyzeska.sk\/wp-content\/uploads\/2022\/01\/20211210_114312_compress30-1536x1152.jpg 1536w, https:\/\/moyzeska.sk\/wp-content\/uploads\/2022\/01\/20211210_114312_compress30.jpg 2016w\" sizes=\"(max-width: 1024px) 100vw, 1024px\" \/><\/figure><\/div>\n\n\n\n<div class=\"wp-block-image\"><figure class=\"aligncenter size-large\"><img decoding=\"async\" loading=\"lazy\" width=\"1024\" height=\"768\" src=\"https:\/\/moyzeska.sk\/wp-content\/uploads\/2022\/01\/20211210_114456_compress31-1024x768.jpg\" alt=\"\" class=\"wp-image-3367\" srcset=\"https:\/\/moyzeska.sk\/wp-content\/uploads\/2022\/01\/20211210_114456_compress31-1024x768.jpg 1024w, https:\/\/moyzeska.sk\/wp-content\/uploads\/2022\/01\/20211210_114456_compress31-300x225.jpg 300w, https:\/\/moyzeska.sk\/wp-content\/uploads\/2022\/01\/20211210_114456_compress31-768x576.jpg 768w, https:\/\/moyzeska.sk\/wp-content\/uploads\/2022\/01\/20211210_114456_compress31-1536x1152.jpg 1536w, https:\/\/moyzeska.sk\/wp-content\/uploads\/2022\/01\/20211210_114456_compress31.jpg 2016w\" sizes=\"(max-width: 1024px) 100vw, 1024px\" \/><\/figure><\/div>\n","protected":false},"excerpt":{"rendered":"<p>Na\u0161i \u0161tudenti sa \u010dasto zap\u00e1jaj\u00fa do charitat\u00edvnych akci\u00ed na pomoc \u013eu\u010fom v n\u00fadzi. Poznaj\u00fa potrebu zdie\u013eania a prispievania nielen materi\u00e1lnou pomocou, ale aj vlastn\u00fdmi schopnos\u0165ami, vedomos\u0165ami, etick\u00fdm pr\u00edstupom. Zdokona\u013euj\u00fa sa tak v profesion\u00e1lnych zru\u010dnostiach, preto\u017ee jedn\u00fdm z cie\u013eov v\u00fdchovnovzdel\u00e1vacieho procesu je vies\u0165 na\u0161ich \u017eiakov k vytv\u00e1ranie vz\u0165ahu k \u013eudsk\u00fdm hodnot\u00e1m, a teda aj k pomoci &hellip;<br \/><a href=\"https:\/\/moyzeska.sk\/index.php\/zbierka-potravin\/\" class=\"more-link pen_button pen_element_default pen_icon_arrow_double\">Zobrazi\u0165<\/a><\/p>\n","protected":false},"author":1,"featured_media":0,"parent":0,"menu_order":0,"comment_status":"closed","ping_status":"closed","template":"","meta":{"_monsterinsights_skip_tracking":false,"_monsterinsights_sitenote_active":false,"_monsterinsights_sitenote_note":"","_monsterinsights_sitenote_category":0},"yoast_head":"<!-- This site is optimized with the Yoast SEO plugin v21.8.1 - https:\/\/yoast.com\/wordpress\/plugins\/seo\/ -->\n<title>Zbierka potrav\u00edn - Stredn\u00e1 zdravotn\u00edcka \u0161kola, Moyzesova 17, Ko\u0161ice<\/title>\n<meta name=\"robots\" content=\"index, follow, max-snippet:-1, max-image-preview:large, max-video-preview:-1\" \/>\n<link rel=\"canonical\" href=\"https:\/\/moyzeska.sk\/index.php\/zbierka-potravin\/\" \/>\n<meta property=\"og:locale\" content=\"sk_SK\" \/>\n<meta property=\"og:type\" content=\"article\" \/>\n<meta property=\"og:title\" content=\"Zbierka potrav\u00edn - Stredn\u00e1 zdravotn\u00edcka \u0161kola, Moyzesova 17, Ko\u0161ice\" \/>\n<meta property=\"og:description\" content=\"Na\u0161i \u0161tudenti sa \u010dasto zap\u00e1jaj\u00fa do charitat\u00edvnych akci\u00ed na pomoc \u013eu\u010fom v n\u00fadzi. Poznaj\u00fa potrebu zdie\u013eania a prispievania nielen materi\u00e1lnou pomocou, ale aj vlastn\u00fdmi schopnos\u0165ami, vedomos\u0165ami, etick\u00fdm pr\u00edstupom. Zdokona\u013euj\u00fa sa tak v profesion\u00e1lnych zru\u010dnostiach, preto\u017ee jedn\u00fdm z cie\u013eov v\u00fdchovnovzdel\u00e1vacieho procesu je vies\u0165 na\u0161ich \u017eiakov k vytv\u00e1ranie vz\u0165ahu k \u013eudsk\u00fdm hodnot\u00e1m, a teda aj k pomoci &hellip;Zobrazi\u0165\" \/>\n<meta property=\"og:url\" content=\"https:\/\/moyzeska.sk\/index.php\/zbierka-potravin\/\" \/>\n<meta property=\"og:site_name\" content=\"Stredn\u00e1 zdravotn\u00edcka \u0161kola, Moyzesova 17, Ko\u0161ice\" \/>\n<meta property=\"article:publisher\" content=\"https:\/\/www.facebook.com\/Moyzeska\" \/>\n<meta property=\"article:modified_time\" content=\"2022-01-18T07:19:56+00:00\" \/>\n<meta property=\"og:image\" content=\"https:\/\/moyzeska.sk\/wp-content\/uploads\/2022\/01\/20211210_114322_compress63-764x1024.jpg\" \/>\n<meta name=\"twitter:card\" content=\"summary_large_image\" \/>\n<meta name=\"twitter:label1\" content=\"Predpokladan\u00fd \u010das \u010d\u00edtania\" \/>\n\t<meta name=\"twitter:data1\" content=\"2 min\u00faty\" \/>\n<script type=\"application\/ld+json\" class=\"yoast-schema-graph\">{\"@context\":\"https:\/\/schema.org\",\"@graph\":[{\"@type\":\"WebPage\",\"@id\":\"https:\/\/moyzeska.sk\/index.php\/zbierka-potravin\/\",\"url\":\"https:\/\/moyzeska.sk\/index.php\/zbierka-potravin\/\",\"name\":\"Zbierka potrav\u00edn - Stredn\u00e1 zdravotn\u00edcka \u0161kola, Moyzesova 17, Ko\u0161ice\",\"isPartOf\":{\"@id\":\"https:\/\/moyzeska.sk\/#website\"},\"datePublished\":\"2022-01-18T07:19:55+00:00\",\"dateModified\":\"2022-01-18T07:19:56+00:00\",\"breadcrumb\":{\"@id\":\"https:\/\/moyzeska.sk\/index.php\/zbierka-potravin\/#breadcrumb\"},\"inLanguage\":\"sk-SK\",\"potentialAction\":[{\"@type\":\"ReadAction\",\"target\":[\"https:\/\/moyzeska.sk\/index.php\/zbierka-potravin\/\"]}]},{\"@type\":\"BreadcrumbList\",\"@id\":\"https:\/\/moyzeska.sk\/index.php\/zbierka-potravin\/#breadcrumb\",\"itemListElement\":[{\"@type\":\"ListItem\",\"position\":1,\"name\":\"Home\",\"item\":\"https:\/\/moyzeska.sk\/\"},{\"@type\":\"ListItem\",\"position\":2,\"name\":\"Zbierka potrav\u00edn\"}]},{\"@type\":\"WebSite\",\"@id\":\"https:\/\/moyzeska.sk\/#website\",\"url\":\"https:\/\/moyzeska.sk\/\",\"name\":\"Stredn\u00e1 zdravotn\u00edcka \u0161kola, Moyzesova 17, Ko\u0161ice\",\"description\":\"\",\"publisher\":{\"@id\":\"https:\/\/moyzeska.sk\/#organization\"},\"potentialAction\":[{\"@type\":\"SearchAction\",\"target\":{\"@type\":\"EntryPoint\",\"urlTemplate\":\"https:\/\/moyzeska.sk\/?s={search_term_string}\"},\"query-input\":\"required name=search_term_string\"}],\"inLanguage\":\"sk-SK\"},{\"@type\":\"Organization\",\"@id\":\"https:\/\/moyzeska.sk\/#organization\",\"name\":\"Stredn\u00e1 zdravotn\u00edcka \u0161kola, Moyzesova 17, Ko\u0161ice\",\"url\":\"https:\/\/moyzeska.sk\/\",\"logo\":{\"@type\":\"ImageObject\",\"inLanguage\":\"sk-SK\",\"@id\":\"https:\/\/moyzeska.sk\/#\/schema\/logo\/image\/\",\"url\":\"https:\/\/moyzeska.sk\/wp-content\/uploads\/2020\/09\/SZS-logo.png\",\"contentUrl\":\"https:\/\/moyzeska.sk\/wp-content\/uploads\/2020\/09\/SZS-logo.png\",\"width\":300,\"height\":300,\"caption\":\"Stredn\u00e1 zdravotn\u00edcka \u0161kola, Moyzesova 17, Ko\u0161ice\"},\"image\":{\"@id\":\"https:\/\/moyzeska.sk\/#\/schema\/logo\/image\/\"},\"sameAs\":[\"https:\/\/www.facebook.com\/Moyzeska\",\"https:\/\/www.instagram.com\/moyzeska\/\"]}]}<\/script>\n<!-- \/ Yoast SEO plugin. -->","yoast_head_json":{"title":"Zbierka potrav\u00edn - Stredn\u00e1 zdravotn\u00edcka \u0161kola, Moyzesova 17, Ko\u0161ice","robots":{"index":"index","follow":"follow","max-snippet":"max-snippet:-1","max-image-preview":"max-image-preview:large","max-video-preview":"max-video-preview:-1"},"canonical":"https:\/\/moyzeska.sk\/index.php\/zbierka-potravin\/","og_locale":"sk_SK","og_type":"article","og_title":"Zbierka potrav\u00edn - Stredn\u00e1 zdravotn\u00edcka \u0161kola, Moyzesova 17, Ko\u0161ice","og_description":"Na\u0161i \u0161tudenti sa \u010dasto zap\u00e1jaj\u00fa do charitat\u00edvnych akci\u00ed na pomoc \u013eu\u010fom v n\u00fadzi. Poznaj\u00fa potrebu zdie\u013eania a prispievania nielen materi\u00e1lnou pomocou, ale aj vlastn\u00fdmi schopnos\u0165ami, vedomos\u0165ami, etick\u00fdm pr\u00edstupom. Zdokona\u013euj\u00fa sa tak v profesion\u00e1lnych zru\u010dnostiach, preto\u017ee jedn\u00fdm z cie\u013eov v\u00fdchovnovzdel\u00e1vacieho procesu je vies\u0165 na\u0161ich \u017eiakov k vytv\u00e1ranie vz\u0165ahu k \u013eudsk\u00fdm hodnot\u00e1m, a teda aj k pomoci &hellip;Zobrazi\u0165","og_url":"https:\/\/moyzeska.sk\/index.php\/zbierka-potravin\/","og_site_name":"Stredn\u00e1 zdravotn\u00edcka \u0161kola, Moyzesova 17, Ko\u0161ice","article_publisher":"https:\/\/www.facebook.com\/Moyzeska","article_modified_time":"2022-01-18T07:19:56+00:00","og_image":[{"url":"https:\/\/moyzeska.sk\/wp-content\/uploads\/2022\/01\/20211210_114322_compress63-764x1024.jpg"}],"twitter_card":"summary_large_image","twitter_misc":{"Predpokladan\u00fd \u010das \u010d\u00edtania":"2 min\u00faty"},"schema":{"@context":"https:\/\/schema.org","@graph":[{"@type":"WebPage","@id":"https:\/\/moyzeska.sk\/index.php\/zbierka-potravin\/","url":"https:\/\/moyzeska.sk\/index.php\/zbierka-potravin\/","name":"Zbierka potrav\u00edn - Stredn\u00e1 zdravotn\u00edcka \u0161kola, Moyzesova 17, Ko\u0161ice","isPartOf":{"@id":"https:\/\/moyzeska.sk\/#website"},"datePublished":"2022-01-18T07:19:55+00:00","dateModified":"2022-01-18T07:19:56+00:00","breadcrumb":{"@id":"https:\/\/moyzeska.sk\/index.php\/zbierka-potravin\/#breadcrumb"},"inLanguage":"sk-SK","potentialAction":[{"@type":"ReadAction","target":["https:\/\/moyzeska.sk\/index.php\/zbierka-potravin\/"]}]},{"@type":"BreadcrumbList","@id":"https:\/\/moyzeska.sk\/index.php\/zbierka-potravin\/#breadcrumb","itemListElement":[{"@type":"ListItem","position":1,"name":"Home","item":"https:\/\/moyzeska.sk\/"},{"@type":"ListItem","position":2,"name":"Zbierka potrav\u00edn"}]},{"@type":"WebSite","@id":"https:\/\/moyzeska.sk\/#website","url":"https:\/\/moyzeska.sk\/","name":"Stredn\u00e1 zdravotn\u00edcka \u0161kola, Moyzesova 17, Ko\u0161ice","description":"","publisher":{"@id":"https:\/\/moyzeska.sk\/#organization"},"potentialAction":[{"@type":"SearchAction","target":{"@type":"EntryPoint","urlTemplate":"https:\/\/moyzeska.sk\/?s={search_term_string}"},"query-input":"required name=search_term_string"}],"inLanguage":"sk-SK"},{"@type":"Organization","@id":"https:\/\/moyzeska.sk\/#organization","name":"Stredn\u00e1 zdravotn\u00edcka \u0161kola, Moyzesova 17, Ko\u0161ice","url":"https:\/\/moyzeska.sk\/","logo":{"@type":"ImageObject","inLanguage":"sk-SK","@id":"https:\/\/moyzeska.sk\/#\/schema\/logo\/image\/","url":"https:\/\/moyzeska.sk\/wp-content\/uploads\/2020\/09\/SZS-logo.png","contentUrl":"https:\/\/moyzeska.sk\/wp-content\/uploads\/2020\/09\/SZS-logo.png","width":300,"height":300,"caption":"Stredn\u00e1 zdravotn\u00edcka \u0161kola, Moyzesova 17, Ko\u0161ice"},"image":{"@id":"https:\/\/moyzeska.sk\/#\/schema\/logo\/image\/"},"sameAs":["https:\/\/www.facebook.com\/Moyzeska","https:\/\/www.instagram.com\/moyzeska\/"]}]}},"_links":{"self":[{"href":"https:\/\/moyzeska.sk\/index.php\/wp-json\/wp\/v2\/pages\/3364"}],"collection":[{"href":"https:\/\/moyzeska.sk\/index.php\/wp-json\/wp\/v2\/pages"}],"about":[{"href":"https:\/\/moyzeska.sk\/index.php\/wp-json\/wp\/v2\/types\/page"}],"author":[{"embeddable":true,"href":"https:\/\/moyzeska.sk\/index.php\/wp-json\/wp\/v2\/users\/1"}],"replies":[{"embeddable":true,"href":"https:\/\/moyzeska.sk\/index.php\/wp-json\/wp\/v2\/comments?post=3364"}],"version-history":[{"count":2,"href":"https:\/\/moyzeska.sk\/index.php\/wp-json\/wp\/v2\/pages\/3364\/revisions"}],"predecessor-version":[{"id":3369,"href":"https:\/\/moyzeska.sk\/index.php\/wp-json\/wp\/v2\/pages\/3364\/revisions\/3369"}],"wp:attachment":[{"href":"https:\/\/moyzeska.sk\/index.php\/wp-json\/wp\/v2\/media?parent=3364"}],"curies":[{"name":"wp","href":"https:\/\/api.w.org\/{rel}","templated":true}]}}