{"id":3332,"date":"2022-01-12T08:31:19","date_gmt":"2022-01-12T07:31:19","guid":{"rendered":"https:\/\/moyzeska.sk\/?page_id=3332"},"modified":"2022-01-12T09:14:45","modified_gmt":"2022-01-12T08:14:45","slug":"medici-vzdelavali-stredoskolakov","status":"publish","type":"page","link":"https:\/\/moyzeska.sk\/index.php\/medici-vzdelavali-stredoskolakov\/","title":{"rendered":"Medici vzdel\u00e1vali stredo\u0161kol\u00e1kov"},"content":{"rendered":"\n<p>3. decembra 2021 nav\u0161t\u00edvili na\u0161u \u0161kolu \u0161tudenti Lek\u00e1rskej fakulty UPJ\u0160 Ko\u0161ice. Pre \u017eiakov 3. ro\u010dn\u00edka mali pripraven\u00fa zauj\u00edmav\u00fa predn\u00e1\u0161ku s&nbsp;aktu\u00e1lnou t\u00e9mou. Kv\u00f4li pandemick\u00fdm opatreniam prezent\u00e1cia prebehla cez online aplik\u00e1ciu, av\u0161ak ani to neubralo na jej vysokej obsahovej a&nbsp;odbornej \u00farovni.<\/p>\n\n\n\n<p>V&nbsp;\u00favodnej \u010dasti prezentovali bud\u00faci lek\u00e1ri k\u013e\u00fa\u010dov\u00e9 inform\u00e1cie o infek\u010dnom ochoren\u00ed COVID-19 sp\u00f4sobenom koronav\u00edrusom SARS-CoV-2, o priebehu ochorenia ale aj o postcovidov\u00fdch n\u00e1sledkoch. Pouk\u00e1zali na to, \u017ee je d\u00f4le\u017eit\u00e9 overi\u0165 si zdroje, z&nbsp;ktor\u00fdch \u010derp\u00e1me vedomosti a&nbsp;predov\u0161etk\u00fdm, aby sme sa nenechali nal\u00e1ka\u0165 kadejak\u00fdmi hoaxmi, ktor\u00fdch je v&nbsp;s\u00fa\u010dasnosti najm\u00e4 na internete mnoho.<\/p>\n\n\n\n<p>Medici dali na\u0161im \u017eiakom aj nieko\u013eko tipov na sledovanie influencerov, ktor\u00fdch mo\u017eno pova\u017eova\u0165 za odborn\u00edkov vo svojich oblastiach a&nbsp;s\u00fa akt\u00edvni aj na ob\u013e\u00faben\u00fdch soci\u00e1lnych sie\u0165ach, kde pon\u00fakaj\u00fa laick\u00e9mu publiku medic\u00ednske fakty zrozumite\u013ene.<\/p>\n\n\n\n<p>V&nbsp;druhej \u010dasti \u0161tudenti LF UPJ\u0160 nav\u0161t\u00edvili v\u0161etky triedy tret\u00edch ro\u010dn\u00edkov a&nbsp;odpovedali na r\u00f4zne ot\u00e1zky na\u0161ich \u017eiakov.<\/p>\n\n\n\n<p>Ver\u00edme, \u017ee t\u00e1to predn\u00e1\u0161ka spojen\u00e1 s&nbsp;diskusiou o t\u00e9me, ktor\u00e1 n\u00e1s sprev\u00e1dza u\u017e nieko\u013eko mesiacov, bola pre stredo\u0161kol\u00e1kov pr\u00ednosom, aby sa sami dok\u00e1zali orientova\u0165 v&nbsp;danej problematike, ktor\u00e1 s\u00favis\u00ed aj s&nbsp;ich \u017eivotom bud\u00facich zdravotn\u00edckych pracovn\u00edkov.<\/p>\n\n\n\n<figure class=\"wp-block-video aligncenter\"><video controls src=\"https:\/\/moyzeska.sk\/wp-content\/uploads\/2022\/01\/Video-1.mp4\"><\/video><\/figure>\n\n\n\n<div class=\"wp-block-image\"><figure class=\"aligncenter size-large\"><img decoding=\"async\" loading=\"lazy\" width=\"1024\" height=\"768\" src=\"https:\/\/moyzeska.sk\/wp-content\/uploads\/2022\/01\/IMG_20211203_110554-1024x768.jpg\" alt=\"\" class=\"wp-image-3333\" srcset=\"https:\/\/moyzeska.sk\/wp-content\/uploads\/2022\/01\/IMG_20211203_110554-1024x768.jpg 1024w, https:\/\/moyzeska.sk\/wp-content\/uploads\/2022\/01\/IMG_20211203_110554-300x225.jpg 300w, https:\/\/moyzeska.sk\/wp-content\/uploads\/2022\/01\/IMG_20211203_110554-768x576.jpg 768w, https:\/\/moyzeska.sk\/wp-content\/uploads\/2022\/01\/IMG_20211203_110554-1536x1152.jpg 1536w, https:\/\/moyzeska.sk\/wp-content\/uploads\/2022\/01\/IMG_20211203_110554-2048x1536.jpg 2048w\" sizes=\"(max-width: 1024px) 100vw, 1024px\" \/><\/figure><\/div>\n\n\n\n<div class=\"wp-block-image\"><figure class=\"aligncenter size-large\"><img decoding=\"async\" loading=\"lazy\" width=\"768\" height=\"1024\" src=\"https:\/\/moyzeska.sk\/wp-content\/uploads\/2022\/01\/IMG_20211203_111022-768x1024.jpg\" alt=\"\" class=\"wp-image-3334\" srcset=\"https:\/\/moyzeska.sk\/wp-content\/uploads\/2022\/01\/IMG_20211203_111022-768x1024.jpg 768w, https:\/\/moyzeska.sk\/wp-content\/uploads\/2022\/01\/IMG_20211203_111022-225x300.jpg 225w, https:\/\/moyzeska.sk\/wp-content\/uploads\/2022\/01\/IMG_20211203_111022-1152x1536.jpg 1152w, https:\/\/moyzeska.sk\/wp-content\/uploads\/2022\/01\/IMG_20211203_111022-1536x2048.jpg 1536w, https:\/\/moyzeska.sk\/wp-content\/uploads\/2022\/01\/IMG_20211203_111022-scaled.jpg 1920w\" sizes=\"(max-width: 768px) 100vw, 768px\" \/><\/figure><\/div>\n\n\n\n<div class=\"wp-block-image\"><figure class=\"aligncenter size-large\"><img decoding=\"async\" loading=\"lazy\" width=\"1024\" height=\"768\" src=\"https:\/\/moyzeska.sk\/wp-content\/uploads\/2022\/01\/IMG_20211203_112259-1024x768.jpg\" alt=\"\" class=\"wp-image-3335\" srcset=\"https:\/\/moyzeska.sk\/wp-content\/uploads\/2022\/01\/IMG_20211203_112259-1024x768.jpg 1024w, https:\/\/moyzeska.sk\/wp-content\/uploads\/2022\/01\/IMG_20211203_112259-300x225.jpg 300w, https:\/\/moyzeska.sk\/wp-content\/uploads\/2022\/01\/IMG_20211203_112259-768x576.jpg 768w, https:\/\/moyzeska.sk\/wp-content\/uploads\/2022\/01\/IMG_20211203_112259-1536x1152.jpg 1536w, https:\/\/moyzeska.sk\/wp-content\/uploads\/2022\/01\/IMG_20211203_112259-2048x1536.jpg 2048w\" sizes=\"(max-width: 1024px) 100vw, 1024px\" \/><\/figure><\/div>\n\n\n\n<div class=\"wp-block-image\"><figure class=\"aligncenter size-large\"><img decoding=\"async\" loading=\"lazy\" width=\"1024\" height=\"768\" src=\"https:\/\/moyzeska.sk\/wp-content\/uploads\/2022\/01\/IMG_20211203_112509-1024x768.jpg\" alt=\"\" class=\"wp-image-3336\" srcset=\"https:\/\/moyzeska.sk\/wp-content\/uploads\/2022\/01\/IMG_20211203_112509-1024x768.jpg 1024w, https:\/\/moyzeska.sk\/wp-content\/uploads\/2022\/01\/IMG_20211203_112509-300x225.jpg 300w, https:\/\/moyzeska.sk\/wp-content\/uploads\/2022\/01\/IMG_20211203_112509-768x576.jpg 768w, https:\/\/moyzeska.sk\/wp-content\/uploads\/2022\/01\/IMG_20211203_112509-1536x1152.jpg 1536w, https:\/\/moyzeska.sk\/wp-content\/uploads\/2022\/01\/IMG_20211203_112509-2048x1536.jpg 2048w\" sizes=\"(max-width: 1024px) 100vw, 1024px\" \/><\/figure><\/div>\n\n\n\n<div class=\"wp-block-image\"><figure class=\"aligncenter size-large\"><img decoding=\"async\" loading=\"lazy\" width=\"1024\" height=\"576\" src=\"https:\/\/moyzeska.sk\/wp-content\/uploads\/2022\/01\/PC030991-1024x576.jpg\" alt=\"\" class=\"wp-image-3337\" srcset=\"https:\/\/moyzeska.sk\/wp-content\/uploads\/2022\/01\/PC030991-1024x576.jpg 1024w, https:\/\/moyzeska.sk\/wp-content\/uploads\/2022\/01\/PC030991-300x169.jpg 300w, https:\/\/moyzeska.sk\/wp-content\/uploads\/2022\/01\/PC030991-768x432.jpg 768w, https:\/\/moyzeska.sk\/wp-content\/uploads\/2022\/01\/PC030991-1536x864.jpg 1536w, https:\/\/moyzeska.sk\/wp-content\/uploads\/2022\/01\/PC030991-2048x1152.jpg 2048w\" sizes=\"(max-width: 1024px) 100vw, 1024px\" \/><\/figure><\/div>\n\n\n\n<div class=\"wp-block-image\"><figure class=\"aligncenter size-large\"><img decoding=\"async\" loading=\"lazy\" width=\"1024\" height=\"576\" src=\"https:\/\/moyzeska.sk\/wp-content\/uploads\/2022\/01\/PC030994-1024x576.jpg\" alt=\"\" class=\"wp-image-3338\" srcset=\"https:\/\/moyzeska.sk\/wp-content\/uploads\/2022\/01\/PC030994-1024x576.jpg 1024w, https:\/\/moyzeska.sk\/wp-content\/uploads\/2022\/01\/PC030994-300x169.jpg 300w, https:\/\/moyzeska.sk\/wp-content\/uploads\/2022\/01\/PC030994-768x432.jpg 768w, https:\/\/moyzeska.sk\/wp-content\/uploads\/2022\/01\/PC030994-1536x864.jpg 1536w, https:\/\/moyzeska.sk\/wp-content\/uploads\/2022\/01\/PC030994-2048x1152.jpg 2048w\" sizes=\"(max-width: 1024px) 100vw, 1024px\" \/><\/figure><\/div>\n\n\n\n<div class=\"wp-block-image\"><figure class=\"aligncenter size-large\"><img decoding=\"async\" loading=\"lazy\" width=\"1024\" height=\"576\" src=\"https:\/\/moyzeska.sk\/wp-content\/uploads\/2022\/01\/PC031000-1024x576.jpg\" alt=\"\" class=\"wp-image-3339\" srcset=\"https:\/\/moyzeska.sk\/wp-content\/uploads\/2022\/01\/PC031000-1024x576.jpg 1024w, https:\/\/moyzeska.sk\/wp-content\/uploads\/2022\/01\/PC031000-300x169.jpg 300w, https:\/\/moyzeska.sk\/wp-content\/uploads\/2022\/01\/PC031000-768x432.jpg 768w, https:\/\/moyzeska.sk\/wp-content\/uploads\/2022\/01\/PC031000-1536x864.jpg 1536w, https:\/\/moyzeska.sk\/wp-content\/uploads\/2022\/01\/PC031000-2048x1152.jpg 2048w\" sizes=\"(max-width: 1024px) 100vw, 1024px\" \/><\/figure><\/div>\n\n\n\n<div class=\"wp-block-image\"><figure class=\"aligncenter size-large\"><img decoding=\"async\" loading=\"lazy\" width=\"1024\" height=\"576\" src=\"https:\/\/moyzeska.sk\/wp-content\/uploads\/2022\/01\/PC031003-1024x576.jpg\" alt=\"\" class=\"wp-image-3340\" srcset=\"https:\/\/moyzeska.sk\/wp-content\/uploads\/2022\/01\/PC031003-1024x576.jpg 1024w, https:\/\/moyzeska.sk\/wp-content\/uploads\/2022\/01\/PC031003-300x169.jpg 300w, https:\/\/moyzeska.sk\/wp-content\/uploads\/2022\/01\/PC031003-768x432.jpg 768w, https:\/\/moyzeska.sk\/wp-content\/uploads\/2022\/01\/PC031003-1536x864.jpg 1536w, https:\/\/moyzeska.sk\/wp-content\/uploads\/2022\/01\/PC031003-2048x1152.jpg 2048w\" sizes=\"(max-width: 1024px) 100vw, 1024px\" \/><\/figure><\/div>\n\n\n\n<div class=\"wp-block-image\"><figure class=\"aligncenter size-large\"><img decoding=\"async\" loading=\"lazy\" width=\"1024\" height=\"576\" src=\"https:\/\/moyzeska.sk\/wp-content\/uploads\/2022\/01\/PC031006-1024x576.jpg\" alt=\"\" class=\"wp-image-3341\" srcset=\"https:\/\/moyzeska.sk\/wp-content\/uploads\/2022\/01\/PC031006-1024x576.jpg 1024w, https:\/\/moyzeska.sk\/wp-content\/uploads\/2022\/01\/PC031006-300x169.jpg 300w, https:\/\/moyzeska.sk\/wp-content\/uploads\/2022\/01\/PC031006-768x432.jpg 768w, https:\/\/moyzeska.sk\/wp-content\/uploads\/2022\/01\/PC031006-1536x864.jpg 1536w, https:\/\/moyzeska.sk\/wp-content\/uploads\/2022\/01\/PC031006-2048x1152.jpg 2048w\" sizes=\"(max-width: 1024px) 100vw, 1024px\" \/><\/figure><\/div>\n","protected":false},"excerpt":{"rendered":"<p>3. decembra 2021 nav\u0161t\u00edvili na\u0161u \u0161kolu \u0161tudenti Lek\u00e1rskej fakulty UPJ\u0160 Ko\u0161ice. Pre \u017eiakov 3. ro\u010dn\u00edka mali pripraven\u00fa zauj\u00edmav\u00fa predn\u00e1\u0161ku s&nbsp;aktu\u00e1lnou t\u00e9mou. Kv\u00f4li pandemick\u00fdm opatreniam prezent\u00e1cia prebehla cez online aplik\u00e1ciu, av\u0161ak ani to neubralo na jej vysokej obsahovej a&nbsp;odbornej \u00farovni. V&nbsp;\u00favodnej \u010dasti prezentovali bud\u00faci lek\u00e1ri k\u013e\u00fa\u010dov\u00e9 inform\u00e1cie o infek\u010dnom ochoren\u00ed COVID-19 sp\u00f4sobenom koronav\u00edrusom SARS-CoV-2, o priebehu &hellip;<br \/><a href=\"https:\/\/moyzeska.sk\/index.php\/medici-vzdelavali-stredoskolakov\/\" class=\"more-link pen_button pen_element_default pen_icon_arrow_double\">Zobrazi\u0165<\/a><\/p>\n","protected":false},"author":1,"featured_media":0,"parent":0,"menu_order":0,"comment_status":"closed","ping_status":"closed","template":"","meta":{"_monsterinsights_skip_tracking":false,"_monsterinsights_sitenote_active":false,"_monsterinsights_sitenote_note":"","_monsterinsights_sitenote_category":0},"yoast_head":"<!-- This site is optimized with the Yoast SEO plugin v21.8.1 - https:\/\/yoast.com\/wordpress\/plugins\/seo\/ -->\n<title>Medici vzdel\u00e1vali stredo\u0161kol\u00e1kov - Stredn\u00e1 zdravotn\u00edcka \u0161kola, Moyzesova 17, Ko\u0161ice<\/title>\n<meta name=\"robots\" content=\"index, follow, max-snippet:-1, max-image-preview:large, max-video-preview:-1\" \/>\n<link rel=\"canonical\" href=\"https:\/\/moyzeska.sk\/index.php\/medici-vzdelavali-stredoskolakov\/\" \/>\n<meta property=\"og:locale\" content=\"sk_SK\" \/>\n<meta property=\"og:type\" content=\"article\" \/>\n<meta property=\"og:title\" content=\"Medici vzdel\u00e1vali stredo\u0161kol\u00e1kov - Stredn\u00e1 zdravotn\u00edcka \u0161kola, Moyzesova 17, Ko\u0161ice\" \/>\n<meta property=\"og:description\" content=\"3. decembra 2021 nav\u0161t\u00edvili na\u0161u \u0161kolu \u0161tudenti Lek\u00e1rskej fakulty UPJ\u0160 Ko\u0161ice. Pre \u017eiakov 3. ro\u010dn\u00edka mali pripraven\u00fa zauj\u00edmav\u00fa predn\u00e1\u0161ku s&nbsp;aktu\u00e1lnou t\u00e9mou. Kv\u00f4li pandemick\u00fdm opatreniam prezent\u00e1cia prebehla cez online aplik\u00e1ciu, av\u0161ak ani to neubralo na jej vysokej obsahovej a&nbsp;odbornej \u00farovni. V&nbsp;\u00favodnej \u010dasti prezentovali bud\u00faci lek\u00e1ri k\u013e\u00fa\u010dov\u00e9 inform\u00e1cie o infek\u010dnom ochoren\u00ed COVID-19 sp\u00f4sobenom koronav\u00edrusom SARS-CoV-2, o priebehu &hellip;Zobrazi\u0165\" \/>\n<meta property=\"og:url\" content=\"https:\/\/moyzeska.sk\/index.php\/medici-vzdelavali-stredoskolakov\/\" \/>\n<meta property=\"og:site_name\" content=\"Stredn\u00e1 zdravotn\u00edcka \u0161kola, Moyzesova 17, Ko\u0161ice\" \/>\n<meta property=\"article:publisher\" content=\"https:\/\/www.facebook.com\/Moyzeska\" \/>\n<meta property=\"article:modified_time\" content=\"2022-01-12T08:14:45+00:00\" \/>\n<meta property=\"og:image\" content=\"https:\/\/moyzeska.sk\/wp-content\/uploads\/2022\/01\/IMG_20211203_110554-1024x768.jpg\" \/>\n<meta name=\"twitter:card\" content=\"summary_large_image\" \/>\n<meta name=\"twitter:label1\" content=\"Predpokladan\u00fd \u010das \u010d\u00edtania\" \/>\n\t<meta name=\"twitter:data1\" content=\"3 min\u00faty\" \/>\n<script type=\"application\/ld+json\" class=\"yoast-schema-graph\">{\"@context\":\"https:\/\/schema.org\",\"@graph\":[{\"@type\":\"WebPage\",\"@id\":\"https:\/\/moyzeska.sk\/index.php\/medici-vzdelavali-stredoskolakov\/\",\"url\":\"https:\/\/moyzeska.sk\/index.php\/medici-vzdelavali-stredoskolakov\/\",\"name\":\"Medici vzdel\u00e1vali stredo\u0161kol\u00e1kov - Stredn\u00e1 zdravotn\u00edcka \u0161kola, Moyzesova 17, Ko\u0161ice\",\"isPartOf\":{\"@id\":\"https:\/\/moyzeska.sk\/#website\"},\"datePublished\":\"2022-01-12T07:31:19+00:00\",\"dateModified\":\"2022-01-12T08:14:45+00:00\",\"breadcrumb\":{\"@id\":\"https:\/\/moyzeska.sk\/index.php\/medici-vzdelavali-stredoskolakov\/#breadcrumb\"},\"inLanguage\":\"sk-SK\",\"potentialAction\":[{\"@type\":\"ReadAction\",\"target\":[\"https:\/\/moyzeska.sk\/index.php\/medici-vzdelavali-stredoskolakov\/\"]}]},{\"@type\":\"BreadcrumbList\",\"@id\":\"https:\/\/moyzeska.sk\/index.php\/medici-vzdelavali-stredoskolakov\/#breadcrumb\",\"itemListElement\":[{\"@type\":\"ListItem\",\"position\":1,\"name\":\"Home\",\"item\":\"https:\/\/moyzeska.sk\/\"},{\"@type\":\"ListItem\",\"position\":2,\"name\":\"Medici vzdel\u00e1vali stredo\u0161kol\u00e1kov\"}]},{\"@type\":\"WebSite\",\"@id\":\"https:\/\/moyzeska.sk\/#website\",\"url\":\"https:\/\/moyzeska.sk\/\",\"name\":\"Stredn\u00e1 zdravotn\u00edcka \u0161kola, Moyzesova 17, Ko\u0161ice\",\"description\":\"\",\"publisher\":{\"@id\":\"https:\/\/moyzeska.sk\/#organization\"},\"potentialAction\":[{\"@type\":\"SearchAction\",\"target\":{\"@type\":\"EntryPoint\",\"urlTemplate\":\"https:\/\/moyzeska.sk\/?s={search_term_string}\"},\"query-input\":\"required name=search_term_string\"}],\"inLanguage\":\"sk-SK\"},{\"@type\":\"Organization\",\"@id\":\"https:\/\/moyzeska.sk\/#organization\",\"name\":\"Stredn\u00e1 zdravotn\u00edcka \u0161kola, Moyzesova 17, Ko\u0161ice\",\"url\":\"https:\/\/moyzeska.sk\/\",\"logo\":{\"@type\":\"ImageObject\",\"inLanguage\":\"sk-SK\",\"@id\":\"https:\/\/moyzeska.sk\/#\/schema\/logo\/image\/\",\"url\":\"https:\/\/moyzeska.sk\/wp-content\/uploads\/2020\/09\/SZS-logo.png\",\"contentUrl\":\"https:\/\/moyzeska.sk\/wp-content\/uploads\/2020\/09\/SZS-logo.png\",\"width\":300,\"height\":300,\"caption\":\"Stredn\u00e1 zdravotn\u00edcka \u0161kola, Moyzesova 17, Ko\u0161ice\"},\"image\":{\"@id\":\"https:\/\/moyzeska.sk\/#\/schema\/logo\/image\/\"},\"sameAs\":[\"https:\/\/www.facebook.com\/Moyzeska\",\"https:\/\/www.instagram.com\/moyzeska\/\"]}]}<\/script>\n<!-- \/ Yoast SEO plugin. -->","yoast_head_json":{"title":"Medici vzdel\u00e1vali stredo\u0161kol\u00e1kov - Stredn\u00e1 zdravotn\u00edcka \u0161kola, Moyzesova 17, Ko\u0161ice","robots":{"index":"index","follow":"follow","max-snippet":"max-snippet:-1","max-image-preview":"max-image-preview:large","max-video-preview":"max-video-preview:-1"},"canonical":"https:\/\/moyzeska.sk\/index.php\/medici-vzdelavali-stredoskolakov\/","og_locale":"sk_SK","og_type":"article","og_title":"Medici vzdel\u00e1vali stredo\u0161kol\u00e1kov - Stredn\u00e1 zdravotn\u00edcka \u0161kola, Moyzesova 17, Ko\u0161ice","og_description":"3. decembra 2021 nav\u0161t\u00edvili na\u0161u \u0161kolu \u0161tudenti Lek\u00e1rskej fakulty UPJ\u0160 Ko\u0161ice. Pre \u017eiakov 3. ro\u010dn\u00edka mali pripraven\u00fa zauj\u00edmav\u00fa predn\u00e1\u0161ku s&nbsp;aktu\u00e1lnou t\u00e9mou. Kv\u00f4li pandemick\u00fdm opatreniam prezent\u00e1cia prebehla cez online aplik\u00e1ciu, av\u0161ak ani to neubralo na jej vysokej obsahovej a&nbsp;odbornej \u00farovni. V&nbsp;\u00favodnej \u010dasti prezentovali bud\u00faci lek\u00e1ri k\u013e\u00fa\u010dov\u00e9 inform\u00e1cie o infek\u010dnom ochoren\u00ed COVID-19 sp\u00f4sobenom koronav\u00edrusom SARS-CoV-2, o priebehu &hellip;Zobrazi\u0165","og_url":"https:\/\/moyzeska.sk\/index.php\/medici-vzdelavali-stredoskolakov\/","og_site_name":"Stredn\u00e1 zdravotn\u00edcka \u0161kola, Moyzesova 17, Ko\u0161ice","article_publisher":"https:\/\/www.facebook.com\/Moyzeska","article_modified_time":"2022-01-12T08:14:45+00:00","og_image":[{"url":"https:\/\/moyzeska.sk\/wp-content\/uploads\/2022\/01\/IMG_20211203_110554-1024x768.jpg"}],"twitter_card":"summary_large_image","twitter_misc":{"Predpokladan\u00fd \u010das \u010d\u00edtania":"3 min\u00faty"},"schema":{"@context":"https:\/\/schema.org","@graph":[{"@type":"WebPage","@id":"https:\/\/moyzeska.sk\/index.php\/medici-vzdelavali-stredoskolakov\/","url":"https:\/\/moyzeska.sk\/index.php\/medici-vzdelavali-stredoskolakov\/","name":"Medici vzdel\u00e1vali stredo\u0161kol\u00e1kov - Stredn\u00e1 zdravotn\u00edcka \u0161kola, Moyzesova 17, Ko\u0161ice","isPartOf":{"@id":"https:\/\/moyzeska.sk\/#website"},"datePublished":"2022-01-12T07:31:19+00:00","dateModified":"2022-01-12T08:14:45+00:00","breadcrumb":{"@id":"https:\/\/moyzeska.sk\/index.php\/medici-vzdelavali-stredoskolakov\/#breadcrumb"},"inLanguage":"sk-SK","potentialAction":[{"@type":"ReadAction","target":["https:\/\/moyzeska.sk\/index.php\/medici-vzdelavali-stredoskolakov\/"]}]},{"@type":"BreadcrumbList","@id":"https:\/\/moyzeska.sk\/index.php\/medici-vzdelavali-stredoskolakov\/#breadcrumb","itemListElement":[{"@type":"ListItem","position":1,"name":"Home","item":"https:\/\/moyzeska.sk\/"},{"@type":"ListItem","position":2,"name":"Medici vzdel\u00e1vali stredo\u0161kol\u00e1kov"}]},{"@type":"WebSite","@id":"https:\/\/moyzeska.sk\/#website","url":"https:\/\/moyzeska.sk\/","name":"Stredn\u00e1 zdravotn\u00edcka \u0161kola, Moyzesova 17, Ko\u0161ice","description":"","publisher":{"@id":"https:\/\/moyzeska.sk\/#organization"},"potentialAction":[{"@type":"SearchAction","target":{"@type":"EntryPoint","urlTemplate":"https:\/\/moyzeska.sk\/?s={search_term_string}"},"query-input":"required name=search_term_string"}],"inLanguage":"sk-SK"},{"@type":"Organization","@id":"https:\/\/moyzeska.sk\/#organization","name":"Stredn\u00e1 zdravotn\u00edcka \u0161kola, Moyzesova 17, Ko\u0161ice","url":"https:\/\/moyzeska.sk\/","logo":{"@type":"ImageObject","inLanguage":"sk-SK","@id":"https:\/\/moyzeska.sk\/#\/schema\/logo\/image\/","url":"https:\/\/moyzeska.sk\/wp-content\/uploads\/2020\/09\/SZS-logo.png","contentUrl":"https:\/\/moyzeska.sk\/wp-content\/uploads\/2020\/09\/SZS-logo.png","width":300,"height":300,"caption":"Stredn\u00e1 zdravotn\u00edcka \u0161kola, Moyzesova 17, Ko\u0161ice"},"image":{"@id":"https:\/\/moyzeska.sk\/#\/schema\/logo\/image\/"},"sameAs":["https:\/\/www.facebook.com\/Moyzeska","https:\/\/www.instagram.com\/moyzeska\/"]}]}},"_links":{"self":[{"href":"https:\/\/moyzeska.sk\/index.php\/wp-json\/wp\/v2\/pages\/3332"}],"collection":[{"href":"https:\/\/moyzeska.sk\/index.php\/wp-json\/wp\/v2\/pages"}],"about":[{"href":"https:\/\/moyzeska.sk\/index.php\/wp-json\/wp\/v2\/types\/page"}],"author":[{"embeddable":true,"href":"https:\/\/moyzeska.sk\/index.php\/wp-json\/wp\/v2\/users\/1"}],"replies":[{"embeddable":true,"href":"https:\/\/moyzeska.sk\/index.php\/wp-json\/wp\/v2\/comments?post=3332"}],"version-history":[{"count":2,"href":"https:\/\/moyzeska.sk\/index.php\/wp-json\/wp\/v2\/pages\/3332\/revisions"}],"predecessor-version":[{"id":3348,"href":"https:\/\/moyzeska.sk\/index.php\/wp-json\/wp\/v2\/pages\/3332\/revisions\/3348"}],"wp:attachment":[{"href":"https:\/\/moyzeska.sk\/index.php\/wp-json\/wp\/v2\/media?parent=3332"}],"curies":[{"name":"wp","href":"https:\/\/api.w.org\/{rel}","templated":true}]}}