{"id":3327,"date":"2022-01-12T08:21:24","date_gmt":"2022-01-12T07:21:24","guid":{"rendered":"https:\/\/moyzeska.sk\/?page_id=3327"},"modified":"2022-01-12T08:21:25","modified_gmt":"2022-01-12T07:21:25","slug":"sutaz-prvej-pomoci","status":"publish","type":"page","link":"https:\/\/moyzeska.sk\/index.php\/sutaz-prvej-pomoci\/","title":{"rendered":"S\u00fa\u0165a\u017e prvej pomoci"},"content":{"rendered":"\n<p>D\u0148a 22.11.2021 sa na na\u0161ej \u0161kole pomocou aplik\u00e1cie Zoom uskuto\u010dnila s\u00fa\u0165a\u017e prvej pomoci. N\u00e1\u0161 reprezenta\u010dn\u00fd t\u00fdm bol v zlo\u017een\u00ed : Zuzana Pavli\u0161kov\u00e1 IV. FL, Diana Hovan\u010d\u00e1kov\u00e1 III. ZLB, Samuel \u0160irilla III. ZLA a Ladislav Sz\u0151ke III. ZLA. Do s\u00fa\u0165a\u017ee sa zapojili tretiaci 20 stredn\u00fdch \u0161k\u00f4l. Po \u00favodnom pr\u00edhovore riadite\u013eky strednej zdravotn\u00edckej \u0161koly Kuku\u010d\u00ednovej v Ko\u0161iciach PhDr. Anny Hencovskej, MBA a garanta s\u00fa\u0165a\u017ee Bc. Miroslava Nagya sa za\u010dal online s\u00faboj. Online test, modelov\u00e9 situ\u00e1cie, toto boli \u00falohy, s ktor\u00fdmi sme sa h\u00fa\u017eevnato popasovali. T\u00edmov\u00e1 pr\u00e1ca a hlava pln\u00e1 vedomost\u00ed prinieslo svoje ovocie a obsadili sme kr\u00e1sne 2. miesto.<\/p>\n\n\n\n<div class=\"wp-block-image\"><figure class=\"aligncenter size-large\"><img decoding=\"async\" loading=\"lazy\" width=\"1024\" height=\"576\" src=\"https:\/\/moyzeska.sk\/wp-content\/uploads\/2022\/01\/CK_22.11.2021-1024x576.jpg\" alt=\"\" class=\"wp-image-3328\" srcset=\"https:\/\/moyzeska.sk\/wp-content\/uploads\/2022\/01\/CK_22.11.2021-1024x576.jpg 1024w, https:\/\/moyzeska.sk\/wp-content\/uploads\/2022\/01\/CK_22.11.2021-300x169.jpg 300w, https:\/\/moyzeska.sk\/wp-content\/uploads\/2022\/01\/CK_22.11.2021-768x432.jpg 768w, https:\/\/moyzeska.sk\/wp-content\/uploads\/2022\/01\/CK_22.11.2021-1536x864.jpg 1536w, https:\/\/moyzeska.sk\/wp-content\/uploads\/2022\/01\/CK_22.11.2021-2048x1152.jpg 2048w\" sizes=\"(max-width: 1024px) 100vw, 1024px\" \/><\/figure><\/div>\n\n\n\n<div class=\"wp-block-image\"><figure class=\"aligncenter size-large\"><img decoding=\"async\" loading=\"lazy\" width=\"1024\" height=\"576\" src=\"https:\/\/moyzeska.sk\/wp-content\/uploads\/2022\/01\/CK_22.11.2021_2-1024x576.jpg\" alt=\"\" class=\"wp-image-3329\" srcset=\"https:\/\/moyzeska.sk\/wp-content\/uploads\/2022\/01\/CK_22.11.2021_2-1024x576.jpg 1024w, https:\/\/moyzeska.sk\/wp-content\/uploads\/2022\/01\/CK_22.11.2021_2-300x169.jpg 300w, https:\/\/moyzeska.sk\/wp-content\/uploads\/2022\/01\/CK_22.11.2021_2-768x432.jpg 768w, https:\/\/moyzeska.sk\/wp-content\/uploads\/2022\/01\/CK_22.11.2021_2-1536x864.jpg 1536w, https:\/\/moyzeska.sk\/wp-content\/uploads\/2022\/01\/CK_22.11.2021_2-2048x1152.jpg 2048w\" sizes=\"(max-width: 1024px) 100vw, 1024px\" \/><\/figure><\/div>\n","protected":false},"excerpt":{"rendered":"<p>D\u0148a 22.11.2021 sa na na\u0161ej \u0161kole pomocou aplik\u00e1cie Zoom uskuto\u010dnila s\u00fa\u0165a\u017e prvej pomoci. N\u00e1\u0161 reprezenta\u010dn\u00fd t\u00fdm bol v zlo\u017een\u00ed : Zuzana Pavli\u0161kov\u00e1 IV. FL, Diana Hovan\u010d\u00e1kov\u00e1 III. ZLB, Samuel \u0160irilla III. ZLA a Ladislav Sz\u0151ke III. ZLA. Do s\u00fa\u0165a\u017ee sa zapojili tretiaci 20 stredn\u00fdch \u0161k\u00f4l. Po \u00favodnom pr\u00edhovore riadite\u013eky strednej zdravotn\u00edckej \u0161koly Kuku\u010d\u00ednovej v Ko\u0161iciach &hellip;<br \/><a href=\"https:\/\/moyzeska.sk\/index.php\/sutaz-prvej-pomoci\/\" class=\"more-link pen_button pen_element_default pen_icon_arrow_double\">Zobrazi\u0165<\/a><\/p>\n","protected":false},"author":1,"featured_media":0,"parent":0,"menu_order":0,"comment_status":"closed","ping_status":"closed","template":"","meta":{"_monsterinsights_skip_tracking":false,"_monsterinsights_sitenote_active":false,"_monsterinsights_sitenote_note":"","_monsterinsights_sitenote_category":0},"yoast_head":"<!-- This site is optimized with the Yoast SEO plugin v21.8.1 - https:\/\/yoast.com\/wordpress\/plugins\/seo\/ -->\n<title>S\u00fa\u0165a\u017e prvej pomoci - Stredn\u00e1 zdravotn\u00edcka \u0161kola, Moyzesova 17, Ko\u0161ice<\/title>\n<meta name=\"robots\" content=\"index, follow, max-snippet:-1, max-image-preview:large, max-video-preview:-1\" \/>\n<link rel=\"canonical\" href=\"https:\/\/moyzeska.sk\/index.php\/sutaz-prvej-pomoci\/\" \/>\n<meta property=\"og:locale\" content=\"sk_SK\" \/>\n<meta property=\"og:type\" content=\"article\" \/>\n<meta property=\"og:title\" content=\"S\u00fa\u0165a\u017e prvej pomoci - Stredn\u00e1 zdravotn\u00edcka \u0161kola, Moyzesova 17, Ko\u0161ice\" \/>\n<meta property=\"og:description\" content=\"D\u0148a 22.11.2021 sa na na\u0161ej \u0161kole pomocou aplik\u00e1cie Zoom uskuto\u010dnila s\u00fa\u0165a\u017e prvej pomoci. N\u00e1\u0161 reprezenta\u010dn\u00fd t\u00fdm bol v zlo\u017een\u00ed : Zuzana Pavli\u0161kov\u00e1 IV. FL, Diana Hovan\u010d\u00e1kov\u00e1 III. ZLB, Samuel \u0160irilla III. ZLA a Ladislav Sz\u0151ke III. ZLA. Do s\u00fa\u0165a\u017ee sa zapojili tretiaci 20 stredn\u00fdch \u0161k\u00f4l. Po \u00favodnom pr\u00edhovore riadite\u013eky strednej zdravotn\u00edckej \u0161koly Kuku\u010d\u00ednovej v Ko\u0161iciach &hellip;Zobrazi\u0165\" \/>\n<meta property=\"og:url\" content=\"https:\/\/moyzeska.sk\/index.php\/sutaz-prvej-pomoci\/\" \/>\n<meta property=\"og:site_name\" content=\"Stredn\u00e1 zdravotn\u00edcka \u0161kola, Moyzesova 17, Ko\u0161ice\" \/>\n<meta property=\"article:publisher\" content=\"https:\/\/www.facebook.com\/Moyzeska\" \/>\n<meta property=\"article:modified_time\" content=\"2022-01-12T07:21:25+00:00\" \/>\n<meta property=\"og:image\" content=\"https:\/\/moyzeska.sk\/wp-content\/uploads\/2022\/01\/CK_22.11.2021-1024x576.jpg\" \/>\n<meta name=\"twitter:card\" content=\"summary_large_image\" \/>\n<meta name=\"twitter:label1\" content=\"Predpokladan\u00fd \u010das \u010d\u00edtania\" \/>\n\t<meta name=\"twitter:data1\" content=\"1 min\u00fata\" \/>\n<script type=\"application\/ld+json\" class=\"yoast-schema-graph\">{\"@context\":\"https:\/\/schema.org\",\"@graph\":[{\"@type\":\"WebPage\",\"@id\":\"https:\/\/moyzeska.sk\/index.php\/sutaz-prvej-pomoci\/\",\"url\":\"https:\/\/moyzeska.sk\/index.php\/sutaz-prvej-pomoci\/\",\"name\":\"S\u00fa\u0165a\u017e prvej pomoci - Stredn\u00e1 zdravotn\u00edcka \u0161kola, Moyzesova 17, Ko\u0161ice\",\"isPartOf\":{\"@id\":\"https:\/\/moyzeska.sk\/#website\"},\"datePublished\":\"2022-01-12T07:21:24+00:00\",\"dateModified\":\"2022-01-12T07:21:25+00:00\",\"breadcrumb\":{\"@id\":\"https:\/\/moyzeska.sk\/index.php\/sutaz-prvej-pomoci\/#breadcrumb\"},\"inLanguage\":\"sk-SK\",\"potentialAction\":[{\"@type\":\"ReadAction\",\"target\":[\"https:\/\/moyzeska.sk\/index.php\/sutaz-prvej-pomoci\/\"]}]},{\"@type\":\"BreadcrumbList\",\"@id\":\"https:\/\/moyzeska.sk\/index.php\/sutaz-prvej-pomoci\/#breadcrumb\",\"itemListElement\":[{\"@type\":\"ListItem\",\"position\":1,\"name\":\"Home\",\"item\":\"https:\/\/moyzeska.sk\/\"},{\"@type\":\"ListItem\",\"position\":2,\"name\":\"S\u00fa\u0165a\u017e prvej pomoci\"}]},{\"@type\":\"WebSite\",\"@id\":\"https:\/\/moyzeska.sk\/#website\",\"url\":\"https:\/\/moyzeska.sk\/\",\"name\":\"Stredn\u00e1 zdravotn\u00edcka \u0161kola, Moyzesova 17, Ko\u0161ice\",\"description\":\"\",\"publisher\":{\"@id\":\"https:\/\/moyzeska.sk\/#organization\"},\"potentialAction\":[{\"@type\":\"SearchAction\",\"target\":{\"@type\":\"EntryPoint\",\"urlTemplate\":\"https:\/\/moyzeska.sk\/?s={search_term_string}\"},\"query-input\":\"required name=search_term_string\"}],\"inLanguage\":\"sk-SK\"},{\"@type\":\"Organization\",\"@id\":\"https:\/\/moyzeska.sk\/#organization\",\"name\":\"Stredn\u00e1 zdravotn\u00edcka \u0161kola, Moyzesova 17, Ko\u0161ice\",\"url\":\"https:\/\/moyzeska.sk\/\",\"logo\":{\"@type\":\"ImageObject\",\"inLanguage\":\"sk-SK\",\"@id\":\"https:\/\/moyzeska.sk\/#\/schema\/logo\/image\/\",\"url\":\"https:\/\/moyzeska.sk\/wp-content\/uploads\/2020\/09\/SZS-logo.png\",\"contentUrl\":\"https:\/\/moyzeska.sk\/wp-content\/uploads\/2020\/09\/SZS-logo.png\",\"width\":300,\"height\":300,\"caption\":\"Stredn\u00e1 zdravotn\u00edcka \u0161kola, Moyzesova 17, Ko\u0161ice\"},\"image\":{\"@id\":\"https:\/\/moyzeska.sk\/#\/schema\/logo\/image\/\"},\"sameAs\":[\"https:\/\/www.facebook.com\/Moyzeska\",\"https:\/\/www.instagram.com\/moyzeska\/\"]}]}<\/script>\n<!-- \/ Yoast SEO plugin. -->","yoast_head_json":{"title":"S\u00fa\u0165a\u017e prvej pomoci - Stredn\u00e1 zdravotn\u00edcka \u0161kola, Moyzesova 17, Ko\u0161ice","robots":{"index":"index","follow":"follow","max-snippet":"max-snippet:-1","max-image-preview":"max-image-preview:large","max-video-preview":"max-video-preview:-1"},"canonical":"https:\/\/moyzeska.sk\/index.php\/sutaz-prvej-pomoci\/","og_locale":"sk_SK","og_type":"article","og_title":"S\u00fa\u0165a\u017e prvej pomoci - Stredn\u00e1 zdravotn\u00edcka \u0161kola, Moyzesova 17, Ko\u0161ice","og_description":"D\u0148a 22.11.2021 sa na na\u0161ej \u0161kole pomocou aplik\u00e1cie Zoom uskuto\u010dnila s\u00fa\u0165a\u017e prvej pomoci. N\u00e1\u0161 reprezenta\u010dn\u00fd t\u00fdm bol v zlo\u017een\u00ed : Zuzana Pavli\u0161kov\u00e1 IV. FL, Diana Hovan\u010d\u00e1kov\u00e1 III. ZLB, Samuel \u0160irilla III. ZLA a Ladislav Sz\u0151ke III. ZLA. Do s\u00fa\u0165a\u017ee sa zapojili tretiaci 20 stredn\u00fdch \u0161k\u00f4l. Po \u00favodnom pr\u00edhovore riadite\u013eky strednej zdravotn\u00edckej \u0161koly Kuku\u010d\u00ednovej v Ko\u0161iciach &hellip;Zobrazi\u0165","og_url":"https:\/\/moyzeska.sk\/index.php\/sutaz-prvej-pomoci\/","og_site_name":"Stredn\u00e1 zdravotn\u00edcka \u0161kola, Moyzesova 17, Ko\u0161ice","article_publisher":"https:\/\/www.facebook.com\/Moyzeska","article_modified_time":"2022-01-12T07:21:25+00:00","og_image":[{"url":"https:\/\/moyzeska.sk\/wp-content\/uploads\/2022\/01\/CK_22.11.2021-1024x576.jpg"}],"twitter_card":"summary_large_image","twitter_misc":{"Predpokladan\u00fd \u010das \u010d\u00edtania":"1 min\u00fata"},"schema":{"@context":"https:\/\/schema.org","@graph":[{"@type":"WebPage","@id":"https:\/\/moyzeska.sk\/index.php\/sutaz-prvej-pomoci\/","url":"https:\/\/moyzeska.sk\/index.php\/sutaz-prvej-pomoci\/","name":"S\u00fa\u0165a\u017e prvej pomoci - Stredn\u00e1 zdravotn\u00edcka \u0161kola, Moyzesova 17, Ko\u0161ice","isPartOf":{"@id":"https:\/\/moyzeska.sk\/#website"},"datePublished":"2022-01-12T07:21:24+00:00","dateModified":"2022-01-12T07:21:25+00:00","breadcrumb":{"@id":"https:\/\/moyzeska.sk\/index.php\/sutaz-prvej-pomoci\/#breadcrumb"},"inLanguage":"sk-SK","potentialAction":[{"@type":"ReadAction","target":["https:\/\/moyzeska.sk\/index.php\/sutaz-prvej-pomoci\/"]}]},{"@type":"BreadcrumbList","@id":"https:\/\/moyzeska.sk\/index.php\/sutaz-prvej-pomoci\/#breadcrumb","itemListElement":[{"@type":"ListItem","position":1,"name":"Home","item":"https:\/\/moyzeska.sk\/"},{"@type":"ListItem","position":2,"name":"S\u00fa\u0165a\u017e prvej pomoci"}]},{"@type":"WebSite","@id":"https:\/\/moyzeska.sk\/#website","url":"https:\/\/moyzeska.sk\/","name":"Stredn\u00e1 zdravotn\u00edcka \u0161kola, Moyzesova 17, Ko\u0161ice","description":"","publisher":{"@id":"https:\/\/moyzeska.sk\/#organization"},"potentialAction":[{"@type":"SearchAction","target":{"@type":"EntryPoint","urlTemplate":"https:\/\/moyzeska.sk\/?s={search_term_string}"},"query-input":"required name=search_term_string"}],"inLanguage":"sk-SK"},{"@type":"Organization","@id":"https:\/\/moyzeska.sk\/#organization","name":"Stredn\u00e1 zdravotn\u00edcka \u0161kola, Moyzesova 17, Ko\u0161ice","url":"https:\/\/moyzeska.sk\/","logo":{"@type":"ImageObject","inLanguage":"sk-SK","@id":"https:\/\/moyzeska.sk\/#\/schema\/logo\/image\/","url":"https:\/\/moyzeska.sk\/wp-content\/uploads\/2020\/09\/SZS-logo.png","contentUrl":"https:\/\/moyzeska.sk\/wp-content\/uploads\/2020\/09\/SZS-logo.png","width":300,"height":300,"caption":"Stredn\u00e1 zdravotn\u00edcka \u0161kola, Moyzesova 17, Ko\u0161ice"},"image":{"@id":"https:\/\/moyzeska.sk\/#\/schema\/logo\/image\/"},"sameAs":["https:\/\/www.facebook.com\/Moyzeska","https:\/\/www.instagram.com\/moyzeska\/"]}]}},"_links":{"self":[{"href":"https:\/\/moyzeska.sk\/index.php\/wp-json\/wp\/v2\/pages\/3327"}],"collection":[{"href":"https:\/\/moyzeska.sk\/index.php\/wp-json\/wp\/v2\/pages"}],"about":[{"href":"https:\/\/moyzeska.sk\/index.php\/wp-json\/wp\/v2\/types\/page"}],"author":[{"embeddable":true,"href":"https:\/\/moyzeska.sk\/index.php\/wp-json\/wp\/v2\/users\/1"}],"replies":[{"embeddable":true,"href":"https:\/\/moyzeska.sk\/index.php\/wp-json\/wp\/v2\/comments?post=3327"}],"version-history":[{"count":2,"href":"https:\/\/moyzeska.sk\/index.php\/wp-json\/wp\/v2\/pages\/3327\/revisions"}],"predecessor-version":[{"id":3331,"href":"https:\/\/moyzeska.sk\/index.php\/wp-json\/wp\/v2\/pages\/3327\/revisions\/3331"}],"wp:attachment":[{"href":"https:\/\/moyzeska.sk\/index.php\/wp-json\/wp\/v2\/media?parent=3327"}],"curies":[{"name":"wp","href":"https:\/\/api.w.org\/{rel}","templated":true}]}}