{"id":3250,"date":"2021-12-07T07:33:50","date_gmt":"2021-12-07T06:33:50","guid":{"rendered":"https:\/\/moyzeska.sk\/?page_id=3250"},"modified":"2026-04-22T21:27:48","modified_gmt":"2026-04-22T19:27:48","slug":"statut-rady-skoly","status":"publish","type":"page","link":"https:\/\/moyzeska.sk\/index.php\/statut-rady-skoly\/","title":{"rendered":"\u0160tat\u00fat Rady \u0161koly"},"content":{"rendered":"\n<div class=\"wp-block-file aligncenter\"><a id=\"wp-block-file--media-cb792e30-82be-408e-96d5-1b5ce2030f2d\" href=\"https:\/\/moyzeska.sk\/wp-content\/uploads\/2026\/04\/Statut-Rady-skoly-pri-SZS-Moyzesova-17.pdf\" target=\"_blank\" rel=\"noreferrer noopener\">\u0160tat\u00fat Rady \u0161koly pri SZ\u0160 Moyzesova 17<\/a><\/div>\n","protected":false},"excerpt":{"rendered":"","protected":false},"author":1,"featured_media":0,"parent":0,"menu_order":0,"comment_status":"closed","ping_status":"closed","template":"","meta":{"_monsterinsights_skip_tracking":false,"_monsterinsights_sitenote_active":false,"_monsterinsights_sitenote_note":"","_monsterinsights_sitenote_category":0},"yoast_head":"<!-- This site is optimized with the Yoast SEO plugin v21.8.1 - https:\/\/yoast.com\/wordpress\/plugins\/seo\/ -->\n<title>\u0160tat\u00fat Rady \u0161koly - Stredn\u00e1 zdravotn\u00edcka \u0161kola, Moyzesova 17, Ko\u0161ice<\/title>\n<meta name=\"robots\" content=\"index, follow, max-snippet:-1, max-image-preview:large, max-video-preview:-1\" \/>\n<link rel=\"canonical\" href=\"https:\/\/moyzeska.sk\/index.php\/statut-rady-skoly\/\" \/>\n<meta property=\"og:locale\" content=\"sk_SK\" \/>\n<meta property=\"og:type\" content=\"article\" \/>\n<meta property=\"og:title\" content=\"\u0160tat\u00fat Rady \u0161koly - Stredn\u00e1 zdravotn\u00edcka \u0161kola, Moyzesova 17, Ko\u0161ice\" \/>\n<meta property=\"og:url\" content=\"https:\/\/moyzeska.sk\/index.php\/statut-rady-skoly\/\" \/>\n<meta property=\"og:site_name\" content=\"Stredn\u00e1 zdravotn\u00edcka \u0161kola, Moyzesova 17, Ko\u0161ice\" \/>\n<meta property=\"article:publisher\" content=\"https:\/\/www.facebook.com\/Moyzeska\" \/>\n<meta property=\"article:modified_time\" content=\"2026-04-22T19:27:48+00:00\" \/>\n<meta name=\"twitter:card\" content=\"summary_large_image\" \/>\n<meta name=\"twitter:label1\" content=\"Predpokladan\u00fd \u010das \u010d\u00edtania\" \/>\n\t<meta name=\"twitter:data1\" content=\"1 min\u00fata\" \/>\n<script type=\"application\/ld+json\" class=\"yoast-schema-graph\">{\"@context\":\"https:\/\/schema.org\",\"@graph\":[{\"@type\":\"WebPage\",\"@id\":\"https:\/\/moyzeska.sk\/index.php\/statut-rady-skoly\/\",\"url\":\"https:\/\/moyzeska.sk\/index.php\/statut-rady-skoly\/\",\"name\":\"\u0160tat\u00fat Rady \u0161koly - Stredn\u00e1 zdravotn\u00edcka \u0161kola, Moyzesova 17, Ko\u0161ice\",\"isPartOf\":{\"@id\":\"https:\/\/moyzeska.sk\/#website\"},\"datePublished\":\"2021-12-07T06:33:50+00:00\",\"dateModified\":\"2026-04-22T19:27:48+00:00\",\"breadcrumb\":{\"@id\":\"https:\/\/moyzeska.sk\/index.php\/statut-rady-skoly\/#breadcrumb\"},\"inLanguage\":\"sk-SK\",\"potentialAction\":[{\"@type\":\"ReadAction\",\"target\":[\"https:\/\/moyzeska.sk\/index.php\/statut-rady-skoly\/\"]}]},{\"@type\":\"BreadcrumbList\",\"@id\":\"https:\/\/moyzeska.sk\/index.php\/statut-rady-skoly\/#breadcrumb\",\"itemListElement\":[{\"@type\":\"ListItem\",\"position\":1,\"name\":\"Home\",\"item\":\"https:\/\/moyzeska.sk\/\"},{\"@type\":\"ListItem\",\"position\":2,\"name\":\"\u0160tat\u00fat Rady \u0161koly\"}]},{\"@type\":\"WebSite\",\"@id\":\"https:\/\/moyzeska.sk\/#website\",\"url\":\"https:\/\/moyzeska.sk\/\",\"name\":\"Stredn\u00e1 zdravotn\u00edcka \u0161kola, Moyzesova 17, Ko\u0161ice\",\"description\":\"\",\"publisher\":{\"@id\":\"https:\/\/moyzeska.sk\/#organization\"},\"potentialAction\":[{\"@type\":\"SearchAction\",\"target\":{\"@type\":\"EntryPoint\",\"urlTemplate\":\"https:\/\/moyzeska.sk\/?s={search_term_string}\"},\"query-input\":\"required name=search_term_string\"}],\"inLanguage\":\"sk-SK\"},{\"@type\":\"Organization\",\"@id\":\"https:\/\/moyzeska.sk\/#organization\",\"name\":\"Stredn\u00e1 zdravotn\u00edcka \u0161kola, Moyzesova 17, Ko\u0161ice\",\"url\":\"https:\/\/moyzeska.sk\/\",\"logo\":{\"@type\":\"ImageObject\",\"inLanguage\":\"sk-SK\",\"@id\":\"https:\/\/moyzeska.sk\/#\/schema\/logo\/image\/\",\"url\":\"https:\/\/moyzeska.sk\/wp-content\/uploads\/2020\/09\/SZS-logo.png\",\"contentUrl\":\"https:\/\/moyzeska.sk\/wp-content\/uploads\/2020\/09\/SZS-logo.png\",\"width\":300,\"height\":300,\"caption\":\"Stredn\u00e1 zdravotn\u00edcka \u0161kola, Moyzesova 17, Ko\u0161ice\"},\"image\":{\"@id\":\"https:\/\/moyzeska.sk\/#\/schema\/logo\/image\/\"},\"sameAs\":[\"https:\/\/www.facebook.com\/Moyzeska\",\"https:\/\/www.instagram.com\/moyzeska\/\"]}]}<\/script>\n<!-- \/ Yoast SEO plugin. -->","yoast_head_json":{"title":"\u0160tat\u00fat Rady \u0161koly - Stredn\u00e1 zdravotn\u00edcka \u0161kola, Moyzesova 17, Ko\u0161ice","robots":{"index":"index","follow":"follow","max-snippet":"max-snippet:-1","max-image-preview":"max-image-preview:large","max-video-preview":"max-video-preview:-1"},"canonical":"https:\/\/moyzeska.sk\/index.php\/statut-rady-skoly\/","og_locale":"sk_SK","og_type":"article","og_title":"\u0160tat\u00fat Rady \u0161koly - Stredn\u00e1 zdravotn\u00edcka \u0161kola, Moyzesova 17, Ko\u0161ice","og_url":"https:\/\/moyzeska.sk\/index.php\/statut-rady-skoly\/","og_site_name":"Stredn\u00e1 zdravotn\u00edcka \u0161kola, Moyzesova 17, Ko\u0161ice","article_publisher":"https:\/\/www.facebook.com\/Moyzeska","article_modified_time":"2026-04-22T19:27:48+00:00","twitter_card":"summary_large_image","twitter_misc":{"Predpokladan\u00fd \u010das \u010d\u00edtania":"1 min\u00fata"},"schema":{"@context":"https:\/\/schema.org","@graph":[{"@type":"WebPage","@id":"https:\/\/moyzeska.sk\/index.php\/statut-rady-skoly\/","url":"https:\/\/moyzeska.sk\/index.php\/statut-rady-skoly\/","name":"\u0160tat\u00fat Rady \u0161koly - Stredn\u00e1 zdravotn\u00edcka \u0161kola, Moyzesova 17, Ko\u0161ice","isPartOf":{"@id":"https:\/\/moyzeska.sk\/#website"},"datePublished":"2021-12-07T06:33:50+00:00","dateModified":"2026-04-22T19:27:48+00:00","breadcrumb":{"@id":"https:\/\/moyzeska.sk\/index.php\/statut-rady-skoly\/#breadcrumb"},"inLanguage":"sk-SK","potentialAction":[{"@type":"ReadAction","target":["https:\/\/moyzeska.sk\/index.php\/statut-rady-skoly\/"]}]},{"@type":"BreadcrumbList","@id":"https:\/\/moyzeska.sk\/index.php\/statut-rady-skoly\/#breadcrumb","itemListElement":[{"@type":"ListItem","position":1,"name":"Home","item":"https:\/\/moyzeska.sk\/"},{"@type":"ListItem","position":2,"name":"\u0160tat\u00fat Rady \u0161koly"}]},{"@type":"WebSite","@id":"https:\/\/moyzeska.sk\/#website","url":"https:\/\/moyzeska.sk\/","name":"Stredn\u00e1 zdravotn\u00edcka \u0161kola, Moyzesova 17, Ko\u0161ice","description":"","publisher":{"@id":"https:\/\/moyzeska.sk\/#organization"},"potentialAction":[{"@type":"SearchAction","target":{"@type":"EntryPoint","urlTemplate":"https:\/\/moyzeska.sk\/?s={search_term_string}"},"query-input":"required name=search_term_string"}],"inLanguage":"sk-SK"},{"@type":"Organization","@id":"https:\/\/moyzeska.sk\/#organization","name":"Stredn\u00e1 zdravotn\u00edcka \u0161kola, Moyzesova 17, Ko\u0161ice","url":"https:\/\/moyzeska.sk\/","logo":{"@type":"ImageObject","inLanguage":"sk-SK","@id":"https:\/\/moyzeska.sk\/#\/schema\/logo\/image\/","url":"https:\/\/moyzeska.sk\/wp-content\/uploads\/2020\/09\/SZS-logo.png","contentUrl":"https:\/\/moyzeska.sk\/wp-content\/uploads\/2020\/09\/SZS-logo.png","width":300,"height":300,"caption":"Stredn\u00e1 zdravotn\u00edcka \u0161kola, Moyzesova 17, Ko\u0161ice"},"image":{"@id":"https:\/\/moyzeska.sk\/#\/schema\/logo\/image\/"},"sameAs":["https:\/\/www.facebook.com\/Moyzeska","https:\/\/www.instagram.com\/moyzeska\/"]}]}},"_links":{"self":[{"href":"https:\/\/moyzeska.sk\/index.php\/wp-json\/wp\/v2\/pages\/3250"}],"collection":[{"href":"https:\/\/moyzeska.sk\/index.php\/wp-json\/wp\/v2\/pages"}],"about":[{"href":"https:\/\/moyzeska.sk\/index.php\/wp-json\/wp\/v2\/types\/page"}],"author":[{"embeddable":true,"href":"https:\/\/moyzeska.sk\/index.php\/wp-json\/wp\/v2\/users\/1"}],"replies":[{"embeddable":true,"href":"https:\/\/moyzeska.sk\/index.php\/wp-json\/wp\/v2\/comments?post=3250"}],"version-history":[{"count":6,"href":"https:\/\/moyzeska.sk\/index.php\/wp-json\/wp\/v2\/pages\/3250\/revisions"}],"predecessor-version":[{"id":9154,"href":"https:\/\/moyzeska.sk\/index.php\/wp-json\/wp\/v2\/pages\/3250\/revisions\/9154"}],"wp:attachment":[{"href":"https:\/\/moyzeska.sk\/index.php\/wp-json\/wp\/v2\/media?parent=3250"}],"curies":[{"name":"wp","href":"https:\/\/api.w.org\/{rel}","templated":true}]}}