{"id":3179,"date":"2021-11-05T13:12:20","date_gmt":"2021-11-05T12:12:20","guid":{"rendered":"https:\/\/moyzeska.sk\/?page_id=3179"},"modified":"2021-11-05T13:12:21","modified_gmt":"2021-11-05T12:12:21","slug":"kongres-spolocnosti-vseobecnych-lekarov-slovenska","status":"publish","type":"page","link":"https:\/\/moyzeska.sk\/index.php\/kongres-spolocnosti-vseobecnych-lekarov-slovenska\/","title":{"rendered":"Kongres Spolo\u010dnosti v\u0161eobecn\u00fdch lek\u00e1rov Slovenska"},"content":{"rendered":"\n<p>Skuto\u010dnos\u0165, \u017ee vysok\u00fd pr\u00edjem tukov a&nbsp;nevhodn\u00e9 zlo\u017eenie mastn\u00fdch kysel\u00edn prij\u00edman\u00e9ho tuku s\u00fa pr\u00ed\u010dinou vzniku mnoh\u00fdch por\u00fach metabolizmu tukov sp\u00f4sobuj\u00facich v\u00e1\u017ene komplik\u00e1cie, je aktu\u00e1lnou t\u00e9mou aj dnes nielen pre odborn\u00fa, ale aj laick\u00fa verejnos\u0165. \u017dijeme v&nbsp;dobe alarmuj\u00faco zvy\u0161uj\u00faceho sa trendu v\u00fdskytu mnoh\u00fdch nielen kardiovaskul\u00e1rnych ochoren\u00ed.<\/p>\n\n\n\n<p>V&nbsp;d\u0148och 10. 9. &#8211; 13. 9. 2021 som sa nielen ako odborn\u00e1 u\u010dite\u013eka \u0161tudijn\u00e9ho odboru AV na na\u0161ej \u0161kole, ale aj ako nutri\u010dn\u00fd terapeut z&nbsp;praxe, z\u00fa\u010dastnila prest\u00ed\u017eneho podujatia v\u0161eobecn\u00fdch lek\u00e1rov na Slovensku \u2013 Kongres Spolo\u010dnosti v\u0161eobecn\u00fdch lek\u00e1rov Slovenska. Miestom konania bolo kongresov\u00e9 centrum v&nbsp;\u0160amor\u00edne \u2013 \u010cilistov. Hlavnou t\u00e9mou stretnut\u00ed bola: Prevencia kardiovaskul\u00e1rnych ochoren\u00ed v&nbsp;ambulancii v\u0161eobecn\u00e9ho lek\u00e1ra. Sama som sa akt\u00edvne zapojila s&nbsp;predn\u00e1\u0161kou na t\u00e9mu \u201eZdravo \u017ei\u0165, zdravo jes\u0165\u201c do odborn\u00e9ho bloku Ambulantn\u00e1 prax.<\/p>\n\n\n\n<p>Cel\u00fa predn\u00e1\u0161ku som koncipovala do nieko\u013ek\u00fdch v\u00fdchodiskov\u00fdch princ\u00edpov di\u00e9tnej lie\u010dby, ktor\u00e1 z nutri\u010dn\u00e9ho h\u013eadiska vypl\u00fdva z&nbsp;fyziologick\u00fdch potrieb zdrav\u00e9ho \u010dloveka so zameran\u00edm na korekciu&nbsp; v\u00fdberu a&nbsp; mno\u017estva tukov a pos\u00faden\u00edm ich kvalitat\u00edvnej str\u00e1nky.<\/p>\n\n\n\n<p>Schopnos\u0165 orientova\u0165 sa v problematike zlo\u017eenia a pou\u017eitia tukov ako aj vhodne zvolen\u00e1 met\u00f3da aplik\u00e1cie poznatkov pri zostave jed\u00e1lneho l\u00edstka je tou najlep\u0161ou z\u00e1rukou \u00faspe\u0161nej eduk\u00e1cie pacienta pre dosiahnutie cie\u013ea a&nbsp;zlep\u0161enie jeho zdravotn\u00e9ho stavu. Pr\u00e1ve kooper\u00e1cia v\u0161eobecn\u00e9ho &nbsp;lek\u00e1ra a nutri\u010dn\u00e9ho terapeuta \u010di u\u017e v&nbsp;ich poradensk\u00fdch centr\u00e1ch alebo v \u201eambulanci\u00e1ch prv\u00e9ho kontaktu\u201c d\u00e1va priestor pre naplnenie tohto cie\u013ea.<\/p>\n\n\n\n<p>Svojou \u00fa\u010das\u0165ou na tomto podujat\u00ed som z\u00edskala ve\u013ea cenn\u00fdch poznatkov, ktor\u00e9 m\u00f4\u017eem vyu\u017ei\u0165 vo svojej praxi a&nbsp;mnoh\u00e9 z&nbsp;nich odovzda\u0165 aj na\u0161im \u0161tudentom odboru AV.<\/p>\n\n\n\n<p class=\"has-text-align-right\">PaedDr. Vasil\u00edkov\u00e1 M\u00e1ria<\/p>\n\n\n\n<p class=\"has-text-align-right\">odborn\u00e1 u\u010dite\u013eka AV<\/p>\n\n\n\n<div class=\"wp-block-image\"><figure class=\"aligncenter size-large is-resized\"><img decoding=\"async\" loading=\"lazy\" src=\"https:\/\/moyzeska.sk\/wp-content\/uploads\/2021\/11\/Cilistovo-730x1024.jpg\" alt=\"\" class=\"wp-image-3180\" width=\"548\" height=\"768\" srcset=\"https:\/\/moyzeska.sk\/wp-content\/uploads\/2021\/11\/Cilistovo-730x1024.jpg 730w, https:\/\/moyzeska.sk\/wp-content\/uploads\/2021\/11\/Cilistovo-214x300.jpg 214w, https:\/\/moyzeska.sk\/wp-content\/uploads\/2021\/11\/Cilistovo-768x1078.jpg 768w, https:\/\/moyzeska.sk\/wp-content\/uploads\/2021\/11\/Cilistovo-1094x1536.jpg 1094w, https:\/\/moyzeska.sk\/wp-content\/uploads\/2021\/11\/Cilistovo.jpg 1140w\" sizes=\"(max-width: 548px) 100vw, 548px\" \/><\/figure><\/div>\n","protected":false},"excerpt":{"rendered":"<p>Skuto\u010dnos\u0165, \u017ee vysok\u00fd pr\u00edjem tukov a&nbsp;nevhodn\u00e9 zlo\u017eenie mastn\u00fdch kysel\u00edn prij\u00edman\u00e9ho tuku s\u00fa pr\u00ed\u010dinou vzniku mnoh\u00fdch por\u00fach metabolizmu tukov sp\u00f4sobuj\u00facich v\u00e1\u017ene komplik\u00e1cie, je aktu\u00e1lnou t\u00e9mou aj dnes nielen pre odborn\u00fa, ale aj laick\u00fa verejnos\u0165. \u017dijeme v&nbsp;dobe alarmuj\u00faco zvy\u0161uj\u00faceho sa trendu v\u00fdskytu mnoh\u00fdch nielen kardiovaskul\u00e1rnych ochoren\u00ed. V&nbsp;d\u0148och 10. 9. &#8211; 13. 9. 2021 som sa nielen ako &hellip;<br \/><a href=\"https:\/\/moyzeska.sk\/index.php\/kongres-spolocnosti-vseobecnych-lekarov-slovenska\/\" class=\"more-link pen_button pen_element_default pen_icon_arrow_double\">Zobrazi\u0165<\/a><\/p>\n","protected":false},"author":1,"featured_media":0,"parent":0,"menu_order":0,"comment_status":"closed","ping_status":"closed","template":"","meta":{"_monsterinsights_skip_tracking":false,"_monsterinsights_sitenote_active":false,"_monsterinsights_sitenote_note":"","_monsterinsights_sitenote_category":0},"yoast_head":"<!-- This site is optimized with the Yoast SEO plugin v21.8.1 - https:\/\/yoast.com\/wordpress\/plugins\/seo\/ -->\n<title>Kongres Spolo\u010dnosti v\u0161eobecn\u00fdch lek\u00e1rov Slovenska - Stredn\u00e1 zdravotn\u00edcka \u0161kola, Moyzesova 17, Ko\u0161ice<\/title>\n<meta name=\"robots\" content=\"index, follow, max-snippet:-1, max-image-preview:large, max-video-preview:-1\" \/>\n<link rel=\"canonical\" href=\"https:\/\/moyzeska.sk\/index.php\/kongres-spolocnosti-vseobecnych-lekarov-slovenska\/\" \/>\n<meta property=\"og:locale\" content=\"sk_SK\" \/>\n<meta property=\"og:type\" content=\"article\" \/>\n<meta property=\"og:title\" content=\"Kongres Spolo\u010dnosti v\u0161eobecn\u00fdch lek\u00e1rov Slovenska - Stredn\u00e1 zdravotn\u00edcka \u0161kola, Moyzesova 17, Ko\u0161ice\" \/>\n<meta property=\"og:description\" content=\"Skuto\u010dnos\u0165, \u017ee vysok\u00fd pr\u00edjem tukov a&nbsp;nevhodn\u00e9 zlo\u017eenie mastn\u00fdch kysel\u00edn prij\u00edman\u00e9ho tuku s\u00fa pr\u00ed\u010dinou vzniku mnoh\u00fdch por\u00fach metabolizmu tukov sp\u00f4sobuj\u00facich v\u00e1\u017ene komplik\u00e1cie, je aktu\u00e1lnou t\u00e9mou aj dnes nielen pre odborn\u00fa, ale aj laick\u00fa verejnos\u0165. \u017dijeme v&nbsp;dobe alarmuj\u00faco zvy\u0161uj\u00faceho sa trendu v\u00fdskytu mnoh\u00fdch nielen kardiovaskul\u00e1rnych ochoren\u00ed. V&nbsp;d\u0148och 10. 9. &#8211; 13. 9. 2021 som sa nielen ako &hellip;Zobrazi\u0165\" \/>\n<meta property=\"og:url\" content=\"https:\/\/moyzeska.sk\/index.php\/kongres-spolocnosti-vseobecnych-lekarov-slovenska\/\" \/>\n<meta property=\"og:site_name\" content=\"Stredn\u00e1 zdravotn\u00edcka \u0161kola, Moyzesova 17, Ko\u0161ice\" \/>\n<meta property=\"article:publisher\" content=\"https:\/\/www.facebook.com\/Moyzeska\" \/>\n<meta property=\"article:modified_time\" content=\"2021-11-05T12:12:21+00:00\" \/>\n<meta property=\"og:image\" content=\"https:\/\/moyzeska.sk\/wp-content\/uploads\/2021\/11\/Cilistovo-730x1024.jpg\" \/>\n<meta name=\"twitter:card\" content=\"summary_large_image\" \/>\n<meta name=\"twitter:label1\" content=\"Predpokladan\u00fd \u010das \u010d\u00edtania\" \/>\n\t<meta name=\"twitter:data1\" content=\"2 min\u00faty\" \/>\n<script type=\"application\/ld+json\" class=\"yoast-schema-graph\">{\"@context\":\"https:\/\/schema.org\",\"@graph\":[{\"@type\":\"WebPage\",\"@id\":\"https:\/\/moyzeska.sk\/index.php\/kongres-spolocnosti-vseobecnych-lekarov-slovenska\/\",\"url\":\"https:\/\/moyzeska.sk\/index.php\/kongres-spolocnosti-vseobecnych-lekarov-slovenska\/\",\"name\":\"Kongres Spolo\u010dnosti v\u0161eobecn\u00fdch lek\u00e1rov Slovenska - Stredn\u00e1 zdravotn\u00edcka \u0161kola, Moyzesova 17, Ko\u0161ice\",\"isPartOf\":{\"@id\":\"https:\/\/moyzeska.sk\/#website\"},\"datePublished\":\"2021-11-05T12:12:20+00:00\",\"dateModified\":\"2021-11-05T12:12:21+00:00\",\"breadcrumb\":{\"@id\":\"https:\/\/moyzeska.sk\/index.php\/kongres-spolocnosti-vseobecnych-lekarov-slovenska\/#breadcrumb\"},\"inLanguage\":\"sk-SK\",\"potentialAction\":[{\"@type\":\"ReadAction\",\"target\":[\"https:\/\/moyzeska.sk\/index.php\/kongres-spolocnosti-vseobecnych-lekarov-slovenska\/\"]}]},{\"@type\":\"BreadcrumbList\",\"@id\":\"https:\/\/moyzeska.sk\/index.php\/kongres-spolocnosti-vseobecnych-lekarov-slovenska\/#breadcrumb\",\"itemListElement\":[{\"@type\":\"ListItem\",\"position\":1,\"name\":\"Home\",\"item\":\"https:\/\/moyzeska.sk\/\"},{\"@type\":\"ListItem\",\"position\":2,\"name\":\"Kongres Spolo\u010dnosti v\u0161eobecn\u00fdch lek\u00e1rov Slovenska\"}]},{\"@type\":\"WebSite\",\"@id\":\"https:\/\/moyzeska.sk\/#website\",\"url\":\"https:\/\/moyzeska.sk\/\",\"name\":\"Stredn\u00e1 zdravotn\u00edcka \u0161kola, Moyzesova 17, Ko\u0161ice\",\"description\":\"\",\"publisher\":{\"@id\":\"https:\/\/moyzeska.sk\/#organization\"},\"potentialAction\":[{\"@type\":\"SearchAction\",\"target\":{\"@type\":\"EntryPoint\",\"urlTemplate\":\"https:\/\/moyzeska.sk\/?s={search_term_string}\"},\"query-input\":\"required name=search_term_string\"}],\"inLanguage\":\"sk-SK\"},{\"@type\":\"Organization\",\"@id\":\"https:\/\/moyzeska.sk\/#organization\",\"name\":\"Stredn\u00e1 zdravotn\u00edcka \u0161kola, Moyzesova 17, Ko\u0161ice\",\"url\":\"https:\/\/moyzeska.sk\/\",\"logo\":{\"@type\":\"ImageObject\",\"inLanguage\":\"sk-SK\",\"@id\":\"https:\/\/moyzeska.sk\/#\/schema\/logo\/image\/\",\"url\":\"https:\/\/moyzeska.sk\/wp-content\/uploads\/2020\/09\/SZS-logo.png\",\"contentUrl\":\"https:\/\/moyzeska.sk\/wp-content\/uploads\/2020\/09\/SZS-logo.png\",\"width\":300,\"height\":300,\"caption\":\"Stredn\u00e1 zdravotn\u00edcka \u0161kola, Moyzesova 17, Ko\u0161ice\"},\"image\":{\"@id\":\"https:\/\/moyzeska.sk\/#\/schema\/logo\/image\/\"},\"sameAs\":[\"https:\/\/www.facebook.com\/Moyzeska\",\"https:\/\/www.instagram.com\/moyzeska\/\"]}]}<\/script>\n<!-- \/ Yoast SEO plugin. -->","yoast_head_json":{"title":"Kongres Spolo\u010dnosti v\u0161eobecn\u00fdch lek\u00e1rov Slovenska - Stredn\u00e1 zdravotn\u00edcka \u0161kola, Moyzesova 17, Ko\u0161ice","robots":{"index":"index","follow":"follow","max-snippet":"max-snippet:-1","max-image-preview":"max-image-preview:large","max-video-preview":"max-video-preview:-1"},"canonical":"https:\/\/moyzeska.sk\/index.php\/kongres-spolocnosti-vseobecnych-lekarov-slovenska\/","og_locale":"sk_SK","og_type":"article","og_title":"Kongres Spolo\u010dnosti v\u0161eobecn\u00fdch lek\u00e1rov Slovenska - Stredn\u00e1 zdravotn\u00edcka \u0161kola, Moyzesova 17, Ko\u0161ice","og_description":"Skuto\u010dnos\u0165, \u017ee vysok\u00fd pr\u00edjem tukov a&nbsp;nevhodn\u00e9 zlo\u017eenie mastn\u00fdch kysel\u00edn prij\u00edman\u00e9ho tuku s\u00fa pr\u00ed\u010dinou vzniku mnoh\u00fdch por\u00fach metabolizmu tukov sp\u00f4sobuj\u00facich v\u00e1\u017ene komplik\u00e1cie, je aktu\u00e1lnou t\u00e9mou aj dnes nielen pre odborn\u00fa, ale aj laick\u00fa verejnos\u0165. \u017dijeme v&nbsp;dobe alarmuj\u00faco zvy\u0161uj\u00faceho sa trendu v\u00fdskytu mnoh\u00fdch nielen kardiovaskul\u00e1rnych ochoren\u00ed. V&nbsp;d\u0148och 10. 9. &#8211; 13. 9. 2021 som sa nielen ako &hellip;Zobrazi\u0165","og_url":"https:\/\/moyzeska.sk\/index.php\/kongres-spolocnosti-vseobecnych-lekarov-slovenska\/","og_site_name":"Stredn\u00e1 zdravotn\u00edcka \u0161kola, Moyzesova 17, Ko\u0161ice","article_publisher":"https:\/\/www.facebook.com\/Moyzeska","article_modified_time":"2021-11-05T12:12:21+00:00","og_image":[{"url":"https:\/\/moyzeska.sk\/wp-content\/uploads\/2021\/11\/Cilistovo-730x1024.jpg"}],"twitter_card":"summary_large_image","twitter_misc":{"Predpokladan\u00fd \u010das \u010d\u00edtania":"2 min\u00faty"},"schema":{"@context":"https:\/\/schema.org","@graph":[{"@type":"WebPage","@id":"https:\/\/moyzeska.sk\/index.php\/kongres-spolocnosti-vseobecnych-lekarov-slovenska\/","url":"https:\/\/moyzeska.sk\/index.php\/kongres-spolocnosti-vseobecnych-lekarov-slovenska\/","name":"Kongres Spolo\u010dnosti v\u0161eobecn\u00fdch lek\u00e1rov Slovenska - Stredn\u00e1 zdravotn\u00edcka \u0161kola, Moyzesova 17, Ko\u0161ice","isPartOf":{"@id":"https:\/\/moyzeska.sk\/#website"},"datePublished":"2021-11-05T12:12:20+00:00","dateModified":"2021-11-05T12:12:21+00:00","breadcrumb":{"@id":"https:\/\/moyzeska.sk\/index.php\/kongres-spolocnosti-vseobecnych-lekarov-slovenska\/#breadcrumb"},"inLanguage":"sk-SK","potentialAction":[{"@type":"ReadAction","target":["https:\/\/moyzeska.sk\/index.php\/kongres-spolocnosti-vseobecnych-lekarov-slovenska\/"]}]},{"@type":"BreadcrumbList","@id":"https:\/\/moyzeska.sk\/index.php\/kongres-spolocnosti-vseobecnych-lekarov-slovenska\/#breadcrumb","itemListElement":[{"@type":"ListItem","position":1,"name":"Home","item":"https:\/\/moyzeska.sk\/"},{"@type":"ListItem","position":2,"name":"Kongres Spolo\u010dnosti v\u0161eobecn\u00fdch lek\u00e1rov Slovenska"}]},{"@type":"WebSite","@id":"https:\/\/moyzeska.sk\/#website","url":"https:\/\/moyzeska.sk\/","name":"Stredn\u00e1 zdravotn\u00edcka \u0161kola, Moyzesova 17, Ko\u0161ice","description":"","publisher":{"@id":"https:\/\/moyzeska.sk\/#organization"},"potentialAction":[{"@type":"SearchAction","target":{"@type":"EntryPoint","urlTemplate":"https:\/\/moyzeska.sk\/?s={search_term_string}"},"query-input":"required name=search_term_string"}],"inLanguage":"sk-SK"},{"@type":"Organization","@id":"https:\/\/moyzeska.sk\/#organization","name":"Stredn\u00e1 zdravotn\u00edcka \u0161kola, Moyzesova 17, Ko\u0161ice","url":"https:\/\/moyzeska.sk\/","logo":{"@type":"ImageObject","inLanguage":"sk-SK","@id":"https:\/\/moyzeska.sk\/#\/schema\/logo\/image\/","url":"https:\/\/moyzeska.sk\/wp-content\/uploads\/2020\/09\/SZS-logo.png","contentUrl":"https:\/\/moyzeska.sk\/wp-content\/uploads\/2020\/09\/SZS-logo.png","width":300,"height":300,"caption":"Stredn\u00e1 zdravotn\u00edcka \u0161kola, Moyzesova 17, Ko\u0161ice"},"image":{"@id":"https:\/\/moyzeska.sk\/#\/schema\/logo\/image\/"},"sameAs":["https:\/\/www.facebook.com\/Moyzeska","https:\/\/www.instagram.com\/moyzeska\/"]}]}},"_links":{"self":[{"href":"https:\/\/moyzeska.sk\/index.php\/wp-json\/wp\/v2\/pages\/3179"}],"collection":[{"href":"https:\/\/moyzeska.sk\/index.php\/wp-json\/wp\/v2\/pages"}],"about":[{"href":"https:\/\/moyzeska.sk\/index.php\/wp-json\/wp\/v2\/types\/page"}],"author":[{"embeddable":true,"href":"https:\/\/moyzeska.sk\/index.php\/wp-json\/wp\/v2\/users\/1"}],"replies":[{"embeddable":true,"href":"https:\/\/moyzeska.sk\/index.php\/wp-json\/wp\/v2\/comments?post=3179"}],"version-history":[{"count":1,"href":"https:\/\/moyzeska.sk\/index.php\/wp-json\/wp\/v2\/pages\/3179\/revisions"}],"predecessor-version":[{"id":3181,"href":"https:\/\/moyzeska.sk\/index.php\/wp-json\/wp\/v2\/pages\/3179\/revisions\/3181"}],"wp:attachment":[{"href":"https:\/\/moyzeska.sk\/index.php\/wp-json\/wp\/v2\/media?parent=3179"}],"curies":[{"name":"wp","href":"https:\/\/api.w.org\/{rel}","templated":true}]}}