{"id":3101,"date":"2021-10-27T14:03:12","date_gmt":"2021-10-27T12:03:12","guid":{"rendered":"https:\/\/moyzeska.sk\/?page_id=3101"},"modified":"2026-01-20T13:10:39","modified_gmt":"2026-01-20T12:10:39","slug":"slovensky-odborovy-zvaz-zdravotnictva-a-socialnych-sluzieb","status":"publish","type":"page","link":"https:\/\/moyzeska.sk\/index.php\/slovensky-odborovy-zvaz-zdravotnictva-a-socialnych-sluzieb\/","title":{"rendered":"Slovensk\u00fd odborov\u00fd zv\u00e4z zdravotn\u00edctva a soci\u00e1lnych slu\u017eieb"},"content":{"rendered":"\n<p><strong><em>Z\u00e1kladn\u00e1 odborov\u00e1 organiz\u00e1cia pri SZ\u0160<\/em><\/strong><\/p>\n\n\n\n<p>Z\u00e1kladn\u00e1 odborov\u00e1 organiz\u00e1cia pri Strednej zdravotn\u00edckej \u0161kole (\u010falej len ZO OZ), Moyzesova 17, 041 76 Ko\u0161ice je \u010dlenom Slovensk\u00e9ho odborov\u00e9ho zv\u00e4zu ZaSS od 01.01.1990 pod organiza\u010dn\u00fdm \u010d\u00edslom <strong>0114-80205<\/strong> a&nbsp;identifika\u010dn\u00fdm \u010d\u00edslom \u0160\u00da 683949248.<\/p>\n\n\n\n<p>ZO OZ m\u00e1 pod\u013ea Stanov SOZ, \u010dl. 27 pr\u00e1vnu subjektivitu. V&nbsp;jej mene konaj\u00fa pr\u00edslu\u0161n\u00e9 org\u00e1ny ZO (predseda, v\u00fdbor, \u010dlensk\u00e1 sch\u00f4dza), nadob\u00fada pr\u00e1va a&nbsp;m\u00f4\u017ee sa zav\u00e4zova\u0165 svojim menom v&nbsp;rozsahu svojej p\u00f4sobnosti a&nbsp;Stanov SOZ.<\/p>\n\n\n\n<p>Na z\u00e1klade Z\u00e1konov 83\/1990 Zb. a&nbsp;300\/1990 Zb. sa SOZ zdravotn\u00edctva a&nbsp;soci\u00e1lnych slu\u017eieb zaregistroval na Ministerstve vn\u00fatra SR d\u0148a 07.07.2003 pod \u010d. VVS\/1-2200\/90-1-5 a&nbsp;z\u00e1kladn\u00e9 odborov\u00e9 organiz\u00e1cie odborov\u00e9ho zv\u00e4zu maj\u00fa odvoden\u00fa pr\u00e1vnu subjektivitu od odborov\u00e9ho zv\u00e4zu, ktor\u00e9ho s\u00fa \u010dlenmi a&nbsp;teda nemusia postupova\u0165 v&nbsp;zmysle ustanovenia \u00a79 p\u00edsm. a) Z8kona \u010d. 300\/1990 Zb. samostatne.<\/p>\n\n\n\n<p><strong>Predseda ZO OZ:<\/strong><\/p>\n\n\n\n<p>RNDr. Silvia \u010cornani\u010dov\u00e1<\/p>\n\n\n\n<p><strong>Podpredseda ZO OZ:<\/strong><\/p>\n\n\n\n<p>Ing. Em\u00edlia Ba\u010dov\u00e1<\/p>\n\n\n\n<p><strong>\u010clen v\u00fdboru &#8211; tajomn\u00edk:<\/strong> <\/p>\n\n\n\n<p>PaedDr. Mgr. Miroslava Sinayov\u00e1, MBA<\/p>\n\n\n\n<p><strong>Hospod\u00e1r:<\/strong><\/p>\n\n\n\n<p>Ing. Zuzana Turianska<\/p>\n\n\n\n<p><strong>Rev\u00edzor \u00fa\u010dtov:<\/strong><\/p>\n\n\n\n<p>Mgr. Darina Burikov\u00e1<\/p>\n","protected":false},"excerpt":{"rendered":"<p>Z\u00e1kladn\u00e1 odborov\u00e1 organiz\u00e1cia pri SZ\u0160 Z\u00e1kladn\u00e1 odborov\u00e1 organiz\u00e1cia pri Strednej zdravotn\u00edckej \u0161kole (\u010falej len ZO OZ), Moyzesova 17, 041 76 Ko\u0161ice je \u010dlenom Slovensk\u00e9ho odborov\u00e9ho zv\u00e4zu ZaSS od 01.01.1990 pod organiza\u010dn\u00fdm \u010d\u00edslom 0114-80205 a&nbsp;identifika\u010dn\u00fdm \u010d\u00edslom \u0160\u00da 683949248. ZO OZ m\u00e1 pod\u013ea Stanov SOZ, \u010dl. 27 pr\u00e1vnu subjektivitu. V&nbsp;jej mene konaj\u00fa pr\u00edslu\u0161n\u00e9 org\u00e1ny ZO (predseda, v\u00fdbor, &hellip;<br \/><a href=\"https:\/\/moyzeska.sk\/index.php\/slovensky-odborovy-zvaz-zdravotnictva-a-socialnych-sluzieb\/\" class=\"more-link pen_button pen_element_default pen_icon_arrow_double\">Zobrazi\u0165<\/a><\/p>\n","protected":false},"author":1,"featured_media":0,"parent":0,"menu_order":0,"comment_status":"closed","ping_status":"closed","template":"","meta":{"_monsterinsights_skip_tracking":false,"_monsterinsights_sitenote_active":false,"_monsterinsights_sitenote_note":"","_monsterinsights_sitenote_category":0},"yoast_head":"<!-- This site is optimized with the Yoast SEO plugin v21.8.1 - https:\/\/yoast.com\/wordpress\/plugins\/seo\/ -->\n<title>Slovensk\u00fd odborov\u00fd zv\u00e4z zdravotn\u00edctva a soci\u00e1lnych slu\u017eieb - Stredn\u00e1 zdravotn\u00edcka \u0161kola, Moyzesova 17, Ko\u0161ice<\/title>\n<meta name=\"robots\" content=\"index, follow, max-snippet:-1, max-image-preview:large, max-video-preview:-1\" \/>\n<link rel=\"canonical\" href=\"https:\/\/moyzeska.sk\/index.php\/slovensky-odborovy-zvaz-zdravotnictva-a-socialnych-sluzieb\/\" \/>\n<meta property=\"og:locale\" content=\"sk_SK\" \/>\n<meta property=\"og:type\" content=\"article\" \/>\n<meta property=\"og:title\" content=\"Slovensk\u00fd odborov\u00fd zv\u00e4z zdravotn\u00edctva a soci\u00e1lnych slu\u017eieb - Stredn\u00e1 zdravotn\u00edcka \u0161kola, Moyzesova 17, Ko\u0161ice\" \/>\n<meta property=\"og:description\" content=\"Z\u00e1kladn\u00e1 odborov\u00e1 organiz\u00e1cia pri SZ\u0160 Z\u00e1kladn\u00e1 odborov\u00e1 organiz\u00e1cia pri Strednej zdravotn\u00edckej \u0161kole (\u010falej len ZO OZ), Moyzesova 17, 041 76 Ko\u0161ice je \u010dlenom Slovensk\u00e9ho odborov\u00e9ho zv\u00e4zu ZaSS od 01.01.1990 pod organiza\u010dn\u00fdm \u010d\u00edslom 0114-80205 a&nbsp;identifika\u010dn\u00fdm \u010d\u00edslom \u0160\u00da 683949248. ZO OZ m\u00e1 pod\u013ea Stanov SOZ, \u010dl. 27 pr\u00e1vnu subjektivitu. V&nbsp;jej mene konaj\u00fa pr\u00edslu\u0161n\u00e9 org\u00e1ny ZO (predseda, v\u00fdbor, &hellip;Zobrazi\u0165\" \/>\n<meta property=\"og:url\" content=\"https:\/\/moyzeska.sk\/index.php\/slovensky-odborovy-zvaz-zdravotnictva-a-socialnych-sluzieb\/\" \/>\n<meta property=\"og:site_name\" content=\"Stredn\u00e1 zdravotn\u00edcka \u0161kola, Moyzesova 17, Ko\u0161ice\" \/>\n<meta property=\"article:publisher\" content=\"https:\/\/www.facebook.com\/Moyzeska\" \/>\n<meta property=\"article:modified_time\" content=\"2026-01-20T12:10:39+00:00\" \/>\n<meta name=\"twitter:card\" content=\"summary_large_image\" \/>\n<meta name=\"twitter:label1\" content=\"Predpokladan\u00fd \u010das \u010d\u00edtania\" \/>\n\t<meta name=\"twitter:data1\" content=\"1 min\u00fata\" \/>\n<script type=\"application\/ld+json\" class=\"yoast-schema-graph\">{\"@context\":\"https:\/\/schema.org\",\"@graph\":[{\"@type\":\"WebPage\",\"@id\":\"https:\/\/moyzeska.sk\/index.php\/slovensky-odborovy-zvaz-zdravotnictva-a-socialnych-sluzieb\/\",\"url\":\"https:\/\/moyzeska.sk\/index.php\/slovensky-odborovy-zvaz-zdravotnictva-a-socialnych-sluzieb\/\",\"name\":\"Slovensk\u00fd odborov\u00fd zv\u00e4z zdravotn\u00edctva a soci\u00e1lnych slu\u017eieb - Stredn\u00e1 zdravotn\u00edcka \u0161kola, Moyzesova 17, Ko\u0161ice\",\"isPartOf\":{\"@id\":\"https:\/\/moyzeska.sk\/#website\"},\"datePublished\":\"2021-10-27T12:03:12+00:00\",\"dateModified\":\"2026-01-20T12:10:39+00:00\",\"breadcrumb\":{\"@id\":\"https:\/\/moyzeska.sk\/index.php\/slovensky-odborovy-zvaz-zdravotnictva-a-socialnych-sluzieb\/#breadcrumb\"},\"inLanguage\":\"sk-SK\",\"potentialAction\":[{\"@type\":\"ReadAction\",\"target\":[\"https:\/\/moyzeska.sk\/index.php\/slovensky-odborovy-zvaz-zdravotnictva-a-socialnych-sluzieb\/\"]}]},{\"@type\":\"BreadcrumbList\",\"@id\":\"https:\/\/moyzeska.sk\/index.php\/slovensky-odborovy-zvaz-zdravotnictva-a-socialnych-sluzieb\/#breadcrumb\",\"itemListElement\":[{\"@type\":\"ListItem\",\"position\":1,\"name\":\"Home\",\"item\":\"https:\/\/moyzeska.sk\/\"},{\"@type\":\"ListItem\",\"position\":2,\"name\":\"Slovensk\u00fd odborov\u00fd zv\u00e4z zdravotn\u00edctva a soci\u00e1lnych slu\u017eieb\"}]},{\"@type\":\"WebSite\",\"@id\":\"https:\/\/moyzeska.sk\/#website\",\"url\":\"https:\/\/moyzeska.sk\/\",\"name\":\"Stredn\u00e1 zdravotn\u00edcka \u0161kola, Moyzesova 17, Ko\u0161ice\",\"description\":\"\",\"publisher\":{\"@id\":\"https:\/\/moyzeska.sk\/#organization\"},\"potentialAction\":[{\"@type\":\"SearchAction\",\"target\":{\"@type\":\"EntryPoint\",\"urlTemplate\":\"https:\/\/moyzeska.sk\/?s={search_term_string}\"},\"query-input\":\"required name=search_term_string\"}],\"inLanguage\":\"sk-SK\"},{\"@type\":\"Organization\",\"@id\":\"https:\/\/moyzeska.sk\/#organization\",\"name\":\"Stredn\u00e1 zdravotn\u00edcka \u0161kola, Moyzesova 17, Ko\u0161ice\",\"url\":\"https:\/\/moyzeska.sk\/\",\"logo\":{\"@type\":\"ImageObject\",\"inLanguage\":\"sk-SK\",\"@id\":\"https:\/\/moyzeska.sk\/#\/schema\/logo\/image\/\",\"url\":\"https:\/\/moyzeska.sk\/wp-content\/uploads\/2020\/09\/SZS-logo.png\",\"contentUrl\":\"https:\/\/moyzeska.sk\/wp-content\/uploads\/2020\/09\/SZS-logo.png\",\"width\":300,\"height\":300,\"caption\":\"Stredn\u00e1 zdravotn\u00edcka \u0161kola, Moyzesova 17, Ko\u0161ice\"},\"image\":{\"@id\":\"https:\/\/moyzeska.sk\/#\/schema\/logo\/image\/\"},\"sameAs\":[\"https:\/\/www.facebook.com\/Moyzeska\",\"https:\/\/www.instagram.com\/moyzeska\/\"]}]}<\/script>\n<!-- \/ Yoast SEO plugin. -->","yoast_head_json":{"title":"Slovensk\u00fd odborov\u00fd zv\u00e4z zdravotn\u00edctva a soci\u00e1lnych slu\u017eieb - Stredn\u00e1 zdravotn\u00edcka \u0161kola, Moyzesova 17, Ko\u0161ice","robots":{"index":"index","follow":"follow","max-snippet":"max-snippet:-1","max-image-preview":"max-image-preview:large","max-video-preview":"max-video-preview:-1"},"canonical":"https:\/\/moyzeska.sk\/index.php\/slovensky-odborovy-zvaz-zdravotnictva-a-socialnych-sluzieb\/","og_locale":"sk_SK","og_type":"article","og_title":"Slovensk\u00fd odborov\u00fd zv\u00e4z zdravotn\u00edctva a soci\u00e1lnych slu\u017eieb - Stredn\u00e1 zdravotn\u00edcka \u0161kola, Moyzesova 17, Ko\u0161ice","og_description":"Z\u00e1kladn\u00e1 odborov\u00e1 organiz\u00e1cia pri SZ\u0160 Z\u00e1kladn\u00e1 odborov\u00e1 organiz\u00e1cia pri Strednej zdravotn\u00edckej \u0161kole (\u010falej len ZO OZ), Moyzesova 17, 041 76 Ko\u0161ice je \u010dlenom Slovensk\u00e9ho odborov\u00e9ho zv\u00e4zu ZaSS od 01.01.1990 pod organiza\u010dn\u00fdm \u010d\u00edslom 0114-80205 a&nbsp;identifika\u010dn\u00fdm \u010d\u00edslom \u0160\u00da 683949248. ZO OZ m\u00e1 pod\u013ea Stanov SOZ, \u010dl. 27 pr\u00e1vnu subjektivitu. V&nbsp;jej mene konaj\u00fa pr\u00edslu\u0161n\u00e9 org\u00e1ny ZO (predseda, v\u00fdbor, &hellip;Zobrazi\u0165","og_url":"https:\/\/moyzeska.sk\/index.php\/slovensky-odborovy-zvaz-zdravotnictva-a-socialnych-sluzieb\/","og_site_name":"Stredn\u00e1 zdravotn\u00edcka \u0161kola, Moyzesova 17, Ko\u0161ice","article_publisher":"https:\/\/www.facebook.com\/Moyzeska","article_modified_time":"2026-01-20T12:10:39+00:00","twitter_card":"summary_large_image","twitter_misc":{"Predpokladan\u00fd \u010das \u010d\u00edtania":"1 min\u00fata"},"schema":{"@context":"https:\/\/schema.org","@graph":[{"@type":"WebPage","@id":"https:\/\/moyzeska.sk\/index.php\/slovensky-odborovy-zvaz-zdravotnictva-a-socialnych-sluzieb\/","url":"https:\/\/moyzeska.sk\/index.php\/slovensky-odborovy-zvaz-zdravotnictva-a-socialnych-sluzieb\/","name":"Slovensk\u00fd odborov\u00fd zv\u00e4z zdravotn\u00edctva a soci\u00e1lnych slu\u017eieb - Stredn\u00e1 zdravotn\u00edcka \u0161kola, Moyzesova 17, Ko\u0161ice","isPartOf":{"@id":"https:\/\/moyzeska.sk\/#website"},"datePublished":"2021-10-27T12:03:12+00:00","dateModified":"2026-01-20T12:10:39+00:00","breadcrumb":{"@id":"https:\/\/moyzeska.sk\/index.php\/slovensky-odborovy-zvaz-zdravotnictva-a-socialnych-sluzieb\/#breadcrumb"},"inLanguage":"sk-SK","potentialAction":[{"@type":"ReadAction","target":["https:\/\/moyzeska.sk\/index.php\/slovensky-odborovy-zvaz-zdravotnictva-a-socialnych-sluzieb\/"]}]},{"@type":"BreadcrumbList","@id":"https:\/\/moyzeska.sk\/index.php\/slovensky-odborovy-zvaz-zdravotnictva-a-socialnych-sluzieb\/#breadcrumb","itemListElement":[{"@type":"ListItem","position":1,"name":"Home","item":"https:\/\/moyzeska.sk\/"},{"@type":"ListItem","position":2,"name":"Slovensk\u00fd odborov\u00fd zv\u00e4z zdravotn\u00edctva a soci\u00e1lnych slu\u017eieb"}]},{"@type":"WebSite","@id":"https:\/\/moyzeska.sk\/#website","url":"https:\/\/moyzeska.sk\/","name":"Stredn\u00e1 zdravotn\u00edcka \u0161kola, Moyzesova 17, Ko\u0161ice","description":"","publisher":{"@id":"https:\/\/moyzeska.sk\/#organization"},"potentialAction":[{"@type":"SearchAction","target":{"@type":"EntryPoint","urlTemplate":"https:\/\/moyzeska.sk\/?s={search_term_string}"},"query-input":"required name=search_term_string"}],"inLanguage":"sk-SK"},{"@type":"Organization","@id":"https:\/\/moyzeska.sk\/#organization","name":"Stredn\u00e1 zdravotn\u00edcka \u0161kola, Moyzesova 17, Ko\u0161ice","url":"https:\/\/moyzeska.sk\/","logo":{"@type":"ImageObject","inLanguage":"sk-SK","@id":"https:\/\/moyzeska.sk\/#\/schema\/logo\/image\/","url":"https:\/\/moyzeska.sk\/wp-content\/uploads\/2020\/09\/SZS-logo.png","contentUrl":"https:\/\/moyzeska.sk\/wp-content\/uploads\/2020\/09\/SZS-logo.png","width":300,"height":300,"caption":"Stredn\u00e1 zdravotn\u00edcka \u0161kola, Moyzesova 17, Ko\u0161ice"},"image":{"@id":"https:\/\/moyzeska.sk\/#\/schema\/logo\/image\/"},"sameAs":["https:\/\/www.facebook.com\/Moyzeska","https:\/\/www.instagram.com\/moyzeska\/"]}]}},"_links":{"self":[{"href":"https:\/\/moyzeska.sk\/index.php\/wp-json\/wp\/v2\/pages\/3101"}],"collection":[{"href":"https:\/\/moyzeska.sk\/index.php\/wp-json\/wp\/v2\/pages"}],"about":[{"href":"https:\/\/moyzeska.sk\/index.php\/wp-json\/wp\/v2\/types\/page"}],"author":[{"embeddable":true,"href":"https:\/\/moyzeska.sk\/index.php\/wp-json\/wp\/v2\/users\/1"}],"replies":[{"embeddable":true,"href":"https:\/\/moyzeska.sk\/index.php\/wp-json\/wp\/v2\/comments?post=3101"}],"version-history":[{"count":4,"href":"https:\/\/moyzeska.sk\/index.php\/wp-json\/wp\/v2\/pages\/3101\/revisions"}],"predecessor-version":[{"id":8594,"href":"https:\/\/moyzeska.sk\/index.php\/wp-json\/wp\/v2\/pages\/3101\/revisions\/8594"}],"wp:attachment":[{"href":"https:\/\/moyzeska.sk\/index.php\/wp-json\/wp\/v2\/media?parent=3101"}],"curies":[{"name":"wp","href":"https:\/\/api.w.org\/{rel}","templated":true}]}}