{"id":2865,"date":"2021-06-08T08:58:47","date_gmt":"2021-06-08T06:58:47","guid":{"rendered":"https:\/\/moyzeska.sk\/?page_id=2865"},"modified":"2021-06-08T08:58:48","modified_gmt":"2021-06-08T06:58:48","slug":"biblicka-olympiada","status":"publish","type":"page","link":"https:\/\/moyzeska.sk\/index.php\/biblicka-olympiada\/","title":{"rendered":"Biblick\u00e1 olympi\u00e1da"},"content":{"rendered":"\n<p>\u017diaci na\u0161ej \u0161koly, nav\u0161tevuj\u00faci predmet n\u00e1bo\u017eensk\u00e1 v\u00fdchova, sa ka\u017ed\u00fd rok z\u00fa\u010dast\u0148uj\u00fa s\u00fa\u0165a\u017ee Biblick\u00e1 olympi\u00e1da. Predmetom s\u00fa\u0165a\u017ee s\u00fa vybran\u00e9 knihy Star\u00e9ho a&nbsp;Nov\u00e9ho z\u00e1kona. Aj v&nbsp;tomto \u0161kolskom roku \u017eiaci absolvovali online triedne a \u0161kolsk\u00e9 kol\u00e1. Traja najlep\u0161\u00ed post\u00fapili do dekan\u00e1tneho (okresn\u00e9ho) kola.<\/p>\n\n\n\n<p>Vzh\u013eadom na aktu\u00e1lnu situ\u00e1ciu sa dekan\u00e1tne (okresn\u00e9) kolo Biblickej olympi\u00e1dy uskuto\u010dnilo\u00a0 10. 03. 2021 v online priestore prostredn\u00edctvom platformy Online Olympi\u00e1dy.sk. Na\u0161u \u0161kolu reprezentovalo 3-\u010dlenn\u00e9 dru\u017estvo v zlo\u017een\u00ed <em>Liana Kurcinov\u00e1 (I. FL)<\/em>, <em>Lucia Gavulov\u00e1 (I. FL)<\/em> a <em>Nat\u00e1lia \u010curpekov\u00e1 (I. ZL)<\/em> a pod veden\u00edm <em>Mgr. Evy Babecovej<\/em> sa umiestnilo <strong>na<\/strong> <strong>2. mieste<\/strong>. V\u00ed\u0165azky z\u00edskali diplom a\u00a0ceny od Diec\u00e9zneho katechetick\u00e9ho \u00faradu v\u00a0Ko\u0161iciach.<\/p>\n\n\n\n<p><strong>V\u00ed\u0165azk\u00e1m srde\u010dne blaho\u017eel\u00e1me\u00a0 a \u010fakujeme za reprezent\u00e1ciu \u0161koly.<\/strong><\/p>\n\n\n\n<div class=\"wp-block-image\"><figure class=\"aligncenter size-large\"><img decoding=\"async\" loading=\"lazy\" width=\"1024\" height=\"724\" src=\"https:\/\/moyzeska.sk\/wp-content\/uploads\/2021\/06\/biblicka_olympiada_1-1024x724.jpg\" alt=\"\" class=\"wp-image-2866\" srcset=\"https:\/\/moyzeska.sk\/wp-content\/uploads\/2021\/06\/biblicka_olympiada_1-1024x724.jpg 1024w, https:\/\/moyzeska.sk\/wp-content\/uploads\/2021\/06\/biblicka_olympiada_1-300x212.jpg 300w, https:\/\/moyzeska.sk\/wp-content\/uploads\/2021\/06\/biblicka_olympiada_1-768x543.jpg 768w, https:\/\/moyzeska.sk\/wp-content\/uploads\/2021\/06\/biblicka_olympiada_1-1536x1086.jpg 1536w, https:\/\/moyzeska.sk\/wp-content\/uploads\/2021\/06\/biblicka_olympiada_1-2048x1448.jpg 2048w\" sizes=\"(max-width: 1024px) 100vw, 1024px\" \/><\/figure><\/div>\n\n\n\n<div class=\"wp-block-image\"><figure class=\"aligncenter size-large\"><img decoding=\"async\" loading=\"lazy\" width=\"1024\" height=\"724\" src=\"https:\/\/moyzeska.sk\/wp-content\/uploads\/2021\/06\/biblicka_olympiada_2-1024x724.jpg\" alt=\"\" class=\"wp-image-2867\" srcset=\"https:\/\/moyzeska.sk\/wp-content\/uploads\/2021\/06\/biblicka_olympiada_2-1024x724.jpg 1024w, https:\/\/moyzeska.sk\/wp-content\/uploads\/2021\/06\/biblicka_olympiada_2-300x212.jpg 300w, https:\/\/moyzeska.sk\/wp-content\/uploads\/2021\/06\/biblicka_olympiada_2-768x543.jpg 768w, https:\/\/moyzeska.sk\/wp-content\/uploads\/2021\/06\/biblicka_olympiada_2-1536x1086.jpg 1536w, https:\/\/moyzeska.sk\/wp-content\/uploads\/2021\/06\/biblicka_olympiada_2-2048x1448.jpg 2048w\" sizes=\"(max-width: 1024px) 100vw, 1024px\" \/><\/figure><\/div>\n\n\n\n<div class=\"wp-block-image\"><figure class=\"aligncenter size-large\"><img decoding=\"async\" loading=\"lazy\" width=\"1024\" height=\"724\" src=\"https:\/\/moyzeska.sk\/wp-content\/uploads\/2021\/06\/biblicka_olympiada_3-1024x724.jpg\" alt=\"\" class=\"wp-image-2868\" srcset=\"https:\/\/moyzeska.sk\/wp-content\/uploads\/2021\/06\/biblicka_olympiada_3-1024x724.jpg 1024w, https:\/\/moyzeska.sk\/wp-content\/uploads\/2021\/06\/biblicka_olympiada_3-300x212.jpg 300w, https:\/\/moyzeska.sk\/wp-content\/uploads\/2021\/06\/biblicka_olympiada_3-768x543.jpg 768w, https:\/\/moyzeska.sk\/wp-content\/uploads\/2021\/06\/biblicka_olympiada_3-1536x1086.jpg 1536w, https:\/\/moyzeska.sk\/wp-content\/uploads\/2021\/06\/biblicka_olympiada_3-2048x1448.jpg 2048w\" sizes=\"(max-width: 1024px) 100vw, 1024px\" \/><\/figure><\/div>\n","protected":false},"excerpt":{"rendered":"<p>\u017diaci na\u0161ej \u0161koly, nav\u0161tevuj\u00faci predmet n\u00e1bo\u017eensk\u00e1 v\u00fdchova, sa ka\u017ed\u00fd rok z\u00fa\u010dast\u0148uj\u00fa s\u00fa\u0165a\u017ee Biblick\u00e1 olympi\u00e1da. Predmetom s\u00fa\u0165a\u017ee s\u00fa vybran\u00e9 knihy Star\u00e9ho a&nbsp;Nov\u00e9ho z\u00e1kona. Aj v&nbsp;tomto \u0161kolskom roku \u017eiaci absolvovali online triedne a \u0161kolsk\u00e9 kol\u00e1. Traja najlep\u0161\u00ed post\u00fapili do dekan\u00e1tneho (okresn\u00e9ho) kola. Vzh\u013eadom na aktu\u00e1lnu situ\u00e1ciu sa dekan\u00e1tne (okresn\u00e9) kolo Biblickej olympi\u00e1dy uskuto\u010dnilo\u00a0 10. 03. 2021 v &hellip;<br \/><a href=\"https:\/\/moyzeska.sk\/index.php\/biblicka-olympiada\/\" class=\"more-link pen_button pen_element_default pen_icon_arrow_double\">Zobrazi\u0165<\/a><\/p>\n","protected":false},"author":1,"featured_media":0,"parent":0,"menu_order":0,"comment_status":"closed","ping_status":"closed","template":"","meta":{"_monsterinsights_skip_tracking":false,"_monsterinsights_sitenote_active":false,"_monsterinsights_sitenote_note":"","_monsterinsights_sitenote_category":0},"yoast_head":"<!-- This site is optimized with the Yoast SEO plugin v21.8.1 - https:\/\/yoast.com\/wordpress\/plugins\/seo\/ -->\n<title>Biblick\u00e1 olympi\u00e1da - Stredn\u00e1 zdravotn\u00edcka \u0161kola, Moyzesova 17, Ko\u0161ice<\/title>\n<meta name=\"robots\" content=\"index, follow, max-snippet:-1, max-image-preview:large, max-video-preview:-1\" \/>\n<link rel=\"canonical\" href=\"https:\/\/moyzeska.sk\/index.php\/biblicka-olympiada\/\" \/>\n<meta property=\"og:locale\" content=\"sk_SK\" \/>\n<meta property=\"og:type\" content=\"article\" \/>\n<meta property=\"og:title\" content=\"Biblick\u00e1 olympi\u00e1da - Stredn\u00e1 zdravotn\u00edcka \u0161kola, Moyzesova 17, Ko\u0161ice\" \/>\n<meta property=\"og:description\" content=\"\u017diaci na\u0161ej \u0161koly, nav\u0161tevuj\u00faci predmet n\u00e1bo\u017eensk\u00e1 v\u00fdchova, sa ka\u017ed\u00fd rok z\u00fa\u010dast\u0148uj\u00fa s\u00fa\u0165a\u017ee Biblick\u00e1 olympi\u00e1da. Predmetom s\u00fa\u0165a\u017ee s\u00fa vybran\u00e9 knihy Star\u00e9ho a&nbsp;Nov\u00e9ho z\u00e1kona. Aj v&nbsp;tomto \u0161kolskom roku \u017eiaci absolvovali online triedne a \u0161kolsk\u00e9 kol\u00e1. Traja najlep\u0161\u00ed post\u00fapili do dekan\u00e1tneho (okresn\u00e9ho) kola. Vzh\u013eadom na aktu\u00e1lnu situ\u00e1ciu sa dekan\u00e1tne (okresn\u00e9) kolo Biblickej olympi\u00e1dy uskuto\u010dnilo\u00a0 10. 03. 2021 v &hellip;Zobrazi\u0165\" \/>\n<meta property=\"og:url\" content=\"https:\/\/moyzeska.sk\/index.php\/biblicka-olympiada\/\" \/>\n<meta property=\"og:site_name\" content=\"Stredn\u00e1 zdravotn\u00edcka \u0161kola, Moyzesova 17, Ko\u0161ice\" \/>\n<meta property=\"article:publisher\" content=\"https:\/\/www.facebook.com\/Moyzeska\" \/>\n<meta property=\"article:modified_time\" content=\"2021-06-08T06:58:48+00:00\" \/>\n<meta property=\"og:image\" content=\"https:\/\/moyzeska.sk\/wp-content\/uploads\/2021\/06\/biblicka_olympiada_1-1024x724.jpg\" \/>\n<meta name=\"twitter:card\" content=\"summary_large_image\" \/>\n<meta name=\"twitter:label1\" content=\"Predpokladan\u00fd \u010das \u010d\u00edtania\" \/>\n\t<meta name=\"twitter:data1\" content=\"2 min\u00faty\" \/>\n<script type=\"application\/ld+json\" class=\"yoast-schema-graph\">{\"@context\":\"https:\/\/schema.org\",\"@graph\":[{\"@type\":\"WebPage\",\"@id\":\"https:\/\/moyzeska.sk\/index.php\/biblicka-olympiada\/\",\"url\":\"https:\/\/moyzeska.sk\/index.php\/biblicka-olympiada\/\",\"name\":\"Biblick\u00e1 olympi\u00e1da - Stredn\u00e1 zdravotn\u00edcka \u0161kola, Moyzesova 17, Ko\u0161ice\",\"isPartOf\":{\"@id\":\"https:\/\/moyzeska.sk\/#website\"},\"datePublished\":\"2021-06-08T06:58:47+00:00\",\"dateModified\":\"2021-06-08T06:58:48+00:00\",\"breadcrumb\":{\"@id\":\"https:\/\/moyzeska.sk\/index.php\/biblicka-olympiada\/#breadcrumb\"},\"inLanguage\":\"sk-SK\",\"potentialAction\":[{\"@type\":\"ReadAction\",\"target\":[\"https:\/\/moyzeska.sk\/index.php\/biblicka-olympiada\/\"]}]},{\"@type\":\"BreadcrumbList\",\"@id\":\"https:\/\/moyzeska.sk\/index.php\/biblicka-olympiada\/#breadcrumb\",\"itemListElement\":[{\"@type\":\"ListItem\",\"position\":1,\"name\":\"Home\",\"item\":\"https:\/\/moyzeska.sk\/\"},{\"@type\":\"ListItem\",\"position\":2,\"name\":\"Biblick\u00e1 olympi\u00e1da\"}]},{\"@type\":\"WebSite\",\"@id\":\"https:\/\/moyzeska.sk\/#website\",\"url\":\"https:\/\/moyzeska.sk\/\",\"name\":\"Stredn\u00e1 zdravotn\u00edcka \u0161kola, Moyzesova 17, Ko\u0161ice\",\"description\":\"\",\"publisher\":{\"@id\":\"https:\/\/moyzeska.sk\/#organization\"},\"potentialAction\":[{\"@type\":\"SearchAction\",\"target\":{\"@type\":\"EntryPoint\",\"urlTemplate\":\"https:\/\/moyzeska.sk\/?s={search_term_string}\"},\"query-input\":\"required name=search_term_string\"}],\"inLanguage\":\"sk-SK\"},{\"@type\":\"Organization\",\"@id\":\"https:\/\/moyzeska.sk\/#organization\",\"name\":\"Stredn\u00e1 zdravotn\u00edcka \u0161kola, Moyzesova 17, Ko\u0161ice\",\"url\":\"https:\/\/moyzeska.sk\/\",\"logo\":{\"@type\":\"ImageObject\",\"inLanguage\":\"sk-SK\",\"@id\":\"https:\/\/moyzeska.sk\/#\/schema\/logo\/image\/\",\"url\":\"https:\/\/moyzeska.sk\/wp-content\/uploads\/2020\/09\/SZS-logo.png\",\"contentUrl\":\"https:\/\/moyzeska.sk\/wp-content\/uploads\/2020\/09\/SZS-logo.png\",\"width\":300,\"height\":300,\"caption\":\"Stredn\u00e1 zdravotn\u00edcka \u0161kola, Moyzesova 17, Ko\u0161ice\"},\"image\":{\"@id\":\"https:\/\/moyzeska.sk\/#\/schema\/logo\/image\/\"},\"sameAs\":[\"https:\/\/www.facebook.com\/Moyzeska\",\"https:\/\/www.instagram.com\/moyzeska\/\"]}]}<\/script>\n<!-- \/ Yoast SEO plugin. -->","yoast_head_json":{"title":"Biblick\u00e1 olympi\u00e1da - Stredn\u00e1 zdravotn\u00edcka \u0161kola, Moyzesova 17, Ko\u0161ice","robots":{"index":"index","follow":"follow","max-snippet":"max-snippet:-1","max-image-preview":"max-image-preview:large","max-video-preview":"max-video-preview:-1"},"canonical":"https:\/\/moyzeska.sk\/index.php\/biblicka-olympiada\/","og_locale":"sk_SK","og_type":"article","og_title":"Biblick\u00e1 olympi\u00e1da - Stredn\u00e1 zdravotn\u00edcka \u0161kola, Moyzesova 17, Ko\u0161ice","og_description":"\u017diaci na\u0161ej \u0161koly, nav\u0161tevuj\u00faci predmet n\u00e1bo\u017eensk\u00e1 v\u00fdchova, sa ka\u017ed\u00fd rok z\u00fa\u010dast\u0148uj\u00fa s\u00fa\u0165a\u017ee Biblick\u00e1 olympi\u00e1da. Predmetom s\u00fa\u0165a\u017ee s\u00fa vybran\u00e9 knihy Star\u00e9ho a&nbsp;Nov\u00e9ho z\u00e1kona. Aj v&nbsp;tomto \u0161kolskom roku \u017eiaci absolvovali online triedne a \u0161kolsk\u00e9 kol\u00e1. Traja najlep\u0161\u00ed post\u00fapili do dekan\u00e1tneho (okresn\u00e9ho) kola. Vzh\u013eadom na aktu\u00e1lnu situ\u00e1ciu sa dekan\u00e1tne (okresn\u00e9) kolo Biblickej olympi\u00e1dy uskuto\u010dnilo\u00a0 10. 03. 2021 v &hellip;Zobrazi\u0165","og_url":"https:\/\/moyzeska.sk\/index.php\/biblicka-olympiada\/","og_site_name":"Stredn\u00e1 zdravotn\u00edcka \u0161kola, Moyzesova 17, Ko\u0161ice","article_publisher":"https:\/\/www.facebook.com\/Moyzeska","article_modified_time":"2021-06-08T06:58:48+00:00","og_image":[{"url":"https:\/\/moyzeska.sk\/wp-content\/uploads\/2021\/06\/biblicka_olympiada_1-1024x724.jpg"}],"twitter_card":"summary_large_image","twitter_misc":{"Predpokladan\u00fd \u010das \u010d\u00edtania":"2 min\u00faty"},"schema":{"@context":"https:\/\/schema.org","@graph":[{"@type":"WebPage","@id":"https:\/\/moyzeska.sk\/index.php\/biblicka-olympiada\/","url":"https:\/\/moyzeska.sk\/index.php\/biblicka-olympiada\/","name":"Biblick\u00e1 olympi\u00e1da - Stredn\u00e1 zdravotn\u00edcka \u0161kola, Moyzesova 17, Ko\u0161ice","isPartOf":{"@id":"https:\/\/moyzeska.sk\/#website"},"datePublished":"2021-06-08T06:58:47+00:00","dateModified":"2021-06-08T06:58:48+00:00","breadcrumb":{"@id":"https:\/\/moyzeska.sk\/index.php\/biblicka-olympiada\/#breadcrumb"},"inLanguage":"sk-SK","potentialAction":[{"@type":"ReadAction","target":["https:\/\/moyzeska.sk\/index.php\/biblicka-olympiada\/"]}]},{"@type":"BreadcrumbList","@id":"https:\/\/moyzeska.sk\/index.php\/biblicka-olympiada\/#breadcrumb","itemListElement":[{"@type":"ListItem","position":1,"name":"Home","item":"https:\/\/moyzeska.sk\/"},{"@type":"ListItem","position":2,"name":"Biblick\u00e1 olympi\u00e1da"}]},{"@type":"WebSite","@id":"https:\/\/moyzeska.sk\/#website","url":"https:\/\/moyzeska.sk\/","name":"Stredn\u00e1 zdravotn\u00edcka \u0161kola, Moyzesova 17, Ko\u0161ice","description":"","publisher":{"@id":"https:\/\/moyzeska.sk\/#organization"},"potentialAction":[{"@type":"SearchAction","target":{"@type":"EntryPoint","urlTemplate":"https:\/\/moyzeska.sk\/?s={search_term_string}"},"query-input":"required name=search_term_string"}],"inLanguage":"sk-SK"},{"@type":"Organization","@id":"https:\/\/moyzeska.sk\/#organization","name":"Stredn\u00e1 zdravotn\u00edcka \u0161kola, Moyzesova 17, Ko\u0161ice","url":"https:\/\/moyzeska.sk\/","logo":{"@type":"ImageObject","inLanguage":"sk-SK","@id":"https:\/\/moyzeska.sk\/#\/schema\/logo\/image\/","url":"https:\/\/moyzeska.sk\/wp-content\/uploads\/2020\/09\/SZS-logo.png","contentUrl":"https:\/\/moyzeska.sk\/wp-content\/uploads\/2020\/09\/SZS-logo.png","width":300,"height":300,"caption":"Stredn\u00e1 zdravotn\u00edcka \u0161kola, Moyzesova 17, Ko\u0161ice"},"image":{"@id":"https:\/\/moyzeska.sk\/#\/schema\/logo\/image\/"},"sameAs":["https:\/\/www.facebook.com\/Moyzeska","https:\/\/www.instagram.com\/moyzeska\/"]}]}},"_links":{"self":[{"href":"https:\/\/moyzeska.sk\/index.php\/wp-json\/wp\/v2\/pages\/2865"}],"collection":[{"href":"https:\/\/moyzeska.sk\/index.php\/wp-json\/wp\/v2\/pages"}],"about":[{"href":"https:\/\/moyzeska.sk\/index.php\/wp-json\/wp\/v2\/types\/page"}],"author":[{"embeddable":true,"href":"https:\/\/moyzeska.sk\/index.php\/wp-json\/wp\/v2\/users\/1"}],"replies":[{"embeddable":true,"href":"https:\/\/moyzeska.sk\/index.php\/wp-json\/wp\/v2\/comments?post=2865"}],"version-history":[{"count":2,"href":"https:\/\/moyzeska.sk\/index.php\/wp-json\/wp\/v2\/pages\/2865\/revisions"}],"predecessor-version":[{"id":2870,"href":"https:\/\/moyzeska.sk\/index.php\/wp-json\/wp\/v2\/pages\/2865\/revisions\/2870"}],"wp:attachment":[{"href":"https:\/\/moyzeska.sk\/index.php\/wp-json\/wp\/v2\/media?parent=2865"}],"curies":[{"name":"wp","href":"https:\/\/api.w.org\/{rel}","templated":true}]}}