{"id":279,"date":"2020-09-30T21:20:32","date_gmt":"2020-09-30T19:20:32","guid":{"rendered":"http:\/\/moyzeska.sk\/?page_id=279"},"modified":"2020-10-06T12:14:26","modified_gmt":"2020-10-06T10:14:26","slug":"zubny-technik-zt","status":"publish","type":"page","link":"https:\/\/moyzeska.sk\/index.php\/zubny-technik-zt\/","title":{"rendered":"Zubn\u00fd technik (ZT)"},"content":{"rendered":"\n<p>\u0160tudijn\u00fd odbor ZT pripravuje absolventov S\u0160 s maturitnou sk\u00fa\u0161kou na \u010dinnos\u0165 samostatne pracuj\u00faceho stredn\u00e9ho zdravotn\u00edckeho pracovn\u00edka v oblasti zhotovovania stomatologick\u00fdch n\u00e1hrad, lie\u010debn\u00fdch prostriedkov a pom\u00f4cok v stomatologick\u00fdch odboroch.<br>Najv\u00fdznamnej\u0161ie miesto vo vzdel\u00e1van\u00ed maj\u00fa r\u00f4zne met\u00f3dy praktick\u00e9ho vyu\u010dovania, ktor\u00e9 sa uskuto\u010d\u0148uje v \u0161kolsk\u00fdch zubn\u00fdch laborat\u00f3ri\u00e1ch, stomatologick\u00fdch laborat\u00f3ri\u00e1ch FN a poliklin\u00edk v Ko\u0161iciach i mimo nich a s\u00fakromn\u00fdch zubn\u00fdch technik\u00e1ch.<br>\u0160t\u00fadium sa kon\u010d\u00ed praktickou maturitnou sk\u00fa\u0161kou zo zhotovovania stomatologick\u00fdch prot\u00e9z a \u00fastnou maturitnou sk\u00fa\u0161kou z odborn\u00fdch predmetov.<\/p>\n\n\n\n<p><strong>Uplatnenie:<\/strong><br>Absolventi po skon\u010den\u00ed \u0161t\u00fadia sa maj\u00fa mo\u017enos\u0165 uplatni\u0165 ako zubn\u00ed technici v zubn\u00fdch laborat\u00f3ri\u00e1ch a technik\u00e1ch \u0161t\u00e1tneho aj s\u00fakromn\u00e9ho sektoru, vo v\u00fdrobn\u00fdch podnikoch zaoberaj\u00facich sa protetikou, vo v\u00fdskume, ktor\u00fd sa zaober\u00e1 \u0161peci\u00e1lnymi technol\u00f3giami pre zdravotn\u00edcku protetiku, v obchodn\u00fdch firm\u00e1ch pred\u00e1vaj\u00facich zubotechnick\u00e9 materi\u00e1ly.<\/p>\n\n\n\n<p><strong>Podmienky prijatia:<\/strong><br>V \u0161tudijnom odbore ZT vykon\u00e1vaj\u00fa uch\u00e1dza\u010di talentov\u00e9 sk\u00fa\u0161ky z kreslenia a modelovania a p\u00edsomn\u00fa sk\u00fa\u0161ku formou testu z biol\u00f3gie a fyziky v rozsahu gymnazi\u00e1lneho u\u010diva.<\/p>\n\n\n\n<p>Prij\u00edmacie sk\u00fa\u0161ky sa konaj\u00fa z talentovej sk\u00fa\u0161ky a testu z biol\u00f3gie v rozsahu u\u010diva gymn\u00e1zia.<\/p>\n","protected":false},"excerpt":{"rendered":"<p>\u0160tudijn\u00fd odbor ZT pripravuje absolventov S\u0160 s maturitnou sk\u00fa\u0161kou na \u010dinnos\u0165 samostatne pracuj\u00faceho stredn\u00e9ho zdravotn\u00edckeho pracovn\u00edka v oblasti zhotovovania stomatologick\u00fdch n\u00e1hrad, lie\u010debn\u00fdch prostriedkov a pom\u00f4cok v stomatologick\u00fdch odboroch.Najv\u00fdznamnej\u0161ie miesto vo vzdel\u00e1van\u00ed maj\u00fa r\u00f4zne met\u00f3dy praktick\u00e9ho vyu\u010dovania, ktor\u00e9 sa uskuto\u010d\u0148uje v \u0161kolsk\u00fdch zubn\u00fdch laborat\u00f3ri\u00e1ch, stomatologick\u00fdch laborat\u00f3ri\u00e1ch FN a poliklin\u00edk v Ko\u0161iciach i mimo nich a s\u00fakromn\u00fdch &hellip;<br \/><a href=\"https:\/\/moyzeska.sk\/index.php\/zubny-technik-zt\/\" class=\"more-link pen_button pen_element_default pen_icon_arrow_double\">Zobrazi\u0165<\/a><\/p>\n","protected":false},"author":1,"featured_media":663,"parent":0,"menu_order":0,"comment_status":"closed","ping_status":"closed","template":"","meta":{"_monsterinsights_skip_tracking":false,"_monsterinsights_sitenote_active":false,"_monsterinsights_sitenote_note":"","_monsterinsights_sitenote_category":0},"yoast_head":"<!-- This site is optimized with the Yoast SEO plugin v21.8.1 - https:\/\/yoast.com\/wordpress\/plugins\/seo\/ -->\n<title>Zubn\u00fd technik (ZT) - Stredn\u00e1 zdravotn\u00edcka \u0161kola, Moyzesova 17, Ko\u0161ice<\/title>\n<meta name=\"robots\" content=\"index, follow, max-snippet:-1, max-image-preview:large, max-video-preview:-1\" \/>\n<link rel=\"canonical\" href=\"https:\/\/moyzeska.sk\/index.php\/zubny-technik-zt\/\" \/>\n<meta property=\"og:locale\" content=\"sk_SK\" \/>\n<meta property=\"og:type\" content=\"article\" \/>\n<meta property=\"og:title\" content=\"Zubn\u00fd technik (ZT) - Stredn\u00e1 zdravotn\u00edcka \u0161kola, Moyzesova 17, Ko\u0161ice\" \/>\n<meta property=\"og:description\" content=\"\u0160tudijn\u00fd odbor ZT pripravuje absolventov S\u0160 s maturitnou sk\u00fa\u0161kou na \u010dinnos\u0165 samostatne pracuj\u00faceho stredn\u00e9ho zdravotn\u00edckeho pracovn\u00edka v oblasti zhotovovania stomatologick\u00fdch n\u00e1hrad, lie\u010debn\u00fdch prostriedkov a pom\u00f4cok v stomatologick\u00fdch odboroch.Najv\u00fdznamnej\u0161ie miesto vo vzdel\u00e1van\u00ed maj\u00fa r\u00f4zne met\u00f3dy praktick\u00e9ho vyu\u010dovania, ktor\u00e9 sa uskuto\u010d\u0148uje v \u0161kolsk\u00fdch zubn\u00fdch laborat\u00f3ri\u00e1ch, stomatologick\u00fdch laborat\u00f3ri\u00e1ch FN a poliklin\u00edk v Ko\u0161iciach i mimo nich a s\u00fakromn\u00fdch &hellip;Zobrazi\u0165\" \/>\n<meta property=\"og:url\" content=\"https:\/\/moyzeska.sk\/index.php\/zubny-technik-zt\/\" \/>\n<meta property=\"og:site_name\" content=\"Stredn\u00e1 zdravotn\u00edcka \u0161kola, Moyzesova 17, Ko\u0161ice\" \/>\n<meta property=\"article:publisher\" content=\"https:\/\/www.facebook.com\/Moyzeska\" \/>\n<meta property=\"article:modified_time\" content=\"2020-10-06T10:14:26+00:00\" \/>\n<meta property=\"og:image\" content=\"https:\/\/moyzeska.sk\/wp-content\/uploads\/2020\/10\/ZT-Web.jpg\" \/>\n\t<meta property=\"og:image:width\" content=\"140\" \/>\n\t<meta property=\"og:image:height\" content=\"160\" \/>\n\t<meta property=\"og:image:type\" content=\"image\/jpeg\" \/>\n<meta name=\"twitter:card\" content=\"summary_large_image\" \/>\n<meta name=\"twitter:label1\" content=\"Predpokladan\u00fd \u010das \u010d\u00edtania\" \/>\n\t<meta name=\"twitter:data1\" content=\"1 min\u00fata\" \/>\n<script type=\"application\/ld+json\" class=\"yoast-schema-graph\">{\"@context\":\"https:\/\/schema.org\",\"@graph\":[{\"@type\":\"WebPage\",\"@id\":\"https:\/\/moyzeska.sk\/index.php\/zubny-technik-zt\/\",\"url\":\"https:\/\/moyzeska.sk\/index.php\/zubny-technik-zt\/\",\"name\":\"Zubn\u00fd technik (ZT) - Stredn\u00e1 zdravotn\u00edcka \u0161kola, Moyzesova 17, Ko\u0161ice\",\"isPartOf\":{\"@id\":\"https:\/\/moyzeska.sk\/#website\"},\"datePublished\":\"2020-09-30T19:20:32+00:00\",\"dateModified\":\"2020-10-06T10:14:26+00:00\",\"breadcrumb\":{\"@id\":\"https:\/\/moyzeska.sk\/index.php\/zubny-technik-zt\/#breadcrumb\"},\"inLanguage\":\"sk-SK\",\"potentialAction\":[{\"@type\":\"ReadAction\",\"target\":[\"https:\/\/moyzeska.sk\/index.php\/zubny-technik-zt\/\"]}]},{\"@type\":\"BreadcrumbList\",\"@id\":\"https:\/\/moyzeska.sk\/index.php\/zubny-technik-zt\/#breadcrumb\",\"itemListElement\":[{\"@type\":\"ListItem\",\"position\":1,\"name\":\"Home\",\"item\":\"https:\/\/moyzeska.sk\/\"},{\"@type\":\"ListItem\",\"position\":2,\"name\":\"Zubn\u00fd technik (ZT)\"}]},{\"@type\":\"WebSite\",\"@id\":\"https:\/\/moyzeska.sk\/#website\",\"url\":\"https:\/\/moyzeska.sk\/\",\"name\":\"Stredn\u00e1 zdravotn\u00edcka \u0161kola, Moyzesova 17, Ko\u0161ice\",\"description\":\"\",\"publisher\":{\"@id\":\"https:\/\/moyzeska.sk\/#organization\"},\"potentialAction\":[{\"@type\":\"SearchAction\",\"target\":{\"@type\":\"EntryPoint\",\"urlTemplate\":\"https:\/\/moyzeska.sk\/?s={search_term_string}\"},\"query-input\":\"required name=search_term_string\"}],\"inLanguage\":\"sk-SK\"},{\"@type\":\"Organization\",\"@id\":\"https:\/\/moyzeska.sk\/#organization\",\"name\":\"Stredn\u00e1 zdravotn\u00edcka \u0161kola, Moyzesova 17, Ko\u0161ice\",\"url\":\"https:\/\/moyzeska.sk\/\",\"logo\":{\"@type\":\"ImageObject\",\"inLanguage\":\"sk-SK\",\"@id\":\"https:\/\/moyzeska.sk\/#\/schema\/logo\/image\/\",\"url\":\"https:\/\/moyzeska.sk\/wp-content\/uploads\/2020\/09\/SZS-logo.png\",\"contentUrl\":\"https:\/\/moyzeska.sk\/wp-content\/uploads\/2020\/09\/SZS-logo.png\",\"width\":300,\"height\":300,\"caption\":\"Stredn\u00e1 zdravotn\u00edcka \u0161kola, Moyzesova 17, Ko\u0161ice\"},\"image\":{\"@id\":\"https:\/\/moyzeska.sk\/#\/schema\/logo\/image\/\"},\"sameAs\":[\"https:\/\/www.facebook.com\/Moyzeska\",\"https:\/\/www.instagram.com\/moyzeska\/\"]}]}<\/script>\n<!-- \/ Yoast SEO plugin. -->","yoast_head_json":{"title":"Zubn\u00fd technik (ZT) - Stredn\u00e1 zdravotn\u00edcka \u0161kola, Moyzesova 17, Ko\u0161ice","robots":{"index":"index","follow":"follow","max-snippet":"max-snippet:-1","max-image-preview":"max-image-preview:large","max-video-preview":"max-video-preview:-1"},"canonical":"https:\/\/moyzeska.sk\/index.php\/zubny-technik-zt\/","og_locale":"sk_SK","og_type":"article","og_title":"Zubn\u00fd technik (ZT) - Stredn\u00e1 zdravotn\u00edcka \u0161kola, Moyzesova 17, Ko\u0161ice","og_description":"\u0160tudijn\u00fd odbor ZT pripravuje absolventov S\u0160 s maturitnou sk\u00fa\u0161kou na \u010dinnos\u0165 samostatne pracuj\u00faceho stredn\u00e9ho zdravotn\u00edckeho pracovn\u00edka v oblasti zhotovovania stomatologick\u00fdch n\u00e1hrad, lie\u010debn\u00fdch prostriedkov a pom\u00f4cok v stomatologick\u00fdch odboroch.Najv\u00fdznamnej\u0161ie miesto vo vzdel\u00e1van\u00ed maj\u00fa r\u00f4zne met\u00f3dy praktick\u00e9ho vyu\u010dovania, ktor\u00e9 sa uskuto\u010d\u0148uje v \u0161kolsk\u00fdch zubn\u00fdch laborat\u00f3ri\u00e1ch, stomatologick\u00fdch laborat\u00f3ri\u00e1ch FN a poliklin\u00edk v Ko\u0161iciach i mimo nich a s\u00fakromn\u00fdch &hellip;Zobrazi\u0165","og_url":"https:\/\/moyzeska.sk\/index.php\/zubny-technik-zt\/","og_site_name":"Stredn\u00e1 zdravotn\u00edcka \u0161kola, Moyzesova 17, Ko\u0161ice","article_publisher":"https:\/\/www.facebook.com\/Moyzeska","article_modified_time":"2020-10-06T10:14:26+00:00","og_image":[{"width":140,"height":160,"url":"https:\/\/moyzeska.sk\/wp-content\/uploads\/2020\/10\/ZT-Web.jpg","type":"image\/jpeg"}],"twitter_card":"summary_large_image","twitter_misc":{"Predpokladan\u00fd \u010das \u010d\u00edtania":"1 min\u00fata"},"schema":{"@context":"https:\/\/schema.org","@graph":[{"@type":"WebPage","@id":"https:\/\/moyzeska.sk\/index.php\/zubny-technik-zt\/","url":"https:\/\/moyzeska.sk\/index.php\/zubny-technik-zt\/","name":"Zubn\u00fd technik (ZT) - Stredn\u00e1 zdravotn\u00edcka \u0161kola, Moyzesova 17, Ko\u0161ice","isPartOf":{"@id":"https:\/\/moyzeska.sk\/#website"},"datePublished":"2020-09-30T19:20:32+00:00","dateModified":"2020-10-06T10:14:26+00:00","breadcrumb":{"@id":"https:\/\/moyzeska.sk\/index.php\/zubny-technik-zt\/#breadcrumb"},"inLanguage":"sk-SK","potentialAction":[{"@type":"ReadAction","target":["https:\/\/moyzeska.sk\/index.php\/zubny-technik-zt\/"]}]},{"@type":"BreadcrumbList","@id":"https:\/\/moyzeska.sk\/index.php\/zubny-technik-zt\/#breadcrumb","itemListElement":[{"@type":"ListItem","position":1,"name":"Home","item":"https:\/\/moyzeska.sk\/"},{"@type":"ListItem","position":2,"name":"Zubn\u00fd technik (ZT)"}]},{"@type":"WebSite","@id":"https:\/\/moyzeska.sk\/#website","url":"https:\/\/moyzeska.sk\/","name":"Stredn\u00e1 zdravotn\u00edcka \u0161kola, Moyzesova 17, Ko\u0161ice","description":"","publisher":{"@id":"https:\/\/moyzeska.sk\/#organization"},"potentialAction":[{"@type":"SearchAction","target":{"@type":"EntryPoint","urlTemplate":"https:\/\/moyzeska.sk\/?s={search_term_string}"},"query-input":"required name=search_term_string"}],"inLanguage":"sk-SK"},{"@type":"Organization","@id":"https:\/\/moyzeska.sk\/#organization","name":"Stredn\u00e1 zdravotn\u00edcka \u0161kola, Moyzesova 17, Ko\u0161ice","url":"https:\/\/moyzeska.sk\/","logo":{"@type":"ImageObject","inLanguage":"sk-SK","@id":"https:\/\/moyzeska.sk\/#\/schema\/logo\/image\/","url":"https:\/\/moyzeska.sk\/wp-content\/uploads\/2020\/09\/SZS-logo.png","contentUrl":"https:\/\/moyzeska.sk\/wp-content\/uploads\/2020\/09\/SZS-logo.png","width":300,"height":300,"caption":"Stredn\u00e1 zdravotn\u00edcka \u0161kola, Moyzesova 17, Ko\u0161ice"},"image":{"@id":"https:\/\/moyzeska.sk\/#\/schema\/logo\/image\/"},"sameAs":["https:\/\/www.facebook.com\/Moyzeska","https:\/\/www.instagram.com\/moyzeska\/"]}]}},"_links":{"self":[{"href":"https:\/\/moyzeska.sk\/index.php\/wp-json\/wp\/v2\/pages\/279"}],"collection":[{"href":"https:\/\/moyzeska.sk\/index.php\/wp-json\/wp\/v2\/pages"}],"about":[{"href":"https:\/\/moyzeska.sk\/index.php\/wp-json\/wp\/v2\/types\/page"}],"author":[{"embeddable":true,"href":"https:\/\/moyzeska.sk\/index.php\/wp-json\/wp\/v2\/users\/1"}],"replies":[{"embeddable":true,"href":"https:\/\/moyzeska.sk\/index.php\/wp-json\/wp\/v2\/comments?post=279"}],"version-history":[{"count":2,"href":"https:\/\/moyzeska.sk\/index.php\/wp-json\/wp\/v2\/pages\/279\/revisions"}],"predecessor-version":[{"id":637,"href":"https:\/\/moyzeska.sk\/index.php\/wp-json\/wp\/v2\/pages\/279\/revisions\/637"}],"wp:featuredmedia":[{"embeddable":true,"href":"https:\/\/moyzeska.sk\/index.php\/wp-json\/wp\/v2\/media\/663"}],"wp:attachment":[{"href":"https:\/\/moyzeska.sk\/index.php\/wp-json\/wp\/v2\/media?parent=279"}],"curies":[{"name":"wp","href":"https:\/\/api.w.org\/{rel}","templated":true}]}}