{"id":278,"date":"2020-09-30T21:20:32","date_gmt":"2020-09-30T19:20:32","guid":{"rendered":"http:\/\/moyzeska.sk\/?page_id=278"},"modified":"2020-10-06T12:15:01","modified_gmt":"2020-10-06T10:15:01","slug":"diplomovany-radiologicky-asistent-dra","status":"publish","type":"page","link":"https:\/\/moyzeska.sk\/index.php\/diplomovany-radiologicky-asistent-dra\/","title":{"rendered":"Diplomovan\u00fd r\u00e1diologick\u00fd asistent (DRA)"},"content":{"rendered":"\n<p>\u0160t\u00fadiom v tomto odbore sa pripravuj\u00fa samostatne pracuj\u00faci odborn\u00edci na oddeleniach r\u00e1diodiagnostiky, r\u00e1dioterapie a nukle\u00e1rnej medic\u00edny s vysok\u00fdm odborn\u00fdm rozh\u013eadom a vedom\u00edm mor\u00e1lnej zodpovednosti pri pr\u00e1ci v t\u00fdchto odboroch.<br>\u0160t\u00fadium odboru DRA kon\u010d\u00ed absolventskou sk\u00fa\u0161kou pod\u013ea osobitn\u00fdch pokynov stanoven\u00fdch predpismi MZ SR a M\u0160 SR, ktor\u00e1 pozost\u00e1va z obhajoby absolventskej pr\u00e1ce a teoreticko-praktickej sk\u00fa\u0161ky.<br>V priestoroch \u0161koly sa v odbore DRA vyu\u010duj\u00fa len teoretick\u00e9 predmety. Predmety praktick\u00e9ho zamerania sa vyu\u010duj\u00fa priamo v praxi a po\u010das plnej prev\u00e1dzky na v\u0161etk\u00fdch pracovisk\u00e1ch odd. r\u00e1diodiagnostiky, r\u00e1dioterapie a nukle\u00e1rnej medic\u00edny FNsP Tr.SNP a FN L.Pasteura.<\/p>\n\n\n\n<p><strong>Uplatnenie:<\/strong><br>Absolventi odboru DRA ako samostatne pracuj\u00faci odborn\u00edci maj\u00fa \u0161irok\u00e9 mo\u017enosti uplatnenia sa na v\u0161etk\u00fdch pracovisk\u00e1ch odd. r\u00e1diodiagnostiky, r\u00e1dioterapie a nukle\u00e1rnej medic\u00edny, vo v\u0161etk\u00fdch stup\u0148och lie\u010debno &#8211; prevent\u00edvnej starostlivosti.<\/p>\n\n\n\n<p><strong>Podmienky prijatia:<\/strong><br>Do 1.ro\u010dn\u00edka VO\u0160 sa prij\u00edmaj\u00fa absolventi v\u0161etk\u00fdch stredn\u00fdch \u0161k\u00f4l, ktor\u00ed ukon\u010dili \u0161t\u00fadium maturitnou sk\u00fa\u0161kou a splnili podmienky prij\u00edmacieho konania. Zdravotn\u00fa sp\u00f4sobilos\u0165 uch\u00e1dza\u010dov na tento odbor pos\u00fadi a potvrd\u00ed o\u0161etruj\u00faci praktick\u00fd lek\u00e1r.<\/p>\n\n\n\n<p>Prij\u00edmacie sk\u00fa\u0161ky sa konaj\u00fa z predmetov biol\u00f3gia a fyzika v rozsahu u\u010diva gymn\u00e1zi\u00ed formou testov.<\/p>\n","protected":false},"excerpt":{"rendered":"<p>\u0160t\u00fadiom v tomto odbore sa pripravuj\u00fa samostatne pracuj\u00faci odborn\u00edci na oddeleniach r\u00e1diodiagnostiky, r\u00e1dioterapie a nukle\u00e1rnej medic\u00edny s vysok\u00fdm odborn\u00fdm rozh\u013eadom a vedom\u00edm mor\u00e1lnej zodpovednosti pri pr\u00e1ci v t\u00fdchto odboroch.\u0160t\u00fadium odboru DRA kon\u010d\u00ed absolventskou sk\u00fa\u0161kou pod\u013ea osobitn\u00fdch pokynov stanoven\u00fdch predpismi MZ SR a M\u0160 SR, ktor\u00e1 pozost\u00e1va z obhajoby absolventskej pr\u00e1ce a teoreticko-praktickej sk\u00fa\u0161ky.V priestoroch \u0161koly &hellip;<br \/><a href=\"https:\/\/moyzeska.sk\/index.php\/diplomovany-radiologicky-asistent-dra\/\" class=\"more-link pen_button pen_element_default pen_icon_arrow_double\">Zobrazi\u0165<\/a><\/p>\n","protected":false},"author":1,"featured_media":661,"parent":0,"menu_order":0,"comment_status":"closed","ping_status":"closed","template":"","meta":{"_monsterinsights_skip_tracking":false,"_monsterinsights_sitenote_active":false,"_monsterinsights_sitenote_note":"","_monsterinsights_sitenote_category":0},"yoast_head":"<!-- This site is optimized with the Yoast SEO plugin v21.8.1 - https:\/\/yoast.com\/wordpress\/plugins\/seo\/ -->\n<title>Diplomovan\u00fd r\u00e1diologick\u00fd asistent (DRA) - Stredn\u00e1 zdravotn\u00edcka \u0161kola, Moyzesova 17, Ko\u0161ice<\/title>\n<meta name=\"robots\" content=\"index, follow, max-snippet:-1, max-image-preview:large, max-video-preview:-1\" \/>\n<link rel=\"canonical\" href=\"https:\/\/moyzeska.sk\/index.php\/diplomovany-radiologicky-asistent-dra\/\" \/>\n<meta property=\"og:locale\" content=\"sk_SK\" \/>\n<meta property=\"og:type\" content=\"article\" \/>\n<meta property=\"og:title\" content=\"Diplomovan\u00fd r\u00e1diologick\u00fd asistent (DRA) - Stredn\u00e1 zdravotn\u00edcka \u0161kola, Moyzesova 17, Ko\u0161ice\" \/>\n<meta property=\"og:description\" content=\"\u0160t\u00fadiom v tomto odbore sa pripravuj\u00fa samostatne pracuj\u00faci odborn\u00edci na oddeleniach r\u00e1diodiagnostiky, r\u00e1dioterapie a nukle\u00e1rnej medic\u00edny s vysok\u00fdm odborn\u00fdm rozh\u013eadom a vedom\u00edm mor\u00e1lnej zodpovednosti pri pr\u00e1ci v t\u00fdchto odboroch.\u0160t\u00fadium odboru DRA kon\u010d\u00ed absolventskou sk\u00fa\u0161kou pod\u013ea osobitn\u00fdch pokynov stanoven\u00fdch predpismi MZ SR a M\u0160 SR, ktor\u00e1 pozost\u00e1va z obhajoby absolventskej pr\u00e1ce a teoreticko-praktickej sk\u00fa\u0161ky.V priestoroch \u0161koly &hellip;Zobrazi\u0165\" \/>\n<meta property=\"og:url\" content=\"https:\/\/moyzeska.sk\/index.php\/diplomovany-radiologicky-asistent-dra\/\" \/>\n<meta property=\"og:site_name\" content=\"Stredn\u00e1 zdravotn\u00edcka \u0161kola, Moyzesova 17, Ko\u0161ice\" \/>\n<meta property=\"article:publisher\" content=\"https:\/\/www.facebook.com\/Moyzeska\" \/>\n<meta property=\"article:modified_time\" content=\"2020-10-06T10:15:01+00:00\" \/>\n<meta property=\"og:image\" content=\"https:\/\/moyzeska.sk\/wp-content\/uploads\/2020\/10\/DRA-web.jpg\" \/>\n\t<meta property=\"og:image:width\" content=\"140\" \/>\n\t<meta property=\"og:image:height\" content=\"160\" \/>\n\t<meta property=\"og:image:type\" content=\"image\/jpeg\" \/>\n<meta name=\"twitter:card\" content=\"summary_large_image\" \/>\n<meta name=\"twitter:label1\" content=\"Predpokladan\u00fd \u010das \u010d\u00edtania\" \/>\n\t<meta name=\"twitter:data1\" content=\"1 min\u00fata\" \/>\n<script type=\"application\/ld+json\" class=\"yoast-schema-graph\">{\"@context\":\"https:\/\/schema.org\",\"@graph\":[{\"@type\":\"WebPage\",\"@id\":\"https:\/\/moyzeska.sk\/index.php\/diplomovany-radiologicky-asistent-dra\/\",\"url\":\"https:\/\/moyzeska.sk\/index.php\/diplomovany-radiologicky-asistent-dra\/\",\"name\":\"Diplomovan\u00fd r\u00e1diologick\u00fd asistent (DRA) - Stredn\u00e1 zdravotn\u00edcka \u0161kola, Moyzesova 17, Ko\u0161ice\",\"isPartOf\":{\"@id\":\"https:\/\/moyzeska.sk\/#website\"},\"datePublished\":\"2020-09-30T19:20:32+00:00\",\"dateModified\":\"2020-10-06T10:15:01+00:00\",\"breadcrumb\":{\"@id\":\"https:\/\/moyzeska.sk\/index.php\/diplomovany-radiologicky-asistent-dra\/#breadcrumb\"},\"inLanguage\":\"sk-SK\",\"potentialAction\":[{\"@type\":\"ReadAction\",\"target\":[\"https:\/\/moyzeska.sk\/index.php\/diplomovany-radiologicky-asistent-dra\/\"]}]},{\"@type\":\"BreadcrumbList\",\"@id\":\"https:\/\/moyzeska.sk\/index.php\/diplomovany-radiologicky-asistent-dra\/#breadcrumb\",\"itemListElement\":[{\"@type\":\"ListItem\",\"position\":1,\"name\":\"Home\",\"item\":\"https:\/\/moyzeska.sk\/\"},{\"@type\":\"ListItem\",\"position\":2,\"name\":\"Diplomovan\u00fd r\u00e1diologick\u00fd asistent (DRA)\"}]},{\"@type\":\"WebSite\",\"@id\":\"https:\/\/moyzeska.sk\/#website\",\"url\":\"https:\/\/moyzeska.sk\/\",\"name\":\"Stredn\u00e1 zdravotn\u00edcka \u0161kola, Moyzesova 17, Ko\u0161ice\",\"description\":\"\",\"publisher\":{\"@id\":\"https:\/\/moyzeska.sk\/#organization\"},\"potentialAction\":[{\"@type\":\"SearchAction\",\"target\":{\"@type\":\"EntryPoint\",\"urlTemplate\":\"https:\/\/moyzeska.sk\/?s={search_term_string}\"},\"query-input\":\"required name=search_term_string\"}],\"inLanguage\":\"sk-SK\"},{\"@type\":\"Organization\",\"@id\":\"https:\/\/moyzeska.sk\/#organization\",\"name\":\"Stredn\u00e1 zdravotn\u00edcka \u0161kola, Moyzesova 17, Ko\u0161ice\",\"url\":\"https:\/\/moyzeska.sk\/\",\"logo\":{\"@type\":\"ImageObject\",\"inLanguage\":\"sk-SK\",\"@id\":\"https:\/\/moyzeska.sk\/#\/schema\/logo\/image\/\",\"url\":\"https:\/\/moyzeska.sk\/wp-content\/uploads\/2020\/09\/SZS-logo.png\",\"contentUrl\":\"https:\/\/moyzeska.sk\/wp-content\/uploads\/2020\/09\/SZS-logo.png\",\"width\":300,\"height\":300,\"caption\":\"Stredn\u00e1 zdravotn\u00edcka \u0161kola, Moyzesova 17, Ko\u0161ice\"},\"image\":{\"@id\":\"https:\/\/moyzeska.sk\/#\/schema\/logo\/image\/\"},\"sameAs\":[\"https:\/\/www.facebook.com\/Moyzeska\",\"https:\/\/www.instagram.com\/moyzeska\/\"]}]}<\/script>\n<!-- \/ Yoast SEO plugin. -->","yoast_head_json":{"title":"Diplomovan\u00fd r\u00e1diologick\u00fd asistent (DRA) - Stredn\u00e1 zdravotn\u00edcka \u0161kola, Moyzesova 17, Ko\u0161ice","robots":{"index":"index","follow":"follow","max-snippet":"max-snippet:-1","max-image-preview":"max-image-preview:large","max-video-preview":"max-video-preview:-1"},"canonical":"https:\/\/moyzeska.sk\/index.php\/diplomovany-radiologicky-asistent-dra\/","og_locale":"sk_SK","og_type":"article","og_title":"Diplomovan\u00fd r\u00e1diologick\u00fd asistent (DRA) - Stredn\u00e1 zdravotn\u00edcka \u0161kola, Moyzesova 17, Ko\u0161ice","og_description":"\u0160t\u00fadiom v tomto odbore sa pripravuj\u00fa samostatne pracuj\u00faci odborn\u00edci na oddeleniach r\u00e1diodiagnostiky, r\u00e1dioterapie a nukle\u00e1rnej medic\u00edny s vysok\u00fdm odborn\u00fdm rozh\u013eadom a vedom\u00edm mor\u00e1lnej zodpovednosti pri pr\u00e1ci v t\u00fdchto odboroch.\u0160t\u00fadium odboru DRA kon\u010d\u00ed absolventskou sk\u00fa\u0161kou pod\u013ea osobitn\u00fdch pokynov stanoven\u00fdch predpismi MZ SR a M\u0160 SR, ktor\u00e1 pozost\u00e1va z obhajoby absolventskej pr\u00e1ce a teoreticko-praktickej sk\u00fa\u0161ky.V priestoroch \u0161koly &hellip;Zobrazi\u0165","og_url":"https:\/\/moyzeska.sk\/index.php\/diplomovany-radiologicky-asistent-dra\/","og_site_name":"Stredn\u00e1 zdravotn\u00edcka \u0161kola, Moyzesova 17, Ko\u0161ice","article_publisher":"https:\/\/www.facebook.com\/Moyzeska","article_modified_time":"2020-10-06T10:15:01+00:00","og_image":[{"width":140,"height":160,"url":"https:\/\/moyzeska.sk\/wp-content\/uploads\/2020\/10\/DRA-web.jpg","type":"image\/jpeg"}],"twitter_card":"summary_large_image","twitter_misc":{"Predpokladan\u00fd \u010das \u010d\u00edtania":"1 min\u00fata"},"schema":{"@context":"https:\/\/schema.org","@graph":[{"@type":"WebPage","@id":"https:\/\/moyzeska.sk\/index.php\/diplomovany-radiologicky-asistent-dra\/","url":"https:\/\/moyzeska.sk\/index.php\/diplomovany-radiologicky-asistent-dra\/","name":"Diplomovan\u00fd r\u00e1diologick\u00fd asistent (DRA) - Stredn\u00e1 zdravotn\u00edcka \u0161kola, Moyzesova 17, Ko\u0161ice","isPartOf":{"@id":"https:\/\/moyzeska.sk\/#website"},"datePublished":"2020-09-30T19:20:32+00:00","dateModified":"2020-10-06T10:15:01+00:00","breadcrumb":{"@id":"https:\/\/moyzeska.sk\/index.php\/diplomovany-radiologicky-asistent-dra\/#breadcrumb"},"inLanguage":"sk-SK","potentialAction":[{"@type":"ReadAction","target":["https:\/\/moyzeska.sk\/index.php\/diplomovany-radiologicky-asistent-dra\/"]}]},{"@type":"BreadcrumbList","@id":"https:\/\/moyzeska.sk\/index.php\/diplomovany-radiologicky-asistent-dra\/#breadcrumb","itemListElement":[{"@type":"ListItem","position":1,"name":"Home","item":"https:\/\/moyzeska.sk\/"},{"@type":"ListItem","position":2,"name":"Diplomovan\u00fd r\u00e1diologick\u00fd asistent (DRA)"}]},{"@type":"WebSite","@id":"https:\/\/moyzeska.sk\/#website","url":"https:\/\/moyzeska.sk\/","name":"Stredn\u00e1 zdravotn\u00edcka \u0161kola, Moyzesova 17, Ko\u0161ice","description":"","publisher":{"@id":"https:\/\/moyzeska.sk\/#organization"},"potentialAction":[{"@type":"SearchAction","target":{"@type":"EntryPoint","urlTemplate":"https:\/\/moyzeska.sk\/?s={search_term_string}"},"query-input":"required name=search_term_string"}],"inLanguage":"sk-SK"},{"@type":"Organization","@id":"https:\/\/moyzeska.sk\/#organization","name":"Stredn\u00e1 zdravotn\u00edcka \u0161kola, Moyzesova 17, Ko\u0161ice","url":"https:\/\/moyzeska.sk\/","logo":{"@type":"ImageObject","inLanguage":"sk-SK","@id":"https:\/\/moyzeska.sk\/#\/schema\/logo\/image\/","url":"https:\/\/moyzeska.sk\/wp-content\/uploads\/2020\/09\/SZS-logo.png","contentUrl":"https:\/\/moyzeska.sk\/wp-content\/uploads\/2020\/09\/SZS-logo.png","width":300,"height":300,"caption":"Stredn\u00e1 zdravotn\u00edcka \u0161kola, Moyzesova 17, Ko\u0161ice"},"image":{"@id":"https:\/\/moyzeska.sk\/#\/schema\/logo\/image\/"},"sameAs":["https:\/\/www.facebook.com\/Moyzeska","https:\/\/www.instagram.com\/moyzeska\/"]}]}},"_links":{"self":[{"href":"https:\/\/moyzeska.sk\/index.php\/wp-json\/wp\/v2\/pages\/278"}],"collection":[{"href":"https:\/\/moyzeska.sk\/index.php\/wp-json\/wp\/v2\/pages"}],"about":[{"href":"https:\/\/moyzeska.sk\/index.php\/wp-json\/wp\/v2\/types\/page"}],"author":[{"embeddable":true,"href":"https:\/\/moyzeska.sk\/index.php\/wp-json\/wp\/v2\/users\/1"}],"replies":[{"embeddable":true,"href":"https:\/\/moyzeska.sk\/index.php\/wp-json\/wp\/v2\/comments?post=278"}],"version-history":[{"count":2,"href":"https:\/\/moyzeska.sk\/index.php\/wp-json\/wp\/v2\/pages\/278\/revisions"}],"predecessor-version":[{"id":638,"href":"https:\/\/moyzeska.sk\/index.php\/wp-json\/wp\/v2\/pages\/278\/revisions\/638"}],"wp:featuredmedia":[{"embeddable":true,"href":"https:\/\/moyzeska.sk\/index.php\/wp-json\/wp\/v2\/media\/661"}],"wp:attachment":[{"href":"https:\/\/moyzeska.sk\/index.php\/wp-json\/wp\/v2\/media?parent=278"}],"curies":[{"name":"wp","href":"https:\/\/api.w.org\/{rel}","templated":true}]}}