{"id":2779,"date":"2021-06-02T08:37:20","date_gmt":"2021-06-02T06:37:20","guid":{"rendered":"https:\/\/moyzeska.sk\/?page_id=2779"},"modified":"2026-03-26T07:43:24","modified_gmt":"2026-03-26T06:43:24","slug":"tlaciva-a-formulare","status":"publish","type":"page","link":"https:\/\/moyzeska.sk\/index.php\/tlaciva-a-formulare\/","title":{"rendered":"Tla\u010div\u00e1 a formul\u00e1re"},"content":{"rendered":"\n<div class=\"wp-block-file\"><a id=\"wp-block-file--media-ff90cff4-babb-4dd0-beb2-1aef0d8b88f7\" href=\"https:\/\/moyzeska.sk\/wp-content\/uploads\/2021\/06\/tlacivo_potvrdenie_o_zaockovani.docx\"><u>Potvrdenie o zao\u010dkovan\u00ed proti v\u00edrusovej hepatit\u00edde typu B<\/u><\/a><a href=\"https:\/\/moyzeska.sk\/wp-content\/uploads\/2021\/06\/tlacivo_potvrdenie_o_zaockovani.docx\" class=\"wp-block-file__button wp-element-button\" download aria-describedby=\"wp-block-file--media-ff90cff4-babb-4dd0-beb2-1aef0d8b88f7\">Stiahnu\u0165<\/a><\/div>\n\n\n\n<div class=\"wp-block-file\"><a id=\"wp-block-file--media-4aecac35-f8de-411e-8db3-747890c678c1\" href=\"https:\/\/moyzeska.sk\/wp-content\/uploads\/2021\/06\/prihlaska_na_povinne_volitelny_predmet.docx\"><u>Prihl\u00e1\u0161ka na povinne volite\u013en\u00fd predmet<\/u><\/a><a href=\"https:\/\/moyzeska.sk\/wp-content\/uploads\/2021\/06\/prihlaska_na_povinne_volitelny_predmet.docx\" class=\"wp-block-file__button wp-element-button\" download aria-describedby=\"wp-block-file--media-4aecac35-f8de-411e-8db3-747890c678c1\">Stiahnu\u0165<\/a><\/div>\n\n\n\n<div class=\"wp-block-file\"><a id=\"wp-block-file--media-e47b29bb-9b56-4bf8-ade6-2c1a1238a7f2\" href=\"https:\/\/moyzeska.sk\/wp-content\/uploads\/2026\/03\/Ziadost-o-vystavenie-duplikatu-odpisu-vysvedcenia.pdf\">\u017diados\u0165 o vystavenie duplikatu\/odpisu vysved\u010denia<\/a><a href=\"https:\/\/moyzeska.sk\/wp-content\/uploads\/2026\/03\/Ziadost-o-vystavenie-duplikatu-odpisu-vysvedcenia.pdf\" class=\"wp-block-file__button wp-element-button\" download aria-describedby=\"wp-block-file--media-e47b29bb-9b56-4bf8-ade6-2c1a1238a7f2\">Stiahnu\u0165<\/a><\/div>\n\n\n\n<hr class=\"wp-block-separator has-alpha-channel-opacity\"\/>\n\n\n\n<p>Tla\u010div\u00e1 k prij\u00edmac\u00edm sk\u00fa\u0161kam na \u0161kolsk\u00fd rok 2026\/2027:<\/p>\n\n\n\n<div class=\"wp-block-file\"><a id=\"wp-block-file--media-bf2c2565-59fd-435f-9881-284ae8d0352e\" href=\"https:\/\/moyzeska.sk\/wp-content\/uploads\/2026\/01\/Sposobilost_26-27.docx\">Potvrdenie o zdravotnej sp\u00f4sobilosti<\/a><a href=\"https:\/\/moyzeska.sk\/wp-content\/uploads\/2026\/01\/Sposobilost_26-27.docx\" class=\"wp-block-file__button wp-element-button\" download aria-describedby=\"wp-block-file--media-bf2c2565-59fd-435f-9881-284ae8d0352e\">Stiahnu\u0165<\/a><\/div>\n","protected":false},"excerpt":{"rendered":"<p>Tla\u010div\u00e1 k prij\u00edmac\u00edm sk\u00fa\u0161kam na \u0161kolsk\u00fd rok 2026\/2027:<\/p>\n","protected":false},"author":1,"featured_media":0,"parent":0,"menu_order":0,"comment_status":"closed","ping_status":"closed","template":"","meta":{"_monsterinsights_skip_tracking":false,"_monsterinsights_sitenote_active":false,"_monsterinsights_sitenote_note":"","_monsterinsights_sitenote_category":0},"yoast_head":"<!-- This site is optimized with the Yoast SEO plugin v21.8.1 - https:\/\/yoast.com\/wordpress\/plugins\/seo\/ -->\n<title>Tla\u010div\u00e1 a formul\u00e1re - Stredn\u00e1 zdravotn\u00edcka \u0161kola, Moyzesova 17, Ko\u0161ice<\/title>\n<meta name=\"robots\" content=\"index, follow, max-snippet:-1, max-image-preview:large, max-video-preview:-1\" \/>\n<link rel=\"canonical\" href=\"https:\/\/moyzeska.sk\/index.php\/tlaciva-a-formulare\/\" \/>\n<meta property=\"og:locale\" content=\"sk_SK\" \/>\n<meta property=\"og:type\" content=\"article\" \/>\n<meta property=\"og:title\" content=\"Tla\u010div\u00e1 a formul\u00e1re - Stredn\u00e1 zdravotn\u00edcka \u0161kola, Moyzesova 17, Ko\u0161ice\" \/>\n<meta property=\"og:description\" content=\"Tla\u010div\u00e1 k prij\u00edmac\u00edm sk\u00fa\u0161kam na \u0161kolsk\u00fd rok 2026\/2027:\" \/>\n<meta property=\"og:url\" content=\"https:\/\/moyzeska.sk\/index.php\/tlaciva-a-formulare\/\" \/>\n<meta property=\"og:site_name\" content=\"Stredn\u00e1 zdravotn\u00edcka \u0161kola, Moyzesova 17, Ko\u0161ice\" \/>\n<meta property=\"article:publisher\" content=\"https:\/\/www.facebook.com\/Moyzeska\" \/>\n<meta property=\"article:modified_time\" content=\"2026-03-26T06:43:24+00:00\" \/>\n<meta name=\"twitter:card\" content=\"summary_large_image\" \/>\n<meta name=\"twitter:label1\" content=\"Predpokladan\u00fd \u010das \u010d\u00edtania\" \/>\n\t<meta name=\"twitter:data1\" content=\"1 min\u00fata\" \/>\n<script type=\"application\/ld+json\" class=\"yoast-schema-graph\">{\"@context\":\"https:\/\/schema.org\",\"@graph\":[{\"@type\":\"WebPage\",\"@id\":\"https:\/\/moyzeska.sk\/index.php\/tlaciva-a-formulare\/\",\"url\":\"https:\/\/moyzeska.sk\/index.php\/tlaciva-a-formulare\/\",\"name\":\"Tla\u010div\u00e1 a formul\u00e1re - Stredn\u00e1 zdravotn\u00edcka \u0161kola, Moyzesova 17, Ko\u0161ice\",\"isPartOf\":{\"@id\":\"https:\/\/moyzeska.sk\/#website\"},\"datePublished\":\"2021-06-02T06:37:20+00:00\",\"dateModified\":\"2026-03-26T06:43:24+00:00\",\"breadcrumb\":{\"@id\":\"https:\/\/moyzeska.sk\/index.php\/tlaciva-a-formulare\/#breadcrumb\"},\"inLanguage\":\"sk-SK\",\"potentialAction\":[{\"@type\":\"ReadAction\",\"target\":[\"https:\/\/moyzeska.sk\/index.php\/tlaciva-a-formulare\/\"]}]},{\"@type\":\"BreadcrumbList\",\"@id\":\"https:\/\/moyzeska.sk\/index.php\/tlaciva-a-formulare\/#breadcrumb\",\"itemListElement\":[{\"@type\":\"ListItem\",\"position\":1,\"name\":\"Home\",\"item\":\"https:\/\/moyzeska.sk\/\"},{\"@type\":\"ListItem\",\"position\":2,\"name\":\"Tla\u010div\u00e1 a formul\u00e1re\"}]},{\"@type\":\"WebSite\",\"@id\":\"https:\/\/moyzeska.sk\/#website\",\"url\":\"https:\/\/moyzeska.sk\/\",\"name\":\"Stredn\u00e1 zdravotn\u00edcka \u0161kola, Moyzesova 17, Ko\u0161ice\",\"description\":\"\",\"publisher\":{\"@id\":\"https:\/\/moyzeska.sk\/#organization\"},\"potentialAction\":[{\"@type\":\"SearchAction\",\"target\":{\"@type\":\"EntryPoint\",\"urlTemplate\":\"https:\/\/moyzeska.sk\/?s={search_term_string}\"},\"query-input\":\"required name=search_term_string\"}],\"inLanguage\":\"sk-SK\"},{\"@type\":\"Organization\",\"@id\":\"https:\/\/moyzeska.sk\/#organization\",\"name\":\"Stredn\u00e1 zdravotn\u00edcka \u0161kola, Moyzesova 17, Ko\u0161ice\",\"url\":\"https:\/\/moyzeska.sk\/\",\"logo\":{\"@type\":\"ImageObject\",\"inLanguage\":\"sk-SK\",\"@id\":\"https:\/\/moyzeska.sk\/#\/schema\/logo\/image\/\",\"url\":\"https:\/\/moyzeska.sk\/wp-content\/uploads\/2020\/09\/SZS-logo.png\",\"contentUrl\":\"https:\/\/moyzeska.sk\/wp-content\/uploads\/2020\/09\/SZS-logo.png\",\"width\":300,\"height\":300,\"caption\":\"Stredn\u00e1 zdravotn\u00edcka \u0161kola, Moyzesova 17, Ko\u0161ice\"},\"image\":{\"@id\":\"https:\/\/moyzeska.sk\/#\/schema\/logo\/image\/\"},\"sameAs\":[\"https:\/\/www.facebook.com\/Moyzeska\",\"https:\/\/www.instagram.com\/moyzeska\/\"]}]}<\/script>\n<!-- \/ Yoast SEO plugin. -->","yoast_head_json":{"title":"Tla\u010div\u00e1 a formul\u00e1re - Stredn\u00e1 zdravotn\u00edcka \u0161kola, Moyzesova 17, Ko\u0161ice","robots":{"index":"index","follow":"follow","max-snippet":"max-snippet:-1","max-image-preview":"max-image-preview:large","max-video-preview":"max-video-preview:-1"},"canonical":"https:\/\/moyzeska.sk\/index.php\/tlaciva-a-formulare\/","og_locale":"sk_SK","og_type":"article","og_title":"Tla\u010div\u00e1 a formul\u00e1re - Stredn\u00e1 zdravotn\u00edcka \u0161kola, Moyzesova 17, Ko\u0161ice","og_description":"Tla\u010div\u00e1 k prij\u00edmac\u00edm sk\u00fa\u0161kam na \u0161kolsk\u00fd rok 2026\/2027:","og_url":"https:\/\/moyzeska.sk\/index.php\/tlaciva-a-formulare\/","og_site_name":"Stredn\u00e1 zdravotn\u00edcka \u0161kola, Moyzesova 17, Ko\u0161ice","article_publisher":"https:\/\/www.facebook.com\/Moyzeska","article_modified_time":"2026-03-26T06:43:24+00:00","twitter_card":"summary_large_image","twitter_misc":{"Predpokladan\u00fd \u010das \u010d\u00edtania":"1 min\u00fata"},"schema":{"@context":"https:\/\/schema.org","@graph":[{"@type":"WebPage","@id":"https:\/\/moyzeska.sk\/index.php\/tlaciva-a-formulare\/","url":"https:\/\/moyzeska.sk\/index.php\/tlaciva-a-formulare\/","name":"Tla\u010div\u00e1 a formul\u00e1re - Stredn\u00e1 zdravotn\u00edcka \u0161kola, Moyzesova 17, Ko\u0161ice","isPartOf":{"@id":"https:\/\/moyzeska.sk\/#website"},"datePublished":"2021-06-02T06:37:20+00:00","dateModified":"2026-03-26T06:43:24+00:00","breadcrumb":{"@id":"https:\/\/moyzeska.sk\/index.php\/tlaciva-a-formulare\/#breadcrumb"},"inLanguage":"sk-SK","potentialAction":[{"@type":"ReadAction","target":["https:\/\/moyzeska.sk\/index.php\/tlaciva-a-formulare\/"]}]},{"@type":"BreadcrumbList","@id":"https:\/\/moyzeska.sk\/index.php\/tlaciva-a-formulare\/#breadcrumb","itemListElement":[{"@type":"ListItem","position":1,"name":"Home","item":"https:\/\/moyzeska.sk\/"},{"@type":"ListItem","position":2,"name":"Tla\u010div\u00e1 a formul\u00e1re"}]},{"@type":"WebSite","@id":"https:\/\/moyzeska.sk\/#website","url":"https:\/\/moyzeska.sk\/","name":"Stredn\u00e1 zdravotn\u00edcka \u0161kola, Moyzesova 17, Ko\u0161ice","description":"","publisher":{"@id":"https:\/\/moyzeska.sk\/#organization"},"potentialAction":[{"@type":"SearchAction","target":{"@type":"EntryPoint","urlTemplate":"https:\/\/moyzeska.sk\/?s={search_term_string}"},"query-input":"required name=search_term_string"}],"inLanguage":"sk-SK"},{"@type":"Organization","@id":"https:\/\/moyzeska.sk\/#organization","name":"Stredn\u00e1 zdravotn\u00edcka \u0161kola, Moyzesova 17, Ko\u0161ice","url":"https:\/\/moyzeska.sk\/","logo":{"@type":"ImageObject","inLanguage":"sk-SK","@id":"https:\/\/moyzeska.sk\/#\/schema\/logo\/image\/","url":"https:\/\/moyzeska.sk\/wp-content\/uploads\/2020\/09\/SZS-logo.png","contentUrl":"https:\/\/moyzeska.sk\/wp-content\/uploads\/2020\/09\/SZS-logo.png","width":300,"height":300,"caption":"Stredn\u00e1 zdravotn\u00edcka \u0161kola, Moyzesova 17, Ko\u0161ice"},"image":{"@id":"https:\/\/moyzeska.sk\/#\/schema\/logo\/image\/"},"sameAs":["https:\/\/www.facebook.com\/Moyzeska","https:\/\/www.instagram.com\/moyzeska\/"]}]}},"_links":{"self":[{"href":"https:\/\/moyzeska.sk\/index.php\/wp-json\/wp\/v2\/pages\/2779"}],"collection":[{"href":"https:\/\/moyzeska.sk\/index.php\/wp-json\/wp\/v2\/pages"}],"about":[{"href":"https:\/\/moyzeska.sk\/index.php\/wp-json\/wp\/v2\/types\/page"}],"author":[{"embeddable":true,"href":"https:\/\/moyzeska.sk\/index.php\/wp-json\/wp\/v2\/users\/1"}],"replies":[{"embeddable":true,"href":"https:\/\/moyzeska.sk\/index.php\/wp-json\/wp\/v2\/comments?post=2779"}],"version-history":[{"count":5,"href":"https:\/\/moyzeska.sk\/index.php\/wp-json\/wp\/v2\/pages\/2779\/revisions"}],"predecessor-version":[{"id":9052,"href":"https:\/\/moyzeska.sk\/index.php\/wp-json\/wp\/v2\/pages\/2779\/revisions\/9052"}],"wp:attachment":[{"href":"https:\/\/moyzeska.sk\/index.php\/wp-json\/wp\/v2\/media?parent=2779"}],"curies":[{"name":"wp","href":"https:\/\/api.w.org\/{rel}","templated":true}]}}