{"id":277,"date":"2020-09-30T21:20:32","date_gmt":"2020-09-30T19:20:32","guid":{"rendered":"http:\/\/moyzeska.sk\/?page_id=277"},"modified":"2021-01-29T12:50:42","modified_gmt":"2021-01-29T11:50:42","slug":"zubny-asistent-zua","status":"publish","type":"page","link":"https:\/\/moyzeska.sk\/index.php\/zubny-asistent-zua\/","title":{"rendered":"Zubn\u00fd asistent (ZuA)"},"content":{"rendered":"\n<p>\u0160tudijn\u00fd odbor pripravuje zdravotn\u00edckych pracovn\u00edkov, ktor\u00ed s\u00fa sp\u00f4sobil\u00ed samostatne vykon\u00e1va\u0165 z\u00e1kladn\u00e9 asistentsk\u00e9 \u00falohy v prevent\u00edvnom, diagnostickom a lie\u010debnom re\u017eime zdravotnej starostlivosti v ambulancii zubn\u00e9ho lek\u00e1ra. D\u00f4le\u017eitou s\u00fa\u010das\u0165ou profilu absolventa s\u00fa jeho vedomosti a sp\u00f4sobilosti z oblasti zubn\u00e9ho lek\u00e1rstva, hygieny dutiny \u00fastnej, administrat\u00edvy a zdravotn\u00edckej dokument\u00e1cie v zubnej ambulancii, asistencie v zubnej ambulancii.<\/p>\n\n\n\n<p><\/p>\n\n\n\n<p>Absolvent \u0161tudijn\u00e9ho odboru je pripraven\u00fd:<\/p>\n\n\n\n<ul><li>zabezpe\u010dova\u0165 (plni\u0165) asistentsk\u00e9 \u00falohy v prevent\u00edvnom, diagnostickom a lie\u010debnom re\u017eime v\u00a0 zubolek\u00e1rskej starostlivosti,<\/li><li>podie\u013ea\u0165 sa na prevencii v \u00fastnej dutine,<\/li><li>pripravi\u0165 ambulanciu pre o\u0161etrenie pacienta zubn\u00fdm lek\u00e1rom,<\/li><li>zabezpe\u010di\u0165 plynul\u00fd chod pr\u00e1ce ambulancie zubn\u00e9ho lek\u00e1ra,<\/li><li>vykon\u00e1va\u0165 administrat\u00edvne pr\u00e1ce a vies\u0165 dokument\u00e1ciu ambulancie zubn\u00e9ho lek\u00e1ra,<\/li><li>poskytova\u0165 odborn\u00fa prv\u00fa pomoc.<\/li><\/ul>\n\n\n\n<p><strong>Uplatnenie:<\/strong><br>Absolventi \u0161t\u00fadia sa uplatnia pri v\u00fdkone povolania zubn\u00fd asistent u zubn\u00e9ho lek\u00e1ra v zubn\u00fdch ambulanci\u00e1ch.<\/p>\n\n\n\n<p><strong>Profiluj\u00face predmety:<\/strong><\/p>\n\n\n\n<ul><li>zubn\u00e9 lek\u00e1rstvo,<\/li><li>hygiena \u00fastnej dutiny,<\/li><li>z\u00e1klady asistencie v zubnej ambulancii,<\/li><li>administrat\u00edva a zdravotn\u00e1 dokument\u00e1cia,<\/li><li>odborn\u00e1 klinick\u00e1 prax.<\/li><\/ul>\n\n\n\n<p>\u0160t\u00fadium sa kon\u010d\u00ed praktickou a \u00fastnou maturitnou sk\u00fa\u0161kou.<\/p>\n\n\n\n<p><strong>Podmienky prijatia:<\/strong><br>Do prv\u00e9ho ro\u010dn\u00edka denn\u00e9ho \u0161t\u00fadia m\u00f4\u017eu by\u0165 prijat\u00ed absolventi z\u00e1kladnej \u0161koly, ktor\u00ed splnili podmienky prij\u00edmacieho konania. Profilov\u00e9 predmety na prij\u00edmacie sk\u00fa\u0161ky: &#8211; slovensk\u00fd jazyk a literat\u00fara &#8211; biol\u00f3gia.<br>Do \u0161tudijn\u00e9ho odboru zubn\u00fd asistent m\u00f4\u017eu by\u0165 prijat\u00ed \u017eiaci, ktor\u00ed sp\u013a\u0148aj\u00fa zdravotn\u00e9 krit\u00e9ri\u00e1 na pr\u00e1cu v odbore, vr\u00e1tane krit\u00e9ri\u00ed pre pracovn\u00edkov vykon\u00e1vaj\u00facich epidemiologicky z\u00e1va\u017en\u00fa \u010dinnos\u0165. Vyjadrenie lek\u00e1ra o zdravotnom stave \u017eiaka mus\u00ed by\u0165 pripojen\u00e9.<\/p>\n\n\n\n<p><strong>Po\u017eiadavky zdravotnej sp\u00f4sobilosti &nbsp;na uch\u00e1dza\u010da:<\/strong><br>Do stredn\u00fdch zdravotn\u00edckych \u0161k\u00f4l m\u00f4\u017eu by\u0165 prijat\u00ed uch\u00e1dza\u010di, ktor\u00fdch zdravotn\u00fd stav pos\u00fadil a na prihl\u00e1\u0161ke potvrdil v\u0161eobecn\u00fd lek\u00e1r pre deti a&nbsp;dorast alebo&nbsp; v\u0161eobecn\u00fd lek\u00e1r pre dospel\u00fdch. Do \u0161tudijn\u00e9ho odboru zubn\u00fd asistent m\u00f4\u017eu by\u0165&nbsp; prijat\u00ed \u017eiaci, ktor\u00ed sp\u013a\u0148aj\u00fa zdravotn\u00e9 krit\u00e9ri\u00e1 na pr\u00e1cu v odbore, vr\u00e1tane krit\u00e9ri\u00ed pre pracovn\u00edkov vykon\u00e1vaj\u00facich&nbsp; epidemiologicky z\u00e1va\u017en\u00fa \u010dinnos\u0165 a&nbsp;pod\u013ea legislat\u00edvnych predpisov MZ SR.<br>Do &nbsp;\u0161tudijn\u00e9ho odboru zubn\u00fd asistent nem\u00f4\u017eu by\u0165 prijat\u00ed uch\u00e1dza\u010di, ktor\u00ed maj\u00fa ment\u00e1lne, zmyslov\u00e9 alebo telesn\u00e9 postihnutie, zdravotn\u00e9 oslabenie alebo ochorenie, maj\u00fa naru\u0161en\u00fa komunika\u010dn\u00fa schopnos\u0165, \u0161pecifick\u00e9 poruchy u\u010denia alebo spr\u00e1vania sa, autistick\u00fd syndr\u00f3m, poruchy psychick\u00e9ho v\u00fdvinu.<\/p>\n","protected":false},"excerpt":{"rendered":"<p>\u0160tudijn\u00fd odbor pripravuje zdravotn\u00edckych pracovn\u00edkov, ktor\u00ed s\u00fa sp\u00f4sobil\u00ed samostatne vykon\u00e1va\u0165 z\u00e1kladn\u00e9 asistentsk\u00e9 \u00falohy v prevent\u00edvnom, diagnostickom a lie\u010debnom re\u017eime zdravotnej starostlivosti v ambulancii zubn\u00e9ho lek\u00e1ra. D\u00f4le\u017eitou s\u00fa\u010das\u0165ou profilu absolventa s\u00fa jeho vedomosti a sp\u00f4sobilosti z oblasti zubn\u00e9ho lek\u00e1rstva, hygieny dutiny \u00fastnej, administrat\u00edvy a zdravotn\u00edckej dokument\u00e1cie v zubnej ambulancii, asistencie v zubnej ambulancii. Absolvent \u0161tudijn\u00e9ho odboru &hellip;<br \/><a href=\"https:\/\/moyzeska.sk\/index.php\/zubny-asistent-zua\/\" class=\"more-link pen_button pen_element_default pen_icon_arrow_double\">Zobrazi\u0165<\/a><\/p>\n","protected":false},"author":1,"featured_media":664,"parent":0,"menu_order":0,"comment_status":"closed","ping_status":"closed","template":"","meta":{"_monsterinsights_skip_tracking":false,"_monsterinsights_sitenote_active":false,"_monsterinsights_sitenote_note":"","_monsterinsights_sitenote_category":0},"yoast_head":"<!-- This site is optimized with the Yoast SEO plugin v21.8.1 - https:\/\/yoast.com\/wordpress\/plugins\/seo\/ -->\n<title>Zubn\u00fd asistent (ZuA) - Stredn\u00e1 zdravotn\u00edcka \u0161kola, Moyzesova 17, Ko\u0161ice<\/title>\n<meta name=\"robots\" content=\"index, follow, max-snippet:-1, max-image-preview:large, max-video-preview:-1\" \/>\n<link rel=\"canonical\" href=\"https:\/\/moyzeska.sk\/index.php\/zubny-asistent-zua\/\" \/>\n<meta property=\"og:locale\" content=\"sk_SK\" \/>\n<meta property=\"og:type\" content=\"article\" \/>\n<meta property=\"og:title\" content=\"Zubn\u00fd asistent (ZuA) - Stredn\u00e1 zdravotn\u00edcka \u0161kola, Moyzesova 17, Ko\u0161ice\" \/>\n<meta property=\"og:description\" content=\"\u0160tudijn\u00fd odbor pripravuje zdravotn\u00edckych pracovn\u00edkov, ktor\u00ed s\u00fa sp\u00f4sobil\u00ed samostatne vykon\u00e1va\u0165 z\u00e1kladn\u00e9 asistentsk\u00e9 \u00falohy v prevent\u00edvnom, diagnostickom a lie\u010debnom re\u017eime zdravotnej starostlivosti v ambulancii zubn\u00e9ho lek\u00e1ra. D\u00f4le\u017eitou s\u00fa\u010das\u0165ou profilu absolventa s\u00fa jeho vedomosti a sp\u00f4sobilosti z oblasti zubn\u00e9ho lek\u00e1rstva, hygieny dutiny \u00fastnej, administrat\u00edvy a zdravotn\u00edckej dokument\u00e1cie v zubnej ambulancii, asistencie v zubnej ambulancii. Absolvent \u0161tudijn\u00e9ho odboru &hellip;Zobrazi\u0165\" \/>\n<meta property=\"og:url\" content=\"https:\/\/moyzeska.sk\/index.php\/zubny-asistent-zua\/\" \/>\n<meta property=\"og:site_name\" content=\"Stredn\u00e1 zdravotn\u00edcka \u0161kola, Moyzesova 17, Ko\u0161ice\" \/>\n<meta property=\"article:publisher\" content=\"https:\/\/www.facebook.com\/Moyzeska\" \/>\n<meta property=\"article:modified_time\" content=\"2021-01-29T11:50:42+00:00\" \/>\n<meta property=\"og:image\" content=\"https:\/\/moyzeska.sk\/wp-content\/uploads\/2020\/10\/ZUA-web.jpg\" \/>\n\t<meta property=\"og:image:width\" content=\"140\" \/>\n\t<meta property=\"og:image:height\" content=\"160\" \/>\n\t<meta property=\"og:image:type\" content=\"image\/jpeg\" \/>\n<meta name=\"twitter:card\" content=\"summary_large_image\" \/>\n<meta name=\"twitter:label1\" content=\"Predpokladan\u00fd \u010das \u010d\u00edtania\" \/>\n\t<meta name=\"twitter:data1\" content=\"2 min\u00faty\" \/>\n<script type=\"application\/ld+json\" class=\"yoast-schema-graph\">{\"@context\":\"https:\/\/schema.org\",\"@graph\":[{\"@type\":\"WebPage\",\"@id\":\"https:\/\/moyzeska.sk\/index.php\/zubny-asistent-zua\/\",\"url\":\"https:\/\/moyzeska.sk\/index.php\/zubny-asistent-zua\/\",\"name\":\"Zubn\u00fd asistent (ZuA) - Stredn\u00e1 zdravotn\u00edcka \u0161kola, Moyzesova 17, Ko\u0161ice\",\"isPartOf\":{\"@id\":\"https:\/\/moyzeska.sk\/#website\"},\"datePublished\":\"2020-09-30T19:20:32+00:00\",\"dateModified\":\"2021-01-29T11:50:42+00:00\",\"breadcrumb\":{\"@id\":\"https:\/\/moyzeska.sk\/index.php\/zubny-asistent-zua\/#breadcrumb\"},\"inLanguage\":\"sk-SK\",\"potentialAction\":[{\"@type\":\"ReadAction\",\"target\":[\"https:\/\/moyzeska.sk\/index.php\/zubny-asistent-zua\/\"]}]},{\"@type\":\"BreadcrumbList\",\"@id\":\"https:\/\/moyzeska.sk\/index.php\/zubny-asistent-zua\/#breadcrumb\",\"itemListElement\":[{\"@type\":\"ListItem\",\"position\":1,\"name\":\"Home\",\"item\":\"https:\/\/moyzeska.sk\/\"},{\"@type\":\"ListItem\",\"position\":2,\"name\":\"Zubn\u00fd asistent (ZuA)\"}]},{\"@type\":\"WebSite\",\"@id\":\"https:\/\/moyzeska.sk\/#website\",\"url\":\"https:\/\/moyzeska.sk\/\",\"name\":\"Stredn\u00e1 zdravotn\u00edcka \u0161kola, Moyzesova 17, Ko\u0161ice\",\"description\":\"\",\"publisher\":{\"@id\":\"https:\/\/moyzeska.sk\/#organization\"},\"potentialAction\":[{\"@type\":\"SearchAction\",\"target\":{\"@type\":\"EntryPoint\",\"urlTemplate\":\"https:\/\/moyzeska.sk\/?s={search_term_string}\"},\"query-input\":\"required name=search_term_string\"}],\"inLanguage\":\"sk-SK\"},{\"@type\":\"Organization\",\"@id\":\"https:\/\/moyzeska.sk\/#organization\",\"name\":\"Stredn\u00e1 zdravotn\u00edcka \u0161kola, Moyzesova 17, Ko\u0161ice\",\"url\":\"https:\/\/moyzeska.sk\/\",\"logo\":{\"@type\":\"ImageObject\",\"inLanguage\":\"sk-SK\",\"@id\":\"https:\/\/moyzeska.sk\/#\/schema\/logo\/image\/\",\"url\":\"https:\/\/moyzeska.sk\/wp-content\/uploads\/2020\/09\/SZS-logo.png\",\"contentUrl\":\"https:\/\/moyzeska.sk\/wp-content\/uploads\/2020\/09\/SZS-logo.png\",\"width\":300,\"height\":300,\"caption\":\"Stredn\u00e1 zdravotn\u00edcka \u0161kola, Moyzesova 17, Ko\u0161ice\"},\"image\":{\"@id\":\"https:\/\/moyzeska.sk\/#\/schema\/logo\/image\/\"},\"sameAs\":[\"https:\/\/www.facebook.com\/Moyzeska\",\"https:\/\/www.instagram.com\/moyzeska\/\"]}]}<\/script>\n<!-- \/ Yoast SEO plugin. -->","yoast_head_json":{"title":"Zubn\u00fd asistent (ZuA) - Stredn\u00e1 zdravotn\u00edcka \u0161kola, Moyzesova 17, Ko\u0161ice","robots":{"index":"index","follow":"follow","max-snippet":"max-snippet:-1","max-image-preview":"max-image-preview:large","max-video-preview":"max-video-preview:-1"},"canonical":"https:\/\/moyzeska.sk\/index.php\/zubny-asistent-zua\/","og_locale":"sk_SK","og_type":"article","og_title":"Zubn\u00fd asistent (ZuA) - Stredn\u00e1 zdravotn\u00edcka \u0161kola, Moyzesova 17, Ko\u0161ice","og_description":"\u0160tudijn\u00fd odbor pripravuje zdravotn\u00edckych pracovn\u00edkov, ktor\u00ed s\u00fa sp\u00f4sobil\u00ed samostatne vykon\u00e1va\u0165 z\u00e1kladn\u00e9 asistentsk\u00e9 \u00falohy v prevent\u00edvnom, diagnostickom a lie\u010debnom re\u017eime zdravotnej starostlivosti v ambulancii zubn\u00e9ho lek\u00e1ra. D\u00f4le\u017eitou s\u00fa\u010das\u0165ou profilu absolventa s\u00fa jeho vedomosti a sp\u00f4sobilosti z oblasti zubn\u00e9ho lek\u00e1rstva, hygieny dutiny \u00fastnej, administrat\u00edvy a zdravotn\u00edckej dokument\u00e1cie v zubnej ambulancii, asistencie v zubnej ambulancii. Absolvent \u0161tudijn\u00e9ho odboru &hellip;Zobrazi\u0165","og_url":"https:\/\/moyzeska.sk\/index.php\/zubny-asistent-zua\/","og_site_name":"Stredn\u00e1 zdravotn\u00edcka \u0161kola, Moyzesova 17, Ko\u0161ice","article_publisher":"https:\/\/www.facebook.com\/Moyzeska","article_modified_time":"2021-01-29T11:50:42+00:00","og_image":[{"width":140,"height":160,"url":"https:\/\/moyzeska.sk\/wp-content\/uploads\/2020\/10\/ZUA-web.jpg","type":"image\/jpeg"}],"twitter_card":"summary_large_image","twitter_misc":{"Predpokladan\u00fd \u010das \u010d\u00edtania":"2 min\u00faty"},"schema":{"@context":"https:\/\/schema.org","@graph":[{"@type":"WebPage","@id":"https:\/\/moyzeska.sk\/index.php\/zubny-asistent-zua\/","url":"https:\/\/moyzeska.sk\/index.php\/zubny-asistent-zua\/","name":"Zubn\u00fd asistent (ZuA) - Stredn\u00e1 zdravotn\u00edcka \u0161kola, Moyzesova 17, Ko\u0161ice","isPartOf":{"@id":"https:\/\/moyzeska.sk\/#website"},"datePublished":"2020-09-30T19:20:32+00:00","dateModified":"2021-01-29T11:50:42+00:00","breadcrumb":{"@id":"https:\/\/moyzeska.sk\/index.php\/zubny-asistent-zua\/#breadcrumb"},"inLanguage":"sk-SK","potentialAction":[{"@type":"ReadAction","target":["https:\/\/moyzeska.sk\/index.php\/zubny-asistent-zua\/"]}]},{"@type":"BreadcrumbList","@id":"https:\/\/moyzeska.sk\/index.php\/zubny-asistent-zua\/#breadcrumb","itemListElement":[{"@type":"ListItem","position":1,"name":"Home","item":"https:\/\/moyzeska.sk\/"},{"@type":"ListItem","position":2,"name":"Zubn\u00fd asistent (ZuA)"}]},{"@type":"WebSite","@id":"https:\/\/moyzeska.sk\/#website","url":"https:\/\/moyzeska.sk\/","name":"Stredn\u00e1 zdravotn\u00edcka \u0161kola, Moyzesova 17, Ko\u0161ice","description":"","publisher":{"@id":"https:\/\/moyzeska.sk\/#organization"},"potentialAction":[{"@type":"SearchAction","target":{"@type":"EntryPoint","urlTemplate":"https:\/\/moyzeska.sk\/?s={search_term_string}"},"query-input":"required name=search_term_string"}],"inLanguage":"sk-SK"},{"@type":"Organization","@id":"https:\/\/moyzeska.sk\/#organization","name":"Stredn\u00e1 zdravotn\u00edcka \u0161kola, Moyzesova 17, Ko\u0161ice","url":"https:\/\/moyzeska.sk\/","logo":{"@type":"ImageObject","inLanguage":"sk-SK","@id":"https:\/\/moyzeska.sk\/#\/schema\/logo\/image\/","url":"https:\/\/moyzeska.sk\/wp-content\/uploads\/2020\/09\/SZS-logo.png","contentUrl":"https:\/\/moyzeska.sk\/wp-content\/uploads\/2020\/09\/SZS-logo.png","width":300,"height":300,"caption":"Stredn\u00e1 zdravotn\u00edcka \u0161kola, Moyzesova 17, Ko\u0161ice"},"image":{"@id":"https:\/\/moyzeska.sk\/#\/schema\/logo\/image\/"},"sameAs":["https:\/\/www.facebook.com\/Moyzeska","https:\/\/www.instagram.com\/moyzeska\/"]}]}},"_links":{"self":[{"href":"https:\/\/moyzeska.sk\/index.php\/wp-json\/wp\/v2\/pages\/277"}],"collection":[{"href":"https:\/\/moyzeska.sk\/index.php\/wp-json\/wp\/v2\/pages"}],"about":[{"href":"https:\/\/moyzeska.sk\/index.php\/wp-json\/wp\/v2\/types\/page"}],"author":[{"embeddable":true,"href":"https:\/\/moyzeska.sk\/index.php\/wp-json\/wp\/v2\/users\/1"}],"replies":[{"embeddable":true,"href":"https:\/\/moyzeska.sk\/index.php\/wp-json\/wp\/v2\/comments?post=277"}],"version-history":[{"count":3,"href":"https:\/\/moyzeska.sk\/index.php\/wp-json\/wp\/v2\/pages\/277\/revisions"}],"predecessor-version":[{"id":1970,"href":"https:\/\/moyzeska.sk\/index.php\/wp-json\/wp\/v2\/pages\/277\/revisions\/1970"}],"wp:featuredmedia":[{"embeddable":true,"href":"https:\/\/moyzeska.sk\/index.php\/wp-json\/wp\/v2\/media\/664"}],"wp:attachment":[{"href":"https:\/\/moyzeska.sk\/index.php\/wp-json\/wp\/v2\/media?parent=277"}],"curies":[{"name":"wp","href":"https:\/\/api.w.org\/{rel}","templated":true}]}}