{"id":276,"date":"2020-09-30T21:20:32","date_gmt":"2020-09-30T19:20:32","guid":{"rendered":"http:\/\/moyzeska.sk\/?page_id=276"},"modified":"2021-01-29T09:59:54","modified_gmt":"2021-01-29T08:59:54","slug":"zdravotnicky-laborant-zl","status":"publish","type":"page","link":"https:\/\/moyzeska.sk\/index.php\/zdravotnicky-laborant-zl\/","title":{"rendered":"Zdravotn\u00edcky laborant (ZL)"},"content":{"rendered":"\n<p>Absolventi \u0161tudijn\u00e9ho odboru zdravotn\u00edcky laborant z\u00edskavaj\u00fa sp\u00f4sobilos\u0165 vykon\u00e1va\u0165 z\u00e1kladn\u00e9 \u010dinnosti zdravotn\u00edckeho laboranta na \u00faseku klinickej bioch\u00e9mie, hematol\u00f3gie a transfuziol\u00f3gie, histol\u00f3gie, cytol\u00f3gie, imunol\u00f3gie, genetiky, toxikol\u00f3gie, klinickej mikrobiol\u00f3gie a hygieny.<\/p>\n\n\n\n<p>\u0160t\u00fadium sa kon\u010d\u00ed maturitnou sk\u00fa\u0161kou, ktor\u00e1 pozost\u00e1va z praktickej a \u00fastnej \u010dasti.<\/p>\n\n\n\n<p>\u0160kola je ve\u013emi dobre vybaven\u00e1 a pripraven\u00e1 pre v\u00fdu\u010dbu bud\u00facich zdravotn\u00edckych laborantov. M\u00e1me p\u00e4\u0165 laborat\u00f3ri\u00ed pre vyu\u010dovanie v\u0161eobecnovzdel\u00e1vac\u00edch a odborn\u00fdch predmetov. V budove \u0161koly sa realizuj\u00fa praktick\u00e9 cvi\u010denia z klinickej bioch\u00e9mie, hematol\u00f3gie a\u00a0transfuziol\u00f3gie a histologickej techniky s dosta\u010duj\u00facim pr\u00edstrojov\u00fdm vybaven\u00edm. Okrem cvi\u010den\u00ed z\u00a0klinickej mikrobiol\u00f3gie (infek\u010dn\u00fd materi\u00e1l) v\u0161etky odborn\u00e9 predmety je mo\u017en\u00e9 vyu\u010dova\u0165 v\u00a0budove \u0161koly. Popri \u0161kolsk\u00fdch laborat\u00f3ri\u00e1ch sa vyu\u010dovanie odborn\u00fdch predmetov praktick\u00e9ho zamerania realizuje aj v \u0161peci\u00e1lnych laborat\u00f3ri\u00e1ch v\u00a0r\u00f4znych zdravotn\u00edckych zariadeniach.<\/p>\n\n\n\n<p><strong>Uplatnenie:<\/strong><br>Absolvent sa uplatn\u00ed na niektorom z vybran\u00fdch pracov\u00edsk ako klinick\u00e1 bioch\u00e9mia, hematol\u00f3gia a transfuziol\u00f3gia, histol\u00f3gia, cytol\u00f3gia, imunol\u00f3gia, genetika, toxikol\u00f3gia, klinick\u00e1 mikrobiol\u00f3gia a epidemiol\u00f3gia, \u010di hygiena.<\/p>\n\n\n\n<p><strong>Podmienky prijatia:<\/strong><br>Do prv\u00e9ho ro\u010dn\u00edka denn\u00e9ho \u0161t\u00fadia m\u00f4\u017eu by\u0165 prijat\u00ed absolventi z\u00e1kladnej \u0161koly, ktor\u00ed splnili podmienky prij\u00edmacieho konania. Profilov\u00e9 predmety na prij\u00edmacie sk\u00fa\u0161ky: &#8211; slovensk\u00fd jazyk a literat\u00fara &#8211; ch\u00e9mia.<br>Do \u0161tudijn\u00e9ho odboru zdravotn\u00edcky laborant m\u00f4\u017eu by\u0165 prijat\u00ed \u017eiaci, ktor\u00ed sp\u013a\u0148aj\u00fa zdravotn\u00e9 krit\u00e9ri\u00e1 na pr\u00e1cu v odbore, vr\u00e1tane krit\u00e9ri\u00ed pre pracovn\u00edkov vykon\u00e1vaj\u00facich epidemiologicky z\u00e1va\u017en\u00fa \u010dinnos\u0165. Vyjadrenie lek\u00e1ra o zdravotnom stave \u017eiaka mus\u00ed by\u0165 pripojen\u00e9.<\/p>\n\n\n\n<p><strong>Po\u017eiadavky zdravotnej sp\u00f4sobilosti &nbsp;na uch\u00e1dza\u010da:<\/strong><br>Do stredn\u00fdch zdravotn\u00edckych \u0161k\u00f4l m\u00f4\u017eu by\u0165 prijat\u00ed uch\u00e1dza\u010di, ktor\u00fdch zdravotn\u00fd stav pos\u00fadil a na prihl\u00e1\u0161ke potvrdil v\u0161eobecn\u00fd lek\u00e1r pre deti a&nbsp;dorast alebo&nbsp; v\u0161eobecn\u00fd lek\u00e1r pre dospel\u00fdch. Do \u0161tudijn\u00e9ho odboru zdravotn\u00edcky laborant m\u00f4\u017eu by\u0165&nbsp; prijat\u00ed \u017eiaci, ktor\u00ed sp\u013a\u0148aj\u00fa zdravotn\u00e9 krit\u00e9ri\u00e1 na pr\u00e1cu v odbore, vr\u00e1tane krit\u00e9ri\u00ed pre pracovn\u00edkov vykon\u00e1vaj\u00facich&nbsp; epidemiologicky z\u00e1va\u017en\u00fa \u010dinnos\u0165 a&nbsp;pod\u013ea legislat\u00edvnych predpisov MZ SR.<br>Do &nbsp;\u0161tudijn\u00e9ho odboru zdravotn\u00edcky laborant nem\u00f4\u017eu by\u0165 prijat\u00ed uch\u00e1dza\u010di, ktor\u00ed maj\u00fa ment\u00e1lne, zmyslov\u00e9 alebo telesn\u00e9 postihnutie, zdravotn\u00e9 oslabenie alebo ochorenie, maj\u00fa naru\u0161en\u00fa komunika\u010dn\u00fa schopnos\u0165, \u0161pecifick\u00e9 poruchy u\u010denia alebo spr\u00e1vania sa, autistick\u00fd syndr\u00f3m, poruchy psychick\u00e9ho v\u00fdvinu.<\/p>\n","protected":false},"excerpt":{"rendered":"<p>Absolventi \u0161tudijn\u00e9ho odboru zdravotn\u00edcky laborant z\u00edskavaj\u00fa sp\u00f4sobilos\u0165 vykon\u00e1va\u0165 z\u00e1kladn\u00e9 \u010dinnosti zdravotn\u00edckeho laboranta na \u00faseku klinickej bioch\u00e9mie, hematol\u00f3gie a transfuziol\u00f3gie, histol\u00f3gie, cytol\u00f3gie, imunol\u00f3gie, genetiky, toxikol\u00f3gie, klinickej mikrobiol\u00f3gie a hygieny. \u0160t\u00fadium sa kon\u010d\u00ed maturitnou sk\u00fa\u0161kou, ktor\u00e1 pozost\u00e1va z praktickej a \u00fastnej \u010dasti. \u0160kola je ve\u013emi dobre vybaven\u00e1 a pripraven\u00e1 pre v\u00fdu\u010dbu bud\u00facich zdravotn\u00edckych laborantov. M\u00e1me p\u00e4\u0165 laborat\u00f3ri\u00ed &hellip;<br \/><a href=\"https:\/\/moyzeska.sk\/index.php\/zdravotnicky-laborant-zl\/\" class=\"more-link pen_button pen_element_default pen_icon_arrow_double\">Zobrazi\u0165<\/a><\/p>\n","protected":false},"author":1,"featured_media":662,"parent":0,"menu_order":0,"comment_status":"closed","ping_status":"closed","template":"","meta":{"_monsterinsights_skip_tracking":false,"_monsterinsights_sitenote_active":false,"_monsterinsights_sitenote_note":"","_monsterinsights_sitenote_category":0},"yoast_head":"<!-- This site is optimized with the Yoast SEO plugin v21.8.1 - https:\/\/yoast.com\/wordpress\/plugins\/seo\/ -->\n<title>Zdravotn\u00edcky laborant (ZL) - Stredn\u00e1 zdravotn\u00edcka \u0161kola, Moyzesova 17, Ko\u0161ice<\/title>\n<meta name=\"robots\" content=\"index, follow, max-snippet:-1, max-image-preview:large, max-video-preview:-1\" \/>\n<link rel=\"canonical\" href=\"https:\/\/moyzeska.sk\/index.php\/zdravotnicky-laborant-zl\/\" \/>\n<meta property=\"og:locale\" content=\"sk_SK\" \/>\n<meta property=\"og:type\" content=\"article\" \/>\n<meta property=\"og:title\" content=\"Zdravotn\u00edcky laborant (ZL) - Stredn\u00e1 zdravotn\u00edcka \u0161kola, Moyzesova 17, Ko\u0161ice\" \/>\n<meta property=\"og:description\" content=\"Absolventi \u0161tudijn\u00e9ho odboru zdravotn\u00edcky laborant z\u00edskavaj\u00fa sp\u00f4sobilos\u0165 vykon\u00e1va\u0165 z\u00e1kladn\u00e9 \u010dinnosti zdravotn\u00edckeho laboranta na \u00faseku klinickej bioch\u00e9mie, hematol\u00f3gie a transfuziol\u00f3gie, histol\u00f3gie, cytol\u00f3gie, imunol\u00f3gie, genetiky, toxikol\u00f3gie, klinickej mikrobiol\u00f3gie a hygieny. \u0160t\u00fadium sa kon\u010d\u00ed maturitnou sk\u00fa\u0161kou, ktor\u00e1 pozost\u00e1va z praktickej a \u00fastnej \u010dasti. \u0160kola je ve\u013emi dobre vybaven\u00e1 a pripraven\u00e1 pre v\u00fdu\u010dbu bud\u00facich zdravotn\u00edckych laborantov. M\u00e1me p\u00e4\u0165 laborat\u00f3ri\u00ed &hellip;Zobrazi\u0165\" \/>\n<meta property=\"og:url\" content=\"https:\/\/moyzeska.sk\/index.php\/zdravotnicky-laborant-zl\/\" \/>\n<meta property=\"og:site_name\" content=\"Stredn\u00e1 zdravotn\u00edcka \u0161kola, Moyzesova 17, Ko\u0161ice\" \/>\n<meta property=\"article:publisher\" content=\"https:\/\/www.facebook.com\/Moyzeska\" \/>\n<meta property=\"article:modified_time\" content=\"2021-01-29T08:59:54+00:00\" \/>\n<meta property=\"og:image\" content=\"https:\/\/moyzeska.sk\/wp-content\/uploads\/2020\/10\/ZL-Web.jpg\" \/>\n\t<meta property=\"og:image:width\" content=\"140\" \/>\n\t<meta property=\"og:image:height\" content=\"160\" \/>\n\t<meta property=\"og:image:type\" content=\"image\/jpeg\" \/>\n<meta name=\"twitter:card\" content=\"summary_large_image\" \/>\n<meta name=\"twitter:label1\" content=\"Predpokladan\u00fd \u010das \u010d\u00edtania\" \/>\n\t<meta name=\"twitter:data1\" content=\"2 min\u00faty\" \/>\n<script type=\"application\/ld+json\" class=\"yoast-schema-graph\">{\"@context\":\"https:\/\/schema.org\",\"@graph\":[{\"@type\":\"WebPage\",\"@id\":\"https:\/\/moyzeska.sk\/index.php\/zdravotnicky-laborant-zl\/\",\"url\":\"https:\/\/moyzeska.sk\/index.php\/zdravotnicky-laborant-zl\/\",\"name\":\"Zdravotn\u00edcky laborant (ZL) - Stredn\u00e1 zdravotn\u00edcka \u0161kola, Moyzesova 17, Ko\u0161ice\",\"isPartOf\":{\"@id\":\"https:\/\/moyzeska.sk\/#website\"},\"datePublished\":\"2020-09-30T19:20:32+00:00\",\"dateModified\":\"2021-01-29T08:59:54+00:00\",\"breadcrumb\":{\"@id\":\"https:\/\/moyzeska.sk\/index.php\/zdravotnicky-laborant-zl\/#breadcrumb\"},\"inLanguage\":\"sk-SK\",\"potentialAction\":[{\"@type\":\"ReadAction\",\"target\":[\"https:\/\/moyzeska.sk\/index.php\/zdravotnicky-laborant-zl\/\"]}]},{\"@type\":\"BreadcrumbList\",\"@id\":\"https:\/\/moyzeska.sk\/index.php\/zdravotnicky-laborant-zl\/#breadcrumb\",\"itemListElement\":[{\"@type\":\"ListItem\",\"position\":1,\"name\":\"Home\",\"item\":\"https:\/\/moyzeska.sk\/\"},{\"@type\":\"ListItem\",\"position\":2,\"name\":\"Zdravotn\u00edcky laborant (ZL)\"}]},{\"@type\":\"WebSite\",\"@id\":\"https:\/\/moyzeska.sk\/#website\",\"url\":\"https:\/\/moyzeska.sk\/\",\"name\":\"Stredn\u00e1 zdravotn\u00edcka \u0161kola, Moyzesova 17, Ko\u0161ice\",\"description\":\"\",\"publisher\":{\"@id\":\"https:\/\/moyzeska.sk\/#organization\"},\"potentialAction\":[{\"@type\":\"SearchAction\",\"target\":{\"@type\":\"EntryPoint\",\"urlTemplate\":\"https:\/\/moyzeska.sk\/?s={search_term_string}\"},\"query-input\":\"required name=search_term_string\"}],\"inLanguage\":\"sk-SK\"},{\"@type\":\"Organization\",\"@id\":\"https:\/\/moyzeska.sk\/#organization\",\"name\":\"Stredn\u00e1 zdravotn\u00edcka \u0161kola, Moyzesova 17, Ko\u0161ice\",\"url\":\"https:\/\/moyzeska.sk\/\",\"logo\":{\"@type\":\"ImageObject\",\"inLanguage\":\"sk-SK\",\"@id\":\"https:\/\/moyzeska.sk\/#\/schema\/logo\/image\/\",\"url\":\"https:\/\/moyzeska.sk\/wp-content\/uploads\/2020\/09\/SZS-logo.png\",\"contentUrl\":\"https:\/\/moyzeska.sk\/wp-content\/uploads\/2020\/09\/SZS-logo.png\",\"width\":300,\"height\":300,\"caption\":\"Stredn\u00e1 zdravotn\u00edcka \u0161kola, Moyzesova 17, Ko\u0161ice\"},\"image\":{\"@id\":\"https:\/\/moyzeska.sk\/#\/schema\/logo\/image\/\"},\"sameAs\":[\"https:\/\/www.facebook.com\/Moyzeska\",\"https:\/\/www.instagram.com\/moyzeska\/\"]}]}<\/script>\n<!-- \/ Yoast SEO plugin. -->","yoast_head_json":{"title":"Zdravotn\u00edcky laborant (ZL) - Stredn\u00e1 zdravotn\u00edcka \u0161kola, Moyzesova 17, Ko\u0161ice","robots":{"index":"index","follow":"follow","max-snippet":"max-snippet:-1","max-image-preview":"max-image-preview:large","max-video-preview":"max-video-preview:-1"},"canonical":"https:\/\/moyzeska.sk\/index.php\/zdravotnicky-laborant-zl\/","og_locale":"sk_SK","og_type":"article","og_title":"Zdravotn\u00edcky laborant (ZL) - Stredn\u00e1 zdravotn\u00edcka \u0161kola, Moyzesova 17, Ko\u0161ice","og_description":"Absolventi \u0161tudijn\u00e9ho odboru zdravotn\u00edcky laborant z\u00edskavaj\u00fa sp\u00f4sobilos\u0165 vykon\u00e1va\u0165 z\u00e1kladn\u00e9 \u010dinnosti zdravotn\u00edckeho laboranta na \u00faseku klinickej bioch\u00e9mie, hematol\u00f3gie a transfuziol\u00f3gie, histol\u00f3gie, cytol\u00f3gie, imunol\u00f3gie, genetiky, toxikol\u00f3gie, klinickej mikrobiol\u00f3gie a hygieny. \u0160t\u00fadium sa kon\u010d\u00ed maturitnou sk\u00fa\u0161kou, ktor\u00e1 pozost\u00e1va z praktickej a \u00fastnej \u010dasti. \u0160kola je ve\u013emi dobre vybaven\u00e1 a pripraven\u00e1 pre v\u00fdu\u010dbu bud\u00facich zdravotn\u00edckych laborantov. M\u00e1me p\u00e4\u0165 laborat\u00f3ri\u00ed &hellip;Zobrazi\u0165","og_url":"https:\/\/moyzeska.sk\/index.php\/zdravotnicky-laborant-zl\/","og_site_name":"Stredn\u00e1 zdravotn\u00edcka \u0161kola, Moyzesova 17, Ko\u0161ice","article_publisher":"https:\/\/www.facebook.com\/Moyzeska","article_modified_time":"2021-01-29T08:59:54+00:00","og_image":[{"width":140,"height":160,"url":"https:\/\/moyzeska.sk\/wp-content\/uploads\/2020\/10\/ZL-Web.jpg","type":"image\/jpeg"}],"twitter_card":"summary_large_image","twitter_misc":{"Predpokladan\u00fd \u010das \u010d\u00edtania":"2 min\u00faty"},"schema":{"@context":"https:\/\/schema.org","@graph":[{"@type":"WebPage","@id":"https:\/\/moyzeska.sk\/index.php\/zdravotnicky-laborant-zl\/","url":"https:\/\/moyzeska.sk\/index.php\/zdravotnicky-laborant-zl\/","name":"Zdravotn\u00edcky laborant (ZL) - Stredn\u00e1 zdravotn\u00edcka \u0161kola, Moyzesova 17, Ko\u0161ice","isPartOf":{"@id":"https:\/\/moyzeska.sk\/#website"},"datePublished":"2020-09-30T19:20:32+00:00","dateModified":"2021-01-29T08:59:54+00:00","breadcrumb":{"@id":"https:\/\/moyzeska.sk\/index.php\/zdravotnicky-laborant-zl\/#breadcrumb"},"inLanguage":"sk-SK","potentialAction":[{"@type":"ReadAction","target":["https:\/\/moyzeska.sk\/index.php\/zdravotnicky-laborant-zl\/"]}]},{"@type":"BreadcrumbList","@id":"https:\/\/moyzeska.sk\/index.php\/zdravotnicky-laborant-zl\/#breadcrumb","itemListElement":[{"@type":"ListItem","position":1,"name":"Home","item":"https:\/\/moyzeska.sk\/"},{"@type":"ListItem","position":2,"name":"Zdravotn\u00edcky laborant (ZL)"}]},{"@type":"WebSite","@id":"https:\/\/moyzeska.sk\/#website","url":"https:\/\/moyzeska.sk\/","name":"Stredn\u00e1 zdravotn\u00edcka \u0161kola, Moyzesova 17, Ko\u0161ice","description":"","publisher":{"@id":"https:\/\/moyzeska.sk\/#organization"},"potentialAction":[{"@type":"SearchAction","target":{"@type":"EntryPoint","urlTemplate":"https:\/\/moyzeska.sk\/?s={search_term_string}"},"query-input":"required name=search_term_string"}],"inLanguage":"sk-SK"},{"@type":"Organization","@id":"https:\/\/moyzeska.sk\/#organization","name":"Stredn\u00e1 zdravotn\u00edcka \u0161kola, Moyzesova 17, Ko\u0161ice","url":"https:\/\/moyzeska.sk\/","logo":{"@type":"ImageObject","inLanguage":"sk-SK","@id":"https:\/\/moyzeska.sk\/#\/schema\/logo\/image\/","url":"https:\/\/moyzeska.sk\/wp-content\/uploads\/2020\/09\/SZS-logo.png","contentUrl":"https:\/\/moyzeska.sk\/wp-content\/uploads\/2020\/09\/SZS-logo.png","width":300,"height":300,"caption":"Stredn\u00e1 zdravotn\u00edcka \u0161kola, Moyzesova 17, Ko\u0161ice"},"image":{"@id":"https:\/\/moyzeska.sk\/#\/schema\/logo\/image\/"},"sameAs":["https:\/\/www.facebook.com\/Moyzeska","https:\/\/www.instagram.com\/moyzeska\/"]}]}},"_links":{"self":[{"href":"https:\/\/moyzeska.sk\/index.php\/wp-json\/wp\/v2\/pages\/276"}],"collection":[{"href":"https:\/\/moyzeska.sk\/index.php\/wp-json\/wp\/v2\/pages"}],"about":[{"href":"https:\/\/moyzeska.sk\/index.php\/wp-json\/wp\/v2\/types\/page"}],"author":[{"embeddable":true,"href":"https:\/\/moyzeska.sk\/index.php\/wp-json\/wp\/v2\/users\/1"}],"replies":[{"embeddable":true,"href":"https:\/\/moyzeska.sk\/index.php\/wp-json\/wp\/v2\/comments?post=276"}],"version-history":[{"count":4,"href":"https:\/\/moyzeska.sk\/index.php\/wp-json\/wp\/v2\/pages\/276\/revisions"}],"predecessor-version":[{"id":1965,"href":"https:\/\/moyzeska.sk\/index.php\/wp-json\/wp\/v2\/pages\/276\/revisions\/1965"}],"wp:featuredmedia":[{"embeddable":true,"href":"https:\/\/moyzeska.sk\/index.php\/wp-json\/wp\/v2\/media\/662"}],"wp:attachment":[{"href":"https:\/\/moyzeska.sk\/index.php\/wp-json\/wp\/v2\/media?parent=276"}],"curies":[{"name":"wp","href":"https:\/\/api.w.org\/{rel}","templated":true}]}}