{"id":275,"date":"2020-09-30T21:20:32","date_gmt":"2020-09-30T19:20:32","guid":{"rendered":"http:\/\/moyzeska.sk\/?page_id=275"},"modified":"2021-02-01T10:24:14","modified_gmt":"2021-02-01T09:24:14","slug":"farmaceuticky-laborant-fl","status":"publish","type":"page","link":"https:\/\/moyzeska.sk\/index.php\/farmaceuticky-laborant-fl\/","title":{"rendered":"Farmaceutick\u00fd laborant (FL)"},"content":{"rendered":"\n<p>Farmaceutick\u00fd laborant je zdravotn\u00edcky pracovn\u00edk, ktor\u00fd sa uplatn\u00ed najm\u00e4 vo verejn\u00fdch a\u00a0nemocni\u010dn\u00fdch lek\u00e1r\u0148ach, v\u00fddajniach zdravotn\u00edckych pom\u00f4cok,\u00a0 vo farmaceutickom priemysle, v distribu\u010dn\u00fdch farmaceutick\u00fdch firm\u00e1ch, v laborat\u00f3ri\u00e1ch pre kontrolu lie\u010div a\u00a0\u010fal\u0161\u00edch zdravotn\u00edckych zariadeniach. Ovl\u00e1da pr\u00e1cu s po\u010d\u00edta\u010dom a z\u00e1klady mana\u017ementu nevyhnutn\u00e9 pre predaj zdravotn\u00edckeho materi\u00e1lu a pom\u00f4cok. <\/p>\n\n\n\n<p>\u0160kola m\u00e1 \u0161pecializovan\u00e9 laborat\u00f3ri\u00e1 na vyu\u010dovanie odborn\u00fdch predmetov, ktor\u00e9 s\u00fa vybaven\u00e9 kvalitnou pr\u00edstrojovou technikou na vysokej \u00farovni. Predmet praktick\u00e9ho zamerania (farmaceutick\u00e9 cvi\u010denia) absolvuj\u00fa \u017eiaci tretieho a\u00a0\u0161tvrt\u00e9ho ro\u010dn\u00edka v\u00a0lek\u00e1r\u0148ach a\u00a0vo v\u00fddajniach zdravotn\u00edckych pom\u00f4cok. \u0160t\u00fadium sa kon\u010d\u00ed praktickou a \u00fastnou maturitnou sk\u00fa\u0161kou. Po n\u00e1stupe do praxe si absolvent \u010fal\u0161\u00edm \u0161t\u00fadiom zvy\u0161uje kvalifik\u00e1ciu.<\/p>\n\n\n\n<p><strong>Uplatnenie:<\/strong><br>V praxi sa absolvent uplatn\u00ed v\u00a0lek\u00e1r\u0148ach, v\u00fddajniach zdravotn\u00edckych pom\u00f4cok, zariadeniach zaoberaj\u00facich sa farmaceutick\u00fdmi \u010dinnos\u0165ami (v\u00fdskum, v\u00fdroba, kontrola, distrib\u00facia lie\u010div a lie\u010div\u00fdch pr\u00edpravkov), vo farmaceutick\u00fdch firm\u00e1ch. Absolvent je pripraven\u00fd vykon\u00e1va\u0165 z\u00e1kladn\u00e9 odborn\u00e9 pr\u00e1ce spojen\u00e9 s\u00a0 v\u00fdrobou, kontrolou, distrib\u00faciou a expedovan\u00edm liekov a ostatn\u00e9ho zdravotn\u00edckeho materi\u00e1lu, podie\u013ea\u0165 sa na prim\u00e1rnej, sekund\u00e1rnej a terci\u00e1rnej prevencii, vykon\u00e1va\u0165 ekonomick\u00e9, administrat\u00edvne pr\u00e1ce v\u00a0lek\u00e1rni a poskytova\u0165 odborn\u00fa prv\u00fa pomoc.<\/p>\n\n\n\n<p><strong>Podmienky prijatia:<\/strong><br>Do prv\u00e9ho ro\u010dn\u00edka denn\u00e9ho \u0161t\u00fadia m\u00f4\u017eu by\u0165 prijat\u00ed absolventi z\u00e1kladnej \u0161koly, ktor\u00ed splnili podmienky prij\u00edmacieho konania. Profilov\u00e9 predmety na prij\u00edmacie sk\u00fa\u0161ky: slovensk\u00fd jazyk a literat\u00fara \u2013 ch\u00e9mia.<br>Do \u0161tudijn\u00e9ho odboru farmaceutick\u00fd laborant m\u00f4\u017eu by\u0165 prijat\u00ed \u017eiaci, ktor\u00ed sp\u013a\u0148aj\u00fa zdravotn\u00e9 krit\u00e9ri\u00e1 na pr\u00e1cu v odbore, vr\u00e1tane krit\u00e9ri\u00ed pre pracovn\u00edkov vykon\u00e1vaj\u00facich epidemiologicky z\u00e1va\u017en\u00fa \u010dinnos\u0165. Vyjadrenie lek\u00e1ra o zdravotnom stave \u017eiaka mus\u00ed by\u0165 pripojen\u00e9.<\/p>\n\n\n\n<p><strong>Po\u017eiadavky zdravotnej sp\u00f4sobilosti \u00a0na uch\u00e1dza\u010da:<\/strong><br>Do stredn\u00fdch zdravotn\u00edckych \u0161k\u00f4l m\u00f4\u017eu by\u0165 prijat\u00ed uch\u00e1dza\u010di, ktor\u00fdch zdravotn\u00fd stav pos\u00fadil a na prihl\u00e1\u0161ke potvrdil v\u0161eobecn\u00fd lek\u00e1r pre deti a\u00a0dorast alebo\u00a0 v\u0161eobecn\u00fd lek\u00e1r pre dospel\u00fdch. Do \u0161tudijn\u00e9ho odboru farmaceutick\u00fd laborant m\u00f4\u017eu by\u0165\u00a0 prijat\u00ed \u017eiaci, ktor\u00ed sp\u013a\u0148aj\u00fa zdravotn\u00e9 krit\u00e9ri\u00e1 na pr\u00e1cu v odbore, vr\u00e1tane krit\u00e9ri\u00ed pre pracovn\u00edkov vykon\u00e1vaj\u00facich\u00a0 epidemiologicky z\u00e1va\u017en\u00fa \u010dinnos\u0165 a\u00a0pod\u013ea legislat\u00edvnych predpisov MZ SR.<br>Do \u00a0\u0161tudijn\u00e9ho odboru farmaceutick\u00fd laborant nem\u00f4\u017eu by\u0165 prijat\u00ed uch\u00e1dza\u010di, ktor\u00ed maj\u00fa ment\u00e1lne, zmyslov\u00e9 alebo telesn\u00e9 postihnutie, zdravotn\u00e9 oslabenie alebo ochorenie, maj\u00fa naru\u0161en\u00fa komunika\u010dn\u00fa schopnos\u0165, \u0161pecifick\u00e9 poruchy u\u010denia alebo spr\u00e1vania sa, autistick\u00fd syndr\u00f3m, poruchy psychick\u00e9ho v\u00fdvinu.<\/p>\n","protected":false},"excerpt":{"rendered":"<p>Farmaceutick\u00fd laborant je zdravotn\u00edcky pracovn\u00edk, ktor\u00fd sa uplatn\u00ed najm\u00e4 vo verejn\u00fdch a\u00a0nemocni\u010dn\u00fdch lek\u00e1r\u0148ach, v\u00fddajniach zdravotn\u00edckych pom\u00f4cok,\u00a0 vo farmaceutickom priemysle, v distribu\u010dn\u00fdch farmaceutick\u00fdch firm\u00e1ch, v laborat\u00f3ri\u00e1ch pre kontrolu lie\u010div a\u00a0\u010fal\u0161\u00edch zdravotn\u00edckych zariadeniach. Ovl\u00e1da pr\u00e1cu s po\u010d\u00edta\u010dom a z\u00e1klady mana\u017ementu nevyhnutn\u00e9 pre predaj zdravotn\u00edckeho materi\u00e1lu a pom\u00f4cok. \u0160kola m\u00e1 \u0161pecializovan\u00e9 laborat\u00f3ri\u00e1 na vyu\u010dovanie odborn\u00fdch predmetov, ktor\u00e9 s\u00fa &hellip;<br \/><a href=\"https:\/\/moyzeska.sk\/index.php\/farmaceuticky-laborant-fl\/\" class=\"more-link pen_button pen_element_default pen_icon_arrow_double\">Zobrazi\u0165<\/a><\/p>\n","protected":false},"author":1,"featured_media":651,"parent":0,"menu_order":0,"comment_status":"closed","ping_status":"closed","template":"","meta":{"_monsterinsights_skip_tracking":false,"_monsterinsights_sitenote_active":false,"_monsterinsights_sitenote_note":"","_monsterinsights_sitenote_category":0},"yoast_head":"<!-- This site is optimized with the Yoast SEO plugin v21.8.1 - https:\/\/yoast.com\/wordpress\/plugins\/seo\/ -->\n<title>Farmaceutick\u00fd laborant (FL) - Stredn\u00e1 zdravotn\u00edcka \u0161kola, Moyzesova 17, Ko\u0161ice<\/title>\n<meta name=\"robots\" content=\"index, follow, max-snippet:-1, max-image-preview:large, max-video-preview:-1\" \/>\n<link rel=\"canonical\" href=\"https:\/\/moyzeska.sk\/index.php\/farmaceuticky-laborant-fl\/\" \/>\n<meta property=\"og:locale\" content=\"sk_SK\" \/>\n<meta property=\"og:type\" content=\"article\" \/>\n<meta property=\"og:title\" content=\"Farmaceutick\u00fd laborant (FL) - Stredn\u00e1 zdravotn\u00edcka \u0161kola, Moyzesova 17, Ko\u0161ice\" \/>\n<meta property=\"og:description\" content=\"Farmaceutick\u00fd laborant je zdravotn\u00edcky pracovn\u00edk, ktor\u00fd sa uplatn\u00ed najm\u00e4 vo verejn\u00fdch a\u00a0nemocni\u010dn\u00fdch lek\u00e1r\u0148ach, v\u00fddajniach zdravotn\u00edckych pom\u00f4cok,\u00a0 vo farmaceutickom priemysle, v distribu\u010dn\u00fdch farmaceutick\u00fdch firm\u00e1ch, v laborat\u00f3ri\u00e1ch pre kontrolu lie\u010div a\u00a0\u010fal\u0161\u00edch zdravotn\u00edckych zariadeniach. Ovl\u00e1da pr\u00e1cu s po\u010d\u00edta\u010dom a z\u00e1klady mana\u017ementu nevyhnutn\u00e9 pre predaj zdravotn\u00edckeho materi\u00e1lu a pom\u00f4cok. \u0160kola m\u00e1 \u0161pecializovan\u00e9 laborat\u00f3ri\u00e1 na vyu\u010dovanie odborn\u00fdch predmetov, ktor\u00e9 s\u00fa &hellip;Zobrazi\u0165\" \/>\n<meta property=\"og:url\" content=\"https:\/\/moyzeska.sk\/index.php\/farmaceuticky-laborant-fl\/\" \/>\n<meta property=\"og:site_name\" content=\"Stredn\u00e1 zdravotn\u00edcka \u0161kola, Moyzesova 17, Ko\u0161ice\" \/>\n<meta property=\"article:publisher\" content=\"https:\/\/www.facebook.com\/Moyzeska\" \/>\n<meta property=\"article:modified_time\" content=\"2021-02-01T09:24:14+00:00\" \/>\n<meta property=\"og:image\" content=\"https:\/\/moyzeska.sk\/wp-content\/uploads\/2020\/10\/FL-web.jpg\" \/>\n\t<meta property=\"og:image:width\" content=\"140\" \/>\n\t<meta property=\"og:image:height\" content=\"160\" \/>\n\t<meta property=\"og:image:type\" content=\"image\/jpeg\" \/>\n<meta name=\"twitter:card\" content=\"summary_large_image\" \/>\n<meta name=\"twitter:label1\" content=\"Predpokladan\u00fd \u010das \u010d\u00edtania\" \/>\n\t<meta name=\"twitter:data1\" content=\"2 min\u00faty\" \/>\n<script type=\"application\/ld+json\" class=\"yoast-schema-graph\">{\"@context\":\"https:\/\/schema.org\",\"@graph\":[{\"@type\":\"WebPage\",\"@id\":\"https:\/\/moyzeska.sk\/index.php\/farmaceuticky-laborant-fl\/\",\"url\":\"https:\/\/moyzeska.sk\/index.php\/farmaceuticky-laborant-fl\/\",\"name\":\"Farmaceutick\u00fd laborant (FL) - Stredn\u00e1 zdravotn\u00edcka \u0161kola, Moyzesova 17, Ko\u0161ice\",\"isPartOf\":{\"@id\":\"https:\/\/moyzeska.sk\/#website\"},\"datePublished\":\"2020-09-30T19:20:32+00:00\",\"dateModified\":\"2021-02-01T09:24:14+00:00\",\"breadcrumb\":{\"@id\":\"https:\/\/moyzeska.sk\/index.php\/farmaceuticky-laborant-fl\/#breadcrumb\"},\"inLanguage\":\"sk-SK\",\"potentialAction\":[{\"@type\":\"ReadAction\",\"target\":[\"https:\/\/moyzeska.sk\/index.php\/farmaceuticky-laborant-fl\/\"]}]},{\"@type\":\"BreadcrumbList\",\"@id\":\"https:\/\/moyzeska.sk\/index.php\/farmaceuticky-laborant-fl\/#breadcrumb\",\"itemListElement\":[{\"@type\":\"ListItem\",\"position\":1,\"name\":\"Home\",\"item\":\"https:\/\/moyzeska.sk\/\"},{\"@type\":\"ListItem\",\"position\":2,\"name\":\"Farmaceutick\u00fd laborant (FL)\"}]},{\"@type\":\"WebSite\",\"@id\":\"https:\/\/moyzeska.sk\/#website\",\"url\":\"https:\/\/moyzeska.sk\/\",\"name\":\"Stredn\u00e1 zdravotn\u00edcka \u0161kola, Moyzesova 17, Ko\u0161ice\",\"description\":\"\",\"publisher\":{\"@id\":\"https:\/\/moyzeska.sk\/#organization\"},\"potentialAction\":[{\"@type\":\"SearchAction\",\"target\":{\"@type\":\"EntryPoint\",\"urlTemplate\":\"https:\/\/moyzeska.sk\/?s={search_term_string}\"},\"query-input\":\"required name=search_term_string\"}],\"inLanguage\":\"sk-SK\"},{\"@type\":\"Organization\",\"@id\":\"https:\/\/moyzeska.sk\/#organization\",\"name\":\"Stredn\u00e1 zdravotn\u00edcka \u0161kola, Moyzesova 17, Ko\u0161ice\",\"url\":\"https:\/\/moyzeska.sk\/\",\"logo\":{\"@type\":\"ImageObject\",\"inLanguage\":\"sk-SK\",\"@id\":\"https:\/\/moyzeska.sk\/#\/schema\/logo\/image\/\",\"url\":\"https:\/\/moyzeska.sk\/wp-content\/uploads\/2020\/09\/SZS-logo.png\",\"contentUrl\":\"https:\/\/moyzeska.sk\/wp-content\/uploads\/2020\/09\/SZS-logo.png\",\"width\":300,\"height\":300,\"caption\":\"Stredn\u00e1 zdravotn\u00edcka \u0161kola, Moyzesova 17, Ko\u0161ice\"},\"image\":{\"@id\":\"https:\/\/moyzeska.sk\/#\/schema\/logo\/image\/\"},\"sameAs\":[\"https:\/\/www.facebook.com\/Moyzeska\",\"https:\/\/www.instagram.com\/moyzeska\/\"]}]}<\/script>\n<!-- \/ Yoast SEO plugin. -->","yoast_head_json":{"title":"Farmaceutick\u00fd laborant (FL) - Stredn\u00e1 zdravotn\u00edcka \u0161kola, Moyzesova 17, Ko\u0161ice","robots":{"index":"index","follow":"follow","max-snippet":"max-snippet:-1","max-image-preview":"max-image-preview:large","max-video-preview":"max-video-preview:-1"},"canonical":"https:\/\/moyzeska.sk\/index.php\/farmaceuticky-laborant-fl\/","og_locale":"sk_SK","og_type":"article","og_title":"Farmaceutick\u00fd laborant (FL) - Stredn\u00e1 zdravotn\u00edcka \u0161kola, Moyzesova 17, Ko\u0161ice","og_description":"Farmaceutick\u00fd laborant je zdravotn\u00edcky pracovn\u00edk, ktor\u00fd sa uplatn\u00ed najm\u00e4 vo verejn\u00fdch a\u00a0nemocni\u010dn\u00fdch lek\u00e1r\u0148ach, v\u00fddajniach zdravotn\u00edckych pom\u00f4cok,\u00a0 vo farmaceutickom priemysle, v distribu\u010dn\u00fdch farmaceutick\u00fdch firm\u00e1ch, v laborat\u00f3ri\u00e1ch pre kontrolu lie\u010div a\u00a0\u010fal\u0161\u00edch zdravotn\u00edckych zariadeniach. Ovl\u00e1da pr\u00e1cu s po\u010d\u00edta\u010dom a z\u00e1klady mana\u017ementu nevyhnutn\u00e9 pre predaj zdravotn\u00edckeho materi\u00e1lu a pom\u00f4cok. \u0160kola m\u00e1 \u0161pecializovan\u00e9 laborat\u00f3ri\u00e1 na vyu\u010dovanie odborn\u00fdch predmetov, ktor\u00e9 s\u00fa &hellip;Zobrazi\u0165","og_url":"https:\/\/moyzeska.sk\/index.php\/farmaceuticky-laborant-fl\/","og_site_name":"Stredn\u00e1 zdravotn\u00edcka \u0161kola, Moyzesova 17, Ko\u0161ice","article_publisher":"https:\/\/www.facebook.com\/Moyzeska","article_modified_time":"2021-02-01T09:24:14+00:00","og_image":[{"width":140,"height":160,"url":"https:\/\/moyzeska.sk\/wp-content\/uploads\/2020\/10\/FL-web.jpg","type":"image\/jpeg"}],"twitter_card":"summary_large_image","twitter_misc":{"Predpokladan\u00fd \u010das \u010d\u00edtania":"2 min\u00faty"},"schema":{"@context":"https:\/\/schema.org","@graph":[{"@type":"WebPage","@id":"https:\/\/moyzeska.sk\/index.php\/farmaceuticky-laborant-fl\/","url":"https:\/\/moyzeska.sk\/index.php\/farmaceuticky-laborant-fl\/","name":"Farmaceutick\u00fd laborant (FL) - Stredn\u00e1 zdravotn\u00edcka \u0161kola, Moyzesova 17, Ko\u0161ice","isPartOf":{"@id":"https:\/\/moyzeska.sk\/#website"},"datePublished":"2020-09-30T19:20:32+00:00","dateModified":"2021-02-01T09:24:14+00:00","breadcrumb":{"@id":"https:\/\/moyzeska.sk\/index.php\/farmaceuticky-laborant-fl\/#breadcrumb"},"inLanguage":"sk-SK","potentialAction":[{"@type":"ReadAction","target":["https:\/\/moyzeska.sk\/index.php\/farmaceuticky-laborant-fl\/"]}]},{"@type":"BreadcrumbList","@id":"https:\/\/moyzeska.sk\/index.php\/farmaceuticky-laborant-fl\/#breadcrumb","itemListElement":[{"@type":"ListItem","position":1,"name":"Home","item":"https:\/\/moyzeska.sk\/"},{"@type":"ListItem","position":2,"name":"Farmaceutick\u00fd laborant (FL)"}]},{"@type":"WebSite","@id":"https:\/\/moyzeska.sk\/#website","url":"https:\/\/moyzeska.sk\/","name":"Stredn\u00e1 zdravotn\u00edcka \u0161kola, Moyzesova 17, Ko\u0161ice","description":"","publisher":{"@id":"https:\/\/moyzeska.sk\/#organization"},"potentialAction":[{"@type":"SearchAction","target":{"@type":"EntryPoint","urlTemplate":"https:\/\/moyzeska.sk\/?s={search_term_string}"},"query-input":"required name=search_term_string"}],"inLanguage":"sk-SK"},{"@type":"Organization","@id":"https:\/\/moyzeska.sk\/#organization","name":"Stredn\u00e1 zdravotn\u00edcka \u0161kola, Moyzesova 17, Ko\u0161ice","url":"https:\/\/moyzeska.sk\/","logo":{"@type":"ImageObject","inLanguage":"sk-SK","@id":"https:\/\/moyzeska.sk\/#\/schema\/logo\/image\/","url":"https:\/\/moyzeska.sk\/wp-content\/uploads\/2020\/09\/SZS-logo.png","contentUrl":"https:\/\/moyzeska.sk\/wp-content\/uploads\/2020\/09\/SZS-logo.png","width":300,"height":300,"caption":"Stredn\u00e1 zdravotn\u00edcka \u0161kola, Moyzesova 17, Ko\u0161ice"},"image":{"@id":"https:\/\/moyzeska.sk\/#\/schema\/logo\/image\/"},"sameAs":["https:\/\/www.facebook.com\/Moyzeska","https:\/\/www.instagram.com\/moyzeska\/"]}]}},"_links":{"self":[{"href":"https:\/\/moyzeska.sk\/index.php\/wp-json\/wp\/v2\/pages\/275"}],"collection":[{"href":"https:\/\/moyzeska.sk\/index.php\/wp-json\/wp\/v2\/pages"}],"about":[{"href":"https:\/\/moyzeska.sk\/index.php\/wp-json\/wp\/v2\/types\/page"}],"author":[{"embeddable":true,"href":"https:\/\/moyzeska.sk\/index.php\/wp-json\/wp\/v2\/users\/1"}],"replies":[{"embeddable":true,"href":"https:\/\/moyzeska.sk\/index.php\/wp-json\/wp\/v2\/comments?post=275"}],"version-history":[{"count":5,"href":"https:\/\/moyzeska.sk\/index.php\/wp-json\/wp\/v2\/pages\/275\/revisions"}],"predecessor-version":[{"id":1982,"href":"https:\/\/moyzeska.sk\/index.php\/wp-json\/wp\/v2\/pages\/275\/revisions\/1982"}],"wp:featuredmedia":[{"embeddable":true,"href":"https:\/\/moyzeska.sk\/index.php\/wp-json\/wp\/v2\/media\/651"}],"wp:attachment":[{"href":"https:\/\/moyzeska.sk\/index.php\/wp-json\/wp\/v2\/media?parent=275"}],"curies":[{"name":"wp","href":"https:\/\/api.w.org\/{rel}","templated":true}]}}