{"id":274,"date":"2020-09-30T21:20:32","date_gmt":"2020-09-30T19:20:32","guid":{"rendered":"http:\/\/moyzeska.sk\/?page_id=274"},"modified":"2021-02-01T10:38:19","modified_gmt":"2021-02-01T09:38:19","slug":"ocny-optik-oo","status":"publish","type":"page","link":"https:\/\/moyzeska.sk\/index.php\/ocny-optik-oo\/","title":{"rendered":"O\u010dn\u00fd optik (OO)"},"content":{"rendered":"\n<p>\u0160tudijn\u00fd odbor o\u010dn\u00fd optik m\u00e1me aktivovan\u00fd ako jedna z dvoch \u0161k\u00f4l v SR. \u0160t\u00fadium je zameran\u00e9 na oblas\u0165 zru\u010dnost\u00ed v zhotovovan\u00ed, upravovan\u00ed a opravovan\u00ed korek\u010dn\u00fdch okuliarov a optick\u00fdch pom\u00f4cok pod\u013ea lek\u00e1rskeho predpisu, alebo po zmeran\u00ed potrebn\u00fdch parametrov. V tomto odbore je o\u010dn\u00fd optik pripraven\u00fd vykon\u00e1va\u0165 pr\u00e1cu nadv\u00e4zuj\u00facu na zdravotn\u00fa starostlivos\u0165 na pracovisk\u00e1ch o\u010dnej optiky. Vie poradi\u0165 pri spr\u00e1vnom v\u00fdbere okuliarov\u00e9ho r\u00e1mu po str\u00e1nke anatomickej v s\u00falade s m\u00f3dnymi trendmi, odporu\u010di\u0165 vhodn\u00e9 okuliarov\u00e9 \u0161o\u0161ovky a ich povrchov\u00fa \u00fapravu vo vz\u0165ahu na dan\u00fa korekciu. Rob\u00ed pr\u00e1cu, ktor\u00e1 nie je v\u0161edn\u00e1 a je v kontakte s \u013eu\u010fmi.<br>Pre v\u00fdkon svojho povolania mus\u00ed ma\u0165 preh\u013ead o organiz\u00e1cii, riaden\u00ed, ekonomike a mana\u017emente v zdravotn\u00edctve a o\u010dnej optike. Potrebuje vedie\u0165 komunikova\u0165 a zvl\u00e1dnu\u0165 psychol\u00f3giu \u010dloveka osobitne ovplyv\u0148ovanie psychiky \u010dloveka s poruchou zraku. Ve\u013ek\u00fd v\u00fdznam m\u00e1 aj znalos\u0165 cudzieho a latinsk\u00e9ho jazyka. Z h\u013eadiska praxe z\u00edskava zru\u010dnosti v zhotovovan\u00ed v\u0161etk\u00fdch druhov okuliarov, optick\u00fdch pom\u00f4cok,&nbsp; merania potrebn\u00fdch parametrov pre zhotovovanie okuliarov<\/p>\n\n\n\n<p><strong>Ukon\u010denie \u0161t\u00fadia:<\/strong> \u0160t\u00fadium sa kon\u010d\u00ed maturitnou sk\u00fa\u0161kou.<\/p>\n\n\n\n<p><strong>Uplatnenie:<\/strong><br>Absolvent \u0161tudijn\u00e9ho odboru o\u010dn\u00fd optik m\u00f4\u017ee samostatne vykon\u00e1va\u0165 tieto \u010dinnosti: zhotovova\u0165, upravova\u0165 a\u00a0opravova\u0165 korek\u010dn\u00e9 okuliare a\u00a0ostatn\u00e9 optick\u00e9 korek\u010dn\u00e9 pom\u00f4cky a\u00a0administrat\u00edvne \u010dinnosti v\u00a0o\u010dn\u00fdch optik\u00e1ch a zdravotn\u00edckych zariadeniach a z\u00e1rove\u0148 spolupracuje s o\u010dn\u00fdm lek\u00e1rom a optometristom.<br>Absolvent sa uplatn\u00ed v\u00a0o\u010dn\u00fdch optik\u00e1ch poskytovan\u00edm slu\u017eby nadv\u00e4zuj\u00facej na zdravotn\u00fa starostlivos\u0165, pr\u00edpadne sa uplatn\u00ed vo firm\u00e1ch zameran\u00fdch na v\u00fdrobu a distrib\u00faciu optick\u00e9ho tovaru.<\/p>\n\n\n\n<p><strong>Podmienky prijatia:<\/strong><br>Do prv\u00e9ho ro\u010dn\u00edka denn\u00e9ho \u0161t\u00fadia m\u00f4\u017eu by\u0165 prijat\u00ed absolventi z\u00e1kladnej \u0161koly, ktor\u00ed splnili podmienky prij\u00edmacieho konania. Profilov\u00e9 predmety na prij\u00edmacie sk\u00fa\u0161ky: &#8211; slovensk\u00fd jazyk a literat\u00fara &#8211; biol\u00f3gia (pr\u00edrodopis).<br>Do \u0161tudijn\u00e9ho odboru o\u010dn\u00fd optik m\u00f4\u017eu by\u0165 prijat\u00ed \u017eiaci, ktor\u00ed sp\u013a\u0148aj\u00fa zdravotn\u00e9 krit\u00e9ri\u00e1 na pr\u00e1cu v odbore, vr\u00e1tane krit\u00e9ri\u00ed pre pracovn\u00edkov vykon\u00e1vaj\u00facich epidemiologicky z\u00e1va\u017en\u00fa \u010dinnos\u0165. Vyjadrenie lek\u00e1ra o zdravotnom stave \u017eiaka mus\u00ed by\u0165 pripojen\u00e9.<\/p>\n\n\n\n<p><strong>Po\u017eiadavky zdravotnej sp\u00f4sobilosti \u00a0na uch\u00e1dza\u010da:<\/strong><br>Do stredn\u00fdch zdravotn\u00edckych \u0161k\u00f4l m\u00f4\u017eu by\u0165 prijat\u00ed uch\u00e1dza\u010di, ktor\u00fdch zdravotn\u00fd stav pos\u00fadil a na prihl\u00e1\u0161ke potvrdil v\u0161eobecn\u00fd lek\u00e1r pre deti a\u00a0dorast alebo\u00a0 v\u0161eobecn\u00fd lek\u00e1r pre dospel\u00fdch. Do \u0161tudijn\u00e9ho odboru o\u010dn\u00fd optik m\u00f4\u017eu by\u0165\u00a0 prijat\u00ed \u017eiaci, ktor\u00ed sp\u013a\u0148aj\u00fa zdravotn\u00e9 krit\u00e9ri\u00e1 na pr\u00e1cu v odbore, vr\u00e1tane krit\u00e9ri\u00ed pre pracovn\u00edkov vykon\u00e1vaj\u00facich\u00a0 epidemiologicky z\u00e1va\u017en\u00fa \u010dinnos\u0165 a\u00a0pod\u013ea legislat\u00edvnych predpisov MZ SR.<br>Do \u00a0\u0161tudijn\u00e9ho odboru o\u010dn\u00fd optik nem\u00f4\u017eu by\u0165 prijat\u00ed uch\u00e1dza\u010di, ktor\u00ed maj\u00fa ment\u00e1lne, zmyslov\u00e9 alebo telesn\u00e9 postihnutie, zdravotn\u00e9 oslabenie alebo ochorenie, maj\u00fa naru\u0161en\u00fa komunika\u010dn\u00fa schopnos\u0165, \u0161pecifick\u00e9 poruchy u\u010denia alebo spr\u00e1vania sa, autistick\u00fd syndr\u00f3m, poruchy psychick\u00e9ho v\u00fdvinu.<\/p>\n","protected":false},"excerpt":{"rendered":"<p>\u0160tudijn\u00fd odbor o\u010dn\u00fd optik m\u00e1me aktivovan\u00fd ako jedna z dvoch \u0161k\u00f4l v SR. \u0160t\u00fadium je zameran\u00e9 na oblas\u0165 zru\u010dnost\u00ed v zhotovovan\u00ed, upravovan\u00ed a opravovan\u00ed korek\u010dn\u00fdch okuliarov a optick\u00fdch pom\u00f4cok pod\u013ea lek\u00e1rskeho predpisu, alebo po zmeran\u00ed potrebn\u00fdch parametrov. V tomto odbore je o\u010dn\u00fd optik pripraven\u00fd vykon\u00e1va\u0165 pr\u00e1cu nadv\u00e4zuj\u00facu na zdravotn\u00fa starostlivos\u0165 na pracovisk\u00e1ch o\u010dnej optiky. Vie &hellip;<br \/><a href=\"https:\/\/moyzeska.sk\/index.php\/ocny-optik-oo\/\" class=\"more-link pen_button pen_element_default pen_icon_arrow_double\">Zobrazi\u0165<\/a><\/p>\n","protected":false},"author":1,"featured_media":654,"parent":0,"menu_order":0,"comment_status":"closed","ping_status":"closed","template":"","meta":{"_monsterinsights_skip_tracking":false,"_monsterinsights_sitenote_active":false,"_monsterinsights_sitenote_note":"","_monsterinsights_sitenote_category":0},"yoast_head":"<!-- This site is optimized with the Yoast SEO plugin v21.8.1 - https:\/\/yoast.com\/wordpress\/plugins\/seo\/ -->\n<title>O\u010dn\u00fd optik (OO) - Stredn\u00e1 zdravotn\u00edcka \u0161kola, Moyzesova 17, Ko\u0161ice<\/title>\n<meta name=\"robots\" content=\"index, follow, max-snippet:-1, max-image-preview:large, max-video-preview:-1\" \/>\n<link rel=\"canonical\" href=\"https:\/\/moyzeska.sk\/index.php\/ocny-optik-oo\/\" \/>\n<meta property=\"og:locale\" content=\"sk_SK\" \/>\n<meta property=\"og:type\" content=\"article\" \/>\n<meta property=\"og:title\" content=\"O\u010dn\u00fd optik (OO) - Stredn\u00e1 zdravotn\u00edcka \u0161kola, Moyzesova 17, Ko\u0161ice\" \/>\n<meta property=\"og:description\" content=\"\u0160tudijn\u00fd odbor o\u010dn\u00fd optik m\u00e1me aktivovan\u00fd ako jedna z dvoch \u0161k\u00f4l v SR. \u0160t\u00fadium je zameran\u00e9 na oblas\u0165 zru\u010dnost\u00ed v zhotovovan\u00ed, upravovan\u00ed a opravovan\u00ed korek\u010dn\u00fdch okuliarov a optick\u00fdch pom\u00f4cok pod\u013ea lek\u00e1rskeho predpisu, alebo po zmeran\u00ed potrebn\u00fdch parametrov. V tomto odbore je o\u010dn\u00fd optik pripraven\u00fd vykon\u00e1va\u0165 pr\u00e1cu nadv\u00e4zuj\u00facu na zdravotn\u00fa starostlivos\u0165 na pracovisk\u00e1ch o\u010dnej optiky. Vie &hellip;Zobrazi\u0165\" \/>\n<meta property=\"og:url\" content=\"https:\/\/moyzeska.sk\/index.php\/ocny-optik-oo\/\" \/>\n<meta property=\"og:site_name\" content=\"Stredn\u00e1 zdravotn\u00edcka \u0161kola, Moyzesova 17, Ko\u0161ice\" \/>\n<meta property=\"article:publisher\" content=\"https:\/\/www.facebook.com\/Moyzeska\" \/>\n<meta property=\"article:modified_time\" content=\"2021-02-01T09:38:19+00:00\" \/>\n<meta property=\"og:image\" content=\"https:\/\/moyzeska.sk\/wp-content\/uploads\/2020\/10\/OO-web.jpg\" \/>\n\t<meta property=\"og:image:width\" content=\"140\" \/>\n\t<meta property=\"og:image:height\" content=\"160\" \/>\n\t<meta property=\"og:image:type\" content=\"image\/jpeg\" \/>\n<meta name=\"twitter:card\" content=\"summary_large_image\" \/>\n<meta name=\"twitter:label1\" content=\"Predpokladan\u00fd \u010das \u010d\u00edtania\" \/>\n\t<meta name=\"twitter:data1\" content=\"3 min\u00faty\" \/>\n<script type=\"application\/ld+json\" class=\"yoast-schema-graph\">{\"@context\":\"https:\/\/schema.org\",\"@graph\":[{\"@type\":\"WebPage\",\"@id\":\"https:\/\/moyzeska.sk\/index.php\/ocny-optik-oo\/\",\"url\":\"https:\/\/moyzeska.sk\/index.php\/ocny-optik-oo\/\",\"name\":\"O\u010dn\u00fd optik (OO) - Stredn\u00e1 zdravotn\u00edcka \u0161kola, Moyzesova 17, Ko\u0161ice\",\"isPartOf\":{\"@id\":\"https:\/\/moyzeska.sk\/#website\"},\"datePublished\":\"2020-09-30T19:20:32+00:00\",\"dateModified\":\"2021-02-01T09:38:19+00:00\",\"breadcrumb\":{\"@id\":\"https:\/\/moyzeska.sk\/index.php\/ocny-optik-oo\/#breadcrumb\"},\"inLanguage\":\"sk-SK\",\"potentialAction\":[{\"@type\":\"ReadAction\",\"target\":[\"https:\/\/moyzeska.sk\/index.php\/ocny-optik-oo\/\"]}]},{\"@type\":\"BreadcrumbList\",\"@id\":\"https:\/\/moyzeska.sk\/index.php\/ocny-optik-oo\/#breadcrumb\",\"itemListElement\":[{\"@type\":\"ListItem\",\"position\":1,\"name\":\"Home\",\"item\":\"https:\/\/moyzeska.sk\/\"},{\"@type\":\"ListItem\",\"position\":2,\"name\":\"O\u010dn\u00fd optik (OO)\"}]},{\"@type\":\"WebSite\",\"@id\":\"https:\/\/moyzeska.sk\/#website\",\"url\":\"https:\/\/moyzeska.sk\/\",\"name\":\"Stredn\u00e1 zdravotn\u00edcka \u0161kola, Moyzesova 17, Ko\u0161ice\",\"description\":\"\",\"publisher\":{\"@id\":\"https:\/\/moyzeska.sk\/#organization\"},\"potentialAction\":[{\"@type\":\"SearchAction\",\"target\":{\"@type\":\"EntryPoint\",\"urlTemplate\":\"https:\/\/moyzeska.sk\/?s={search_term_string}\"},\"query-input\":\"required name=search_term_string\"}],\"inLanguage\":\"sk-SK\"},{\"@type\":\"Organization\",\"@id\":\"https:\/\/moyzeska.sk\/#organization\",\"name\":\"Stredn\u00e1 zdravotn\u00edcka \u0161kola, Moyzesova 17, Ko\u0161ice\",\"url\":\"https:\/\/moyzeska.sk\/\",\"logo\":{\"@type\":\"ImageObject\",\"inLanguage\":\"sk-SK\",\"@id\":\"https:\/\/moyzeska.sk\/#\/schema\/logo\/image\/\",\"url\":\"https:\/\/moyzeska.sk\/wp-content\/uploads\/2020\/09\/SZS-logo.png\",\"contentUrl\":\"https:\/\/moyzeska.sk\/wp-content\/uploads\/2020\/09\/SZS-logo.png\",\"width\":300,\"height\":300,\"caption\":\"Stredn\u00e1 zdravotn\u00edcka \u0161kola, Moyzesova 17, Ko\u0161ice\"},\"image\":{\"@id\":\"https:\/\/moyzeska.sk\/#\/schema\/logo\/image\/\"},\"sameAs\":[\"https:\/\/www.facebook.com\/Moyzeska\",\"https:\/\/www.instagram.com\/moyzeska\/\"]}]}<\/script>\n<!-- \/ Yoast SEO plugin. -->","yoast_head_json":{"title":"O\u010dn\u00fd optik (OO) - Stredn\u00e1 zdravotn\u00edcka \u0161kola, Moyzesova 17, Ko\u0161ice","robots":{"index":"index","follow":"follow","max-snippet":"max-snippet:-1","max-image-preview":"max-image-preview:large","max-video-preview":"max-video-preview:-1"},"canonical":"https:\/\/moyzeska.sk\/index.php\/ocny-optik-oo\/","og_locale":"sk_SK","og_type":"article","og_title":"O\u010dn\u00fd optik (OO) - Stredn\u00e1 zdravotn\u00edcka \u0161kola, Moyzesova 17, Ko\u0161ice","og_description":"\u0160tudijn\u00fd odbor o\u010dn\u00fd optik m\u00e1me aktivovan\u00fd ako jedna z dvoch \u0161k\u00f4l v SR. \u0160t\u00fadium je zameran\u00e9 na oblas\u0165 zru\u010dnost\u00ed v zhotovovan\u00ed, upravovan\u00ed a opravovan\u00ed korek\u010dn\u00fdch okuliarov a optick\u00fdch pom\u00f4cok pod\u013ea lek\u00e1rskeho predpisu, alebo po zmeran\u00ed potrebn\u00fdch parametrov. V tomto odbore je o\u010dn\u00fd optik pripraven\u00fd vykon\u00e1va\u0165 pr\u00e1cu nadv\u00e4zuj\u00facu na zdravotn\u00fa starostlivos\u0165 na pracovisk\u00e1ch o\u010dnej optiky. Vie &hellip;Zobrazi\u0165","og_url":"https:\/\/moyzeska.sk\/index.php\/ocny-optik-oo\/","og_site_name":"Stredn\u00e1 zdravotn\u00edcka \u0161kola, Moyzesova 17, Ko\u0161ice","article_publisher":"https:\/\/www.facebook.com\/Moyzeska","article_modified_time":"2021-02-01T09:38:19+00:00","og_image":[{"width":140,"height":160,"url":"https:\/\/moyzeska.sk\/wp-content\/uploads\/2020\/10\/OO-web.jpg","type":"image\/jpeg"}],"twitter_card":"summary_large_image","twitter_misc":{"Predpokladan\u00fd \u010das \u010d\u00edtania":"3 min\u00faty"},"schema":{"@context":"https:\/\/schema.org","@graph":[{"@type":"WebPage","@id":"https:\/\/moyzeska.sk\/index.php\/ocny-optik-oo\/","url":"https:\/\/moyzeska.sk\/index.php\/ocny-optik-oo\/","name":"O\u010dn\u00fd optik (OO) - Stredn\u00e1 zdravotn\u00edcka \u0161kola, Moyzesova 17, Ko\u0161ice","isPartOf":{"@id":"https:\/\/moyzeska.sk\/#website"},"datePublished":"2020-09-30T19:20:32+00:00","dateModified":"2021-02-01T09:38:19+00:00","breadcrumb":{"@id":"https:\/\/moyzeska.sk\/index.php\/ocny-optik-oo\/#breadcrumb"},"inLanguage":"sk-SK","potentialAction":[{"@type":"ReadAction","target":["https:\/\/moyzeska.sk\/index.php\/ocny-optik-oo\/"]}]},{"@type":"BreadcrumbList","@id":"https:\/\/moyzeska.sk\/index.php\/ocny-optik-oo\/#breadcrumb","itemListElement":[{"@type":"ListItem","position":1,"name":"Home","item":"https:\/\/moyzeska.sk\/"},{"@type":"ListItem","position":2,"name":"O\u010dn\u00fd optik (OO)"}]},{"@type":"WebSite","@id":"https:\/\/moyzeska.sk\/#website","url":"https:\/\/moyzeska.sk\/","name":"Stredn\u00e1 zdravotn\u00edcka \u0161kola, Moyzesova 17, Ko\u0161ice","description":"","publisher":{"@id":"https:\/\/moyzeska.sk\/#organization"},"potentialAction":[{"@type":"SearchAction","target":{"@type":"EntryPoint","urlTemplate":"https:\/\/moyzeska.sk\/?s={search_term_string}"},"query-input":"required name=search_term_string"}],"inLanguage":"sk-SK"},{"@type":"Organization","@id":"https:\/\/moyzeska.sk\/#organization","name":"Stredn\u00e1 zdravotn\u00edcka \u0161kola, Moyzesova 17, Ko\u0161ice","url":"https:\/\/moyzeska.sk\/","logo":{"@type":"ImageObject","inLanguage":"sk-SK","@id":"https:\/\/moyzeska.sk\/#\/schema\/logo\/image\/","url":"https:\/\/moyzeska.sk\/wp-content\/uploads\/2020\/09\/SZS-logo.png","contentUrl":"https:\/\/moyzeska.sk\/wp-content\/uploads\/2020\/09\/SZS-logo.png","width":300,"height":300,"caption":"Stredn\u00e1 zdravotn\u00edcka \u0161kola, Moyzesova 17, Ko\u0161ice"},"image":{"@id":"https:\/\/moyzeska.sk\/#\/schema\/logo\/image\/"},"sameAs":["https:\/\/www.facebook.com\/Moyzeska","https:\/\/www.instagram.com\/moyzeska\/"]}]}},"_links":{"self":[{"href":"https:\/\/moyzeska.sk\/index.php\/wp-json\/wp\/v2\/pages\/274"}],"collection":[{"href":"https:\/\/moyzeska.sk\/index.php\/wp-json\/wp\/v2\/pages"}],"about":[{"href":"https:\/\/moyzeska.sk\/index.php\/wp-json\/wp\/v2\/types\/page"}],"author":[{"embeddable":true,"href":"https:\/\/moyzeska.sk\/index.php\/wp-json\/wp\/v2\/users\/1"}],"replies":[{"embeddable":true,"href":"https:\/\/moyzeska.sk\/index.php\/wp-json\/wp\/v2\/comments?post=274"}],"version-history":[{"count":5,"href":"https:\/\/moyzeska.sk\/index.php\/wp-json\/wp\/v2\/pages\/274\/revisions"}],"predecessor-version":[{"id":1984,"href":"https:\/\/moyzeska.sk\/index.php\/wp-json\/wp\/v2\/pages\/274\/revisions\/1984"}],"wp:featuredmedia":[{"embeddable":true,"href":"https:\/\/moyzeska.sk\/index.php\/wp-json\/wp\/v2\/media\/654"}],"wp:attachment":[{"href":"https:\/\/moyzeska.sk\/index.php\/wp-json\/wp\/v2\/media?parent=274"}],"curies":[{"name":"wp","href":"https:\/\/api.w.org\/{rel}","templated":true}]}}