{"id":273,"date":"2020-09-30T21:20:32","date_gmt":"2020-09-30T19:20:32","guid":{"rendered":"http:\/\/moyzeska.sk\/?page_id=273"},"modified":"2021-01-28T14:30:52","modified_gmt":"2021-01-28T13:30:52","slug":"asistent-vyzivy-av","status":"publish","type":"page","link":"https:\/\/moyzeska.sk\/index.php\/asistent-vyzivy-av\/","title":{"rendered":"Asistent v\u00fd\u017eivy (AV)"},"content":{"rendered":"\n<p>V\u00fdchova a\u00a0vzdel\u00e1vanie\u00a0 <strong>v\u00a0zdravotn\u00edckom odbore asistent v\u00fd\u017eivy<\/strong> ( nov\u00fd schv\u00e1len\u00fd\u00a0 n\u00e1zov je nutri\u010dn\u00fd terapeut) sa zameriava na kvalifikovan\u00fa pr\u00edpravu zdravotn\u00edckych pracovn\u00edkov v\u00a0oblasti fyziologickej v\u00fd\u017eivy pre zariadenia a\u00a0in\u0161tit\u00facie spojen\u00e9 s\u00a0v\u00fd\u017eivou obyvate\u013estva od narodenia a\u017e po starobn\u00fd vek a\u00a0v\u00a0oblasti lie\u010debnej v\u00fd\u017eivy pre zdravotn\u00edcke zariadenia, zariadenia pr\u00edrodn\u00fdch lie\u010debn\u00fdch k\u00fape\u013eov, domovy soci\u00e1lnych slu\u017eieb, \u00farady verejn\u00e9ho zdravotn\u00edctva, metabolick\u00e9 ambulancie a\u00a0v\u00a0\u010fal\u0161\u00edch zariadeniach spojen\u00fdch so zabezpe\u010dovan\u00edm fyziologickej v\u00fd\u017eivy obyvate\u013estva. <\/p>\n\n\n\n<p>Obsah vzdel\u00e1vania je koncipovan\u00fd tak, aby \u017eiaci zvl\u00e1dli v\u0161eobecne,\u00a0odborn\u00e9 poznatky a\u00a0zru\u010dnosti na po\u017eadovanej profesion\u00e1lnej \u00farovni nevyhnutn\u00e9 na z\u00edskanie \u00fapln\u00e9ho stredn\u00e9ho odborn\u00e9ho vzdelania. \u0160t\u00fadium je \u0161tvorro\u010dn\u00e9 a\u00a0kon\u010d\u00ed maturitnou sk\u00fa\u0161kou z\u00a0teoretickej i\u00a0praktickej \u010dasti. <\/p>\n\n\n\n<p>Medzi profiluj\u00face predmety patr\u00ed anat\u00f3mia a\u00a0fyziol\u00f3gia, patol\u00f3gia a\u00a0klinika chor\u00f4b, n\u00e1uka o\u00a0v\u00fd\u017eive, lie\u010debn\u00e1 v\u00fd\u017eiva, fyziol\u00f3gia v\u00fd\u017eivy, klinick\u00e1 dietol\u00f3gia, technol\u00f3gia pr\u00edpravy pokrmov, odborn\u00e1 klinick\u00e1 prax, psychol\u00f3gia, pedagogika a profesn\u00e1 komunik\u00e1cia.<\/p>\n\n\n\n<p>\u0160kola m\u00e1 \u00fa\u010delovo zariaden\u00e9 priestory pre vyu\u010dovanie v danom odbore. Vo vy\u0161\u0161\u00edch ro\u010dn\u00edkoch (3. a 4.) \u017eiaci s\u00fa na pracovisk\u00e1ch v zdravotn\u00edckych zariadeniach najvy\u0161\u0161ieho typu \u2013 FNsP. Vyu\u010dovanie odborn\u00fdch predmetov aj praktickej \u010dasti zabezpe\u010duj\u00fa odborn\u00edci \u2013 \u0161pecialisti z pr\u00edslu\u0161n\u00fdch pracov\u00edsk zdravotn\u00edckych zariaden\u00ed. V 3. ro\u010dn\u00edku \u017eiaci absolvuj\u00fa mesa\u010dn\u00fa klinick\u00fa prax v zdravotn\u00edckych zariadeniach.<\/p>\n\n\n\n<p><strong>Uplatnenie:<\/strong><br>Absolventi \u0161t\u00fadia sa uplatnia pri v\u00fdkone povolania asistent v\u00fd\u017eivy\/nutri\u010dn\u00fd terapeut\/ v\u00a0oblasti fyziologickej v\u00fd\u017eivy \u00a0ako s\u00fa \u0161kolsk\u00e9 a\u00a0pred\u0161kolsk\u00e9 zariadenia, v\u00a0oblasti lie\u010debnej v\u00fd\u017eivy v\u00a0zdravotn\u00edckych zariadeniach r\u00f4zneho typu, k\u00fape\u013en\u00fdch zariadeniach, \u00fastavy soci\u00e1lnych slu\u017eieb, metabolick\u00e9 ambulancie a\u00a0pod. Je mo\u017enos\u0165 pokra\u010dova\u0165 aj v\u00a0\u010fal\u0161om \u0161t\u00fadiu na vysok\u00fdch \u0161kol\u00e1ch.<\/p>\n\n\n\n<p><strong>Podmienky prijatia:<\/strong><br>Do prv\u00e9ho ro\u010dn\u00edka denn\u00e9ho \u0161t\u00fadia m\u00f4\u017eu by\u0165 prijat\u00ed absolventi z\u00e1kladnej \u0161koly, ktor\u00ed splnili podmienky prij\u00edmacieho konania. Profilov\u00e9 predmety na prij\u00edmacie sk\u00fa\u0161ky: &#8211; slovensk\u00fd jazyk a literat\u00fara &#8211; biol\u00f3gia (pr\u00edrodopis).<br>Do \u0161tudijn\u00e9ho odboru asistent v\u00fd\u017eivy m\u00f4\u017eu by\u0165 prijat\u00ed \u017eiaci, ktor\u00ed sp\u013a\u0148aj\u00fa zdravotn\u00e9 krit\u00e9ri\u00e1 na pr\u00e1cu v odbore, vr\u00e1tane krit\u00e9ri\u00ed pre pracovn\u00edkov vykon\u00e1vaj\u00facich epidemiologicky z\u00e1va\u017en\u00fa \u010dinnos\u0165. Vyjadrenie lek\u00e1ra o zdravotnom stave \u017eiaka mus\u00ed by\u0165 pripojen\u00e9.<\/p>\n\n\n\n<p><strong>Po\u017eiadavky zdravotnej sp\u00f4sobilosti &nbsp;na uch\u00e1dza\u010da:<\/strong><br>Do stredn\u00fdch zdravotn\u00edckych \u0161k\u00f4l m\u00f4\u017eu by\u0165 prijat\u00ed uch\u00e1dza\u010di, ktor\u00fdch zdravotn\u00fd stav pos\u00fadil a na prihl\u00e1\u0161ke potvrdil v\u0161eobecn\u00fd lek\u00e1r pre deti a&nbsp;dorast alebo&nbsp; v\u0161eobecn\u00fd lek\u00e1r pre dospel\u00fdch. Do \u0161tudijn\u00e9ho odboru asistent v\u00fd\u017eivy m\u00f4\u017eu by\u0165&nbsp; prijat\u00ed \u017eiaci, ktor\u00ed sp\u013a\u0148aj\u00fa zdravotn\u00e9 krit\u00e9ri\u00e1 na pr\u00e1cu v odbore, vr\u00e1tane krit\u00e9ri\u00ed pre pracovn\u00edkov vykon\u00e1vaj\u00facich&nbsp; epidemiologicky z\u00e1va\u017en\u00fa \u010dinnos\u0165 a&nbsp;pod\u013ea legislat\u00edvnych predpisov MZ SR.<br>Do &nbsp;\u0161tudijn\u00e9ho odboru asistent&nbsp; v\u00fd\u017eivy nem\u00f4\u017eu by\u0165 prijat\u00ed uch\u00e1dza\u010di, ktor\u00ed maj\u00fa ment\u00e1lne, zmyslov\u00e9 alebo telesn\u00e9 postihnutie, zdravotn\u00e9 oslabenie alebo ochorenie, maj\u00fa naru\u0161en\u00fa komunika\u010dn\u00fa schopnos\u0165, \u0161pecifick\u00e9 poruchy u\u010denia alebo spr\u00e1vania sa, autistick\u00fd syndr\u00f3m, poruchy psychick\u00e9ho v\u00fdvinu.<\/p>\n","protected":false},"excerpt":{"rendered":"<p>V\u00fdchova a\u00a0vzdel\u00e1vanie\u00a0 v\u00a0zdravotn\u00edckom odbore asistent v\u00fd\u017eivy ( nov\u00fd schv\u00e1len\u00fd\u00a0 n\u00e1zov je nutri\u010dn\u00fd terapeut) sa zameriava na kvalifikovan\u00fa pr\u00edpravu zdravotn\u00edckych pracovn\u00edkov v\u00a0oblasti fyziologickej v\u00fd\u017eivy pre zariadenia a\u00a0in\u0161tit\u00facie spojen\u00e9 s\u00a0v\u00fd\u017eivou obyvate\u013estva od narodenia a\u017e po starobn\u00fd vek a\u00a0v\u00a0oblasti lie\u010debnej v\u00fd\u017eivy pre zdravotn\u00edcke zariadenia, zariadenia pr\u00edrodn\u00fdch lie\u010debn\u00fdch k\u00fape\u013eov, domovy soci\u00e1lnych slu\u017eieb, \u00farady verejn\u00e9ho zdravotn\u00edctva, metabolick\u00e9 ambulancie a\u00a0v\u00a0\u010fal\u0161\u00edch zariadeniach &hellip;<br \/><a href=\"https:\/\/moyzeska.sk\/index.php\/asistent-vyzivy-av\/\" class=\"more-link pen_button pen_element_default pen_icon_arrow_double\">Zobrazi\u0165<\/a><\/p>\n","protected":false},"author":1,"featured_media":648,"parent":0,"menu_order":0,"comment_status":"closed","ping_status":"closed","template":"","meta":{"_monsterinsights_skip_tracking":false,"_monsterinsights_sitenote_active":false,"_monsterinsights_sitenote_note":"","_monsterinsights_sitenote_category":0},"yoast_head":"<!-- This site is optimized with the Yoast SEO plugin v21.8.1 - https:\/\/yoast.com\/wordpress\/plugins\/seo\/ -->\n<title>Asistent v\u00fd\u017eivy (AV) - Stredn\u00e1 zdravotn\u00edcka \u0161kola, Moyzesova 17, Ko\u0161ice<\/title>\n<meta name=\"robots\" content=\"index, follow, max-snippet:-1, max-image-preview:large, max-video-preview:-1\" \/>\n<link rel=\"canonical\" href=\"https:\/\/moyzeska.sk\/index.php\/asistent-vyzivy-av\/\" \/>\n<meta property=\"og:locale\" content=\"sk_SK\" \/>\n<meta property=\"og:type\" content=\"article\" \/>\n<meta property=\"og:title\" content=\"Asistent v\u00fd\u017eivy (AV) - Stredn\u00e1 zdravotn\u00edcka \u0161kola, Moyzesova 17, Ko\u0161ice\" \/>\n<meta property=\"og:description\" content=\"V\u00fdchova a\u00a0vzdel\u00e1vanie\u00a0 v\u00a0zdravotn\u00edckom odbore asistent v\u00fd\u017eivy ( nov\u00fd schv\u00e1len\u00fd\u00a0 n\u00e1zov je nutri\u010dn\u00fd terapeut) sa zameriava na kvalifikovan\u00fa pr\u00edpravu zdravotn\u00edckych pracovn\u00edkov v\u00a0oblasti fyziologickej v\u00fd\u017eivy pre zariadenia a\u00a0in\u0161tit\u00facie spojen\u00e9 s\u00a0v\u00fd\u017eivou obyvate\u013estva od narodenia a\u017e po starobn\u00fd vek a\u00a0v\u00a0oblasti lie\u010debnej v\u00fd\u017eivy pre zdravotn\u00edcke zariadenia, zariadenia pr\u00edrodn\u00fdch lie\u010debn\u00fdch k\u00fape\u013eov, domovy soci\u00e1lnych slu\u017eieb, \u00farady verejn\u00e9ho zdravotn\u00edctva, metabolick\u00e9 ambulancie a\u00a0v\u00a0\u010fal\u0161\u00edch zariadeniach &hellip;Zobrazi\u0165\" \/>\n<meta property=\"og:url\" content=\"https:\/\/moyzeska.sk\/index.php\/asistent-vyzivy-av\/\" \/>\n<meta property=\"og:site_name\" content=\"Stredn\u00e1 zdravotn\u00edcka \u0161kola, Moyzesova 17, Ko\u0161ice\" \/>\n<meta property=\"article:publisher\" content=\"https:\/\/www.facebook.com\/Moyzeska\" \/>\n<meta property=\"article:modified_time\" content=\"2021-01-28T13:30:52+00:00\" \/>\n<meta property=\"og:image\" content=\"https:\/\/moyzeska.sk\/wp-content\/uploads\/2020\/10\/AV-web.jpg\" \/>\n\t<meta property=\"og:image:width\" content=\"140\" \/>\n\t<meta property=\"og:image:height\" content=\"160\" \/>\n\t<meta property=\"og:image:type\" content=\"image\/jpeg\" \/>\n<meta name=\"twitter:card\" content=\"summary_large_image\" \/>\n<meta name=\"twitter:label1\" content=\"Predpokladan\u00fd \u010das \u010d\u00edtania\" \/>\n\t<meta name=\"twitter:data1\" content=\"3 min\u00faty\" \/>\n<script type=\"application\/ld+json\" class=\"yoast-schema-graph\">{\"@context\":\"https:\/\/schema.org\",\"@graph\":[{\"@type\":\"WebPage\",\"@id\":\"https:\/\/moyzeska.sk\/index.php\/asistent-vyzivy-av\/\",\"url\":\"https:\/\/moyzeska.sk\/index.php\/asistent-vyzivy-av\/\",\"name\":\"Asistent v\u00fd\u017eivy (AV) - Stredn\u00e1 zdravotn\u00edcka \u0161kola, Moyzesova 17, Ko\u0161ice\",\"isPartOf\":{\"@id\":\"https:\/\/moyzeska.sk\/#website\"},\"datePublished\":\"2020-09-30T19:20:32+00:00\",\"dateModified\":\"2021-01-28T13:30:52+00:00\",\"breadcrumb\":{\"@id\":\"https:\/\/moyzeska.sk\/index.php\/asistent-vyzivy-av\/#breadcrumb\"},\"inLanguage\":\"sk-SK\",\"potentialAction\":[{\"@type\":\"ReadAction\",\"target\":[\"https:\/\/moyzeska.sk\/index.php\/asistent-vyzivy-av\/\"]}]},{\"@type\":\"BreadcrumbList\",\"@id\":\"https:\/\/moyzeska.sk\/index.php\/asistent-vyzivy-av\/#breadcrumb\",\"itemListElement\":[{\"@type\":\"ListItem\",\"position\":1,\"name\":\"Home\",\"item\":\"https:\/\/moyzeska.sk\/\"},{\"@type\":\"ListItem\",\"position\":2,\"name\":\"Asistent v\u00fd\u017eivy (AV)\"}]},{\"@type\":\"WebSite\",\"@id\":\"https:\/\/moyzeska.sk\/#website\",\"url\":\"https:\/\/moyzeska.sk\/\",\"name\":\"Stredn\u00e1 zdravotn\u00edcka \u0161kola, Moyzesova 17, Ko\u0161ice\",\"description\":\"\",\"publisher\":{\"@id\":\"https:\/\/moyzeska.sk\/#organization\"},\"potentialAction\":[{\"@type\":\"SearchAction\",\"target\":{\"@type\":\"EntryPoint\",\"urlTemplate\":\"https:\/\/moyzeska.sk\/?s={search_term_string}\"},\"query-input\":\"required name=search_term_string\"}],\"inLanguage\":\"sk-SK\"},{\"@type\":\"Organization\",\"@id\":\"https:\/\/moyzeska.sk\/#organization\",\"name\":\"Stredn\u00e1 zdravotn\u00edcka \u0161kola, Moyzesova 17, Ko\u0161ice\",\"url\":\"https:\/\/moyzeska.sk\/\",\"logo\":{\"@type\":\"ImageObject\",\"inLanguage\":\"sk-SK\",\"@id\":\"https:\/\/moyzeska.sk\/#\/schema\/logo\/image\/\",\"url\":\"https:\/\/moyzeska.sk\/wp-content\/uploads\/2020\/09\/SZS-logo.png\",\"contentUrl\":\"https:\/\/moyzeska.sk\/wp-content\/uploads\/2020\/09\/SZS-logo.png\",\"width\":300,\"height\":300,\"caption\":\"Stredn\u00e1 zdravotn\u00edcka \u0161kola, Moyzesova 17, Ko\u0161ice\"},\"image\":{\"@id\":\"https:\/\/moyzeska.sk\/#\/schema\/logo\/image\/\"},\"sameAs\":[\"https:\/\/www.facebook.com\/Moyzeska\",\"https:\/\/www.instagram.com\/moyzeska\/\"]}]}<\/script>\n<!-- \/ Yoast SEO plugin. -->","yoast_head_json":{"title":"Asistent v\u00fd\u017eivy (AV) - Stredn\u00e1 zdravotn\u00edcka \u0161kola, Moyzesova 17, Ko\u0161ice","robots":{"index":"index","follow":"follow","max-snippet":"max-snippet:-1","max-image-preview":"max-image-preview:large","max-video-preview":"max-video-preview:-1"},"canonical":"https:\/\/moyzeska.sk\/index.php\/asistent-vyzivy-av\/","og_locale":"sk_SK","og_type":"article","og_title":"Asistent v\u00fd\u017eivy (AV) - Stredn\u00e1 zdravotn\u00edcka \u0161kola, Moyzesova 17, Ko\u0161ice","og_description":"V\u00fdchova a\u00a0vzdel\u00e1vanie\u00a0 v\u00a0zdravotn\u00edckom odbore asistent v\u00fd\u017eivy ( nov\u00fd schv\u00e1len\u00fd\u00a0 n\u00e1zov je nutri\u010dn\u00fd terapeut) sa zameriava na kvalifikovan\u00fa pr\u00edpravu zdravotn\u00edckych pracovn\u00edkov v\u00a0oblasti fyziologickej v\u00fd\u017eivy pre zariadenia a\u00a0in\u0161tit\u00facie spojen\u00e9 s\u00a0v\u00fd\u017eivou obyvate\u013estva od narodenia a\u017e po starobn\u00fd vek a\u00a0v\u00a0oblasti lie\u010debnej v\u00fd\u017eivy pre zdravotn\u00edcke zariadenia, zariadenia pr\u00edrodn\u00fdch lie\u010debn\u00fdch k\u00fape\u013eov, domovy soci\u00e1lnych slu\u017eieb, \u00farady verejn\u00e9ho zdravotn\u00edctva, metabolick\u00e9 ambulancie a\u00a0v\u00a0\u010fal\u0161\u00edch zariadeniach &hellip;Zobrazi\u0165","og_url":"https:\/\/moyzeska.sk\/index.php\/asistent-vyzivy-av\/","og_site_name":"Stredn\u00e1 zdravotn\u00edcka \u0161kola, Moyzesova 17, Ko\u0161ice","article_publisher":"https:\/\/www.facebook.com\/Moyzeska","article_modified_time":"2021-01-28T13:30:52+00:00","og_image":[{"width":140,"height":160,"url":"https:\/\/moyzeska.sk\/wp-content\/uploads\/2020\/10\/AV-web.jpg","type":"image\/jpeg"}],"twitter_card":"summary_large_image","twitter_misc":{"Predpokladan\u00fd \u010das \u010d\u00edtania":"3 min\u00faty"},"schema":{"@context":"https:\/\/schema.org","@graph":[{"@type":"WebPage","@id":"https:\/\/moyzeska.sk\/index.php\/asistent-vyzivy-av\/","url":"https:\/\/moyzeska.sk\/index.php\/asistent-vyzivy-av\/","name":"Asistent v\u00fd\u017eivy (AV) - Stredn\u00e1 zdravotn\u00edcka \u0161kola, Moyzesova 17, Ko\u0161ice","isPartOf":{"@id":"https:\/\/moyzeska.sk\/#website"},"datePublished":"2020-09-30T19:20:32+00:00","dateModified":"2021-01-28T13:30:52+00:00","breadcrumb":{"@id":"https:\/\/moyzeska.sk\/index.php\/asistent-vyzivy-av\/#breadcrumb"},"inLanguage":"sk-SK","potentialAction":[{"@type":"ReadAction","target":["https:\/\/moyzeska.sk\/index.php\/asistent-vyzivy-av\/"]}]},{"@type":"BreadcrumbList","@id":"https:\/\/moyzeska.sk\/index.php\/asistent-vyzivy-av\/#breadcrumb","itemListElement":[{"@type":"ListItem","position":1,"name":"Home","item":"https:\/\/moyzeska.sk\/"},{"@type":"ListItem","position":2,"name":"Asistent v\u00fd\u017eivy (AV)"}]},{"@type":"WebSite","@id":"https:\/\/moyzeska.sk\/#website","url":"https:\/\/moyzeska.sk\/","name":"Stredn\u00e1 zdravotn\u00edcka \u0161kola, Moyzesova 17, Ko\u0161ice","description":"","publisher":{"@id":"https:\/\/moyzeska.sk\/#organization"},"potentialAction":[{"@type":"SearchAction","target":{"@type":"EntryPoint","urlTemplate":"https:\/\/moyzeska.sk\/?s={search_term_string}"},"query-input":"required name=search_term_string"}],"inLanguage":"sk-SK"},{"@type":"Organization","@id":"https:\/\/moyzeska.sk\/#organization","name":"Stredn\u00e1 zdravotn\u00edcka \u0161kola, Moyzesova 17, Ko\u0161ice","url":"https:\/\/moyzeska.sk\/","logo":{"@type":"ImageObject","inLanguage":"sk-SK","@id":"https:\/\/moyzeska.sk\/#\/schema\/logo\/image\/","url":"https:\/\/moyzeska.sk\/wp-content\/uploads\/2020\/09\/SZS-logo.png","contentUrl":"https:\/\/moyzeska.sk\/wp-content\/uploads\/2020\/09\/SZS-logo.png","width":300,"height":300,"caption":"Stredn\u00e1 zdravotn\u00edcka \u0161kola, Moyzesova 17, Ko\u0161ice"},"image":{"@id":"https:\/\/moyzeska.sk\/#\/schema\/logo\/image\/"},"sameAs":["https:\/\/www.facebook.com\/Moyzeska","https:\/\/www.instagram.com\/moyzeska\/"]}]}},"_links":{"self":[{"href":"https:\/\/moyzeska.sk\/index.php\/wp-json\/wp\/v2\/pages\/273"}],"collection":[{"href":"https:\/\/moyzeska.sk\/index.php\/wp-json\/wp\/v2\/pages"}],"about":[{"href":"https:\/\/moyzeska.sk\/index.php\/wp-json\/wp\/v2\/types\/page"}],"author":[{"embeddable":true,"href":"https:\/\/moyzeska.sk\/index.php\/wp-json\/wp\/v2\/users\/1"}],"replies":[{"embeddable":true,"href":"https:\/\/moyzeska.sk\/index.php\/wp-json\/wp\/v2\/comments?post=273"}],"version-history":[{"count":5,"href":"https:\/\/moyzeska.sk\/index.php\/wp-json\/wp\/v2\/pages\/273\/revisions"}],"predecessor-version":[{"id":1958,"href":"https:\/\/moyzeska.sk\/index.php\/wp-json\/wp\/v2\/pages\/273\/revisions\/1958"}],"wp:featuredmedia":[{"embeddable":true,"href":"https:\/\/moyzeska.sk\/index.php\/wp-json\/wp\/v2\/media\/648"}],"wp:attachment":[{"href":"https:\/\/moyzeska.sk\/index.php\/wp-json\/wp\/v2\/media?parent=273"}],"curies":[{"name":"wp","href":"https:\/\/api.w.org\/{rel}","templated":true}]}}