{"id":2227,"date":"2021-03-12T11:34:20","date_gmt":"2021-03-12T10:34:20","guid":{"rendered":"https:\/\/moyzeska.sk\/?page_id=2227"},"modified":"2021-03-12T11:34:21","modified_gmt":"2021-03-12T10:34:21","slug":"olympiada-v-anglickom-jazyku","status":"publish","type":"page","link":"https:\/\/moyzeska.sk\/index.php\/olympiada-v-anglickom-jazyku\/","title":{"rendered":"Olympi\u00e1da v anglickom jazyku"},"content":{"rendered":"\n<p>After being <strong>1<sup>st<\/sup> <\/strong>in <em>the<\/em> <em>School round<\/em> of the Olympiad in English language, Ema Mitrov\u00e1, III. FL continued into <em>the<\/em> <em>County round<\/em>. She was successfully <strong>1<sup>st<\/sup> <\/strong>again and represented the school in <em>the District round<\/em>. Ema took nice <strong>3<sup>rd<\/sup><\/strong> place there.<\/p>\n\n\n\n<p>Thank you, Ema, for representing the school and congratulations!<\/p>\n\n\n\n<p><br>\n<br><\/p>\n\n\n\n<p>Potom, ako sa Ema Mitrov\u00e1, III.FL umiestnila na <strong>1. mieste<\/strong> <em>v \u0161kolskom kole<\/em> olympi\u00e1dy v anglickom jazyku, pokra\u010dovala do <em>okresn\u00e9ho kola<\/em>. Op\u00e4\u0165 \u00faspe\u0161ne z\u00edskala <strong>1. miesto<\/strong> a reprezentovala \u0161kolu v <em>krajskom kole<\/em>. Dosiahla pekn\u00e9 <strong>3. miesto<\/strong>.<\/p>\n\n\n\n<p>\u010eakujeme, Ema, za reprezent\u00e1ciu \u0161koly a&nbsp;blaho\u017eel\u00e1me!<\/p>\n\n\n\n<div class=\"wp-block-image\"><figure class=\"aligncenter size-large is-resized\"><img decoding=\"async\" loading=\"lazy\" src=\"https:\/\/moyzeska.sk\/wp-content\/uploads\/2021\/03\/OAJ-724x1024.jpg\" alt=\"\" class=\"wp-image-2172\" width=\"362\" height=\"512\" srcset=\"https:\/\/moyzeska.sk\/wp-content\/uploads\/2021\/03\/OAJ-724x1024.jpg 724w, https:\/\/moyzeska.sk\/wp-content\/uploads\/2021\/03\/OAJ-212x300.jpg 212w, https:\/\/moyzeska.sk\/wp-content\/uploads\/2021\/03\/OAJ-768x1086.jpg 768w, https:\/\/moyzeska.sk\/wp-content\/uploads\/2021\/03\/OAJ-1086x1536.jpg 1086w, https:\/\/moyzeska.sk\/wp-content\/uploads\/2021\/03\/OAJ.jpg 1200w\" sizes=\"(max-width: 362px) 100vw, 362px\" \/><\/figure><\/div>\n","protected":false},"excerpt":{"rendered":"<p>After being 1st in the School round of the Olympiad in English language, Ema Mitrov\u00e1, III. FL continued into the County round. She was successfully 1st again and represented the school in the District round. Ema took nice 3rd place there. Thank you, Ema, for representing the school and congratulations! Potom, ako sa Ema Mitrov\u00e1, &hellip;<br \/><a href=\"https:\/\/moyzeska.sk\/index.php\/olympiada-v-anglickom-jazyku\/\" class=\"more-link pen_button pen_element_default pen_icon_arrow_double\">Zobrazi\u0165<\/a><\/p>\n","protected":false},"author":1,"featured_media":0,"parent":0,"menu_order":0,"comment_status":"closed","ping_status":"closed","template":"","meta":{"_monsterinsights_skip_tracking":false,"_monsterinsights_sitenote_active":false,"_monsterinsights_sitenote_note":"","_monsterinsights_sitenote_category":0},"yoast_head":"<!-- This site is optimized with the Yoast SEO plugin v21.8.1 - https:\/\/yoast.com\/wordpress\/plugins\/seo\/ -->\n<title>Olympi\u00e1da v anglickom jazyku - Stredn\u00e1 zdravotn\u00edcka \u0161kola, Moyzesova 17, Ko\u0161ice<\/title>\n<meta name=\"robots\" content=\"index, follow, max-snippet:-1, max-image-preview:large, max-video-preview:-1\" \/>\n<link rel=\"canonical\" href=\"https:\/\/moyzeska.sk\/index.php\/olympiada-v-anglickom-jazyku\/\" \/>\n<meta property=\"og:locale\" content=\"sk_SK\" \/>\n<meta property=\"og:type\" content=\"article\" \/>\n<meta property=\"og:title\" content=\"Olympi\u00e1da v anglickom jazyku - Stredn\u00e1 zdravotn\u00edcka \u0161kola, Moyzesova 17, Ko\u0161ice\" \/>\n<meta property=\"og:description\" content=\"After being 1st in the School round of the Olympiad in English language, Ema Mitrov\u00e1, III. FL continued into the County round. She was successfully 1st again and represented the school in the District round. Ema took nice 3rd place there. Thank you, Ema, for representing the school and congratulations! Potom, ako sa Ema Mitrov\u00e1, &hellip;Zobrazi\u0165\" \/>\n<meta property=\"og:url\" content=\"https:\/\/moyzeska.sk\/index.php\/olympiada-v-anglickom-jazyku\/\" \/>\n<meta property=\"og:site_name\" content=\"Stredn\u00e1 zdravotn\u00edcka \u0161kola, Moyzesova 17, Ko\u0161ice\" \/>\n<meta property=\"article:publisher\" content=\"https:\/\/www.facebook.com\/Moyzeska\" \/>\n<meta property=\"article:modified_time\" content=\"2021-03-12T10:34:21+00:00\" \/>\n<meta property=\"og:image\" content=\"https:\/\/moyzeska.sk\/wp-content\/uploads\/2021\/03\/OAJ-724x1024.jpg\" \/>\n<meta name=\"twitter:card\" content=\"summary_large_image\" \/>\n<meta name=\"twitter:label1\" content=\"Predpokladan\u00fd \u010das \u010d\u00edtania\" \/>\n\t<meta name=\"twitter:data1\" content=\"1 min\u00fata\" \/>\n<script type=\"application\/ld+json\" class=\"yoast-schema-graph\">{\"@context\":\"https:\/\/schema.org\",\"@graph\":[{\"@type\":\"WebPage\",\"@id\":\"https:\/\/moyzeska.sk\/index.php\/olympiada-v-anglickom-jazyku\/\",\"url\":\"https:\/\/moyzeska.sk\/index.php\/olympiada-v-anglickom-jazyku\/\",\"name\":\"Olympi\u00e1da v anglickom jazyku - Stredn\u00e1 zdravotn\u00edcka \u0161kola, Moyzesova 17, Ko\u0161ice\",\"isPartOf\":{\"@id\":\"https:\/\/moyzeska.sk\/#website\"},\"datePublished\":\"2021-03-12T10:34:20+00:00\",\"dateModified\":\"2021-03-12T10:34:21+00:00\",\"breadcrumb\":{\"@id\":\"https:\/\/moyzeska.sk\/index.php\/olympiada-v-anglickom-jazyku\/#breadcrumb\"},\"inLanguage\":\"sk-SK\",\"potentialAction\":[{\"@type\":\"ReadAction\",\"target\":[\"https:\/\/moyzeska.sk\/index.php\/olympiada-v-anglickom-jazyku\/\"]}]},{\"@type\":\"BreadcrumbList\",\"@id\":\"https:\/\/moyzeska.sk\/index.php\/olympiada-v-anglickom-jazyku\/#breadcrumb\",\"itemListElement\":[{\"@type\":\"ListItem\",\"position\":1,\"name\":\"Home\",\"item\":\"https:\/\/moyzeska.sk\/\"},{\"@type\":\"ListItem\",\"position\":2,\"name\":\"Olympi\u00e1da v anglickom jazyku\"}]},{\"@type\":\"WebSite\",\"@id\":\"https:\/\/moyzeska.sk\/#website\",\"url\":\"https:\/\/moyzeska.sk\/\",\"name\":\"Stredn\u00e1 zdravotn\u00edcka \u0161kola, Moyzesova 17, Ko\u0161ice\",\"description\":\"\",\"publisher\":{\"@id\":\"https:\/\/moyzeska.sk\/#organization\"},\"potentialAction\":[{\"@type\":\"SearchAction\",\"target\":{\"@type\":\"EntryPoint\",\"urlTemplate\":\"https:\/\/moyzeska.sk\/?s={search_term_string}\"},\"query-input\":\"required name=search_term_string\"}],\"inLanguage\":\"sk-SK\"},{\"@type\":\"Organization\",\"@id\":\"https:\/\/moyzeska.sk\/#organization\",\"name\":\"Stredn\u00e1 zdravotn\u00edcka \u0161kola, Moyzesova 17, Ko\u0161ice\",\"url\":\"https:\/\/moyzeska.sk\/\",\"logo\":{\"@type\":\"ImageObject\",\"inLanguage\":\"sk-SK\",\"@id\":\"https:\/\/moyzeska.sk\/#\/schema\/logo\/image\/\",\"url\":\"https:\/\/moyzeska.sk\/wp-content\/uploads\/2020\/09\/SZS-logo.png\",\"contentUrl\":\"https:\/\/moyzeska.sk\/wp-content\/uploads\/2020\/09\/SZS-logo.png\",\"width\":300,\"height\":300,\"caption\":\"Stredn\u00e1 zdravotn\u00edcka \u0161kola, Moyzesova 17, Ko\u0161ice\"},\"image\":{\"@id\":\"https:\/\/moyzeska.sk\/#\/schema\/logo\/image\/\"},\"sameAs\":[\"https:\/\/www.facebook.com\/Moyzeska\",\"https:\/\/www.instagram.com\/moyzeska\/\"]}]}<\/script>\n<!-- \/ Yoast SEO plugin. -->","yoast_head_json":{"title":"Olympi\u00e1da v anglickom jazyku - Stredn\u00e1 zdravotn\u00edcka \u0161kola, Moyzesova 17, Ko\u0161ice","robots":{"index":"index","follow":"follow","max-snippet":"max-snippet:-1","max-image-preview":"max-image-preview:large","max-video-preview":"max-video-preview:-1"},"canonical":"https:\/\/moyzeska.sk\/index.php\/olympiada-v-anglickom-jazyku\/","og_locale":"sk_SK","og_type":"article","og_title":"Olympi\u00e1da v anglickom jazyku - Stredn\u00e1 zdravotn\u00edcka \u0161kola, Moyzesova 17, Ko\u0161ice","og_description":"After being 1st in the School round of the Olympiad in English language, Ema Mitrov\u00e1, III. FL continued into the County round. She was successfully 1st again and represented the school in the District round. Ema took nice 3rd place there. Thank you, Ema, for representing the school and congratulations! Potom, ako sa Ema Mitrov\u00e1, &hellip;Zobrazi\u0165","og_url":"https:\/\/moyzeska.sk\/index.php\/olympiada-v-anglickom-jazyku\/","og_site_name":"Stredn\u00e1 zdravotn\u00edcka \u0161kola, Moyzesova 17, Ko\u0161ice","article_publisher":"https:\/\/www.facebook.com\/Moyzeska","article_modified_time":"2021-03-12T10:34:21+00:00","og_image":[{"url":"https:\/\/moyzeska.sk\/wp-content\/uploads\/2021\/03\/OAJ-724x1024.jpg"}],"twitter_card":"summary_large_image","twitter_misc":{"Predpokladan\u00fd \u010das \u010d\u00edtania":"1 min\u00fata"},"schema":{"@context":"https:\/\/schema.org","@graph":[{"@type":"WebPage","@id":"https:\/\/moyzeska.sk\/index.php\/olympiada-v-anglickom-jazyku\/","url":"https:\/\/moyzeska.sk\/index.php\/olympiada-v-anglickom-jazyku\/","name":"Olympi\u00e1da v anglickom jazyku - Stredn\u00e1 zdravotn\u00edcka \u0161kola, Moyzesova 17, Ko\u0161ice","isPartOf":{"@id":"https:\/\/moyzeska.sk\/#website"},"datePublished":"2021-03-12T10:34:20+00:00","dateModified":"2021-03-12T10:34:21+00:00","breadcrumb":{"@id":"https:\/\/moyzeska.sk\/index.php\/olympiada-v-anglickom-jazyku\/#breadcrumb"},"inLanguage":"sk-SK","potentialAction":[{"@type":"ReadAction","target":["https:\/\/moyzeska.sk\/index.php\/olympiada-v-anglickom-jazyku\/"]}]},{"@type":"BreadcrumbList","@id":"https:\/\/moyzeska.sk\/index.php\/olympiada-v-anglickom-jazyku\/#breadcrumb","itemListElement":[{"@type":"ListItem","position":1,"name":"Home","item":"https:\/\/moyzeska.sk\/"},{"@type":"ListItem","position":2,"name":"Olympi\u00e1da v anglickom jazyku"}]},{"@type":"WebSite","@id":"https:\/\/moyzeska.sk\/#website","url":"https:\/\/moyzeska.sk\/","name":"Stredn\u00e1 zdravotn\u00edcka \u0161kola, Moyzesova 17, Ko\u0161ice","description":"","publisher":{"@id":"https:\/\/moyzeska.sk\/#organization"},"potentialAction":[{"@type":"SearchAction","target":{"@type":"EntryPoint","urlTemplate":"https:\/\/moyzeska.sk\/?s={search_term_string}"},"query-input":"required name=search_term_string"}],"inLanguage":"sk-SK"},{"@type":"Organization","@id":"https:\/\/moyzeska.sk\/#organization","name":"Stredn\u00e1 zdravotn\u00edcka \u0161kola, Moyzesova 17, Ko\u0161ice","url":"https:\/\/moyzeska.sk\/","logo":{"@type":"ImageObject","inLanguage":"sk-SK","@id":"https:\/\/moyzeska.sk\/#\/schema\/logo\/image\/","url":"https:\/\/moyzeska.sk\/wp-content\/uploads\/2020\/09\/SZS-logo.png","contentUrl":"https:\/\/moyzeska.sk\/wp-content\/uploads\/2020\/09\/SZS-logo.png","width":300,"height":300,"caption":"Stredn\u00e1 zdravotn\u00edcka \u0161kola, Moyzesova 17, Ko\u0161ice"},"image":{"@id":"https:\/\/moyzeska.sk\/#\/schema\/logo\/image\/"},"sameAs":["https:\/\/www.facebook.com\/Moyzeska","https:\/\/www.instagram.com\/moyzeska\/"]}]}},"_links":{"self":[{"href":"https:\/\/moyzeska.sk\/index.php\/wp-json\/wp\/v2\/pages\/2227"}],"collection":[{"href":"https:\/\/moyzeska.sk\/index.php\/wp-json\/wp\/v2\/pages"}],"about":[{"href":"https:\/\/moyzeska.sk\/index.php\/wp-json\/wp\/v2\/types\/page"}],"author":[{"embeddable":true,"href":"https:\/\/moyzeska.sk\/index.php\/wp-json\/wp\/v2\/users\/1"}],"replies":[{"embeddable":true,"href":"https:\/\/moyzeska.sk\/index.php\/wp-json\/wp\/v2\/comments?post=2227"}],"version-history":[{"count":1,"href":"https:\/\/moyzeska.sk\/index.php\/wp-json\/wp\/v2\/pages\/2227\/revisions"}],"predecessor-version":[{"id":2229,"href":"https:\/\/moyzeska.sk\/index.php\/wp-json\/wp\/v2\/pages\/2227\/revisions\/2229"}],"wp:attachment":[{"href":"https:\/\/moyzeska.sk\/index.php\/wp-json\/wp\/v2\/media?parent=2227"}],"curies":[{"name":"wp","href":"https:\/\/api.w.org\/{rel}","templated":true}]}}