{"id":2202,"date":"2021-03-11T10:32:29","date_gmt":"2021-03-11T09:32:29","guid":{"rendered":"https:\/\/moyzeska.sk\/?page_id=2202"},"modified":"2021-03-11T10:36:22","modified_gmt":"2021-03-11T09:36:22","slug":"skolsky-rok-2019-2020","status":"publish","type":"page","link":"https:\/\/moyzeska.sk\/index.php\/skolsky-rok-2019-2020\/","title":{"rendered":"\u0160kolsk\u00fd rok 2019\/2020"},"content":{"rendered":"\n<p><strong>V\u00ddSLEDKY S\u00da\u0164A\u017d\u00cd A OLYMPI\u00c1D<\/strong><\/p>\n\n\n\n<p>S\u00fa\u0165a\u017en\u00e1 prehliadka pr\u00e1c LAB AKAD\u00c9MIA KO\u0160ICE &#8211; \u0161kolsk\u00e9 kolo<\/p>\n\n\n\n<p>&nbsp;V\u00ed\u0165azn\u00e9 pr\u00e1ce v jednotliv\u00fdch \u0161tudijn\u00fdch odboroch<\/p>\n\n\n\n<p><strong><em>v \u0161tudijnom odbore asistent v\u00fd\u017eivy<\/em><\/strong><\/p>\n\n\n\n<p>&nbsp;&nbsp;&nbsp;&nbsp;&nbsp;&nbsp;&nbsp;&nbsp;&nbsp;&nbsp;&nbsp;&nbsp;&nbsp;&nbsp;&nbsp; Katar\u00edna Urdov\u00e1 \u2013 Histam\u00ednov\u00e1 intolerancia<\/p>\n\n\n\n<p><strong><em>v \u0161tudijnom odbore o\u010dn\u00fd optik<\/em><\/strong><\/p>\n\n\n\n<p>&nbsp;&nbsp;&nbsp;&nbsp;&nbsp;&nbsp;&nbsp;&nbsp;&nbsp;&nbsp;&nbsp;&nbsp;&nbsp;&nbsp;&nbsp; Lenka Dan\u010dov\u00e1 \u2013 Ametrick\u00e9 oko<\/p>\n\n\n\n<p><strong><em>v \u0161tudijnom odbore farmaceutick\u00fd laborant<\/em><\/strong><\/p>\n\n\n\n<p>&nbsp;&nbsp;&nbsp;&nbsp;&nbsp;&nbsp;&nbsp;&nbsp;&nbsp;&nbsp;&nbsp;&nbsp;&nbsp;&nbsp;&nbsp; Ariana K\u00edgy\u00f3siov\u00e1 \u2013 Akn\u00e9 sp\u00f4sob terapie&nbsp;<\/p>\n\n\n\n<p><strong><em>v \u0161tudijnom odbore zdravotn\u00edcky laborant<\/em><\/strong><\/p>\n\n\n\n<p>\u00a0\u00a0\u00a0\u00a0\u00a0\u00a0\u00a0\u00a0\u00a0\u00a0\u00a0\u00a0\u00a0\u00a0  1. miesto: Nat\u00e1lia Semanov\u00e1 \u2013 Myk\u00f3za ko\u017ee reakciou PAS<\/p>\n\n\n\n<p>                2. miesto: Petra Klobu\u0161ovsk\u00e1 \u2013 V\u00fdznam vy\u0161etrenia stolice v gastroenterol\u00f3gii<\/p>\n\n\n\n<p>Do celoslovensk\u00e9ho kola v Banskej Bystrici, ktor\u00e9 sa bude kona\u0165 d\u0148a 29 . 10. 2019, postupuj\u00fa \u017eia\u010dky z odboru ZL &#8211; Nat\u00e1lia Semanov\u00e1 s pr\u00e1cou Myk\u00f3za ko\u017ee reakciou PAS a Petra Klobu\u0161ovsk\u00e1 s pr\u00e1cou V\u00fdznam vy\u0161etrenia stolice v gastroenterol\u00f3gii.<\/p>\n","protected":false},"excerpt":{"rendered":"<p>V\u00ddSLEDKY S\u00da\u0164A\u017d\u00cd A OLYMPI\u00c1D S\u00fa\u0165a\u017en\u00e1 prehliadka pr\u00e1c LAB AKAD\u00c9MIA KO\u0160ICE &#8211; \u0161kolsk\u00e9 kolo &nbsp;V\u00ed\u0165azn\u00e9 pr\u00e1ce v jednotliv\u00fdch \u0161tudijn\u00fdch odboroch v \u0161tudijnom odbore asistent v\u00fd\u017eivy &nbsp;&nbsp;&nbsp;&nbsp;&nbsp;&nbsp;&nbsp;&nbsp;&nbsp;&nbsp;&nbsp;&nbsp;&nbsp;&nbsp;&nbsp; Katar\u00edna Urdov\u00e1 \u2013 Histam\u00ednov\u00e1 intolerancia v \u0161tudijnom odbore o\u010dn\u00fd optik &nbsp;&nbsp;&nbsp;&nbsp;&nbsp;&nbsp;&nbsp;&nbsp;&nbsp;&nbsp;&nbsp;&nbsp;&nbsp;&nbsp;&nbsp; Lenka Dan\u010dov\u00e1 \u2013 Ametrick\u00e9 oko v \u0161tudijnom odbore farmaceutick\u00fd laborant &nbsp;&nbsp;&nbsp;&nbsp;&nbsp;&nbsp;&nbsp;&nbsp;&nbsp;&nbsp;&nbsp;&nbsp;&nbsp;&nbsp;&nbsp; Ariana K\u00edgy\u00f3siov\u00e1 \u2013 Akn\u00e9 sp\u00f4sob terapie&nbsp; v \u0161tudijnom &hellip;<br \/><a href=\"https:\/\/moyzeska.sk\/index.php\/skolsky-rok-2019-2020\/\" class=\"more-link pen_button pen_element_default pen_icon_arrow_double\">Zobrazi\u0165<\/a><\/p>\n","protected":false},"author":1,"featured_media":0,"parent":0,"menu_order":0,"comment_status":"closed","ping_status":"closed","template":"","meta":{"_monsterinsights_skip_tracking":false,"_monsterinsights_sitenote_active":false,"_monsterinsights_sitenote_note":"","_monsterinsights_sitenote_category":0},"yoast_head":"<!-- This site is optimized with the Yoast SEO plugin v21.8.1 - https:\/\/yoast.com\/wordpress\/plugins\/seo\/ -->\n<title>\u0160kolsk\u00fd rok 2019\/2020 - Stredn\u00e1 zdravotn\u00edcka \u0161kola, Moyzesova 17, Ko\u0161ice<\/title>\n<meta name=\"robots\" content=\"index, follow, max-snippet:-1, max-image-preview:large, max-video-preview:-1\" \/>\n<link rel=\"canonical\" href=\"https:\/\/moyzeska.sk\/index.php\/skolsky-rok-2019-2020\/\" \/>\n<meta property=\"og:locale\" content=\"sk_SK\" \/>\n<meta property=\"og:type\" content=\"article\" \/>\n<meta property=\"og:title\" content=\"\u0160kolsk\u00fd rok 2019\/2020 - Stredn\u00e1 zdravotn\u00edcka \u0161kola, Moyzesova 17, Ko\u0161ice\" \/>\n<meta property=\"og:description\" content=\"V\u00ddSLEDKY S\u00da\u0164A\u017d\u00cd A OLYMPI\u00c1D S\u00fa\u0165a\u017en\u00e1 prehliadka pr\u00e1c LAB AKAD\u00c9MIA KO\u0160ICE &#8211; \u0161kolsk\u00e9 kolo &nbsp;V\u00ed\u0165azn\u00e9 pr\u00e1ce v jednotliv\u00fdch \u0161tudijn\u00fdch odboroch v \u0161tudijnom odbore asistent v\u00fd\u017eivy &nbsp;&nbsp;&nbsp;&nbsp;&nbsp;&nbsp;&nbsp;&nbsp;&nbsp;&nbsp;&nbsp;&nbsp;&nbsp;&nbsp;&nbsp; Katar\u00edna Urdov\u00e1 \u2013 Histam\u00ednov\u00e1 intolerancia v \u0161tudijnom odbore o\u010dn\u00fd optik &nbsp;&nbsp;&nbsp;&nbsp;&nbsp;&nbsp;&nbsp;&nbsp;&nbsp;&nbsp;&nbsp;&nbsp;&nbsp;&nbsp;&nbsp; Lenka Dan\u010dov\u00e1 \u2013 Ametrick\u00e9 oko v \u0161tudijnom odbore farmaceutick\u00fd laborant &nbsp;&nbsp;&nbsp;&nbsp;&nbsp;&nbsp;&nbsp;&nbsp;&nbsp;&nbsp;&nbsp;&nbsp;&nbsp;&nbsp;&nbsp; Ariana K\u00edgy\u00f3siov\u00e1 \u2013 Akn\u00e9 sp\u00f4sob terapie&nbsp; v \u0161tudijnom &hellip;Zobrazi\u0165\" \/>\n<meta property=\"og:url\" content=\"https:\/\/moyzeska.sk\/index.php\/skolsky-rok-2019-2020\/\" \/>\n<meta property=\"og:site_name\" content=\"Stredn\u00e1 zdravotn\u00edcka \u0161kola, Moyzesova 17, Ko\u0161ice\" \/>\n<meta property=\"article:publisher\" content=\"https:\/\/www.facebook.com\/Moyzeska\" \/>\n<meta property=\"article:modified_time\" content=\"2021-03-11T09:36:22+00:00\" \/>\n<meta name=\"twitter:card\" content=\"summary_large_image\" \/>\n<meta name=\"twitter:label1\" content=\"Predpokladan\u00fd \u010das \u010d\u00edtania\" \/>\n\t<meta name=\"twitter:data1\" content=\"1 min\u00fata\" \/>\n<script type=\"application\/ld+json\" class=\"yoast-schema-graph\">{\"@context\":\"https:\/\/schema.org\",\"@graph\":[{\"@type\":\"WebPage\",\"@id\":\"https:\/\/moyzeska.sk\/index.php\/skolsky-rok-2019-2020\/\",\"url\":\"https:\/\/moyzeska.sk\/index.php\/skolsky-rok-2019-2020\/\",\"name\":\"\u0160kolsk\u00fd rok 2019\/2020 - Stredn\u00e1 zdravotn\u00edcka \u0161kola, Moyzesova 17, Ko\u0161ice\",\"isPartOf\":{\"@id\":\"https:\/\/moyzeska.sk\/#website\"},\"datePublished\":\"2021-03-11T09:32:29+00:00\",\"dateModified\":\"2021-03-11T09:36:22+00:00\",\"breadcrumb\":{\"@id\":\"https:\/\/moyzeska.sk\/index.php\/skolsky-rok-2019-2020\/#breadcrumb\"},\"inLanguage\":\"sk-SK\",\"potentialAction\":[{\"@type\":\"ReadAction\",\"target\":[\"https:\/\/moyzeska.sk\/index.php\/skolsky-rok-2019-2020\/\"]}]},{\"@type\":\"BreadcrumbList\",\"@id\":\"https:\/\/moyzeska.sk\/index.php\/skolsky-rok-2019-2020\/#breadcrumb\",\"itemListElement\":[{\"@type\":\"ListItem\",\"position\":1,\"name\":\"Home\",\"item\":\"https:\/\/moyzeska.sk\/\"},{\"@type\":\"ListItem\",\"position\":2,\"name\":\"\u0160kolsk\u00fd rok 2019\/2020\"}]},{\"@type\":\"WebSite\",\"@id\":\"https:\/\/moyzeska.sk\/#website\",\"url\":\"https:\/\/moyzeska.sk\/\",\"name\":\"Stredn\u00e1 zdravotn\u00edcka \u0161kola, Moyzesova 17, Ko\u0161ice\",\"description\":\"\",\"publisher\":{\"@id\":\"https:\/\/moyzeska.sk\/#organization\"},\"potentialAction\":[{\"@type\":\"SearchAction\",\"target\":{\"@type\":\"EntryPoint\",\"urlTemplate\":\"https:\/\/moyzeska.sk\/?s={search_term_string}\"},\"query-input\":\"required name=search_term_string\"}],\"inLanguage\":\"sk-SK\"},{\"@type\":\"Organization\",\"@id\":\"https:\/\/moyzeska.sk\/#organization\",\"name\":\"Stredn\u00e1 zdravotn\u00edcka \u0161kola, Moyzesova 17, Ko\u0161ice\",\"url\":\"https:\/\/moyzeska.sk\/\",\"logo\":{\"@type\":\"ImageObject\",\"inLanguage\":\"sk-SK\",\"@id\":\"https:\/\/moyzeska.sk\/#\/schema\/logo\/image\/\",\"url\":\"https:\/\/moyzeska.sk\/wp-content\/uploads\/2020\/09\/SZS-logo.png\",\"contentUrl\":\"https:\/\/moyzeska.sk\/wp-content\/uploads\/2020\/09\/SZS-logo.png\",\"width\":300,\"height\":300,\"caption\":\"Stredn\u00e1 zdravotn\u00edcka \u0161kola, Moyzesova 17, Ko\u0161ice\"},\"image\":{\"@id\":\"https:\/\/moyzeska.sk\/#\/schema\/logo\/image\/\"},\"sameAs\":[\"https:\/\/www.facebook.com\/Moyzeska\",\"https:\/\/www.instagram.com\/moyzeska\/\"]}]}<\/script>\n<!-- \/ Yoast SEO plugin. -->","yoast_head_json":{"title":"\u0160kolsk\u00fd rok 2019\/2020 - Stredn\u00e1 zdravotn\u00edcka \u0161kola, Moyzesova 17, Ko\u0161ice","robots":{"index":"index","follow":"follow","max-snippet":"max-snippet:-1","max-image-preview":"max-image-preview:large","max-video-preview":"max-video-preview:-1"},"canonical":"https:\/\/moyzeska.sk\/index.php\/skolsky-rok-2019-2020\/","og_locale":"sk_SK","og_type":"article","og_title":"\u0160kolsk\u00fd rok 2019\/2020 - Stredn\u00e1 zdravotn\u00edcka \u0161kola, Moyzesova 17, Ko\u0161ice","og_description":"V\u00ddSLEDKY S\u00da\u0164A\u017d\u00cd A OLYMPI\u00c1D S\u00fa\u0165a\u017en\u00e1 prehliadka pr\u00e1c LAB AKAD\u00c9MIA KO\u0160ICE &#8211; \u0161kolsk\u00e9 kolo &nbsp;V\u00ed\u0165azn\u00e9 pr\u00e1ce v jednotliv\u00fdch \u0161tudijn\u00fdch odboroch v \u0161tudijnom odbore asistent v\u00fd\u017eivy &nbsp;&nbsp;&nbsp;&nbsp;&nbsp;&nbsp;&nbsp;&nbsp;&nbsp;&nbsp;&nbsp;&nbsp;&nbsp;&nbsp;&nbsp; Katar\u00edna Urdov\u00e1 \u2013 Histam\u00ednov\u00e1 intolerancia v \u0161tudijnom odbore o\u010dn\u00fd optik &nbsp;&nbsp;&nbsp;&nbsp;&nbsp;&nbsp;&nbsp;&nbsp;&nbsp;&nbsp;&nbsp;&nbsp;&nbsp;&nbsp;&nbsp; Lenka Dan\u010dov\u00e1 \u2013 Ametrick\u00e9 oko v \u0161tudijnom odbore farmaceutick\u00fd laborant &nbsp;&nbsp;&nbsp;&nbsp;&nbsp;&nbsp;&nbsp;&nbsp;&nbsp;&nbsp;&nbsp;&nbsp;&nbsp;&nbsp;&nbsp; Ariana K\u00edgy\u00f3siov\u00e1 \u2013 Akn\u00e9 sp\u00f4sob terapie&nbsp; v \u0161tudijnom &hellip;Zobrazi\u0165","og_url":"https:\/\/moyzeska.sk\/index.php\/skolsky-rok-2019-2020\/","og_site_name":"Stredn\u00e1 zdravotn\u00edcka \u0161kola, Moyzesova 17, Ko\u0161ice","article_publisher":"https:\/\/www.facebook.com\/Moyzeska","article_modified_time":"2021-03-11T09:36:22+00:00","twitter_card":"summary_large_image","twitter_misc":{"Predpokladan\u00fd \u010das \u010d\u00edtania":"1 min\u00fata"},"schema":{"@context":"https:\/\/schema.org","@graph":[{"@type":"WebPage","@id":"https:\/\/moyzeska.sk\/index.php\/skolsky-rok-2019-2020\/","url":"https:\/\/moyzeska.sk\/index.php\/skolsky-rok-2019-2020\/","name":"\u0160kolsk\u00fd rok 2019\/2020 - Stredn\u00e1 zdravotn\u00edcka \u0161kola, Moyzesova 17, Ko\u0161ice","isPartOf":{"@id":"https:\/\/moyzeska.sk\/#website"},"datePublished":"2021-03-11T09:32:29+00:00","dateModified":"2021-03-11T09:36:22+00:00","breadcrumb":{"@id":"https:\/\/moyzeska.sk\/index.php\/skolsky-rok-2019-2020\/#breadcrumb"},"inLanguage":"sk-SK","potentialAction":[{"@type":"ReadAction","target":["https:\/\/moyzeska.sk\/index.php\/skolsky-rok-2019-2020\/"]}]},{"@type":"BreadcrumbList","@id":"https:\/\/moyzeska.sk\/index.php\/skolsky-rok-2019-2020\/#breadcrumb","itemListElement":[{"@type":"ListItem","position":1,"name":"Home","item":"https:\/\/moyzeska.sk\/"},{"@type":"ListItem","position":2,"name":"\u0160kolsk\u00fd rok 2019\/2020"}]},{"@type":"WebSite","@id":"https:\/\/moyzeska.sk\/#website","url":"https:\/\/moyzeska.sk\/","name":"Stredn\u00e1 zdravotn\u00edcka \u0161kola, Moyzesova 17, Ko\u0161ice","description":"","publisher":{"@id":"https:\/\/moyzeska.sk\/#organization"},"potentialAction":[{"@type":"SearchAction","target":{"@type":"EntryPoint","urlTemplate":"https:\/\/moyzeska.sk\/?s={search_term_string}"},"query-input":"required name=search_term_string"}],"inLanguage":"sk-SK"},{"@type":"Organization","@id":"https:\/\/moyzeska.sk\/#organization","name":"Stredn\u00e1 zdravotn\u00edcka \u0161kola, Moyzesova 17, Ko\u0161ice","url":"https:\/\/moyzeska.sk\/","logo":{"@type":"ImageObject","inLanguage":"sk-SK","@id":"https:\/\/moyzeska.sk\/#\/schema\/logo\/image\/","url":"https:\/\/moyzeska.sk\/wp-content\/uploads\/2020\/09\/SZS-logo.png","contentUrl":"https:\/\/moyzeska.sk\/wp-content\/uploads\/2020\/09\/SZS-logo.png","width":300,"height":300,"caption":"Stredn\u00e1 zdravotn\u00edcka \u0161kola, Moyzesova 17, Ko\u0161ice"},"image":{"@id":"https:\/\/moyzeska.sk\/#\/schema\/logo\/image\/"},"sameAs":["https:\/\/www.facebook.com\/Moyzeska","https:\/\/www.instagram.com\/moyzeska\/"]}]}},"_links":{"self":[{"href":"https:\/\/moyzeska.sk\/index.php\/wp-json\/wp\/v2\/pages\/2202"}],"collection":[{"href":"https:\/\/moyzeska.sk\/index.php\/wp-json\/wp\/v2\/pages"}],"about":[{"href":"https:\/\/moyzeska.sk\/index.php\/wp-json\/wp\/v2\/types\/page"}],"author":[{"embeddable":true,"href":"https:\/\/moyzeska.sk\/index.php\/wp-json\/wp\/v2\/users\/1"}],"replies":[{"embeddable":true,"href":"https:\/\/moyzeska.sk\/index.php\/wp-json\/wp\/v2\/comments?post=2202"}],"version-history":[{"count":2,"href":"https:\/\/moyzeska.sk\/index.php\/wp-json\/wp\/v2\/pages\/2202\/revisions"}],"predecessor-version":[{"id":2210,"href":"https:\/\/moyzeska.sk\/index.php\/wp-json\/wp\/v2\/pages\/2202\/revisions\/2210"}],"wp:attachment":[{"href":"https:\/\/moyzeska.sk\/index.php\/wp-json\/wp\/v2\/media?parent=2202"}],"curies":[{"name":"wp","href":"https:\/\/api.w.org\/{rel}","templated":true}]}}