{"id":1996,"date":"2021-02-03T08:07:55","date_gmt":"2021-02-03T07:07:55","guid":{"rendered":"https:\/\/moyzeska.sk\/?page_id=1996"},"modified":"2021-04-17T16:54:11","modified_gmt":"2021-04-17T14:54:11","slug":"okruhy-tem-k-prijimacim-skuskam-2021-2022","status":"publish","type":"page","link":"https:\/\/moyzeska.sk\/index.php\/okruhy-tem-k-prijimacim-skuskam-2021-2022\/","title":{"rendered":"Okruhy t\u00e9m pre prij\u00edmacie sk\u00fa\u0161ky na \u0161k. rok 2021\/2022"},"content":{"rendered":"\n<p><strong>Obsah prij\u00edmacej sk\u00fa\u0161ky zo slovensk\u00e9ho jazyka a literat\u00fary:<\/strong><br>\u00dalohy z u\u010diva slovensk\u00e9ho jazyka a literat\u00fary v rozsahu predp\u00edsanom \u0160VP ISCED 2.<\/p>\n\n\n\n<p><strong>Obsah prij\u00edmacej sk\u00fa\u0161ky z ch\u00e9mie:<\/strong><br>\u00dalohy z u\u010diva ch\u00e9mie v rozsahu predp\u00edsanom \u0160VP ISCED 2.<\/p>\n\n\n\n<ol><li><strong>Ch\u00e9mia okolo n\u00e1s:<\/strong><ul><li>objavovanie ch\u00e9mie v na\u0161om okol\u00ed,<\/li><li>sk\u00famanie vlastnost\u00ed l\u00e1tok,<\/li><li>zmesi a chemicky \u010dist\u00e9 l\u00e1tky,<\/li><li>l\u00e1tky, nevyhnutn\u00e9 pre n\u00e1\u0161 \u017eivot: voda a\u00a0vzduch.<\/li><\/ul><\/li><li><strong>Premeny l\u00e1tok:<\/strong><ul><li>spozn\u00e1vanie chemick\u00fdch reakci\u00ed v na\u0161om okol\u00ed,<\/li><li>zmeny pri chemick\u00fdch reakci\u00e1ch.<\/li><\/ul><\/li><li><strong>Zlo\u017eenie l\u00e1tok:<\/strong><ul><li>chemick\u00e9 prvky a\u00a0zl\u00fa\u010deniny,<\/li><li>\u010dastice l\u00e1tok: at\u00f3my, molekuly a\u00a0i\u00f3ny,<\/li><li>periodick\u00e1 s\u00fastava prvkov.<\/li><\/ul><\/li><li><strong>V\u00fdznamn\u00e9 chemick\u00e9 prvky a zl\u00fa\u010deniny<\/strong><\/li><li><strong>Chemick\u00e9 v\u00fdpo\u010dty:<\/strong><ul><li>zlo\u017eenie roztokov.<\/li><\/ul><\/li><li><strong>Organick\u00e9 l\u00e1tky:<\/strong><ul><li>vlastnosti jednoduch\u00fdch organick\u00fdch l\u00e1tok,<\/li><li>uh\u013eovod\u00edky,<\/li><li>deriv\u00e1ty uh\u013eovod\u00edkov,<\/li><li>organick\u00e9 l\u00e1tky v \u017eiv\u00fdch organizmoch,<\/li><li>organick\u00e9 l\u00e1tky v\u00a0be\u017enom \u017eivote.<\/li><\/ul><\/li><\/ol>\n\n\n\n<p><strong>Obsah prij\u00edmacej sk\u00fa\u0161ky z biol\u00f3gie:<\/strong><br>\u00dalohy z vybran\u00e9ho u\u010diva biol\u00f3gie \u0160VP ISCED 2:<\/p>\n\n\n\n<ol><li><strong>Pr\u00edroda a \u017eivot<\/strong><\/li><li><strong>\u017divot s \u010dlovekom a v \u013eudsk\u00fdch s\u00eddlach<\/strong><\/li><li><strong>Z\u00e1kladn\u00e1 \u0161trukt\u00fara \u017eivota<\/strong><\/li><li><strong>\u017div\u00e9 organizmy a ich stavba<\/strong><\/li><li><strong>\u010clovek a jeho telo<\/strong><\/li><li><strong>Zdravie a \u017eivot \u010dloveka<\/strong><\/li><li><strong>Z\u00e1kladn\u00e1 stavba organizmov<\/strong><\/li><li><strong>Dedi\u010dnos\u0165 a jej podstata<\/strong><\/li><li><strong>\u017divotn\u00e9 prostredie organizmov a \u010dloveka<\/strong><\/li><\/ol>\n","protected":false},"excerpt":{"rendered":"<p>Obsah prij\u00edmacej sk\u00fa\u0161ky zo slovensk\u00e9ho jazyka a literat\u00fary:\u00dalohy z u\u010diva slovensk\u00e9ho jazyka a literat\u00fary v rozsahu predp\u00edsanom \u0160VP ISCED 2. Obsah prij\u00edmacej sk\u00fa\u0161ky z ch\u00e9mie:\u00dalohy z u\u010diva ch\u00e9mie v rozsahu predp\u00edsanom \u0160VP ISCED 2. Ch\u00e9mia okolo n\u00e1s: objavovanie ch\u00e9mie v na\u0161om okol\u00ed, sk\u00famanie vlastnost\u00ed l\u00e1tok, zmesi a chemicky \u010dist\u00e9 l\u00e1tky, l\u00e1tky, nevyhnutn\u00e9 pre n\u00e1\u0161 \u017eivot: &hellip;<br \/><a href=\"https:\/\/moyzeska.sk\/index.php\/okruhy-tem-k-prijimacim-skuskam-2021-2022\/\" class=\"more-link pen_button pen_element_default pen_icon_arrow_double\">Zobrazi\u0165<\/a><\/p>\n","protected":false},"author":1,"featured_media":0,"parent":0,"menu_order":0,"comment_status":"closed","ping_status":"closed","template":"","meta":{"_monsterinsights_skip_tracking":false,"_monsterinsights_sitenote_active":false,"_monsterinsights_sitenote_note":"","_monsterinsights_sitenote_category":0},"yoast_head":"<!-- This site is optimized with the Yoast SEO plugin v21.8.1 - https:\/\/yoast.com\/wordpress\/plugins\/seo\/ -->\n<title>Okruhy t\u00e9m pre prij\u00edmacie sk\u00fa\u0161ky na \u0161k. rok 2021\/2022 - Stredn\u00e1 zdravotn\u00edcka \u0161kola, Moyzesova 17, Ko\u0161ice<\/title>\n<meta name=\"robots\" content=\"index, follow, max-snippet:-1, max-image-preview:large, max-video-preview:-1\" \/>\n<link rel=\"canonical\" href=\"https:\/\/moyzeska.sk\/index.php\/okruhy-tem-k-prijimacim-skuskam-2021-2022\/\" \/>\n<meta property=\"og:locale\" content=\"sk_SK\" \/>\n<meta property=\"og:type\" content=\"article\" \/>\n<meta property=\"og:title\" content=\"Okruhy t\u00e9m pre prij\u00edmacie sk\u00fa\u0161ky na \u0161k. rok 2021\/2022 - Stredn\u00e1 zdravotn\u00edcka \u0161kola, Moyzesova 17, Ko\u0161ice\" \/>\n<meta property=\"og:description\" content=\"Obsah prij\u00edmacej sk\u00fa\u0161ky zo slovensk\u00e9ho jazyka a literat\u00fary:\u00dalohy z u\u010diva slovensk\u00e9ho jazyka a literat\u00fary v rozsahu predp\u00edsanom \u0160VP ISCED 2. Obsah prij\u00edmacej sk\u00fa\u0161ky z ch\u00e9mie:\u00dalohy z u\u010diva ch\u00e9mie v rozsahu predp\u00edsanom \u0160VP ISCED 2. Ch\u00e9mia okolo n\u00e1s: objavovanie ch\u00e9mie v na\u0161om okol\u00ed, sk\u00famanie vlastnost\u00ed l\u00e1tok, zmesi a chemicky \u010dist\u00e9 l\u00e1tky, l\u00e1tky, nevyhnutn\u00e9 pre n\u00e1\u0161 \u017eivot: &hellip;Zobrazi\u0165\" \/>\n<meta property=\"og:url\" content=\"https:\/\/moyzeska.sk\/index.php\/okruhy-tem-k-prijimacim-skuskam-2021-2022\/\" \/>\n<meta property=\"og:site_name\" content=\"Stredn\u00e1 zdravotn\u00edcka \u0161kola, Moyzesova 17, Ko\u0161ice\" \/>\n<meta property=\"article:publisher\" content=\"https:\/\/www.facebook.com\/Moyzeska\" \/>\n<meta property=\"article:modified_time\" content=\"2021-04-17T14:54:11+00:00\" \/>\n<meta name=\"twitter:card\" content=\"summary_large_image\" \/>\n<meta name=\"twitter:label1\" content=\"Predpokladan\u00fd \u010das \u010d\u00edtania\" \/>\n\t<meta name=\"twitter:data1\" content=\"1 min\u00fata\" \/>\n<script type=\"application\/ld+json\" class=\"yoast-schema-graph\">{\"@context\":\"https:\/\/schema.org\",\"@graph\":[{\"@type\":\"WebPage\",\"@id\":\"https:\/\/moyzeska.sk\/index.php\/okruhy-tem-k-prijimacim-skuskam-2021-2022\/\",\"url\":\"https:\/\/moyzeska.sk\/index.php\/okruhy-tem-k-prijimacim-skuskam-2021-2022\/\",\"name\":\"Okruhy t\u00e9m pre prij\u00edmacie sk\u00fa\u0161ky na \u0161k. rok 2021\/2022 - Stredn\u00e1 zdravotn\u00edcka \u0161kola, Moyzesova 17, Ko\u0161ice\",\"isPartOf\":{\"@id\":\"https:\/\/moyzeska.sk\/#website\"},\"datePublished\":\"2021-02-03T07:07:55+00:00\",\"dateModified\":\"2021-04-17T14:54:11+00:00\",\"breadcrumb\":{\"@id\":\"https:\/\/moyzeska.sk\/index.php\/okruhy-tem-k-prijimacim-skuskam-2021-2022\/#breadcrumb\"},\"inLanguage\":\"sk-SK\",\"potentialAction\":[{\"@type\":\"ReadAction\",\"target\":[\"https:\/\/moyzeska.sk\/index.php\/okruhy-tem-k-prijimacim-skuskam-2021-2022\/\"]}]},{\"@type\":\"BreadcrumbList\",\"@id\":\"https:\/\/moyzeska.sk\/index.php\/okruhy-tem-k-prijimacim-skuskam-2021-2022\/#breadcrumb\",\"itemListElement\":[{\"@type\":\"ListItem\",\"position\":1,\"name\":\"Home\",\"item\":\"https:\/\/moyzeska.sk\/\"},{\"@type\":\"ListItem\",\"position\":2,\"name\":\"Okruhy t\u00e9m pre prij\u00edmacie sk\u00fa\u0161ky na \u0161k. rok 2021\/2022\"}]},{\"@type\":\"WebSite\",\"@id\":\"https:\/\/moyzeska.sk\/#website\",\"url\":\"https:\/\/moyzeska.sk\/\",\"name\":\"Stredn\u00e1 zdravotn\u00edcka \u0161kola, Moyzesova 17, Ko\u0161ice\",\"description\":\"\",\"publisher\":{\"@id\":\"https:\/\/moyzeska.sk\/#organization\"},\"potentialAction\":[{\"@type\":\"SearchAction\",\"target\":{\"@type\":\"EntryPoint\",\"urlTemplate\":\"https:\/\/moyzeska.sk\/?s={search_term_string}\"},\"query-input\":\"required name=search_term_string\"}],\"inLanguage\":\"sk-SK\"},{\"@type\":\"Organization\",\"@id\":\"https:\/\/moyzeska.sk\/#organization\",\"name\":\"Stredn\u00e1 zdravotn\u00edcka \u0161kola, Moyzesova 17, Ko\u0161ice\",\"url\":\"https:\/\/moyzeska.sk\/\",\"logo\":{\"@type\":\"ImageObject\",\"inLanguage\":\"sk-SK\",\"@id\":\"https:\/\/moyzeska.sk\/#\/schema\/logo\/image\/\",\"url\":\"https:\/\/moyzeska.sk\/wp-content\/uploads\/2020\/09\/SZS-logo.png\",\"contentUrl\":\"https:\/\/moyzeska.sk\/wp-content\/uploads\/2020\/09\/SZS-logo.png\",\"width\":300,\"height\":300,\"caption\":\"Stredn\u00e1 zdravotn\u00edcka \u0161kola, Moyzesova 17, Ko\u0161ice\"},\"image\":{\"@id\":\"https:\/\/moyzeska.sk\/#\/schema\/logo\/image\/\"},\"sameAs\":[\"https:\/\/www.facebook.com\/Moyzeska\",\"https:\/\/www.instagram.com\/moyzeska\/\"]}]}<\/script>\n<!-- \/ Yoast SEO plugin. -->","yoast_head_json":{"title":"Okruhy t\u00e9m pre prij\u00edmacie sk\u00fa\u0161ky na \u0161k. rok 2021\/2022 - Stredn\u00e1 zdravotn\u00edcka \u0161kola, Moyzesova 17, Ko\u0161ice","robots":{"index":"index","follow":"follow","max-snippet":"max-snippet:-1","max-image-preview":"max-image-preview:large","max-video-preview":"max-video-preview:-1"},"canonical":"https:\/\/moyzeska.sk\/index.php\/okruhy-tem-k-prijimacim-skuskam-2021-2022\/","og_locale":"sk_SK","og_type":"article","og_title":"Okruhy t\u00e9m pre prij\u00edmacie sk\u00fa\u0161ky na \u0161k. rok 2021\/2022 - Stredn\u00e1 zdravotn\u00edcka \u0161kola, Moyzesova 17, Ko\u0161ice","og_description":"Obsah prij\u00edmacej sk\u00fa\u0161ky zo slovensk\u00e9ho jazyka a literat\u00fary:\u00dalohy z u\u010diva slovensk\u00e9ho jazyka a literat\u00fary v rozsahu predp\u00edsanom \u0160VP ISCED 2. Obsah prij\u00edmacej sk\u00fa\u0161ky z ch\u00e9mie:\u00dalohy z u\u010diva ch\u00e9mie v rozsahu predp\u00edsanom \u0160VP ISCED 2. Ch\u00e9mia okolo n\u00e1s: objavovanie ch\u00e9mie v na\u0161om okol\u00ed, sk\u00famanie vlastnost\u00ed l\u00e1tok, zmesi a chemicky \u010dist\u00e9 l\u00e1tky, l\u00e1tky, nevyhnutn\u00e9 pre n\u00e1\u0161 \u017eivot: &hellip;Zobrazi\u0165","og_url":"https:\/\/moyzeska.sk\/index.php\/okruhy-tem-k-prijimacim-skuskam-2021-2022\/","og_site_name":"Stredn\u00e1 zdravotn\u00edcka \u0161kola, Moyzesova 17, Ko\u0161ice","article_publisher":"https:\/\/www.facebook.com\/Moyzeska","article_modified_time":"2021-04-17T14:54:11+00:00","twitter_card":"summary_large_image","twitter_misc":{"Predpokladan\u00fd \u010das \u010d\u00edtania":"1 min\u00fata"},"schema":{"@context":"https:\/\/schema.org","@graph":[{"@type":"WebPage","@id":"https:\/\/moyzeska.sk\/index.php\/okruhy-tem-k-prijimacim-skuskam-2021-2022\/","url":"https:\/\/moyzeska.sk\/index.php\/okruhy-tem-k-prijimacim-skuskam-2021-2022\/","name":"Okruhy t\u00e9m pre prij\u00edmacie sk\u00fa\u0161ky na \u0161k. rok 2021\/2022 - Stredn\u00e1 zdravotn\u00edcka \u0161kola, Moyzesova 17, Ko\u0161ice","isPartOf":{"@id":"https:\/\/moyzeska.sk\/#website"},"datePublished":"2021-02-03T07:07:55+00:00","dateModified":"2021-04-17T14:54:11+00:00","breadcrumb":{"@id":"https:\/\/moyzeska.sk\/index.php\/okruhy-tem-k-prijimacim-skuskam-2021-2022\/#breadcrumb"},"inLanguage":"sk-SK","potentialAction":[{"@type":"ReadAction","target":["https:\/\/moyzeska.sk\/index.php\/okruhy-tem-k-prijimacim-skuskam-2021-2022\/"]}]},{"@type":"BreadcrumbList","@id":"https:\/\/moyzeska.sk\/index.php\/okruhy-tem-k-prijimacim-skuskam-2021-2022\/#breadcrumb","itemListElement":[{"@type":"ListItem","position":1,"name":"Home","item":"https:\/\/moyzeska.sk\/"},{"@type":"ListItem","position":2,"name":"Okruhy t\u00e9m pre prij\u00edmacie sk\u00fa\u0161ky na \u0161k. rok 2021\/2022"}]},{"@type":"WebSite","@id":"https:\/\/moyzeska.sk\/#website","url":"https:\/\/moyzeska.sk\/","name":"Stredn\u00e1 zdravotn\u00edcka \u0161kola, Moyzesova 17, Ko\u0161ice","description":"","publisher":{"@id":"https:\/\/moyzeska.sk\/#organization"},"potentialAction":[{"@type":"SearchAction","target":{"@type":"EntryPoint","urlTemplate":"https:\/\/moyzeska.sk\/?s={search_term_string}"},"query-input":"required name=search_term_string"}],"inLanguage":"sk-SK"},{"@type":"Organization","@id":"https:\/\/moyzeska.sk\/#organization","name":"Stredn\u00e1 zdravotn\u00edcka \u0161kola, Moyzesova 17, Ko\u0161ice","url":"https:\/\/moyzeska.sk\/","logo":{"@type":"ImageObject","inLanguage":"sk-SK","@id":"https:\/\/moyzeska.sk\/#\/schema\/logo\/image\/","url":"https:\/\/moyzeska.sk\/wp-content\/uploads\/2020\/09\/SZS-logo.png","contentUrl":"https:\/\/moyzeska.sk\/wp-content\/uploads\/2020\/09\/SZS-logo.png","width":300,"height":300,"caption":"Stredn\u00e1 zdravotn\u00edcka \u0161kola, Moyzesova 17, Ko\u0161ice"},"image":{"@id":"https:\/\/moyzeska.sk\/#\/schema\/logo\/image\/"},"sameAs":["https:\/\/www.facebook.com\/Moyzeska","https:\/\/www.instagram.com\/moyzeska\/"]}]}},"_links":{"self":[{"href":"https:\/\/moyzeska.sk\/index.php\/wp-json\/wp\/v2\/pages\/1996"}],"collection":[{"href":"https:\/\/moyzeska.sk\/index.php\/wp-json\/wp\/v2\/pages"}],"about":[{"href":"https:\/\/moyzeska.sk\/index.php\/wp-json\/wp\/v2\/types\/page"}],"author":[{"embeddable":true,"href":"https:\/\/moyzeska.sk\/index.php\/wp-json\/wp\/v2\/users\/1"}],"replies":[{"embeddable":true,"href":"https:\/\/moyzeska.sk\/index.php\/wp-json\/wp\/v2\/comments?post=1996"}],"version-history":[{"count":5,"href":"https:\/\/moyzeska.sk\/index.php\/wp-json\/wp\/v2\/pages\/1996\/revisions"}],"predecessor-version":[{"id":2302,"href":"https:\/\/moyzeska.sk\/index.php\/wp-json\/wp\/v2\/pages\/1996\/revisions\/2302"}],"wp:attachment":[{"href":"https:\/\/moyzeska.sk\/index.php\/wp-json\/wp\/v2\/media?parent=1996"}],"curies":[{"name":"wp","href":"https:\/\/api.w.org\/{rel}","templated":true}]}}