{"id":1871,"date":"2021-01-21T10:43:23","date_gmt":"2021-01-21T09:43:23","guid":{"rendered":"https:\/\/moyzeska.sk\/?page_id=1871"},"modified":"2021-01-27T20:15:23","modified_gmt":"2021-01-27T19:15:23","slug":"zo_zivota_nasej_skoly","status":"publish","type":"page","link":"https:\/\/moyzeska.sk\/index.php\/zo_zivota_nasej_skoly\/","title":{"rendered":"Pomenuj predmety na obr\u00e1zkoch. Spr\u00e1vnu odpove\u010f m\u00e1\u0161 skryt\u00fa pod tla\u010didlom \u201eZobrazi\u0165\u201c"},"content":{"rendered":"\n<p class=\"has-text-align-left\"><strong><em>\u010co vid\u00ed\u0161? Detail \u0161piny, alebo \u017eeby nejak\u00e9 riasy?!<\/em><\/strong><\/p>\n\n\n\n<figure class=\"wp-block-image size-large is-resized\"><img decoding=\"async\" loading=\"lazy\" src=\"https:\/\/moyzeska.sk\/wp-content\/uploads\/2021\/01\/DOD_01-2.jpg\" alt=\"\" class=\"wp-image-1872\" width=\"711\" height=\"398\" srcset=\"https:\/\/moyzeska.sk\/wp-content\/uploads\/2021\/01\/DOD_01-2.jpg 996w, https:\/\/moyzeska.sk\/wp-content\/uploads\/2021\/01\/DOD_01-2-300x168.jpg 300w, https:\/\/moyzeska.sk\/wp-content\/uploads\/2021\/01\/DOD_01-2-768x430.jpg 768w\" sizes=\"(max-width: 711px) 100vw, 711px\" \/><\/figure>\n\n\n<p style=\"text-align: center;\"><input type='hidden' bg_collapse_expand='69f3848f02b819071895920' value='69f3848f02b819071895920'><input type='hidden' id='bg-show-more-text-69f3848f02b819071895920' value='Zobrazi\u0165'><input type='hidden' id='bg-show-less-text-69f3848f02b819071895920' value='Skry\u0165'><button id='bg-showmore-action-69f3848f02b819071895920' class='bg-showmore-plg-button bg-blue-button bg-zoom '   style=\" color:#fcfcfc;\">Zobrazi\u0165<\/button><div id='bg-showmore-hidden-69f3848f02b819071895920' ><strong><i>Viri\u00f3ny<\/i><i> SARS-COV-2 nap\u00e1daj\u00fa bunky, ktor\u00e9 vystielaj\u00fa \u013eudsk\u00e9 d\u00fdchacie <\/i><i>cesty<\/i><i>.<\/i><\/strong><\/div><\/p>\n\n\n<hr class=\"wp-block-separator\"\/>\n\n\n\n<p><strong><em>Piercing na po\u010dkanie?<\/em><\/strong><\/p>\n\n\n\n<div class=\"wp-block-image\"><figure class=\"aligncenter size-large\"><img decoding=\"async\" loading=\"lazy\" width=\"702\" height=\"336\" src=\"https:\/\/moyzeska.sk\/wp-content\/uploads\/2021\/01\/DOD_02-2.png\" alt=\"\" class=\"wp-image-1873\" srcset=\"https:\/\/moyzeska.sk\/wp-content\/uploads\/2021\/01\/DOD_02-2.png 702w, https:\/\/moyzeska.sk\/wp-content\/uploads\/2021\/01\/DOD_02-2-300x144.png 300w\" sizes=\"(max-width: 702px) 100vw, 702px\" \/><\/figure><\/div>\n\n\n<p style=\"text-align: center;\"><input type='hidden' bg_collapse_expand='69f3848f02cb46063568769' value='69f3848f02cb46063568769'><input type='hidden' id='bg-show-more-text-69f3848f02cb46063568769' value='Zobrazi\u0165'><input type='hidden' id='bg-show-less-text-69f3848f02cb46063568769' value='Skry\u0165'><button id='bg-showmore-action-69f3848f02cb46063568769' class='bg-showmore-plg-button bg-blue-button bg-zoom '   style=\" color:#fcfcfc;\">Zobrazi\u0165<\/button><div id='bg-showmore-hidden-69f3848f02cb46063568769' ><em><strong>Meranie telesn\u00e9ho tuku.<\/strong><\/em><\/div><\/p>\n\n\n<hr class=\"wp-block-separator\"\/>\n\n\n\n<p><strong><em>Hmm, donuty. Komu by nechutili? Vyber si ten svoj.<\/em><\/strong><\/p>\n\n\n\n<div class=\"wp-block-image\"><figure class=\"aligncenter size-large\"><img decoding=\"async\" loading=\"lazy\" width=\"806\" height=\"570\" src=\"https:\/\/moyzeska.sk\/wp-content\/uploads\/2021\/01\/DOD_11.jpg\" alt=\"\" class=\"wp-image-1882\" srcset=\"https:\/\/moyzeska.sk\/wp-content\/uploads\/2021\/01\/DOD_11.jpg 806w, https:\/\/moyzeska.sk\/wp-content\/uploads\/2021\/01\/DOD_11-300x212.jpg 300w, https:\/\/moyzeska.sk\/wp-content\/uploads\/2021\/01\/DOD_11-768x543.jpg 768w\" sizes=\"(max-width: 806px) 100vw, 806px\" \/><\/figure><\/div>\n\n\n<p style=\"text-align: center;\"><input type='hidden' bg_collapse_expand='69f3848f02d6e6048133675' value='69f3848f02d6e6048133675'><input type='hidden' id='bg-show-more-text-69f3848f02d6e6048133675' value='Zobrazi\u0165'><input type='hidden' id='bg-show-less-text-69f3848f02d6e6048133675' value='Skry\u0165'><button id='bg-showmore-action-69f3848f02d6e6048133675' class='bg-showmore-plg-button bg-blue-button bg-zoom '   style=\" color:#fcfcfc;\">Zobrazi\u0165<\/button><div id='bg-showmore-hidden-69f3848f02d6e6048133675' ><strong><i>O\u010dn\u00e9 d\u00fahovky.<\/i><i><\/i><\/strong><\/div><\/p>\n\n\n<hr class=\"wp-block-separator\"\/>\n\n\n\n<p><strong><em>Si si ist\u00fd, \u017ee tento optoklam je naozaj pravdiv\u00fd?<\/em><\/strong><\/p>\n\n\n\n<div class=\"wp-block-image\"><figure class=\"aligncenter size-large is-resized\"><img decoding=\"async\" loading=\"lazy\" src=\"https:\/\/moyzeska.sk\/wp-content\/uploads\/2021\/01\/DOD_04.jpg\" alt=\"\" class=\"wp-image-1875\" width=\"700\" height=\"526\" srcset=\"https:\/\/moyzeska.sk\/wp-content\/uploads\/2021\/01\/DOD_04.jpg 608w, https:\/\/moyzeska.sk\/wp-content\/uploads\/2021\/01\/DOD_04-300x225.jpg 300w\" sizes=\"(max-width: 700px) 100vw, 700px\" \/><\/figure><\/div>\n\n\n<p style=\"text-align: center;\"><input type='hidden' bg_collapse_expand='69f3848f02de57009132304' value='69f3848f02de57009132304'><input type='hidden' id='bg-show-more-text-69f3848f02de57009132304' value='Zobrazi\u0165'><input type='hidden' id='bg-show-less-text-69f3848f02de57009132304' value='Skry\u0165'><button id='bg-showmore-action-69f3848f02de57009132304' class='bg-showmore-plg-button bg-blue-button bg-zoom '   style=\" color:#fcfcfc;\">Zobrazi\u0165<\/button><div id='bg-showmore-hidden-69f3848f02de57009132304' ><em><strong>Histologick\u00fd prepar\u00e1t &#8211; cieva.<\/strong><\/em><\/div><\/p>\n\n\n<hr class=\"wp-block-separator\"\/>\n\n\n\n<p><strong><em>Stalagmit? Stalaktit? \u0160tudujete nerasty?<\/em><\/strong><\/p>\n\n\n\n<div class=\"wp-block-image\"><figure class=\"aligncenter size-large is-resized\"><img decoding=\"async\" loading=\"lazy\" src=\"https:\/\/moyzeska.sk\/wp-content\/uploads\/2021\/01\/DOD_06.png\" alt=\"\" class=\"wp-image-1877\" width=\"692\" height=\"610\" srcset=\"https:\/\/moyzeska.sk\/wp-content\/uploads\/2021\/01\/DOD_06.png 533w, https:\/\/moyzeska.sk\/wp-content\/uploads\/2021\/01\/DOD_06-300x265.png 300w\" sizes=\"(max-width: 692px) 100vw, 692px\" \/><\/figure><\/div>\n\n\n<p style=\"text-align: center;\"><input type='hidden' bg_collapse_expand='69f3848f02e532005308268' value='69f3848f02e532005308268'><input type='hidden' id='bg-show-more-text-69f3848f02e532005308268' value='Zobrazi\u0165'><input type='hidden' id='bg-show-less-text-69f3848f02e532005308268' value='Skry\u0165'><button id='bg-showmore-action-69f3848f02e532005308268' class='bg-showmore-plg-button bg-blue-button bg-zoom '   style=\" color:#fcfcfc;\">Zobrazi\u0165<\/button><div id='bg-showmore-hidden-69f3848f02e532005308268' ><b><i>Zubn\u00fd kaz<\/i><\/b><i>&nbsp;<strong>(lat.&nbsp;<\/strong><\/i><strong><i>caries<\/i> <i>dentis<\/i><i>) je&nbsp;choroba&nbsp;tvrd\u00fdch&nbsp;zubn\u00fdch&nbsp;tkan\u00edv, ktor\u00e1 sa prejavuje rozpadom&nbsp;skloviny&nbsp;a&nbsp;<\/i><i>zuboviny.<\/i><\/strong><\/div><\/p>\n\n\n<hr class=\"wp-block-separator\"\/>\n\n\n\n<p><strong><em>Mot\u00fdlie kr\u00eddla?<\/em><\/strong><\/p>\n\n\n\n<div class=\"wp-block-image\"><figure class=\"aligncenter size-large is-resized\"><img decoding=\"async\" loading=\"lazy\" src=\"https:\/\/moyzeska.sk\/wp-content\/uploads\/2021\/01\/DOD_05.jpg\" alt=\"\" class=\"wp-image-1876\" width=\"694\" height=\"520\" srcset=\"https:\/\/moyzeska.sk\/wp-content\/uploads\/2021\/01\/DOD_05.jpg 610w, https:\/\/moyzeska.sk\/wp-content\/uploads\/2021\/01\/DOD_05-300x225.jpg 300w\" sizes=\"(max-width: 694px) 100vw, 694px\" \/><\/figure><\/div>\n\n\n<p style=\"text-align: center;\"><input type='hidden' bg_collapse_expand='69f3848f02ee36005462343' value='69f3848f02ee36005462343'><input type='hidden' id='bg-show-more-text-69f3848f02ee36005462343' value='Zobrazi\u0165'><input type='hidden' id='bg-show-less-text-69f3848f02ee36005462343' value='Skry\u0165'><button id='bg-showmore-action-69f3848f02ee36005462343' class='bg-showmore-plg-button bg-blue-button bg-zoom '   style=\" color:#fcfcfc;\">Zobrazi\u0165<\/button><div id='bg-showmore-hidden-69f3848f02ee36005462343' ><em><strong>Histologick\u00fd prepar\u00e1t &#8211; miecha.<\/strong><\/em><\/div><\/p>\n\n\n<hr class=\"wp-block-separator\"\/>\n\n\n\n<p><strong><em>Sada misiek na m\u00fcsli? \u010cosi!<\/em><\/strong><\/p>\n\n\n\n<div class=\"wp-block-image\"><figure class=\"aligncenter size-large is-resized\"><img decoding=\"async\" loading=\"lazy\" src=\"https:\/\/moyzeska.sk\/wp-content\/uploads\/2021\/01\/DOD_10.png\" alt=\"\" class=\"wp-image-1881\" width=\"696\" height=\"493\"\/><\/figure><\/div>\n\n\n<p style=\"text-align: center;\"><input type='hidden' bg_collapse_expand='69f3848f02f427088801502' value='69f3848f02f427088801502'><input type='hidden' id='bg-show-more-text-69f3848f02f427088801502' value='Zobrazi\u0165'><input type='hidden' id='bg-show-less-text-69f3848f02f427088801502' value='Skry\u0165'><button id='bg-showmore-action-69f3848f02f427088801502' class='bg-showmore-plg-button bg-blue-button bg-zoom '   style=\" color:#fcfcfc;\">Zobrazi\u0165<\/button><div id='bg-showmore-hidden-69f3848f02f427088801502' ><em><strong>Kontaktn\u00e9 \u0161o\u0161ovky.<\/strong><\/em><\/div><\/p>\n\n\n<hr class=\"wp-block-separator\"\/>\n\n\n\n<p><strong><em>Hypnotick\u00e1 m\u00e4so\u017erav\u00e1 rastlina, ktor\u00e1 zl\u00e1ka svoju obe\u0165&#8230; iba \u017eeby nie?<\/em><\/strong><\/p>\n\n\n\n<div class=\"wp-block-image\"><figure class=\"aligncenter size-large is-resized\"><img decoding=\"async\" loading=\"lazy\" src=\"https:\/\/moyzeska.sk\/wp-content\/uploads\/2021\/01\/DOD_08.jpg\" alt=\"\" class=\"wp-image-1879\" width=\"695\" height=\"701\"\/><\/figure><\/div>\n\n\n<p style=\"text-align: center;\"><input type='hidden' bg_collapse_expand='69f3848f02f987062922774' value='69f3848f02f987062922774'><input type='hidden' id='bg-show-more-text-69f3848f02f987062922774' value='Zobrazi\u0165'><input type='hidden' id='bg-show-less-text-69f3848f02f987062922774' value='Skry\u0165'><button id='bg-showmore-action-69f3848f02f987062922774' class='bg-showmore-plg-button bg-blue-button bg-zoom '   style=\" color:#fcfcfc;\">Zobrazi\u0165<\/button><div id='bg-showmore-hidden-69f3848f02f987062922774' ><strong><i>Mu\u010denka<\/i> <i>opletav\u00e1<\/i><i>. Na <\/i><i>lie\u010debn\u00e9 \u00fa\u010dely sa pou\u017e\u00edva jej kvitn\u00faca v\u0148a\u0165, ktor\u00e1 sa su\u0161\u00ed a&nbsp;potom sa z&nbsp;nej rob\u00ed lie\u010div\u00fd <\/i><i>\u010daj: ak v\u00e1s <\/i><i>tr\u00e1pi nervozita, migr\u00e9na, probl\u00e9my so sp\u00e1nkom, men\u0161trua\u010dn\u00e9 bolesti, <\/i><i>menopauza<\/i><i>, vysok\u00fd krvn\u00fd tlak, dusenie \u010di b\u00fa\u0161enie srdca,&nbsp;tak si pripravte lie\u010div\u00fd \u010daj z&nbsp;<\/i><i>mu\u010denky<\/i><i>.<\/i><\/strong><\/div><\/p>\n\n\n<hr class=\"wp-block-separator\"\/>\n\n\n\n<p><strong><em>P\u00edsomka z angli\u010dtiny? Ale pre\u010do to\u013eko bio? \u017deby na pam\u00e4\u0165?<\/em><\/strong><\/p>\n\n\n\n<div class=\"wp-block-image\"><figure class=\"aligncenter size-large\"><img decoding=\"async\" loading=\"lazy\" width=\"700\" height=\"453\" src=\"https:\/\/moyzeska.sk\/wp-content\/uploads\/2021\/01\/DOD_03.jpg\" alt=\"\" class=\"wp-image-1874\" srcset=\"https:\/\/moyzeska.sk\/wp-content\/uploads\/2021\/01\/DOD_03.jpg 700w, https:\/\/moyzeska.sk\/wp-content\/uploads\/2021\/01\/DOD_03-300x194.jpg 300w\" sizes=\"(max-width: 700px) 100vw, 700px\" \/><\/figure><\/div>\n\n\n<p style=\"text-align: center;\"><input type='hidden' bg_collapse_expand='69f3848f0301b8031188012' value='69f3848f0301b8031188012'><input type='hidden' id='bg-show-more-text-69f3848f0301b8031188012' value='Zobrazi\u0165'><input type='hidden' id='bg-show-less-text-69f3848f0301b8031188012' value='Skry\u0165'><button id='bg-showmore-action-69f3848f0301b8031188012' class='bg-showmore-plg-button bg-blue-button bg-zoom '   style=\" color:#fcfcfc;\">Zobrazi\u0165<\/button><div id='bg-showmore-hidden-69f3848f0301b8031188012' ><strong><i>Stravovac\u00ed <\/i><i>z\u00e1znam<\/i><i> pacienta. <\/i><i>Pom\u00f4cka nutri\u010dn\u00e9ho terapeuta pre vytvorenie di\u00e9tneho pl\u00e1nu pre pacienta.<\/i><\/strong><\/div><\/p>\n\n\n<hr class=\"wp-block-separator\"\/>\n\n\n\n<p><strong><em>\u010co maj\u00fa kruhy na vode spolo\u010dn\u00e9 so zdravotn\u00edckou \u0161kolou?<\/em><\/strong><\/p>\n\n\n\n<div class=\"wp-block-image\"><figure class=\"aligncenter size-large\"><img decoding=\"async\" loading=\"lazy\" width=\"426\" height=\"569\" src=\"https:\/\/moyzeska.sk\/wp-content\/uploads\/2021\/01\/DOD_12.jpg\" alt=\"\" class=\"wp-image-1883\" srcset=\"https:\/\/moyzeska.sk\/wp-content\/uploads\/2021\/01\/DOD_12.jpg 426w, https:\/\/moyzeska.sk\/wp-content\/uploads\/2021\/01\/DOD_12-225x300.jpg 225w\" sizes=\"(max-width: 426px) 100vw, 426px\" \/><\/figure><\/div>\n\n\n<p style=\"text-align: center;\"><input type='hidden' bg_collapse_expand='69f3848f030919066288169' value='69f3848f030919066288169'><input type='hidden' id='bg-show-more-text-69f3848f030919066288169' value='Zobrazi\u0165'><input type='hidden' id='bg-show-less-text-69f3848f030919066288169' value='Skry\u0165'><button id='bg-showmore-action-69f3848f030919066288169' class='bg-showmore-plg-button bg-blue-button bg-zoom '   style=\" color:#fcfcfc;\">Zobrazi\u0165<\/button><div id='bg-showmore-hidden-69f3848f030919066288169' ><strong><i>Po\u0161kodenie plastovej okuliarovej \u0161o\u0161ovky teplom.<\/i><\/strong><i><\/i><\/div><\/p>\n\n\n<hr class=\"wp-block-separator\"\/>\n\n\n\n<p><strong><em>To fakt? Vyr\u00e1bate n\u00e1boje?<\/em><\/strong><\/p>\n\n\n\n<div class=\"wp-block-image\"><figure class=\"aligncenter size-large is-resized\"><img decoding=\"async\" loading=\"lazy\" src=\"https:\/\/moyzeska.sk\/wp-content\/uploads\/2021\/01\/DOD_09-1024x381.jpg\" alt=\"\" class=\"wp-image-1880\" width=\"895\" height=\"333\" srcset=\"https:\/\/moyzeska.sk\/wp-content\/uploads\/2021\/01\/DOD_09-1024x381.jpg 1024w, https:\/\/moyzeska.sk\/wp-content\/uploads\/2021\/01\/DOD_09-300x112.jpg 300w, https:\/\/moyzeska.sk\/wp-content\/uploads\/2021\/01\/DOD_09-768x286.jpg 768w, https:\/\/moyzeska.sk\/wp-content\/uploads\/2021\/01\/DOD_09.jpg 1063w\" sizes=\"(max-width: 895px) 100vw, 895px\" \/><\/figure><\/div>\n\n\n<p style=\"text-align: center;\"><input type='hidden' bg_collapse_expand='69f3848f030f54032203850' value='69f3848f030f54032203850'><input type='hidden' id='bg-show-more-text-69f3848f030f54032203850' value='Zobrazi\u0165'><input type='hidden' id='bg-show-less-text-69f3848f030f54032203850' value='Skry\u0165'><button id='bg-showmore-action-69f3848f030f54032203850' class='bg-showmore-plg-button bg-blue-button bg-zoom '   style=\" color:#fcfcfc;\">Zobrazi\u0165<\/button><div id='bg-showmore-hidden-69f3848f030f54032203850' ><strong><em>Forma na \u010dap\u00edky a pr\u00edstroj na plnenie kaps\u00fal (pr\u00edprava liekov).<\/em><\/strong><\/div><\/p>\n\n\n<hr class=\"wp-block-separator\"\/>\n\n\n\n<p><strong><em>\u010ciarky, bodky, kresbi\u010dky&#8230; \u017eeby nejak\u00e1 geometria na zdravotn\u00edckej \u0161kole?<\/em><\/strong><\/p>\n\n\n\n<div class=\"wp-block-image\"><figure class=\"aligncenter size-large is-resized\"><img decoding=\"async\" loading=\"lazy\" src=\"https:\/\/moyzeska.sk\/wp-content\/uploads\/2021\/01\/DOD_07.png\" alt=\"\" class=\"wp-image-1878\" width=\"892\" height=\"443\" srcset=\"https:\/\/moyzeska.sk\/wp-content\/uploads\/2021\/01\/DOD_07.png 917w, https:\/\/moyzeska.sk\/wp-content\/uploads\/2021\/01\/DOD_07-300x149.png 300w, https:\/\/moyzeska.sk\/wp-content\/uploads\/2021\/01\/DOD_07-768x382.png 768w\" sizes=\"(max-width: 892px) 100vw, 892px\" \/><\/figure><\/div>\n\n\n<p style=\"text-align: center;\"><input type='hidden' bg_collapse_expand='69f3848f0315c9038748736' value='69f3848f0315c9038748736'><input type='hidden' id='bg-show-more-text-69f3848f0315c9038748736' value='Zobrazi\u0165'><input type='hidden' id='bg-show-less-text-69f3848f0315c9038748736' value='Skry\u0165'><button id='bg-showmore-action-69f3848f0315c9038748736' class='bg-showmore-plg-button bg-blue-button bg-zoom '   style=\" color:#fcfcfc;\">Zobrazi\u0165<\/button><div id='bg-showmore-hidden-69f3848f0315c9038748736' ><em><strong>Zubn\u00e1 ni\u0165 a medzizubka.<\/strong><\/em><\/div><\/p>\n\n\n<hr class=\"wp-block-separator\"\/>\n","protected":false},"excerpt":{"rendered":"<p>\u010co vid\u00ed\u0161? Detail \u0161piny, alebo \u017eeby nejak\u00e9 riasy?! Piercing na po\u010dkanie? Hmm, donuty. Komu by nechutili? Vyber si ten svoj. Si si ist\u00fd, \u017ee tento optoklam je naozaj pravdiv\u00fd? Stalagmit? Stalaktit? \u0160tudujete nerasty? Mot\u00fdlie kr\u00eddla? Sada misiek na m\u00fcsli? \u010cosi! Hypnotick\u00e1 m\u00e4so\u017erav\u00e1 rastlina, ktor\u00e1 zl\u00e1ka svoju obe\u0165&#8230; iba \u017eeby nie? P\u00edsomka z angli\u010dtiny? Ale pre\u010do &hellip;<br \/><a href=\"https:\/\/moyzeska.sk\/index.php\/zo_zivota_nasej_skoly\/\" class=\"more-link pen_button pen_element_default pen_icon_arrow_double\">Zobrazi\u0165<\/a><\/p>\n","protected":false},"author":1,"featured_media":0,"parent":0,"menu_order":0,"comment_status":"closed","ping_status":"closed","template":"","meta":{"_monsterinsights_skip_tracking":false,"_monsterinsights_sitenote_active":false,"_monsterinsights_sitenote_note":"","_monsterinsights_sitenote_category":0},"yoast_head":"<!-- This site is optimized with the Yoast SEO plugin v21.8.1 - https:\/\/yoast.com\/wordpress\/plugins\/seo\/ -->\n<title>Pomenuj predmety na obr\u00e1zkoch. Spr\u00e1vnu odpove\u010f m\u00e1\u0161 skryt\u00fa pod tla\u010didlom \u201eZobrazi\u0165\u201c - Stredn\u00e1 zdravotn\u00edcka \u0161kola, Moyzesova 17, Ko\u0161ice<\/title>\n<meta name=\"robots\" content=\"index, follow, max-snippet:-1, max-image-preview:large, max-video-preview:-1\" \/>\n<link rel=\"canonical\" href=\"https:\/\/moyzeska.sk\/index.php\/zo_zivota_nasej_skoly\/\" \/>\n<meta property=\"og:locale\" content=\"sk_SK\" \/>\n<meta property=\"og:type\" content=\"article\" \/>\n<meta property=\"og:title\" content=\"Pomenuj predmety na obr\u00e1zkoch. Spr\u00e1vnu odpove\u010f m\u00e1\u0161 skryt\u00fa pod tla\u010didlom \u201eZobrazi\u0165\u201c - Stredn\u00e1 zdravotn\u00edcka \u0161kola, Moyzesova 17, Ko\u0161ice\" \/>\n<meta property=\"og:description\" content=\"\u010co vid\u00ed\u0161? Detail \u0161piny, alebo \u017eeby nejak\u00e9 riasy?! Piercing na po\u010dkanie? Hmm, donuty. Komu by nechutili? Vyber si ten svoj. Si si ist\u00fd, \u017ee tento optoklam je naozaj pravdiv\u00fd? Stalagmit? Stalaktit? \u0160tudujete nerasty? Mot\u00fdlie kr\u00eddla? Sada misiek na m\u00fcsli? \u010cosi! Hypnotick\u00e1 m\u00e4so\u017erav\u00e1 rastlina, ktor\u00e1 zl\u00e1ka svoju obe\u0165&#8230; iba \u017eeby nie? P\u00edsomka z angli\u010dtiny? Ale pre\u010do &hellip;Zobrazi\u0165\" \/>\n<meta property=\"og:url\" content=\"https:\/\/moyzeska.sk\/index.php\/zo_zivota_nasej_skoly\/\" \/>\n<meta property=\"og:site_name\" content=\"Stredn\u00e1 zdravotn\u00edcka \u0161kola, Moyzesova 17, Ko\u0161ice\" \/>\n<meta property=\"article:publisher\" content=\"https:\/\/www.facebook.com\/Moyzeska\" \/>\n<meta property=\"article:modified_time\" content=\"2021-01-27T19:15:23+00:00\" \/>\n<meta property=\"og:image\" content=\"https:\/\/moyzeska.sk\/wp-content\/uploads\/2021\/01\/DOD_01-2.jpg\" \/>\n<meta name=\"twitter:card\" content=\"summary_large_image\" \/>\n<meta name=\"twitter:label1\" content=\"Predpokladan\u00fd \u010das \u010d\u00edtania\" \/>\n\t<meta name=\"twitter:data1\" content=\"2 min\u00faty\" \/>\n<script type=\"application\/ld+json\" class=\"yoast-schema-graph\">{\"@context\":\"https:\/\/schema.org\",\"@graph\":[{\"@type\":\"WebPage\",\"@id\":\"https:\/\/moyzeska.sk\/index.php\/zo_zivota_nasej_skoly\/\",\"url\":\"https:\/\/moyzeska.sk\/index.php\/zo_zivota_nasej_skoly\/\",\"name\":\"Pomenuj predmety na obr\u00e1zkoch. Spr\u00e1vnu odpove\u010f m\u00e1\u0161 skryt\u00fa pod tla\u010didlom \u201eZobrazi\u0165\u201c - Stredn\u00e1 zdravotn\u00edcka \u0161kola, Moyzesova 17, Ko\u0161ice\",\"isPartOf\":{\"@id\":\"https:\/\/moyzeska.sk\/#website\"},\"datePublished\":\"2021-01-21T09:43:23+00:00\",\"dateModified\":\"2021-01-27T19:15:23+00:00\",\"breadcrumb\":{\"@id\":\"https:\/\/moyzeska.sk\/index.php\/zo_zivota_nasej_skoly\/#breadcrumb\"},\"inLanguage\":\"sk-SK\",\"potentialAction\":[{\"@type\":\"ReadAction\",\"target\":[\"https:\/\/moyzeska.sk\/index.php\/zo_zivota_nasej_skoly\/\"]}]},{\"@type\":\"BreadcrumbList\",\"@id\":\"https:\/\/moyzeska.sk\/index.php\/zo_zivota_nasej_skoly\/#breadcrumb\",\"itemListElement\":[{\"@type\":\"ListItem\",\"position\":1,\"name\":\"Home\",\"item\":\"https:\/\/moyzeska.sk\/\"},{\"@type\":\"ListItem\",\"position\":2,\"name\":\"Pomenuj predmety na obr\u00e1zkoch. Spr\u00e1vnu odpove\u010f m\u00e1\u0161 skryt\u00fa pod tla\u010didlom \u201eZobrazi\u0165\u201c\"}]},{\"@type\":\"WebSite\",\"@id\":\"https:\/\/moyzeska.sk\/#website\",\"url\":\"https:\/\/moyzeska.sk\/\",\"name\":\"Stredn\u00e1 zdravotn\u00edcka \u0161kola, Moyzesova 17, Ko\u0161ice\",\"description\":\"\",\"publisher\":{\"@id\":\"https:\/\/moyzeska.sk\/#organization\"},\"potentialAction\":[{\"@type\":\"SearchAction\",\"target\":{\"@type\":\"EntryPoint\",\"urlTemplate\":\"https:\/\/moyzeska.sk\/?s={search_term_string}\"},\"query-input\":\"required name=search_term_string\"}],\"inLanguage\":\"sk-SK\"},{\"@type\":\"Organization\",\"@id\":\"https:\/\/moyzeska.sk\/#organization\",\"name\":\"Stredn\u00e1 zdravotn\u00edcka \u0161kola, Moyzesova 17, Ko\u0161ice\",\"url\":\"https:\/\/moyzeska.sk\/\",\"logo\":{\"@type\":\"ImageObject\",\"inLanguage\":\"sk-SK\",\"@id\":\"https:\/\/moyzeska.sk\/#\/schema\/logo\/image\/\",\"url\":\"https:\/\/moyzeska.sk\/wp-content\/uploads\/2020\/09\/SZS-logo.png\",\"contentUrl\":\"https:\/\/moyzeska.sk\/wp-content\/uploads\/2020\/09\/SZS-logo.png\",\"width\":300,\"height\":300,\"caption\":\"Stredn\u00e1 zdravotn\u00edcka \u0161kola, Moyzesova 17, Ko\u0161ice\"},\"image\":{\"@id\":\"https:\/\/moyzeska.sk\/#\/schema\/logo\/image\/\"},\"sameAs\":[\"https:\/\/www.facebook.com\/Moyzeska\",\"https:\/\/www.instagram.com\/moyzeska\/\"]}]}<\/script>\n<!-- \/ Yoast SEO plugin. -->","yoast_head_json":{"title":"Pomenuj predmety na obr\u00e1zkoch. Spr\u00e1vnu odpove\u010f m\u00e1\u0161 skryt\u00fa pod tla\u010didlom \u201eZobrazi\u0165\u201c - Stredn\u00e1 zdravotn\u00edcka \u0161kola, Moyzesova 17, Ko\u0161ice","robots":{"index":"index","follow":"follow","max-snippet":"max-snippet:-1","max-image-preview":"max-image-preview:large","max-video-preview":"max-video-preview:-1"},"canonical":"https:\/\/moyzeska.sk\/index.php\/zo_zivota_nasej_skoly\/","og_locale":"sk_SK","og_type":"article","og_title":"Pomenuj predmety na obr\u00e1zkoch. Spr\u00e1vnu odpove\u010f m\u00e1\u0161 skryt\u00fa pod tla\u010didlom \u201eZobrazi\u0165\u201c - Stredn\u00e1 zdravotn\u00edcka \u0161kola, Moyzesova 17, Ko\u0161ice","og_description":"\u010co vid\u00ed\u0161? Detail \u0161piny, alebo \u017eeby nejak\u00e9 riasy?! Piercing na po\u010dkanie? Hmm, donuty. Komu by nechutili? Vyber si ten svoj. Si si ist\u00fd, \u017ee tento optoklam je naozaj pravdiv\u00fd? Stalagmit? Stalaktit? \u0160tudujete nerasty? Mot\u00fdlie kr\u00eddla? Sada misiek na m\u00fcsli? \u010cosi! Hypnotick\u00e1 m\u00e4so\u017erav\u00e1 rastlina, ktor\u00e1 zl\u00e1ka svoju obe\u0165&#8230; iba \u017eeby nie? P\u00edsomka z angli\u010dtiny? Ale pre\u010do &hellip;Zobrazi\u0165","og_url":"https:\/\/moyzeska.sk\/index.php\/zo_zivota_nasej_skoly\/","og_site_name":"Stredn\u00e1 zdravotn\u00edcka \u0161kola, Moyzesova 17, Ko\u0161ice","article_publisher":"https:\/\/www.facebook.com\/Moyzeska","article_modified_time":"2021-01-27T19:15:23+00:00","og_image":[{"url":"https:\/\/moyzeska.sk\/wp-content\/uploads\/2021\/01\/DOD_01-2.jpg"}],"twitter_card":"summary_large_image","twitter_misc":{"Predpokladan\u00fd \u010das \u010d\u00edtania":"2 min\u00faty"},"schema":{"@context":"https:\/\/schema.org","@graph":[{"@type":"WebPage","@id":"https:\/\/moyzeska.sk\/index.php\/zo_zivota_nasej_skoly\/","url":"https:\/\/moyzeska.sk\/index.php\/zo_zivota_nasej_skoly\/","name":"Pomenuj predmety na obr\u00e1zkoch. Spr\u00e1vnu odpove\u010f m\u00e1\u0161 skryt\u00fa pod tla\u010didlom \u201eZobrazi\u0165\u201c - Stredn\u00e1 zdravotn\u00edcka \u0161kola, Moyzesova 17, Ko\u0161ice","isPartOf":{"@id":"https:\/\/moyzeska.sk\/#website"},"datePublished":"2021-01-21T09:43:23+00:00","dateModified":"2021-01-27T19:15:23+00:00","breadcrumb":{"@id":"https:\/\/moyzeska.sk\/index.php\/zo_zivota_nasej_skoly\/#breadcrumb"},"inLanguage":"sk-SK","potentialAction":[{"@type":"ReadAction","target":["https:\/\/moyzeska.sk\/index.php\/zo_zivota_nasej_skoly\/"]}]},{"@type":"BreadcrumbList","@id":"https:\/\/moyzeska.sk\/index.php\/zo_zivota_nasej_skoly\/#breadcrumb","itemListElement":[{"@type":"ListItem","position":1,"name":"Home","item":"https:\/\/moyzeska.sk\/"},{"@type":"ListItem","position":2,"name":"Pomenuj predmety na obr\u00e1zkoch. Spr\u00e1vnu odpove\u010f m\u00e1\u0161 skryt\u00fa pod tla\u010didlom \u201eZobrazi\u0165\u201c"}]},{"@type":"WebSite","@id":"https:\/\/moyzeska.sk\/#website","url":"https:\/\/moyzeska.sk\/","name":"Stredn\u00e1 zdravotn\u00edcka \u0161kola, Moyzesova 17, Ko\u0161ice","description":"","publisher":{"@id":"https:\/\/moyzeska.sk\/#organization"},"potentialAction":[{"@type":"SearchAction","target":{"@type":"EntryPoint","urlTemplate":"https:\/\/moyzeska.sk\/?s={search_term_string}"},"query-input":"required name=search_term_string"}],"inLanguage":"sk-SK"},{"@type":"Organization","@id":"https:\/\/moyzeska.sk\/#organization","name":"Stredn\u00e1 zdravotn\u00edcka \u0161kola, Moyzesova 17, Ko\u0161ice","url":"https:\/\/moyzeska.sk\/","logo":{"@type":"ImageObject","inLanguage":"sk-SK","@id":"https:\/\/moyzeska.sk\/#\/schema\/logo\/image\/","url":"https:\/\/moyzeska.sk\/wp-content\/uploads\/2020\/09\/SZS-logo.png","contentUrl":"https:\/\/moyzeska.sk\/wp-content\/uploads\/2020\/09\/SZS-logo.png","width":300,"height":300,"caption":"Stredn\u00e1 zdravotn\u00edcka \u0161kola, Moyzesova 17, Ko\u0161ice"},"image":{"@id":"https:\/\/moyzeska.sk\/#\/schema\/logo\/image\/"},"sameAs":["https:\/\/www.facebook.com\/Moyzeska","https:\/\/www.instagram.com\/moyzeska\/"]}]}},"_links":{"self":[{"href":"https:\/\/moyzeska.sk\/index.php\/wp-json\/wp\/v2\/pages\/1871"}],"collection":[{"href":"https:\/\/moyzeska.sk\/index.php\/wp-json\/wp\/v2\/pages"}],"about":[{"href":"https:\/\/moyzeska.sk\/index.php\/wp-json\/wp\/v2\/types\/page"}],"author":[{"embeddable":true,"href":"https:\/\/moyzeska.sk\/index.php\/wp-json\/wp\/v2\/users\/1"}],"replies":[{"embeddable":true,"href":"https:\/\/moyzeska.sk\/index.php\/wp-json\/wp\/v2\/comments?post=1871"}],"version-history":[{"count":6,"href":"https:\/\/moyzeska.sk\/index.php\/wp-json\/wp\/v2\/pages\/1871\/revisions"}],"predecessor-version":[{"id":1956,"href":"https:\/\/moyzeska.sk\/index.php\/wp-json\/wp\/v2\/pages\/1871\/revisions\/1956"}],"wp:attachment":[{"href":"https:\/\/moyzeska.sk\/index.php\/wp-json\/wp\/v2\/media?parent=1871"}],"curies":[{"name":"wp","href":"https:\/\/api.w.org\/{rel}","templated":true}]}}