{"id":1569,"date":"2020-11-03T09:38:53","date_gmt":"2020-11-03T08:38:53","guid":{"rendered":"https:\/\/moyzeska.sk\/?page_id=1569"},"modified":"2021-06-01T12:58:46","modified_gmt":"2021-06-01T10:58:46","slug":"informacie-pre-ziakov-nastupujucich-do-1-rocnika-vyssie-odb-studium","status":"publish","type":"page","link":"https:\/\/moyzeska.sk\/index.php\/informacie-pre-ziakov-nastupujucich-do-1-rocnika-vyssie-odb-studium\/","title":{"rendered":"Inform\u00e1cie pre \u017eiakov nastupuj\u00facich do 1 ro\u010dn\u00edka &#8211; vy\u0161\u0161ie odb. \u0161t\u00fadium"},"content":{"rendered":"\n<p><strong>Z\u00e1pis<\/strong>&nbsp;na \u0161t\u00fadium do strednej \u0161koly sa uskuto\u010dn\u00ed d\u0148a&nbsp;<strong>3. j\u00fala 2020 od 8:00 do 15:00 hod.<\/strong>&nbsp;na Strednej zdravotn\u00edckej \u0161kole, Moyzesova 17, Ko\u0161ice. Na z\u00e1pis uch\u00e1dza\u010d so sebou donesie:<\/p>\n\n\n\n<ol><li><strong>overen\u00e9 fotok\u00f3pie maturitn\u00e9ho vysved\u010denia&nbsp;<\/strong>(ak neboli zaslan\u00e9 s prihl\u00e1\u0161kou),<\/li><li><strong>overen\u00e9 fotok\u00f3pie vysved\u010denia zo 4. ro\u010dn\u00edka maturitn\u00e9ho \u0161t\u00fadia&nbsp;<\/strong>(ak neboli zaslan\u00e9 s prihl\u00e1\u0161kou),<\/li><li><strong>fotografiu \u017eiaka\/\u017eia\u010dky form\u00e1tu 28&#215;34 mm pre vystavenie preukazu \u017eiaka ISIC\/EURO 26<\/strong>&nbsp;\u2013 potrebn\u00fd pre vstup do budovy, kni\u017enice, &#8230; (nie star\u0161iu ako 2 mesiace),<\/li><li>pr\u00edlohu \u010d. 1&nbsp;<strong>Lek\u00e1rsky posudok splnenia zdravotn\u00fdch krit\u00e9ri\u00ed&nbsp;<\/strong>(ak nebola zaslan\u00e1 s prihl\u00e1\u0161kou),<\/li><li>pr\u00edlohu \u010d. 2&nbsp;<strong>Prehl\u00e1senie uch\u00e1dza\u010da o zdravotnej sp\u00f4sobilosti&nbsp;<\/strong>(ak nebola zaslan\u00e1 s prihl\u00e1\u0161kou),<\/li><li><strong>20\u20ac na preukaz \u017eiaka ISIC\/EURO 26<\/strong>&nbsp;\u2013 t\u00e1to suma zah\u0155\u0148a poplatok za zn\u00e1mku ISIC na \u0161kolsk\u00fd rok 2020\/2021 a poplatok za v\u00fdrobu \u010dipov\u00e9ho preukazu.<\/li><\/ol>\n\n\n\n<p><a href=\"http:\/\/szske.sk\/prijimacky\/lekarsky_posudok_nad.pdf\"><u>Tla\u010divo &#8211; lek\u00e1rsky posudok splnenia zdravotn\u00fdch krit\u00e9ri\u00ed<\/u><\/a><br><a href=\"http:\/\/szske.sk\/prijimacky\/prehlasenie_uchadzaca_nad.pdf\"><u>Tla\u010divo &#8211; prehl\u00e1senie uch\u00e1dza\u010da o zdr. sp\u00f4sobilosti<\/u><\/a><\/p>\n\n\n\n<p>Na va\u0161e ot\u00e1zky radi zodpovieme telefonicky: 055\/6221189 (sekretari\u00e1t \u0161koly), e-mailom:&nbsp;skola@szske.sk, pr\u00edpadne osobne.<\/p>\n","protected":false},"excerpt":{"rendered":"<p>Z\u00e1pis&nbsp;na \u0161t\u00fadium do strednej \u0161koly sa uskuto\u010dn\u00ed d\u0148a&nbsp;3. j\u00fala 2020 od 8:00 do 15:00 hod.&nbsp;na Strednej zdravotn\u00edckej \u0161kole, Moyzesova 17, Ko\u0161ice. Na z\u00e1pis uch\u00e1dza\u010d so sebou donesie: overen\u00e9 fotok\u00f3pie maturitn\u00e9ho vysved\u010denia&nbsp;(ak neboli zaslan\u00e9 s prihl\u00e1\u0161kou), overen\u00e9 fotok\u00f3pie vysved\u010denia zo 4. ro\u010dn\u00edka maturitn\u00e9ho \u0161t\u00fadia&nbsp;(ak neboli zaslan\u00e9 s prihl\u00e1\u0161kou), fotografiu \u017eiaka\/\u017eia\u010dky form\u00e1tu 28&#215;34 mm pre vystavenie preukazu &hellip;<br \/><a href=\"https:\/\/moyzeska.sk\/index.php\/informacie-pre-ziakov-nastupujucich-do-1-rocnika-vyssie-odb-studium\/\" class=\"more-link pen_button pen_element_default pen_icon_arrow_double\">Zobrazi\u0165<\/a><\/p>\n","protected":false},"author":1,"featured_media":0,"parent":0,"menu_order":0,"comment_status":"closed","ping_status":"closed","template":"","meta":{"_monsterinsights_skip_tracking":false,"_monsterinsights_sitenote_active":false,"_monsterinsights_sitenote_note":"","_monsterinsights_sitenote_category":0},"yoast_head":"<!-- This site is optimized with the Yoast SEO plugin v21.8.1 - https:\/\/yoast.com\/wordpress\/plugins\/seo\/ -->\n<title>Inform\u00e1cie pre \u017eiakov nastupuj\u00facich do 1 ro\u010dn\u00edka - vy\u0161\u0161ie odb. \u0161t\u00fadium - Stredn\u00e1 zdravotn\u00edcka \u0161kola, Moyzesova 17, Ko\u0161ice<\/title>\n<meta name=\"robots\" content=\"index, follow, max-snippet:-1, max-image-preview:large, max-video-preview:-1\" \/>\n<link rel=\"canonical\" href=\"https:\/\/moyzeska.sk\/index.php\/informacie-pre-ziakov-nastupujucich-do-1-rocnika-vyssie-odb-studium\/\" \/>\n<meta property=\"og:locale\" content=\"sk_SK\" \/>\n<meta property=\"og:type\" content=\"article\" \/>\n<meta property=\"og:title\" content=\"Inform\u00e1cie pre \u017eiakov nastupuj\u00facich do 1 ro\u010dn\u00edka - vy\u0161\u0161ie odb. \u0161t\u00fadium - Stredn\u00e1 zdravotn\u00edcka \u0161kola, Moyzesova 17, Ko\u0161ice\" \/>\n<meta property=\"og:description\" content=\"Z\u00e1pis&nbsp;na \u0161t\u00fadium do strednej \u0161koly sa uskuto\u010dn\u00ed d\u0148a&nbsp;3. j\u00fala 2020 od 8:00 do 15:00 hod.&nbsp;na Strednej zdravotn\u00edckej \u0161kole, Moyzesova 17, Ko\u0161ice. Na z\u00e1pis uch\u00e1dza\u010d so sebou donesie: overen\u00e9 fotok\u00f3pie maturitn\u00e9ho vysved\u010denia&nbsp;(ak neboli zaslan\u00e9 s prihl\u00e1\u0161kou), overen\u00e9 fotok\u00f3pie vysved\u010denia zo 4. ro\u010dn\u00edka maturitn\u00e9ho \u0161t\u00fadia&nbsp;(ak neboli zaslan\u00e9 s prihl\u00e1\u0161kou), fotografiu \u017eiaka\/\u017eia\u010dky form\u00e1tu 28&#215;34 mm pre vystavenie preukazu &hellip;Zobrazi\u0165\" \/>\n<meta property=\"og:url\" content=\"https:\/\/moyzeska.sk\/index.php\/informacie-pre-ziakov-nastupujucich-do-1-rocnika-vyssie-odb-studium\/\" \/>\n<meta property=\"og:site_name\" content=\"Stredn\u00e1 zdravotn\u00edcka \u0161kola, Moyzesova 17, Ko\u0161ice\" \/>\n<meta property=\"article:publisher\" content=\"https:\/\/www.facebook.com\/Moyzeska\" \/>\n<meta property=\"article:modified_time\" content=\"2021-06-01T10:58:46+00:00\" \/>\n<meta name=\"twitter:card\" content=\"summary_large_image\" \/>\n<meta name=\"twitter:label1\" content=\"Predpokladan\u00fd \u010das \u010d\u00edtania\" \/>\n\t<meta name=\"twitter:data1\" content=\"1 min\u00fata\" \/>\n<script type=\"application\/ld+json\" class=\"yoast-schema-graph\">{\"@context\":\"https:\/\/schema.org\",\"@graph\":[{\"@type\":\"WebPage\",\"@id\":\"https:\/\/moyzeska.sk\/index.php\/informacie-pre-ziakov-nastupujucich-do-1-rocnika-vyssie-odb-studium\/\",\"url\":\"https:\/\/moyzeska.sk\/index.php\/informacie-pre-ziakov-nastupujucich-do-1-rocnika-vyssie-odb-studium\/\",\"name\":\"Inform\u00e1cie pre \u017eiakov nastupuj\u00facich do 1 ro\u010dn\u00edka - vy\u0161\u0161ie odb. \u0161t\u00fadium - Stredn\u00e1 zdravotn\u00edcka \u0161kola, Moyzesova 17, Ko\u0161ice\",\"isPartOf\":{\"@id\":\"https:\/\/moyzeska.sk\/#website\"},\"datePublished\":\"2020-11-03T08:38:53+00:00\",\"dateModified\":\"2021-06-01T10:58:46+00:00\",\"breadcrumb\":{\"@id\":\"https:\/\/moyzeska.sk\/index.php\/informacie-pre-ziakov-nastupujucich-do-1-rocnika-vyssie-odb-studium\/#breadcrumb\"},\"inLanguage\":\"sk-SK\",\"potentialAction\":[{\"@type\":\"ReadAction\",\"target\":[\"https:\/\/moyzeska.sk\/index.php\/informacie-pre-ziakov-nastupujucich-do-1-rocnika-vyssie-odb-studium\/\"]}]},{\"@type\":\"BreadcrumbList\",\"@id\":\"https:\/\/moyzeska.sk\/index.php\/informacie-pre-ziakov-nastupujucich-do-1-rocnika-vyssie-odb-studium\/#breadcrumb\",\"itemListElement\":[{\"@type\":\"ListItem\",\"position\":1,\"name\":\"Home\",\"item\":\"https:\/\/moyzeska.sk\/\"},{\"@type\":\"ListItem\",\"position\":2,\"name\":\"Inform\u00e1cie pre \u017eiakov nastupuj\u00facich do 1 ro\u010dn\u00edka &#8211; vy\u0161\u0161ie odb. \u0161t\u00fadium\"}]},{\"@type\":\"WebSite\",\"@id\":\"https:\/\/moyzeska.sk\/#website\",\"url\":\"https:\/\/moyzeska.sk\/\",\"name\":\"Stredn\u00e1 zdravotn\u00edcka \u0161kola, Moyzesova 17, Ko\u0161ice\",\"description\":\"\",\"publisher\":{\"@id\":\"https:\/\/moyzeska.sk\/#organization\"},\"potentialAction\":[{\"@type\":\"SearchAction\",\"target\":{\"@type\":\"EntryPoint\",\"urlTemplate\":\"https:\/\/moyzeska.sk\/?s={search_term_string}\"},\"query-input\":\"required name=search_term_string\"}],\"inLanguage\":\"sk-SK\"},{\"@type\":\"Organization\",\"@id\":\"https:\/\/moyzeska.sk\/#organization\",\"name\":\"Stredn\u00e1 zdravotn\u00edcka \u0161kola, Moyzesova 17, Ko\u0161ice\",\"url\":\"https:\/\/moyzeska.sk\/\",\"logo\":{\"@type\":\"ImageObject\",\"inLanguage\":\"sk-SK\",\"@id\":\"https:\/\/moyzeska.sk\/#\/schema\/logo\/image\/\",\"url\":\"https:\/\/moyzeska.sk\/wp-content\/uploads\/2020\/09\/SZS-logo.png\",\"contentUrl\":\"https:\/\/moyzeska.sk\/wp-content\/uploads\/2020\/09\/SZS-logo.png\",\"width\":300,\"height\":300,\"caption\":\"Stredn\u00e1 zdravotn\u00edcka \u0161kola, Moyzesova 17, Ko\u0161ice\"},\"image\":{\"@id\":\"https:\/\/moyzeska.sk\/#\/schema\/logo\/image\/\"},\"sameAs\":[\"https:\/\/www.facebook.com\/Moyzeska\",\"https:\/\/www.instagram.com\/moyzeska\/\"]}]}<\/script>\n<!-- \/ Yoast SEO plugin. -->","yoast_head_json":{"title":"Inform\u00e1cie pre \u017eiakov nastupuj\u00facich do 1 ro\u010dn\u00edka - vy\u0161\u0161ie odb. \u0161t\u00fadium - Stredn\u00e1 zdravotn\u00edcka \u0161kola, Moyzesova 17, Ko\u0161ice","robots":{"index":"index","follow":"follow","max-snippet":"max-snippet:-1","max-image-preview":"max-image-preview:large","max-video-preview":"max-video-preview:-1"},"canonical":"https:\/\/moyzeska.sk\/index.php\/informacie-pre-ziakov-nastupujucich-do-1-rocnika-vyssie-odb-studium\/","og_locale":"sk_SK","og_type":"article","og_title":"Inform\u00e1cie pre \u017eiakov nastupuj\u00facich do 1 ro\u010dn\u00edka - vy\u0161\u0161ie odb. \u0161t\u00fadium - Stredn\u00e1 zdravotn\u00edcka \u0161kola, Moyzesova 17, Ko\u0161ice","og_description":"Z\u00e1pis&nbsp;na \u0161t\u00fadium do strednej \u0161koly sa uskuto\u010dn\u00ed d\u0148a&nbsp;3. j\u00fala 2020 od 8:00 do 15:00 hod.&nbsp;na Strednej zdravotn\u00edckej \u0161kole, Moyzesova 17, Ko\u0161ice. Na z\u00e1pis uch\u00e1dza\u010d so sebou donesie: overen\u00e9 fotok\u00f3pie maturitn\u00e9ho vysved\u010denia&nbsp;(ak neboli zaslan\u00e9 s prihl\u00e1\u0161kou), overen\u00e9 fotok\u00f3pie vysved\u010denia zo 4. ro\u010dn\u00edka maturitn\u00e9ho \u0161t\u00fadia&nbsp;(ak neboli zaslan\u00e9 s prihl\u00e1\u0161kou), fotografiu \u017eiaka\/\u017eia\u010dky form\u00e1tu 28&#215;34 mm pre vystavenie preukazu &hellip;Zobrazi\u0165","og_url":"https:\/\/moyzeska.sk\/index.php\/informacie-pre-ziakov-nastupujucich-do-1-rocnika-vyssie-odb-studium\/","og_site_name":"Stredn\u00e1 zdravotn\u00edcka \u0161kola, Moyzesova 17, Ko\u0161ice","article_publisher":"https:\/\/www.facebook.com\/Moyzeska","article_modified_time":"2021-06-01T10:58:46+00:00","twitter_card":"summary_large_image","twitter_misc":{"Predpokladan\u00fd \u010das \u010d\u00edtania":"1 min\u00fata"},"schema":{"@context":"https:\/\/schema.org","@graph":[{"@type":"WebPage","@id":"https:\/\/moyzeska.sk\/index.php\/informacie-pre-ziakov-nastupujucich-do-1-rocnika-vyssie-odb-studium\/","url":"https:\/\/moyzeska.sk\/index.php\/informacie-pre-ziakov-nastupujucich-do-1-rocnika-vyssie-odb-studium\/","name":"Inform\u00e1cie pre \u017eiakov nastupuj\u00facich do 1 ro\u010dn\u00edka - vy\u0161\u0161ie odb. \u0161t\u00fadium - Stredn\u00e1 zdravotn\u00edcka \u0161kola, Moyzesova 17, Ko\u0161ice","isPartOf":{"@id":"https:\/\/moyzeska.sk\/#website"},"datePublished":"2020-11-03T08:38:53+00:00","dateModified":"2021-06-01T10:58:46+00:00","breadcrumb":{"@id":"https:\/\/moyzeska.sk\/index.php\/informacie-pre-ziakov-nastupujucich-do-1-rocnika-vyssie-odb-studium\/#breadcrumb"},"inLanguage":"sk-SK","potentialAction":[{"@type":"ReadAction","target":["https:\/\/moyzeska.sk\/index.php\/informacie-pre-ziakov-nastupujucich-do-1-rocnika-vyssie-odb-studium\/"]}]},{"@type":"BreadcrumbList","@id":"https:\/\/moyzeska.sk\/index.php\/informacie-pre-ziakov-nastupujucich-do-1-rocnika-vyssie-odb-studium\/#breadcrumb","itemListElement":[{"@type":"ListItem","position":1,"name":"Home","item":"https:\/\/moyzeska.sk\/"},{"@type":"ListItem","position":2,"name":"Inform\u00e1cie pre \u017eiakov nastupuj\u00facich do 1 ro\u010dn\u00edka &#8211; vy\u0161\u0161ie odb. \u0161t\u00fadium"}]},{"@type":"WebSite","@id":"https:\/\/moyzeska.sk\/#website","url":"https:\/\/moyzeska.sk\/","name":"Stredn\u00e1 zdravotn\u00edcka \u0161kola, Moyzesova 17, Ko\u0161ice","description":"","publisher":{"@id":"https:\/\/moyzeska.sk\/#organization"},"potentialAction":[{"@type":"SearchAction","target":{"@type":"EntryPoint","urlTemplate":"https:\/\/moyzeska.sk\/?s={search_term_string}"},"query-input":"required name=search_term_string"}],"inLanguage":"sk-SK"},{"@type":"Organization","@id":"https:\/\/moyzeska.sk\/#organization","name":"Stredn\u00e1 zdravotn\u00edcka \u0161kola, Moyzesova 17, Ko\u0161ice","url":"https:\/\/moyzeska.sk\/","logo":{"@type":"ImageObject","inLanguage":"sk-SK","@id":"https:\/\/moyzeska.sk\/#\/schema\/logo\/image\/","url":"https:\/\/moyzeska.sk\/wp-content\/uploads\/2020\/09\/SZS-logo.png","contentUrl":"https:\/\/moyzeska.sk\/wp-content\/uploads\/2020\/09\/SZS-logo.png","width":300,"height":300,"caption":"Stredn\u00e1 zdravotn\u00edcka \u0161kola, Moyzesova 17, Ko\u0161ice"},"image":{"@id":"https:\/\/moyzeska.sk\/#\/schema\/logo\/image\/"},"sameAs":["https:\/\/www.facebook.com\/Moyzeska","https:\/\/www.instagram.com\/moyzeska\/"]}]}},"_links":{"self":[{"href":"https:\/\/moyzeska.sk\/index.php\/wp-json\/wp\/v2\/pages\/1569"}],"collection":[{"href":"https:\/\/moyzeska.sk\/index.php\/wp-json\/wp\/v2\/pages"}],"about":[{"href":"https:\/\/moyzeska.sk\/index.php\/wp-json\/wp\/v2\/types\/page"}],"author":[{"embeddable":true,"href":"https:\/\/moyzeska.sk\/index.php\/wp-json\/wp\/v2\/users\/1"}],"replies":[{"embeddable":true,"href":"https:\/\/moyzeska.sk\/index.php\/wp-json\/wp\/v2\/comments?post=1569"}],"version-history":[{"count":3,"href":"https:\/\/moyzeska.sk\/index.php\/wp-json\/wp\/v2\/pages\/1569\/revisions"}],"predecessor-version":[{"id":2762,"href":"https:\/\/moyzeska.sk\/index.php\/wp-json\/wp\/v2\/pages\/1569\/revisions\/2762"}],"wp:attachment":[{"href":"https:\/\/moyzeska.sk\/index.php\/wp-json\/wp\/v2\/media?parent=1569"}],"curies":[{"name":"wp","href":"https:\/\/api.w.org\/{rel}","templated":true}]}}