{"id":1116,"date":"2020-10-20T07:42:54","date_gmt":"2020-10-20T05:42:54","guid":{"rendered":"https:\/\/moyzeska.sk\/?page_id=1116"},"modified":"2021-06-02T08:55:56","modified_gmt":"2021-06-02T06:55:56","slug":"potvrdenie-o-navsteve-skoly","status":"publish","type":"page","link":"https:\/\/moyzeska.sk\/index.php\/potvrdenie-o-navsteve-skoly\/","title":{"rendered":"Potvrdenie o n\u00e1v\u0161teve \u0161koly"},"content":{"rendered":"\n<p>V aktu\u00e1lnej situ\u00e1cii d\u00e1vame do pozornosti elektronick\u00fd sp\u00f4sob z\u00edskania potvrdenia o n\u00e1v\u0161teve \u0161koly:<br><br><em><strong>1. mo\u017enos\u0165: <a href=\"https:\/\/szske.edupage.org\/\"><u>szske.edupage.org<\/u><\/a><\/strong><\/em><br>N\u00e1vod, ako vytla\u010di\u0165 potvrdenie o n\u00e1v\u0161teve \u0161koly: <a href=\"https:\/\/help.edupage.org\/text.php?id=2755&amp;lang=sk&quot;\"><u>help.edupage.org\/text.php?id=2755&amp;lang=sk<\/u><\/a><br><br><strong><em>2. mo\u017enos\u0165: <a href=\"https:\/\/www.potvrdeniaonavsteveskoly.sk\/\"><u>www.potvrdeniaonavsteveskoly.sk<\/u><\/a><\/em><br><\/strong>Na str\u00e1nke je mo\u017en\u00e9 overi\u0165, \u010di osoba (\u017eiak alebo \u0161tudent do 26 rokov) je \u017eiakom alebo \u0161tudentom na niektorej slovenskej \u0161kole.<br>Postup z\u00edskania potvrdenia prostredn\u00edctvom str\u00e1nky www.potvrdeniaonavsteveskoly.sk:<\/p>\n\n\n\n<ul><li><em>zad\u00e1te rodn\u00e9 \u010d\u00edslo \u017eiaka bez lomky,<\/em><\/li><li><em>v pravej spodnej \u010dasti kliknete na tla\u010didlo <strong>ZA\u010cA\u0164<\/strong>,<\/em><\/li><li><em>stiahnete vygenerovan\u00e9 potvrdenie do po\u010d\u00edta\u010da,<\/em><\/li><li><em>stiahnut\u00e9 potvrdenie je mo\u017en\u00e9 posla\u0165 emailom, resp. vytla\u010di\u0165.<\/em><\/li><\/ul>\n\n\n\n<p>.<\/p>\n","protected":false},"excerpt":{"rendered":"<p>V aktu\u00e1lnej situ\u00e1cii d\u00e1vame do pozornosti elektronick\u00fd sp\u00f4sob z\u00edskania potvrdenia o n\u00e1v\u0161teve \u0161koly: 1. mo\u017enos\u0165: szske.edupage.orgN\u00e1vod, ako vytla\u010di\u0165 potvrdenie o n\u00e1v\u0161teve \u0161koly: help.edupage.org\/text.php?id=2755&amp;lang=sk 2. mo\u017enos\u0165: www.potvrdeniaonavsteveskoly.skNa str\u00e1nke je mo\u017en\u00e9 overi\u0165, \u010di osoba (\u017eiak alebo \u0161tudent do 26 rokov) je \u017eiakom alebo \u0161tudentom na niektorej slovenskej \u0161kole.Postup z\u00edskania potvrdenia prostredn\u00edctvom str\u00e1nky www.potvrdeniaonavsteveskoly.sk: zad\u00e1te rodn\u00e9 \u010d\u00edslo \u017eiaka &hellip;<br \/><a href=\"https:\/\/moyzeska.sk\/index.php\/potvrdenie-o-navsteve-skoly\/\" class=\"more-link pen_button pen_element_default pen_icon_arrow_double\">Zobrazi\u0165<\/a><\/p>\n","protected":false},"author":1,"featured_media":0,"parent":0,"menu_order":0,"comment_status":"closed","ping_status":"closed","template":"","meta":{"_monsterinsights_skip_tracking":false,"_monsterinsights_sitenote_active":false,"_monsterinsights_sitenote_note":"","_monsterinsights_sitenote_category":0},"yoast_head":"<!-- This site is optimized with the Yoast SEO plugin v21.8.1 - https:\/\/yoast.com\/wordpress\/plugins\/seo\/ -->\n<title>Potvrdenie o n\u00e1v\u0161teve \u0161koly - Stredn\u00e1 zdravotn\u00edcka \u0161kola, Moyzesova 17, Ko\u0161ice<\/title>\n<meta name=\"robots\" content=\"index, follow, max-snippet:-1, max-image-preview:large, max-video-preview:-1\" \/>\n<link rel=\"canonical\" href=\"https:\/\/moyzeska.sk\/index.php\/potvrdenie-o-navsteve-skoly\/\" \/>\n<meta property=\"og:locale\" content=\"sk_SK\" \/>\n<meta property=\"og:type\" content=\"article\" \/>\n<meta property=\"og:title\" content=\"Potvrdenie o n\u00e1v\u0161teve \u0161koly - Stredn\u00e1 zdravotn\u00edcka \u0161kola, Moyzesova 17, Ko\u0161ice\" \/>\n<meta property=\"og:description\" content=\"V aktu\u00e1lnej situ\u00e1cii d\u00e1vame do pozornosti elektronick\u00fd sp\u00f4sob z\u00edskania potvrdenia o n\u00e1v\u0161teve \u0161koly: 1. mo\u017enos\u0165: szske.edupage.orgN\u00e1vod, ako vytla\u010di\u0165 potvrdenie o n\u00e1v\u0161teve \u0161koly: help.edupage.org\/text.php?id=2755&amp;lang=sk 2. mo\u017enos\u0165: www.potvrdeniaonavsteveskoly.skNa str\u00e1nke je mo\u017en\u00e9 overi\u0165, \u010di osoba (\u017eiak alebo \u0161tudent do 26 rokov) je \u017eiakom alebo \u0161tudentom na niektorej slovenskej \u0161kole.Postup z\u00edskania potvrdenia prostredn\u00edctvom str\u00e1nky www.potvrdeniaonavsteveskoly.sk: zad\u00e1te rodn\u00e9 \u010d\u00edslo \u017eiaka &hellip;Zobrazi\u0165\" \/>\n<meta property=\"og:url\" content=\"https:\/\/moyzeska.sk\/index.php\/potvrdenie-o-navsteve-skoly\/\" \/>\n<meta property=\"og:site_name\" content=\"Stredn\u00e1 zdravotn\u00edcka \u0161kola, Moyzesova 17, Ko\u0161ice\" \/>\n<meta property=\"article:publisher\" content=\"https:\/\/www.facebook.com\/Moyzeska\" \/>\n<meta property=\"article:modified_time\" content=\"2021-06-02T06:55:56+00:00\" \/>\n<meta name=\"twitter:card\" content=\"summary_large_image\" \/>\n<meta name=\"twitter:label1\" content=\"Predpokladan\u00fd \u010das \u010d\u00edtania\" \/>\n\t<meta name=\"twitter:data1\" content=\"1 min\u00fata\" \/>\n<script type=\"application\/ld+json\" class=\"yoast-schema-graph\">{\"@context\":\"https:\/\/schema.org\",\"@graph\":[{\"@type\":\"WebPage\",\"@id\":\"https:\/\/moyzeska.sk\/index.php\/potvrdenie-o-navsteve-skoly\/\",\"url\":\"https:\/\/moyzeska.sk\/index.php\/potvrdenie-o-navsteve-skoly\/\",\"name\":\"Potvrdenie o n\u00e1v\u0161teve \u0161koly - Stredn\u00e1 zdravotn\u00edcka \u0161kola, Moyzesova 17, Ko\u0161ice\",\"isPartOf\":{\"@id\":\"https:\/\/moyzeska.sk\/#website\"},\"datePublished\":\"2020-10-20T05:42:54+00:00\",\"dateModified\":\"2021-06-02T06:55:56+00:00\",\"breadcrumb\":{\"@id\":\"https:\/\/moyzeska.sk\/index.php\/potvrdenie-o-navsteve-skoly\/#breadcrumb\"},\"inLanguage\":\"sk-SK\",\"potentialAction\":[{\"@type\":\"ReadAction\",\"target\":[\"https:\/\/moyzeska.sk\/index.php\/potvrdenie-o-navsteve-skoly\/\"]}]},{\"@type\":\"BreadcrumbList\",\"@id\":\"https:\/\/moyzeska.sk\/index.php\/potvrdenie-o-navsteve-skoly\/#breadcrumb\",\"itemListElement\":[{\"@type\":\"ListItem\",\"position\":1,\"name\":\"Home\",\"item\":\"https:\/\/moyzeska.sk\/\"},{\"@type\":\"ListItem\",\"position\":2,\"name\":\"Potvrdenie o n\u00e1v\u0161teve \u0161koly\"}]},{\"@type\":\"WebSite\",\"@id\":\"https:\/\/moyzeska.sk\/#website\",\"url\":\"https:\/\/moyzeska.sk\/\",\"name\":\"Stredn\u00e1 zdravotn\u00edcka \u0161kola, Moyzesova 17, Ko\u0161ice\",\"description\":\"\",\"publisher\":{\"@id\":\"https:\/\/moyzeska.sk\/#organization\"},\"potentialAction\":[{\"@type\":\"SearchAction\",\"target\":{\"@type\":\"EntryPoint\",\"urlTemplate\":\"https:\/\/moyzeska.sk\/?s={search_term_string}\"},\"query-input\":\"required name=search_term_string\"}],\"inLanguage\":\"sk-SK\"},{\"@type\":\"Organization\",\"@id\":\"https:\/\/moyzeska.sk\/#organization\",\"name\":\"Stredn\u00e1 zdravotn\u00edcka \u0161kola, Moyzesova 17, Ko\u0161ice\",\"url\":\"https:\/\/moyzeska.sk\/\",\"logo\":{\"@type\":\"ImageObject\",\"inLanguage\":\"sk-SK\",\"@id\":\"https:\/\/moyzeska.sk\/#\/schema\/logo\/image\/\",\"url\":\"https:\/\/moyzeska.sk\/wp-content\/uploads\/2020\/09\/SZS-logo.png\",\"contentUrl\":\"https:\/\/moyzeska.sk\/wp-content\/uploads\/2020\/09\/SZS-logo.png\",\"width\":300,\"height\":300,\"caption\":\"Stredn\u00e1 zdravotn\u00edcka \u0161kola, Moyzesova 17, Ko\u0161ice\"},\"image\":{\"@id\":\"https:\/\/moyzeska.sk\/#\/schema\/logo\/image\/\"},\"sameAs\":[\"https:\/\/www.facebook.com\/Moyzeska\",\"https:\/\/www.instagram.com\/moyzeska\/\"]}]}<\/script>\n<!-- \/ Yoast SEO plugin. -->","yoast_head_json":{"title":"Potvrdenie o n\u00e1v\u0161teve \u0161koly - Stredn\u00e1 zdravotn\u00edcka \u0161kola, Moyzesova 17, Ko\u0161ice","robots":{"index":"index","follow":"follow","max-snippet":"max-snippet:-1","max-image-preview":"max-image-preview:large","max-video-preview":"max-video-preview:-1"},"canonical":"https:\/\/moyzeska.sk\/index.php\/potvrdenie-o-navsteve-skoly\/","og_locale":"sk_SK","og_type":"article","og_title":"Potvrdenie o n\u00e1v\u0161teve \u0161koly - Stredn\u00e1 zdravotn\u00edcka \u0161kola, Moyzesova 17, Ko\u0161ice","og_description":"V aktu\u00e1lnej situ\u00e1cii d\u00e1vame do pozornosti elektronick\u00fd sp\u00f4sob z\u00edskania potvrdenia o n\u00e1v\u0161teve \u0161koly: 1. mo\u017enos\u0165: szske.edupage.orgN\u00e1vod, ako vytla\u010di\u0165 potvrdenie o n\u00e1v\u0161teve \u0161koly: help.edupage.org\/text.php?id=2755&amp;lang=sk 2. mo\u017enos\u0165: www.potvrdeniaonavsteveskoly.skNa str\u00e1nke je mo\u017en\u00e9 overi\u0165, \u010di osoba (\u017eiak alebo \u0161tudent do 26 rokov) je \u017eiakom alebo \u0161tudentom na niektorej slovenskej \u0161kole.Postup z\u00edskania potvrdenia prostredn\u00edctvom str\u00e1nky www.potvrdeniaonavsteveskoly.sk: zad\u00e1te rodn\u00e9 \u010d\u00edslo \u017eiaka &hellip;Zobrazi\u0165","og_url":"https:\/\/moyzeska.sk\/index.php\/potvrdenie-o-navsteve-skoly\/","og_site_name":"Stredn\u00e1 zdravotn\u00edcka \u0161kola, Moyzesova 17, Ko\u0161ice","article_publisher":"https:\/\/www.facebook.com\/Moyzeska","article_modified_time":"2021-06-02T06:55:56+00:00","twitter_card":"summary_large_image","twitter_misc":{"Predpokladan\u00fd \u010das \u010d\u00edtania":"1 min\u00fata"},"schema":{"@context":"https:\/\/schema.org","@graph":[{"@type":"WebPage","@id":"https:\/\/moyzeska.sk\/index.php\/potvrdenie-o-navsteve-skoly\/","url":"https:\/\/moyzeska.sk\/index.php\/potvrdenie-o-navsteve-skoly\/","name":"Potvrdenie o n\u00e1v\u0161teve \u0161koly - Stredn\u00e1 zdravotn\u00edcka \u0161kola, Moyzesova 17, Ko\u0161ice","isPartOf":{"@id":"https:\/\/moyzeska.sk\/#website"},"datePublished":"2020-10-20T05:42:54+00:00","dateModified":"2021-06-02T06:55:56+00:00","breadcrumb":{"@id":"https:\/\/moyzeska.sk\/index.php\/potvrdenie-o-navsteve-skoly\/#breadcrumb"},"inLanguage":"sk-SK","potentialAction":[{"@type":"ReadAction","target":["https:\/\/moyzeska.sk\/index.php\/potvrdenie-o-navsteve-skoly\/"]}]},{"@type":"BreadcrumbList","@id":"https:\/\/moyzeska.sk\/index.php\/potvrdenie-o-navsteve-skoly\/#breadcrumb","itemListElement":[{"@type":"ListItem","position":1,"name":"Home","item":"https:\/\/moyzeska.sk\/"},{"@type":"ListItem","position":2,"name":"Potvrdenie o n\u00e1v\u0161teve \u0161koly"}]},{"@type":"WebSite","@id":"https:\/\/moyzeska.sk\/#website","url":"https:\/\/moyzeska.sk\/","name":"Stredn\u00e1 zdravotn\u00edcka \u0161kola, Moyzesova 17, Ko\u0161ice","description":"","publisher":{"@id":"https:\/\/moyzeska.sk\/#organization"},"potentialAction":[{"@type":"SearchAction","target":{"@type":"EntryPoint","urlTemplate":"https:\/\/moyzeska.sk\/?s={search_term_string}"},"query-input":"required name=search_term_string"}],"inLanguage":"sk-SK"},{"@type":"Organization","@id":"https:\/\/moyzeska.sk\/#organization","name":"Stredn\u00e1 zdravotn\u00edcka \u0161kola, Moyzesova 17, Ko\u0161ice","url":"https:\/\/moyzeska.sk\/","logo":{"@type":"ImageObject","inLanguage":"sk-SK","@id":"https:\/\/moyzeska.sk\/#\/schema\/logo\/image\/","url":"https:\/\/moyzeska.sk\/wp-content\/uploads\/2020\/09\/SZS-logo.png","contentUrl":"https:\/\/moyzeska.sk\/wp-content\/uploads\/2020\/09\/SZS-logo.png","width":300,"height":300,"caption":"Stredn\u00e1 zdravotn\u00edcka \u0161kola, Moyzesova 17, Ko\u0161ice"},"image":{"@id":"https:\/\/moyzeska.sk\/#\/schema\/logo\/image\/"},"sameAs":["https:\/\/www.facebook.com\/Moyzeska","https:\/\/www.instagram.com\/moyzeska\/"]}]}},"_links":{"self":[{"href":"https:\/\/moyzeska.sk\/index.php\/wp-json\/wp\/v2\/pages\/1116"}],"collection":[{"href":"https:\/\/moyzeska.sk\/index.php\/wp-json\/wp\/v2\/pages"}],"about":[{"href":"https:\/\/moyzeska.sk\/index.php\/wp-json\/wp\/v2\/types\/page"}],"author":[{"embeddable":true,"href":"https:\/\/moyzeska.sk\/index.php\/wp-json\/wp\/v2\/users\/1"}],"replies":[{"embeddable":true,"href":"https:\/\/moyzeska.sk\/index.php\/wp-json\/wp\/v2\/comments?post=1116"}],"version-history":[{"count":6,"href":"https:\/\/moyzeska.sk\/index.php\/wp-json\/wp\/v2\/pages\/1116\/revisions"}],"predecessor-version":[{"id":2789,"href":"https:\/\/moyzeska.sk\/index.php\/wp-json\/wp\/v2\/pages\/1116\/revisions\/2789"}],"wp:attachment":[{"href":"https:\/\/moyzeska.sk\/index.php\/wp-json\/wp\/v2\/media?parent=1116"}],"curies":[{"name":"wp","href":"https:\/\/api.w.org\/{rel}","templated":true}]}}