{"id":105,"date":"2020-09-29T10:10:41","date_gmt":"2020-09-29T08:10:41","guid":{"rendered":"http:\/\/moyzeska.sk\/?page_id=105"},"modified":"2024-02-01T07:27:07","modified_gmt":"2024-02-01T06:27:07","slug":"riaditelia-skoly","status":"publish","type":"page","link":"https:\/\/moyzeska.sk\/index.php\/riaditelia-skoly\/","title":{"rendered":"Riaditelia \u0161koly"},"content":{"rendered":"\n<figure class=\"wp-block-table aligncenter\"><table><thead><tr><th class=\"has-text-align-left\" data-align=\"left\">Funk\u010dn\u00e9 obdobie<\/th><th class=\"has-text-align-left\" data-align=\"left\">Riadite\u013e\/ka \u0161koly<\/th><\/tr><\/thead><tbody><tr><td class=\"has-text-align-left\" data-align=\"left\">1949 &#8211; 1953<\/td><td class=\"has-text-align-left\" data-align=\"left\"><em>Darina Harmanov\u00e1<\/em><\/td><\/tr><tr><td class=\"has-text-align-left\" data-align=\"left\">1953 &#8211; 1954<\/td><td class=\"has-text-align-left\" data-align=\"left\"><em>Ernest Cibu\u013ea<\/em><\/td><\/tr><tr><td class=\"has-text-align-left\" data-align=\"left\">1954 &#8211; 1956<\/td><td class=\"has-text-align-left\" data-align=\"left\"><em>MUDr. Milan Posp\u00ed\u0161il<\/em><\/td><\/tr><tr><td class=\"has-text-align-left\" data-align=\"left\">1956 &#8211; 1975<\/td><td class=\"has-text-align-left\" data-align=\"left\"><em>Ladislav Urbansk\u00fd<\/em><\/td><\/tr><tr><td class=\"has-text-align-left\" data-align=\"left\">1975 &#8211; 1989<\/td><td class=\"has-text-align-left\" data-align=\"left\"><em>RNDr. Vincent Novick\u00fd<\/em><\/td><\/tr><tr><td class=\"has-text-align-left\" data-align=\"left\">1989 &#8211; 2000<\/td><td class=\"has-text-align-left\" data-align=\"left\"><em>RNDr. O\u013ega Kr\u00e1lov\u00e1<\/em><\/td><\/tr><tr><td class=\"has-text-align-left\" data-align=\"left\">2000 &#8211; 2010<\/td><td class=\"has-text-align-left\" data-align=\"left\"><em>PharmDr. Jan Macek, CSc.<\/em><\/td><\/tr><tr><td class=\"has-text-align-left\" data-align=\"left\">2010 &#8211; 2020<\/td><td class=\"has-text-align-left\" data-align=\"left\"><em>PhDr. Viera Rusinkov\u00e1<\/em><\/td><\/tr><tr><td class=\"has-text-align-left\" data-align=\"left\">2020 &#8211; 2023<\/td><td class=\"has-text-align-left\" data-align=\"left\"><em>Mgr. Eva G\u00f6blov\u00e1<\/em><\/td><\/tr><tr><td class=\"has-text-align-left\" data-align=\"left\">2023 &#8211; 2024<\/td><td class=\"has-text-align-left\" data-align=\"left\"><em>PhDr. Viera Rusinkov\u00e1<\/em><\/td><\/tr><tr><td class=\"has-text-align-left\" data-align=\"left\">2024 &#8211; s\u00fa\u010dasnos\u0165<\/td><td class=\"has-text-align-left\" data-align=\"left\"><em>PhDr. Karol\u00edna Vranaiov\u00e1, PhD. MBA<\/em><\/td><\/tr><\/tbody><\/table><\/figure>\n","protected":false},"excerpt":{"rendered":"<p>Funk\u010dn\u00e9 obdobie Riadite\u013e\/ka \u0161koly 1949 &#8211; 1953 Darina Harmanov\u00e1 1953 &#8211; 1954 Ernest Cibu\u013ea 1954 &#8211; 1956 MUDr. Milan Posp\u00ed\u0161il 1956 &#8211; 1975 Ladislav Urbansk\u00fd 1975 &#8211; 1989 RNDr. Vincent Novick\u00fd 1989 &#8211; 2000 RNDr. O\u013ega Kr\u00e1lov\u00e1 2000 &#8211; 2010 PharmDr. Jan Macek, CSc. 2010 &#8211; 2020 PhDr. Viera Rusinkov\u00e1 2020 &#8211; 2023 Mgr. Eva &hellip;<br \/><a href=\"https:\/\/moyzeska.sk\/index.php\/riaditelia-skoly\/\" class=\"more-link pen_button pen_element_default pen_icon_arrow_double\">Zobrazi\u0165<\/a><\/p>\n","protected":false},"author":1,"featured_media":0,"parent":0,"menu_order":0,"comment_status":"closed","ping_status":"closed","template":"","meta":{"_monsterinsights_skip_tracking":false,"_monsterinsights_sitenote_active":false,"_monsterinsights_sitenote_note":"","_monsterinsights_sitenote_category":0},"yoast_head":"<!-- This site is optimized with the Yoast SEO plugin v21.8.1 - https:\/\/yoast.com\/wordpress\/plugins\/seo\/ -->\n<title>Riaditelia \u0161koly - Stredn\u00e1 zdravotn\u00edcka \u0161kola, Moyzesova 17, Ko\u0161ice<\/title>\n<meta name=\"robots\" content=\"index, follow, max-snippet:-1, max-image-preview:large, max-video-preview:-1\" \/>\n<link rel=\"canonical\" href=\"https:\/\/moyzeska.sk\/index.php\/riaditelia-skoly\/\" \/>\n<meta property=\"og:locale\" content=\"sk_SK\" \/>\n<meta property=\"og:type\" content=\"article\" \/>\n<meta property=\"og:title\" content=\"Riaditelia \u0161koly - Stredn\u00e1 zdravotn\u00edcka \u0161kola, Moyzesova 17, Ko\u0161ice\" \/>\n<meta property=\"og:description\" content=\"Funk\u010dn\u00e9 obdobie Riadite\u013e\/ka \u0161koly 1949 &#8211; 1953 Darina Harmanov\u00e1 1953 &#8211; 1954 Ernest Cibu\u013ea 1954 &#8211; 1956 MUDr. Milan Posp\u00ed\u0161il 1956 &#8211; 1975 Ladislav Urbansk\u00fd 1975 &#8211; 1989 RNDr. Vincent Novick\u00fd 1989 &#8211; 2000 RNDr. O\u013ega Kr\u00e1lov\u00e1 2000 &#8211; 2010 PharmDr. Jan Macek, CSc. 2010 &#8211; 2020 PhDr. Viera Rusinkov\u00e1 2020 &#8211; 2023 Mgr. Eva &hellip;Zobrazi\u0165\" \/>\n<meta property=\"og:url\" content=\"https:\/\/moyzeska.sk\/index.php\/riaditelia-skoly\/\" \/>\n<meta property=\"og:site_name\" content=\"Stredn\u00e1 zdravotn\u00edcka \u0161kola, Moyzesova 17, Ko\u0161ice\" \/>\n<meta property=\"article:publisher\" content=\"https:\/\/www.facebook.com\/Moyzeska\" \/>\n<meta property=\"article:modified_time\" content=\"2024-02-01T06:27:07+00:00\" \/>\n<meta name=\"twitter:card\" content=\"summary_large_image\" \/>\n<meta name=\"twitter:label1\" content=\"Predpokladan\u00fd \u010das \u010d\u00edtania\" \/>\n\t<meta name=\"twitter:data1\" content=\"1 min\u00fata\" \/>\n<script type=\"application\/ld+json\" class=\"yoast-schema-graph\">{\"@context\":\"https:\/\/schema.org\",\"@graph\":[{\"@type\":\"WebPage\",\"@id\":\"https:\/\/moyzeska.sk\/index.php\/riaditelia-skoly\/\",\"url\":\"https:\/\/moyzeska.sk\/index.php\/riaditelia-skoly\/\",\"name\":\"Riaditelia \u0161koly - Stredn\u00e1 zdravotn\u00edcka \u0161kola, Moyzesova 17, Ko\u0161ice\",\"isPartOf\":{\"@id\":\"https:\/\/moyzeska.sk\/#website\"},\"datePublished\":\"2020-09-29T08:10:41+00:00\",\"dateModified\":\"2024-02-01T06:27:07+00:00\",\"breadcrumb\":{\"@id\":\"https:\/\/moyzeska.sk\/index.php\/riaditelia-skoly\/#breadcrumb\"},\"inLanguage\":\"sk-SK\",\"potentialAction\":[{\"@type\":\"ReadAction\",\"target\":[\"https:\/\/moyzeska.sk\/index.php\/riaditelia-skoly\/\"]}]},{\"@type\":\"BreadcrumbList\",\"@id\":\"https:\/\/moyzeska.sk\/index.php\/riaditelia-skoly\/#breadcrumb\",\"itemListElement\":[{\"@type\":\"ListItem\",\"position\":1,\"name\":\"Home\",\"item\":\"https:\/\/moyzeska.sk\/\"},{\"@type\":\"ListItem\",\"position\":2,\"name\":\"Riaditelia \u0161koly\"}]},{\"@type\":\"WebSite\",\"@id\":\"https:\/\/moyzeska.sk\/#website\",\"url\":\"https:\/\/moyzeska.sk\/\",\"name\":\"Stredn\u00e1 zdravotn\u00edcka \u0161kola, Moyzesova 17, Ko\u0161ice\",\"description\":\"\",\"publisher\":{\"@id\":\"https:\/\/moyzeska.sk\/#organization\"},\"potentialAction\":[{\"@type\":\"SearchAction\",\"target\":{\"@type\":\"EntryPoint\",\"urlTemplate\":\"https:\/\/moyzeska.sk\/?s={search_term_string}\"},\"query-input\":\"required name=search_term_string\"}],\"inLanguage\":\"sk-SK\"},{\"@type\":\"Organization\",\"@id\":\"https:\/\/moyzeska.sk\/#organization\",\"name\":\"Stredn\u00e1 zdravotn\u00edcka \u0161kola, Moyzesova 17, Ko\u0161ice\",\"url\":\"https:\/\/moyzeska.sk\/\",\"logo\":{\"@type\":\"ImageObject\",\"inLanguage\":\"sk-SK\",\"@id\":\"https:\/\/moyzeska.sk\/#\/schema\/logo\/image\/\",\"url\":\"https:\/\/moyzeska.sk\/wp-content\/uploads\/2020\/09\/SZS-logo.png\",\"contentUrl\":\"https:\/\/moyzeska.sk\/wp-content\/uploads\/2020\/09\/SZS-logo.png\",\"width\":300,\"height\":300,\"caption\":\"Stredn\u00e1 zdravotn\u00edcka \u0161kola, Moyzesova 17, Ko\u0161ice\"},\"image\":{\"@id\":\"https:\/\/moyzeska.sk\/#\/schema\/logo\/image\/\"},\"sameAs\":[\"https:\/\/www.facebook.com\/Moyzeska\",\"https:\/\/www.instagram.com\/moyzeska\/\"]}]}<\/script>\n<!-- \/ Yoast SEO plugin. -->","yoast_head_json":{"title":"Riaditelia \u0161koly - Stredn\u00e1 zdravotn\u00edcka \u0161kola, Moyzesova 17, Ko\u0161ice","robots":{"index":"index","follow":"follow","max-snippet":"max-snippet:-1","max-image-preview":"max-image-preview:large","max-video-preview":"max-video-preview:-1"},"canonical":"https:\/\/moyzeska.sk\/index.php\/riaditelia-skoly\/","og_locale":"sk_SK","og_type":"article","og_title":"Riaditelia \u0161koly - Stredn\u00e1 zdravotn\u00edcka \u0161kola, Moyzesova 17, Ko\u0161ice","og_description":"Funk\u010dn\u00e9 obdobie Riadite\u013e\/ka \u0161koly 1949 &#8211; 1953 Darina Harmanov\u00e1 1953 &#8211; 1954 Ernest Cibu\u013ea 1954 &#8211; 1956 MUDr. Milan Posp\u00ed\u0161il 1956 &#8211; 1975 Ladislav Urbansk\u00fd 1975 &#8211; 1989 RNDr. Vincent Novick\u00fd 1989 &#8211; 2000 RNDr. O\u013ega Kr\u00e1lov\u00e1 2000 &#8211; 2010 PharmDr. Jan Macek, CSc. 2010 &#8211; 2020 PhDr. Viera Rusinkov\u00e1 2020 &#8211; 2023 Mgr. Eva &hellip;Zobrazi\u0165","og_url":"https:\/\/moyzeska.sk\/index.php\/riaditelia-skoly\/","og_site_name":"Stredn\u00e1 zdravotn\u00edcka \u0161kola, Moyzesova 17, Ko\u0161ice","article_publisher":"https:\/\/www.facebook.com\/Moyzeska","article_modified_time":"2024-02-01T06:27:07+00:00","twitter_card":"summary_large_image","twitter_misc":{"Predpokladan\u00fd \u010das \u010d\u00edtania":"1 min\u00fata"},"schema":{"@context":"https:\/\/schema.org","@graph":[{"@type":"WebPage","@id":"https:\/\/moyzeska.sk\/index.php\/riaditelia-skoly\/","url":"https:\/\/moyzeska.sk\/index.php\/riaditelia-skoly\/","name":"Riaditelia \u0161koly - Stredn\u00e1 zdravotn\u00edcka \u0161kola, Moyzesova 17, Ko\u0161ice","isPartOf":{"@id":"https:\/\/moyzeska.sk\/#website"},"datePublished":"2020-09-29T08:10:41+00:00","dateModified":"2024-02-01T06:27:07+00:00","breadcrumb":{"@id":"https:\/\/moyzeska.sk\/index.php\/riaditelia-skoly\/#breadcrumb"},"inLanguage":"sk-SK","potentialAction":[{"@type":"ReadAction","target":["https:\/\/moyzeska.sk\/index.php\/riaditelia-skoly\/"]}]},{"@type":"BreadcrumbList","@id":"https:\/\/moyzeska.sk\/index.php\/riaditelia-skoly\/#breadcrumb","itemListElement":[{"@type":"ListItem","position":1,"name":"Home","item":"https:\/\/moyzeska.sk\/"},{"@type":"ListItem","position":2,"name":"Riaditelia \u0161koly"}]},{"@type":"WebSite","@id":"https:\/\/moyzeska.sk\/#website","url":"https:\/\/moyzeska.sk\/","name":"Stredn\u00e1 zdravotn\u00edcka \u0161kola, Moyzesova 17, Ko\u0161ice","description":"","publisher":{"@id":"https:\/\/moyzeska.sk\/#organization"},"potentialAction":[{"@type":"SearchAction","target":{"@type":"EntryPoint","urlTemplate":"https:\/\/moyzeska.sk\/?s={search_term_string}"},"query-input":"required name=search_term_string"}],"inLanguage":"sk-SK"},{"@type":"Organization","@id":"https:\/\/moyzeska.sk\/#organization","name":"Stredn\u00e1 zdravotn\u00edcka \u0161kola, Moyzesova 17, Ko\u0161ice","url":"https:\/\/moyzeska.sk\/","logo":{"@type":"ImageObject","inLanguage":"sk-SK","@id":"https:\/\/moyzeska.sk\/#\/schema\/logo\/image\/","url":"https:\/\/moyzeska.sk\/wp-content\/uploads\/2020\/09\/SZS-logo.png","contentUrl":"https:\/\/moyzeska.sk\/wp-content\/uploads\/2020\/09\/SZS-logo.png","width":300,"height":300,"caption":"Stredn\u00e1 zdravotn\u00edcka \u0161kola, Moyzesova 17, Ko\u0161ice"},"image":{"@id":"https:\/\/moyzeska.sk\/#\/schema\/logo\/image\/"},"sameAs":["https:\/\/www.facebook.com\/Moyzeska","https:\/\/www.instagram.com\/moyzeska\/"]}]}},"_links":{"self":[{"href":"https:\/\/moyzeska.sk\/index.php\/wp-json\/wp\/v2\/pages\/105"}],"collection":[{"href":"https:\/\/moyzeska.sk\/index.php\/wp-json\/wp\/v2\/pages"}],"about":[{"href":"https:\/\/moyzeska.sk\/index.php\/wp-json\/wp\/v2\/types\/page"}],"author":[{"embeddable":true,"href":"https:\/\/moyzeska.sk\/index.php\/wp-json\/wp\/v2\/users\/1"}],"replies":[{"embeddable":true,"href":"https:\/\/moyzeska.sk\/index.php\/wp-json\/wp\/v2\/comments?post=105"}],"version-history":[{"count":5,"href":"https:\/\/moyzeska.sk\/index.php\/wp-json\/wp\/v2\/pages\/105\/revisions"}],"predecessor-version":[{"id":5365,"href":"https:\/\/moyzeska.sk\/index.php\/wp-json\/wp\/v2\/pages\/105\/revisions\/5365"}],"wp:attachment":[{"href":"https:\/\/moyzeska.sk\/index.php\/wp-json\/wp\/v2\/media?parent=105"}],"curies":[{"name":"wp","href":"https:\/\/api.w.org\/{rel}","templated":true}]}}