{"id":101,"date":"2020-09-29T10:10:41","date_gmt":"2020-09-29T08:10:41","guid":{"rendered":"http:\/\/moyzeska.sk\/?page_id=101"},"modified":"2026-04-21T12:15:57","modified_gmt":"2026-04-21T10:15:57","slug":"rada-skoly","status":"publish","type":"page","link":"https:\/\/moyzeska.sk\/index.php\/rada-skoly\/","title":{"rendered":"\u010clenovia Rady \u0161koly pri SZ\u0160 Moyzesova 17, Ko\u0161ice"},"content":{"rendered":"\n<figure class=\"wp-block-table aligncenter\"><table><thead><tr><th>Zoznam \u010dlenov<\/th><\/tr><\/thead><tbody><tr><td>Mgr. Lenka B\u00e1lintov\u00e1, MBA &#8211;<em><em> predsedn\u00ed\u010dka Rady \u0161koly<\/em><\/em><\/td><\/tr><tr><td>RNDr. Vikt\u00f3ria Stup\u00e1kov\u00e1, PhD. \u2013 <em><em><em>podpredsedn\u00ed\u010dka Rady \u0161<\/em><\/em>koly<\/em><\/td><\/tr><tr><td>Ing. Em\u00edlia Ba\u010dov\u00e1 \u2013 <em>z\u00e1stupca nepedagogick\u00fdch zamestnancov<\/em><\/td><\/tr><tr><td>Ing. J\u00e1n Mi\u017eenko \u2013 <em>z\u00e1stupca rodi\u010dov<\/em><\/td><\/tr><tr><td>Ing. Monika Petr\u00edkov\u00e1 <em>\u2013 z\u00e1stupca rodi\u010dov<\/em><\/td><\/tr><tr><td>Mgr. J\u00falia Trud\u0148\u00e1kov\u00e1 &#8211; <em>z\u00e1stupca rodi\u010dov<\/em><\/td><\/tr><tr><td>Iveta Adam\u010d\u00edkov\u00e1<strong> <\/strong>\u2013 <em>delegovan\u00fd \u010dlen Rady \u0161koly<\/em><\/td><\/tr><tr><td>Bc. Jana Baltovi\u010dov\u00e1 &#8211; <em>delegovan\u00fd \u010dlen Rady \u0161koly<\/em><\/td><\/tr><tr><td>JUDr. Ivana Puchallov\u00e1, PhD. \u2013 <em>delegovan\u00fd \u010dlen Rady \u0161koly<\/em><\/td><\/tr><tr><td>Mgr. Ter\u00e9zia \u0160tevove \u2013 <em>delegovan\u00fd \u010dlen Rady \u0161koly<\/em><\/td><\/tr><tr><td>\u0160tefan Pet\u00edk \u2013 <em>z\u00e1stupca \u017eiakov<\/em><\/td><\/tr><\/tbody><\/table><\/figure>\n\n\n\n<p><\/p>\n","protected":false},"excerpt":{"rendered":"<p>Zoznam \u010dlenov Mgr. Lenka B\u00e1lintov\u00e1, MBA &#8211; predsedn\u00ed\u010dka Rady \u0161koly RNDr. Vikt\u00f3ria Stup\u00e1kov\u00e1, PhD. \u2013 podpredsedn\u00ed\u010dka Rady \u0161koly Ing. Em\u00edlia Ba\u010dov\u00e1 \u2013 z\u00e1stupca nepedagogick\u00fdch zamestnancov Ing. J\u00e1n Mi\u017eenko \u2013 z\u00e1stupca rodi\u010dov Ing. Monika Petr\u00edkov\u00e1 \u2013 z\u00e1stupca rodi\u010dov Mgr. J\u00falia Trud\u0148\u00e1kov\u00e1 &#8211; z\u00e1stupca rodi\u010dov Iveta Adam\u010d\u00edkov\u00e1 \u2013 delegovan\u00fd \u010dlen Rady \u0161koly Bc. Jana Baltovi\u010dov\u00e1 &#8211; delegovan\u00fd &hellip;<br \/><a href=\"https:\/\/moyzeska.sk\/index.php\/rada-skoly\/\" class=\"more-link pen_button pen_element_default pen_icon_arrow_double\">Zobrazi\u0165<\/a><\/p>\n","protected":false},"author":1,"featured_media":0,"parent":0,"menu_order":0,"comment_status":"closed","ping_status":"closed","template":"","meta":{"_monsterinsights_skip_tracking":false,"_monsterinsights_sitenote_active":false,"_monsterinsights_sitenote_note":"","_monsterinsights_sitenote_category":0},"yoast_head":"<!-- This site is optimized with the Yoast SEO plugin v21.8.1 - https:\/\/yoast.com\/wordpress\/plugins\/seo\/ -->\n<title>\u010clenovia Rady \u0161koly pri SZ\u0160 Moyzesova 17, Ko\u0161ice - Stredn\u00e1 zdravotn\u00edcka \u0161kola, Moyzesova 17, Ko\u0161ice<\/title>\n<meta name=\"robots\" content=\"index, follow, max-snippet:-1, max-image-preview:large, max-video-preview:-1\" \/>\n<link rel=\"canonical\" href=\"https:\/\/moyzeska.sk\/index.php\/rada-skoly\/\" \/>\n<meta property=\"og:locale\" content=\"sk_SK\" \/>\n<meta property=\"og:type\" content=\"article\" \/>\n<meta property=\"og:title\" content=\"\u010clenovia Rady \u0161koly pri SZ\u0160 Moyzesova 17, Ko\u0161ice - Stredn\u00e1 zdravotn\u00edcka \u0161kola, Moyzesova 17, Ko\u0161ice\" \/>\n<meta property=\"og:description\" content=\"Zoznam \u010dlenov Mgr. Lenka B\u00e1lintov\u00e1, MBA &#8211; predsedn\u00ed\u010dka Rady \u0161koly RNDr. Vikt\u00f3ria Stup\u00e1kov\u00e1, PhD. \u2013 podpredsedn\u00ed\u010dka Rady \u0161koly Ing. Em\u00edlia Ba\u010dov\u00e1 \u2013 z\u00e1stupca nepedagogick\u00fdch zamestnancov Ing. J\u00e1n Mi\u017eenko \u2013 z\u00e1stupca rodi\u010dov Ing. Monika Petr\u00edkov\u00e1 \u2013 z\u00e1stupca rodi\u010dov Mgr. J\u00falia Trud\u0148\u00e1kov\u00e1 &#8211; z\u00e1stupca rodi\u010dov Iveta Adam\u010d\u00edkov\u00e1 \u2013 delegovan\u00fd \u010dlen Rady \u0161koly Bc. Jana Baltovi\u010dov\u00e1 &#8211; delegovan\u00fd &hellip;Zobrazi\u0165\" \/>\n<meta property=\"og:url\" content=\"https:\/\/moyzeska.sk\/index.php\/rada-skoly\/\" \/>\n<meta property=\"og:site_name\" content=\"Stredn\u00e1 zdravotn\u00edcka \u0161kola, Moyzesova 17, Ko\u0161ice\" \/>\n<meta property=\"article:publisher\" content=\"https:\/\/www.facebook.com\/Moyzeska\" \/>\n<meta property=\"article:modified_time\" content=\"2026-04-21T10:15:57+00:00\" \/>\n<meta name=\"twitter:card\" content=\"summary_large_image\" \/>\n<meta name=\"twitter:label1\" content=\"Predpokladan\u00fd \u010das \u010d\u00edtania\" \/>\n\t<meta name=\"twitter:data1\" content=\"1 min\u00fata\" \/>\n<script type=\"application\/ld+json\" class=\"yoast-schema-graph\">{\"@context\":\"https:\/\/schema.org\",\"@graph\":[{\"@type\":\"WebPage\",\"@id\":\"https:\/\/moyzeska.sk\/index.php\/rada-skoly\/\",\"url\":\"https:\/\/moyzeska.sk\/index.php\/rada-skoly\/\",\"name\":\"\u010clenovia Rady \u0161koly pri SZ\u0160 Moyzesova 17, Ko\u0161ice - Stredn\u00e1 zdravotn\u00edcka \u0161kola, Moyzesova 17, Ko\u0161ice\",\"isPartOf\":{\"@id\":\"https:\/\/moyzeska.sk\/#website\"},\"datePublished\":\"2020-09-29T08:10:41+00:00\",\"dateModified\":\"2026-04-21T10:15:57+00:00\",\"breadcrumb\":{\"@id\":\"https:\/\/moyzeska.sk\/index.php\/rada-skoly\/#breadcrumb\"},\"inLanguage\":\"sk-SK\",\"potentialAction\":[{\"@type\":\"ReadAction\",\"target\":[\"https:\/\/moyzeska.sk\/index.php\/rada-skoly\/\"]}]},{\"@type\":\"BreadcrumbList\",\"@id\":\"https:\/\/moyzeska.sk\/index.php\/rada-skoly\/#breadcrumb\",\"itemListElement\":[{\"@type\":\"ListItem\",\"position\":1,\"name\":\"Home\",\"item\":\"https:\/\/moyzeska.sk\/\"},{\"@type\":\"ListItem\",\"position\":2,\"name\":\"\u010clenovia Rady \u0161koly pri SZ\u0160 Moyzesova 17, Ko\u0161ice\"}]},{\"@type\":\"WebSite\",\"@id\":\"https:\/\/moyzeska.sk\/#website\",\"url\":\"https:\/\/moyzeska.sk\/\",\"name\":\"Stredn\u00e1 zdravotn\u00edcka \u0161kola, Moyzesova 17, Ko\u0161ice\",\"description\":\"\",\"publisher\":{\"@id\":\"https:\/\/moyzeska.sk\/#organization\"},\"potentialAction\":[{\"@type\":\"SearchAction\",\"target\":{\"@type\":\"EntryPoint\",\"urlTemplate\":\"https:\/\/moyzeska.sk\/?s={search_term_string}\"},\"query-input\":\"required name=search_term_string\"}],\"inLanguage\":\"sk-SK\"},{\"@type\":\"Organization\",\"@id\":\"https:\/\/moyzeska.sk\/#organization\",\"name\":\"Stredn\u00e1 zdravotn\u00edcka \u0161kola, Moyzesova 17, Ko\u0161ice\",\"url\":\"https:\/\/moyzeska.sk\/\",\"logo\":{\"@type\":\"ImageObject\",\"inLanguage\":\"sk-SK\",\"@id\":\"https:\/\/moyzeska.sk\/#\/schema\/logo\/image\/\",\"url\":\"https:\/\/moyzeska.sk\/wp-content\/uploads\/2020\/09\/SZS-logo.png\",\"contentUrl\":\"https:\/\/moyzeska.sk\/wp-content\/uploads\/2020\/09\/SZS-logo.png\",\"width\":300,\"height\":300,\"caption\":\"Stredn\u00e1 zdravotn\u00edcka \u0161kola, Moyzesova 17, Ko\u0161ice\"},\"image\":{\"@id\":\"https:\/\/moyzeska.sk\/#\/schema\/logo\/image\/\"},\"sameAs\":[\"https:\/\/www.facebook.com\/Moyzeska\",\"https:\/\/www.instagram.com\/moyzeska\/\"]}]}<\/script>\n<!-- \/ Yoast SEO plugin. -->","yoast_head_json":{"title":"\u010clenovia Rady \u0161koly pri SZ\u0160 Moyzesova 17, Ko\u0161ice - Stredn\u00e1 zdravotn\u00edcka \u0161kola, Moyzesova 17, Ko\u0161ice","robots":{"index":"index","follow":"follow","max-snippet":"max-snippet:-1","max-image-preview":"max-image-preview:large","max-video-preview":"max-video-preview:-1"},"canonical":"https:\/\/moyzeska.sk\/index.php\/rada-skoly\/","og_locale":"sk_SK","og_type":"article","og_title":"\u010clenovia Rady \u0161koly pri SZ\u0160 Moyzesova 17, Ko\u0161ice - Stredn\u00e1 zdravotn\u00edcka \u0161kola, Moyzesova 17, Ko\u0161ice","og_description":"Zoznam \u010dlenov Mgr. Lenka B\u00e1lintov\u00e1, MBA &#8211; predsedn\u00ed\u010dka Rady \u0161koly RNDr. Vikt\u00f3ria Stup\u00e1kov\u00e1, PhD. \u2013 podpredsedn\u00ed\u010dka Rady \u0161koly Ing. Em\u00edlia Ba\u010dov\u00e1 \u2013 z\u00e1stupca nepedagogick\u00fdch zamestnancov Ing. J\u00e1n Mi\u017eenko \u2013 z\u00e1stupca rodi\u010dov Ing. Monika Petr\u00edkov\u00e1 \u2013 z\u00e1stupca rodi\u010dov Mgr. J\u00falia Trud\u0148\u00e1kov\u00e1 &#8211; z\u00e1stupca rodi\u010dov Iveta Adam\u010d\u00edkov\u00e1 \u2013 delegovan\u00fd \u010dlen Rady \u0161koly Bc. Jana Baltovi\u010dov\u00e1 &#8211; delegovan\u00fd &hellip;Zobrazi\u0165","og_url":"https:\/\/moyzeska.sk\/index.php\/rada-skoly\/","og_site_name":"Stredn\u00e1 zdravotn\u00edcka \u0161kola, Moyzesova 17, Ko\u0161ice","article_publisher":"https:\/\/www.facebook.com\/Moyzeska","article_modified_time":"2026-04-21T10:15:57+00:00","twitter_card":"summary_large_image","twitter_misc":{"Predpokladan\u00fd \u010das \u010d\u00edtania":"1 min\u00fata"},"schema":{"@context":"https:\/\/schema.org","@graph":[{"@type":"WebPage","@id":"https:\/\/moyzeska.sk\/index.php\/rada-skoly\/","url":"https:\/\/moyzeska.sk\/index.php\/rada-skoly\/","name":"\u010clenovia Rady \u0161koly pri SZ\u0160 Moyzesova 17, Ko\u0161ice - Stredn\u00e1 zdravotn\u00edcka \u0161kola, Moyzesova 17, Ko\u0161ice","isPartOf":{"@id":"https:\/\/moyzeska.sk\/#website"},"datePublished":"2020-09-29T08:10:41+00:00","dateModified":"2026-04-21T10:15:57+00:00","breadcrumb":{"@id":"https:\/\/moyzeska.sk\/index.php\/rada-skoly\/#breadcrumb"},"inLanguage":"sk-SK","potentialAction":[{"@type":"ReadAction","target":["https:\/\/moyzeska.sk\/index.php\/rada-skoly\/"]}]},{"@type":"BreadcrumbList","@id":"https:\/\/moyzeska.sk\/index.php\/rada-skoly\/#breadcrumb","itemListElement":[{"@type":"ListItem","position":1,"name":"Home","item":"https:\/\/moyzeska.sk\/"},{"@type":"ListItem","position":2,"name":"\u010clenovia Rady \u0161koly pri SZ\u0160 Moyzesova 17, Ko\u0161ice"}]},{"@type":"WebSite","@id":"https:\/\/moyzeska.sk\/#website","url":"https:\/\/moyzeska.sk\/","name":"Stredn\u00e1 zdravotn\u00edcka \u0161kola, Moyzesova 17, Ko\u0161ice","description":"","publisher":{"@id":"https:\/\/moyzeska.sk\/#organization"},"potentialAction":[{"@type":"SearchAction","target":{"@type":"EntryPoint","urlTemplate":"https:\/\/moyzeska.sk\/?s={search_term_string}"},"query-input":"required name=search_term_string"}],"inLanguage":"sk-SK"},{"@type":"Organization","@id":"https:\/\/moyzeska.sk\/#organization","name":"Stredn\u00e1 zdravotn\u00edcka \u0161kola, Moyzesova 17, Ko\u0161ice","url":"https:\/\/moyzeska.sk\/","logo":{"@type":"ImageObject","inLanguage":"sk-SK","@id":"https:\/\/moyzeska.sk\/#\/schema\/logo\/image\/","url":"https:\/\/moyzeska.sk\/wp-content\/uploads\/2020\/09\/SZS-logo.png","contentUrl":"https:\/\/moyzeska.sk\/wp-content\/uploads\/2020\/09\/SZS-logo.png","width":300,"height":300,"caption":"Stredn\u00e1 zdravotn\u00edcka \u0161kola, Moyzesova 17, Ko\u0161ice"},"image":{"@id":"https:\/\/moyzeska.sk\/#\/schema\/logo\/image\/"},"sameAs":["https:\/\/www.facebook.com\/Moyzeska","https:\/\/www.instagram.com\/moyzeska\/"]}]}},"_links":{"self":[{"href":"https:\/\/moyzeska.sk\/index.php\/wp-json\/wp\/v2\/pages\/101"}],"collection":[{"href":"https:\/\/moyzeska.sk\/index.php\/wp-json\/wp\/v2\/pages"}],"about":[{"href":"https:\/\/moyzeska.sk\/index.php\/wp-json\/wp\/v2\/types\/page"}],"author":[{"embeddable":true,"href":"https:\/\/moyzeska.sk\/index.php\/wp-json\/wp\/v2\/users\/1"}],"replies":[{"embeddable":true,"href":"https:\/\/moyzeska.sk\/index.php\/wp-json\/wp\/v2\/comments?post=101"}],"version-history":[{"count":6,"href":"https:\/\/moyzeska.sk\/index.php\/wp-json\/wp\/v2\/pages\/101\/revisions"}],"predecessor-version":[{"id":9153,"href":"https:\/\/moyzeska.sk\/index.php\/wp-json\/wp\/v2\/pages\/101\/revisions\/9153"}],"wp:attachment":[{"href":"https:\/\/moyzeska.sk\/index.php\/wp-json\/wp\/v2\/media?parent=101"}],"curies":[{"name":"wp","href":"https:\/\/api.w.org\/{rel}","templated":true}]}}